{"id":12607,"date":"2020-07-17T12:08:16","date_gmt":"2020-07-17T09:08:16","guid":{"rendered":"https:\/\/xstyle.md\/product\/tent-rab-group-shelter-8-10-person"},"modified":"2024-10-02T21:39:57","modified_gmt":"2024-10-02T18:39:57","slug":"tent-rab-group-shelter-8-10-person","status":"publish","type":"product","link":"https:\/\/xstyle.md\/ro\/produs\/tent-rab-group-shelter-8-10-person\/","title":{"rendered":"Refugiu Rab Group Shelter 8-10 person"},"content":{"rendered":"<\/p>\n<p><strong>Refugiu Rab Group Shelter 8-10 person\u00a0<\/strong>conceput pentru a fi folosit ca un ad\u0103post temporar de urgen\u021b\u0103 \u00een timpul unei furtuni \u0219i pentru opriri planificate \u00een condi\u021bii meteo nefavorabile pentru 8-10 persoane.<\/p>\n<p><strong>Caracteristici:<\/strong><\/p>\n<ul>\n<li>Este fabricat din nylon ripstop rezistent, care protejeaz\u0103 perfect \u00eempotriva v\u00e2ntului \u0219i a umezelii, oferind protec\u021bie fiabil\u0103 \u00een condi\u021bii meteorologice nefavorabile. Rolul carcasei de sus\u021binere este realizat de c\u0103tre c\u0103l\u0103torii \u00een\u0219i\u0219i, a\u0219eza\u021bi \u00een col\u021burile ad\u0103postului. De asemenea, \u00een acest scop pute\u021bi folosi rucsacuri mari.<\/li>\n<li>Material rezistent la v\u00e2nt \u0219i impermeabil.<\/li>\n<li>G\u0103uri de ventila\u021bie cu diametrul de deschidere reglabil<\/li>\n<li>Este asigurat schimbul de aer confortabil \u00een timpul unei vremii nefavorabile sau a unei opriri planificate<\/li>\n<li>Scaune \/ podea impermeabile \u00een col\u021buri de-a lungul perimetrului ad\u0103postului<\/li>\n<li>Culoarea portocalie spentru siguran\u021b\u0103 \u00een timpul opririi.<\/li>\n<li>Cus\u0103turile sigilate ofer\u0103 protec\u021bie fiabil\u0103 \u00eempotriva umidit\u0103\u021bii \u0219i a v\u00e2ntului.<\/li>\n<li>Elemente reflectorizante pentru siguran\u021b\u0103 \u00een \u00eentuneric.<\/li>\n<li>Pung\u0103 de ambalare pentru transport \u0219i depozitare \u00een kit.<\/li>\n<\/ul>\n<p><strong>Specifica\u021biile produsului:<\/strong><\/p>\n<ul>\n<li>Greutate: 880 g<\/li>\n<li>8-10 persoane<\/li>\n<\/ul>\n<p><strong>\u00a0<\/strong><\/p>\n<p><\/p>","protected":false},"excerpt":{"rendered":"<p>Refugiu Rab Group Shelter 8-10 person<\/p>","protected":false},"featured_media":12606,"comment_status":"open","ping_status":"closed","template":"","meta":{"_acf_changed":false,"inline_featured_image":false},"product_brand":[1442],"product_cat":[85],"product_tag":[],"class_list":{"0":"post-12607","1":"product","2":"type-product","3":"status-publish","4":"has-post-thumbnail","6":"product_brand-rab","7":"product_cat-tent","9":"first","10":"instock","11":"shipping-taxable","12":"purchasable","13":"product-type-simple"},"acf":[],"yoast_head":"<!-- This site is optimized with the Yoast SEO plugin v27.4 - https:\/\/yoast.com\/product\/yoast-seo-wordpress\/ -->\n<title>\u0422\u0435\u043d\u0442 Rab Group Shelter 8-10 person - \u041c\u0430\u0433\u0430\u0437\u0438\u043d Xstyle<\/title>\n<meta name=\"description\" content=\"\u041f\u0440\u0438\u043e\u0431\u0440\u0435\u0442\u0438\u0442\u0435 \u0442\u0435\u043d\u0442 Rab Group Shelter \u0434\u043b\u044f 8-10 \u0447\u0435\u043b\u043e\u0432\u0435\u043a: \u043d\u0430\u0434\u0435\u0436\u043d\u0430\u044f \u0437\u0430\u0449\u0438\u0442\u0430 \u043e\u0442 \u0434\u043e\u0436\u0434\u044f \u0438 \u0432\u0435\u0442\u0440\u0430, \u0438\u0434\u0435\u0430\u043b\u0435\u043d \u0434\u043b\u044f \u044d\u043a\u0441\u0442\u0440\u0435\u043d\u043d\u044b\u0445 \u0441\u0438\u0442\u0443\u0430\u0446\u0438\u0439 \u0438 \u0440\u0438\u0441\u043a\u043e\u0432\u0430\u043d\u043d\u044b\u0445 \u043f\u043e\u0445\u043e\u0434\u043e\u0432.\" \/>\n<meta name=\"robots\" content=\"index, follow, max-snippet:-1, max-image-preview:large, max-video-preview:-1\" \/>\n<link rel=\"canonical\" href=\"https:\/\/xstyle.md\/ro\/produs\/tent-rab-group-shelter-8-10-person\/\" \/>\n<meta property=\"og:locale\" content=\"ro_RO\" \/>\n<meta property=\"og:type\" content=\"article\" \/>\n<meta property=\"og:title\" content=\"\u0422\u0435\u043d\u0442 Rab Group Shelter 8-10 person - \u041c\u0430\u0433\u0430\u0437\u0438\u043d Xstyle\" \/>\n<meta property=\"og:description\" content=\"\u041f\u0440\u0438\u043e\u0431\u0440\u0435\u0442\u0438\u0442\u0435 \u0442\u0435\u043d\u0442 Rab Group Shelter \u0434\u043b\u044f 8-10 \u0447\u0435\u043b\u043e\u0432\u0435\u043a: \u043d\u0430\u0434\u0435\u0436\u043d\u0430\u044f \u0437\u0430\u0449\u0438\u0442\u0430 \u043e\u0442 \u0434\u043e\u0436\u0434\u044f \u0438 \u0432\u0435\u0442\u0440\u0430, \u0438\u0434\u0435\u0430\u043b\u0435\u043d \u0434\u043b\u044f \u044d\u043a\u0441\u0442\u0440\u0435\u043d\u043d\u044b\u0445 \u0441\u0438\u0442\u0443\u0430\u0446\u0438\u0439 \u0438 \u0440\u0438\u0441\u043a\u043e\u0432\u0430\u043d\u043d\u044b\u0445 \u043f\u043e\u0445\u043e\u0434\u043e\u0432.\" \/>\n<meta property=\"og:url\" content=\"https:\/\/xstyle.md\/ro\/produs\/tent-rab-group-shelter-8-10-person\/\" \/>\n<meta property=\"og:site_name\" content=\"\u041c\u0430\u0433\u0430\u0437\u0438\u043d Xstyle\" \/>\n<meta property=\"article:publisher\" content=\"https:\/\/www.facebook.com\/xstylemd\" \/>\n<meta property=\"article:modified_time\" content=\"2024-10-02T18:39:57+00:00\" \/>\n<meta property=\"og:image\" content=\"https:\/\/xstyle.md\/wp-content\/uploads\/2020\/07\/8-10_person_rab.jpg\" \/>\n\t<meta property=\"og:image:width\" content=\"500\" \/>\n\t<meta property=\"og:image:height\" content=\"387\" \/>\n\t<meta property=\"og:image:type\" content=\"image\/jpeg\" \/>\n<meta name=\"twitter:card\" content=\"summary_large_image\" \/>\n<meta name=\"twitter:label1\" content=\"Pre\u021b\" \/>\n\t<meta name=\"twitter:data1\" content=\"1.390&nbsp;MDL\" \/>\n\t<meta name=\"twitter:label2\" content=\"Disponibilitate\" \/>\n\t<meta name=\"twitter:data2\" content=\"\u00cen stoc\" \/>\n<script type=\"application\/ld+json\" class=\"yoast-schema-graph\">{\"@context\":\"https:\\\/\\\/schema.org\",\"@graph\":[{\"@type\":\"WebPage\",\"@id\":\"https:\\\/\\\/xstyle.md\\\/product\\\/tent-rab-group-shelter-8-10-person\\\/\",\"url\":\"https:\\\/\\\/xstyle.md\\\/product\\\/tent-rab-group-shelter-8-10-person\\\/\",\"name\":\"\u0422\u0435\u043d\u0442 Rab Group Shelter 8-10 person - \u041c\u0430\u0433\u0430\u0437\u0438\u043d Xstyle\",\"isPartOf\":{\"@id\":\"https:\\\/\\\/xstyle.md\\\/#website\"},\"primaryImageOfPage\":{\"@id\":\"https:\\\/\\\/xstyle.md\\\/product\\\/tent-rab-group-shelter-8-10-person\\\/#primaryimage\"},\"image\":{\"@id\":\"https:\\\/\\\/xstyle.md\\\/product\\\/tent-rab-group-shelter-8-10-person\\\/#primaryimage\"},\"thumbnailUrl\":\"https:\\\/\\\/xstyle.md\\\/wp-content\\\/uploads\\\/2020\\\/07\\\/8-10_person_rab.jpg\",\"datePublished\":\"2020-07-17T09:08:16+00:00\",\"dateModified\":\"2024-10-02T18:39:57+00:00\",\"description\":\"\u041f\u0440\u0438\u043e\u0431\u0440\u0435\u0442\u0438\u0442\u0435 \u0442\u0435\u043d\u0442 Rab Group Shelter \u0434\u043b\u044f 8-10 \u0447\u0435\u043b\u043e\u0432\u0435\u043a: \u043d\u0430\u0434\u0435\u0436\u043d\u0430\u044f \u0437\u0430\u0449\u0438\u0442\u0430 \u043e\u0442 \u0434\u043e\u0436\u0434\u044f \u0438 \u0432\u0435\u0442\u0440\u0430, \u0438\u0434\u0435\u0430\u043b\u0435\u043d \u0434\u043b\u044f \u044d\u043a\u0441\u0442\u0440\u0435\u043d\u043d\u044b\u0445 \u0441\u0438\u0442\u0443\u0430\u0446\u0438\u0439 \u0438 \u0440\u0438\u0441\u043a\u043e\u0432\u0430\u043d\u043d\u044b\u0445 \u043f\u043e\u0445\u043e\u0434\u043e\u0432.\",\"breadcrumb\":{\"@id\":\"https:\\\/\\\/xstyle.md\\\/product\\\/tent-rab-group-shelter-8-10-person\\\/#breadcrumb\"},\"inLanguage\":\"ro-RO\",\"potentialAction\":[{\"@type\":\"ReadAction\",\"target\":[\"https:\\\/\\\/xstyle.md\\\/product\\\/tent-rab-group-shelter-8-10-person\\\/\"]}]},{\"@type\":\"ImageObject\",\"inLanguage\":\"ro-RO\",\"@id\":\"https:\\\/\\\/xstyle.md\\\/product\\\/tent-rab-group-shelter-8-10-person\\\/#primaryimage\",\"url\":\"https:\\\/\\\/xstyle.md\\\/wp-content\\\/uploads\\\/2020\\\/07\\\/8-10_person_rab.jpg\",\"contentUrl\":\"https:\\\/\\\/xstyle.md\\\/wp-content\\\/uploads\\\/2020\\\/07\\\/8-10_person_rab.jpg\",\"width\":500,\"height\":387},{\"@type\":\"BreadcrumbList\",\"@id\":\"https:\\\/\\\/xstyle.md\\\/product\\\/tent-rab-group-shelter-8-10-person\\\/#breadcrumb\",\"itemListElement\":[{\"@type\":\"ListItem\",\"position\":1,\"name\":\"\u0413\u043b\u0430\u0432\u043d\u0430\u044f \u0441\u0442\u0440\u0430\u043d\u0438\u0446\u0430\",\"item\":\"https:\\\/\\\/xstyle.md\\\/\"},{\"@type\":\"ListItem\",\"position\":2,\"name\":\"\u041c\u0430\u0433\u0430\u0437\u0438\u043d\",\"item\":\"https:\\\/\\\/xstyle.md\\\/shop\\\/\"},{\"@type\":\"ListItem\",\"position\":3,\"name\":\"\u0422\u0435\u043d\u0442 Rab Group Shelter 8-10 person\"}]},{\"@type\":\"WebSite\",\"@id\":\"https:\\\/\\\/xstyle.md\\\/#website\",\"url\":\"https:\\\/\\\/xstyle.md\\\/\",\"name\":\"\u041c\u0430\u0433\u0430\u0437\u0438\u043d Xstyle\",\"description\":\"C\u043d\u0430\u0440\u044f\u0436\u0435\u043d\u0438\u0435 \u0434\u043b\u044f \u0442\u0443\u0440\u0438\u0437\u043c\u0430 \u0438 \u044d\u043a\u0441\u0442\u0440\u0435\u043c\u0430\u043b\u044c\u043d\u044b\u0445 \u0432\u0438\u0434\u043e\u0432 \u0441\u043f\u043e\u0440\u0442\u0430 \u0432 \u041c\u043e\u043b\u0434\u043e\u0432\u0435.. \u0426\u0435\u043d\u044b, \u0444\u043e\u0442\u043e, \u0445\u0430\u0440\u0430\u043a\u0442\u0435\u0440\u0438\u0441\u0442\u0438\u043a\u0438 \u0432 \u041c\u043e\u043b\u0434\u043e\u0432\u0435.\",\"publisher\":{\"@id\":\"https:\\\/\\\/xstyle.md\\\/#organization\"},\"alternateName\":\"X-Style\",\"potentialAction\":[{\"@type\":\"SearchAction\",\"target\":{\"@type\":\"EntryPoint\",\"urlTemplate\":\"https:\\\/\\\/xstyle.md\\\/?s={search_term_string}\"},\"query-input\":{\"@type\":\"PropertyValueSpecification\",\"valueRequired\":true,\"valueName\":\"search_term_string\"}}],\"inLanguage\":\"ro-RO\"},{\"@type\":\"Organization\",\"@id\":\"https:\\\/\\\/xstyle.md\\\/#organization\",\"name\":\"\u041c\u0430\u0433\u0430\u0437\u0438\u043d Xstyle\",\"alternateName\":\"x-style\",\"url\":\"https:\\\/\\\/xstyle.md\\\/\",\"logo\":{\"@type\":\"ImageObject\",\"inLanguage\":\"ro-RO\",\"@id\":\"https:\\\/\\\/xstyle.md\\\/#\\\/schema\\\/logo\\\/image\\\/\",\"url\":\"https:\\\/\\\/xstyle.md\\\/wp-content\\\/uploads\\\/2020\\\/06\\\/logoicon.svg\",\"contentUrl\":\"https:\\\/\\\/xstyle.md\\\/wp-content\\\/uploads\\\/2020\\\/06\\\/logoicon.svg\",\"caption\":\"\u041c\u0430\u0433\u0430\u0437\u0438\u043d Xstyle\"},\"image\":{\"@id\":\"https:\\\/\\\/xstyle.md\\\/#\\\/schema\\\/logo\\\/image\\\/\"},\"sameAs\":[\"https:\\\/\\\/www.facebook.com\\\/xstylemd\",\"https:\\\/\\\/www.instagram.com\\\/xstyle_md\\\/\",\"https:\\\/\\\/t.me\\\/xstyle_outdoor\"],\"hasMerchantReturnPolicy\":{\"@type\":\"MerchantReturnPolicy\",\"merchantReturnLink\":\"https:\\\/\\\/xstyle.md\\\/ro\\\/conditions\\\/\"}}]}<\/script>\n<meta property=\"product:price:amount\" content=\"1390.00\" \/>\n<meta property=\"product:price:currency\" content=\"MDL\" \/>\n<meta property=\"og:availability\" content=\"instock\" \/>\n<meta property=\"product:availability\" content=\"instock\" \/>\n<meta property=\"product:retailer_item_id\" content=\"821468628908\" \/>\n<meta property=\"product:condition\" content=\"new\" \/>\n<!-- \/ Yoast SEO plugin. -->","yoast_head_json":{"title":"Refugiu Rab Group Shelter 8-10 person - Magazin Xstyle","description":"Achizi\u021biona\u021bi cortul Rab Group Shelter pentru 8-10 persoane: protec\u021bie de \u00eencredere \u00eempotriva ploii \u0219i v\u00e2ntului, ideal pentru situa\u021bii de urgen\u021b\u0103 \u0219i excursii riscante.","robots":{"index":"index","follow":"follow","max-snippet":"max-snippet:-1","max-image-preview":"max-image-preview:large","max-video-preview":"max-video-preview:-1"},"canonical":"https:\/\/xstyle.md\/ro\/produs\/tent-rab-group-shelter-8-10-person\/","og_locale":"ro_RO","og_type":"article","og_title":"\u0422\u0435\u043d\u0442 Rab Group Shelter 8-10 person - \u041c\u0430\u0433\u0430\u0437\u0438\u043d Xstyle","og_description":"\u041f\u0440\u0438\u043e\u0431\u0440\u0435\u0442\u0438\u0442\u0435 \u0442\u0435\u043d\u0442 Rab Group Shelter \u0434\u043b\u044f 8-10 \u0447\u0435\u043b\u043e\u0432\u0435\u043a: \u043d\u0430\u0434\u0435\u0436\u043d\u0430\u044f \u0437\u0430\u0449\u0438\u0442\u0430 \u043e\u0442 \u0434\u043e\u0436\u0434\u044f \u0438 \u0432\u0435\u0442\u0440\u0430, \u0438\u0434\u0435\u0430\u043b\u0435\u043d \u0434\u043b\u044f \u044d\u043a\u0441\u0442\u0440\u0435\u043d\u043d\u044b\u0445 \u0441\u0438\u0442\u0443\u0430\u0446\u0438\u0439 \u0438 \u0440\u0438\u0441\u043a\u043e\u0432\u0430\u043d\u043d\u044b\u0445 \u043f\u043e\u0445\u043e\u0434\u043e\u0432.","og_url":"https:\/\/xstyle.md\/ro\/produs\/tent-rab-group-shelter-8-10-person\/","og_site_name":"\u041c\u0430\u0433\u0430\u0437\u0438\u043d Xstyle","article_publisher":"https:\/\/www.facebook.com\/xstylemd","article_modified_time":"2024-10-02T18:39:57+00:00","og_image":[{"width":500,"height":387,"url":"https:\/\/xstyle.md\/wp-content\/uploads\/2020\/07\/8-10_person_rab.jpg","type":"image\/jpeg"}],"twitter_card":"summary_large_image","twitter_misc":{"Pre\u021b":"1.390&nbsp;MDL","Disponibilitate":"\u00cen stoc"},"schema":{"@context":"https:\/\/schema.org","@graph":[{"@type":"WebPage","@id":"https:\/\/xstyle.md\/product\/tent-rab-group-shelter-8-10-person\/","url":"https:\/\/xstyle.md\/product\/tent-rab-group-shelter-8-10-person\/","name":"Refugiu Rab Group Shelter 8-10 person - Magazin Xstyle","isPartOf":{"@id":"https:\/\/xstyle.md\/#website"},"primaryImageOfPage":{"@id":"https:\/\/xstyle.md\/product\/tent-rab-group-shelter-8-10-person\/#primaryimage"},"image":{"@id":"https:\/\/xstyle.md\/product\/tent-rab-group-shelter-8-10-person\/#primaryimage"},"thumbnailUrl":"https:\/\/xstyle.md\/wp-content\/uploads\/2020\/07\/8-10_person_rab.jpg","datePublished":"2020-07-17T09:08:16+00:00","dateModified":"2024-10-02T18:39:57+00:00","description":"Achizi\u021biona\u021bi cortul Rab Group Shelter pentru 8-10 persoane: protec\u021bie de \u00eencredere \u00eempotriva ploii \u0219i v\u00e2ntului, ideal pentru situa\u021bii de urgen\u021b\u0103 \u0219i excursii riscante.","breadcrumb":{"@id":"https:\/\/xstyle.md\/product\/tent-rab-group-shelter-8-10-person\/#breadcrumb"},"inLanguage":"ro-RO","potentialAction":[{"@type":"ReadAction","target":["https:\/\/xstyle.md\/product\/tent-rab-group-shelter-8-10-person\/"]}]},{"@type":"ImageObject","inLanguage":"ro-RO","@id":"https:\/\/xstyle.md\/product\/tent-rab-group-shelter-8-10-person\/#primaryimage","url":"https:\/\/xstyle.md\/wp-content\/uploads\/2020\/07\/8-10_person_rab.jpg","contentUrl":"https:\/\/xstyle.md\/wp-content\/uploads\/2020\/07\/8-10_person_rab.jpg","width":500,"height":387},{"@type":"BreadcrumbList","@id":"https:\/\/xstyle.md\/product\/tent-rab-group-shelter-8-10-person\/#breadcrumb","itemListElement":[{"@type":"ListItem","position":1,"name":"\u0413\u043b\u0430\u0432\u043d\u0430\u044f \u0441\u0442\u0440\u0430\u043d\u0438\u0446\u0430","item":"https:\/\/xstyle.md\/"},{"@type":"ListItem","position":2,"name":"\u041c\u0430\u0433\u0430\u0437\u0438\u043d","item":"https:\/\/xstyle.md\/shop\/"},{"@type":"ListItem","position":3,"name":"\u0422\u0435\u043d\u0442 Rab Group Shelter 8-10 person"}]},{"@type":"WebSite","@id":"https:\/\/xstyle.md\/#website","url":"https:\/\/xstyle.md\/","name":"Magazinul X-Style","description":"Echipamente pentru turism \u0219i sporturi extreme \u00een Moldova. Pre\u021buri, fotografii, caracteristici \u00een Moldova.","publisher":{"@id":"https:\/\/xstyle.md\/#organization"},"alternateName":"X-Style","potentialAction":[{"@type":"SearchAction","target":{"@type":"EntryPoint","urlTemplate":"https:\/\/xstyle.md\/?s={search_term_string}"},"query-input":{"@type":"PropertyValueSpecification","valueRequired":true,"valueName":"search_term_string"}}],"inLanguage":"ro-RO"},{"@type":"Organization","@id":"https:\/\/xstyle.md\/#organization","name":"Magazinul X-Style","alternateName":"x-style","url":"https:\/\/xstyle.md\/","logo":{"@type":"ImageObject","inLanguage":"ro-RO","@id":"https:\/\/xstyle.md\/#\/schema\/logo\/image\/","url":"https:\/\/xstyle.md\/wp-content\/uploads\/2020\/06\/logoicon.svg","contentUrl":"https:\/\/xstyle.md\/wp-content\/uploads\/2020\/06\/logoicon.svg","caption":"\u041c\u0430\u0433\u0430\u0437\u0438\u043d Xstyle"},"image":{"@id":"https:\/\/xstyle.md\/#\/schema\/logo\/image\/"},"sameAs":["https:\/\/www.facebook.com\/xstylemd","https:\/\/www.instagram.com\/xstyle_md\/","https:\/\/t.me\/xstyle_outdoor"],"hasMerchantReturnPolicy":{"@type":"MerchantReturnPolicy","merchantReturnLink":"https:\/\/xstyle.md\/ro\/conditions\/"}}]},"product_price_amount":"1390.00","product_price_currency":"MDL","og_availability":"instock","product_availability":"instock","product_retailer_item_id":"821468628908","product_condition":"new"},"_links":{"self":[{"href":"https:\/\/xstyle.md\/ro\/wp-json\/wp\/v2\/product\/12607","targetHints":{"allow":["GET"]}}],"collection":[{"href":"https:\/\/xstyle.md\/ro\/wp-json\/wp\/v2\/product"}],"about":[{"href":"https:\/\/xstyle.md\/ro\/wp-json\/wp\/v2\/types\/product"}],"replies":[{"embeddable":true,"href":"https:\/\/xstyle.md\/ro\/wp-json\/wp\/v2\/comments?post=12607"}],"wp:featuredmedia":[{"embeddable":true,"href":"https:\/\/xstyle.md\/ro\/wp-json\/wp\/v2\/media\/12606"}],"wp:attachment":[{"href":"https:\/\/xstyle.md\/ro\/wp-json\/wp\/v2\/media?parent=12607"}],"wp:term":[{"taxonomy":"product_brand","embeddable":true,"href":"https:\/\/xstyle.md\/ro\/wp-json\/wp\/v2\/product_brand?post=12607"},{"taxonomy":"product_cat","embeddable":true,"href":"https:\/\/xstyle.md\/ro\/wp-json\/wp\/v2\/product_cat?post=12607"},{"taxonomy":"product_tag","embeddable":true,"href":"https:\/\/xstyle.md\/ro\/wp-json\/wp\/v2\/product_tag?post=12607"}],"curies":[{"name":"wp","href":"https:\/\/api.w.org\/{rel}","templated":true}]}}