{"id":12300,"date":"2020-07-17T11:58:02","date_gmt":"2020-07-17T08:58:02","guid":{"rendered":"https:\/\/xstyle.md\/product\/kartridzh-fil-tr-katadyn-combi-carbon"},"modified":"2025-10-24T12:43:55","modified_gmt":"2025-10-24T09:43:55","slug":"kartridzh-fil-tr-katadyn-combi-carbon","status":"publish","type":"product","link":"https:\/\/xstyle.md\/ro\/produs\/kartridzh-fil-tr-katadyn-combi-carbon\/","title":{"rendered":"Cartu\u0219-filtru Katadyn Combi Carbon"},"content":{"rendered":"<\/p>\n<p><strong>Cartu\u0219-filtru Katadyn Combi Carbon &#8212;\u00a0<\/strong>c\u0103rbune activ de \u00eenlocuit pentru filtrele Katadyn (dou\u0103 pachete).<\/p>\n<p><strong>Caracteristici:<\/strong><\/p>\n<ul>\n<li>Reduce concentra\u021bia substan\u021belor chimice \u00een ap\u0103 \u0219i \u00eembun\u0103t\u0103\u021be\u0219te gustul \u0219i mirosul.<\/li>\n<li>Se recomand\u0103 schimbarea c\u0103rbunelui la fiecare \u0219ase luni sau c\u00e2nd apa are un gust sau un miros nepl\u0103cut.<\/li>\n<li>Compatibil cu filtrele: Pocket, Vario, Adaptor Active Carbon Bottle Adapter<\/li>\n<\/ul>\n<p><\/p>","protected":false},"excerpt":{"rendered":"<p>Cartu\u0219-filtru Katadyn Combi Carbon<\/p>","protected":false},"featured_media":12299,"comment_status":"open","ping_status":"closed","template":"","meta":{"_acf_changed":false,"inline_featured_image":false},"product_brand":[1304],"product_cat":[860],"product_tag":[],"class_list":{"0":"post-12300","1":"product","2":"type-product","3":"status-publish","4":"has-post-thumbnail","6":"product_brand-katadyn","7":"product_cat-filtre-pentru-apa","9":"first","10":"instock","11":"shipping-taxable","12":"purchasable","13":"product-type-simple"},"acf":[],"yoast_head":"<!-- This site is optimized with the Yoast SEO plugin v27.2 - https:\/\/yoast.com\/product\/yoast-seo-wordpress\/ -->\n<title>\u041a\u0430\u0440\u0442\u0440\u0438\u0434\u0436-\u0444\u0438\u043b\u044c\u0442\u0440 Katadyn Combi Carbon - \u041c\u0430\u0433\u0430\u0437\u0438\u043d Xstyle<\/title>\n<meta name=\"description\" content=\"\u041a\u0430\u0440\u0442\u0440\u0438\u0434\u0436-\u0444\u0438\u043b\u044c\u0442\u0440 Katadyn Combi Carbon \u0443\u043b\u0443\u0447\u0448\u0430\u0435\u0442 \u0432\u043a\u0443\u0441 \u0432\u043e\u0434\u044b, \u0441\u043d\u0438\u0436\u0430\u0435\u0442 \u0445\u0438\u043c\u0438\u0447\u0435\u0441\u043a\u0438\u0435 \u0432\u0435\u0449\u0435\u0441\u0442\u0432\u0430. \u0421\u043e\u0432\u043c\u0435\u0441\u0442\u0438\u043c \u0441 Pocket Vario. \u041c\u0435\u043d\u044f\u0439\u0442\u0435 \u043a\u0430\u0436\u0434\u044b\u0435 6 \u043c\u0435\u0441\u044f\u0446\u0435\u0432!\" \/>\n<meta name=\"robots\" content=\"index, follow, max-snippet:-1, max-image-preview:large, max-video-preview:-1\" \/>\n<link rel=\"canonical\" href=\"https:\/\/xstyle.md\/ro\/produs\/kartridzh-fil-tr-katadyn-combi-carbon\/\" \/>\n<meta property=\"og:locale\" content=\"ro_RO\" \/>\n<meta property=\"og:type\" content=\"article\" \/>\n<meta property=\"og:title\" content=\"\u041a\u0430\u0440\u0442\u0440\u0438\u0434\u0436-\u0444\u0438\u043b\u044c\u0442\u0440 Katadyn Combi Carbon - \u041c\u0430\u0433\u0430\u0437\u0438\u043d Xstyle\" \/>\n<meta property=\"og:description\" content=\"\u041a\u0430\u0440\u0442\u0440\u0438\u0434\u0436-\u0444\u0438\u043b\u044c\u0442\u0440 Katadyn Combi Carbon \u0443\u043b\u0443\u0447\u0448\u0430\u0435\u0442 \u0432\u043a\u0443\u0441 \u0432\u043e\u0434\u044b, \u0441\u043d\u0438\u0436\u0430\u0435\u0442 \u0445\u0438\u043c\u0438\u0447\u0435\u0441\u043a\u0438\u0435 \u0432\u0435\u0449\u0435\u0441\u0442\u0432\u0430. \u0421\u043e\u0432\u043c\u0435\u0441\u0442\u0438\u043c \u0441 Pocket Vario. \u041c\u0435\u043d\u044f\u0439\u0442\u0435 \u043a\u0430\u0436\u0434\u044b\u0435 6 \u043c\u0435\u0441\u044f\u0446\u0435\u0432!\" \/>\n<meta property=\"og:url\" content=\"https:\/\/xstyle.md\/ro\/produs\/kartridzh-fil-tr-katadyn-combi-carbon\/\" \/>\n<meta property=\"og:site_name\" content=\"\u041c\u0430\u0433\u0430\u0437\u0438\u043d Xstyle\" \/>\n<meta property=\"article:publisher\" content=\"https:\/\/www.facebook.com\/xstylemd\" \/>\n<meta property=\"article:modified_time\" content=\"2025-10-24T09:43:55+00:00\" \/>\n<meta property=\"og:image\" content=\"https:\/\/xstyle.md\/wp-content\/uploads\/2020\/07\/s-l1600_1_7.jpg\" \/>\n\t<meta property=\"og:image:width\" content=\"447\" \/>\n\t<meta property=\"og:image:height\" content=\"568\" \/>\n\t<meta property=\"og:image:type\" content=\"image\/jpeg\" \/>\n<meta name=\"twitter:card\" content=\"summary_large_image\" \/>\n<meta name=\"twitter:label1\" content=\"Pre\u021b\" \/>\n\t<meta name=\"twitter:data1\" content=\"450&nbsp;MDL\" \/>\n\t<meta name=\"twitter:label2\" content=\"Disponibilitate\" \/>\n\t<meta name=\"twitter:data2\" content=\"\u00cen stoc\" \/>\n<script type=\"application\/ld+json\" class=\"yoast-schema-graph\">{\"@context\":\"https:\/\/schema.org\",\"@graph\":[{\"@type\":\"WebPage\",\"@id\":\"https:\/\/xstyle.md\/product\/kartridzh-fil-tr-katadyn-combi-carbon\/\",\"url\":\"https:\/\/xstyle.md\/product\/kartridzh-fil-tr-katadyn-combi-carbon\/\",\"name\":\"\u041a\u0430\u0440\u0442\u0440\u0438\u0434\u0436-\u0444\u0438\u043b\u044c\u0442\u0440 Katadyn Combi Carbon - \u041c\u0430\u0433\u0430\u0437\u0438\u043d Xstyle\",\"isPartOf\":{\"@id\":\"https:\/\/xstyle.md\/#website\"},\"primaryImageOfPage\":{\"@id\":\"https:\/\/xstyle.md\/product\/kartridzh-fil-tr-katadyn-combi-carbon\/#primaryimage\"},\"image\":{\"@id\":\"https:\/\/xstyle.md\/product\/kartridzh-fil-tr-katadyn-combi-carbon\/#primaryimage\"},\"thumbnailUrl\":\"https:\/\/xstyle.md\/wp-content\/uploads\/2020\/07\/s-l1600_1_7.jpg\",\"datePublished\":\"2020-07-17T08:58:02+00:00\",\"dateModified\":\"2025-10-24T09:43:55+00:00\",\"description\":\"\u041a\u0430\u0440\u0442\u0440\u0438\u0434\u0436-\u0444\u0438\u043b\u044c\u0442\u0440 Katadyn Combi Carbon \u0443\u043b\u0443\u0447\u0448\u0430\u0435\u0442 \u0432\u043a\u0443\u0441 \u0432\u043e\u0434\u044b, \u0441\u043d\u0438\u0436\u0430\u0435\u0442 \u0445\u0438\u043c\u0438\u0447\u0435\u0441\u043a\u0438\u0435 \u0432\u0435\u0449\u0435\u0441\u0442\u0432\u0430. \u0421\u043e\u0432\u043c\u0435\u0441\u0442\u0438\u043c \u0441 Pocket Vario. \u041c\u0435\u043d\u044f\u0439\u0442\u0435 \u043a\u0430\u0436\u0434\u044b\u0435 6 \u043c\u0435\u0441\u044f\u0446\u0435\u0432!\",\"breadcrumb\":{\"@id\":\"https:\/\/xstyle.md\/product\/kartridzh-fil-tr-katadyn-combi-carbon\/#breadcrumb\"},\"inLanguage\":\"ro-RO\",\"potentialAction\":[{\"@type\":\"ReadAction\",\"target\":[\"https:\/\/xstyle.md\/product\/kartridzh-fil-tr-katadyn-combi-carbon\/\"]}]},{\"@type\":\"ImageObject\",\"inLanguage\":\"ro-RO\",\"@id\":\"https:\/\/xstyle.md\/product\/kartridzh-fil-tr-katadyn-combi-carbon\/#primaryimage\",\"url\":\"https:\/\/xstyle.md\/wp-content\/uploads\/2020\/07\/s-l1600_1_7.jpg\",\"contentUrl\":\"https:\/\/xstyle.md\/wp-content\/uploads\/2020\/07\/s-l1600_1_7.jpg\",\"width\":447,\"height\":568},{\"@type\":\"BreadcrumbList\",\"@id\":\"https:\/\/xstyle.md\/product\/kartridzh-fil-tr-katadyn-combi-carbon\/#breadcrumb\",\"itemListElement\":[{\"@type\":\"ListItem\",\"position\":1,\"name\":\"\u0413\u043b\u0430\u0432\u043d\u0430\u044f \u0441\u0442\u0440\u0430\u043d\u0438\u0446\u0430\",\"item\":\"https:\/\/xstyle.md\/\"},{\"@type\":\"ListItem\",\"position\":2,\"name\":\"\u041c\u0430\u0433\u0430\u0437\u0438\u043d\",\"item\":\"https:\/\/xstyle.md\/shop\/\"},{\"@type\":\"ListItem\",\"position\":3,\"name\":\"\u041a\u0430\u0440\u0442\u0440\u0438\u0434\u0436-\u0444\u0438\u043b\u044c\u0442\u0440 Katadyn Combi Carbon\"}]},{\"@type\":\"WebSite\",\"@id\":\"https:\/\/xstyle.md\/#website\",\"url\":\"https:\/\/xstyle.md\/\",\"name\":\"\u041c\u0430\u0433\u0430\u0437\u0438\u043d Xstyle\",\"description\":\"C\u043d\u0430\u0440\u044f\u0436\u0435\u043d\u0438\u0435 \u0434\u043b\u044f \u0442\u0443\u0440\u0438\u0437\u043c\u0430 \u0438 \u044d\u043a\u0441\u0442\u0440\u0435\u043c\u0430\u043b\u044c\u043d\u044b\u0445 \u0432\u0438\u0434\u043e\u0432 \u0441\u043f\u043e\u0440\u0442\u0430 \u0432 \u041c\u043e\u043b\u0434\u043e\u0432\u0435.. \u0426\u0435\u043d\u044b, \u0444\u043e\u0442\u043e, \u0445\u0430\u0440\u0430\u043a\u0442\u0435\u0440\u0438\u0441\u0442\u0438\u043a\u0438 \u0432 \u041c\u043e\u043b\u0434\u043e\u0432\u0435.\",\"publisher\":{\"@id\":\"https:\/\/xstyle.md\/#organization\"},\"alternateName\":\"X-Style\",\"potentialAction\":[{\"@type\":\"SearchAction\",\"target\":{\"@type\":\"EntryPoint\",\"urlTemplate\":\"https:\/\/xstyle.md\/?s={search_term_string}\"},\"query-input\":{\"@type\":\"PropertyValueSpecification\",\"valueRequired\":true,\"valueName\":\"search_term_string\"}}],\"inLanguage\":\"ro-RO\"},{\"@type\":\"Organization\",\"@id\":\"https:\/\/xstyle.md\/#organization\",\"name\":\"\u041c\u0430\u0433\u0430\u0437\u0438\u043d Xstyle\",\"alternateName\":\"x-style\",\"url\":\"https:\/\/xstyle.md\/\",\"logo\":{\"@type\":\"ImageObject\",\"inLanguage\":\"ro-RO\",\"@id\":\"https:\/\/xstyle.md\/#\/schema\/logo\/image\/\",\"url\":\"https:\/\/xstyle.md\/wp-content\/uploads\/2020\/06\/logoicon.svg\",\"contentUrl\":\"https:\/\/xstyle.md\/wp-content\/uploads\/2020\/06\/logoicon.svg\",\"caption\":\"\u041c\u0430\u0433\u0430\u0437\u0438\u043d Xstyle\"},\"image\":{\"@id\":\"https:\/\/xstyle.md\/#\/schema\/logo\/image\/\"},\"sameAs\":[\"https:\/\/www.facebook.com\/xstylemd\",\"https:\/\/www.instagram.com\/xstyle_md\/\",\"https:\/\/t.me\/xstyle_outdoor\"],\"hasMerchantReturnPolicy\":{\"@type\":\"MerchantReturnPolicy\",\"merchantReturnLink\":\"https:\/\/xstyle.md\/ro\/conditions\/\"}}]}<\/script>\n<meta property=\"product:price:amount\" content=\"450.00\" \/>\n<meta property=\"product:price:currency\" content=\"MDL\" \/>\n<meta property=\"og:availability\" content=\"instock\" \/>\n<meta property=\"product:availability\" content=\"instock\" \/>\n<meta property=\"product:retailer_item_id\" content=\"7612013206541\" \/>\n<meta property=\"product:condition\" content=\"new\" \/>\n<!-- \/ Yoast SEO plugin. -->","yoast_head_json":{"title":"Cartu\u0219-filtru Katadyn Combi Carbon - Magazin Xstyle","description":"Cartu\u0219ul filtrant Katadyn Combi Carbon \u00eembun\u0103t\u0103\u021be\u0219te gustul apei, reduce substan\u021bele chimice. Compatibil cu Pocket Vario. Schimba\u021bi la fiecare 6 luni!","robots":{"index":"index","follow":"follow","max-snippet":"max-snippet:-1","max-image-preview":"max-image-preview:large","max-video-preview":"max-video-preview:-1"},"canonical":"https:\/\/xstyle.md\/ro\/produs\/kartridzh-fil-tr-katadyn-combi-carbon\/","og_locale":"ro_RO","og_type":"article","og_title":"\u041a\u0430\u0440\u0442\u0440\u0438\u0434\u0436-\u0444\u0438\u043b\u044c\u0442\u0440 Katadyn Combi Carbon - \u041c\u0430\u0433\u0430\u0437\u0438\u043d Xstyle","og_description":"\u041a\u0430\u0440\u0442\u0440\u0438\u0434\u0436-\u0444\u0438\u043b\u044c\u0442\u0440 Katadyn Combi Carbon \u0443\u043b\u0443\u0447\u0448\u0430\u0435\u0442 \u0432\u043a\u0443\u0441 \u0432\u043e\u0434\u044b, \u0441\u043d\u0438\u0436\u0430\u0435\u0442 \u0445\u0438\u043c\u0438\u0447\u0435\u0441\u043a\u0438\u0435 \u0432\u0435\u0449\u0435\u0441\u0442\u0432\u0430. \u0421\u043e\u0432\u043c\u0435\u0441\u0442\u0438\u043c \u0441 Pocket Vario. \u041c\u0435\u043d\u044f\u0439\u0442\u0435 \u043a\u0430\u0436\u0434\u044b\u0435 6 \u043c\u0435\u0441\u044f\u0446\u0435\u0432!","og_url":"https:\/\/xstyle.md\/ro\/produs\/kartridzh-fil-tr-katadyn-combi-carbon\/","og_site_name":"\u041c\u0430\u0433\u0430\u0437\u0438\u043d Xstyle","article_publisher":"https:\/\/www.facebook.com\/xstylemd","article_modified_time":"2025-10-24T09:43:55+00:00","og_image":[{"width":447,"height":568,"url":"https:\/\/xstyle.md\/wp-content\/uploads\/2020\/07\/s-l1600_1_7.jpg","type":"image\/jpeg"}],"twitter_card":"summary_large_image","twitter_misc":{"Pre\u021b":"450&nbsp;MDL","Disponibilitate":"\u00cen stoc"},"schema":{"@context":"https:\/\/schema.org","@graph":[{"@type":"WebPage","@id":"https:\/\/xstyle.md\/product\/kartridzh-fil-tr-katadyn-combi-carbon\/","url":"https:\/\/xstyle.md\/product\/kartridzh-fil-tr-katadyn-combi-carbon\/","name":"Cartu\u0219-filtru Katadyn Combi Carbon - Magazin Xstyle","isPartOf":{"@id":"https:\/\/xstyle.md\/#website"},"primaryImageOfPage":{"@id":"https:\/\/xstyle.md\/product\/kartridzh-fil-tr-katadyn-combi-carbon\/#primaryimage"},"image":{"@id":"https:\/\/xstyle.md\/product\/kartridzh-fil-tr-katadyn-combi-carbon\/#primaryimage"},"thumbnailUrl":"https:\/\/xstyle.md\/wp-content\/uploads\/2020\/07\/s-l1600_1_7.jpg","datePublished":"2020-07-17T08:58:02+00:00","dateModified":"2025-10-24T09:43:55+00:00","description":"Cartu\u0219ul filtrant Katadyn Combi Carbon \u00eembun\u0103t\u0103\u021be\u0219te gustul apei, reduce substan\u021bele chimice. Compatibil cu Pocket Vario. Schimba\u021bi la fiecare 6 luni!","breadcrumb":{"@id":"https:\/\/xstyle.md\/product\/kartridzh-fil-tr-katadyn-combi-carbon\/#breadcrumb"},"inLanguage":"ro-RO","potentialAction":[{"@type":"ReadAction","target":["https:\/\/xstyle.md\/product\/kartridzh-fil-tr-katadyn-combi-carbon\/"]}]},{"@type":"ImageObject","inLanguage":"ro-RO","@id":"https:\/\/xstyle.md\/product\/kartridzh-fil-tr-katadyn-combi-carbon\/#primaryimage","url":"https:\/\/xstyle.md\/wp-content\/uploads\/2020\/07\/s-l1600_1_7.jpg","contentUrl":"https:\/\/xstyle.md\/wp-content\/uploads\/2020\/07\/s-l1600_1_7.jpg","width":447,"height":568},{"@type":"BreadcrumbList","@id":"https:\/\/xstyle.md\/product\/kartridzh-fil-tr-katadyn-combi-carbon\/#breadcrumb","itemListElement":[{"@type":"ListItem","position":1,"name":"\u0413\u043b\u0430\u0432\u043d\u0430\u044f \u0441\u0442\u0440\u0430\u043d\u0438\u0446\u0430","item":"https:\/\/xstyle.md\/"},{"@type":"ListItem","position":2,"name":"\u041c\u0430\u0433\u0430\u0437\u0438\u043d","item":"https:\/\/xstyle.md\/shop\/"},{"@type":"ListItem","position":3,"name":"\u041a\u0430\u0440\u0442\u0440\u0438\u0434\u0436-\u0444\u0438\u043b\u044c\u0442\u0440 Katadyn Combi Carbon"}]},{"@type":"WebSite","@id":"https:\/\/xstyle.md\/#website","url":"https:\/\/xstyle.md\/","name":"Magazinul X-Style","description":"Echipamente pentru turism \u0219i sporturi extreme \u00een Moldova. Pre\u021buri, fotografii, caracteristici \u00een Moldova.","publisher":{"@id":"https:\/\/xstyle.md\/#organization"},"alternateName":"X-Style","potentialAction":[{"@type":"SearchAction","target":{"@type":"EntryPoint","urlTemplate":"https:\/\/xstyle.md\/?s={search_term_string}"},"query-input":{"@type":"PropertyValueSpecification","valueRequired":true,"valueName":"search_term_string"}}],"inLanguage":"ro-RO"},{"@type":"Organization","@id":"https:\/\/xstyle.md\/#organization","name":"Magazinul X-Style","alternateName":"x-style","url":"https:\/\/xstyle.md\/","logo":{"@type":"ImageObject","inLanguage":"ro-RO","@id":"https:\/\/xstyle.md\/#\/schema\/logo\/image\/","url":"https:\/\/xstyle.md\/wp-content\/uploads\/2020\/06\/logoicon.svg","contentUrl":"https:\/\/xstyle.md\/wp-content\/uploads\/2020\/06\/logoicon.svg","caption":"\u041c\u0430\u0433\u0430\u0437\u0438\u043d Xstyle"},"image":{"@id":"https:\/\/xstyle.md\/#\/schema\/logo\/image\/"},"sameAs":["https:\/\/www.facebook.com\/xstylemd","https:\/\/www.instagram.com\/xstyle_md\/","https:\/\/t.me\/xstyle_outdoor"],"hasMerchantReturnPolicy":{"@type":"MerchantReturnPolicy","merchantReturnLink":"https:\/\/xstyle.md\/ro\/conditions\/"}}]},"product_price_amount":"450.00","product_price_currency":"MDL","og_availability":"instock","product_availability":"instock","product_retailer_item_id":"7612013206541","product_condition":"new"},"post_mailing_queue_ids":[],"_links":{"self":[{"href":"https:\/\/xstyle.md\/ro\/wp-json\/wp\/v2\/product\/12300","targetHints":{"allow":["GET"]}}],"collection":[{"href":"https:\/\/xstyle.md\/ro\/wp-json\/wp\/v2\/product"}],"about":[{"href":"https:\/\/xstyle.md\/ro\/wp-json\/wp\/v2\/types\/product"}],"replies":[{"embeddable":true,"href":"https:\/\/xstyle.md\/ro\/wp-json\/wp\/v2\/comments?post=12300"}],"wp:featuredmedia":[{"embeddable":true,"href":"https:\/\/xstyle.md\/ro\/wp-json\/wp\/v2\/media\/12299"}],"wp:attachment":[{"href":"https:\/\/xstyle.md\/ro\/wp-json\/wp\/v2\/media?parent=12300"}],"wp:term":[{"taxonomy":"product_brand","embeddable":true,"href":"https:\/\/xstyle.md\/ro\/wp-json\/wp\/v2\/product_brand?post=12300"},{"taxonomy":"product_cat","embeddable":true,"href":"https:\/\/xstyle.md\/ro\/wp-json\/wp\/v2\/product_cat?post=12300"},{"taxonomy":"product_tag","embeddable":true,"href":"https:\/\/xstyle.md\/ro\/wp-json\/wp\/v2\/product_tag?post=12300"}],"curies":[{"name":"wp","href":"https:\/\/api.w.org\/{rel}","templated":true}]}}