{"id":12271,"date":"2020-07-17T11:57:12","date_gmt":"2020-07-17T08:57:12","guid":{"rendered":"https:\/\/xstyle.md\/product\/emkost-dlja-vina-platypus-platy-preserve-wine-800ml"},"modified":"2024-10-19T23:54:16","modified_gmt":"2024-10-19T20:54:16","slug":"emkost-dlja-vina-platypus-platy-preserve-wine-800ml","status":"publish","type":"product","link":"https:\/\/xstyle.md\/ro\/produs\/emkost-dlja-vina-platypus-platy-preserve-wine-800ml\/","title":{"rendered":"Recipient Platypus Platy Preserve Wine, 800ml"},"content":{"rendered":"<\/p>\n<p>Recipientul <strong>Platypus Platy Preserve Wine, 800 ml<\/strong> indiferent de soiuri, vinul dvs. va fi \u00een siguran\u021b\u0103 \u00eentr-un recipient complet etan\u0219, p\u0103str\u00e2nd aroma timp de zile sau s\u0103pt\u0103m\u00e2ni, trebuie doar s\u0103 stoarce\u021bi aerul atunci c\u00e2nd \u00eenchide\u021bi recipientul.<\/p>\n<h3>Particularit\u0103\u021bi<\/h3>\n<ul>\n<li>P\u0103streaz\u0103 aroma<\/li>\n<li>Nu transmite nicio arom\u0103 rezidual\u0103<\/li>\n<li>Flexibil, robust \u0219i u\u0219or, \u00eel pute\u021bi lua cu dvs. \u00een camping sau la picnicuri<\/li>\n<li>Designul special al capacului \u00eempiedic\u0103 p\u0103trunderea aerului \u00een interiorul sticlei.<\/li>\n<\/ul>\n<h3>Caracteristici<\/h3>\n<ul>\n<li>Volum &#8212; 800 ml<\/li>\n<li>Greutate &#8212; 20 g<\/li>\n<li>Dimensiune &#8212; 26 x 16 cm<\/li>\n<li>Material &#8212; Polietilen\u0103.<\/li>\n<\/ul>\n<p><\/p>","protected":false},"excerpt":{"rendered":"<p>Recipient Platypus Platy Preserve Wine, 800ml<\/p>","protected":false},"featured_media":12270,"comment_status":"open","ping_status":"closed","template":"","meta":{"_acf_changed":false,"inline_featured_image":false},"product_brand":[1379],"product_cat":[885],"product_tag":[],"class_list":{"0":"post-12271","1":"product","2":"type-product","3":"status-publish","4":"has-post-thumbnail","6":"product_brand-cascade-designs","7":"product_cat-bottle","9":"first","10":"instock","11":"sale","12":"shipping-taxable","13":"purchasable","14":"product-type-simple"},"acf":[],"yoast_head":"<!-- This site is optimized with the Yoast SEO plugin v27.2 - https:\/\/yoast.com\/product\/yoast-seo-wordpress\/ -->\n<title>\u0415\u043c\u043a\u043e\u0441\u0442\u044c \u0434\u043b\u044f \u0432\u0438\u043d\u0430 Platypus Platy Preserve Wine, 800ml - \u041c\u0430\u0433\u0430\u0437\u0438\u043d Xstyle<\/title>\n<meta name=\"description\" content=\"\u041f\u043e\u0434\u0434\u0435\u0440\u0436\u0438\u0442\u0435 \u0441\u0432\u0435\u0436\u0435\u0441\u0442\u044c \u0432\u0430\u0448\u0435\u0433\u043e \u0432\u0438\u043d\u0430 \u0441 \u0435\u043c\u043a\u043e\u0441\u0442\u044c\u044e Platypus Platy Preserve Wine 800 \u043c\u043b. \u041f\u043e\u043b\u043d\u043e\u0441\u0442\u044c\u044e \u0433\u0435\u0440\u043c\u0435\u0442\u0438\u0447\u043d\u043e, \u0441\u043e\u0445\u0440\u0430\u043d\u044f\u0435\u0442 \u0430\u0440\u043e\u043c\u0430\u0442 \u043d\u0430 \u043d\u0435\u0434\u0435\u043b\u0438! \u0418\u0434\u0435\u0430\u043b\u044c\u043d\u043e \u0434\u043b\u044f \u043f\u0443\u0442\u0435\u0448\u0435\u0441\u0442\u0432\u0438\u0439.\" \/>\n<meta name=\"robots\" content=\"index, follow, max-snippet:-1, max-image-preview:large, max-video-preview:-1\" \/>\n<link rel=\"canonical\" href=\"https:\/\/xstyle.md\/ro\/produs\/emkost-dlja-vina-platypus-platy-preserve-wine-800ml\/\" \/>\n<meta property=\"og:locale\" content=\"ro_RO\" \/>\n<meta property=\"og:type\" content=\"article\" \/>\n<meta property=\"og:title\" content=\"\u0415\u043c\u043a\u043e\u0441\u0442\u044c \u0434\u043b\u044f \u0432\u0438\u043d\u0430 Platypus Platy Preserve Wine, 800ml - \u041c\u0430\u0433\u0430\u0437\u0438\u043d Xstyle\" \/>\n<meta property=\"og:description\" content=\"\u041f\u043e\u0434\u0434\u0435\u0440\u0436\u0438\u0442\u0435 \u0441\u0432\u0435\u0436\u0435\u0441\u0442\u044c \u0432\u0430\u0448\u0435\u0433\u043e \u0432\u0438\u043d\u0430 \u0441 \u0435\u043c\u043a\u043e\u0441\u0442\u044c\u044e Platypus Platy Preserve Wine 800 \u043c\u043b. \u041f\u043e\u043b\u043d\u043e\u0441\u0442\u044c\u044e \u0433\u0435\u0440\u043c\u0435\u0442\u0438\u0447\u043d\u043e, \u0441\u043e\u0445\u0440\u0430\u043d\u044f\u0435\u0442 \u0430\u0440\u043e\u043c\u0430\u0442 \u043d\u0430 \u043d\u0435\u0434\u0435\u043b\u0438! \u0418\u0434\u0435\u0430\u043b\u044c\u043d\u043e \u0434\u043b\u044f \u043f\u0443\u0442\u0435\u0448\u0435\u0441\u0442\u0432\u0438\u0439.\" \/>\n<meta property=\"og:url\" content=\"https:\/\/xstyle.md\/ro\/produs\/emkost-dlja-vina-platypus-platy-preserve-wine-800ml\/\" \/>\n<meta property=\"og:site_name\" content=\"\u041c\u0430\u0433\u0430\u0437\u0438\u043d Xstyle\" \/>\n<meta property=\"article:publisher\" content=\"https:\/\/www.facebook.com\/xstylemd\" \/>\n<meta property=\"article:modified_time\" content=\"2024-10-19T20:54:16+00:00\" \/>\n<meta property=\"og:image\" content=\"https:\/\/xstyle.md\/wp-content\/uploads\/2020\/07\/s-l1600_1__1.jpg\" \/>\n\t<meta property=\"og:image:width\" content=\"345\" \/>\n\t<meta property=\"og:image:height\" content=\"400\" \/>\n\t<meta property=\"og:image:type\" content=\"image\/jpeg\" \/>\n<meta name=\"twitter:card\" content=\"summary_large_image\" \/>\n<meta name=\"twitter:label1\" content=\"Pre\u021b\" \/>\n\t<meta name=\"twitter:data1\" content=\"234&nbsp;MDL\" \/>\n\t<meta name=\"twitter:label2\" content=\"Disponibilitate\" \/>\n\t<meta name=\"twitter:data2\" content=\"\u00cen stoc\" \/>\n<script type=\"application\/ld+json\" class=\"yoast-schema-graph\">{\"@context\":\"https:\/\/schema.org\",\"@graph\":[{\"@type\":\"WebPage\",\"@id\":\"https:\/\/xstyle.md\/product\/emkost-dlja-vina-platypus-platy-preserve-wine-800ml\/\",\"url\":\"https:\/\/xstyle.md\/product\/emkost-dlja-vina-platypus-platy-preserve-wine-800ml\/\",\"name\":\"\u0415\u043c\u043a\u043e\u0441\u0442\u044c \u0434\u043b\u044f \u0432\u0438\u043d\u0430 Platypus Platy Preserve Wine, 800ml - \u041c\u0430\u0433\u0430\u0437\u0438\u043d Xstyle\",\"isPartOf\":{\"@id\":\"https:\/\/xstyle.md\/#website\"},\"primaryImageOfPage\":{\"@id\":\"https:\/\/xstyle.md\/product\/emkost-dlja-vina-platypus-platy-preserve-wine-800ml\/#primaryimage\"},\"image\":{\"@id\":\"https:\/\/xstyle.md\/product\/emkost-dlja-vina-platypus-platy-preserve-wine-800ml\/#primaryimage\"},\"thumbnailUrl\":\"https:\/\/xstyle.md\/wp-content\/uploads\/2020\/07\/s-l1600_1__1.jpg\",\"datePublished\":\"2020-07-17T08:57:12+00:00\",\"dateModified\":\"2024-10-19T20:54:16+00:00\",\"description\":\"\u041f\u043e\u0434\u0434\u0435\u0440\u0436\u0438\u0442\u0435 \u0441\u0432\u0435\u0436\u0435\u0441\u0442\u044c \u0432\u0430\u0448\u0435\u0433\u043e \u0432\u0438\u043d\u0430 \u0441 \u0435\u043c\u043a\u043e\u0441\u0442\u044c\u044e Platypus Platy Preserve Wine 800 \u043c\u043b. \u041f\u043e\u043b\u043d\u043e\u0441\u0442\u044c\u044e \u0433\u0435\u0440\u043c\u0435\u0442\u0438\u0447\u043d\u043e, \u0441\u043e\u0445\u0440\u0430\u043d\u044f\u0435\u0442 \u0430\u0440\u043e\u043c\u0430\u0442 \u043d\u0430 \u043d\u0435\u0434\u0435\u043b\u0438! \u0418\u0434\u0435\u0430\u043b\u044c\u043d\u043e \u0434\u043b\u044f \u043f\u0443\u0442\u0435\u0448\u0435\u0441\u0442\u0432\u0438\u0439.\",\"breadcrumb\":{\"@id\":\"https:\/\/xstyle.md\/product\/emkost-dlja-vina-platypus-platy-preserve-wine-800ml\/#breadcrumb\"},\"inLanguage\":\"ro-RO\",\"potentialAction\":[{\"@type\":\"ReadAction\",\"target\":[\"https:\/\/xstyle.md\/product\/emkost-dlja-vina-platypus-platy-preserve-wine-800ml\/\"]}]},{\"@type\":\"ImageObject\",\"inLanguage\":\"ro-RO\",\"@id\":\"https:\/\/xstyle.md\/product\/emkost-dlja-vina-platypus-platy-preserve-wine-800ml\/#primaryimage\",\"url\":\"https:\/\/xstyle.md\/wp-content\/uploads\/2020\/07\/s-l1600_1__1.jpg\",\"contentUrl\":\"https:\/\/xstyle.md\/wp-content\/uploads\/2020\/07\/s-l1600_1__1.jpg\",\"width\":345,\"height\":400},{\"@type\":\"BreadcrumbList\",\"@id\":\"https:\/\/xstyle.md\/product\/emkost-dlja-vina-platypus-platy-preserve-wine-800ml\/#breadcrumb\",\"itemListElement\":[{\"@type\":\"ListItem\",\"position\":1,\"name\":\"\u0413\u043b\u0430\u0432\u043d\u0430\u044f \u0441\u0442\u0440\u0430\u043d\u0438\u0446\u0430\",\"item\":\"https:\/\/xstyle.md\/\"},{\"@type\":\"ListItem\",\"position\":2,\"name\":\"\u041c\u0430\u0433\u0430\u0437\u0438\u043d\",\"item\":\"https:\/\/xstyle.md\/shop\/\"},{\"@type\":\"ListItem\",\"position\":3,\"name\":\"\u0415\u043c\u043a\u043e\u0441\u0442\u044c \u0434\u043b\u044f \u0432\u0438\u043d\u0430 Platypus Platy Preserve Wine, 800ml\"}]},{\"@type\":\"WebSite\",\"@id\":\"https:\/\/xstyle.md\/#website\",\"url\":\"https:\/\/xstyle.md\/\",\"name\":\"\u041c\u0430\u0433\u0430\u0437\u0438\u043d Xstyle\",\"description\":\"C\u043d\u0430\u0440\u044f\u0436\u0435\u043d\u0438\u0435 \u0434\u043b\u044f \u0442\u0443\u0440\u0438\u0437\u043c\u0430 \u0438 \u044d\u043a\u0441\u0442\u0440\u0435\u043c\u0430\u043b\u044c\u043d\u044b\u0445 \u0432\u0438\u0434\u043e\u0432 \u0441\u043f\u043e\u0440\u0442\u0430 \u0432 \u041c\u043e\u043b\u0434\u043e\u0432\u0435.. \u0426\u0435\u043d\u044b, \u0444\u043e\u0442\u043e, \u0445\u0430\u0440\u0430\u043a\u0442\u0435\u0440\u0438\u0441\u0442\u0438\u043a\u0438 \u0432 \u041c\u043e\u043b\u0434\u043e\u0432\u0435.\",\"publisher\":{\"@id\":\"https:\/\/xstyle.md\/#organization\"},\"alternateName\":\"X-Style\",\"potentialAction\":[{\"@type\":\"SearchAction\",\"target\":{\"@type\":\"EntryPoint\",\"urlTemplate\":\"https:\/\/xstyle.md\/?s={search_term_string}\"},\"query-input\":{\"@type\":\"PropertyValueSpecification\",\"valueRequired\":true,\"valueName\":\"search_term_string\"}}],\"inLanguage\":\"ro-RO\"},{\"@type\":\"Organization\",\"@id\":\"https:\/\/xstyle.md\/#organization\",\"name\":\"\u041c\u0430\u0433\u0430\u0437\u0438\u043d Xstyle\",\"alternateName\":\"x-style\",\"url\":\"https:\/\/xstyle.md\/\",\"logo\":{\"@type\":\"ImageObject\",\"inLanguage\":\"ro-RO\",\"@id\":\"https:\/\/xstyle.md\/#\/schema\/logo\/image\/\",\"url\":\"https:\/\/xstyle.md\/wp-content\/uploads\/2020\/06\/logoicon.svg\",\"contentUrl\":\"https:\/\/xstyle.md\/wp-content\/uploads\/2020\/06\/logoicon.svg\",\"caption\":\"\u041c\u0430\u0433\u0430\u0437\u0438\u043d Xstyle\"},\"image\":{\"@id\":\"https:\/\/xstyle.md\/#\/schema\/logo\/image\/\"},\"sameAs\":[\"https:\/\/www.facebook.com\/xstylemd\",\"https:\/\/www.instagram.com\/xstyle_md\/\",\"https:\/\/t.me\/xstyle_outdoor\"],\"hasMerchantReturnPolicy\":{\"@type\":\"MerchantReturnPolicy\",\"merchantReturnLink\":\"https:\/\/xstyle.md\/ro\/conditions\/\"}}]}<\/script>\n<meta property=\"product:price:amount\" content=\"234.00\" \/>\n<meta property=\"product:price:currency\" content=\"MDL\" \/>\n<meta property=\"og:availability\" content=\"instock\" \/>\n<meta property=\"product:availability\" content=\"instock\" \/>\n<meta property=\"product:retailer_item_id\" content=\"40818070710\" \/>\n<meta property=\"product:condition\" content=\"new\" \/>\n<!-- \/ Yoast SEO plugin. -->","yoast_head_json":{"title":"\u0415\u043c\u043a\u043e\u0441\u0442\u044c \u0434\u043b\u044f \u0432\u0438\u043d\u0430 Platypus Platy Preserve Wine, 800ml - \u041c\u0430\u0433\u0430\u0437\u0438\u043d Xstyle","description":"Sus\u021bine\u021bi prospe\u021bimea vinului dumneavoastr\u0103 cu capacitatea Platypus Platy Preserve Wine 800 ml. Complet etan\u0219, p\u0103streaz\u0103 aroma timp de s\u0103pt\u0103m\u00e2ni! Ideal pentru c\u0103l\u0103torii.","robots":{"index":"index","follow":"follow","max-snippet":"max-snippet:-1","max-image-preview":"max-image-preview:large","max-video-preview":"max-video-preview:-1"},"canonical":"https:\/\/xstyle.md\/ro\/produs\/emkost-dlja-vina-platypus-platy-preserve-wine-800ml\/","og_locale":"ro_RO","og_type":"article","og_title":"\u0415\u043c\u043a\u043e\u0441\u0442\u044c \u0434\u043b\u044f \u0432\u0438\u043d\u0430 Platypus Platy Preserve Wine, 800ml - \u041c\u0430\u0433\u0430\u0437\u0438\u043d Xstyle","og_description":"\u041f\u043e\u0434\u0434\u0435\u0440\u0436\u0438\u0442\u0435 \u0441\u0432\u0435\u0436\u0435\u0441\u0442\u044c \u0432\u0430\u0448\u0435\u0433\u043e \u0432\u0438\u043d\u0430 \u0441 \u0435\u043c\u043a\u043e\u0441\u0442\u044c\u044e Platypus Platy Preserve Wine 800 \u043c\u043b. \u041f\u043e\u043b\u043d\u043e\u0441\u0442\u044c\u044e \u0433\u0435\u0440\u043c\u0435\u0442\u0438\u0447\u043d\u043e, \u0441\u043e\u0445\u0440\u0430\u043d\u044f\u0435\u0442 \u0430\u0440\u043e\u043c\u0430\u0442 \u043d\u0430 \u043d\u0435\u0434\u0435\u043b\u0438! \u0418\u0434\u0435\u0430\u043b\u044c\u043d\u043e \u0434\u043b\u044f \u043f\u0443\u0442\u0435\u0448\u0435\u0441\u0442\u0432\u0438\u0439.","og_url":"https:\/\/xstyle.md\/ro\/produs\/emkost-dlja-vina-platypus-platy-preserve-wine-800ml\/","og_site_name":"\u041c\u0430\u0433\u0430\u0437\u0438\u043d Xstyle","article_publisher":"https:\/\/www.facebook.com\/xstylemd","article_modified_time":"2024-10-19T20:54:16+00:00","og_image":[{"width":345,"height":400,"url":"https:\/\/xstyle.md\/wp-content\/uploads\/2020\/07\/s-l1600_1__1.jpg","type":"image\/jpeg"}],"twitter_card":"summary_large_image","twitter_misc":{"Pre\u021b":"234&nbsp;MDL","Disponibilitate":"\u00cen stoc"},"schema":{"@context":"https:\/\/schema.org","@graph":[{"@type":"WebPage","@id":"https:\/\/xstyle.md\/product\/emkost-dlja-vina-platypus-platy-preserve-wine-800ml\/","url":"https:\/\/xstyle.md\/product\/emkost-dlja-vina-platypus-platy-preserve-wine-800ml\/","name":"\u0415\u043c\u043a\u043e\u0441\u0442\u044c \u0434\u043b\u044f \u0432\u0438\u043d\u0430 Platypus Platy Preserve Wine, 800ml - \u041c\u0430\u0433\u0430\u0437\u0438\u043d Xstyle","isPartOf":{"@id":"https:\/\/xstyle.md\/#website"},"primaryImageOfPage":{"@id":"https:\/\/xstyle.md\/product\/emkost-dlja-vina-platypus-platy-preserve-wine-800ml\/#primaryimage"},"image":{"@id":"https:\/\/xstyle.md\/product\/emkost-dlja-vina-platypus-platy-preserve-wine-800ml\/#primaryimage"},"thumbnailUrl":"https:\/\/xstyle.md\/wp-content\/uploads\/2020\/07\/s-l1600_1__1.jpg","datePublished":"2020-07-17T08:57:12+00:00","dateModified":"2024-10-19T20:54:16+00:00","description":"Sus\u021bine\u021bi prospe\u021bimea vinului dumneavoastr\u0103 cu capacitatea Platypus Platy Preserve Wine 800 ml. Complet etan\u0219, p\u0103streaz\u0103 aroma timp de s\u0103pt\u0103m\u00e2ni! Ideal pentru c\u0103l\u0103torii.","breadcrumb":{"@id":"https:\/\/xstyle.md\/product\/emkost-dlja-vina-platypus-platy-preserve-wine-800ml\/#breadcrumb"},"inLanguage":"ro-RO","potentialAction":[{"@type":"ReadAction","target":["https:\/\/xstyle.md\/product\/emkost-dlja-vina-platypus-platy-preserve-wine-800ml\/"]}]},{"@type":"ImageObject","inLanguage":"ro-RO","@id":"https:\/\/xstyle.md\/product\/emkost-dlja-vina-platypus-platy-preserve-wine-800ml\/#primaryimage","url":"https:\/\/xstyle.md\/wp-content\/uploads\/2020\/07\/s-l1600_1__1.jpg","contentUrl":"https:\/\/xstyle.md\/wp-content\/uploads\/2020\/07\/s-l1600_1__1.jpg","width":345,"height":400},{"@type":"BreadcrumbList","@id":"https:\/\/xstyle.md\/product\/emkost-dlja-vina-platypus-platy-preserve-wine-800ml\/#breadcrumb","itemListElement":[{"@type":"ListItem","position":1,"name":"\u0413\u043b\u0430\u0432\u043d\u0430\u044f \u0441\u0442\u0440\u0430\u043d\u0438\u0446\u0430","item":"https:\/\/xstyle.md\/"},{"@type":"ListItem","position":2,"name":"\u041c\u0430\u0433\u0430\u0437\u0438\u043d","item":"https:\/\/xstyle.md\/shop\/"},{"@type":"ListItem","position":3,"name":"\u0415\u043c\u043a\u043e\u0441\u0442\u044c \u0434\u043b\u044f \u0432\u0438\u043d\u0430 Platypus Platy Preserve Wine, 800ml"}]},{"@type":"WebSite","@id":"https:\/\/xstyle.md\/#website","url":"https:\/\/xstyle.md\/","name":"Magazinul X-Style","description":"Echipamente pentru turism \u0219i sporturi extreme \u00een Moldova. Pre\u021buri, fotografii, caracteristici \u00een Moldova.","publisher":{"@id":"https:\/\/xstyle.md\/#organization"},"alternateName":"X-Style","potentialAction":[{"@type":"SearchAction","target":{"@type":"EntryPoint","urlTemplate":"https:\/\/xstyle.md\/?s={search_term_string}"},"query-input":{"@type":"PropertyValueSpecification","valueRequired":true,"valueName":"search_term_string"}}],"inLanguage":"ro-RO"},{"@type":"Organization","@id":"https:\/\/xstyle.md\/#organization","name":"Magazinul X-Style","alternateName":"x-style","url":"https:\/\/xstyle.md\/","logo":{"@type":"ImageObject","inLanguage":"ro-RO","@id":"https:\/\/xstyle.md\/#\/schema\/logo\/image\/","url":"https:\/\/xstyle.md\/wp-content\/uploads\/2020\/06\/logoicon.svg","contentUrl":"https:\/\/xstyle.md\/wp-content\/uploads\/2020\/06\/logoicon.svg","caption":"\u041c\u0430\u0433\u0430\u0437\u0438\u043d Xstyle"},"image":{"@id":"https:\/\/xstyle.md\/#\/schema\/logo\/image\/"},"sameAs":["https:\/\/www.facebook.com\/xstylemd","https:\/\/www.instagram.com\/xstyle_md\/","https:\/\/t.me\/xstyle_outdoor"],"hasMerchantReturnPolicy":{"@type":"MerchantReturnPolicy","merchantReturnLink":"https:\/\/xstyle.md\/ro\/conditions\/"}}]},"product_price_amount":"234.00","product_price_currency":"MDL","og_availability":"instock","product_availability":"instock","product_retailer_item_id":"40818070710","product_condition":"new"},"post_mailing_queue_ids":[],"_links":{"self":[{"href":"https:\/\/xstyle.md\/ro\/wp-json\/wp\/v2\/product\/12271","targetHints":{"allow":["GET"]}}],"collection":[{"href":"https:\/\/xstyle.md\/ro\/wp-json\/wp\/v2\/product"}],"about":[{"href":"https:\/\/xstyle.md\/ro\/wp-json\/wp\/v2\/types\/product"}],"replies":[{"embeddable":true,"href":"https:\/\/xstyle.md\/ro\/wp-json\/wp\/v2\/comments?post=12271"}],"wp:featuredmedia":[{"embeddable":true,"href":"https:\/\/xstyle.md\/ro\/wp-json\/wp\/v2\/media\/12270"}],"wp:attachment":[{"href":"https:\/\/xstyle.md\/ro\/wp-json\/wp\/v2\/media?parent=12271"}],"wp:term":[{"taxonomy":"product_brand","embeddable":true,"href":"https:\/\/xstyle.md\/ro\/wp-json\/wp\/v2\/product_brand?post=12271"},{"taxonomy":"product_cat","embeddable":true,"href":"https:\/\/xstyle.md\/ro\/wp-json\/wp\/v2\/product_cat?post=12271"},{"taxonomy":"product_tag","embeddable":true,"href":"https:\/\/xstyle.md\/ro\/wp-json\/wp\/v2\/product_tag?post=12271"}],"curies":[{"name":"wp","href":"https:\/\/api.w.org\/{rel}","templated":true}]}}