{"id":12160,"date":"2020-07-17T11:52:15","date_gmt":"2020-07-17T08:52:15","guid":{"rendered":"https:\/\/xstyle.md\/product\/sumka-holodil-nik-waeco-sail-14-coolbag"},"modified":"2026-04-07T15:22:56","modified_gmt":"2026-04-07T12:22:56","slug":"sumka-holodil-nik-waeco-sail-14-coolbag","status":"publish","type":"product","link":"https:\/\/xstyle.md\/ro\/produs\/sumka-holodil-nik-waeco-sail-14-coolbag\/","title":{"rendered":"Geant\u0103 frigorific\u0103 Dometic Sail 14 Coolbag"},"content":{"rendered":"<\/p>\n<p><strong>Geanta termic\u0103 Dometic Sail 14 Coolbag<\/strong> \u2013 este potrivit pentru plimb\u0103rile pe plaj\u0103, drume\u021bii la munte sau doar un picnic \u00een parc. Conceput pentru utilizatorii urbani \u0219i nu doar are buzunare externe pentru depozitarea instrumentelor, telefoanelor. \u00cen 14 litri de depozitare exist\u0103 spa\u021biu pentru 1,5 litri de sticle \u00een pozi\u021bie vertical\u0103. \u0218i, ca toate modelele Sail, are o carcas\u0103 exterioar\u0103 rezistent\u0103 din \u021bes\u0103tur\u0103 de poliester 600D \u0219i o folie interioar\u0103 izolant\u0103, u\u0219or de cur\u0103\u021bat, dintr-o singur\u0103 bucat\u0103. Bretelele sunt c\u0103ptu\u0219ite cu un design ergonomic care confer\u0103 confort.<\/p>\n<p>Punga se \u00eenchide bine \u0219i poate men\u021bine aceea\u0219i temperatur\u0103 \u00een interiorul camerei timp de 5-6 ore. Totul depinde de temperatura aerului din exterior, de num\u0103rul elementelor frogorifice \u0219i de frecven\u021ba deschiderii pungii.<\/p>\n<h3>Particularit\u0103\u021bi<\/h3>\n<ul>\n<li>Buzunarele cu fermoar \u0219i curelele reglabile \u0219i c\u0103ptu\u0219ite adaug\u0103 confort \u0219i comoditate<\/li>\n<li>Potrivit pentru sticle de 1,5 litri<\/li>\n<li>Curea de um\u0103r reglabil\u0103 pentru o utilizare confortabil\u0103<\/li>\n<li>Buzunare convenabile<\/li>\n<li>M\u00e2ner de transport.<\/li>\n<\/ul>\n<h3>Caracteristici<\/h3>\n<ul>\n<li>Material &#8212; exterior din poliester jacquard de \u00eenalt\u0103 rezisten\u021b\u0103 \u0219i folie PEVA de calitate alimentar\u0103<\/li>\n<li>Dimensiuni &#8212; 18 x 26 x 35 cm (L x l x a)<\/li>\n<li>Volum &#8212; 14 litri<\/li>\n<li>Greutate &#8212; 0,50 kg.<\/li>\n<\/ul>\n<h3>Marca<\/h3>\n<p>Dometic \u2014 este o marc\u0103 suedez\u0103 de mini-frigidere \u0219i diverse produse pentru confortul c\u0103l\u0103torilor. \u00cenfiin\u021bat\u0103 \u00een 1986, compania continu\u0103 \u00een continuare s\u0103 \u00ee\u0219i \u00eembun\u0103t\u0103\u021beasc\u0103 produsele sub sloganul &#171;Simplificarea vie\u021bii mobile&#187;. Dispozitivele marca Dometic devin din ce \u00een ce mai eficiente, compacte \u0219i elegante, iar gama lor se extinde constant. Ast\u0103zi exist\u0103 un num\u0103r mare de sortimente la v\u00e2nzare, ceea ce permite fiec\u0103rui cump\u0103r\u0103tor s\u0103 fac\u0103 o alegere de succes. Dometic este \u00eentruchiparea confortului, a prospe\u021bimii alimentelor, a siguran\u021bei, pe scurt, a tot ceea ce face ca o c\u0103l\u0103torie lung\u0103 s\u0103 fie pl\u0103cut\u0103.<\/p>\n<p><\/p>","protected":false},"excerpt":{"rendered":"<p>Geant\u0103 frigorific\u0103 Dometic Sail 14 Coolbag<\/p>","protected":false},"featured_media":54755,"comment_status":"open","ping_status":"closed","template":"","meta":{"_acf_changed":false,"inline_featured_image":false},"product_brand":[1478],"product_cat":[539],"product_tag":[],"class_list":{"0":"post-12160","1":"product","2":"type-product","3":"status-publish","4":"has-post-thumbnail","6":"product_brand-mobicool","7":"product_cat-icebox","9":"first","10":"instock","11":"shipping-taxable","12":"purchasable","13":"product-type-simple"},"acf":[],"yoast_head":"<!-- This site is optimized with the Yoast SEO plugin v27.2 - https:\/\/yoast.com\/product\/yoast-seo-wordpress\/ -->\n<title>\u0421\u0443\u043c\u043a\u0430-\u0445\u043e\u043b\u043e\u0434\u0438\u043b\u044c\u043d\u0438\u043a Mobicool Sail 14 Coolbag - \u041c\u0430\u0433\u0430\u0437\u0438\u043d Xstyle<\/title>\n<meta name=\"description\" content=\"\u0421\u0443\u043c\u043a\u0430-\u0445\u043e\u043b\u043e\u0434\u0438\u043b\u044c\u043d\u0438\u043a Mobicool Sail 14 \u0438\u0434\u0435\u0430\u043b\u044c\u043d\u043e \u043f\u043e\u0434\u0445\u043e\u0434\u0438\u0442 \u0434\u043b\u044f \u043f\u0438\u043a\u043d\u0438\u043a\u043e\u0432 \u0438 \u043f\u043e\u0435\u0437\u0434\u043e\u043a. \u0412\u043c\u0435\u0441\u0442\u0438\u043c\u043e\u0441\u0442\u044c 14 \u043b, \u043a\u0430\u0440\u043c\u0430\u043d\u044b \u0434\u043b\u044f \u0430\u043a\u0441\u0435\u0441\u0441\u0443\u0430\u0440\u043e\u0432 \u2014 \u0432\u0430\u0448 \u0438\u0434\u0435\u0430\u043b\u044c\u043d\u044b\u0439 \u0441\u043f\u0443\u0442\u043d\u0438\u043a!\" \/>\n<meta name=\"robots\" content=\"index, follow, max-snippet:-1, max-image-preview:large, max-video-preview:-1\" \/>\n<link rel=\"canonical\" href=\"https:\/\/xstyle.md\/ro\/produs\/sumka-holodil-nik-waeco-sail-14-coolbag\/\" \/>\n<meta property=\"og:locale\" content=\"ro_RO\" \/>\n<meta property=\"og:type\" content=\"article\" \/>\n<meta property=\"og:title\" content=\"\u0421\u0443\u043c\u043a\u0430-\u0445\u043e\u043b\u043e\u0434\u0438\u043b\u044c\u043d\u0438\u043a Mobicool Sail 14 Coolbag - \u041c\u0430\u0433\u0430\u0437\u0438\u043d Xstyle\" \/>\n<meta property=\"og:description\" content=\"\u0421\u0443\u043c\u043a\u0430-\u0445\u043e\u043b\u043e\u0434\u0438\u043b\u044c\u043d\u0438\u043a Mobicool Sail 14 \u0438\u0434\u0435\u0430\u043b\u044c\u043d\u043e \u043f\u043e\u0434\u0445\u043e\u0434\u0438\u0442 \u0434\u043b\u044f \u043f\u0438\u043a\u043d\u0438\u043a\u043e\u0432 \u0438 \u043f\u043e\u0435\u0437\u0434\u043e\u043a. \u0412\u043c\u0435\u0441\u0442\u0438\u043c\u043e\u0441\u0442\u044c 14 \u043b, \u043a\u0430\u0440\u043c\u0430\u043d\u044b \u0434\u043b\u044f \u0430\u043a\u0441\u0435\u0441\u0441\u0443\u0430\u0440\u043e\u0432 \u2014 \u0432\u0430\u0448 \u0438\u0434\u0435\u0430\u043b\u044c\u043d\u044b\u0439 \u0441\u043f\u0443\u0442\u043d\u0438\u043a!\" \/>\n<meta property=\"og:url\" content=\"https:\/\/xstyle.md\/ro\/produs\/sumka-holodil-nik-waeco-sail-14-coolbag\/\" \/>\n<meta property=\"og:site_name\" content=\"\u041c\u0430\u0433\u0430\u0437\u0438\u043d Xstyle\" \/>\n<meta property=\"article:publisher\" content=\"https:\/\/www.facebook.com\/xstylemd\" \/>\n<meta property=\"article:modified_time\" content=\"2026-04-07T12:22:56+00:00\" \/>\n<meta property=\"og:image\" content=\"https:\/\/xstyle.md\/wp-content\/uploads\/2020\/07\/mobicool-sail-14-coolbag-0.jpg\" \/>\n\t<meta property=\"og:image:width\" content=\"649\" \/>\n\t<meta property=\"og:image:height\" content=\"653\" \/>\n\t<meta property=\"og:image:type\" content=\"image\/jpeg\" \/>\n<meta name=\"twitter:card\" content=\"summary_large_image\" \/>\n<meta name=\"twitter:label1\" content=\"Pre\u021b\" \/>\n\t<meta name=\"twitter:data1\" content=\"450&nbsp;MDL\" \/>\n\t<meta name=\"twitter:label2\" content=\"Disponibilitate\" \/>\n\t<meta name=\"twitter:data2\" content=\"\u00cen stoc\" \/>\n<script type=\"application\/ld+json\" class=\"yoast-schema-graph\">{\"@context\":\"https:\/\/schema.org\",\"@graph\":[{\"@type\":\"WebPage\",\"@id\":\"https:\/\/xstyle.md\/product\/sumka-holodil-nik-waeco-sail-14-coolbag\/\",\"url\":\"https:\/\/xstyle.md\/product\/sumka-holodil-nik-waeco-sail-14-coolbag\/\",\"name\":\"\u0421\u0443\u043c\u043a\u0430-\u0445\u043e\u043b\u043e\u0434\u0438\u043b\u044c\u043d\u0438\u043a Mobicool Sail 14 Coolbag - \u041c\u0430\u0433\u0430\u0437\u0438\u043d Xstyle\",\"isPartOf\":{\"@id\":\"https:\/\/xstyle.md\/#website\"},\"primaryImageOfPage\":{\"@id\":\"https:\/\/xstyle.md\/product\/sumka-holodil-nik-waeco-sail-14-coolbag\/#primaryimage\"},\"image\":{\"@id\":\"https:\/\/xstyle.md\/product\/sumka-holodil-nik-waeco-sail-14-coolbag\/#primaryimage\"},\"thumbnailUrl\":\"https:\/\/xstyle.md\/wp-content\/uploads\/2020\/07\/mobicool-sail-14-coolbag-0.jpg\",\"datePublished\":\"2020-07-17T08:52:15+00:00\",\"dateModified\":\"2026-04-07T12:22:56+00:00\",\"description\":\"\u0421\u0443\u043c\u043a\u0430-\u0445\u043e\u043b\u043e\u0434\u0438\u043b\u044c\u043d\u0438\u043a Mobicool Sail 14 \u0438\u0434\u0435\u0430\u043b\u044c\u043d\u043e \u043f\u043e\u0434\u0445\u043e\u0434\u0438\u0442 \u0434\u043b\u044f \u043f\u0438\u043a\u043d\u0438\u043a\u043e\u0432 \u0438 \u043f\u043e\u0435\u0437\u0434\u043e\u043a. \u0412\u043c\u0435\u0441\u0442\u0438\u043c\u043e\u0441\u0442\u044c 14 \u043b, \u043a\u0430\u0440\u043c\u0430\u043d\u044b \u0434\u043b\u044f \u0430\u043a\u0441\u0435\u0441\u0441\u0443\u0430\u0440\u043e\u0432 \u2014 \u0432\u0430\u0448 \u0438\u0434\u0435\u0430\u043b\u044c\u043d\u044b\u0439 \u0441\u043f\u0443\u0442\u043d\u0438\u043a!\",\"breadcrumb\":{\"@id\":\"https:\/\/xstyle.md\/product\/sumka-holodil-nik-waeco-sail-14-coolbag\/#breadcrumb\"},\"inLanguage\":\"ro-RO\",\"potentialAction\":[{\"@type\":\"ReadAction\",\"target\":[\"https:\/\/xstyle.md\/product\/sumka-holodil-nik-waeco-sail-14-coolbag\/\"]}]},{\"@type\":\"ImageObject\",\"inLanguage\":\"ro-RO\",\"@id\":\"https:\/\/xstyle.md\/product\/sumka-holodil-nik-waeco-sail-14-coolbag\/#primaryimage\",\"url\":\"https:\/\/xstyle.md\/wp-content\/uploads\/2020\/07\/mobicool-sail-14-coolbag-0.jpg\",\"contentUrl\":\"https:\/\/xstyle.md\/wp-content\/uploads\/2020\/07\/mobicool-sail-14-coolbag-0.jpg\",\"width\":649,\"height\":653,\"caption\":\"\u0422\u0430\u043c\u043e\u0436\u0435\u043d\u043d\u0430\u044f \u0441\u0443\u043c\u043a\u0430-\u0445\u043e\u043b\u043e\u0434\u0438\u043b\u044c\u043d\u0438\u043a Mobicool Sail 14 \u0434\u043b\u044f \u0430\u043a\u0442\u0438\u0432\u043d\u043e\u0433\u043e \u043e\u0442\u0434\u044b\u0445\u0430, \u043f\u0443\u0442\u0435\u0448\u0435\u0441\u0442\u0432\u0438\u0439, \u043f\u043e\u0445\u043e\u0434\u043e\u0432 \u0438 \u0430\u043b\u044c\u043f\u0438\u043d\u0438\u0437\u043c\u0430 \u0441 \u0442\u043a\u0430\u043d\u0435\u0432\u044b\u043c \u0434\u0438\u0437\u0430\u0439\u043d\u043e\u043c \u0434\u043b\u044f \u0441\u043f\u043e\u0440\u0442\u0438\u0432\u043d\u043e\u0439 \u043e\u0434\u0435\u0436\u0434\u044b \u0438 \u043e\u0431\u0443\u0432\u0438 \u0432 \u0438\u043d\u0442\u0435\u0440\u043d\u0435\u0442-\u043c\u0430\u0433\u0430\u0437\u0438\u043d\u0435 \u043e\u043f\u0442\u043e\u043c\"},{\"@type\":\"BreadcrumbList\",\"@id\":\"https:\/\/xstyle.md\/product\/sumka-holodil-nik-waeco-sail-14-coolbag\/#breadcrumb\",\"itemListElement\":[{\"@type\":\"ListItem\",\"position\":1,\"name\":\"\u0413\u043b\u0430\u0432\u043d\u0430\u044f \u0441\u0442\u0440\u0430\u043d\u0438\u0446\u0430\",\"item\":\"https:\/\/xstyle.md\/\"},{\"@type\":\"ListItem\",\"position\":2,\"name\":\"\u041c\u0430\u0433\u0430\u0437\u0438\u043d\",\"item\":\"https:\/\/xstyle.md\/shop\/\"},{\"@type\":\"ListItem\",\"position\":3,\"name\":\"\u0421\u0443\u043c\u043a\u0430-\u0445\u043e\u043b\u043e\u0434\u0438\u043b\u044c\u043d\u0438\u043a Mobicool Sail 14 Coolbag\"}]},{\"@type\":\"WebSite\",\"@id\":\"https:\/\/xstyle.md\/#website\",\"url\":\"https:\/\/xstyle.md\/\",\"name\":\"\u041c\u0430\u0433\u0430\u0437\u0438\u043d Xstyle\",\"description\":\"C\u043d\u0430\u0440\u044f\u0436\u0435\u043d\u0438\u0435 \u0434\u043b\u044f \u0442\u0443\u0440\u0438\u0437\u043c\u0430 \u0438 \u044d\u043a\u0441\u0442\u0440\u0435\u043c\u0430\u043b\u044c\u043d\u044b\u0445 \u0432\u0438\u0434\u043e\u0432 \u0441\u043f\u043e\u0440\u0442\u0430 \u0432 \u041c\u043e\u043b\u0434\u043e\u0432\u0435.. \u0426\u0435\u043d\u044b, \u0444\u043e\u0442\u043e, \u0445\u0430\u0440\u0430\u043a\u0442\u0435\u0440\u0438\u0441\u0442\u0438\u043a\u0438 \u0432 \u041c\u043e\u043b\u0434\u043e\u0432\u0435.\",\"publisher\":{\"@id\":\"https:\/\/xstyle.md\/#organization\"},\"alternateName\":\"X-Style\",\"potentialAction\":[{\"@type\":\"SearchAction\",\"target\":{\"@type\":\"EntryPoint\",\"urlTemplate\":\"https:\/\/xstyle.md\/?s={search_term_string}\"},\"query-input\":{\"@type\":\"PropertyValueSpecification\",\"valueRequired\":true,\"valueName\":\"search_term_string\"}}],\"inLanguage\":\"ro-RO\"},{\"@type\":\"Organization\",\"@id\":\"https:\/\/xstyle.md\/#organization\",\"name\":\"\u041c\u0430\u0433\u0430\u0437\u0438\u043d Xstyle\",\"alternateName\":\"x-style\",\"url\":\"https:\/\/xstyle.md\/\",\"logo\":{\"@type\":\"ImageObject\",\"inLanguage\":\"ro-RO\",\"@id\":\"https:\/\/xstyle.md\/#\/schema\/logo\/image\/\",\"url\":\"https:\/\/xstyle.md\/wp-content\/uploads\/2020\/06\/logoicon.svg\",\"contentUrl\":\"https:\/\/xstyle.md\/wp-content\/uploads\/2020\/06\/logoicon.svg\",\"caption\":\"\u041c\u0430\u0433\u0430\u0437\u0438\u043d Xstyle\"},\"image\":{\"@id\":\"https:\/\/xstyle.md\/#\/schema\/logo\/image\/\"},\"sameAs\":[\"https:\/\/www.facebook.com\/xstylemd\",\"https:\/\/www.instagram.com\/xstyle_md\/\",\"https:\/\/t.me\/xstyle_outdoor\"],\"hasMerchantReturnPolicy\":{\"@type\":\"MerchantReturnPolicy\",\"merchantReturnLink\":\"https:\/\/xstyle.md\/ro\/conditions\/\"}}]}<\/script>\n<meta property=\"product:price:amount\" content=\"450.00\" \/>\n<meta property=\"product:price:currency\" content=\"MDL\" \/>\n<meta property=\"og:availability\" content=\"instock\" \/>\n<meta property=\"product:availability\" content=\"instock\" \/>\n<meta property=\"product:retailer_item_id\" content=\"Sail14\" \/>\n<meta property=\"product:condition\" content=\"new\" \/>\n<!-- \/ Yoast SEO plugin. -->","yoast_head_json":{"title":"Geant\u0103 frigorific\u0103 Dometic Sail 14 Coolbag - Magazin Xstyle","description":"Geanta frigorific\u0103 Mobicool Sail 14 este perfect\u0103 pentru picnicuri \u0219i excursii. Capacitate de 14 l, buzunare pentru accesorii \u2014 tovar\u0103\u0219ul t\u0103u ideal!","robots":{"index":"index","follow":"follow","max-snippet":"max-snippet:-1","max-image-preview":"max-image-preview:large","max-video-preview":"max-video-preview:-1"},"canonical":"https:\/\/xstyle.md\/ro\/produs\/sumka-holodil-nik-waeco-sail-14-coolbag\/","og_locale":"ro_RO","og_type":"article","og_title":"\u0421\u0443\u043c\u043a\u0430-\u0445\u043e\u043b\u043e\u0434\u0438\u043b\u044c\u043d\u0438\u043a Mobicool Sail 14 Coolbag - \u041c\u0430\u0433\u0430\u0437\u0438\u043d Xstyle","og_description":"\u0421\u0443\u043c\u043a\u0430-\u0445\u043e\u043b\u043e\u0434\u0438\u043b\u044c\u043d\u0438\u043a Mobicool Sail 14 \u0438\u0434\u0435\u0430\u043b\u044c\u043d\u043e \u043f\u043e\u0434\u0445\u043e\u0434\u0438\u0442 \u0434\u043b\u044f \u043f\u0438\u043a\u043d\u0438\u043a\u043e\u0432 \u0438 \u043f\u043e\u0435\u0437\u0434\u043e\u043a. \u0412\u043c\u0435\u0441\u0442\u0438\u043c\u043e\u0441\u0442\u044c 14 \u043b, \u043a\u0430\u0440\u043c\u0430\u043d\u044b \u0434\u043b\u044f \u0430\u043a\u0441\u0435\u0441\u0441\u0443\u0430\u0440\u043e\u0432 \u2014 \u0432\u0430\u0448 \u0438\u0434\u0435\u0430\u043b\u044c\u043d\u044b\u0439 \u0441\u043f\u0443\u0442\u043d\u0438\u043a!","og_url":"https:\/\/xstyle.md\/ro\/produs\/sumka-holodil-nik-waeco-sail-14-coolbag\/","og_site_name":"\u041c\u0430\u0433\u0430\u0437\u0438\u043d Xstyle","article_publisher":"https:\/\/www.facebook.com\/xstylemd","article_modified_time":"2026-04-07T12:22:56+00:00","og_image":[{"width":649,"height":653,"url":"https:\/\/xstyle.md\/wp-content\/uploads\/2020\/07\/mobicool-sail-14-coolbag-0.jpg","type":"image\/jpeg"}],"twitter_card":"summary_large_image","twitter_misc":{"Pre\u021b":"450&nbsp;MDL","Disponibilitate":"\u00cen stoc"},"schema":{"@context":"https:\/\/schema.org","@graph":[{"@type":"WebPage","@id":"https:\/\/xstyle.md\/product\/sumka-holodil-nik-waeco-sail-14-coolbag\/","url":"https:\/\/xstyle.md\/product\/sumka-holodil-nik-waeco-sail-14-coolbag\/","name":"Geant\u0103 frigorific\u0103 Dometic Sail 14 Coolbag - Magazin Xstyle","isPartOf":{"@id":"https:\/\/xstyle.md\/#website"},"primaryImageOfPage":{"@id":"https:\/\/xstyle.md\/product\/sumka-holodil-nik-waeco-sail-14-coolbag\/#primaryimage"},"image":{"@id":"https:\/\/xstyle.md\/product\/sumka-holodil-nik-waeco-sail-14-coolbag\/#primaryimage"},"thumbnailUrl":"https:\/\/xstyle.md\/wp-content\/uploads\/2020\/07\/mobicool-sail-14-coolbag-0.jpg","datePublished":"2020-07-17T08:52:15+00:00","dateModified":"2026-04-07T12:22:56+00:00","description":"Geanta frigorific\u0103 Mobicool Sail 14 este perfect\u0103 pentru picnicuri \u0219i excursii. Capacitate de 14 l, buzunare pentru accesorii \u2014 tovar\u0103\u0219ul t\u0103u ideal!","breadcrumb":{"@id":"https:\/\/xstyle.md\/product\/sumka-holodil-nik-waeco-sail-14-coolbag\/#breadcrumb"},"inLanguage":"ro-RO","potentialAction":[{"@type":"ReadAction","target":["https:\/\/xstyle.md\/product\/sumka-holodil-nik-waeco-sail-14-coolbag\/"]}]},{"@type":"ImageObject","inLanguage":"ro-RO","@id":"https:\/\/xstyle.md\/product\/sumka-holodil-nik-waeco-sail-14-coolbag\/#primaryimage","url":"https:\/\/xstyle.md\/wp-content\/uploads\/2020\/07\/mobicool-sail-14-coolbag-0.jpg","contentUrl":"https:\/\/xstyle.md\/wp-content\/uploads\/2020\/07\/mobicool-sail-14-coolbag-0.jpg","width":649,"height":653,"caption":"\u0422\u0430\u043c\u043e\u0436\u0435\u043d\u043d\u0430\u044f \u0441\u0443\u043c\u043a\u0430-\u0445\u043e\u043b\u043e\u0434\u0438\u043b\u044c\u043d\u0438\u043a Mobicool Sail 14 \u0434\u043b\u044f \u0430\u043a\u0442\u0438\u0432\u043d\u043e\u0433\u043e \u043e\u0442\u0434\u044b\u0445\u0430, \u043f\u0443\u0442\u0435\u0448\u0435\u0441\u0442\u0432\u0438\u0439, \u043f\u043e\u0445\u043e\u0434\u043e\u0432 \u0438 \u0430\u043b\u044c\u043f\u0438\u043d\u0438\u0437\u043c\u0430 \u0441 \u0442\u043a\u0430\u043d\u0435\u0432\u044b\u043c \u0434\u0438\u0437\u0430\u0439\u043d\u043e\u043c \u0434\u043b\u044f \u0441\u043f\u043e\u0440\u0442\u0438\u0432\u043d\u043e\u0439 \u043e\u0434\u0435\u0436\u0434\u044b \u0438 \u043e\u0431\u0443\u0432\u0438 \u0432 \u0438\u043d\u0442\u0435\u0440\u043d\u0435\u0442-\u043c\u0430\u0433\u0430\u0437\u0438\u043d\u0435 \u043e\u043f\u0442\u043e\u043c"},{"@type":"BreadcrumbList","@id":"https:\/\/xstyle.md\/product\/sumka-holodil-nik-waeco-sail-14-coolbag\/#breadcrumb","itemListElement":[{"@type":"ListItem","position":1,"name":"\u0413\u043b\u0430\u0432\u043d\u0430\u044f \u0441\u0442\u0440\u0430\u043d\u0438\u0446\u0430","item":"https:\/\/xstyle.md\/"},{"@type":"ListItem","position":2,"name":"\u041c\u0430\u0433\u0430\u0437\u0438\u043d","item":"https:\/\/xstyle.md\/shop\/"},{"@type":"ListItem","position":3,"name":"\u0421\u0443\u043c\u043a\u0430-\u0445\u043e\u043b\u043e\u0434\u0438\u043b\u044c\u043d\u0438\u043a Mobicool Sail 14 Coolbag"}]},{"@type":"WebSite","@id":"https:\/\/xstyle.md\/#website","url":"https:\/\/xstyle.md\/","name":"Magazinul X-Style","description":"Echipamente pentru turism \u0219i sporturi extreme \u00een Moldova. Pre\u021buri, fotografii, caracteristici \u00een Moldova.","publisher":{"@id":"https:\/\/xstyle.md\/#organization"},"alternateName":"X-Style","potentialAction":[{"@type":"SearchAction","target":{"@type":"EntryPoint","urlTemplate":"https:\/\/xstyle.md\/?s={search_term_string}"},"query-input":{"@type":"PropertyValueSpecification","valueRequired":true,"valueName":"search_term_string"}}],"inLanguage":"ro-RO"},{"@type":"Organization","@id":"https:\/\/xstyle.md\/#organization","name":"Magazinul X-Style","alternateName":"x-style","url":"https:\/\/xstyle.md\/","logo":{"@type":"ImageObject","inLanguage":"ro-RO","@id":"https:\/\/xstyle.md\/#\/schema\/logo\/image\/","url":"https:\/\/xstyle.md\/wp-content\/uploads\/2020\/06\/logoicon.svg","contentUrl":"https:\/\/xstyle.md\/wp-content\/uploads\/2020\/06\/logoicon.svg","caption":"\u041c\u0430\u0433\u0430\u0437\u0438\u043d Xstyle"},"image":{"@id":"https:\/\/xstyle.md\/#\/schema\/logo\/image\/"},"sameAs":["https:\/\/www.facebook.com\/xstylemd","https:\/\/www.instagram.com\/xstyle_md\/","https:\/\/t.me\/xstyle_outdoor"],"hasMerchantReturnPolicy":{"@type":"MerchantReturnPolicy","merchantReturnLink":"https:\/\/xstyle.md\/ro\/conditions\/"}}]},"product_price_amount":"450.00","product_price_currency":"MDL","og_availability":"instock","product_availability":"instock","product_retailer_item_id":"Sail14","product_condition":"new"},"post_mailing_queue_ids":[],"_links":{"self":[{"href":"https:\/\/xstyle.md\/ro\/wp-json\/wp\/v2\/product\/12160","targetHints":{"allow":["GET"]}}],"collection":[{"href":"https:\/\/xstyle.md\/ro\/wp-json\/wp\/v2\/product"}],"about":[{"href":"https:\/\/xstyle.md\/ro\/wp-json\/wp\/v2\/types\/product"}],"replies":[{"embeddable":true,"href":"https:\/\/xstyle.md\/ro\/wp-json\/wp\/v2\/comments?post=12160"}],"wp:featuredmedia":[{"embeddable":true,"href":"https:\/\/xstyle.md\/ro\/wp-json\/wp\/v2\/media\/54755"}],"wp:attachment":[{"href":"https:\/\/xstyle.md\/ro\/wp-json\/wp\/v2\/media?parent=12160"}],"wp:term":[{"taxonomy":"product_brand","embeddable":true,"href":"https:\/\/xstyle.md\/ro\/wp-json\/wp\/v2\/product_brand?post=12160"},{"taxonomy":"product_cat","embeddable":true,"href":"https:\/\/xstyle.md\/ro\/wp-json\/wp\/v2\/product_cat?post=12160"},{"taxonomy":"product_tag","embeddable":true,"href":"https:\/\/xstyle.md\/ro\/wp-json\/wp\/v2\/product_tag?post=12160"}],"curies":[{"name":"wp","href":"https:\/\/api.w.org\/{rel}","templated":true}]}}