{"id":11975,"date":"2020-07-17T11:43:19","date_gmt":"2020-07-17T08:43:19","guid":{"rendered":"https:\/\/xstyle.md\/product\/tarelka-msr-deepdish-bowl"},"modified":"2025-09-03T20:00:16","modified_gmt":"2025-09-03T17:00:16","slug":"tarelka-msr-deepdish-bowl","status":"publish","type":"product","link":"https:\/\/xstyle.md\/ro\/produs\/tarelka-msr-deepdish-bowl\/","title":{"rendered":"Farfurie MSR DeepDish Bowl"},"content":{"rendered":"<\/p>\n<p><strong>Farfurie MSR DeepDish Bowl &#8212;\u00a0<\/strong>trainic\u0103, confortabil\u0103, ad\u00e2nc\u0103, din polipropilen\u0103. Perfect at\u00e2t pentru supe, c\u00e2t \u0219i pentru felul doi. Datorit\u0103 formei sale cu laturi \u00eenalte, acest bol este foarte convenabil pentru camping, atunci c\u00e2nd trebuie s\u0103 m\u00e2nca\u021bi pe copertin\u0103.<\/p>\n<h3>Particularit\u0103\u021bi<\/h3>\n<ul>\n<li>C\u00e2nt\u0103re\u0219te mai pu\u021bin dec\u00e2t orice plac\u0103 de c\u0103l\u0103torie din metal<\/li>\n<li>U\u0219or de cur\u0103\u021bat (poate fi sp\u0103lat\u0103 \u00een ma\u0219ina de sp\u0103lat vase la domiciliu)<\/li>\n<li>Rezist\u0103 la temperaturi de p\u00e2n\u0103 la 100C<\/li>\n<li>Nu se \u00eencre\u021be\u0219te, nu se zdruncin\u0103 \u00een timpul transportului<\/li>\n<li>Farfuriile pot fi stivuite una \u00een alta, precum \u0219i \u00een oalele MSR.<\/li>\n<\/ul>\n<h3>Caracteristici<\/h3>\n<ul>\n<li>Material &#8212; polipropilen\u0103<\/li>\n<li>Volum &#8212; 700 ml<\/li>\n<li>Dimensiuni &#8212; 13,5 x 6,3 cm<\/li>\n<li>Greutate &#8212; 60 g.<\/li>\n<\/ul>\n<h3>Marca<\/h3>\n<p>MSR este un cunoscut produc\u0103tor de articole sportive, care produce echipamente pentru alpini\u0219tii profesioni\u0219ti \u0219i pentru cei care prefer\u0103 activit\u0103\u021bile de agrement \u00een aer liber. Produsele sunt concepute pentru a face c\u00e2t mai u\u0219or posibil ca o persoan\u0103 s\u0103 r\u0103m\u00e2n\u0103 \u00een aer liber pentru perioade lungi de timp. Acestea sunt dispozitive universale care pot fi folosite at\u00e2t \u00eentr-o drume\u021bie obi\u0219nuit\u0103, c\u00e2t \u0219i \u00eentr-o expedi\u021bie complex\u0103.<\/p>\n<p><\/p>","protected":false},"excerpt":{"rendered":"<p>Farfurie MSR DeepDish Bowl<\/p>","protected":false},"featured_media":11973,"comment_status":"open","ping_status":"closed","template":"","meta":{"_acf_changed":false,"inline_featured_image":false},"product_brand":[1279],"product_cat":[151],"product_tag":[],"class_list":{"0":"post-11975","1":"product","2":"type-product","3":"status-publish","4":"has-post-thumbnail","6":"product_brand-msr","7":"product_cat-bowls-and-mugs","9":"first","10":"outofstock","11":"shipping-taxable","12":"product-type-simple"},"acf":[],"yoast_head":"<!-- This site is optimized with the Yoast SEO plugin v27.4 - https:\/\/yoast.com\/product\/yoast-seo-wordpress\/ -->\n<title>\u0422\u0430\u0440\u0435\u043b\u043a\u0430 MSR DeepDish Bowl - \u041c\u0430\u0433\u0430\u0437\u0438\u043d Xstyle<\/title>\n<meta name=\"description\" content=\"\u0422\u0430\u0440\u0435\u043b\u043a\u0430 MSR DeepDish Bowl: \u043f\u0440\u043e\u0447\u043d\u0430\u044f, \u043b\u0435\u0433\u043a\u0430\u044f \u0438 \u0443\u0434\u043e\u0431\u043d\u0430\u044f \u0434\u043b\u044f \u043a\u0435\u043c\u043f\u0438\u043d\u0433\u0430. \u0418\u0434\u0435\u0430\u043b\u044c\u043d\u0430 \u0434\u043b\u044f \u0441\u0443\u043f\u043e\u0432 \u0438 \u0433\u043e\u0440\u044f\u0447\u0438\u0445 \u0431\u043b\u044e\u0434. \u041b\u0435\u0433\u043a\u043e \u0447\u0438\u0441\u0442\u0438\u0442\u0441\u044f \u0438 \u043a\u043e\u043c\u043f\u0430\u043a\u0442\u043d\u0430 \u0434\u043b\u044f \u043f\u0443\u0442\u0435\u0448\u0435\u0441\u0442\u0432\u0438\u0439.\" \/>\n<meta name=\"robots\" content=\"index, follow, max-snippet:-1, max-image-preview:large, max-video-preview:-1\" \/>\n<link rel=\"canonical\" href=\"https:\/\/xstyle.md\/ro\/produs\/tarelka-msr-deepdish-bowl\/\" \/>\n<meta property=\"og:locale\" content=\"ro_RO\" \/>\n<meta property=\"og:type\" content=\"article\" \/>\n<meta property=\"og:title\" content=\"\u0422\u0430\u0440\u0435\u043b\u043a\u0430 MSR DeepDish Bowl - \u041c\u0430\u0433\u0430\u0437\u0438\u043d Xstyle\" \/>\n<meta property=\"og:description\" content=\"\u0422\u0430\u0440\u0435\u043b\u043a\u0430 MSR DeepDish Bowl: \u043f\u0440\u043e\u0447\u043d\u0430\u044f, \u043b\u0435\u0433\u043a\u0430\u044f \u0438 \u0443\u0434\u043e\u0431\u043d\u0430\u044f \u0434\u043b\u044f \u043a\u0435\u043c\u043f\u0438\u043d\u0433\u0430. \u0418\u0434\u0435\u0430\u043b\u044c\u043d\u0430 \u0434\u043b\u044f \u0441\u0443\u043f\u043e\u0432 \u0438 \u0433\u043e\u0440\u044f\u0447\u0438\u0445 \u0431\u043b\u044e\u0434. \u041b\u0435\u0433\u043a\u043e \u0447\u0438\u0441\u0442\u0438\u0442\u0441\u044f \u0438 \u043a\u043e\u043c\u043f\u0430\u043a\u0442\u043d\u0430 \u0434\u043b\u044f \u043f\u0443\u0442\u0435\u0448\u0435\u0441\u0442\u0432\u0438\u0439.\" \/>\n<meta property=\"og:url\" content=\"https:\/\/xstyle.md\/ro\/produs\/tarelka-msr-deepdish-bowl\/\" \/>\n<meta property=\"og:site_name\" content=\"\u041c\u0430\u0433\u0430\u0437\u0438\u043d Xstyle\" \/>\n<meta property=\"article:publisher\" content=\"https:\/\/www.facebook.com\/xstylemd\" \/>\n<meta property=\"article:modified_time\" content=\"2025-09-03T17:00:16+00:00\" \/>\n<meta property=\"og:image\" content=\"https:\/\/xstyle.md\/wp-content\/uploads\/2020\/07\/7055_6.jpg\" \/>\n\t<meta property=\"og:image:width\" content=\"557\" \/>\n\t<meta property=\"og:image:height\" content=\"400\" \/>\n\t<meta property=\"og:image:type\" content=\"image\/jpeg\" \/>\n<meta name=\"twitter:card\" content=\"summary_large_image\" \/>\n<meta name=\"twitter:label1\" content=\"Pre\u021b\" \/>\n\t<meta name=\"twitter:data1\" content=\"230&nbsp;MDL\" \/>\n\t<meta name=\"twitter:label2\" content=\"Disponibilitate\" \/>\n\t<meta name=\"twitter:data2\" content=\"Stoc epuizat\" \/>\n<script type=\"application\/ld+json\" class=\"yoast-schema-graph\">{\"@context\":\"https:\\\/\\\/schema.org\",\"@graph\":[{\"@type\":\"WebPage\",\"@id\":\"https:\\\/\\\/xstyle.md\\\/product\\\/tarelka-msr-deepdish-bowl\\\/\",\"url\":\"https:\\\/\\\/xstyle.md\\\/product\\\/tarelka-msr-deepdish-bowl\\\/\",\"name\":\"\u0422\u0430\u0440\u0435\u043b\u043a\u0430 MSR DeepDish Bowl - \u041c\u0430\u0433\u0430\u0437\u0438\u043d Xstyle\",\"isPartOf\":{\"@id\":\"https:\\\/\\\/xstyle.md\\\/#website\"},\"primaryImageOfPage\":{\"@id\":\"https:\\\/\\\/xstyle.md\\\/product\\\/tarelka-msr-deepdish-bowl\\\/#primaryimage\"},\"image\":{\"@id\":\"https:\\\/\\\/xstyle.md\\\/product\\\/tarelka-msr-deepdish-bowl\\\/#primaryimage\"},\"thumbnailUrl\":\"https:\\\/\\\/xstyle.md\\\/wp-content\\\/uploads\\\/2020\\\/07\\\/7055_6.jpg\",\"datePublished\":\"2020-07-17T08:43:19+00:00\",\"dateModified\":\"2025-09-03T17:00:16+00:00\",\"description\":\"\u0422\u0430\u0440\u0435\u043b\u043a\u0430 MSR DeepDish Bowl: \u043f\u0440\u043e\u0447\u043d\u0430\u044f, \u043b\u0435\u0433\u043a\u0430\u044f \u0438 \u0443\u0434\u043e\u0431\u043d\u0430\u044f \u0434\u043b\u044f \u043a\u0435\u043c\u043f\u0438\u043d\u0433\u0430. \u0418\u0434\u0435\u0430\u043b\u044c\u043d\u0430 \u0434\u043b\u044f \u0441\u0443\u043f\u043e\u0432 \u0438 \u0433\u043e\u0440\u044f\u0447\u0438\u0445 \u0431\u043b\u044e\u0434. \u041b\u0435\u0433\u043a\u043e \u0447\u0438\u0441\u0442\u0438\u0442\u0441\u044f \u0438 \u043a\u043e\u043c\u043f\u0430\u043a\u0442\u043d\u0430 \u0434\u043b\u044f \u043f\u0443\u0442\u0435\u0448\u0435\u0441\u0442\u0432\u0438\u0439.\",\"breadcrumb\":{\"@id\":\"https:\\\/\\\/xstyle.md\\\/product\\\/tarelka-msr-deepdish-bowl\\\/#breadcrumb\"},\"inLanguage\":\"ro-RO\",\"potentialAction\":[{\"@type\":\"ReadAction\",\"target\":[\"https:\\\/\\\/xstyle.md\\\/product\\\/tarelka-msr-deepdish-bowl\\\/\"]}]},{\"@type\":\"ImageObject\",\"inLanguage\":\"ro-RO\",\"@id\":\"https:\\\/\\\/xstyle.md\\\/product\\\/tarelka-msr-deepdish-bowl\\\/#primaryimage\",\"url\":\"https:\\\/\\\/xstyle.md\\\/wp-content\\\/uploads\\\/2020\\\/07\\\/7055_6.jpg\",\"contentUrl\":\"https:\\\/\\\/xstyle.md\\\/wp-content\\\/uploads\\\/2020\\\/07\\\/7055_6.jpg\",\"width\":557,\"height\":400},{\"@type\":\"BreadcrumbList\",\"@id\":\"https:\\\/\\\/xstyle.md\\\/product\\\/tarelka-msr-deepdish-bowl\\\/#breadcrumb\",\"itemListElement\":[{\"@type\":\"ListItem\",\"position\":1,\"name\":\"\u0413\u043b\u0430\u0432\u043d\u0430\u044f \u0441\u0442\u0440\u0430\u043d\u0438\u0446\u0430\",\"item\":\"https:\\\/\\\/xstyle.md\\\/\"},{\"@type\":\"ListItem\",\"position\":2,\"name\":\"\u041c\u0430\u0433\u0430\u0437\u0438\u043d\",\"item\":\"https:\\\/\\\/xstyle.md\\\/shop\\\/\"},{\"@type\":\"ListItem\",\"position\":3,\"name\":\"\u0422\u0430\u0440\u0435\u043b\u043a\u0430 MSR DeepDish Bowl\"}]},{\"@type\":\"WebSite\",\"@id\":\"https:\\\/\\\/xstyle.md\\\/#website\",\"url\":\"https:\\\/\\\/xstyle.md\\\/\",\"name\":\"\u041c\u0430\u0433\u0430\u0437\u0438\u043d Xstyle\",\"description\":\"C\u043d\u0430\u0440\u044f\u0436\u0435\u043d\u0438\u0435 \u0434\u043b\u044f \u0442\u0443\u0440\u0438\u0437\u043c\u0430 \u0438 \u044d\u043a\u0441\u0442\u0440\u0435\u043c\u0430\u043b\u044c\u043d\u044b\u0445 \u0432\u0438\u0434\u043e\u0432 \u0441\u043f\u043e\u0440\u0442\u0430 \u0432 \u041c\u043e\u043b\u0434\u043e\u0432\u0435.. \u0426\u0435\u043d\u044b, \u0444\u043e\u0442\u043e, \u0445\u0430\u0440\u0430\u043a\u0442\u0435\u0440\u0438\u0441\u0442\u0438\u043a\u0438 \u0432 \u041c\u043e\u043b\u0434\u043e\u0432\u0435.\",\"publisher\":{\"@id\":\"https:\\\/\\\/xstyle.md\\\/#organization\"},\"alternateName\":\"X-Style\",\"potentialAction\":[{\"@type\":\"SearchAction\",\"target\":{\"@type\":\"EntryPoint\",\"urlTemplate\":\"https:\\\/\\\/xstyle.md\\\/?s={search_term_string}\"},\"query-input\":{\"@type\":\"PropertyValueSpecification\",\"valueRequired\":true,\"valueName\":\"search_term_string\"}}],\"inLanguage\":\"ro-RO\"},{\"@type\":\"Organization\",\"@id\":\"https:\\\/\\\/xstyle.md\\\/#organization\",\"name\":\"\u041c\u0430\u0433\u0430\u0437\u0438\u043d Xstyle\",\"alternateName\":\"x-style\",\"url\":\"https:\\\/\\\/xstyle.md\\\/\",\"logo\":{\"@type\":\"ImageObject\",\"inLanguage\":\"ro-RO\",\"@id\":\"https:\\\/\\\/xstyle.md\\\/#\\\/schema\\\/logo\\\/image\\\/\",\"url\":\"https:\\\/\\\/xstyle.md\\\/wp-content\\\/uploads\\\/2020\\\/06\\\/logoicon.svg\",\"contentUrl\":\"https:\\\/\\\/xstyle.md\\\/wp-content\\\/uploads\\\/2020\\\/06\\\/logoicon.svg\",\"caption\":\"\u041c\u0430\u0433\u0430\u0437\u0438\u043d Xstyle\"},\"image\":{\"@id\":\"https:\\\/\\\/xstyle.md\\\/#\\\/schema\\\/logo\\\/image\\\/\"},\"sameAs\":[\"https:\\\/\\\/www.facebook.com\\\/xstylemd\",\"https:\\\/\\\/www.instagram.com\\\/xstyle_md\\\/\",\"https:\\\/\\\/t.me\\\/xstyle_outdoor\"],\"hasMerchantReturnPolicy\":{\"@type\":\"MerchantReturnPolicy\",\"merchantReturnLink\":\"https:\\\/\\\/xstyle.md\\\/ro\\\/conditions\\\/\"}}]}<\/script>\n<meta property=\"product:price:amount\" content=\"230.00\" \/>\n<meta property=\"product:price:currency\" content=\"MDL\" \/>\n<meta property=\"og:availability\" content=\"out of stock\" \/>\n<meta property=\"product:availability\" content=\"out of stock\" \/>\n<meta property=\"product:retailer_item_id\" content=\"40818065983\" \/>\n<meta property=\"product:condition\" content=\"new\" \/>\n<!-- \/ Yoast SEO plugin. -->","yoast_head_json":{"title":"Farfurie MSR DeepDish Bowl - Magazin Xstyle","description":"Tava MSR DeepDish Bowl: durabil\u0103, u\u0219oar\u0103 \u0219i confortabil\u0103 pentru camping. Ideal\u0103 pentru supe \u0219i m\u00e2nc\u0103ruri calde. Se cur\u0103\u021b\u0103 u\u0219or \u0219i este compact\u0103 pentru c\u0103l\u0103torii.","robots":{"index":"index","follow":"follow","max-snippet":"max-snippet:-1","max-image-preview":"max-image-preview:large","max-video-preview":"max-video-preview:-1"},"canonical":"https:\/\/xstyle.md\/ro\/produs\/tarelka-msr-deepdish-bowl\/","og_locale":"ro_RO","og_type":"article","og_title":"\u0422\u0430\u0440\u0435\u043b\u043a\u0430 MSR DeepDish Bowl - \u041c\u0430\u0433\u0430\u0437\u0438\u043d Xstyle","og_description":"\u0422\u0430\u0440\u0435\u043b\u043a\u0430 MSR DeepDish Bowl: \u043f\u0440\u043e\u0447\u043d\u0430\u044f, \u043b\u0435\u0433\u043a\u0430\u044f \u0438 \u0443\u0434\u043e\u0431\u043d\u0430\u044f \u0434\u043b\u044f \u043a\u0435\u043c\u043f\u0438\u043d\u0433\u0430. \u0418\u0434\u0435\u0430\u043b\u044c\u043d\u0430 \u0434\u043b\u044f \u0441\u0443\u043f\u043e\u0432 \u0438 \u0433\u043e\u0440\u044f\u0447\u0438\u0445 \u0431\u043b\u044e\u0434. \u041b\u0435\u0433\u043a\u043e \u0447\u0438\u0441\u0442\u0438\u0442\u0441\u044f \u0438 \u043a\u043e\u043c\u043f\u0430\u043a\u0442\u043d\u0430 \u0434\u043b\u044f \u043f\u0443\u0442\u0435\u0448\u0435\u0441\u0442\u0432\u0438\u0439.","og_url":"https:\/\/xstyle.md\/ro\/produs\/tarelka-msr-deepdish-bowl\/","og_site_name":"\u041c\u0430\u0433\u0430\u0437\u0438\u043d Xstyle","article_publisher":"https:\/\/www.facebook.com\/xstylemd","article_modified_time":"2025-09-03T17:00:16+00:00","og_image":[{"width":557,"height":400,"url":"https:\/\/xstyle.md\/wp-content\/uploads\/2020\/07\/7055_6.jpg","type":"image\/jpeg"}],"twitter_card":"summary_large_image","twitter_misc":{"Pre\u021b":"230&nbsp;MDL","Disponibilitate":"Stoc epuizat"},"schema":{"@context":"https:\/\/schema.org","@graph":[{"@type":"WebPage","@id":"https:\/\/xstyle.md\/product\/tarelka-msr-deepdish-bowl\/","url":"https:\/\/xstyle.md\/product\/tarelka-msr-deepdish-bowl\/","name":"Farfurie MSR DeepDish Bowl - Magazin Xstyle","isPartOf":{"@id":"https:\/\/xstyle.md\/#website"},"primaryImageOfPage":{"@id":"https:\/\/xstyle.md\/product\/tarelka-msr-deepdish-bowl\/#primaryimage"},"image":{"@id":"https:\/\/xstyle.md\/product\/tarelka-msr-deepdish-bowl\/#primaryimage"},"thumbnailUrl":"https:\/\/xstyle.md\/wp-content\/uploads\/2020\/07\/7055_6.jpg","datePublished":"2020-07-17T08:43:19+00:00","dateModified":"2025-09-03T17:00:16+00:00","description":"Tava MSR DeepDish Bowl: durabil\u0103, u\u0219oar\u0103 \u0219i confortabil\u0103 pentru camping. Ideal\u0103 pentru supe \u0219i m\u00e2nc\u0103ruri calde. Se cur\u0103\u021b\u0103 u\u0219or \u0219i este compact\u0103 pentru c\u0103l\u0103torii.","breadcrumb":{"@id":"https:\/\/xstyle.md\/product\/tarelka-msr-deepdish-bowl\/#breadcrumb"},"inLanguage":"ro-RO","potentialAction":[{"@type":"ReadAction","target":["https:\/\/xstyle.md\/product\/tarelka-msr-deepdish-bowl\/"]}]},{"@type":"ImageObject","inLanguage":"ro-RO","@id":"https:\/\/xstyle.md\/product\/tarelka-msr-deepdish-bowl\/#primaryimage","url":"https:\/\/xstyle.md\/wp-content\/uploads\/2020\/07\/7055_6.jpg","contentUrl":"https:\/\/xstyle.md\/wp-content\/uploads\/2020\/07\/7055_6.jpg","width":557,"height":400},{"@type":"BreadcrumbList","@id":"https:\/\/xstyle.md\/product\/tarelka-msr-deepdish-bowl\/#breadcrumb","itemListElement":[{"@type":"ListItem","position":1,"name":"\u0413\u043b\u0430\u0432\u043d\u0430\u044f \u0441\u0442\u0440\u0430\u043d\u0438\u0446\u0430","item":"https:\/\/xstyle.md\/"},{"@type":"ListItem","position":2,"name":"\u041c\u0430\u0433\u0430\u0437\u0438\u043d","item":"https:\/\/xstyle.md\/shop\/"},{"@type":"ListItem","position":3,"name":"\u0422\u0430\u0440\u0435\u043b\u043a\u0430 MSR DeepDish Bowl"}]},{"@type":"WebSite","@id":"https:\/\/xstyle.md\/#website","url":"https:\/\/xstyle.md\/","name":"Magazinul X-Style","description":"Echipamente pentru turism \u0219i sporturi extreme \u00een Moldova. Pre\u021buri, fotografii, caracteristici \u00een Moldova.","publisher":{"@id":"https:\/\/xstyle.md\/#organization"},"alternateName":"X-Style","potentialAction":[{"@type":"SearchAction","target":{"@type":"EntryPoint","urlTemplate":"https:\/\/xstyle.md\/?s={search_term_string}"},"query-input":{"@type":"PropertyValueSpecification","valueRequired":true,"valueName":"search_term_string"}}],"inLanguage":"ro-RO"},{"@type":"Organization","@id":"https:\/\/xstyle.md\/#organization","name":"Magazinul X-Style","alternateName":"x-style","url":"https:\/\/xstyle.md\/","logo":{"@type":"ImageObject","inLanguage":"ro-RO","@id":"https:\/\/xstyle.md\/#\/schema\/logo\/image\/","url":"https:\/\/xstyle.md\/wp-content\/uploads\/2020\/06\/logoicon.svg","contentUrl":"https:\/\/xstyle.md\/wp-content\/uploads\/2020\/06\/logoicon.svg","caption":"\u041c\u0430\u0433\u0430\u0437\u0438\u043d Xstyle"},"image":{"@id":"https:\/\/xstyle.md\/#\/schema\/logo\/image\/"},"sameAs":["https:\/\/www.facebook.com\/xstylemd","https:\/\/www.instagram.com\/xstyle_md\/","https:\/\/t.me\/xstyle_outdoor"],"hasMerchantReturnPolicy":{"@type":"MerchantReturnPolicy","merchantReturnLink":"https:\/\/xstyle.md\/ro\/conditions\/"}}]},"product_price_amount":"230.00","product_price_currency":"MDL","og_availability":"out of stock","product_availability":"out of stock","product_retailer_item_id":"40818065983","product_condition":"new"},"post_mailing_queue_ids":[],"_links":{"self":[{"href":"https:\/\/xstyle.md\/ro\/wp-json\/wp\/v2\/product\/11975","targetHints":{"allow":["GET"]}}],"collection":[{"href":"https:\/\/xstyle.md\/ro\/wp-json\/wp\/v2\/product"}],"about":[{"href":"https:\/\/xstyle.md\/ro\/wp-json\/wp\/v2\/types\/product"}],"replies":[{"embeddable":true,"href":"https:\/\/xstyle.md\/ro\/wp-json\/wp\/v2\/comments?post=11975"}],"wp:featuredmedia":[{"embeddable":true,"href":"https:\/\/xstyle.md\/ro\/wp-json\/wp\/v2\/media\/11973"}],"wp:attachment":[{"href":"https:\/\/xstyle.md\/ro\/wp-json\/wp\/v2\/media?parent=11975"}],"wp:term":[{"taxonomy":"product_brand","embeddable":true,"href":"https:\/\/xstyle.md\/ro\/wp-json\/wp\/v2\/product_brand?post=11975"},{"taxonomy":"product_cat","embeddable":true,"href":"https:\/\/xstyle.md\/ro\/wp-json\/wp\/v2\/product_cat?post=11975"},{"taxonomy":"product_tag","embeddable":true,"href":"https:\/\/xstyle.md\/ro\/wp-json\/wp\/v2\/product_tag?post=11975"}],"curies":[{"name":"wp","href":"https:\/\/api.w.org\/{rel}","templated":true}]}}