{"id":11972,"date":"2020-07-17T11:43:11","date_gmt":"2020-07-17T08:43:11","guid":{"rendered":"https:\/\/xstyle.md\/product\/remen-yoga-asana-belt-2-5-h-38-sm"},"modified":"2025-06-30T16:08:39","modified_gmt":"2025-06-30T13:08:39","slug":"remen-yoga-asana-belt-2-5-h-38-sm","status":"publish","type":"product","link":"https:\/\/xstyle.md\/ro\/produs\/remen-yoga-asana-belt-2-5-h-38-sm\/","title":{"rendered":"Centur\u0103 Yoga Asana Belt 2.5 x 38 cm"},"content":{"rendered":"<\/p>\n<p><strong>Band\u0103 Yoga Asana Belt 2.5 \u0445 38 \u0441\u043c<\/strong>&nbsp; &#8212; predestinate pentru antrenamente de yoga, permit chiar \u0219i persoanelor mai pu\u021bin flexibile s\u0103 &icirc;nve\u021be rapid exerci\u021bii de asana. \u0218i nu v\u0103 teme\u021bi de posibila inflexibilitate a corpului vostru. O curea de yoga te va preg\u0103ti treptat pentru acele asanas care la prima vedere par imposibile. Utilizarea unei centuri pentru yoga va ajuta la c&acirc;\u0219tigul de siguran\u021b\u0103 &icirc;n propriile for\u021be. &Icirc;n acela\u0219i timp, nu va permite s\u0103 fi\u021bi distras de obstacole temporare asociate cu o flexibilitate insuficient\u0103.<\/p>\n<p>Acesta este un asistent indispensabil &icirc;n timpul practic\u0103rii, deoarece numai cu ajutorul s\u0103u putem atinge acele p\u0103r\u021bi ale corpului care, f\u0103r\u0103 el, ni se par de neatins. Acestea &icirc;mpiedic\u0103 alunecarea \u0219i creeaz\u0103 confort &icirc;ntr-o anumit\u0103 pozi\u021bie. Curelele sunt confec\u021bionate din bumbac, deci sunt durabile, capabile s\u0103 reziste la sarcini grele, au ajust\u0103ri convenabile care te vor fixa &icirc;n pozi\u021bia aleas\u0103. Folosind curele de yoga, se pot evita r\u0103nile. Este recomandabil s\u0103 aduci aceste accesorii cu tine chiar \u0219i &icirc;n etapele ini\u021biale ale antrenamentului.<\/p>\n<h3>Specifica\u021bii<\/h3>\n<ul>\n<li>cureaua de yoga permite chiar \u0219i &icirc;ncep\u0103torilor s\u0103 practice bine yoga<\/li>\n<li>lungimea centurii poate fi reglat\u0103, ceea ce este foarte convenabil<\/li>\n<li>&icirc;n func\u021bie de gradul de progres realizat, centura poate fi scurtat\u0103<\/li>\n<li>carabinul adaptat este u\u0219or de reglat, fixat &icirc;n siguran\u021b\u0103 \u0219i rapid<\/li>\n<\/ul>\n<h3>Caracteristici<\/h3>\n<ul>\n<li>dimensiune: 2,5 x 38 mm<\/li>\n<li>material: bumbac 100%<\/li>\n<\/ul>\n<p><\/p>","protected":false},"excerpt":{"rendered":"<p>Centur\u0103 Yoga Asana Belt 2.5 x 38 cm<\/p>","protected":false},"featured_media":11971,"comment_status":"open","ping_status":"closed","template":"","meta":{"_acf_changed":false,"inline_featured_image":false},"product_brand":[1359],"product_cat":[474],"product_tag":[],"class_list":{"0":"post-11972","1":"product","2":"type-product","3":"status-publish","4":"has-post-thumbnail","6":"product_brand-bodhy-yoga","7":"product_cat-yoga-mats","9":"first","10":"instock","11":"shipping-taxable","12":"purchasable","13":"product-type-simple"},"acf":[],"yoast_head":"<!-- This site is optimized with the Yoast SEO plugin v27.2 - https:\/\/yoast.com\/product\/yoast-seo-wordpress\/ -->\n<title>\u0420\u0435\u043c\u0435\u043d\u044c Yoga Asana Belt 2.5 \u0445 38 \u0441\u043c - \u041c\u0430\u0433\u0430\u0437\u0438\u043d Xstyle<\/title>\n<meta name=\"description\" content=\"\u041e\u0442\u043a\u0440\u043e\u0439\u0442\u0435 \u0434\u043b\u044f \u0441\u0435\u0431\u044f \u0440\u0435\u043c\u0435\u043d\u044c Yoga Asana Belt 2.5 \u0445 38 \u0441\u043c \u0434\u043b\u044f \u0439\u043e\u0433\u0438. \u0418\u0434\u0435\u0430\u043b\u044c\u043d\u044b\u0439 \u043f\u043e\u043c\u043e\u0449\u043d\u0438\u043a \u0434\u043b\u044f \u043d\u043e\u0432\u0438\u0447\u043a\u043e\u0432 \u0438 \u0443\u043b\u0443\u0447\u0448\u0435\u043d\u0438\u044f \u0433\u0438\u0431\u043a\u043e\u0441\u0442\u0438. \u0417\u0430\u043d\u0438\u043c\u0430\u0439\u0442\u0435\u0441\u044c \u0441 \u0443\u0434\u043e\u0432\u043e\u043b\u044c\u0441\u0442\u0432\u0438\u0435\u043c!\" \/>\n<meta name=\"robots\" content=\"index, follow, max-snippet:-1, max-image-preview:large, max-video-preview:-1\" \/>\n<link rel=\"canonical\" href=\"https:\/\/xstyle.md\/ro\/produs\/remen-yoga-asana-belt-2-5-h-38-sm\/\" \/>\n<meta property=\"og:locale\" content=\"ro_RO\" \/>\n<meta property=\"og:type\" content=\"article\" \/>\n<meta property=\"og:title\" content=\"\u0420\u0435\u043c\u0435\u043d\u044c Yoga Asana Belt 2.5 \u0445 38 \u0441\u043c - \u041c\u0430\u0433\u0430\u0437\u0438\u043d Xstyle\" \/>\n<meta property=\"og:description\" content=\"\u041e\u0442\u043a\u0440\u043e\u0439\u0442\u0435 \u0434\u043b\u044f \u0441\u0435\u0431\u044f \u0440\u0435\u043c\u0435\u043d\u044c Yoga Asana Belt 2.5 \u0445 38 \u0441\u043c \u0434\u043b\u044f \u0439\u043e\u0433\u0438. \u0418\u0434\u0435\u0430\u043b\u044c\u043d\u044b\u0439 \u043f\u043e\u043c\u043e\u0449\u043d\u0438\u043a \u0434\u043b\u044f \u043d\u043e\u0432\u0438\u0447\u043a\u043e\u0432 \u0438 \u0443\u043b\u0443\u0447\u0448\u0435\u043d\u0438\u044f \u0433\u0438\u0431\u043a\u043e\u0441\u0442\u0438. \u0417\u0430\u043d\u0438\u043c\u0430\u0439\u0442\u0435\u0441\u044c \u0441 \u0443\u0434\u043e\u0432\u043e\u043b\u044c\u0441\u0442\u0432\u0438\u0435\u043c!\" \/>\n<meta property=\"og:url\" content=\"https:\/\/xstyle.md\/ro\/produs\/remen-yoga-asana-belt-2-5-h-38-sm\/\" \/>\n<meta property=\"og:site_name\" content=\"\u041c\u0430\u0433\u0430\u0437\u0438\u043d Xstyle\" \/>\n<meta property=\"article:publisher\" content=\"https:\/\/www.facebook.com\/xstylemd\" \/>\n<meta property=\"article:modified_time\" content=\"2025-06-30T13:08:39+00:00\" \/>\n<meta property=\"og:image\" content=\"https:\/\/xstyle.md\/wp-content\/uploads\/2020\/07\/remen-dlja-jogi-bodhi.jpg\" \/>\n\t<meta property=\"og:image:width\" content=\"600\" \/>\n\t<meta property=\"og:image:height\" content=\"600\" \/>\n\t<meta property=\"og:image:type\" content=\"image\/jpeg\" \/>\n<meta name=\"twitter:card\" content=\"summary_large_image\" \/>\n<meta name=\"twitter:label1\" content=\"Pre\u021b\" \/>\n\t<meta name=\"twitter:data1\" content=\"225&nbsp;MDL\" \/>\n\t<meta name=\"twitter:label2\" content=\"Disponibilitate\" \/>\n\t<meta name=\"twitter:data2\" content=\"\u00cen stoc\" \/>\n<script type=\"application\/ld+json\" class=\"yoast-schema-graph\">{\"@context\":\"https:\/\/schema.org\",\"@graph\":[{\"@type\":\"WebPage\",\"@id\":\"https:\/\/xstyle.md\/product\/remen-yoga-asana-belt-2-5-h-38-sm\/\",\"url\":\"https:\/\/xstyle.md\/product\/remen-yoga-asana-belt-2-5-h-38-sm\/\",\"name\":\"\u0420\u0435\u043c\u0435\u043d\u044c Yoga Asana Belt 2.5 \u0445 38 \u0441\u043c - \u041c\u0430\u0433\u0430\u0437\u0438\u043d Xstyle\",\"isPartOf\":{\"@id\":\"https:\/\/xstyle.md\/#website\"},\"primaryImageOfPage\":{\"@id\":\"https:\/\/xstyle.md\/product\/remen-yoga-asana-belt-2-5-h-38-sm\/#primaryimage\"},\"image\":{\"@id\":\"https:\/\/xstyle.md\/product\/remen-yoga-asana-belt-2-5-h-38-sm\/#primaryimage\"},\"thumbnailUrl\":\"https:\/\/xstyle.md\/wp-content\/uploads\/2020\/07\/remen-dlja-jogi-bodhi.jpg\",\"datePublished\":\"2020-07-17T08:43:11+00:00\",\"dateModified\":\"2025-06-30T13:08:39+00:00\",\"description\":\"\u041e\u0442\u043a\u0440\u043e\u0439\u0442\u0435 \u0434\u043b\u044f \u0441\u0435\u0431\u044f \u0440\u0435\u043c\u0435\u043d\u044c Yoga Asana Belt 2.5 \u0445 38 \u0441\u043c \u0434\u043b\u044f \u0439\u043e\u0433\u0438. \u0418\u0434\u0435\u0430\u043b\u044c\u043d\u044b\u0439 \u043f\u043e\u043c\u043e\u0449\u043d\u0438\u043a \u0434\u043b\u044f \u043d\u043e\u0432\u0438\u0447\u043a\u043e\u0432 \u0438 \u0443\u043b\u0443\u0447\u0448\u0435\u043d\u0438\u044f \u0433\u0438\u0431\u043a\u043e\u0441\u0442\u0438. \u0417\u0430\u043d\u0438\u043c\u0430\u0439\u0442\u0435\u0441\u044c \u0441 \u0443\u0434\u043e\u0432\u043e\u043b\u044c\u0441\u0442\u0432\u0438\u0435\u043c!\",\"breadcrumb\":{\"@id\":\"https:\/\/xstyle.md\/product\/remen-yoga-asana-belt-2-5-h-38-sm\/#breadcrumb\"},\"inLanguage\":\"ro-RO\",\"potentialAction\":[{\"@type\":\"ReadAction\",\"target\":[\"https:\/\/xstyle.md\/product\/remen-yoga-asana-belt-2-5-h-38-sm\/\"]}]},{\"@type\":\"ImageObject\",\"inLanguage\":\"ro-RO\",\"@id\":\"https:\/\/xstyle.md\/product\/remen-yoga-asana-belt-2-5-h-38-sm\/#primaryimage\",\"url\":\"https:\/\/xstyle.md\/wp-content\/uploads\/2020\/07\/remen-dlja-jogi-bodhi.jpg\",\"contentUrl\":\"https:\/\/xstyle.md\/wp-content\/uploads\/2020\/07\/remen-dlja-jogi-bodhi.jpg\",\"width\":600,\"height\":600},{\"@type\":\"BreadcrumbList\",\"@id\":\"https:\/\/xstyle.md\/product\/remen-yoga-asana-belt-2-5-h-38-sm\/#breadcrumb\",\"itemListElement\":[{\"@type\":\"ListItem\",\"position\":1,\"name\":\"\u0413\u043b\u0430\u0432\u043d\u0430\u044f \u0441\u0442\u0440\u0430\u043d\u0438\u0446\u0430\",\"item\":\"https:\/\/xstyle.md\/\"},{\"@type\":\"ListItem\",\"position\":2,\"name\":\"\u041c\u0430\u0433\u0430\u0437\u0438\u043d\",\"item\":\"https:\/\/xstyle.md\/shop\/\"},{\"@type\":\"ListItem\",\"position\":3,\"name\":\"\u0420\u0435\u043c\u0435\u043d\u044c Yoga Asana Belt 2.5 \u0445 38 \u0441\u043c\"}]},{\"@type\":\"WebSite\",\"@id\":\"https:\/\/xstyle.md\/#website\",\"url\":\"https:\/\/xstyle.md\/\",\"name\":\"\u041c\u0430\u0433\u0430\u0437\u0438\u043d Xstyle\",\"description\":\"C\u043d\u0430\u0440\u044f\u0436\u0435\u043d\u0438\u0435 \u0434\u043b\u044f \u0442\u0443\u0440\u0438\u0437\u043c\u0430 \u0438 \u044d\u043a\u0441\u0442\u0440\u0435\u043c\u0430\u043b\u044c\u043d\u044b\u0445 \u0432\u0438\u0434\u043e\u0432 \u0441\u043f\u043e\u0440\u0442\u0430 \u0432 \u041c\u043e\u043b\u0434\u043e\u0432\u0435.. \u0426\u0435\u043d\u044b, \u0444\u043e\u0442\u043e, \u0445\u0430\u0440\u0430\u043a\u0442\u0435\u0440\u0438\u0441\u0442\u0438\u043a\u0438 \u0432 \u041c\u043e\u043b\u0434\u043e\u0432\u0435.\",\"publisher\":{\"@id\":\"https:\/\/xstyle.md\/#organization\"},\"alternateName\":\"X-Style\",\"potentialAction\":[{\"@type\":\"SearchAction\",\"target\":{\"@type\":\"EntryPoint\",\"urlTemplate\":\"https:\/\/xstyle.md\/?s={search_term_string}\"},\"query-input\":{\"@type\":\"PropertyValueSpecification\",\"valueRequired\":true,\"valueName\":\"search_term_string\"}}],\"inLanguage\":\"ro-RO\"},{\"@type\":\"Organization\",\"@id\":\"https:\/\/xstyle.md\/#organization\",\"name\":\"\u041c\u0430\u0433\u0430\u0437\u0438\u043d Xstyle\",\"alternateName\":\"x-style\",\"url\":\"https:\/\/xstyle.md\/\",\"logo\":{\"@type\":\"ImageObject\",\"inLanguage\":\"ro-RO\",\"@id\":\"https:\/\/xstyle.md\/#\/schema\/logo\/image\/\",\"url\":\"https:\/\/xstyle.md\/wp-content\/uploads\/2020\/06\/logoicon.svg\",\"contentUrl\":\"https:\/\/xstyle.md\/wp-content\/uploads\/2020\/06\/logoicon.svg\",\"caption\":\"\u041c\u0430\u0433\u0430\u0437\u0438\u043d Xstyle\"},\"image\":{\"@id\":\"https:\/\/xstyle.md\/#\/schema\/logo\/image\/\"},\"sameAs\":[\"https:\/\/www.facebook.com\/xstylemd\",\"https:\/\/www.instagram.com\/xstyle_md\/\",\"https:\/\/t.me\/xstyle_outdoor\"],\"hasMerchantReturnPolicy\":{\"@type\":\"MerchantReturnPolicy\",\"merchantReturnLink\":\"https:\/\/xstyle.md\/ro\/conditions\/\"}}]}<\/script>\n<meta property=\"product:price:amount\" content=\"225.00\" \/>\n<meta property=\"product:price:currency\" content=\"MDL\" \/>\n<meta property=\"og:availability\" content=\"instock\" \/>\n<meta property=\"product:availability\" content=\"instock\" \/>\n<meta property=\"product:retailer_item_id\" content=\"4250367905685\" \/>\n<meta property=\"product:condition\" content=\"new\" \/>\n<!-- \/ Yoast SEO plugin. -->","yoast_head_json":{"title":"Centur\u0103 Yoga Asana Belt 2.5 \u0445 38 cm - Magazin Xstyle","description":"Descoperi\u021bi curea Yoga Asana Belt 2.5 x 38 cm pentru yoga. Un ajutor perfect pentru \u00eencep\u0103tori \u0219i pentru \u00eembun\u0103t\u0103\u021birea flexibilit\u0103\u021bii. Practica\u021bi cu pl\u0103cere!","robots":{"index":"index","follow":"follow","max-snippet":"max-snippet:-1","max-image-preview":"max-image-preview:large","max-video-preview":"max-video-preview:-1"},"canonical":"https:\/\/xstyle.md\/ro\/produs\/remen-yoga-asana-belt-2-5-h-38-sm\/","og_locale":"ro_RO","og_type":"article","og_title":"\u0420\u0435\u043c\u0435\u043d\u044c Yoga Asana Belt 2.5 \u0445 38 \u0441\u043c - \u041c\u0430\u0433\u0430\u0437\u0438\u043d Xstyle","og_description":"\u041e\u0442\u043a\u0440\u043e\u0439\u0442\u0435 \u0434\u043b\u044f \u0441\u0435\u0431\u044f \u0440\u0435\u043c\u0435\u043d\u044c Yoga Asana Belt 2.5 \u0445 38 \u0441\u043c \u0434\u043b\u044f \u0439\u043e\u0433\u0438. \u0418\u0434\u0435\u0430\u043b\u044c\u043d\u044b\u0439 \u043f\u043e\u043c\u043e\u0449\u043d\u0438\u043a \u0434\u043b\u044f \u043d\u043e\u0432\u0438\u0447\u043a\u043e\u0432 \u0438 \u0443\u043b\u0443\u0447\u0448\u0435\u043d\u0438\u044f \u0433\u0438\u0431\u043a\u043e\u0441\u0442\u0438. \u0417\u0430\u043d\u0438\u043c\u0430\u0439\u0442\u0435\u0441\u044c \u0441 \u0443\u0434\u043e\u0432\u043e\u043b\u044c\u0441\u0442\u0432\u0438\u0435\u043c!","og_url":"https:\/\/xstyle.md\/ro\/produs\/remen-yoga-asana-belt-2-5-h-38-sm\/","og_site_name":"\u041c\u0430\u0433\u0430\u0437\u0438\u043d Xstyle","article_publisher":"https:\/\/www.facebook.com\/xstylemd","article_modified_time":"2025-06-30T13:08:39+00:00","og_image":[{"width":600,"height":600,"url":"https:\/\/xstyle.md\/wp-content\/uploads\/2020\/07\/remen-dlja-jogi-bodhi.jpg","type":"image\/jpeg"}],"twitter_card":"summary_large_image","twitter_misc":{"Pre\u021b":"225&nbsp;MDL","Disponibilitate":"\u00cen stoc"},"schema":{"@context":"https:\/\/schema.org","@graph":[{"@type":"WebPage","@id":"https:\/\/xstyle.md\/product\/remen-yoga-asana-belt-2-5-h-38-sm\/","url":"https:\/\/xstyle.md\/product\/remen-yoga-asana-belt-2-5-h-38-sm\/","name":"Centur\u0103 Yoga Asana Belt 2.5 \u0445 38 cm - Magazin Xstyle","isPartOf":{"@id":"https:\/\/xstyle.md\/#website"},"primaryImageOfPage":{"@id":"https:\/\/xstyle.md\/product\/remen-yoga-asana-belt-2-5-h-38-sm\/#primaryimage"},"image":{"@id":"https:\/\/xstyle.md\/product\/remen-yoga-asana-belt-2-5-h-38-sm\/#primaryimage"},"thumbnailUrl":"https:\/\/xstyle.md\/wp-content\/uploads\/2020\/07\/remen-dlja-jogi-bodhi.jpg","datePublished":"2020-07-17T08:43:11+00:00","dateModified":"2025-06-30T13:08:39+00:00","description":"Descoperi\u021bi curea Yoga Asana Belt 2.5 x 38 cm pentru yoga. Un ajutor perfect pentru \u00eencep\u0103tori \u0219i pentru \u00eembun\u0103t\u0103\u021birea flexibilit\u0103\u021bii. Practica\u021bi cu pl\u0103cere!","breadcrumb":{"@id":"https:\/\/xstyle.md\/product\/remen-yoga-asana-belt-2-5-h-38-sm\/#breadcrumb"},"inLanguage":"ro-RO","potentialAction":[{"@type":"ReadAction","target":["https:\/\/xstyle.md\/product\/remen-yoga-asana-belt-2-5-h-38-sm\/"]}]},{"@type":"ImageObject","inLanguage":"ro-RO","@id":"https:\/\/xstyle.md\/product\/remen-yoga-asana-belt-2-5-h-38-sm\/#primaryimage","url":"https:\/\/xstyle.md\/wp-content\/uploads\/2020\/07\/remen-dlja-jogi-bodhi.jpg","contentUrl":"https:\/\/xstyle.md\/wp-content\/uploads\/2020\/07\/remen-dlja-jogi-bodhi.jpg","width":600,"height":600},{"@type":"BreadcrumbList","@id":"https:\/\/xstyle.md\/product\/remen-yoga-asana-belt-2-5-h-38-sm\/#breadcrumb","itemListElement":[{"@type":"ListItem","position":1,"name":"\u0413\u043b\u0430\u0432\u043d\u0430\u044f \u0441\u0442\u0440\u0430\u043d\u0438\u0446\u0430","item":"https:\/\/xstyle.md\/"},{"@type":"ListItem","position":2,"name":"\u041c\u0430\u0433\u0430\u0437\u0438\u043d","item":"https:\/\/xstyle.md\/shop\/"},{"@type":"ListItem","position":3,"name":"\u0420\u0435\u043c\u0435\u043d\u044c Yoga Asana Belt 2.5 \u0445 38 \u0441\u043c"}]},{"@type":"WebSite","@id":"https:\/\/xstyle.md\/#website","url":"https:\/\/xstyle.md\/","name":"Magazinul X-Style","description":"Echipamente pentru turism \u0219i sporturi extreme \u00een Moldova. Pre\u021buri, fotografii, caracteristici \u00een Moldova.","publisher":{"@id":"https:\/\/xstyle.md\/#organization"},"alternateName":"X-Style","potentialAction":[{"@type":"SearchAction","target":{"@type":"EntryPoint","urlTemplate":"https:\/\/xstyle.md\/?s={search_term_string}"},"query-input":{"@type":"PropertyValueSpecification","valueRequired":true,"valueName":"search_term_string"}}],"inLanguage":"ro-RO"},{"@type":"Organization","@id":"https:\/\/xstyle.md\/#organization","name":"Magazinul X-Style","alternateName":"x-style","url":"https:\/\/xstyle.md\/","logo":{"@type":"ImageObject","inLanguage":"ro-RO","@id":"https:\/\/xstyle.md\/#\/schema\/logo\/image\/","url":"https:\/\/xstyle.md\/wp-content\/uploads\/2020\/06\/logoicon.svg","contentUrl":"https:\/\/xstyle.md\/wp-content\/uploads\/2020\/06\/logoicon.svg","caption":"\u041c\u0430\u0433\u0430\u0437\u0438\u043d Xstyle"},"image":{"@id":"https:\/\/xstyle.md\/#\/schema\/logo\/image\/"},"sameAs":["https:\/\/www.facebook.com\/xstylemd","https:\/\/www.instagram.com\/xstyle_md\/","https:\/\/t.me\/xstyle_outdoor"],"hasMerchantReturnPolicy":{"@type":"MerchantReturnPolicy","merchantReturnLink":"https:\/\/xstyle.md\/ro\/conditions\/"}}]},"product_price_amount":"225.00","product_price_currency":"MDL","og_availability":"instock","product_availability":"instock","product_retailer_item_id":"4250367905685","product_condition":"new"},"post_mailing_queue_ids":[],"_links":{"self":[{"href":"https:\/\/xstyle.md\/ro\/wp-json\/wp\/v2\/product\/11972","targetHints":{"allow":["GET"]}}],"collection":[{"href":"https:\/\/xstyle.md\/ro\/wp-json\/wp\/v2\/product"}],"about":[{"href":"https:\/\/xstyle.md\/ro\/wp-json\/wp\/v2\/types\/product"}],"replies":[{"embeddable":true,"href":"https:\/\/xstyle.md\/ro\/wp-json\/wp\/v2\/comments?post=11972"}],"wp:featuredmedia":[{"embeddable":true,"href":"https:\/\/xstyle.md\/ro\/wp-json\/wp\/v2\/media\/11971"}],"wp:attachment":[{"href":"https:\/\/xstyle.md\/ro\/wp-json\/wp\/v2\/media?parent=11972"}],"wp:term":[{"taxonomy":"product_brand","embeddable":true,"href":"https:\/\/xstyle.md\/ro\/wp-json\/wp\/v2\/product_brand?post=11972"},{"taxonomy":"product_cat","embeddable":true,"href":"https:\/\/xstyle.md\/ro\/wp-json\/wp\/v2\/product_cat?post=11972"},{"taxonomy":"product_tag","embeddable":true,"href":"https:\/\/xstyle.md\/ro\/wp-json\/wp\/v2\/product_tag?post=11972"}],"curies":[{"name":"wp","href":"https:\/\/api.w.org\/{rel}","templated":true}]}}