{"id":11805,"date":"2020-07-17T11:34:47","date_gmt":"2020-07-17T08:34:47","guid":{"rendered":"https:\/\/xstyle.md\/product\/muzhskoj-gidrokostjum-aqualung-x-presso-men"},"modified":"2024-10-21T08:52:42","modified_gmt":"2024-10-21T05:52:42","slug":"muzhskoj-gidrokostjum-aqualung-x-presso-men","status":"publish","type":"product","link":"https:\/\/xstyle.md\/ro\/produs\/muzhskoj-gidrokostjum-aqualung-x-presso-men\/","title":{"rendered":"Slipi-\u0219or\u021bi de \u00eenot Aqua Sphere X Presso Men"},"content":{"rendered":"<\/p>\n<p><strong>Aqua Sphere X Presso\u00a0Men\u00a0<\/strong>&#8212; noua genera\u021bie a m\u0103rcii de autor MP Michael Phelps prezint\u0103 costumul pentru b\u0103rba\u021bi X Presso. \u00cen acest model, legendarul sportiv a evoluat la Rio de Janeiro la Jocurile Olimpice, unde \u0219i-a completat colec\u021bia de aur pentru a 23-a oar\u0103, devenind din nou campion olimpic. Utilizarea tehnologiilor exclusive permite acestui super costum s\u0103 \u00eendeplineasc\u0103 cerin\u021bele \u00eenot\u0103torilor care performeaz\u0103 la cel mai \u00eenalt nivel. La urma urmei, materialul special elastic 3D Exo-Foil, din care acest model este fabricat f\u0103r\u0103 cus\u0103turi, nu numai c\u0103 ofer\u0103 o compresie excelent\u0103, dar se adapteaz\u0103 \u0219i anatomic la fiecare mi\u0219care a sportivului datorit\u0103 flexibilit\u0103\u021bii sale unice.<\/p>\n<h3>Particularit\u0103\u021bi<\/h3>\n<ul>\n<li>Benzi din silicon pe interior pentru o potrivire perfect\u0103;<\/li>\n<li>Permite toate tipurile de \u00eenot \u0219i este potrivit pentru distan\u021be scurte \u0219i medii;<\/li>\n<li>Inser\u021biile speciale Aqua Core sunt plasate inten\u021bionat de-a lungul arterelor coapselor \u0219i ofer\u0103 un sprijin sporit, \u00eembun\u0103t\u0103\u021bind circula\u021bia s\u00e2ngelui la nivelul picioarelor;<\/li>\n<li>Costumul se potrive\u0219te perfect \u0219i nu absoarbe apa;<\/li>\n<li>Construc\u021bia f\u0103r\u0103 cus\u0103turi m\u0103re\u0219te hidrodinamica;<\/li>\n<li>Vine cu o hus\u0103 pentru depozitare convenabil\u0103.<\/li>\n<\/ul>\n<p><\/p>","protected":false},"excerpt":{"rendered":"<p>Slipi-\u0219or\u021bi de \u00eenot Aqua Sphere X Presso Men<\/p>","protected":false},"featured_media":11804,"comment_status":"open","ping_status":"closed","template":"","meta":{"_acf_changed":false,"inline_featured_image":false},"product_brand":[1284],"product_cat":[458],"product_tag":[],"class_list":{"0":"post-11805","1":"product","2":"type-product","3":"status-publish","4":"has-post-thumbnail","6":"product_brand-aqualung","7":"product_cat-swimming-shorts-men","9":"first","10":"instock","11":"shipping-taxable","12":"purchasable","13":"product-type-simple"},"acf":[],"yoast_head":"<!-- This site is optimized with the Yoast SEO plugin v27.2 - https:\/\/yoast.com\/product\/yoast-seo-wordpress\/ -->\n<title>\u0421\u0442\u0430\u0440\u0442\u043e\u0432\u044b\u0439 \u0433\u0438\u0434\u0440\u043e\u0448\u043e\u0440\u0442\u044b Aqua Sphere X Presso Men - \u041c\u0430\u0433\u0430\u0437\u0438\u043d Xstyle<\/title>\n<meta name=\"description\" content=\"\u0421\u0442\u0430\u0440\u0442\u043e\u0432\u044b\u0435 \u0433\u0438\u0434\u0440\u043e\u0448\u043e\u0440\u0442\u044b Aqua Sphere X Presso Men - \u0438\u0434\u0435\u0430\u043b\u044c\u043d\u044b \u0434\u043b\u044f \u043f\u043b\u0430\u0432\u0430\u043d\u0438\u044f. \u041f\u043e\u043b\u0443\u0447\u0438\u0442\u0435 \u043f\u0440\u0435\u0432\u043e\u0441\u0445\u043e\u0434\u0441\u0442\u0432\u043e, \u043a\u0430\u043a \u043e\u043b\u0438\u043c\u043f\u0438\u0439\u0446\u044b, \u0441 \u0438\u043d\u043d\u043e\u0432\u0430\u0446\u0438\u043e\u043d\u043d\u043e\u0439 \u0442\u0435\u0445\u043d\u043e\u043b\u043e\u0433\u0438\u0435\u0439 \u0438\u0437\u043e\u043b\u044f\u0446\u0438\u0438.\" \/>\n<meta name=\"robots\" content=\"index, follow, max-snippet:-1, max-image-preview:large, max-video-preview:-1\" \/>\n<link rel=\"canonical\" href=\"https:\/\/xstyle.md\/ro\/produs\/muzhskoj-gidrokostjum-aqualung-x-presso-men\/\" \/>\n<meta property=\"og:locale\" content=\"ro_RO\" \/>\n<meta property=\"og:type\" content=\"article\" \/>\n<meta property=\"og:title\" content=\"\u0421\u0442\u0430\u0440\u0442\u043e\u0432\u044b\u0439 \u0433\u0438\u0434\u0440\u043e\u0448\u043e\u0440\u0442\u044b Aqua Sphere X Presso Men - \u041c\u0430\u0433\u0430\u0437\u0438\u043d Xstyle\" \/>\n<meta property=\"og:description\" content=\"\u0421\u0442\u0430\u0440\u0442\u043e\u0432\u044b\u0435 \u0433\u0438\u0434\u0440\u043e\u0448\u043e\u0440\u0442\u044b Aqua Sphere X Presso Men - \u0438\u0434\u0435\u0430\u043b\u044c\u043d\u044b \u0434\u043b\u044f \u043f\u043b\u0430\u0432\u0430\u043d\u0438\u044f. \u041f\u043e\u043b\u0443\u0447\u0438\u0442\u0435 \u043f\u0440\u0435\u0432\u043e\u0441\u0445\u043e\u0434\u0441\u0442\u0432\u043e, \u043a\u0430\u043a \u043e\u043b\u0438\u043c\u043f\u0438\u0439\u0446\u044b, \u0441 \u0438\u043d\u043d\u043e\u0432\u0430\u0446\u0438\u043e\u043d\u043d\u043e\u0439 \u0442\u0435\u0445\u043d\u043e\u043b\u043e\u0433\u0438\u0435\u0439 \u0438\u0437\u043e\u043b\u044f\u0446\u0438\u0438.\" \/>\n<meta property=\"og:url\" content=\"https:\/\/xstyle.md\/ro\/produs\/muzhskoj-gidrokostjum-aqualung-x-presso-men\/\" \/>\n<meta property=\"og:site_name\" content=\"\u041c\u0430\u0433\u0430\u0437\u0438\u043d Xstyle\" \/>\n<meta property=\"article:publisher\" content=\"https:\/\/www.facebook.com\/xstylemd\" \/>\n<meta property=\"article:modified_time\" content=\"2024-10-21T05:52:42+00:00\" \/>\n<meta property=\"og:image\" content=\"https:\/\/xstyle.md\/wp-content\/uploads\/2020\/07\/xpresso_jammer_blacksilver_8195010714901.jpg\" \/>\n\t<meta property=\"og:image:width\" content=\"350\" \/>\n\t<meta property=\"og:image:height\" content=\"500\" \/>\n\t<meta property=\"og:image:type\" content=\"image\/jpeg\" \/>\n<meta name=\"twitter:card\" content=\"summary_large_image\" \/>\n<meta name=\"twitter:label1\" content=\"Pre\u021b\" \/>\n\t<meta name=\"twitter:data1\" content=\"4.590&nbsp;MDL\" \/>\n\t<meta name=\"twitter:label2\" content=\"Disponibilitate\" \/>\n\t<meta name=\"twitter:data2\" content=\"\u00cen stoc\" \/>\n<script type=\"application\/ld+json\" class=\"yoast-schema-graph\">{\"@context\":\"https:\/\/schema.org\",\"@graph\":[{\"@type\":\"WebPage\",\"@id\":\"https:\/\/xstyle.md\/product\/muzhskoj-gidrokostjum-aqualung-x-presso-men\/\",\"url\":\"https:\/\/xstyle.md\/product\/muzhskoj-gidrokostjum-aqualung-x-presso-men\/\",\"name\":\"\u0421\u0442\u0430\u0440\u0442\u043e\u0432\u044b\u0439 \u0433\u0438\u0434\u0440\u043e\u0448\u043e\u0440\u0442\u044b Aqua Sphere X Presso Men - \u041c\u0430\u0433\u0430\u0437\u0438\u043d Xstyle\",\"isPartOf\":{\"@id\":\"https:\/\/xstyle.md\/#website\"},\"primaryImageOfPage\":{\"@id\":\"https:\/\/xstyle.md\/product\/muzhskoj-gidrokostjum-aqualung-x-presso-men\/#primaryimage\"},\"image\":{\"@id\":\"https:\/\/xstyle.md\/product\/muzhskoj-gidrokostjum-aqualung-x-presso-men\/#primaryimage\"},\"thumbnailUrl\":\"https:\/\/xstyle.md\/wp-content\/uploads\/2020\/07\/xpresso_jammer_blacksilver_8195010714901.jpg\",\"datePublished\":\"2020-07-17T08:34:47+00:00\",\"dateModified\":\"2024-10-21T05:52:42+00:00\",\"description\":\"\u0421\u0442\u0430\u0440\u0442\u043e\u0432\u044b\u0435 \u0433\u0438\u0434\u0440\u043e\u0448\u043e\u0440\u0442\u044b Aqua Sphere X Presso Men - \u0438\u0434\u0435\u0430\u043b\u044c\u043d\u044b \u0434\u043b\u044f \u043f\u043b\u0430\u0432\u0430\u043d\u0438\u044f. \u041f\u043e\u043b\u0443\u0447\u0438\u0442\u0435 \u043f\u0440\u0435\u0432\u043e\u0441\u0445\u043e\u0434\u0441\u0442\u0432\u043e, \u043a\u0430\u043a \u043e\u043b\u0438\u043c\u043f\u0438\u0439\u0446\u044b, \u0441 \u0438\u043d\u043d\u043e\u0432\u0430\u0446\u0438\u043e\u043d\u043d\u043e\u0439 \u0442\u0435\u0445\u043d\u043e\u043b\u043e\u0433\u0438\u0435\u0439 \u0438\u0437\u043e\u043b\u044f\u0446\u0438\u0438.\",\"breadcrumb\":{\"@id\":\"https:\/\/xstyle.md\/product\/muzhskoj-gidrokostjum-aqualung-x-presso-men\/#breadcrumb\"},\"inLanguage\":\"ro-RO\",\"potentialAction\":[{\"@type\":\"ReadAction\",\"target\":[\"https:\/\/xstyle.md\/product\/muzhskoj-gidrokostjum-aqualung-x-presso-men\/\"]}]},{\"@type\":\"ImageObject\",\"inLanguage\":\"ro-RO\",\"@id\":\"https:\/\/xstyle.md\/product\/muzhskoj-gidrokostjum-aqualung-x-presso-men\/#primaryimage\",\"url\":\"https:\/\/xstyle.md\/wp-content\/uploads\/2020\/07\/xpresso_jammer_blacksilver_8195010714901.jpg\",\"contentUrl\":\"https:\/\/xstyle.md\/wp-content\/uploads\/2020\/07\/xpresso_jammer_blacksilver_8195010714901.jpg\",\"width\":350,\"height\":500},{\"@type\":\"BreadcrumbList\",\"@id\":\"https:\/\/xstyle.md\/product\/muzhskoj-gidrokostjum-aqualung-x-presso-men\/#breadcrumb\",\"itemListElement\":[{\"@type\":\"ListItem\",\"position\":1,\"name\":\"\u0413\u043b\u0430\u0432\u043d\u0430\u044f \u0441\u0442\u0440\u0430\u043d\u0438\u0446\u0430\",\"item\":\"https:\/\/xstyle.md\/\"},{\"@type\":\"ListItem\",\"position\":2,\"name\":\"\u041c\u0430\u0433\u0430\u0437\u0438\u043d\",\"item\":\"https:\/\/xstyle.md\/shop\/\"},{\"@type\":\"ListItem\",\"position\":3,\"name\":\"\u0421\u0442\u0430\u0440\u0442\u043e\u0432\u044b\u0439 \u0433\u0438\u0434\u0440\u043e\u0448\u043e\u0440\u0442\u044b Aqua Sphere X Presso Men\"}]},{\"@type\":\"WebSite\",\"@id\":\"https:\/\/xstyle.md\/#website\",\"url\":\"https:\/\/xstyle.md\/\",\"name\":\"\u041c\u0430\u0433\u0430\u0437\u0438\u043d Xstyle\",\"description\":\"C\u043d\u0430\u0440\u044f\u0436\u0435\u043d\u0438\u0435 \u0434\u043b\u044f \u0442\u0443\u0440\u0438\u0437\u043c\u0430 \u0438 \u044d\u043a\u0441\u0442\u0440\u0435\u043c\u0430\u043b\u044c\u043d\u044b\u0445 \u0432\u0438\u0434\u043e\u0432 \u0441\u043f\u043e\u0440\u0442\u0430 \u0432 \u041c\u043e\u043b\u0434\u043e\u0432\u0435.. \u0426\u0435\u043d\u044b, \u0444\u043e\u0442\u043e, \u0445\u0430\u0440\u0430\u043a\u0442\u0435\u0440\u0438\u0441\u0442\u0438\u043a\u0438 \u0432 \u041c\u043e\u043b\u0434\u043e\u0432\u0435.\",\"publisher\":{\"@id\":\"https:\/\/xstyle.md\/#organization\"},\"alternateName\":\"X-Style\",\"potentialAction\":[{\"@type\":\"SearchAction\",\"target\":{\"@type\":\"EntryPoint\",\"urlTemplate\":\"https:\/\/xstyle.md\/?s={search_term_string}\"},\"query-input\":{\"@type\":\"PropertyValueSpecification\",\"valueRequired\":true,\"valueName\":\"search_term_string\"}}],\"inLanguage\":\"ro-RO\"},{\"@type\":\"Organization\",\"@id\":\"https:\/\/xstyle.md\/#organization\",\"name\":\"\u041c\u0430\u0433\u0430\u0437\u0438\u043d Xstyle\",\"alternateName\":\"x-style\",\"url\":\"https:\/\/xstyle.md\/\",\"logo\":{\"@type\":\"ImageObject\",\"inLanguage\":\"ro-RO\",\"@id\":\"https:\/\/xstyle.md\/#\/schema\/logo\/image\/\",\"url\":\"https:\/\/xstyle.md\/wp-content\/uploads\/2020\/06\/logoicon.svg\",\"contentUrl\":\"https:\/\/xstyle.md\/wp-content\/uploads\/2020\/06\/logoicon.svg\",\"caption\":\"\u041c\u0430\u0433\u0430\u0437\u0438\u043d Xstyle\"},\"image\":{\"@id\":\"https:\/\/xstyle.md\/#\/schema\/logo\/image\/\"},\"sameAs\":[\"https:\/\/www.facebook.com\/xstylemd\",\"https:\/\/www.instagram.com\/xstyle_md\/\",\"https:\/\/t.me\/xstyle_outdoor\"],\"hasMerchantReturnPolicy\":{\"@type\":\"MerchantReturnPolicy\",\"merchantReturnLink\":\"https:\/\/xstyle.md\/ro\/conditions\/\"}}]}<\/script>\n<meta property=\"product:price:amount\" content=\"4590.00\" \/>\n<meta property=\"product:price:currency\" content=\"MDL\" \/>\n<meta property=\"og:availability\" content=\"instock\" \/>\n<meta property=\"product:availability\" content=\"instock\" \/>\n<meta property=\"product:retailer_item_id\" content=\"3661666551021\" \/>\n<meta property=\"product:condition\" content=\"new\" \/>\n<!-- \/ Yoast SEO plugin. -->","yoast_head_json":{"title":"Slipi-\u0219or\u021bi de \u00eenot Aqua Sphere X Presso Men - Magazin Xstyle","description":"\u0218orturile de hidratare Aqua Sphere X Presso Men sunt ideale pentru \u00eenot. Ob\u021bine\u021bi superioritate, ca olimpicii, cu tehnologia inovatoare de izolare.","robots":{"index":"index","follow":"follow","max-snippet":"max-snippet:-1","max-image-preview":"max-image-preview:large","max-video-preview":"max-video-preview:-1"},"canonical":"https:\/\/xstyle.md\/ro\/produs\/muzhskoj-gidrokostjum-aqualung-x-presso-men\/","og_locale":"ro_RO","og_type":"article","og_title":"\u0421\u0442\u0430\u0440\u0442\u043e\u0432\u044b\u0439 \u0433\u0438\u0434\u0440\u043e\u0448\u043e\u0440\u0442\u044b Aqua Sphere X Presso Men - \u041c\u0430\u0433\u0430\u0437\u0438\u043d Xstyle","og_description":"\u0421\u0442\u0430\u0440\u0442\u043e\u0432\u044b\u0435 \u0433\u0438\u0434\u0440\u043e\u0448\u043e\u0440\u0442\u044b Aqua Sphere X Presso Men - \u0438\u0434\u0435\u0430\u043b\u044c\u043d\u044b \u0434\u043b\u044f \u043f\u043b\u0430\u0432\u0430\u043d\u0438\u044f. \u041f\u043e\u043b\u0443\u0447\u0438\u0442\u0435 \u043f\u0440\u0435\u0432\u043e\u0441\u0445\u043e\u0434\u0441\u0442\u0432\u043e, \u043a\u0430\u043a \u043e\u043b\u0438\u043c\u043f\u0438\u0439\u0446\u044b, \u0441 \u0438\u043d\u043d\u043e\u0432\u0430\u0446\u0438\u043e\u043d\u043d\u043e\u0439 \u0442\u0435\u0445\u043d\u043e\u043b\u043e\u0433\u0438\u0435\u0439 \u0438\u0437\u043e\u043b\u044f\u0446\u0438\u0438.","og_url":"https:\/\/xstyle.md\/ro\/produs\/muzhskoj-gidrokostjum-aqualung-x-presso-men\/","og_site_name":"\u041c\u0430\u0433\u0430\u0437\u0438\u043d Xstyle","article_publisher":"https:\/\/www.facebook.com\/xstylemd","article_modified_time":"2024-10-21T05:52:42+00:00","og_image":[{"width":350,"height":500,"url":"https:\/\/xstyle.md\/wp-content\/uploads\/2020\/07\/xpresso_jammer_blacksilver_8195010714901.jpg","type":"image\/jpeg"}],"twitter_card":"summary_large_image","twitter_misc":{"Pre\u021b":"4.590&nbsp;MDL","Disponibilitate":"\u00cen stoc"},"schema":{"@context":"https:\/\/schema.org","@graph":[{"@type":"WebPage","@id":"https:\/\/xstyle.md\/product\/muzhskoj-gidrokostjum-aqualung-x-presso-men\/","url":"https:\/\/xstyle.md\/product\/muzhskoj-gidrokostjum-aqualung-x-presso-men\/","name":"Slipi-\u0219or\u021bi de \u00eenot Aqua Sphere X Presso Men - Magazin Xstyle","isPartOf":{"@id":"https:\/\/xstyle.md\/#website"},"primaryImageOfPage":{"@id":"https:\/\/xstyle.md\/product\/muzhskoj-gidrokostjum-aqualung-x-presso-men\/#primaryimage"},"image":{"@id":"https:\/\/xstyle.md\/product\/muzhskoj-gidrokostjum-aqualung-x-presso-men\/#primaryimage"},"thumbnailUrl":"https:\/\/xstyle.md\/wp-content\/uploads\/2020\/07\/xpresso_jammer_blacksilver_8195010714901.jpg","datePublished":"2020-07-17T08:34:47+00:00","dateModified":"2024-10-21T05:52:42+00:00","description":"\u0218orturile de hidratare Aqua Sphere X Presso Men sunt ideale pentru \u00eenot. Ob\u021bine\u021bi superioritate, ca olimpicii, cu tehnologia inovatoare de izolare.","breadcrumb":{"@id":"https:\/\/xstyle.md\/product\/muzhskoj-gidrokostjum-aqualung-x-presso-men\/#breadcrumb"},"inLanguage":"ro-RO","potentialAction":[{"@type":"ReadAction","target":["https:\/\/xstyle.md\/product\/muzhskoj-gidrokostjum-aqualung-x-presso-men\/"]}]},{"@type":"ImageObject","inLanguage":"ro-RO","@id":"https:\/\/xstyle.md\/product\/muzhskoj-gidrokostjum-aqualung-x-presso-men\/#primaryimage","url":"https:\/\/xstyle.md\/wp-content\/uploads\/2020\/07\/xpresso_jammer_blacksilver_8195010714901.jpg","contentUrl":"https:\/\/xstyle.md\/wp-content\/uploads\/2020\/07\/xpresso_jammer_blacksilver_8195010714901.jpg","width":350,"height":500},{"@type":"BreadcrumbList","@id":"https:\/\/xstyle.md\/product\/muzhskoj-gidrokostjum-aqualung-x-presso-men\/#breadcrumb","itemListElement":[{"@type":"ListItem","position":1,"name":"\u0413\u043b\u0430\u0432\u043d\u0430\u044f \u0441\u0442\u0440\u0430\u043d\u0438\u0446\u0430","item":"https:\/\/xstyle.md\/"},{"@type":"ListItem","position":2,"name":"\u041c\u0430\u0433\u0430\u0437\u0438\u043d","item":"https:\/\/xstyle.md\/shop\/"},{"@type":"ListItem","position":3,"name":"\u0421\u0442\u0430\u0440\u0442\u043e\u0432\u044b\u0439 \u0433\u0438\u0434\u0440\u043e\u0448\u043e\u0440\u0442\u044b Aqua Sphere X Presso Men"}]},{"@type":"WebSite","@id":"https:\/\/xstyle.md\/#website","url":"https:\/\/xstyle.md\/","name":"Magazinul X-Style","description":"Echipamente pentru turism \u0219i sporturi extreme \u00een Moldova. Pre\u021buri, fotografii, caracteristici \u00een Moldova.","publisher":{"@id":"https:\/\/xstyle.md\/#organization"},"alternateName":"X-Style","potentialAction":[{"@type":"SearchAction","target":{"@type":"EntryPoint","urlTemplate":"https:\/\/xstyle.md\/?s={search_term_string}"},"query-input":{"@type":"PropertyValueSpecification","valueRequired":true,"valueName":"search_term_string"}}],"inLanguage":"ro-RO"},{"@type":"Organization","@id":"https:\/\/xstyle.md\/#organization","name":"Magazinul X-Style","alternateName":"x-style","url":"https:\/\/xstyle.md\/","logo":{"@type":"ImageObject","inLanguage":"ro-RO","@id":"https:\/\/xstyle.md\/#\/schema\/logo\/image\/","url":"https:\/\/xstyle.md\/wp-content\/uploads\/2020\/06\/logoicon.svg","contentUrl":"https:\/\/xstyle.md\/wp-content\/uploads\/2020\/06\/logoicon.svg","caption":"\u041c\u0430\u0433\u0430\u0437\u0438\u043d Xstyle"},"image":{"@id":"https:\/\/xstyle.md\/#\/schema\/logo\/image\/"},"sameAs":["https:\/\/www.facebook.com\/xstylemd","https:\/\/www.instagram.com\/xstyle_md\/","https:\/\/t.me\/xstyle_outdoor"],"hasMerchantReturnPolicy":{"@type":"MerchantReturnPolicy","merchantReturnLink":"https:\/\/xstyle.md\/ro\/conditions\/"}}]},"product_price_amount":"4590.00","product_price_currency":"MDL","og_availability":"instock","product_availability":"instock","product_retailer_item_id":"3661666551021","product_condition":"new"},"post_mailing_queue_ids":[],"_links":{"self":[{"href":"https:\/\/xstyle.md\/ro\/wp-json\/wp\/v2\/product\/11805","targetHints":{"allow":["GET"]}}],"collection":[{"href":"https:\/\/xstyle.md\/ro\/wp-json\/wp\/v2\/product"}],"about":[{"href":"https:\/\/xstyle.md\/ro\/wp-json\/wp\/v2\/types\/product"}],"replies":[{"embeddable":true,"href":"https:\/\/xstyle.md\/ro\/wp-json\/wp\/v2\/comments?post=11805"}],"wp:featuredmedia":[{"embeddable":true,"href":"https:\/\/xstyle.md\/ro\/wp-json\/wp\/v2\/media\/11804"}],"wp:attachment":[{"href":"https:\/\/xstyle.md\/ro\/wp-json\/wp\/v2\/media?parent=11805"}],"wp:term":[{"taxonomy":"product_brand","embeddable":true,"href":"https:\/\/xstyle.md\/ro\/wp-json\/wp\/v2\/product_brand?post=11805"},{"taxonomy":"product_cat","embeddable":true,"href":"https:\/\/xstyle.md\/ro\/wp-json\/wp\/v2\/product_cat?post=11805"},{"taxonomy":"product_tag","embeddable":true,"href":"https:\/\/xstyle.md\/ro\/wp-json\/wp\/v2\/product_tag?post=11805"}],"curies":[{"name":"wp","href":"https:\/\/api.w.org\/{rel}","templated":true}]}}