{"id":11633,"date":"2020-07-17T11:26:03","date_gmt":"2020-07-17T08:26:03","guid":{"rendered":"https:\/\/xstyle.md\/product\/krossovki-muzhskie-keen-arroyo-ii"},"modified":"2026-03-19T16:35:26","modified_gmt":"2026-03-19T13:35:26","slug":"krossovki-muzhskie-keen-arroyo-ii","status":"publish","type":"product","link":"https:\/\/xstyle.md\/ro\/produs\/krossovki-muzhskie-keen-arroyo-ii\/","title":{"rendered":"Adida\u0219i Keen Arroyo II Mns black olive\/bombay brown"},"content":{"rendered":"<\/p>\n<p><strong>Keen Arroyo II<\/strong> &#8212;\u00a0acest model rezistent combin\u0103 cu pricepere propriet\u0103\u021bile unei \u00eenc\u0103l\u021b\u0103minte u\u0219oare cu propriet\u0103\u021bile unei \u00eenc\u0103l\u021b\u0103minte de drume\u021bie durabile. Construc\u021bia, asem\u0103n\u0103toare sandalelor, asigur\u0103 o circula\u021bie optim\u0103 a aerului. Totodat\u0103, \u00eenc\u0103l\u021b\u0103mintea are o protec\u021bie practic\u0103 pentru degete \u0219i o talp\u0103 din cauciuc foarte rezistent\u0103. Banda de rulare multidirec\u021bional\u0103 ofer\u0103 o trac\u021biune fiabil\u0103 pe o varietate de suprafe\u021be.<\/p>\n<h3>Particularit\u0103\u021bi<\/h3>\n<ul>\n<li>Partea superioar\u0103 din piele con\u021bine o impregnare special\u0103, iar sandalele pot fi sp\u0103late \u00een ma\u0219ina de sp\u0103lat;<\/li>\n<li>Respirabilitate excelent\u0103 datorit\u0103 combina\u021biei de materiale;<\/li>\n<li>Talpa exterioar\u0103 agresiv\u0103 se comport\u0103 stabil pe orice tip de sol, \u00eempiedic\u00e2nd alunecarea.<\/li>\n<li>Amortizarea piciorului, sprijinirea arcului piciorului, \u0219i o talp\u0103 anatomic\u0103 deta\u0219abil\u0103 &#8212; o garan\u021bie a confortului \u0219i a calit\u0103\u021bii.<\/li>\n<li>Talpa exterioar\u0103 asigur\u0103 o trac\u021biune superioar\u0103.<\/li>\n<li>C\u0103ptu\u0219eala con\u021bine impregnare antibacterian\u0103 AEGIS pentru a preveni formarea mirosului.<\/li>\n<li>Protec\u021bia patentat\u0103 a degetelor le protejeaz\u0103 de lovituri \u0219i r\u0103ni. Talp\u0103 anatomic\u0103 deta\u0219abil\u0103 pentru confort excep\u021bional.<\/li>\n<li>Tehnologia S3 &#8212; pentru un plus de protec\u021bie, sprijin \u0219i amortizare a zonei c\u0103lc\u00e2iului.<\/li>\n<li>Suportul ESS instep pentru stabilitatea torsiunii &#8212; elimin\u0103 r\u0103sucirea portbagajului.<\/li>\n<li>Datorit\u0103 pielii impermeabile \u0219i unei c\u0103ptu\u0219eli din plas\u0103 hidrofug\u0103, pute\u021bi traversa cu u\u0219urin\u021b\u0103 apa \u00een excursiile dvs.<\/li>\n<\/ul>\n<h3>Caracteristici<\/h3>\n<ul>\n<li>Partea superioar\u0103 &#8212; piele natural\u0103\/plas\u0103;<\/li>\n<li>C\u0103ptu\u0219eal\u0103 &#8212; nylon \u0219i plas\u0103 hidrofob\u0103;<\/li>\n<li>Banda de rulare: 4 mm multidirec\u021bional\u0103;<\/li>\n<li>Talp\u0103 &#8212; dublu EVA Dual Density, anti-alunecare, cauciuc;<\/li>\n<li>Utilizare &#8212; trekking\/drume\u021bii;<\/li>\n<li>Greutate &#8212; 425 g.<\/li>\n<\/ul>\n<h3>Tehnologii<\/h3>\n<ul>\n<li><strong>Keen.Protect<\/strong>\u00a0&#8212;\u00a0\u00eent\u0103rire \u00een zona degetelor de la picioare \u0219i \u00een alte locuri care va asigura protec\u021bie \u00eempotriva loviturilor nea\u0219teptate. Tehnologie patentat\u0103.<\/li>\n<li><strong>Cleansport nxt<\/strong> este procesul de utilizare a tehnologiei probiotice pentru a reduce mirosurile \u00een \u00eembr\u0103c\u0103mintea \u0219i \u00eenc\u0103l\u021b\u0103mintea sport. Microbii utili care se g\u0103sesc \u00een jurul nostru \u00een natur\u0103 sunt selecta\u021bi \u0219i combina\u021bi cu suprafa\u021ba \u021besutului. Acest proces inovator ecologic de aplicare a microorganismelor vii pe fibre are un efect pozitiv pentru proprietarul \u00eenc\u0103l\u021b\u0103mintei \u0219i nu d\u0103uneaz\u0103 mediului, spre deosebire de tehnologiile chimice.<\/li>\n<\/ul>\n<h3 class=\"clear\" data-reader-unique-id=\"32\">Marca<\/h3>\n<p data-reader-unique-id=\"33\">KEEN \u2014 compania outdoor cu cea mai rapid\u0103 cre\u0219tere din lume. Keen s-a n\u0103scut relativ recent, \u00een martie 2003. Fondatorii s\u0103i, Martin Keane \u0219i Rory Fuest, \u0219i-au propus s\u0103 creeze sandale care s\u0103 ofere protec\u021bie degetelor de la picioare. Primii pantofi KEEN au fost concepu\u021bi pentru sporturi nautice. O tr\u0103s\u0103tur\u0103 distinctiv\u0103 a modelelor este pernu\u021ba \u00eent\u0103rit\u0103 care protejeaz\u0103 degetele, de asemenea protejeaz\u0103 de uzur\u0103 \u0219i deteriorare. \u00cen prezent, KEEN ofer\u0103 at\u00e2t \u00eenc\u0103l\u021b\u0103minte conceput\u0103 pentru activit\u0103\u021bi \u00een aer liber \u0219i sport, c\u00e2t \u0219i \u00eenc\u0103l\u021b\u0103minte la mod\u0103 pentru ora\u0219. Compania este \u00een cre\u0219tere \u0219i se dezvolt\u0103 rapid, odat\u0103 cu cre\u0219terea, se schimb\u0103 constant: \u00ee\u0219i extinde gama, ad\u0103ug\u0103 noi stiluri \u0219i culori.<\/p>\n<p><\/p>","protected":false},"excerpt":{"rendered":"<p>\u0421\u0430\u043d\u0434\u0430\u043b\u0438\u0438 \u043c\u0443\u0436\u0441\u043a\u0438\u0435 Keen Arroyo II<\/p>","protected":false},"featured_media":11628,"comment_status":"open","ping_status":"closed","template":"","meta":{"_acf_changed":false,"inline_featured_image":false},"product_brand":[1335],"product_cat":[134],"product_tag":[],"class_list":{"0":"post-11633","1":"product","2":"type-product","3":"status-publish","4":"has-post-thumbnail","6":"product_brand-keen","7":"product_cat-summer-shoes","9":"first","10":"instock","11":"shipping-taxable","12":"purchasable","13":"product-type-simple"},"acf":[],"yoast_head":"<!-- This site is optimized with the Yoast SEO plugin v27.2 - https:\/\/yoast.com\/product\/yoast-seo-wordpress\/ -->\n<title>\u041a\u0440\u043e\u0441\u0441\u043e\u0432\u043a\u0438 Keen Arroyo II Mns black olive\/bombay brown - \u041c\u0430\u0433\u0430\u0437\u0438\u043d Xstyle<\/title>\n<meta name=\"description\" content=\"\u041a\u0440\u043e\u0441\u0441\u043e\u0432\u043a\u0438 Keen Arroyo II Mns black olive\/bombay brown: \u043b\u0435\u0433\u043a\u0438\u0435, \u0434\u044b\u0448\u0430\u0449\u0438\u0435, \u0441 \u0437\u0430\u0449\u0438\u0442\u043e\u0439 KeenProtect. \u0418\u0434\u0435\u0430\u043b\u044c\u043d\u044b \u0434\u043b\u044f \u0430\u043a\u0442\u0438\u0432\u043d\u043e\u0433\u043e \u043e\u0442\u0434\u044b\u0445\u0430 \u0438 \u043f\u0443\u0442\u0435\u0448\u0435\u0441\u0442\u0432\u0438\u0439!\" \/>\n<meta name=\"robots\" content=\"index, follow, max-snippet:-1, max-image-preview:large, max-video-preview:-1\" \/>\n<link rel=\"canonical\" href=\"https:\/\/xstyle.md\/ro\/produs\/krossovki-muzhskie-keen-arroyo-ii\/\" \/>\n<meta property=\"og:locale\" content=\"ro_RO\" \/>\n<meta property=\"og:type\" content=\"article\" \/>\n<meta property=\"og:title\" content=\"\u041a\u0440\u043e\u0441\u0441\u043e\u0432\u043a\u0438 Keen Arroyo II Mns black olive\/bombay brown - \u041c\u0430\u0433\u0430\u0437\u0438\u043d Xstyle\" \/>\n<meta property=\"og:description\" content=\"\u041a\u0440\u043e\u0441\u0441\u043e\u0432\u043a\u0438 Keen Arroyo II Mns black olive\/bombay brown: \u043b\u0435\u0433\u043a\u0438\u0435, \u0434\u044b\u0448\u0430\u0449\u0438\u0435, \u0441 \u0437\u0430\u0449\u0438\u0442\u043e\u0439 KeenProtect. \u0418\u0434\u0435\u0430\u043b\u044c\u043d\u044b \u0434\u043b\u044f \u0430\u043a\u0442\u0438\u0432\u043d\u043e\u0433\u043e \u043e\u0442\u0434\u044b\u0445\u0430 \u0438 \u043f\u0443\u0442\u0435\u0448\u0435\u0441\u0442\u0432\u0438\u0439!\" \/>\n<meta property=\"og:url\" content=\"https:\/\/xstyle.md\/ro\/produs\/krossovki-muzhskie-keen-arroyo-ii\/\" \/>\n<meta property=\"og:site_name\" content=\"\u041c\u0430\u0433\u0430\u0437\u0438\u043d Xstyle\" \/>\n<meta property=\"article:publisher\" content=\"https:\/\/www.facebook.com\/xstylemd\" \/>\n<meta property=\"article:modified_time\" content=\"2026-03-19T13:35:26+00:00\" \/>\n<meta property=\"og:image\" content=\"https:\/\/xstyle.md\/wp-content\/uploads\/2020\/07\/12_3.jpg\" \/>\n\t<meta property=\"og:image:width\" content=\"915\" \/>\n\t<meta property=\"og:image:height\" content=\"667\" \/>\n\t<meta property=\"og:image:type\" content=\"image\/jpeg\" \/>\n<meta name=\"twitter:card\" content=\"summary_large_image\" \/>\n<meta name=\"twitter:label1\" content=\"Pre\u021b\" \/>\n\t<meta name=\"twitter:data1\" content=\"2.870&nbsp;MDL\" \/>\n\t<meta name=\"twitter:label2\" content=\"Disponibilitate\" \/>\n\t<meta name=\"twitter:data2\" content=\"\u00cen stoc\" \/>\n<script type=\"application\/ld+json\" class=\"yoast-schema-graph\">{\"@context\":\"https:\/\/schema.org\",\"@graph\":[{\"@type\":\"WebPage\",\"@id\":\"https:\/\/xstyle.md\/product\/krossovki-muzhskie-keen-arroyo-ii\/\",\"url\":\"https:\/\/xstyle.md\/product\/krossovki-muzhskie-keen-arroyo-ii\/\",\"name\":\"\u041a\u0440\u043e\u0441\u0441\u043e\u0432\u043a\u0438 Keen Arroyo II Mns black olive\/bombay brown - \u041c\u0430\u0433\u0430\u0437\u0438\u043d Xstyle\",\"isPartOf\":{\"@id\":\"https:\/\/xstyle.md\/#website\"},\"primaryImageOfPage\":{\"@id\":\"https:\/\/xstyle.md\/product\/krossovki-muzhskie-keen-arroyo-ii\/#primaryimage\"},\"image\":{\"@id\":\"https:\/\/xstyle.md\/product\/krossovki-muzhskie-keen-arroyo-ii\/#primaryimage\"},\"thumbnailUrl\":\"https:\/\/xstyle.md\/wp-content\/uploads\/2020\/07\/12_3.jpg\",\"datePublished\":\"2020-07-17T08:26:03+00:00\",\"dateModified\":\"2026-03-19T13:35:26+00:00\",\"description\":\"\u041a\u0440\u043e\u0441\u0441\u043e\u0432\u043a\u0438 Keen Arroyo II Mns black olive\/bombay brown: \u043b\u0435\u0433\u043a\u0438\u0435, \u0434\u044b\u0448\u0430\u0449\u0438\u0435, \u0441 \u0437\u0430\u0449\u0438\u0442\u043e\u0439 KeenProtect. \u0418\u0434\u0435\u0430\u043b\u044c\u043d\u044b \u0434\u043b\u044f \u0430\u043a\u0442\u0438\u0432\u043d\u043e\u0433\u043e \u043e\u0442\u0434\u044b\u0445\u0430 \u0438 \u043f\u0443\u0442\u0435\u0448\u0435\u0441\u0442\u0432\u0438\u0439!\",\"breadcrumb\":{\"@id\":\"https:\/\/xstyle.md\/product\/krossovki-muzhskie-keen-arroyo-ii\/#breadcrumb\"},\"inLanguage\":\"ro-RO\",\"potentialAction\":[{\"@type\":\"ReadAction\",\"target\":[\"https:\/\/xstyle.md\/product\/krossovki-muzhskie-keen-arroyo-ii\/\"]}]},{\"@type\":\"ImageObject\",\"inLanguage\":\"ro-RO\",\"@id\":\"https:\/\/xstyle.md\/product\/krossovki-muzhskie-keen-arroyo-ii\/#primaryimage\",\"url\":\"https:\/\/xstyle.md\/wp-content\/uploads\/2020\/07\/12_3.jpg\",\"contentUrl\":\"https:\/\/xstyle.md\/wp-content\/uploads\/2020\/07\/12_3.jpg\",\"width\":915,\"height\":667},{\"@type\":\"BreadcrumbList\",\"@id\":\"https:\/\/xstyle.md\/product\/krossovki-muzhskie-keen-arroyo-ii\/#breadcrumb\",\"itemListElement\":[{\"@type\":\"ListItem\",\"position\":1,\"name\":\"\u0413\u043b\u0430\u0432\u043d\u0430\u044f \u0441\u0442\u0440\u0430\u043d\u0438\u0446\u0430\",\"item\":\"https:\/\/xstyle.md\/\"},{\"@type\":\"ListItem\",\"position\":2,\"name\":\"\u041c\u0430\u0433\u0430\u0437\u0438\u043d\",\"item\":\"https:\/\/xstyle.md\/shop\/\"},{\"@type\":\"ListItem\",\"position\":3,\"name\":\"\u041a\u0440\u043e\u0441\u0441\u043e\u0432\u043a\u0438 Keen Arroyo II Mns black olive\/bombay brown\"}]},{\"@type\":\"WebSite\",\"@id\":\"https:\/\/xstyle.md\/#website\",\"url\":\"https:\/\/xstyle.md\/\",\"name\":\"\u041c\u0430\u0433\u0430\u0437\u0438\u043d Xstyle\",\"description\":\"C\u043d\u0430\u0440\u044f\u0436\u0435\u043d\u0438\u0435 \u0434\u043b\u044f \u0442\u0443\u0440\u0438\u0437\u043c\u0430 \u0438 \u044d\u043a\u0441\u0442\u0440\u0435\u043c\u0430\u043b\u044c\u043d\u044b\u0445 \u0432\u0438\u0434\u043e\u0432 \u0441\u043f\u043e\u0440\u0442\u0430 \u0432 \u041c\u043e\u043b\u0434\u043e\u0432\u0435.. \u0426\u0435\u043d\u044b, \u0444\u043e\u0442\u043e, \u0445\u0430\u0440\u0430\u043a\u0442\u0435\u0440\u0438\u0441\u0442\u0438\u043a\u0438 \u0432 \u041c\u043e\u043b\u0434\u043e\u0432\u0435.\",\"publisher\":{\"@id\":\"https:\/\/xstyle.md\/#organization\"},\"alternateName\":\"X-Style\",\"potentialAction\":[{\"@type\":\"SearchAction\",\"target\":{\"@type\":\"EntryPoint\",\"urlTemplate\":\"https:\/\/xstyle.md\/?s={search_term_string}\"},\"query-input\":{\"@type\":\"PropertyValueSpecification\",\"valueRequired\":true,\"valueName\":\"search_term_string\"}}],\"inLanguage\":\"ro-RO\"},{\"@type\":\"Organization\",\"@id\":\"https:\/\/xstyle.md\/#organization\",\"name\":\"\u041c\u0430\u0433\u0430\u0437\u0438\u043d Xstyle\",\"alternateName\":\"x-style\",\"url\":\"https:\/\/xstyle.md\/\",\"logo\":{\"@type\":\"ImageObject\",\"inLanguage\":\"ro-RO\",\"@id\":\"https:\/\/xstyle.md\/#\/schema\/logo\/image\/\",\"url\":\"https:\/\/xstyle.md\/wp-content\/uploads\/2020\/06\/logoicon.svg\",\"contentUrl\":\"https:\/\/xstyle.md\/wp-content\/uploads\/2020\/06\/logoicon.svg\",\"caption\":\"\u041c\u0430\u0433\u0430\u0437\u0438\u043d Xstyle\"},\"image\":{\"@id\":\"https:\/\/xstyle.md\/#\/schema\/logo\/image\/\"},\"sameAs\":[\"https:\/\/www.facebook.com\/xstylemd\",\"https:\/\/www.instagram.com\/xstyle_md\/\",\"https:\/\/t.me\/xstyle_outdoor\"],\"hasMerchantReturnPolicy\":{\"@type\":\"MerchantReturnPolicy\",\"merchantReturnLink\":\"https:\/\/xstyle.md\/ro\/conditions\/\"}}]}<\/script>\n<meta property=\"product:price:amount\" content=\"2870.00\" \/>\n<meta property=\"product:price:currency\" content=\"MDL\" \/>\n<meta property=\"og:availability\" content=\"instock\" \/>\n<meta property=\"product:availability\" content=\"instock\" \/>\n<meta property=\"product:retailer_item_id\" content=\"887194014637\" \/>\n<meta property=\"product:condition\" content=\"new\" \/>\n<!-- \/ Yoast SEO plugin. -->","yoast_head_json":{"title":"Sandale pentru b\u0103rba\u021bi Keen Arroyo II Mns black olive\/bombay brown - Magazin Xstyle","description":"Cizme Keen Arroyo II Mns negru m\u0103sliniu\/bombay maro: u\u0219oare, respirabile, cu protec\u021bie KeenProtect. Ideale pentru activit\u0103\u021bi \u00een aer liber \u0219i c\u0103l\u0103torii!","robots":{"index":"index","follow":"follow","max-snippet":"max-snippet:-1","max-image-preview":"max-image-preview:large","max-video-preview":"max-video-preview:-1"},"canonical":"https:\/\/xstyle.md\/ro\/produs\/krossovki-muzhskie-keen-arroyo-ii\/","og_locale":"ro_RO","og_type":"article","og_title":"\u041a\u0440\u043e\u0441\u0441\u043e\u0432\u043a\u0438 Keen Arroyo II Mns black olive\/bombay brown - \u041c\u0430\u0433\u0430\u0437\u0438\u043d Xstyle","og_description":"\u041a\u0440\u043e\u0441\u0441\u043e\u0432\u043a\u0438 Keen Arroyo II Mns black olive\/bombay brown: \u043b\u0435\u0433\u043a\u0438\u0435, \u0434\u044b\u0448\u0430\u0449\u0438\u0435, \u0441 \u0437\u0430\u0449\u0438\u0442\u043e\u0439 KeenProtect. \u0418\u0434\u0435\u0430\u043b\u044c\u043d\u044b \u0434\u043b\u044f \u0430\u043a\u0442\u0438\u0432\u043d\u043e\u0433\u043e \u043e\u0442\u0434\u044b\u0445\u0430 \u0438 \u043f\u0443\u0442\u0435\u0448\u0435\u0441\u0442\u0432\u0438\u0439!","og_url":"https:\/\/xstyle.md\/ro\/produs\/krossovki-muzhskie-keen-arroyo-ii\/","og_site_name":"\u041c\u0430\u0433\u0430\u0437\u0438\u043d Xstyle","article_publisher":"https:\/\/www.facebook.com\/xstylemd","article_modified_time":"2026-03-19T13:35:26+00:00","og_image":[{"width":915,"height":667,"url":"https:\/\/xstyle.md\/wp-content\/uploads\/2020\/07\/12_3.jpg","type":"image\/jpeg"}],"twitter_card":"summary_large_image","twitter_misc":{"Pre\u021b":"2.870&nbsp;MDL","Disponibilitate":"\u00cen stoc"},"schema":{"@context":"https:\/\/schema.org","@graph":[{"@type":"WebPage","@id":"https:\/\/xstyle.md\/product\/krossovki-muzhskie-keen-arroyo-ii\/","url":"https:\/\/xstyle.md\/product\/krossovki-muzhskie-keen-arroyo-ii\/","name":"Sandale pentru b\u0103rba\u021bi Keen Arroyo II Mns black olive\/bombay brown - Magazin Xstyle","isPartOf":{"@id":"https:\/\/xstyle.md\/#website"},"primaryImageOfPage":{"@id":"https:\/\/xstyle.md\/product\/krossovki-muzhskie-keen-arroyo-ii\/#primaryimage"},"image":{"@id":"https:\/\/xstyle.md\/product\/krossovki-muzhskie-keen-arroyo-ii\/#primaryimage"},"thumbnailUrl":"https:\/\/xstyle.md\/wp-content\/uploads\/2020\/07\/12_3.jpg","datePublished":"2020-07-17T08:26:03+00:00","dateModified":"2026-03-19T13:35:26+00:00","description":"Cizme Keen Arroyo II Mns negru m\u0103sliniu\/bombay maro: u\u0219oare, respirabile, cu protec\u021bie KeenProtect. Ideale pentru activit\u0103\u021bi \u00een aer liber \u0219i c\u0103l\u0103torii!","breadcrumb":{"@id":"https:\/\/xstyle.md\/product\/krossovki-muzhskie-keen-arroyo-ii\/#breadcrumb"},"inLanguage":"ro-RO","potentialAction":[{"@type":"ReadAction","target":["https:\/\/xstyle.md\/product\/krossovki-muzhskie-keen-arroyo-ii\/"]}]},{"@type":"ImageObject","inLanguage":"ro-RO","@id":"https:\/\/xstyle.md\/product\/krossovki-muzhskie-keen-arroyo-ii\/#primaryimage","url":"https:\/\/xstyle.md\/wp-content\/uploads\/2020\/07\/12_3.jpg","contentUrl":"https:\/\/xstyle.md\/wp-content\/uploads\/2020\/07\/12_3.jpg","width":915,"height":667},{"@type":"BreadcrumbList","@id":"https:\/\/xstyle.md\/product\/krossovki-muzhskie-keen-arroyo-ii\/#breadcrumb","itemListElement":[{"@type":"ListItem","position":1,"name":"\u0413\u043b\u0430\u0432\u043d\u0430\u044f \u0441\u0442\u0440\u0430\u043d\u0438\u0446\u0430","item":"https:\/\/xstyle.md\/"},{"@type":"ListItem","position":2,"name":"\u041c\u0430\u0433\u0430\u0437\u0438\u043d","item":"https:\/\/xstyle.md\/shop\/"},{"@type":"ListItem","position":3,"name":"\u041a\u0440\u043e\u0441\u0441\u043e\u0432\u043a\u0438 Keen Arroyo II Mns black olive\/bombay brown"}]},{"@type":"WebSite","@id":"https:\/\/xstyle.md\/#website","url":"https:\/\/xstyle.md\/","name":"Magazinul X-Style","description":"Echipamente pentru turism \u0219i sporturi extreme \u00een Moldova. Pre\u021buri, fotografii, caracteristici \u00een Moldova.","publisher":{"@id":"https:\/\/xstyle.md\/#organization"},"alternateName":"X-Style","potentialAction":[{"@type":"SearchAction","target":{"@type":"EntryPoint","urlTemplate":"https:\/\/xstyle.md\/?s={search_term_string}"},"query-input":{"@type":"PropertyValueSpecification","valueRequired":true,"valueName":"search_term_string"}}],"inLanguage":"ro-RO"},{"@type":"Organization","@id":"https:\/\/xstyle.md\/#organization","name":"Magazinul X-Style","alternateName":"x-style","url":"https:\/\/xstyle.md\/","logo":{"@type":"ImageObject","inLanguage":"ro-RO","@id":"https:\/\/xstyle.md\/#\/schema\/logo\/image\/","url":"https:\/\/xstyle.md\/wp-content\/uploads\/2020\/06\/logoicon.svg","contentUrl":"https:\/\/xstyle.md\/wp-content\/uploads\/2020\/06\/logoicon.svg","caption":"\u041c\u0430\u0433\u0430\u0437\u0438\u043d Xstyle"},"image":{"@id":"https:\/\/xstyle.md\/#\/schema\/logo\/image\/"},"sameAs":["https:\/\/www.facebook.com\/xstylemd","https:\/\/www.instagram.com\/xstyle_md\/","https:\/\/t.me\/xstyle_outdoor"],"hasMerchantReturnPolicy":{"@type":"MerchantReturnPolicy","merchantReturnLink":"https:\/\/xstyle.md\/ro\/conditions\/"}}]},"product_price_amount":"2870.00","product_price_currency":"MDL","og_availability":"instock","product_availability":"instock","product_retailer_item_id":"887194014637","product_condition":"new"},"post_mailing_queue_ids":[],"_links":{"self":[{"href":"https:\/\/xstyle.md\/ro\/wp-json\/wp\/v2\/product\/11633","targetHints":{"allow":["GET"]}}],"collection":[{"href":"https:\/\/xstyle.md\/ro\/wp-json\/wp\/v2\/product"}],"about":[{"href":"https:\/\/xstyle.md\/ro\/wp-json\/wp\/v2\/types\/product"}],"replies":[{"embeddable":true,"href":"https:\/\/xstyle.md\/ro\/wp-json\/wp\/v2\/comments?post=11633"}],"wp:featuredmedia":[{"embeddable":true,"href":"https:\/\/xstyle.md\/ro\/wp-json\/wp\/v2\/media\/11628"}],"wp:attachment":[{"href":"https:\/\/xstyle.md\/ro\/wp-json\/wp\/v2\/media?parent=11633"}],"wp:term":[{"taxonomy":"product_brand","embeddable":true,"href":"https:\/\/xstyle.md\/ro\/wp-json\/wp\/v2\/product_brand?post=11633"},{"taxonomy":"product_cat","embeddable":true,"href":"https:\/\/xstyle.md\/ro\/wp-json\/wp\/v2\/product_cat?post=11633"},{"taxonomy":"product_tag","embeddable":true,"href":"https:\/\/xstyle.md\/ro\/wp-json\/wp\/v2\/product_tag?post=11633"}],"curies":[{"name":"wp","href":"https:\/\/api.w.org\/{rel}","templated":true}]}}