{"id":11608,"date":"2020-07-17T11:24:28","date_gmt":"2020-07-17T08:24:28","guid":{"rendered":"https:\/\/xstyle.md\/product\/sandalii-hannah-feet"},"modified":"2026-03-19T16:35:25","modified_gmt":"2026-03-19T13:35:25","slug":"sandalii-hannah-feet","status":"publish","type":"product","link":"https:\/\/xstyle.md\/ro\/produs\/sandalii-hannah-feet\/","title":{"rendered":"Sandale Hannah Feet Pewter Mns"},"content":{"rendered":"<\/p>\n<p data-reader-unique-id=\"2\"><strong data-reader-unique-id=\"3\">Sandale pentru b\u0103rba\u021bi Hannah Feet<\/strong> \u2014 pentru activit\u0103\u021bi \u00een aer liber \u0219i sport \u00een sezonul cald. Talpa exterioar\u0103 solid\u0103 ofer\u0103 mers confortabil chiar \u0219i pe teren dificil, \u00een timp ce talpa interior\u0103 structurat\u0103 previne alunecarea piciorului \u00een \u00eenc\u0103l\u021b\u0103minte. Curelele c\u0103ptu\u0219ite, confortabile \u0219i largi pot fi \u00eentotdeauna ajustate rapid \u0219i u\u0219or pentru a se potrivi nevoilor Dumneavoastr\u0103. Sandalele sunt u\u0219oare, aerisite \u0219i potrivite pentru purtarea zilnic\u0103. Partea superioar\u0103 a produsului este realizat\u0103 din poliester 100% de \u00eenalt\u0103 calitate, ceea ce \u00eel face complet impermeabil, respirabil, rezistent la uzur\u0103. Curelele din nylon de \u00eenalt\u0103 rezisten\u021b\u0103 se ajusteaz\u0103 la dimensiunea potrivit\u0103 cu o band\u0103 reglabil\u0103, ceea ce faciliteaz\u0103 utilizarea acestora. Mai mult dec\u00e2t at\u00e2t, sunt elastice \u0219i moi ca textur\u0103, ceea ce previne frecarea \u0219i apari\u021bia traumelor. Talpa din spum\u0103 moale EVA are propriet\u0103\u021bi bune de amortizare. Talpa exterioar\u0103 din cauciuc asigur\u0103 o trac\u021biune fiabil\u0103 \u0219i stabil\u0103 pe orice tip de suprafa\u021b\u0103.<\/p>\n<h3 class=\"clear\" data-reader-unique-id=\"4\">Particularit\u0103\u021bi<\/h3>\n<ul data-reader-unique-id=\"5\">\n<li data-reader-unique-id=\"6\">Talpa interioar\u0103 are un strat special care previne mirosurile nepl\u0103cute;<\/li>\n<li data-reader-unique-id=\"7\">Talpa intermediar\u0103 EVA ofer\u0103 suport u\u0219or, amortizat, cu durabilitate de lung\u0103 durat\u0103;<\/li>\n<li data-reader-unique-id=\"8\">Talpa exterioar\u0103 anti-alunecare ajut\u0103 la men\u021binerea picioarelor confortabile \u00een drume\u021bii lungi;<\/li>\n<li data-reader-unique-id=\"9\">Reglare convenabil\u0103 cu ajutorul lipiciurilor;<\/li>\n<li data-reader-unique-id=\"10\">Talp\u0103 interioar\u0103 antibacterian\u0103;<\/li>\n<li data-reader-unique-id=\"11\">Design original.<\/li>\n<\/ul>\n<h3 class=\"clear\" data-reader-unique-id=\"12\">Caracteristici<\/h3>\n<ul data-reader-unique-id=\"13\">\n<li data-reader-unique-id=\"14\">Partea superioar\u0103 \u2014 sintetic\u0103;<\/li>\n<li data-reader-unique-id=\"15\">Talp\u0103 interioar\u0103 \u2014 form\u0103 anatomic\u0103;<\/li>\n<li data-reader-unique-id=\"16\">Talp\u0103 exterioar\u0103 \u2014 cauciuc antiderapant;<\/li>\n<li data-reader-unique-id=\"17\">Destina\u021bie \u2014 ora\u0219.<\/li>\n<\/ul>\n<p data-reader-unique-id=\"18\"><img decoding=\"async\" class=\"extendsBeyondTextColumn\" src=\"https:\/\/xstyle.md\/wp-content\/uploads\/2021\/01\/razmer_hannah.jpg\" alt=\"\" data-reader-unique-id=\"19\" \/><\/p>\n<h3 class=\"clear\" data-reader-unique-id=\"20\">Marca<\/h3>\n<p data-reader-unique-id=\"21\">Hannah \u2014 este un brand interna\u021bional specializat \u00een \u00eembr\u0103c\u0103minte de c\u0103l\u0103torii \u0219i sport pentru toate anotimpurile. Brandul Hannah a fost fondat \u00een Republica Ceh\u0103 \u00een anul 1991. Compania a ob\u021binut un succes remarcabil pe pia\u021ba intern\u0103, datorit\u0103 calit\u0103\u021bii \u00eenalte \u0219i pre\u021burilor accesibile.<\/p>\n<p data-reader-unique-id=\"22\">La \u00eenceput, compania fabrica produse conform standardelor interna\u021bionale, deoarece au \u00een\u021beles pe deplin importan\u021ba unei reputa\u021bii excelente. \u00cen acest sens, s-a alocat mult timp selec\u021biei materialelor de \u00eenalt\u0103 calitate, care sunt rezistente la uzur\u0103 \u0219i rezistente la ap\u0103. Ast\u0103zi, brandul nu st\u0103 pe loc, catalogul lor este \u00een permanen\u021b\u0103 actualizat \u0219i extins, iar produsele pot fi g\u0103site \u00een toat\u0103 lumea.<\/p>\n<p><\/p>","protected":false},"excerpt":{"rendered":"<p>Sandale Hannah Feet Pewter Mns<\/p>","protected":false},"featured_media":11603,"comment_status":"open","ping_status":"closed","template":"","meta":{"_acf_changed":false,"inline_featured_image":false},"product_brand":[1271],"product_cat":[134],"product_tag":[],"class_list":{"0":"post-11608","1":"product","2":"type-product","3":"status-publish","4":"has-post-thumbnail","6":"product_brand-hannah","7":"product_cat-summer-shoes","9":"first","10":"instock","11":"shipping-taxable","12":"purchasable","13":"product-type-simple"},"acf":[],"yoast_head":"<!-- This site is optimized with the Yoast SEO plugin v27.2 - https:\/\/yoast.com\/product\/yoast-seo-wordpress\/ -->\n<title>\u0421\u0430\u043d\u0434\u0430\u043b\u0438\u0438 \u043c\u0443\u0436\u0441\u043a\u0438\u0435 Hannah Feet Pewter - \u041c\u0430\u0433\u0430\u0437\u0438\u043d Xstyle<\/title>\n<meta name=\"description\" content=\"\u0421\u0430\u043d\u0434\u0430\u043b\u0438\u0438 \u043c\u0443\u0436\u0441\u043a\u0438\u0435 Hannah Feet Pewter \u0438\u0434\u0435\u0430\u043b\u044c\u043d\u043e \u043f\u043e\u0434\u0445\u043e\u0434\u044f\u0442 \u0434\u043b\u044f \u0430\u043a\u0442\u0438\u0432\u043d\u043e\u0433\u043e \u043e\u0442\u0434\u044b\u0445\u0430 \u0438 \u0441\u043f\u043e\u0440\u0442\u0430. \u041f\u0440\u043e\u0447\u043d\u044b\u0435, \u0443\u0434\u043e\u0431\u043d\u044b\u0435 \u0438 \u0440\u0435\u0433\u0443\u043b\u0438\u0440\u0443\u0435\u043c\u044b\u0435, \u0434\u043b\u044f \u043a\u043e\u043c\u0444\u043e\u0440\u0442\u0430 \u0434\u0430\u0436\u0435 \u043d\u0430 \u0441\u043b\u043e\u0436\u043d\u044b\u0445 \u043c\u0430\u0440\u0448\u0440\u0443\u0442\u0430\u0445.\" \/>\n<meta name=\"robots\" content=\"index, follow, max-snippet:-1, max-image-preview:large, max-video-preview:-1\" \/>\n<link rel=\"canonical\" href=\"https:\/\/xstyle.md\/ro\/produs\/sandalii-hannah-feet\/\" \/>\n<meta property=\"og:locale\" content=\"ro_RO\" \/>\n<meta property=\"og:type\" content=\"article\" \/>\n<meta property=\"og:title\" content=\"\u0421\u0430\u043d\u0434\u0430\u043b\u0438\u0438 \u043c\u0443\u0436\u0441\u043a\u0438\u0435 Hannah Feet Pewter - \u041c\u0430\u0433\u0430\u0437\u0438\u043d Xstyle\" \/>\n<meta property=\"og:description\" content=\"\u0421\u0430\u043d\u0434\u0430\u043b\u0438\u0438 \u043c\u0443\u0436\u0441\u043a\u0438\u0435 Hannah Feet Pewter \u0438\u0434\u0435\u0430\u043b\u044c\u043d\u043e \u043f\u043e\u0434\u0445\u043e\u0434\u044f\u0442 \u0434\u043b\u044f \u0430\u043a\u0442\u0438\u0432\u043d\u043e\u0433\u043e \u043e\u0442\u0434\u044b\u0445\u0430 \u0438 \u0441\u043f\u043e\u0440\u0442\u0430. \u041f\u0440\u043e\u0447\u043d\u044b\u0435, \u0443\u0434\u043e\u0431\u043d\u044b\u0435 \u0438 \u0440\u0435\u0433\u0443\u043b\u0438\u0440\u0443\u0435\u043c\u044b\u0435, \u0434\u043b\u044f \u043a\u043e\u043c\u0444\u043e\u0440\u0442\u0430 \u0434\u0430\u0436\u0435 \u043d\u0430 \u0441\u043b\u043e\u0436\u043d\u044b\u0445 \u043c\u0430\u0440\u0448\u0440\u0443\u0442\u0430\u0445.\" \/>\n<meta property=\"og:url\" content=\"https:\/\/xstyle.md\/ro\/produs\/sandalii-hannah-feet\/\" \/>\n<meta property=\"og:site_name\" content=\"\u041c\u0430\u0433\u0430\u0437\u0438\u043d Xstyle\" \/>\n<meta property=\"article:publisher\" content=\"https:\/\/www.facebook.com\/xstylemd\" \/>\n<meta property=\"article:modified_time\" content=\"2026-03-19T13:35:25+00:00\" \/>\n<meta property=\"og:image\" content=\"https:\/\/xstyle.md\/wp-content\/uploads\/2020\/07\/2_2.jpeg\" \/>\n\t<meta property=\"og:image:width\" content=\"800\" \/>\n\t<meta property=\"og:image:height\" content=\"480\" \/>\n\t<meta property=\"og:image:type\" content=\"image\/jpeg\" \/>\n<meta name=\"twitter:card\" content=\"summary_large_image\" \/>\n<meta name=\"twitter:label1\" content=\"Pre\u021b\" \/>\n\t<meta name=\"twitter:data1\" content=\"890&nbsp;MDL\" \/>\n\t<meta name=\"twitter:label2\" content=\"Disponibilitate\" \/>\n\t<meta name=\"twitter:data2\" content=\"\u00cen stoc\" \/>\n<script type=\"application\/ld+json\" class=\"yoast-schema-graph\">{\"@context\":\"https:\/\/schema.org\",\"@graph\":[{\"@type\":\"WebPage\",\"@id\":\"https:\/\/xstyle.md\/product\/sandalii-hannah-feet\/\",\"url\":\"https:\/\/xstyle.md\/product\/sandalii-hannah-feet\/\",\"name\":\"\u0421\u0430\u043d\u0434\u0430\u043b\u0438\u0438 \u043c\u0443\u0436\u0441\u043a\u0438\u0435 Hannah Feet Pewter - \u041c\u0430\u0433\u0430\u0437\u0438\u043d Xstyle\",\"isPartOf\":{\"@id\":\"https:\/\/xstyle.md\/#website\"},\"primaryImageOfPage\":{\"@id\":\"https:\/\/xstyle.md\/product\/sandalii-hannah-feet\/#primaryimage\"},\"image\":{\"@id\":\"https:\/\/xstyle.md\/product\/sandalii-hannah-feet\/#primaryimage\"},\"thumbnailUrl\":\"https:\/\/xstyle.md\/wp-content\/uploads\/2020\/07\/2_2.jpeg\",\"datePublished\":\"2020-07-17T08:24:28+00:00\",\"dateModified\":\"2026-03-19T13:35:25+00:00\",\"description\":\"\u0421\u0430\u043d\u0434\u0430\u043b\u0438\u0438 \u043c\u0443\u0436\u0441\u043a\u0438\u0435 Hannah Feet Pewter \u0438\u0434\u0435\u0430\u043b\u044c\u043d\u043e \u043f\u043e\u0434\u0445\u043e\u0434\u044f\u0442 \u0434\u043b\u044f \u0430\u043a\u0442\u0438\u0432\u043d\u043e\u0433\u043e \u043e\u0442\u0434\u044b\u0445\u0430 \u0438 \u0441\u043f\u043e\u0440\u0442\u0430. \u041f\u0440\u043e\u0447\u043d\u044b\u0435, \u0443\u0434\u043e\u0431\u043d\u044b\u0435 \u0438 \u0440\u0435\u0433\u0443\u043b\u0438\u0440\u0443\u0435\u043c\u044b\u0435, \u0434\u043b\u044f \u043a\u043e\u043c\u0444\u043e\u0440\u0442\u0430 \u0434\u0430\u0436\u0435 \u043d\u0430 \u0441\u043b\u043e\u0436\u043d\u044b\u0445 \u043c\u0430\u0440\u0448\u0440\u0443\u0442\u0430\u0445.\",\"breadcrumb\":{\"@id\":\"https:\/\/xstyle.md\/product\/sandalii-hannah-feet\/#breadcrumb\"},\"inLanguage\":\"ro-RO\",\"potentialAction\":[{\"@type\":\"ReadAction\",\"target\":[\"https:\/\/xstyle.md\/product\/sandalii-hannah-feet\/\"]}]},{\"@type\":\"ImageObject\",\"inLanguage\":\"ro-RO\",\"@id\":\"https:\/\/xstyle.md\/product\/sandalii-hannah-feet\/#primaryimage\",\"url\":\"https:\/\/xstyle.md\/wp-content\/uploads\/2020\/07\/2_2.jpeg\",\"contentUrl\":\"https:\/\/xstyle.md\/wp-content\/uploads\/2020\/07\/2_2.jpeg\",\"width\":800,\"height\":480},{\"@type\":\"BreadcrumbList\",\"@id\":\"https:\/\/xstyle.md\/product\/sandalii-hannah-feet\/#breadcrumb\",\"itemListElement\":[{\"@type\":\"ListItem\",\"position\":1,\"name\":\"\u0413\u043b\u0430\u0432\u043d\u0430\u044f \u0441\u0442\u0440\u0430\u043d\u0438\u0446\u0430\",\"item\":\"https:\/\/xstyle.md\/\"},{\"@type\":\"ListItem\",\"position\":2,\"name\":\"\u041c\u0430\u0433\u0430\u0437\u0438\u043d\",\"item\":\"https:\/\/xstyle.md\/shop\/\"},{\"@type\":\"ListItem\",\"position\":3,\"name\":\"\u0421\u0430\u043d\u0434\u0430\u043b\u0438\u0438 \u043c\u0443\u0436\u0441\u043a\u0438\u0435 Hannah Feet Pewter\"}]},{\"@type\":\"WebSite\",\"@id\":\"https:\/\/xstyle.md\/#website\",\"url\":\"https:\/\/xstyle.md\/\",\"name\":\"\u041c\u0430\u0433\u0430\u0437\u0438\u043d Xstyle\",\"description\":\"C\u043d\u0430\u0440\u044f\u0436\u0435\u043d\u0438\u0435 \u0434\u043b\u044f \u0442\u0443\u0440\u0438\u0437\u043c\u0430 \u0438 \u044d\u043a\u0441\u0442\u0440\u0435\u043c\u0430\u043b\u044c\u043d\u044b\u0445 \u0432\u0438\u0434\u043e\u0432 \u0441\u043f\u043e\u0440\u0442\u0430 \u0432 \u041c\u043e\u043b\u0434\u043e\u0432\u0435.. \u0426\u0435\u043d\u044b, \u0444\u043e\u0442\u043e, \u0445\u0430\u0440\u0430\u043a\u0442\u0435\u0440\u0438\u0441\u0442\u0438\u043a\u0438 \u0432 \u041c\u043e\u043b\u0434\u043e\u0432\u0435.\",\"publisher\":{\"@id\":\"https:\/\/xstyle.md\/#organization\"},\"alternateName\":\"X-Style\",\"potentialAction\":[{\"@type\":\"SearchAction\",\"target\":{\"@type\":\"EntryPoint\",\"urlTemplate\":\"https:\/\/xstyle.md\/?s={search_term_string}\"},\"query-input\":{\"@type\":\"PropertyValueSpecification\",\"valueRequired\":true,\"valueName\":\"search_term_string\"}}],\"inLanguage\":\"ro-RO\"},{\"@type\":\"Organization\",\"@id\":\"https:\/\/xstyle.md\/#organization\",\"name\":\"\u041c\u0430\u0433\u0430\u0437\u0438\u043d Xstyle\",\"alternateName\":\"x-style\",\"url\":\"https:\/\/xstyle.md\/\",\"logo\":{\"@type\":\"ImageObject\",\"inLanguage\":\"ro-RO\",\"@id\":\"https:\/\/xstyle.md\/#\/schema\/logo\/image\/\",\"url\":\"https:\/\/xstyle.md\/wp-content\/uploads\/2020\/06\/logoicon.svg\",\"contentUrl\":\"https:\/\/xstyle.md\/wp-content\/uploads\/2020\/06\/logoicon.svg\",\"caption\":\"\u041c\u0430\u0433\u0430\u0437\u0438\u043d Xstyle\"},\"image\":{\"@id\":\"https:\/\/xstyle.md\/#\/schema\/logo\/image\/\"},\"sameAs\":[\"https:\/\/www.facebook.com\/xstylemd\",\"https:\/\/www.instagram.com\/xstyle_md\/\",\"https:\/\/t.me\/xstyle_outdoor\"],\"hasMerchantReturnPolicy\":{\"@type\":\"MerchantReturnPolicy\",\"merchantReturnLink\":\"https:\/\/xstyle.md\/ro\/conditions\/\"}}]}<\/script>\n<meta property=\"product:price:amount\" content=\"890.00\" \/>\n<meta property=\"product:price:currency\" content=\"MDL\" \/>\n<meta property=\"og:availability\" content=\"instock\" \/>\n<meta property=\"product:availability\" content=\"instock\" \/>\n<meta property=\"product:retailer_item_id\" content=\"8591203973458\" \/>\n<meta property=\"product:condition\" content=\"new\" \/>\n<!-- \/ Yoast SEO plugin. -->","yoast_head_json":{"title":"Sandale pentru b\u0103rba\u021bi\u00a0Hannah Feet Pewter - Magazin Xstyle","description":"Sandalele b\u0103rb\u0103te\u0219ti Hannah Feet Pewter sunt perfect pentru activit\u0103\u021bi \u00een aer liber \u0219i sport. Rezistente, confortabile \u0219i reglabile, pentru confort chiar \u0219i pe trasee dificile.","robots":{"index":"index","follow":"follow","max-snippet":"max-snippet:-1","max-image-preview":"max-image-preview:large","max-video-preview":"max-video-preview:-1"},"canonical":"https:\/\/xstyle.md\/ro\/produs\/sandalii-hannah-feet\/","og_locale":"ro_RO","og_type":"article","og_title":"\u0421\u0430\u043d\u0434\u0430\u043b\u0438\u0438 \u043c\u0443\u0436\u0441\u043a\u0438\u0435 Hannah Feet Pewter - \u041c\u0430\u0433\u0430\u0437\u0438\u043d Xstyle","og_description":"\u0421\u0430\u043d\u0434\u0430\u043b\u0438\u0438 \u043c\u0443\u0436\u0441\u043a\u0438\u0435 Hannah Feet Pewter \u0438\u0434\u0435\u0430\u043b\u044c\u043d\u043e \u043f\u043e\u0434\u0445\u043e\u0434\u044f\u0442 \u0434\u043b\u044f \u0430\u043a\u0442\u0438\u0432\u043d\u043e\u0433\u043e \u043e\u0442\u0434\u044b\u0445\u0430 \u0438 \u0441\u043f\u043e\u0440\u0442\u0430. \u041f\u0440\u043e\u0447\u043d\u044b\u0435, \u0443\u0434\u043e\u0431\u043d\u044b\u0435 \u0438 \u0440\u0435\u0433\u0443\u043b\u0438\u0440\u0443\u0435\u043c\u044b\u0435, \u0434\u043b\u044f \u043a\u043e\u043c\u0444\u043e\u0440\u0442\u0430 \u0434\u0430\u0436\u0435 \u043d\u0430 \u0441\u043b\u043e\u0436\u043d\u044b\u0445 \u043c\u0430\u0440\u0448\u0440\u0443\u0442\u0430\u0445.","og_url":"https:\/\/xstyle.md\/ro\/produs\/sandalii-hannah-feet\/","og_site_name":"\u041c\u0430\u0433\u0430\u0437\u0438\u043d Xstyle","article_publisher":"https:\/\/www.facebook.com\/xstylemd","article_modified_time":"2026-03-19T13:35:25+00:00","og_image":[{"width":800,"height":480,"url":"https:\/\/xstyle.md\/wp-content\/uploads\/2020\/07\/2_2.jpeg","type":"image\/jpeg"}],"twitter_card":"summary_large_image","twitter_misc":{"Pre\u021b":"890&nbsp;MDL","Disponibilitate":"\u00cen stoc"},"schema":{"@context":"https:\/\/schema.org","@graph":[{"@type":"WebPage","@id":"https:\/\/xstyle.md\/product\/sandalii-hannah-feet\/","url":"https:\/\/xstyle.md\/product\/sandalii-hannah-feet\/","name":"Sandale pentru b\u0103rba\u021bi\u00a0Hannah Feet Pewter - Magazin Xstyle","isPartOf":{"@id":"https:\/\/xstyle.md\/#website"},"primaryImageOfPage":{"@id":"https:\/\/xstyle.md\/product\/sandalii-hannah-feet\/#primaryimage"},"image":{"@id":"https:\/\/xstyle.md\/product\/sandalii-hannah-feet\/#primaryimage"},"thumbnailUrl":"https:\/\/xstyle.md\/wp-content\/uploads\/2020\/07\/2_2.jpeg","datePublished":"2020-07-17T08:24:28+00:00","dateModified":"2026-03-19T13:35:25+00:00","description":"Sandalele b\u0103rb\u0103te\u0219ti Hannah Feet Pewter sunt perfect pentru activit\u0103\u021bi \u00een aer liber \u0219i sport. Rezistente, confortabile \u0219i reglabile, pentru confort chiar \u0219i pe trasee dificile.","breadcrumb":{"@id":"https:\/\/xstyle.md\/product\/sandalii-hannah-feet\/#breadcrumb"},"inLanguage":"ro-RO","potentialAction":[{"@type":"ReadAction","target":["https:\/\/xstyle.md\/product\/sandalii-hannah-feet\/"]}]},{"@type":"ImageObject","inLanguage":"ro-RO","@id":"https:\/\/xstyle.md\/product\/sandalii-hannah-feet\/#primaryimage","url":"https:\/\/xstyle.md\/wp-content\/uploads\/2020\/07\/2_2.jpeg","contentUrl":"https:\/\/xstyle.md\/wp-content\/uploads\/2020\/07\/2_2.jpeg","width":800,"height":480},{"@type":"BreadcrumbList","@id":"https:\/\/xstyle.md\/product\/sandalii-hannah-feet\/#breadcrumb","itemListElement":[{"@type":"ListItem","position":1,"name":"\u0413\u043b\u0430\u0432\u043d\u0430\u044f \u0441\u0442\u0440\u0430\u043d\u0438\u0446\u0430","item":"https:\/\/xstyle.md\/"},{"@type":"ListItem","position":2,"name":"\u041c\u0430\u0433\u0430\u0437\u0438\u043d","item":"https:\/\/xstyle.md\/shop\/"},{"@type":"ListItem","position":3,"name":"\u0421\u0430\u043d\u0434\u0430\u043b\u0438\u0438 \u043c\u0443\u0436\u0441\u043a\u0438\u0435 Hannah Feet Pewter"}]},{"@type":"WebSite","@id":"https:\/\/xstyle.md\/#website","url":"https:\/\/xstyle.md\/","name":"Magazinul X-Style","description":"Echipamente pentru turism \u0219i sporturi extreme \u00een Moldova. Pre\u021buri, fotografii, caracteristici \u00een Moldova.","publisher":{"@id":"https:\/\/xstyle.md\/#organization"},"alternateName":"X-Style","potentialAction":[{"@type":"SearchAction","target":{"@type":"EntryPoint","urlTemplate":"https:\/\/xstyle.md\/?s={search_term_string}"},"query-input":{"@type":"PropertyValueSpecification","valueRequired":true,"valueName":"search_term_string"}}],"inLanguage":"ro-RO"},{"@type":"Organization","@id":"https:\/\/xstyle.md\/#organization","name":"Magazinul X-Style","alternateName":"x-style","url":"https:\/\/xstyle.md\/","logo":{"@type":"ImageObject","inLanguage":"ro-RO","@id":"https:\/\/xstyle.md\/#\/schema\/logo\/image\/","url":"https:\/\/xstyle.md\/wp-content\/uploads\/2020\/06\/logoicon.svg","contentUrl":"https:\/\/xstyle.md\/wp-content\/uploads\/2020\/06\/logoicon.svg","caption":"\u041c\u0430\u0433\u0430\u0437\u0438\u043d Xstyle"},"image":{"@id":"https:\/\/xstyle.md\/#\/schema\/logo\/image\/"},"sameAs":["https:\/\/www.facebook.com\/xstylemd","https:\/\/www.instagram.com\/xstyle_md\/","https:\/\/t.me\/xstyle_outdoor"],"hasMerchantReturnPolicy":{"@type":"MerchantReturnPolicy","merchantReturnLink":"https:\/\/xstyle.md\/ro\/conditions\/"}}]},"product_price_amount":"890.00","product_price_currency":"MDL","og_availability":"instock","product_availability":"instock","product_retailer_item_id":"8591203973458","product_condition":"new"},"post_mailing_queue_ids":[],"_links":{"self":[{"href":"https:\/\/xstyle.md\/ro\/wp-json\/wp\/v2\/product\/11608","targetHints":{"allow":["GET"]}}],"collection":[{"href":"https:\/\/xstyle.md\/ro\/wp-json\/wp\/v2\/product"}],"about":[{"href":"https:\/\/xstyle.md\/ro\/wp-json\/wp\/v2\/types\/product"}],"replies":[{"embeddable":true,"href":"https:\/\/xstyle.md\/ro\/wp-json\/wp\/v2\/comments?post=11608"}],"wp:featuredmedia":[{"embeddable":true,"href":"https:\/\/xstyle.md\/ro\/wp-json\/wp\/v2\/media\/11603"}],"wp:attachment":[{"href":"https:\/\/xstyle.md\/ro\/wp-json\/wp\/v2\/media?parent=11608"}],"wp:term":[{"taxonomy":"product_brand","embeddable":true,"href":"https:\/\/xstyle.md\/ro\/wp-json\/wp\/v2\/product_brand?post=11608"},{"taxonomy":"product_cat","embeddable":true,"href":"https:\/\/xstyle.md\/ro\/wp-json\/wp\/v2\/product_cat?post=11608"},{"taxonomy":"product_tag","embeddable":true,"href":"https:\/\/xstyle.md\/ro\/wp-json\/wp\/v2\/product_tag?post=11608"}],"curies":[{"name":"wp","href":"https:\/\/api.w.org\/{rel}","templated":true}]}}