{"id":11381,"date":"2020-07-17T11:13:32","date_gmt":"2020-07-17T08:13:32","guid":{"rendered":"https:\/\/xstyle.md\/product\/ledobur-krok-titanovyj-l200-mm-krk7402"},"modified":"2025-10-24T12:45:30","modified_gmt":"2025-10-24T09:45:30","slug":"ledobur-krok-titanovyj-l200-mm-krk7402","status":"publish","type":"product","link":"https:\/\/xstyle.md\/ro\/produs\/ledobur-krok-titanovyj-l200-mm-krk7402\/","title":{"rendered":"Piolet Krok de titan L200 mm krk7402"},"content":{"rendered":"<\/p>\n<p><strong>Piolet Krok de titan L200 mm krk7402 &#8212;\u00a0<\/strong>poate fi folosit pentru a organiza o sta\u021bie de siguran\u021b\u0103 prin forarea a dou\u0103 g\u0103uri convergente la un unghi \u00een grosimea ghe\u021bii.<\/p>\n<p>Piole\u021bii de titan, datorit\u0103 greut\u0103\u021bii reduse \u0219i propriet\u0103\u021bilor lor anticorozive ridicate, sunt potrivi\u021bi pentru utilizarea \u00een alpinism \u0219i turismul montan. Dar, din moment ce titanul este un metal mai moale, comparativ cu o\u021belul \u00eent\u0103rit aliat, este mai bine s\u0103-i folosi\u021bi pentru ghea\u021b\u0103 curat\u0103 \u0219i moale, de exemplu, de var\u0103.<\/p>\n<h3>Particularit\u0103\u021bi<\/h3>\n<ul>\n<li>Peretele interior al burghiului de ghea\u021b\u0103 este lustruit, iar forma corect\u0103 a din\u021bilor ascu\u021bi\u021bi faciliteaz\u0103 \u00een\u0219urubarea \u00een ghea\u021ba tare.<\/li>\n<li>La cap\u0103tul tubului exist\u0103 un ochi din o\u021bel mobil de form\u0103 anatomic\u0103 pentru palma dreapt\u0103, cu dou\u0103 orificii pentru fixarea unor carabiniere de siguran\u021b\u0103 pentru alpinism.<\/li>\n<li>Ochiul nu este fixat rigid, ci cu joc unghiular longitudinal, ceea ce permite ochiului s\u0103 ia pozi\u021bia optim\u0103 \u00een raport cu axa longitudinal\u0103 a tubului burghiului de ghea\u021b\u0103 r\u0103sucit \u00een ghea\u021b\u0103 \u0219i paralel cu planul ghe\u021bii.<\/li>\n<\/ul>\n<h3>Caracteristici<\/h3>\n<ul>\n<li>Material &#8212; titan<\/li>\n<li>Lungime &#8212; 200 mm<\/li>\n<\/ul>\n<p><\/p>","protected":false},"excerpt":{"rendered":"<p>Piolet Krok de titan L200 mm krk7402<\/p>","protected":false},"featured_media":11380,"comment_status":"open","ping_status":"closed","template":"","meta":{"_acf_changed":false,"inline_featured_image":false},"product_brand":[1283],"product_cat":[270],"product_tag":[],"class_list":{"0":"post-11381","1":"product","2":"type-product","3":"status-publish","4":"has-post-thumbnail","6":"product_brand-krok","7":"product_cat-ice-equipment","9":"first","10":"instock","11":"shipping-taxable","12":"purchasable","13":"product-type-simple"},"acf":[],"yoast_head":"<!-- This site is optimized with the Yoast SEO plugin v27.2 - https:\/\/yoast.com\/product\/yoast-seo-wordpress\/ -->\n<title>\u041b\u0435\u0434\u043e\u0431\u0443\u0440 Krok \u0442\u0438\u0442\u0430\u043d\u043e\u0432\u044b\u0439 L200 mm krk7402 - \u041c\u0430\u0433\u0430\u0437\u0438\u043d Xstyle<\/title>\n<meta name=\"description\" content=\"\u041b\u0435\u0434\u043e\u0431\u0443\u0440 Krok \u0442\u0438\u0442\u0430\u043d\u043e\u0432\u044b\u0439 L200 mm krk7402 \u2013 \u0438\u0434\u0435\u0430\u043b\u044c\u043d\u044b\u0439 \u0438\u043d\u0441\u0442\u0440\u0443\u043c\u0435\u043d\u0442 \u0434\u043b\u044f \u0437\u0438\u043c\u043d\u0435\u0439 \u0440\u044b\u0431\u0430\u043b\u043a\u0438 \u0438 \u0430\u043b\u044c\u043f\u0438\u043d\u0438\u0437\u043c\u0430. \u041b\u0435\u0433\u043a\u0438\u0439, \u043f\u0440\u043e\u0447\u043d\u044b\u0439 \u0438 \u0430\u043d\u0442\u0438\u043a\u043e\u0440\u0440\u043e\u0437\u0438\u0439\u043d\u044b\u0439, \u0443\u0441\u043f\u0435\u0448\u043d\u043e \u0440\u0430\u0431\u043e\u0442\u0430\u0435\u0442 \u0434\u0430\u0436\u0435 \u0432 \u0442\u043e\u043b\u0449\u0435 \u043b\u044c\u0434\u0430!\" \/>\n<meta name=\"robots\" content=\"index, follow, max-snippet:-1, max-image-preview:large, max-video-preview:-1\" \/>\n<link rel=\"canonical\" href=\"https:\/\/xstyle.md\/ro\/produs\/ledobur-krok-titanovyj-l200-mm-krk7402\/\" \/>\n<meta property=\"og:locale\" content=\"ro_RO\" \/>\n<meta property=\"og:type\" content=\"article\" \/>\n<meta property=\"og:title\" content=\"\u041b\u0435\u0434\u043e\u0431\u0443\u0440 Krok \u0442\u0438\u0442\u0430\u043d\u043e\u0432\u044b\u0439 L200 mm krk7402 - \u041c\u0430\u0433\u0430\u0437\u0438\u043d Xstyle\" \/>\n<meta property=\"og:description\" content=\"\u041b\u0435\u0434\u043e\u0431\u0443\u0440 Krok \u0442\u0438\u0442\u0430\u043d\u043e\u0432\u044b\u0439 L200 mm krk7402 \u2013 \u0438\u0434\u0435\u0430\u043b\u044c\u043d\u044b\u0439 \u0438\u043d\u0441\u0442\u0440\u0443\u043c\u0435\u043d\u0442 \u0434\u043b\u044f \u0437\u0438\u043c\u043d\u0435\u0439 \u0440\u044b\u0431\u0430\u043b\u043a\u0438 \u0438 \u0430\u043b\u044c\u043f\u0438\u043d\u0438\u0437\u043c\u0430. \u041b\u0435\u0433\u043a\u0438\u0439, \u043f\u0440\u043e\u0447\u043d\u044b\u0439 \u0438 \u0430\u043d\u0442\u0438\u043a\u043e\u0440\u0440\u043e\u0437\u0438\u0439\u043d\u044b\u0439, \u0443\u0441\u043f\u0435\u0448\u043d\u043e \u0440\u0430\u0431\u043e\u0442\u0430\u0435\u0442 \u0434\u0430\u0436\u0435 \u0432 \u0442\u043e\u043b\u0449\u0435 \u043b\u044c\u0434\u0430!\" \/>\n<meta property=\"og:url\" content=\"https:\/\/xstyle.md\/ro\/produs\/ledobur-krok-titanovyj-l200-mm-krk7402\/\" \/>\n<meta property=\"og:site_name\" content=\"\u041c\u0430\u0433\u0430\u0437\u0438\u043d Xstyle\" \/>\n<meta property=\"article:publisher\" content=\"https:\/\/www.facebook.com\/xstylemd\" \/>\n<meta property=\"article:modified_time\" content=\"2025-10-24T09:45:30+00:00\" \/>\n<meta property=\"og:image\" content=\"https:\/\/xstyle.md\/wp-content\/uploads\/2020\/07\/piolet_krok_titan.jpg\" \/>\n\t<meta property=\"og:image:width\" content=\"500\" \/>\n\t<meta property=\"og:image:height\" content=\"500\" \/>\n\t<meta property=\"og:image:type\" content=\"image\/jpeg\" \/>\n<meta name=\"twitter:card\" content=\"summary_large_image\" \/>\n<meta name=\"twitter:label1\" content=\"Pre\u021b\" \/>\n\t<meta name=\"twitter:data1\" content=\"460&nbsp;MDL\" \/>\n\t<meta name=\"twitter:label2\" content=\"Disponibilitate\" \/>\n\t<meta name=\"twitter:data2\" content=\"\u00cen stoc\" \/>\n<script type=\"application\/ld+json\" class=\"yoast-schema-graph\">{\"@context\":\"https:\/\/schema.org\",\"@graph\":[{\"@type\":\"WebPage\",\"@id\":\"https:\/\/xstyle.md\/product\/ledobur-krok-titanovyj-l200-mm-krk7402\/\",\"url\":\"https:\/\/xstyle.md\/product\/ledobur-krok-titanovyj-l200-mm-krk7402\/\",\"name\":\"\u041b\u0435\u0434\u043e\u0431\u0443\u0440 Krok \u0442\u0438\u0442\u0430\u043d\u043e\u0432\u044b\u0439 L200 mm krk7402 - \u041c\u0430\u0433\u0430\u0437\u0438\u043d Xstyle\",\"isPartOf\":{\"@id\":\"https:\/\/xstyle.md\/#website\"},\"primaryImageOfPage\":{\"@id\":\"https:\/\/xstyle.md\/product\/ledobur-krok-titanovyj-l200-mm-krk7402\/#primaryimage\"},\"image\":{\"@id\":\"https:\/\/xstyle.md\/product\/ledobur-krok-titanovyj-l200-mm-krk7402\/#primaryimage\"},\"thumbnailUrl\":\"https:\/\/xstyle.md\/wp-content\/uploads\/2020\/07\/piolet_krok_titan.jpg\",\"datePublished\":\"2020-07-17T08:13:32+00:00\",\"dateModified\":\"2025-10-24T09:45:30+00:00\",\"description\":\"\u041b\u0435\u0434\u043e\u0431\u0443\u0440 Krok \u0442\u0438\u0442\u0430\u043d\u043e\u0432\u044b\u0439 L200 mm krk7402 \u2013 \u0438\u0434\u0435\u0430\u043b\u044c\u043d\u044b\u0439 \u0438\u043d\u0441\u0442\u0440\u0443\u043c\u0435\u043d\u0442 \u0434\u043b\u044f \u0437\u0438\u043c\u043d\u0435\u0439 \u0440\u044b\u0431\u0430\u043b\u043a\u0438 \u0438 \u0430\u043b\u044c\u043f\u0438\u043d\u0438\u0437\u043c\u0430. \u041b\u0435\u0433\u043a\u0438\u0439, \u043f\u0440\u043e\u0447\u043d\u044b\u0439 \u0438 \u0430\u043d\u0442\u0438\u043a\u043e\u0440\u0440\u043e\u0437\u0438\u0439\u043d\u044b\u0439, \u0443\u0441\u043f\u0435\u0448\u043d\u043e \u0440\u0430\u0431\u043e\u0442\u0430\u0435\u0442 \u0434\u0430\u0436\u0435 \u0432 \u0442\u043e\u043b\u0449\u0435 \u043b\u044c\u0434\u0430!\",\"breadcrumb\":{\"@id\":\"https:\/\/xstyle.md\/product\/ledobur-krok-titanovyj-l200-mm-krk7402\/#breadcrumb\"},\"inLanguage\":\"ro-RO\",\"potentialAction\":[{\"@type\":\"ReadAction\",\"target\":[\"https:\/\/xstyle.md\/product\/ledobur-krok-titanovyj-l200-mm-krk7402\/\"]}]},{\"@type\":\"ImageObject\",\"inLanguage\":\"ro-RO\",\"@id\":\"https:\/\/xstyle.md\/product\/ledobur-krok-titanovyj-l200-mm-krk7402\/#primaryimage\",\"url\":\"https:\/\/xstyle.md\/wp-content\/uploads\/2020\/07\/piolet_krok_titan.jpg\",\"contentUrl\":\"https:\/\/xstyle.md\/wp-content\/uploads\/2020\/07\/piolet_krok_titan.jpg\",\"width\":500,\"height\":500},{\"@type\":\"BreadcrumbList\",\"@id\":\"https:\/\/xstyle.md\/product\/ledobur-krok-titanovyj-l200-mm-krk7402\/#breadcrumb\",\"itemListElement\":[{\"@type\":\"ListItem\",\"position\":1,\"name\":\"\u0413\u043b\u0430\u0432\u043d\u0430\u044f \u0441\u0442\u0440\u0430\u043d\u0438\u0446\u0430\",\"item\":\"https:\/\/xstyle.md\/\"},{\"@type\":\"ListItem\",\"position\":2,\"name\":\"\u041c\u0430\u0433\u0430\u0437\u0438\u043d\",\"item\":\"https:\/\/xstyle.md\/shop\/\"},{\"@type\":\"ListItem\",\"position\":3,\"name\":\"\u041b\u0435\u0434\u043e\u0431\u0443\u0440 Krok \u0442\u0438\u0442\u0430\u043d\u043e\u0432\u044b\u0439 L200 mm krk7402\"}]},{\"@type\":\"WebSite\",\"@id\":\"https:\/\/xstyle.md\/#website\",\"url\":\"https:\/\/xstyle.md\/\",\"name\":\"\u041c\u0430\u0433\u0430\u0437\u0438\u043d Xstyle\",\"description\":\"C\u043d\u0430\u0440\u044f\u0436\u0435\u043d\u0438\u0435 \u0434\u043b\u044f \u0442\u0443\u0440\u0438\u0437\u043c\u0430 \u0438 \u044d\u043a\u0441\u0442\u0440\u0435\u043c\u0430\u043b\u044c\u043d\u044b\u0445 \u0432\u0438\u0434\u043e\u0432 \u0441\u043f\u043e\u0440\u0442\u0430 \u0432 \u041c\u043e\u043b\u0434\u043e\u0432\u0435.. \u0426\u0435\u043d\u044b, \u0444\u043e\u0442\u043e, \u0445\u0430\u0440\u0430\u043a\u0442\u0435\u0440\u0438\u0441\u0442\u0438\u043a\u0438 \u0432 \u041c\u043e\u043b\u0434\u043e\u0432\u0435.\",\"publisher\":{\"@id\":\"https:\/\/xstyle.md\/#organization\"},\"alternateName\":\"X-Style\",\"potentialAction\":[{\"@type\":\"SearchAction\",\"target\":{\"@type\":\"EntryPoint\",\"urlTemplate\":\"https:\/\/xstyle.md\/?s={search_term_string}\"},\"query-input\":{\"@type\":\"PropertyValueSpecification\",\"valueRequired\":true,\"valueName\":\"search_term_string\"}}],\"inLanguage\":\"ro-RO\"},{\"@type\":\"Organization\",\"@id\":\"https:\/\/xstyle.md\/#organization\",\"name\":\"\u041c\u0430\u0433\u0430\u0437\u0438\u043d Xstyle\",\"alternateName\":\"x-style\",\"url\":\"https:\/\/xstyle.md\/\",\"logo\":{\"@type\":\"ImageObject\",\"inLanguage\":\"ro-RO\",\"@id\":\"https:\/\/xstyle.md\/#\/schema\/logo\/image\/\",\"url\":\"https:\/\/xstyle.md\/wp-content\/uploads\/2020\/06\/logoicon.svg\",\"contentUrl\":\"https:\/\/xstyle.md\/wp-content\/uploads\/2020\/06\/logoicon.svg\",\"caption\":\"\u041c\u0430\u0433\u0430\u0437\u0438\u043d Xstyle\"},\"image\":{\"@id\":\"https:\/\/xstyle.md\/#\/schema\/logo\/image\/\"},\"sameAs\":[\"https:\/\/www.facebook.com\/xstylemd\",\"https:\/\/www.instagram.com\/xstyle_md\/\",\"https:\/\/t.me\/xstyle_outdoor\"],\"hasMerchantReturnPolicy\":{\"@type\":\"MerchantReturnPolicy\",\"merchantReturnLink\":\"https:\/\/xstyle.md\/ro\/conditions\/\"}}]}<\/script>\n<meta property=\"product:price:amount\" content=\"460.00\" \/>\n<meta property=\"product:price:currency\" content=\"MDL\" \/>\n<meta property=\"og:availability\" content=\"instock\" \/>\n<meta property=\"product:availability\" content=\"instock\" \/>\n<meta property=\"product:retailer_item_id\" content=\"2999001259402\" \/>\n<meta property=\"product:condition\" content=\"new\" \/>\n<!-- \/ Yoast SEO plugin. -->","yoast_head_json":{"title":"Piolet Krok de titan L200 mm krk7402 - Magazin Xstyle","description":"Aparatul de g\u0103urit ghea\u021ba Krok din titan L200 mm krk7402 \u2013 un instrument ideal pentru pescuitul la ghea\u021b\u0103 \u0219i alpinism. U\u0219or, durabil \u0219i anticoroziv, func\u021bioneaz\u0103 cu succes chiar \u0219i \u00een grosimea ghe\u021bii!","robots":{"index":"index","follow":"follow","max-snippet":"max-snippet:-1","max-image-preview":"max-image-preview:large","max-video-preview":"max-video-preview:-1"},"canonical":"https:\/\/xstyle.md\/ro\/produs\/ledobur-krok-titanovyj-l200-mm-krk7402\/","og_locale":"ro_RO","og_type":"article","og_title":"\u041b\u0435\u0434\u043e\u0431\u0443\u0440 Krok \u0442\u0438\u0442\u0430\u043d\u043e\u0432\u044b\u0439 L200 mm krk7402 - \u041c\u0430\u0433\u0430\u0437\u0438\u043d Xstyle","og_description":"\u041b\u0435\u0434\u043e\u0431\u0443\u0440 Krok \u0442\u0438\u0442\u0430\u043d\u043e\u0432\u044b\u0439 L200 mm krk7402 \u2013 \u0438\u0434\u0435\u0430\u043b\u044c\u043d\u044b\u0439 \u0438\u043d\u0441\u0442\u0440\u0443\u043c\u0435\u043d\u0442 \u0434\u043b\u044f \u0437\u0438\u043c\u043d\u0435\u0439 \u0440\u044b\u0431\u0430\u043b\u043a\u0438 \u0438 \u0430\u043b\u044c\u043f\u0438\u043d\u0438\u0437\u043c\u0430. \u041b\u0435\u0433\u043a\u0438\u0439, \u043f\u0440\u043e\u0447\u043d\u044b\u0439 \u0438 \u0430\u043d\u0442\u0438\u043a\u043e\u0440\u0440\u043e\u0437\u0438\u0439\u043d\u044b\u0439, \u0443\u0441\u043f\u0435\u0448\u043d\u043e \u0440\u0430\u0431\u043e\u0442\u0430\u0435\u0442 \u0434\u0430\u0436\u0435 \u0432 \u0442\u043e\u043b\u0449\u0435 \u043b\u044c\u0434\u0430!","og_url":"https:\/\/xstyle.md\/ro\/produs\/ledobur-krok-titanovyj-l200-mm-krk7402\/","og_site_name":"\u041c\u0430\u0433\u0430\u0437\u0438\u043d Xstyle","article_publisher":"https:\/\/www.facebook.com\/xstylemd","article_modified_time":"2025-10-24T09:45:30+00:00","og_image":[{"width":500,"height":500,"url":"https:\/\/xstyle.md\/wp-content\/uploads\/2020\/07\/piolet_krok_titan.jpg","type":"image\/jpeg"}],"twitter_card":"summary_large_image","twitter_misc":{"Pre\u021b":"460&nbsp;MDL","Disponibilitate":"\u00cen stoc"},"schema":{"@context":"https:\/\/schema.org","@graph":[{"@type":"WebPage","@id":"https:\/\/xstyle.md\/product\/ledobur-krok-titanovyj-l200-mm-krk7402\/","url":"https:\/\/xstyle.md\/product\/ledobur-krok-titanovyj-l200-mm-krk7402\/","name":"Piolet Krok de titan L200 mm krk7402 - Magazin Xstyle","isPartOf":{"@id":"https:\/\/xstyle.md\/#website"},"primaryImageOfPage":{"@id":"https:\/\/xstyle.md\/product\/ledobur-krok-titanovyj-l200-mm-krk7402\/#primaryimage"},"image":{"@id":"https:\/\/xstyle.md\/product\/ledobur-krok-titanovyj-l200-mm-krk7402\/#primaryimage"},"thumbnailUrl":"https:\/\/xstyle.md\/wp-content\/uploads\/2020\/07\/piolet_krok_titan.jpg","datePublished":"2020-07-17T08:13:32+00:00","dateModified":"2025-10-24T09:45:30+00:00","description":"Aparatul de g\u0103urit ghea\u021ba Krok din titan L200 mm krk7402 \u2013 un instrument ideal pentru pescuitul la ghea\u021b\u0103 \u0219i alpinism. U\u0219or, durabil \u0219i anticoroziv, func\u021bioneaz\u0103 cu succes chiar \u0219i \u00een grosimea ghe\u021bii!","breadcrumb":{"@id":"https:\/\/xstyle.md\/product\/ledobur-krok-titanovyj-l200-mm-krk7402\/#breadcrumb"},"inLanguage":"ro-RO","potentialAction":[{"@type":"ReadAction","target":["https:\/\/xstyle.md\/product\/ledobur-krok-titanovyj-l200-mm-krk7402\/"]}]},{"@type":"ImageObject","inLanguage":"ro-RO","@id":"https:\/\/xstyle.md\/product\/ledobur-krok-titanovyj-l200-mm-krk7402\/#primaryimage","url":"https:\/\/xstyle.md\/wp-content\/uploads\/2020\/07\/piolet_krok_titan.jpg","contentUrl":"https:\/\/xstyle.md\/wp-content\/uploads\/2020\/07\/piolet_krok_titan.jpg","width":500,"height":500},{"@type":"BreadcrumbList","@id":"https:\/\/xstyle.md\/product\/ledobur-krok-titanovyj-l200-mm-krk7402\/#breadcrumb","itemListElement":[{"@type":"ListItem","position":1,"name":"\u0413\u043b\u0430\u0432\u043d\u0430\u044f \u0441\u0442\u0440\u0430\u043d\u0438\u0446\u0430","item":"https:\/\/xstyle.md\/"},{"@type":"ListItem","position":2,"name":"\u041c\u0430\u0433\u0430\u0437\u0438\u043d","item":"https:\/\/xstyle.md\/shop\/"},{"@type":"ListItem","position":3,"name":"\u041b\u0435\u0434\u043e\u0431\u0443\u0440 Krok \u0442\u0438\u0442\u0430\u043d\u043e\u0432\u044b\u0439 L200 mm krk7402"}]},{"@type":"WebSite","@id":"https:\/\/xstyle.md\/#website","url":"https:\/\/xstyle.md\/","name":"Magazinul X-Style","description":"Echipamente pentru turism \u0219i sporturi extreme \u00een Moldova. Pre\u021buri, fotografii, caracteristici \u00een Moldova.","publisher":{"@id":"https:\/\/xstyle.md\/#organization"},"alternateName":"X-Style","potentialAction":[{"@type":"SearchAction","target":{"@type":"EntryPoint","urlTemplate":"https:\/\/xstyle.md\/?s={search_term_string}"},"query-input":{"@type":"PropertyValueSpecification","valueRequired":true,"valueName":"search_term_string"}}],"inLanguage":"ro-RO"},{"@type":"Organization","@id":"https:\/\/xstyle.md\/#organization","name":"Magazinul X-Style","alternateName":"x-style","url":"https:\/\/xstyle.md\/","logo":{"@type":"ImageObject","inLanguage":"ro-RO","@id":"https:\/\/xstyle.md\/#\/schema\/logo\/image\/","url":"https:\/\/xstyle.md\/wp-content\/uploads\/2020\/06\/logoicon.svg","contentUrl":"https:\/\/xstyle.md\/wp-content\/uploads\/2020\/06\/logoicon.svg","caption":"\u041c\u0430\u0433\u0430\u0437\u0438\u043d Xstyle"},"image":{"@id":"https:\/\/xstyle.md\/#\/schema\/logo\/image\/"},"sameAs":["https:\/\/www.facebook.com\/xstylemd","https:\/\/www.instagram.com\/xstyle_md\/","https:\/\/t.me\/xstyle_outdoor"],"hasMerchantReturnPolicy":{"@type":"MerchantReturnPolicy","merchantReturnLink":"https:\/\/xstyle.md\/ro\/conditions\/"}}]},"product_price_amount":"460.00","product_price_currency":"MDL","og_availability":"instock","product_availability":"instock","product_retailer_item_id":"2999001259402","product_condition":"new"},"post_mailing_queue_ids":[],"_links":{"self":[{"href":"https:\/\/xstyle.md\/ro\/wp-json\/wp\/v2\/product\/11381","targetHints":{"allow":["GET"]}}],"collection":[{"href":"https:\/\/xstyle.md\/ro\/wp-json\/wp\/v2\/product"}],"about":[{"href":"https:\/\/xstyle.md\/ro\/wp-json\/wp\/v2\/types\/product"}],"replies":[{"embeddable":true,"href":"https:\/\/xstyle.md\/ro\/wp-json\/wp\/v2\/comments?post=11381"}],"wp:featuredmedia":[{"embeddable":true,"href":"https:\/\/xstyle.md\/ro\/wp-json\/wp\/v2\/media\/11380"}],"wp:attachment":[{"href":"https:\/\/xstyle.md\/ro\/wp-json\/wp\/v2\/media?parent=11381"}],"wp:term":[{"taxonomy":"product_brand","embeddable":true,"href":"https:\/\/xstyle.md\/ro\/wp-json\/wp\/v2\/product_brand?post=11381"},{"taxonomy":"product_cat","embeddable":true,"href":"https:\/\/xstyle.md\/ro\/wp-json\/wp\/v2\/product_cat?post=11381"},{"taxonomy":"product_tag","embeddable":true,"href":"https:\/\/xstyle.md\/ro\/wp-json\/wp\/v2\/product_tag?post=11381"}],"curies":[{"name":"wp","href":"https:\/\/api.w.org\/{rel}","templated":true}]}}