{"id":11360,"date":"2020-07-17T11:12:42","date_gmt":"2020-07-17T08:12:42","guid":{"rendered":"https:\/\/xstyle.md\/product\/odnomestnaja-karkasnaja-bajdarka-neris-alu-1"},"modified":"2024-10-02T21:31:39","modified_gmt":"2024-10-02T18:31:39","slug":"odnomestnaja-karkasnaja-bajdarka-neris-alu-1","status":"publish","type":"product","link":"https:\/\/xstyle.md\/ro\/produs\/odnomestnaja-karkasnaja-bajdarka-neris-alu-1\/","title":{"rendered":"\u0411\u0430\u0439\u0434\u0430\u0440\u043a\u0430 \u043a\u0430\u0440\u043a\u0430\u0441\u043d\u0430\u044f &#171;NERIS Alu-1&#187;"},"content":{"rendered":"<\/p>\n<p><strong>Caiacul<\/strong> <strong>NERIS Alu-1<\/strong>&nbsp; dotat cu carcas\u0103, av&acirc;nd un loc, este potrivit pentru c\u0103l\u0103torii pe de ape deschise (r&acirc;uri simple, lacuri, rezervoare). Este perfect pentru o c\u0103l\u0103torie de weekend sau pentru c\u0103l\u0103torii mai lungi. Datorit\u0103 contururilor netede ale caiacului, are propulsie, controlabilitate \u0219i stabilitate ridicate pe traseu.<\/p>\n<p>Caiacul are un design modular &#8212; din caiacul Alu-1 pute\u021bi asambla un caiac dublu sau triplu din seria Alu. Pentru caiacurile Alu-1, s-au dezvoltat ambalaje ermetice speciale &#8212; &icirc;n arc \u0219i pup\u0103, compartimentul de marf\u0103, pe puntea caiacului. Utilizarea lor va face confortabil\u0103 o c\u0103l\u0103torie lung\u0103 autonom\u0103 &icirc;n aproape orice zon\u0103 climatic\u0103 a lumii.<\/p>\n<h3><strong>Unicitatea acestui model<\/strong><strong><\/strong><\/h3>\n<p>NERIS Alu-1 &#8212; primul caiac-transformer cu carcas\u0103 din lume. Av&acirc;nd un caiac NERIS Alu-1, cu costuri minime, pute\u021bi ob\u021bine un caiac dublu NERIS Alu-2 sau triplu NERIS Alu-3. Pentru a face acest lucru, trebuie s\u0103 cump\u0103ra\u021bi o carcas\u0103 \u0219i elemente de cadru ale modelelor necesare, care este cu p&acirc;n\u0103 la 70% mai ieftin\u0103 dec&acirc;t costul unui caiac &icirc;ntreg.<\/p>\n<h3><strong>Specifica\u021bii<\/strong><\/h3>\n<ul>\n<li>Caiacul are compartimente mari de marf\u0103 &icirc;n arcul \u0219i pupa caiacului;<\/li>\n<li>Este completat cu un scaun gonflabil confortabil;<\/li>\n<li>Caiacul este ambalat &icirc;ntr-un rucsac cu o &icirc;n\u0103l\u021bime de 110 cm (dimensiunea rucsacului 43x23x110 cm);<\/li>\n<li>&bdquo;NERIS Alu-1&rdquo; are dou\u0103 rame duralumin\u0103 &icirc;nchise \u0219i una deschis\u0103, cu tricoturi din o\u021bel inoxidabil, ceea ce &icirc;i cre\u0219te semnificativ fiabilitatea, rezisten\u021ba \u0219i durabilitatea;<\/li>\n<li>&Icirc;nveli\u0219ul este confec\u021bionat dintr-un material din barc\u0103 rezistent la uzur\u0103 din PVC, partea inferioar\u0103 este lipit de \u0219nururi \u0219i kilson cu o banda de rulare special\u0103;<\/li>\n<li>M&acirc;nere de transport confortabile;<\/li>\n<li>Caiacul poate fi completat cu un al doilea scaun pentru copil;<\/li>\n<li>Pe un caiac, pute\u021bi pune arme de navigare &bdquo;Gennaker cu un catarg &icirc;n form\u0103 de A&rdquo;;<\/li>\n<li>Lipsa cilindrilor laterali cre\u0219te volumul util al b\u0103rcii;<\/li>\n<li>Piese turnate la pupa pentru direc\u021bie;<\/li>\n<li>Ham de siguran\u021b\u0103 pe o punte de caiac;<strong><\/strong><\/li>\n<li>&nbsp;Nu este recomandat m\u0103rilor \u0219i oceanelor (ramele duraluminice &icirc;\u0219i pot pierde rezisten\u021ba &icirc;n timp din apa s\u0103rat\u0103)<strong>.<\/strong><strong><\/strong><\/li>\n<\/ul>\n<h3><strong>Carcasa<\/strong><\/h3>\n<ul>\n<li>Are un design simplu \u0219i fiabil;<\/li>\n<li>Barca este u\u0219or de asamblat, nu are elemente de fixare cu cadru de plastic cu durat\u0103 scurt\u0103 de via\u021b\u0103;<\/li>\n<li>Stringer &#8212; \u021beav\u0103 duralumin\u0103 anodizat\u0103 16x1mm grad D16T;<\/li>\n<li>Cadre &#8212; \u021beav\u0103 duralumin\u0103 anodizat\u0103 18x1mm grad D16T;<\/li>\n<li>Tricoturi (element de fixare a cadrului-cadru) &#8212; o\u021bel inoxidabil 0,8mm;<\/li>\n<li>Feronerie deta\u0219abil\u0103 &#8212; o\u021bel inoxidabil.<\/li>\n<\/ul>\n<div>\n<h3><strong>Parametri<\/strong><\/h3>\n<\/div>\n<ul>\n<li>Lungime 4,0 m.<\/li>\n<li>L\u0103\u021bime &#8212; 0,79 m.<\/li>\n<li>Greutate &icirc;n rucsac &#8212; 22,1 kg.<\/li>\n<li>Dimensiunea rucsacului &#8212; 43x23x110 cm<\/li>\n<li>Num\u0103r de locuri &#8212; 1 adult sau 1 adult \u0219i 1 copil (op\u021bional).<\/li>\n<li>Capacitate de transport &#8212; 150 kg.<\/li>\n<li>Cablaj de siguran\u021b\u0103 pe o punte de caiac.<\/li>\n<li>Abilitatea de a transforma modelul Alu-1 &icirc;n modelul Alu-2 sau Alu-3.<\/li>\n<li>Timp de asamblare &#8212; aproximativ 25 de minute.<\/li>\n<\/ul>\n<h3 style=\"display: inline !important;\"><strong>Materiale<\/strong><\/h3>\n<ul>\n<li>Partea inferioar\u0103 &#8212; 5 straturi din PVC TE90 (900 grame \/ m2)<\/li>\n<li>Deca &#8212; 5 straturi din PVC TE62 (620 grame \/ m2)<\/li>\n<li>Ambalare &#8212; Cordura-1000<\/li>\n<li>Cadre &#8212; conduct\u0103 anodizat\u0103 D16T 18&#215;1 mm. Tricoturi rezistente la coroziune.<\/li>\n<li>Set longitudinal &#8212; conduct\u0103 anodizat\u0103 de grad D16T 16&#215;1 mm.<\/li>\n<li>Kilson \u0219i pini &#8212; profil ovale din aluminiu anodizat 20&#215;35 mm (DIN 6063).<\/li>\n<li>Knitz (element de fixare a cadrului-cadru) &#8212; o\u021bel inoxidabil 0,8 mm;<\/li>\n<li>Partea inferioar\u0103 este lipit\u0103 de \u0219nururi \u0219i kilson cu o banda de rulare special\u0103;<\/li>\n<\/ul>\n<div>\n<h3><strong>Setul include<\/strong><\/h3>\n<\/div>\n<p>Caiacul Standart este livrat cu un scaun gonflabil reglabil, un rucsac convenabil pentru transportul caiacului, instruc\u021biuni pentru asamblarea \/ dezasamblarea caiacului, precum \u0219i pachete cu centuri de drume\u021bie &icirc;n ambalaje ermetice;&nbsp;<\/p>\n<p style=\"text-align: center;\">_______________________<\/p>\n<p>Pute\u021bi comanda, de asemenea, pachetul Alu-1 Expedition, unde caiacul este dotat suplimentar cu un \u0219or\u021b pentru un cockpit, o fust\u0103, un capac \u0219i o direc\u021bie. Posibilitatea de a instala un \u0219or\u021b \u0219i o direc\u021bie, fuste &icirc;n kitul expedi\u021bional v\u0103 permite s\u0103 folosi\u021bi Alu &icirc;n condi\u021bii meteorologice dificile &#8212; &icirc;n sezonul rece \u0219i ploaie.<\/p>\n<p><iframe loading=\"lazy\" src=\"https:\/\/www.youtube.com\/embed\/UqB3lPdrSN0\" frameborder=\"0\" width=\"425\" height=\"350\"><\/iframe><\/p>\n<p>Asamblarea caiacului cu carcasa Neris Alu<\/p>\n<p><iframe loading=\"lazy\" src=\"https:\/\/www.youtube.com\/embed\/MYJ6hCsqikg\" frameborder=\"0\" width=\"425\" height=\"350\"><\/iframe><\/p>\n<p>Vizualizarea <a href=\"https:\/\/neriskayaks.com\/netcat_files\/2863_90.pdf\">instruc\u0163iei de asamblare a caiacului<\/a><\/p>\n<p>Rafting cu caiacurile Neris pe Nistru<\/p>\n<p><iframe loading=\"lazy\" src=\"https:\/\/www.youtube.com\/embed\/v0FoCeMd7oE\" frameborder=\"0\" width=\"425\" height=\"350\"><\/iframe><\/p>\n<p style=\"text-align: center;\">&#8212;&#8212;&#8212;&#8212;&#8212;&#8212;&#8212;&#8212;&#8212;&#8212;&#8212;&#8212;&#8212;&#8212;&#8212;&#8212;&#8212;&#8212;&#8212;&#8212;<\/p>\n<p><strong>Legisla\u021bia Republicii Moldova oblig\u0103 &icirc;nmatricularea b\u0103rcilor mici, inclusiv a caiacelor, &icirc;n Registrul de stat al navelor al Republicii Moldova. Av&acirc;nd o &icirc;nregistrare, pute\u021bi merge cu u\u0219urin\u021b\u0103 la toate lacurile \u0219i r&acirc;urile moldovene\u0219ti, inclusiv la zonele de frontier\u0103. S\u0103 trece\u021bi controlul vamal atunci c&acirc;nd pleca\u021bi \u0219i intra\u021bi &icirc;n Moldova. Furniz\u0103m &icirc;ntregul pachet de documente necesare pentru &icirc;nregistrare, inclusiv o copie a declara\u021biei de import \u0219i a certificatului de origine al marfei.<\/strong><\/p>\n<p><\/p>","protected":false},"excerpt":{"rendered":"<p>\u0411\u0430\u0439\u0434\u0430\u0440\u043a\u0430 \u043a\u0430\u0440\u043a\u0430\u0441\u043d\u0430\u044f &#171;NERIS Alu-1&#187;<\/p>","protected":false},"featured_media":11352,"comment_status":"open","ping_status":"closed","template":"","meta":{"_acf_changed":false,"inline_featured_image":false},"product_brand":[1288],"product_cat":[1091],"product_tag":[],"class_list":{"0":"post-11360","1":"product","2":"type-product","3":"status-publish","4":"has-post-thumbnail","6":"product_brand-neris","7":"product_cat-neris","9":"first","10":"under_request","11":"shipping-taxable","12":"product-type-simple"},"acf":[],"yoast_head":"<!-- This site is optimized with the Yoast SEO plugin v27.4 - https:\/\/yoast.com\/product\/yoast-seo-wordpress\/ -->\n<title>\u0411\u0430\u0439\u0434\u0430\u0440\u043a\u0430 \u043a\u0430\u0440\u043a\u0430\u0441\u043d\u0430\u044f &quot;NERIS Alu-1&quot; - \u041c\u0430\u0433\u0430\u0437\u0438\u043d Xstyle<\/title>\n<meta name=\"description\" content=\"\u0411\u0430\u0439\u0434\u0430\u0440\u043a\u0430 \u043a\u0430\u0440\u043a\u0430\u0441\u043d\u0430\u044f &quot;NERIS Alu-1&quot; \u2013 \u0438\u0434\u0435\u0430\u043b\u044c\u043d\u044b\u0439 \u0432\u044b\u0431\u043e\u0440 \u0434\u043b\u044f \u043b\u044e\u0431\u0438\u0442\u0435\u043b\u0435\u0439 \u0430\u043a\u0442\u0438\u0432\u043d\u043e\u0433\u043e \u043e\u0442\u0434\u044b\u0445\u0430! \u041b\u0435\u0433\u043a\u043e\u0441\u0442\u044c, \u043f\u0440\u043e\u0447\u043d\u043e\u0441\u0442\u044c \u0438 \u043d\u0430\u0434\u0435\u0436\u043d\u043e\u0441\u0442\u044c \u0432 \u043a\u0430\u0436\u0434\u043e\u0439 \u043f\u043e\u0435\u0437\u0434\u043a\u0435.\" \/>\n<meta name=\"robots\" content=\"index, follow, max-snippet:-1, max-image-preview:large, max-video-preview:-1\" \/>\n<link rel=\"canonical\" href=\"https:\/\/xstyle.md\/ro\/produs\/odnomestnaja-karkasnaja-bajdarka-neris-alu-1\/\" \/>\n<meta property=\"og:locale\" content=\"ro_RO\" \/>\n<meta property=\"og:type\" content=\"article\" \/>\n<meta property=\"og:title\" content=\"\u0411\u0430\u0439\u0434\u0430\u0440\u043a\u0430 \u043a\u0430\u0440\u043a\u0430\u0441\u043d\u0430\u044f &quot;NERIS Alu-1&quot; - \u041c\u0430\u0433\u0430\u0437\u0438\u043d Xstyle\" \/>\n<meta property=\"og:description\" content=\"\u0411\u0430\u0439\u0434\u0430\u0440\u043a\u0430 \u043a\u0430\u0440\u043a\u0430\u0441\u043d\u0430\u044f &quot;NERIS Alu-1&quot; \u2013 \u0438\u0434\u0435\u0430\u043b\u044c\u043d\u044b\u0439 \u0432\u044b\u0431\u043e\u0440 \u0434\u043b\u044f \u043b\u044e\u0431\u0438\u0442\u0435\u043b\u0435\u0439 \u0430\u043a\u0442\u0438\u0432\u043d\u043e\u0433\u043e \u043e\u0442\u0434\u044b\u0445\u0430! \u041b\u0435\u0433\u043a\u043e\u0441\u0442\u044c, \u043f\u0440\u043e\u0447\u043d\u043e\u0441\u0442\u044c \u0438 \u043d\u0430\u0434\u0435\u0436\u043d\u043e\u0441\u0442\u044c \u0432 \u043a\u0430\u0436\u0434\u043e\u0439 \u043f\u043e\u0435\u0437\u0434\u043a\u0435.\" \/>\n<meta property=\"og:url\" content=\"https:\/\/xstyle.md\/ro\/produs\/odnomestnaja-karkasnaja-bajdarka-neris-alu-1\/\" \/>\n<meta property=\"og:site_name\" content=\"\u041c\u0430\u0433\u0430\u0437\u0438\u043d Xstyle\" \/>\n<meta property=\"article:publisher\" content=\"https:\/\/www.facebook.com\/xstylemd\" \/>\n<meta property=\"article:modified_time\" content=\"2024-10-02T18:31:39+00:00\" \/>\n<meta property=\"og:image\" content=\"https:\/\/xstyle.md\/wp-content\/uploads\/2020\/07\/1_9_12.jpg\" \/>\n\t<meta property=\"og:image:width\" content=\"747\" \/>\n\t<meta property=\"og:image:height\" content=\"297\" \/>\n\t<meta property=\"og:image:type\" content=\"image\/jpeg\" \/>\n<meta name=\"twitter:card\" content=\"summary_large_image\" \/>\n<meta name=\"twitter:label1\" content=\"Pre\u021b\" \/>\n\t<meta name=\"twitter:data1\" content=\"21.900&nbsp;MDL\" \/>\n\t<meta name=\"twitter:label2\" content=\"Disponibilitate\" \/>\n\t<meta name=\"twitter:data2\" content=\"\u00cen stoc\" \/>\n<script type=\"application\/ld+json\" class=\"yoast-schema-graph\">{\"@context\":\"https:\\\/\\\/schema.org\",\"@graph\":[{\"@type\":\"WebPage\",\"@id\":\"https:\\\/\\\/xstyle.md\\\/product\\\/odnomestnaja-karkasnaja-bajdarka-neris-alu-1\\\/\",\"url\":\"https:\\\/\\\/xstyle.md\\\/product\\\/odnomestnaja-karkasnaja-bajdarka-neris-alu-1\\\/\",\"name\":\"\u0411\u0430\u0439\u0434\u0430\u0440\u043a\u0430 \u043a\u0430\u0440\u043a\u0430\u0441\u043d\u0430\u044f \\\"NERIS Alu-1\\\" - \u041c\u0430\u0433\u0430\u0437\u0438\u043d Xstyle\",\"isPartOf\":{\"@id\":\"https:\\\/\\\/xstyle.md\\\/#website\"},\"primaryImageOfPage\":{\"@id\":\"https:\\\/\\\/xstyle.md\\\/product\\\/odnomestnaja-karkasnaja-bajdarka-neris-alu-1\\\/#primaryimage\"},\"image\":{\"@id\":\"https:\\\/\\\/xstyle.md\\\/product\\\/odnomestnaja-karkasnaja-bajdarka-neris-alu-1\\\/#primaryimage\"},\"thumbnailUrl\":\"https:\\\/\\\/xstyle.md\\\/wp-content\\\/uploads\\\/2020\\\/07\\\/1_9_12.jpg\",\"datePublished\":\"2020-07-17T08:12:42+00:00\",\"dateModified\":\"2024-10-02T18:31:39+00:00\",\"description\":\"\u0411\u0430\u0439\u0434\u0430\u0440\u043a\u0430 \u043a\u0430\u0440\u043a\u0430\u0441\u043d\u0430\u044f \\\"NERIS Alu-1\\\" \u2013 \u0438\u0434\u0435\u0430\u043b\u044c\u043d\u044b\u0439 \u0432\u044b\u0431\u043e\u0440 \u0434\u043b\u044f \u043b\u044e\u0431\u0438\u0442\u0435\u043b\u0435\u0439 \u0430\u043a\u0442\u0438\u0432\u043d\u043e\u0433\u043e \u043e\u0442\u0434\u044b\u0445\u0430! \u041b\u0435\u0433\u043a\u043e\u0441\u0442\u044c, \u043f\u0440\u043e\u0447\u043d\u043e\u0441\u0442\u044c \u0438 \u043d\u0430\u0434\u0435\u0436\u043d\u043e\u0441\u0442\u044c \u0432 \u043a\u0430\u0436\u0434\u043e\u0439 \u043f\u043e\u0435\u0437\u0434\u043a\u0435.\",\"breadcrumb\":{\"@id\":\"https:\\\/\\\/xstyle.md\\\/product\\\/odnomestnaja-karkasnaja-bajdarka-neris-alu-1\\\/#breadcrumb\"},\"inLanguage\":\"ro-RO\",\"potentialAction\":[{\"@type\":\"ReadAction\",\"target\":[\"https:\\\/\\\/xstyle.md\\\/product\\\/odnomestnaja-karkasnaja-bajdarka-neris-alu-1\\\/\"]}]},{\"@type\":\"ImageObject\",\"inLanguage\":\"ro-RO\",\"@id\":\"https:\\\/\\\/xstyle.md\\\/product\\\/odnomestnaja-karkasnaja-bajdarka-neris-alu-1\\\/#primaryimage\",\"url\":\"https:\\\/\\\/xstyle.md\\\/wp-content\\\/uploads\\\/2020\\\/07\\\/1_9_12.jpg\",\"contentUrl\":\"https:\\\/\\\/xstyle.md\\\/wp-content\\\/uploads\\\/2020\\\/07\\\/1_9_12.jpg\",\"width\":747,\"height\":297},{\"@type\":\"BreadcrumbList\",\"@id\":\"https:\\\/\\\/xstyle.md\\\/product\\\/odnomestnaja-karkasnaja-bajdarka-neris-alu-1\\\/#breadcrumb\",\"itemListElement\":[{\"@type\":\"ListItem\",\"position\":1,\"name\":\"\u0413\u043b\u0430\u0432\u043d\u0430\u044f \u0441\u0442\u0440\u0430\u043d\u0438\u0446\u0430\",\"item\":\"https:\\\/\\\/xstyle.md\\\/\"},{\"@type\":\"ListItem\",\"position\":2,\"name\":\"\u041c\u0430\u0433\u0430\u0437\u0438\u043d\",\"item\":\"https:\\\/\\\/xstyle.md\\\/shop\\\/\"},{\"@type\":\"ListItem\",\"position\":3,\"name\":\"\u0411\u0430\u0439\u0434\u0430\u0440\u043a\u0430 \u043a\u0430\u0440\u043a\u0430\u0441\u043d\u0430\u044f &#8220;NERIS Alu-1&#8221;\"}]},{\"@type\":\"WebSite\",\"@id\":\"https:\\\/\\\/xstyle.md\\\/#website\",\"url\":\"https:\\\/\\\/xstyle.md\\\/\",\"name\":\"\u041c\u0430\u0433\u0430\u0437\u0438\u043d Xstyle\",\"description\":\"C\u043d\u0430\u0440\u044f\u0436\u0435\u043d\u0438\u0435 \u0434\u043b\u044f \u0442\u0443\u0440\u0438\u0437\u043c\u0430 \u0438 \u044d\u043a\u0441\u0442\u0440\u0435\u043c\u0430\u043b\u044c\u043d\u044b\u0445 \u0432\u0438\u0434\u043e\u0432 \u0441\u043f\u043e\u0440\u0442\u0430 \u0432 \u041c\u043e\u043b\u0434\u043e\u0432\u0435.. \u0426\u0435\u043d\u044b, \u0444\u043e\u0442\u043e, \u0445\u0430\u0440\u0430\u043a\u0442\u0435\u0440\u0438\u0441\u0442\u0438\u043a\u0438 \u0432 \u041c\u043e\u043b\u0434\u043e\u0432\u0435.\",\"publisher\":{\"@id\":\"https:\\\/\\\/xstyle.md\\\/#organization\"},\"alternateName\":\"X-Style\",\"potentialAction\":[{\"@type\":\"SearchAction\",\"target\":{\"@type\":\"EntryPoint\",\"urlTemplate\":\"https:\\\/\\\/xstyle.md\\\/?s={search_term_string}\"},\"query-input\":{\"@type\":\"PropertyValueSpecification\",\"valueRequired\":true,\"valueName\":\"search_term_string\"}}],\"inLanguage\":\"ro-RO\"},{\"@type\":\"Organization\",\"@id\":\"https:\\\/\\\/xstyle.md\\\/#organization\",\"name\":\"\u041c\u0430\u0433\u0430\u0437\u0438\u043d Xstyle\",\"alternateName\":\"x-style\",\"url\":\"https:\\\/\\\/xstyle.md\\\/\",\"logo\":{\"@type\":\"ImageObject\",\"inLanguage\":\"ro-RO\",\"@id\":\"https:\\\/\\\/xstyle.md\\\/#\\\/schema\\\/logo\\\/image\\\/\",\"url\":\"https:\\\/\\\/xstyle.md\\\/wp-content\\\/uploads\\\/2020\\\/06\\\/logoicon.svg\",\"contentUrl\":\"https:\\\/\\\/xstyle.md\\\/wp-content\\\/uploads\\\/2020\\\/06\\\/logoicon.svg\",\"caption\":\"\u041c\u0430\u0433\u0430\u0437\u0438\u043d Xstyle\"},\"image\":{\"@id\":\"https:\\\/\\\/xstyle.md\\\/#\\\/schema\\\/logo\\\/image\\\/\"},\"sameAs\":[\"https:\\\/\\\/www.facebook.com\\\/xstylemd\",\"https:\\\/\\\/www.instagram.com\\\/xstyle_md\\\/\",\"https:\\\/\\\/t.me\\\/xstyle_outdoor\"],\"hasMerchantReturnPolicy\":{\"@type\":\"MerchantReturnPolicy\",\"merchantReturnLink\":\"https:\\\/\\\/xstyle.md\\\/ro\\\/conditions\\\/\"}}]}<\/script>\n<meta property=\"product:price:amount\" content=\"21900.00\" \/>\n<meta property=\"product:price:currency\" content=\"MDL\" \/>\n<meta property=\"og:availability\" content=\"instock\" \/>\n<meta property=\"product:availability\" content=\"instock\" \/>\n<meta property=\"product:retailer_item_id\" content=\"N0301\" \/>\n<meta property=\"product:condition\" content=\"new\" \/>\n<!-- \/ Yoast SEO plugin. -->","yoast_head_json":{"title":"\u0411\u0430\u0439\u0434\u0430\u0440\u043a\u0430 \u043a\u0430\u0440\u043a\u0430\u0441\u043d\u0430\u044f \"NERIS Alu-1\" - \u041c\u0430\u0433\u0430\u0437\u0438\u043d Xstyle","description":"\u0411\u0430\u0439\u0434\u0430\u0440\u043a\u0430 \u043a\u0430\u0440\u043a\u0430\u0441\u043d\u0430\u044f \"NERIS Alu-1\" \u2013 \u0438\u0434\u0435\u0430\u043b\u044c\u043d\u044b\u0439 \u0432\u044b\u0431\u043e\u0440 \u0434\u043b\u044f \u043b\u044e\u0431\u0438\u0442\u0435\u043b\u0435\u0439 \u0430\u043a\u0442\u0438\u0432\u043d\u043e\u0433\u043e \u043e\u0442\u0434\u044b\u0445\u0430! \u041b\u0435\u0433\u043a\u043e\u0441\u0442\u044c, \u043f\u0440\u043e\u0447\u043d\u043e\u0441\u0442\u044c \u0438 \u043d\u0430\u0434\u0435\u0436\u043d\u043e\u0441\u0442\u044c \u0432 \u043a\u0430\u0436\u0434\u043e\u0439 \u043f\u043e\u0435\u0437\u0434\u043a\u0435.","robots":{"index":"index","follow":"follow","max-snippet":"max-snippet:-1","max-image-preview":"max-image-preview:large","max-video-preview":"max-video-preview:-1"},"canonical":"https:\/\/xstyle.md\/ro\/produs\/odnomestnaja-karkasnaja-bajdarka-neris-alu-1\/","og_locale":"ro_RO","og_type":"article","og_title":"\u0411\u0430\u0439\u0434\u0430\u0440\u043a\u0430 \u043a\u0430\u0440\u043a\u0430\u0441\u043d\u0430\u044f \"NERIS Alu-1\" - \u041c\u0430\u0433\u0430\u0437\u0438\u043d Xstyle","og_description":"\u0411\u0430\u0439\u0434\u0430\u0440\u043a\u0430 \u043a\u0430\u0440\u043a\u0430\u0441\u043d\u0430\u044f \"NERIS Alu-1\" \u2013 \u0438\u0434\u0435\u0430\u043b\u044c\u043d\u044b\u0439 \u0432\u044b\u0431\u043e\u0440 \u0434\u043b\u044f \u043b\u044e\u0431\u0438\u0442\u0435\u043b\u0435\u0439 \u0430\u043a\u0442\u0438\u0432\u043d\u043e\u0433\u043e \u043e\u0442\u0434\u044b\u0445\u0430! \u041b\u0435\u0433\u043a\u043e\u0441\u0442\u044c, \u043f\u0440\u043e\u0447\u043d\u043e\u0441\u0442\u044c \u0438 \u043d\u0430\u0434\u0435\u0436\u043d\u043e\u0441\u0442\u044c \u0432 \u043a\u0430\u0436\u0434\u043e\u0439 \u043f\u043e\u0435\u0437\u0434\u043a\u0435.","og_url":"https:\/\/xstyle.md\/ro\/produs\/odnomestnaja-karkasnaja-bajdarka-neris-alu-1\/","og_site_name":"\u041c\u0430\u0433\u0430\u0437\u0438\u043d Xstyle","article_publisher":"https:\/\/www.facebook.com\/xstylemd","article_modified_time":"2024-10-02T18:31:39+00:00","og_image":[{"width":747,"height":297,"url":"https:\/\/xstyle.md\/wp-content\/uploads\/2020\/07\/1_9_12.jpg","type":"image\/jpeg"}],"twitter_card":"summary_large_image","twitter_misc":{"Pre\u021b":"21.900&nbsp;MDL","Disponibilitate":"\u00cen stoc"},"schema":{"@context":"https:\/\/schema.org","@graph":[{"@type":"WebPage","@id":"https:\/\/xstyle.md\/product\/odnomestnaja-karkasnaja-bajdarka-neris-alu-1\/","url":"https:\/\/xstyle.md\/product\/odnomestnaja-karkasnaja-bajdarka-neris-alu-1\/","name":"\u0411\u0430\u0439\u0434\u0430\u0440\u043a\u0430 \u043a\u0430\u0440\u043a\u0430\u0441\u043d\u0430\u044f \"NERIS Alu-1\" - \u041c\u0430\u0433\u0430\u0437\u0438\u043d Xstyle","isPartOf":{"@id":"https:\/\/xstyle.md\/#website"},"primaryImageOfPage":{"@id":"https:\/\/xstyle.md\/product\/odnomestnaja-karkasnaja-bajdarka-neris-alu-1\/#primaryimage"},"image":{"@id":"https:\/\/xstyle.md\/product\/odnomestnaja-karkasnaja-bajdarka-neris-alu-1\/#primaryimage"},"thumbnailUrl":"https:\/\/xstyle.md\/wp-content\/uploads\/2020\/07\/1_9_12.jpg","datePublished":"2020-07-17T08:12:42+00:00","dateModified":"2024-10-02T18:31:39+00:00","description":"\u0411\u0430\u0439\u0434\u0430\u0440\u043a\u0430 \u043a\u0430\u0440\u043a\u0430\u0441\u043d\u0430\u044f \"NERIS Alu-1\" \u2013 \u0438\u0434\u0435\u0430\u043b\u044c\u043d\u044b\u0439 \u0432\u044b\u0431\u043e\u0440 \u0434\u043b\u044f \u043b\u044e\u0431\u0438\u0442\u0435\u043b\u0435\u0439 \u0430\u043a\u0442\u0438\u0432\u043d\u043e\u0433\u043e \u043e\u0442\u0434\u044b\u0445\u0430! \u041b\u0435\u0433\u043a\u043e\u0441\u0442\u044c, \u043f\u0440\u043e\u0447\u043d\u043e\u0441\u0442\u044c \u0438 \u043d\u0430\u0434\u0435\u0436\u043d\u043e\u0441\u0442\u044c \u0432 \u043a\u0430\u0436\u0434\u043e\u0439 \u043f\u043e\u0435\u0437\u0434\u043a\u0435.","breadcrumb":{"@id":"https:\/\/xstyle.md\/product\/odnomestnaja-karkasnaja-bajdarka-neris-alu-1\/#breadcrumb"},"inLanguage":"ro-RO","potentialAction":[{"@type":"ReadAction","target":["https:\/\/xstyle.md\/product\/odnomestnaja-karkasnaja-bajdarka-neris-alu-1\/"]}]},{"@type":"ImageObject","inLanguage":"ro-RO","@id":"https:\/\/xstyle.md\/product\/odnomestnaja-karkasnaja-bajdarka-neris-alu-1\/#primaryimage","url":"https:\/\/xstyle.md\/wp-content\/uploads\/2020\/07\/1_9_12.jpg","contentUrl":"https:\/\/xstyle.md\/wp-content\/uploads\/2020\/07\/1_9_12.jpg","width":747,"height":297},{"@type":"BreadcrumbList","@id":"https:\/\/xstyle.md\/product\/odnomestnaja-karkasnaja-bajdarka-neris-alu-1\/#breadcrumb","itemListElement":[{"@type":"ListItem","position":1,"name":"\u0413\u043b\u0430\u0432\u043d\u0430\u044f \u0441\u0442\u0440\u0430\u043d\u0438\u0446\u0430","item":"https:\/\/xstyle.md\/"},{"@type":"ListItem","position":2,"name":"\u041c\u0430\u0433\u0430\u0437\u0438\u043d","item":"https:\/\/xstyle.md\/shop\/"},{"@type":"ListItem","position":3,"name":"\u0411\u0430\u0439\u0434\u0430\u0440\u043a\u0430 \u043a\u0430\u0440\u043a\u0430\u0441\u043d\u0430\u044f &#8220;NERIS Alu-1&#8221;"}]},{"@type":"WebSite","@id":"https:\/\/xstyle.md\/#website","url":"https:\/\/xstyle.md\/","name":"Magazinul X-Style","description":"Echipamente pentru turism \u0219i sporturi extreme \u00een Moldova. Pre\u021buri, fotografii, caracteristici \u00een Moldova.","publisher":{"@id":"https:\/\/xstyle.md\/#organization"},"alternateName":"X-Style","potentialAction":[{"@type":"SearchAction","target":{"@type":"EntryPoint","urlTemplate":"https:\/\/xstyle.md\/?s={search_term_string}"},"query-input":{"@type":"PropertyValueSpecification","valueRequired":true,"valueName":"search_term_string"}}],"inLanguage":"ro-RO"},{"@type":"Organization","@id":"https:\/\/xstyle.md\/#organization","name":"Magazinul X-Style","alternateName":"x-style","url":"https:\/\/xstyle.md\/","logo":{"@type":"ImageObject","inLanguage":"ro-RO","@id":"https:\/\/xstyle.md\/#\/schema\/logo\/image\/","url":"https:\/\/xstyle.md\/wp-content\/uploads\/2020\/06\/logoicon.svg","contentUrl":"https:\/\/xstyle.md\/wp-content\/uploads\/2020\/06\/logoicon.svg","caption":"\u041c\u0430\u0433\u0430\u0437\u0438\u043d Xstyle"},"image":{"@id":"https:\/\/xstyle.md\/#\/schema\/logo\/image\/"},"sameAs":["https:\/\/www.facebook.com\/xstylemd","https:\/\/www.instagram.com\/xstyle_md\/","https:\/\/t.me\/xstyle_outdoor"],"hasMerchantReturnPolicy":{"@type":"MerchantReturnPolicy","merchantReturnLink":"https:\/\/xstyle.md\/ro\/conditions\/"}}]},"product_price_amount":"21900.00","product_price_currency":"MDL","og_availability":"instock","product_availability":"instock","product_retailer_item_id":"N0301","product_condition":"new"},"_links":{"self":[{"href":"https:\/\/xstyle.md\/ro\/wp-json\/wp\/v2\/product\/11360","targetHints":{"allow":["GET"]}}],"collection":[{"href":"https:\/\/xstyle.md\/ro\/wp-json\/wp\/v2\/product"}],"about":[{"href":"https:\/\/xstyle.md\/ro\/wp-json\/wp\/v2\/types\/product"}],"replies":[{"embeddable":true,"href":"https:\/\/xstyle.md\/ro\/wp-json\/wp\/v2\/comments?post=11360"}],"wp:featuredmedia":[{"embeddable":true,"href":"https:\/\/xstyle.md\/ro\/wp-json\/wp\/v2\/media\/11352"}],"wp:attachment":[{"href":"https:\/\/xstyle.md\/ro\/wp-json\/wp\/v2\/media?parent=11360"}],"wp:term":[{"taxonomy":"product_brand","embeddable":true,"href":"https:\/\/xstyle.md\/ro\/wp-json\/wp\/v2\/product_brand?post=11360"},{"taxonomy":"product_cat","embeddable":true,"href":"https:\/\/xstyle.md\/ro\/wp-json\/wp\/v2\/product_cat?post=11360"},{"taxonomy":"product_tag","embeddable":true,"href":"https:\/\/xstyle.md\/ro\/wp-json\/wp\/v2\/product_tag?post=11360"}],"curies":[{"name":"wp","href":"https:\/\/api.w.org\/{rel}","templated":true}]}}