{"id":11292,"date":"2020-07-17T11:08:19","date_gmt":"2020-07-17T08:08:19","guid":{"rendered":"https:\/\/xstyle.md\/product\/termos-primus-vacuum-bottle-0-75l"},"modified":"2024-10-02T21:31:18","modified_gmt":"2024-10-02T18:31:18","slug":"termos-primus-vacuum-bottle-0-75l","status":"publish","type":"product","link":"https:\/\/xstyle.md\/ro\/produs\/termos-primus-vacuum-bottle-0-75l\/","title":{"rendered":"Termos Primus Vacuum Bottle 0.75L"},"content":{"rendered":"<\/p>\n<p><strong>Primus Vacuum Bottle 0.75L<\/strong> &#8212; termos cu pere\u021bi dubli din o\u021bel inoxidabil 18\/8 lustruit, cu garnitur\u0103 de etan\u0219are &#171;Quick Lock&#187;, cu capac \u0219i cup\u0103 combinate. Propriet\u0103\u021bi excelente de etan\u0219are \u0219i greutate redus\u0103, combinate cu fiabilitate \u0219i durat\u0103 de via\u021b\u0103 lung\u0103.<\/p>\n<h3>Particularit\u0103\u021bi<\/h3>\n<ul>\n<li>Acoperirea mat\u0103 cu pulbere \u00eempiedic\u0103 termosul s\u0103 alunece din m\u00e2inile tale<\/li>\n<li>Capacul poate fi folosit ca o cea\u0219c\u0103<\/li>\n<li>U\u0219or de cur\u0103\u021bat, nu absoarbe mirosurile<\/li>\n<li>Buton ClickClose<\/li>\n<li>G\u00e2tul larg face posibil\u0103 utilizarea termosului \u0219i pentru mese<\/li>\n<li>Combina\u021bie capac-cup\u0103 cu garnitur\u0103 de etan\u0219are.<\/li>\n<\/ul>\n<h3>Caracteristici<\/h3>\n<ul>\n<li>Material - o\u021bel inoxidabil<\/li>\n<li>Volum &#8212; 0,75 litri<\/li>\n<li>Dimensiuni &#8212; 66 x 260 mm<\/li>\n<li>Greutate &#8212; 500 g.<\/li>\n<\/ul>\n<h3>Marca<\/h3>\n<p>Primus este o companie suedez\u0103 al c\u0103rei fondator este mecanicul F.W. Lindqvist, care a inventat primul arz\u0103tor de parafin\u0103, care nu avea fitil, iar designul sem\u0103na cu cel al unei tor\u021be, f\u0103r\u0103 funingine \u0219i murd\u0103rie la utilizare. Ini\u021bial, a fost conceput pentru a facilita g\u0103titul acas\u0103, dar, de-a lungul timpului, arz\u0103torul \u0219i-a schimbat scopul, devenind un instrument indispensabil, care face via\u021ba mai u\u0219oar\u0103 \u00een campingul amatorilor, \u00een taberele de baz\u0103 pentru alpinism \u0219i \u00een sta\u021biile mobile ale expedi\u021biilor de cercetare.<\/p>\n<p>Ast\u0103zi, legendara companie Primus produce o gam\u0103 larg\u0103 de produse pentru g\u0103titul \u0219i conservarea alimentelor: arz\u0103toare cu gaz \u0219i combustibil lichid, seturi de vase de buc\u0103t\u0103rie de c\u0103l\u0103torie, termosuri, wok-uri, butelii de gaz. Toate produsele sub sigla acestei companii sunt fiabile \u0219i durabile.<\/p>\n<p><\/p>","protected":false},"excerpt":{"rendered":"<p>Termos Primus Vacuum Bottle 0.75L<\/p>","protected":false},"featured_media":75995,"comment_status":"open","ping_status":"closed","template":"","meta":{"_acf_changed":false,"inline_featured_image":false},"product_brand":[1272],"product_cat":[855],"product_tag":[],"class_list":{"0":"post-11292","1":"product","2":"type-product","3":"status-publish","4":"has-post-thumbnail","6":"product_brand-primus","7":"product_cat-thermos","9":"first","10":"instock","11":"featured","12":"shipping-taxable","13":"purchasable","14":"product-type-simple"},"acf":[],"yoast_head":"<!-- This site is optimized with the Yoast SEO plugin v27.2 - https:\/\/yoast.com\/product\/yoast-seo-wordpress\/ -->\n<title>\u0422\u0435\u0440\u043c\u043e\u0441 Primus Vacuum Bottle 0.75L - \u041c\u0430\u0433\u0430\u0437\u0438\u043d Xstyle<\/title>\n<meta name=\"description\" content=\"\u0422\u0435\u0440\u043c\u043e\u0441 Primus Vacuum Bottle 0.75L - \u0438\u0434\u0435\u0430\u043b\u044c\u043d\u044b\u0439 \u0432\u044b\u0431\u043e\u0440 \u0434\u043b\u044f \u0430\u043a\u0442\u0438\u0432\u043d\u043e\u0433\u043e \u043e\u0442\u0434\u044b\u0445\u0430. \u0414\u0432\u043e\u0439\u043d\u044b\u0435 \u0441\u0442\u0435\u043d\u043a\u0438 \u0438\u0437 \u043d\u0435\u0440\u0436\u0430\u0432\u0435\u044e\u0449\u0435\u0439 \u0441\u0442\u0430\u043b\u0438, \u043d\u0430\u0434\u0435\u0436\u043d\u0430\u044f \u0437\u0430\u0449\u0438\u0442\u0430 \u0438 \u0443\u0434\u043e\u0431\u0441\u0442\u0432\u043e \u0432 \u0438\u0441\u043f\u043e\u043b\u044c\u0437\u043e\u0432\u0430\u043d\u0438\u0438.\" \/>\n<meta name=\"robots\" content=\"index, follow, max-snippet:-1, max-image-preview:large, max-video-preview:-1\" \/>\n<link rel=\"canonical\" href=\"https:\/\/xstyle.md\/ro\/produs\/termos-primus-vacuum-bottle-0-75l\/\" \/>\n<meta property=\"og:locale\" content=\"ro_RO\" \/>\n<meta property=\"og:type\" content=\"article\" \/>\n<meta property=\"og:title\" content=\"\u0422\u0435\u0440\u043c\u043e\u0441 Primus Vacuum Bottle 0.75L - \u041c\u0430\u0433\u0430\u0437\u0438\u043d Xstyle\" \/>\n<meta property=\"og:description\" content=\"\u0422\u0435\u0440\u043c\u043e\u0441 Primus Vacuum Bottle 0.75L - \u0438\u0434\u0435\u0430\u043b\u044c\u043d\u044b\u0439 \u0432\u044b\u0431\u043e\u0440 \u0434\u043b\u044f \u0430\u043a\u0442\u0438\u0432\u043d\u043e\u0433\u043e \u043e\u0442\u0434\u044b\u0445\u0430. \u0414\u0432\u043e\u0439\u043d\u044b\u0435 \u0441\u0442\u0435\u043d\u043a\u0438 \u0438\u0437 \u043d\u0435\u0440\u0436\u0430\u0432\u0435\u044e\u0449\u0435\u0439 \u0441\u0442\u0430\u043b\u0438, \u043d\u0430\u0434\u0435\u0436\u043d\u0430\u044f \u0437\u0430\u0449\u0438\u0442\u0430 \u0438 \u0443\u0434\u043e\u0431\u0441\u0442\u0432\u043e \u0432 \u0438\u0441\u043f\u043e\u043b\u044c\u0437\u043e\u0432\u0430\u043d\u0438\u0438.\" \/>\n<meta property=\"og:url\" content=\"https:\/\/xstyle.md\/ro\/produs\/termos-primus-vacuum-bottle-0-75l\/\" \/>\n<meta property=\"og:site_name\" content=\"\u041c\u0430\u0433\u0430\u0437\u0438\u043d Xstyle\" \/>\n<meta property=\"article:publisher\" content=\"https:\/\/www.facebook.com\/xstylemd\" \/>\n<meta property=\"article:modified_time\" content=\"2024-10-02T18:31:18+00:00\" \/>\n<meta property=\"og:image\" content=\"https:\/\/xstyle.md\/wp-content\/uploads\/2020\/07\/primus-vacuum-bottle-0.75l-mint.jpg\" \/>\n\t<meta property=\"og:image:width\" content=\"1764\" \/>\n\t<meta property=\"og:image:height\" content=\"1740\" \/>\n\t<meta property=\"og:image:type\" content=\"image\/jpeg\" \/>\n<meta name=\"twitter:card\" content=\"summary_large_image\" \/>\n<meta name=\"twitter:label1\" content=\"Pre\u021b\" \/>\n\t<meta name=\"twitter:data1\" content=\"550&nbsp;MDL\" \/>\n\t<meta name=\"twitter:label2\" content=\"Disponibilitate\" \/>\n\t<meta name=\"twitter:data2\" content=\"\u00cen stoc\" \/>\n<script type=\"application\/ld+json\" class=\"yoast-schema-graph\">{\"@context\":\"https:\/\/schema.org\",\"@graph\":[{\"@type\":\"WebPage\",\"@id\":\"https:\/\/xstyle.md\/product\/termos-primus-vacuum-bottle-0-75l\/\",\"url\":\"https:\/\/xstyle.md\/product\/termos-primus-vacuum-bottle-0-75l\/\",\"name\":\"\u0422\u0435\u0440\u043c\u043e\u0441 Primus Vacuum Bottle 0.75L - \u041c\u0430\u0433\u0430\u0437\u0438\u043d Xstyle\",\"isPartOf\":{\"@id\":\"https:\/\/xstyle.md\/#website\"},\"primaryImageOfPage\":{\"@id\":\"https:\/\/xstyle.md\/product\/termos-primus-vacuum-bottle-0-75l\/#primaryimage\"},\"image\":{\"@id\":\"https:\/\/xstyle.md\/product\/termos-primus-vacuum-bottle-0-75l\/#primaryimage\"},\"thumbnailUrl\":\"https:\/\/xstyle.md\/wp-content\/uploads\/2020\/07\/primus-vacuum-bottle-0.75l-mint.jpg\",\"datePublished\":\"2020-07-17T08:08:19+00:00\",\"dateModified\":\"2024-10-02T18:31:18+00:00\",\"description\":\"\u0422\u0435\u0440\u043c\u043e\u0441 Primus Vacuum Bottle 0.75L - \u0438\u0434\u0435\u0430\u043b\u044c\u043d\u044b\u0439 \u0432\u044b\u0431\u043e\u0440 \u0434\u043b\u044f \u0430\u043a\u0442\u0438\u0432\u043d\u043e\u0433\u043e \u043e\u0442\u0434\u044b\u0445\u0430. \u0414\u0432\u043e\u0439\u043d\u044b\u0435 \u0441\u0442\u0435\u043d\u043a\u0438 \u0438\u0437 \u043d\u0435\u0440\u0436\u0430\u0432\u0435\u044e\u0449\u0435\u0439 \u0441\u0442\u0430\u043b\u0438, \u043d\u0430\u0434\u0435\u0436\u043d\u0430\u044f \u0437\u0430\u0449\u0438\u0442\u0430 \u0438 \u0443\u0434\u043e\u0431\u0441\u0442\u0432\u043e \u0432 \u0438\u0441\u043f\u043e\u043b\u044c\u0437\u043e\u0432\u0430\u043d\u0438\u0438.\",\"breadcrumb\":{\"@id\":\"https:\/\/xstyle.md\/product\/termos-primus-vacuum-bottle-0-75l\/#breadcrumb\"},\"inLanguage\":\"ro-RO\",\"potentialAction\":[{\"@type\":\"ReadAction\",\"target\":[\"https:\/\/xstyle.md\/product\/termos-primus-vacuum-bottle-0-75l\/\"]}]},{\"@type\":\"ImageObject\",\"inLanguage\":\"ro-RO\",\"@id\":\"https:\/\/xstyle.md\/product\/termos-primus-vacuum-bottle-0-75l\/#primaryimage\",\"url\":\"https:\/\/xstyle.md\/wp-content\/uploads\/2020\/07\/primus-vacuum-bottle-0.75l-mint.jpg\",\"contentUrl\":\"https:\/\/xstyle.md\/wp-content\/uploads\/2020\/07\/primus-vacuum-bottle-0.75l-mint.jpg\",\"width\":1764,\"height\":1740,\"caption\":\"\u0422\u0435\u0440\u043c\u043e\u0441 Primus Vacuum Bottle 0.75L \u0434\u043b\u044f \u0430\u043a\u0442\u0438\u0432\u043d\u043e\u0433\u043e \u043e\u0442\u0434\u044b\u0445\u0430, \u0442\u0443\u0440\u0438\u0441\u0442\u0438\u0447\u0435\u0441\u043a\u043e\u0439 \u0438 \u043f\u043e\u0445\u043e\u0434\u043d\u043e\u0439 \u044d\u043a\u0438\u043f\u0438\u0440\u043e\u0432\u043a\u0438, \u043e\u0434\u0435\u0436\u0434\u044b \u0438 \u043e\u0431\u0443\u0432\u0438 \u0434\u043b\u044f \u043f\u0440\u043e\u0433\u0443\u043b\u043e\u043a, \u043f\u043e\u0445\u043e\u0434\u043e\u0432 \u0438 \u043f\u0443\u0442\u0435\u0448\u0435\u0441\u0442\u0432\u0438\u0439\"},{\"@type\":\"BreadcrumbList\",\"@id\":\"https:\/\/xstyle.md\/product\/termos-primus-vacuum-bottle-0-75l\/#breadcrumb\",\"itemListElement\":[{\"@type\":\"ListItem\",\"position\":1,\"name\":\"\u0413\u043b\u0430\u0432\u043d\u0430\u044f \u0441\u0442\u0440\u0430\u043d\u0438\u0446\u0430\",\"item\":\"https:\/\/xstyle.md\/\"},{\"@type\":\"ListItem\",\"position\":2,\"name\":\"\u041c\u0430\u0433\u0430\u0437\u0438\u043d\",\"item\":\"https:\/\/xstyle.md\/shop\/\"},{\"@type\":\"ListItem\",\"position\":3,\"name\":\"\u0422\u0435\u0440\u043c\u043e\u0441 Primus Vacuum Bottle 0.75L\"}]},{\"@type\":\"WebSite\",\"@id\":\"https:\/\/xstyle.md\/#website\",\"url\":\"https:\/\/xstyle.md\/\",\"name\":\"\u041c\u0430\u0433\u0430\u0437\u0438\u043d Xstyle\",\"description\":\"C\u043d\u0430\u0440\u044f\u0436\u0435\u043d\u0438\u0435 \u0434\u043b\u044f \u0442\u0443\u0440\u0438\u0437\u043c\u0430 \u0438 \u044d\u043a\u0441\u0442\u0440\u0435\u043c\u0430\u043b\u044c\u043d\u044b\u0445 \u0432\u0438\u0434\u043e\u0432 \u0441\u043f\u043e\u0440\u0442\u0430 \u0432 \u041c\u043e\u043b\u0434\u043e\u0432\u0435.. \u0426\u0435\u043d\u044b, \u0444\u043e\u0442\u043e, \u0445\u0430\u0440\u0430\u043a\u0442\u0435\u0440\u0438\u0441\u0442\u0438\u043a\u0438 \u0432 \u041c\u043e\u043b\u0434\u043e\u0432\u0435.\",\"publisher\":{\"@id\":\"https:\/\/xstyle.md\/#organization\"},\"alternateName\":\"X-Style\",\"potentialAction\":[{\"@type\":\"SearchAction\",\"target\":{\"@type\":\"EntryPoint\",\"urlTemplate\":\"https:\/\/xstyle.md\/?s={search_term_string}\"},\"query-input\":{\"@type\":\"PropertyValueSpecification\",\"valueRequired\":true,\"valueName\":\"search_term_string\"}}],\"inLanguage\":\"ro-RO\"},{\"@type\":\"Organization\",\"@id\":\"https:\/\/xstyle.md\/#organization\",\"name\":\"\u041c\u0430\u0433\u0430\u0437\u0438\u043d Xstyle\",\"alternateName\":\"x-style\",\"url\":\"https:\/\/xstyle.md\/\",\"logo\":{\"@type\":\"ImageObject\",\"inLanguage\":\"ro-RO\",\"@id\":\"https:\/\/xstyle.md\/#\/schema\/logo\/image\/\",\"url\":\"https:\/\/xstyle.md\/wp-content\/uploads\/2020\/06\/logoicon.svg\",\"contentUrl\":\"https:\/\/xstyle.md\/wp-content\/uploads\/2020\/06\/logoicon.svg\",\"caption\":\"\u041c\u0430\u0433\u0430\u0437\u0438\u043d Xstyle\"},\"image\":{\"@id\":\"https:\/\/xstyle.md\/#\/schema\/logo\/image\/\"},\"sameAs\":[\"https:\/\/www.facebook.com\/xstylemd\",\"https:\/\/www.instagram.com\/xstyle_md\/\",\"https:\/\/t.me\/xstyle_outdoor\"],\"hasMerchantReturnPolicy\":{\"@type\":\"MerchantReturnPolicy\",\"merchantReturnLink\":\"https:\/\/xstyle.md\/ro\/conditions\/\"}}]}<\/script>\n<meta property=\"product:price:amount\" content=\"550.00\" \/>\n<meta property=\"product:price:currency\" content=\"MDL\" \/>\n<meta property=\"og:availability\" content=\"instock\" \/>\n<meta property=\"product:availability\" content=\"instock\" \/>\n<meta property=\"product:retailer_item_id\" content=\"7330033908237\" \/>\n<meta property=\"product:condition\" content=\"new\" \/>\n<!-- \/ Yoast SEO plugin. -->","yoast_head_json":{"title":"Termos Primus Vacuum Bottle 0.75L - Magazin Xstyle","description":"Termos Primus Vacuum Bottle 0.75L - alegerea perfect\u0103 pentru activit\u0103\u021bi \u00een aer liber. Pere\u021bi dubli din o\u021bel inoxidabil, protec\u021bie fiabil\u0103 \u0219i confort \u00een utilizare.","robots":{"index":"index","follow":"follow","max-snippet":"max-snippet:-1","max-image-preview":"max-image-preview:large","max-video-preview":"max-video-preview:-1"},"canonical":"https:\/\/xstyle.md\/ro\/produs\/termos-primus-vacuum-bottle-0-75l\/","og_locale":"ro_RO","og_type":"article","og_title":"\u0422\u0435\u0440\u043c\u043e\u0441 Primus Vacuum Bottle 0.75L - \u041c\u0430\u0433\u0430\u0437\u0438\u043d Xstyle","og_description":"\u0422\u0435\u0440\u043c\u043e\u0441 Primus Vacuum Bottle 0.75L - \u0438\u0434\u0435\u0430\u043b\u044c\u043d\u044b\u0439 \u0432\u044b\u0431\u043e\u0440 \u0434\u043b\u044f \u0430\u043a\u0442\u0438\u0432\u043d\u043e\u0433\u043e \u043e\u0442\u0434\u044b\u0445\u0430. \u0414\u0432\u043e\u0439\u043d\u044b\u0435 \u0441\u0442\u0435\u043d\u043a\u0438 \u0438\u0437 \u043d\u0435\u0440\u0436\u0430\u0432\u0435\u044e\u0449\u0435\u0439 \u0441\u0442\u0430\u043b\u0438, \u043d\u0430\u0434\u0435\u0436\u043d\u0430\u044f \u0437\u0430\u0449\u0438\u0442\u0430 \u0438 \u0443\u0434\u043e\u0431\u0441\u0442\u0432\u043e \u0432 \u0438\u0441\u043f\u043e\u043b\u044c\u0437\u043e\u0432\u0430\u043d\u0438\u0438.","og_url":"https:\/\/xstyle.md\/ro\/produs\/termos-primus-vacuum-bottle-0-75l\/","og_site_name":"\u041c\u0430\u0433\u0430\u0437\u0438\u043d Xstyle","article_publisher":"https:\/\/www.facebook.com\/xstylemd","article_modified_time":"2024-10-02T18:31:18+00:00","og_image":[{"width":1764,"height":1740,"url":"https:\/\/xstyle.md\/wp-content\/uploads\/2020\/07\/primus-vacuum-bottle-0.75l-mint.jpg","type":"image\/jpeg"}],"twitter_card":"summary_large_image","twitter_misc":{"Pre\u021b":"550&nbsp;MDL","Disponibilitate":"\u00cen stoc"},"schema":{"@context":"https:\/\/schema.org","@graph":[{"@type":"WebPage","@id":"https:\/\/xstyle.md\/product\/termos-primus-vacuum-bottle-0-75l\/","url":"https:\/\/xstyle.md\/product\/termos-primus-vacuum-bottle-0-75l\/","name":"Termos Primus Vacuum Bottle 0.75L - Magazin Xstyle","isPartOf":{"@id":"https:\/\/xstyle.md\/#website"},"primaryImageOfPage":{"@id":"https:\/\/xstyle.md\/product\/termos-primus-vacuum-bottle-0-75l\/#primaryimage"},"image":{"@id":"https:\/\/xstyle.md\/product\/termos-primus-vacuum-bottle-0-75l\/#primaryimage"},"thumbnailUrl":"https:\/\/xstyle.md\/wp-content\/uploads\/2020\/07\/primus-vacuum-bottle-0.75l-mint.jpg","datePublished":"2020-07-17T08:08:19+00:00","dateModified":"2024-10-02T18:31:18+00:00","description":"Termos Primus Vacuum Bottle 0.75L - alegerea perfect\u0103 pentru activit\u0103\u021bi \u00een aer liber. Pere\u021bi dubli din o\u021bel inoxidabil, protec\u021bie fiabil\u0103 \u0219i confort \u00een utilizare.","breadcrumb":{"@id":"https:\/\/xstyle.md\/product\/termos-primus-vacuum-bottle-0-75l\/#breadcrumb"},"inLanguage":"ro-RO","potentialAction":[{"@type":"ReadAction","target":["https:\/\/xstyle.md\/product\/termos-primus-vacuum-bottle-0-75l\/"]}]},{"@type":"ImageObject","inLanguage":"ro-RO","@id":"https:\/\/xstyle.md\/product\/termos-primus-vacuum-bottle-0-75l\/#primaryimage","url":"https:\/\/xstyle.md\/wp-content\/uploads\/2020\/07\/primus-vacuum-bottle-0.75l-mint.jpg","contentUrl":"https:\/\/xstyle.md\/wp-content\/uploads\/2020\/07\/primus-vacuum-bottle-0.75l-mint.jpg","width":1764,"height":1740,"caption":"\u0422\u0435\u0440\u043c\u043e\u0441 Primus Vacuum Bottle 0.75L \u0434\u043b\u044f \u0430\u043a\u0442\u0438\u0432\u043d\u043e\u0433\u043e \u043e\u0442\u0434\u044b\u0445\u0430, \u0442\u0443\u0440\u0438\u0441\u0442\u0438\u0447\u0435\u0441\u043a\u043e\u0439 \u0438 \u043f\u043e\u0445\u043e\u0434\u043d\u043e\u0439 \u044d\u043a\u0438\u043f\u0438\u0440\u043e\u0432\u043a\u0438, \u043e\u0434\u0435\u0436\u0434\u044b \u0438 \u043e\u0431\u0443\u0432\u0438 \u0434\u043b\u044f \u043f\u0440\u043e\u0433\u0443\u043b\u043e\u043a, \u043f\u043e\u0445\u043e\u0434\u043e\u0432 \u0438 \u043f\u0443\u0442\u0435\u0448\u0435\u0441\u0442\u0432\u0438\u0439"},{"@type":"BreadcrumbList","@id":"https:\/\/xstyle.md\/product\/termos-primus-vacuum-bottle-0-75l\/#breadcrumb","itemListElement":[{"@type":"ListItem","position":1,"name":"\u0413\u043b\u0430\u0432\u043d\u0430\u044f \u0441\u0442\u0440\u0430\u043d\u0438\u0446\u0430","item":"https:\/\/xstyle.md\/"},{"@type":"ListItem","position":2,"name":"\u041c\u0430\u0433\u0430\u0437\u0438\u043d","item":"https:\/\/xstyle.md\/shop\/"},{"@type":"ListItem","position":3,"name":"\u0422\u0435\u0440\u043c\u043e\u0441 Primus Vacuum Bottle 0.75L"}]},{"@type":"WebSite","@id":"https:\/\/xstyle.md\/#website","url":"https:\/\/xstyle.md\/","name":"Magazinul X-Style","description":"Echipamente pentru turism \u0219i sporturi extreme \u00een Moldova. Pre\u021buri, fotografii, caracteristici \u00een Moldova.","publisher":{"@id":"https:\/\/xstyle.md\/#organization"},"alternateName":"X-Style","potentialAction":[{"@type":"SearchAction","target":{"@type":"EntryPoint","urlTemplate":"https:\/\/xstyle.md\/?s={search_term_string}"},"query-input":{"@type":"PropertyValueSpecification","valueRequired":true,"valueName":"search_term_string"}}],"inLanguage":"ro-RO"},{"@type":"Organization","@id":"https:\/\/xstyle.md\/#organization","name":"Magazinul X-Style","alternateName":"x-style","url":"https:\/\/xstyle.md\/","logo":{"@type":"ImageObject","inLanguage":"ro-RO","@id":"https:\/\/xstyle.md\/#\/schema\/logo\/image\/","url":"https:\/\/xstyle.md\/wp-content\/uploads\/2020\/06\/logoicon.svg","contentUrl":"https:\/\/xstyle.md\/wp-content\/uploads\/2020\/06\/logoicon.svg","caption":"\u041c\u0430\u0433\u0430\u0437\u0438\u043d Xstyle"},"image":{"@id":"https:\/\/xstyle.md\/#\/schema\/logo\/image\/"},"sameAs":["https:\/\/www.facebook.com\/xstylemd","https:\/\/www.instagram.com\/xstyle_md\/","https:\/\/t.me\/xstyle_outdoor"],"hasMerchantReturnPolicy":{"@type":"MerchantReturnPolicy","merchantReturnLink":"https:\/\/xstyle.md\/ro\/conditions\/"}}]},"product_price_amount":"550.00","product_price_currency":"MDL","og_availability":"instock","product_availability":"instock","product_retailer_item_id":"7330033908237","product_condition":"new"},"post_mailing_queue_ids":[],"_links":{"self":[{"href":"https:\/\/xstyle.md\/ro\/wp-json\/wp\/v2\/product\/11292","targetHints":{"allow":["GET"]}}],"collection":[{"href":"https:\/\/xstyle.md\/ro\/wp-json\/wp\/v2\/product"}],"about":[{"href":"https:\/\/xstyle.md\/ro\/wp-json\/wp\/v2\/types\/product"}],"replies":[{"embeddable":true,"href":"https:\/\/xstyle.md\/ro\/wp-json\/wp\/v2\/comments?post=11292"}],"wp:featuredmedia":[{"embeddable":true,"href":"https:\/\/xstyle.md\/ro\/wp-json\/wp\/v2\/media\/75995"}],"wp:attachment":[{"href":"https:\/\/xstyle.md\/ro\/wp-json\/wp\/v2\/media?parent=11292"}],"wp:term":[{"taxonomy":"product_brand","embeddable":true,"href":"https:\/\/xstyle.md\/ro\/wp-json\/wp\/v2\/product_brand?post=11292"},{"taxonomy":"product_cat","embeddable":true,"href":"https:\/\/xstyle.md\/ro\/wp-json\/wp\/v2\/product_cat?post=11292"},{"taxonomy":"product_tag","embeddable":true,"href":"https:\/\/xstyle.md\/ro\/wp-json\/wp\/v2\/product_tag?post=11292"}],"curies":[{"name":"wp","href":"https:\/\/api.w.org\/{rel}","templated":true}]}}