{"id":11110,"date":"2020-07-17T10:59:22","date_gmt":"2020-07-17T07:59:22","guid":{"rendered":"https:\/\/xstyle.md\/?post_type=product&#038;p=11110"},"modified":"2026-02-17T18:26:38","modified_gmt":"2026-02-17T15:26:38","slug":"spuskovoe-ustrojstvo-petzl-id-l-11-5-13-cm","status":"publish","type":"product","link":"https:\/\/xstyle.md\/ro\/produs\/spuskovoe-ustrojstvo-petzl-id-l-11-5-13-cm\/","title":{"rendered":"\u0421\u043f\u0443\u0441\u043a\u043e\u0432\u043e\u0435 \u0443\u0441\u0442\u0440\u043e\u0439\u0441\u0442\u0432\u043e Petzl I&#8217;D L 11,5-13 cm"},"content":{"rendered":"<\/p>\n<p><strong>Cobor\u00e2tor Petzl ID L 11,5-13 cm<\/strong> &#8212; cobor\u00e2tor autoblocant cu func\u021bie antipanic\u0103. Proiectat pentru alpinism utilitar.<\/p>\n<p><strong>Caracteristici:<\/strong><\/p>\n<ul>\n<li>destinat lucrului pe corzi, partea care se deschide pentru fixarea pe coarda previne riscul de a sc\u0103pa coboratorul din m\u00e2n\u0103<\/li>\n<li>m\u00e2ner multifunc\u021bional care deblocheaz\u0103 sau blocheaz\u0103 coarda \u0219i cu ajutorul butonului din cap\u0103t controleaz\u0103 deplasarea pe zone orizontale sau cu unghi mic.<\/li>\n<li>func\u021bia antipanic\u0103 se activeaz\u0103 dac\u0103 utilizatorul trage prea tare de m\u00e2ner. \u00cen acest caz coarda se blocheaz\u0103 \u0219i coborarea \u00eenceteaz\u0103.<\/li>\n<li>cama de siguran\u021b\u0103 care blocheaz\u0103 coarda \u00een cazul \u00een care cobor\u00e2torul este instalat gre\u0219it.<\/li>\n<li>se foloseste pe corzi cu diametrul \u00eentre 11,5 \u0219i 13mm.<\/li>\n<li>coboar\u0103 greut\u0103\u021bi de p\u00e2n\u0103 la 272Kg (doar pentru utilizatori profesioni\u0219ti).<\/li>\n<li>Greutate: 530 grame.<\/li>\n<li>Norme CE: CE EN 341 Class A.<\/li>\n<\/ul>\n<p><\/p>","protected":false},"excerpt":{"rendered":"<p>\u0421\u043f\u0443\u0441\u043a\u043e\u0432\u043e\u0435 \u0443\u0441\u0442\u0440\u043e\u0439\u0441\u0442\u0432\u043e Petzl I&#8217;D L 11,5-13 cm<\/p>","protected":false},"featured_media":97030,"comment_status":"open","ping_status":"closed","template":"","meta":{"_acf_changed":false,"inline_featured_image":false},"product_brand":[1270],"product_cat":[98],"product_tag":[],"class_list":{"0":"post-11110","1":"product","2":"type-product","3":"status-publish","4":"has-post-thumbnail","6":"product_brand-petzl","7":"product_cat-ra-descenders","9":"first","10":"instock","11":"shipping-taxable","12":"purchasable","13":"product-type-simple"},"acf":[],"yoast_head":"<!-- This site is optimized with the Yoast SEO plugin v27.2 - https:\/\/yoast.com\/product\/yoast-seo-wordpress\/ -->\n<title>\u0421\u043f\u0443\u0441\u043a\u043e\u0432\u043e\u0435 \u0443\u0441\u0442\u0440\u043e\u0439\u0441\u0442\u0432\u043e Petzl I&#039;D L 11,5-13 cm - \u041c\u0430\u0433\u0430\u0437\u0438\u043d Xstyle<\/title>\n<meta name=\"description\" content=\"\u0421\u043f\u0443\u0441\u043a\u043e\u0432\u043e\u0435 \u0443\u0441\u0442\u0440\u043e\u0439\u0441\u0442\u0432\u043e Petzl I&#039;D L 11,5-13 \u0441\u043c \u0441 \u0444\u0443\u043d\u043a\u0446\u0438\u0435\u0439 \u0430\u0432\u0442\u043e\u0431\u043b\u043e\u043a\u0438\u0440\u043e\u0432\u043a\u0438 \u0438 \u0430\u043d\u0442\u0438\u043f\u0430\u043d\u0438\u043a\u0438. \u0418\u0434\u0435\u0430\u043b\u044c\u043d\u043e \u0434\u043b\u044f \u0431\u0435\u0437\u043e\u043f\u0430\u0441\u043d\u043e\u0433\u043e \u0441\u043f\u0443\u0441\u043a\u0430 \u0438 \u0434\u043e\u0441\u0442\u0443\u043f\u0430 \u0432 \u0442\u0440\u0443\u0434\u043d\u043e\u0434\u043e\u0441\u0442\u0443\u043f\u043d\u044b\u0435 \u043c\u0435\u0441\u0442\u0430.\" \/>\n<meta name=\"robots\" content=\"index, follow, max-snippet:-1, max-image-preview:large, max-video-preview:-1\" \/>\n<link rel=\"canonical\" href=\"https:\/\/xstyle.md\/ro\/produs\/spuskovoe-ustrojstvo-petzl-id-l-11-5-13-cm\/\" \/>\n<meta property=\"og:locale\" content=\"ro_RO\" \/>\n<meta property=\"og:type\" content=\"article\" \/>\n<meta property=\"og:title\" content=\"\u0421\u043f\u0443\u0441\u043a\u043e\u0432\u043e\u0435 \u0443\u0441\u0442\u0440\u043e\u0439\u0441\u0442\u0432\u043e Petzl I&#039;D L 11,5-13 cm - \u041c\u0430\u0433\u0430\u0437\u0438\u043d Xstyle\" \/>\n<meta property=\"og:description\" content=\"\u0421\u043f\u0443\u0441\u043a\u043e\u0432\u043e\u0435 \u0443\u0441\u0442\u0440\u043e\u0439\u0441\u0442\u0432\u043e Petzl I&#039;D L 11,5-13 \u0441\u043c \u0441 \u0444\u0443\u043d\u043a\u0446\u0438\u0435\u0439 \u0430\u0432\u0442\u043e\u0431\u043b\u043e\u043a\u0438\u0440\u043e\u0432\u043a\u0438 \u0438 \u0430\u043d\u0442\u0438\u043f\u0430\u043d\u0438\u043a\u0438. \u0418\u0434\u0435\u0430\u043b\u044c\u043d\u043e \u0434\u043b\u044f \u0431\u0435\u0437\u043e\u043f\u0430\u0441\u043d\u043e\u0433\u043e \u0441\u043f\u0443\u0441\u043a\u0430 \u0438 \u0434\u043e\u0441\u0442\u0443\u043f\u0430 \u0432 \u0442\u0440\u0443\u0434\u043d\u043e\u0434\u043e\u0441\u0442\u0443\u043f\u043d\u044b\u0435 \u043c\u0435\u0441\u0442\u0430.\" \/>\n<meta property=\"og:url\" content=\"https:\/\/xstyle.md\/ro\/produs\/spuskovoe-ustrojstvo-petzl-id-l-11-5-13-cm\/\" \/>\n<meta property=\"og:site_name\" content=\"\u041c\u0430\u0433\u0430\u0437\u0438\u043d Xstyle\" \/>\n<meta property=\"article:publisher\" content=\"https:\/\/www.facebook.com\/xstylemd\" \/>\n<meta property=\"article:modified_time\" content=\"2026-02-17T15:26:38+00:00\" \/>\n<meta property=\"og:image\" content=\"https:\/\/xstyle.md\/wp-content\/uploads\/2020\/07\/petzl-id-l-115-13-cm.webp\" \/>\n\t<meta property=\"og:image:width\" content=\"1080\" \/>\n\t<meta property=\"og:image:height\" content=\"1080\" \/>\n\t<meta property=\"og:image:type\" content=\"image\/webp\" \/>\n<meta name=\"twitter:card\" content=\"summary_large_image\" \/>\n<meta name=\"twitter:label1\" content=\"Pre\u021b\" \/>\n\t<meta name=\"twitter:data1\" content=\"5.190&nbsp;MDL\" \/>\n\t<meta name=\"twitter:label2\" content=\"Disponibilitate\" \/>\n\t<meta name=\"twitter:data2\" content=\"\u00cen stoc\" \/>\n<script type=\"application\/ld+json\" class=\"yoast-schema-graph\">{\"@context\":\"https:\/\/schema.org\",\"@graph\":[{\"@type\":\"WebPage\",\"@id\":\"https:\/\/xstyle.md\/product\/spuskovoe-ustrojstvo-petzl-id-l-11-5-13-cm\/\",\"url\":\"https:\/\/xstyle.md\/product\/spuskovoe-ustrojstvo-petzl-id-l-11-5-13-cm\/\",\"name\":\"\u0421\u043f\u0443\u0441\u043a\u043e\u0432\u043e\u0435 \u0443\u0441\u0442\u0440\u043e\u0439\u0441\u0442\u0432\u043e Petzl I'D L 11,5-13 cm - \u041c\u0430\u0433\u0430\u0437\u0438\u043d Xstyle\",\"isPartOf\":{\"@id\":\"https:\/\/xstyle.md\/#website\"},\"primaryImageOfPage\":{\"@id\":\"https:\/\/xstyle.md\/product\/spuskovoe-ustrojstvo-petzl-id-l-11-5-13-cm\/#primaryimage\"},\"image\":{\"@id\":\"https:\/\/xstyle.md\/product\/spuskovoe-ustrojstvo-petzl-id-l-11-5-13-cm\/#primaryimage\"},\"thumbnailUrl\":\"https:\/\/xstyle.md\/wp-content\/uploads\/2020\/07\/petzl-id-l-115-13-cm.webp\",\"datePublished\":\"2020-07-17T07:59:22+00:00\",\"dateModified\":\"2026-02-17T15:26:38+00:00\",\"description\":\"\u0421\u043f\u0443\u0441\u043a\u043e\u0432\u043e\u0435 \u0443\u0441\u0442\u0440\u043e\u0439\u0441\u0442\u0432\u043e Petzl I'D L 11,5-13 \u0441\u043c \u0441 \u0444\u0443\u043d\u043a\u0446\u0438\u0435\u0439 \u0430\u0432\u0442\u043e\u0431\u043b\u043e\u043a\u0438\u0440\u043e\u0432\u043a\u0438 \u0438 \u0430\u043d\u0442\u0438\u043f\u0430\u043d\u0438\u043a\u0438. \u0418\u0434\u0435\u0430\u043b\u044c\u043d\u043e \u0434\u043b\u044f \u0431\u0435\u0437\u043e\u043f\u0430\u0441\u043d\u043e\u0433\u043e \u0441\u043f\u0443\u0441\u043a\u0430 \u0438 \u0434\u043e\u0441\u0442\u0443\u043f\u0430 \u0432 \u0442\u0440\u0443\u0434\u043d\u043e\u0434\u043e\u0441\u0442\u0443\u043f\u043d\u044b\u0435 \u043c\u0435\u0441\u0442\u0430.\",\"breadcrumb\":{\"@id\":\"https:\/\/xstyle.md\/product\/spuskovoe-ustrojstvo-petzl-id-l-11-5-13-cm\/#breadcrumb\"},\"inLanguage\":\"ro-RO\",\"potentialAction\":[{\"@type\":\"ReadAction\",\"target\":[\"https:\/\/xstyle.md\/product\/spuskovoe-ustrojstvo-petzl-id-l-11-5-13-cm\/\"]}]},{\"@type\":\"ImageObject\",\"inLanguage\":\"ro-RO\",\"@id\":\"https:\/\/xstyle.md\/product\/spuskovoe-ustrojstvo-petzl-id-l-11-5-13-cm\/#primaryimage\",\"url\":\"https:\/\/xstyle.md\/wp-content\/uploads\/2020\/07\/petzl-id-l-115-13-cm.webp\",\"contentUrl\":\"https:\/\/xstyle.md\/wp-content\/uploads\/2020\/07\/petzl-id-l-115-13-cm.webp\",\"width\":1080,\"height\":1080,\"caption\":\"\u0422\u044f\u0433\u043e\u0432\u043e\u0435 \u0443\u0441\u0442\u0440\u043e\u0439\u0441\u0442\u0432\u043e Petzl I\u2019D L \u0434\u043b\u044f \u0430\u043b\u044c\u043f\u0438\u043d\u0438\u0437\u043c\u0430 \u0438 \u0441\u043a\u0430\u043b\u043e\u043b\u0430\u0437\u0430\u043d\u0438\u044f, \u043f\u043e\u0434\u0445\u043e\u0434\u0438\u0442 \u0434\u043b\u044f \u0430\u043a\u0442\u0438\u0432\u043d\u043e\u0439 \u0436\u0438\u0437\u043d\u0438, \u043f\u0443\u0442\u0435\u0448\u0435\u0441\u0442\u0432\u0438\u0439 \u0438 \u043f\u043e\u0445\u043e\u0434\u043e\u0432, \u0442\u043e\u0432\u0430\u0440\u044b \u0434\u043b\u044f \u0433\u043e\u0440\u043d\u044b\u0445 \u0432\u043e\u0441\u0445\u043e\u0436\u0434\u0435\u043d\u0438\u0439 \u0438 \u0441\u043d\u0430\u0440\u044f\u0436\u0435\u043d\u0438\u044f \u0434\u043b\u044f \u0442\u0443\u0440\u0438\u0437\u043c\u0430\"},{\"@type\":\"BreadcrumbList\",\"@id\":\"https:\/\/xstyle.md\/product\/spuskovoe-ustrojstvo-petzl-id-l-11-5-13-cm\/#breadcrumb\",\"itemListElement\":[{\"@type\":\"ListItem\",\"position\":1,\"name\":\"\u0413\u043b\u0430\u0432\u043d\u0430\u044f \u0441\u0442\u0440\u0430\u043d\u0438\u0446\u0430\",\"item\":\"https:\/\/xstyle.md\/\"},{\"@type\":\"ListItem\",\"position\":2,\"name\":\"\u041c\u0430\u0433\u0430\u0437\u0438\u043d\",\"item\":\"https:\/\/xstyle.md\/shop\/\"},{\"@type\":\"ListItem\",\"position\":3,\"name\":\"\u0421\u043f\u0443\u0441\u043a\u043e\u0432\u043e\u0435 \u0443\u0441\u0442\u0440\u043e\u0439\u0441\u0442\u0432\u043e Petzl I&#8217;D L 11,5-13 cm\"}]},{\"@type\":\"WebSite\",\"@id\":\"https:\/\/xstyle.md\/#website\",\"url\":\"https:\/\/xstyle.md\/\",\"name\":\"\u041c\u0430\u0433\u0430\u0437\u0438\u043d Xstyle\",\"description\":\"C\u043d\u0430\u0440\u044f\u0436\u0435\u043d\u0438\u0435 \u0434\u043b\u044f \u0442\u0443\u0440\u0438\u0437\u043c\u0430 \u0438 \u044d\u043a\u0441\u0442\u0440\u0435\u043c\u0430\u043b\u044c\u043d\u044b\u0445 \u0432\u0438\u0434\u043e\u0432 \u0441\u043f\u043e\u0440\u0442\u0430 \u0432 \u041c\u043e\u043b\u0434\u043e\u0432\u0435.. \u0426\u0435\u043d\u044b, \u0444\u043e\u0442\u043e, \u0445\u0430\u0440\u0430\u043a\u0442\u0435\u0440\u0438\u0441\u0442\u0438\u043a\u0438 \u0432 \u041c\u043e\u043b\u0434\u043e\u0432\u0435.\",\"publisher\":{\"@id\":\"https:\/\/xstyle.md\/#organization\"},\"alternateName\":\"X-Style\",\"potentialAction\":[{\"@type\":\"SearchAction\",\"target\":{\"@type\":\"EntryPoint\",\"urlTemplate\":\"https:\/\/xstyle.md\/?s={search_term_string}\"},\"query-input\":{\"@type\":\"PropertyValueSpecification\",\"valueRequired\":true,\"valueName\":\"search_term_string\"}}],\"inLanguage\":\"ro-RO\"},{\"@type\":\"Organization\",\"@id\":\"https:\/\/xstyle.md\/#organization\",\"name\":\"\u041c\u0430\u0433\u0430\u0437\u0438\u043d Xstyle\",\"alternateName\":\"x-style\",\"url\":\"https:\/\/xstyle.md\/\",\"logo\":{\"@type\":\"ImageObject\",\"inLanguage\":\"ro-RO\",\"@id\":\"https:\/\/xstyle.md\/#\/schema\/logo\/image\/\",\"url\":\"https:\/\/xstyle.md\/wp-content\/uploads\/2020\/06\/logoicon.svg\",\"contentUrl\":\"https:\/\/xstyle.md\/wp-content\/uploads\/2020\/06\/logoicon.svg\",\"caption\":\"\u041c\u0430\u0433\u0430\u0437\u0438\u043d Xstyle\"},\"image\":{\"@id\":\"https:\/\/xstyle.md\/#\/schema\/logo\/image\/\"},\"sameAs\":[\"https:\/\/www.facebook.com\/xstylemd\",\"https:\/\/www.instagram.com\/xstyle_md\/\",\"https:\/\/t.me\/xstyle_outdoor\"],\"hasMerchantReturnPolicy\":{\"@type\":\"MerchantReturnPolicy\",\"merchantReturnLink\":\"https:\/\/xstyle.md\/ro\/conditions\/\"}}]}<\/script>\n<meta property=\"product:price:amount\" content=\"5190.00\" \/>\n<meta property=\"product:price:currency\" content=\"MDL\" \/>\n<meta property=\"og:availability\" content=\"instock\" \/>\n<meta property=\"product:availability\" content=\"instock\" \/>\n<meta property=\"product:retailer_item_id\" content=\"3342540079373\" \/>\n<meta property=\"product:condition\" content=\"new\" \/>\n<!-- \/ Yoast SEO plugin. -->","yoast_head_json":{"title":"\u0421\u043f\u0443\u0441\u043a\u043e\u0432\u043e\u0435 \u0443\u0441\u0442\u0440\u043e\u0439\u0441\u0442\u0432\u043e Petzl I'D L 11,5-13 cm - \u041c\u0430\u0433\u0430\u0437\u0438\u043d Xstyle","description":"Dispozitiv de cobor\u00e2re Petzl I'D L 11,5-13 cm cu func\u021bie de autoblocare \u0219i antipanica. Ideal pentru o cobor\u00e2re \u00een siguran\u021b\u0103 \u0219i accesul \u00een locuri greu accesibile.","robots":{"index":"index","follow":"follow","max-snippet":"max-snippet:-1","max-image-preview":"max-image-preview:large","max-video-preview":"max-video-preview:-1"},"canonical":"https:\/\/xstyle.md\/ro\/produs\/spuskovoe-ustrojstvo-petzl-id-l-11-5-13-cm\/","og_locale":"ro_RO","og_type":"article","og_title":"\u0421\u043f\u0443\u0441\u043a\u043e\u0432\u043e\u0435 \u0443\u0441\u0442\u0440\u043e\u0439\u0441\u0442\u0432\u043e Petzl I'D L 11,5-13 cm - \u041c\u0430\u0433\u0430\u0437\u0438\u043d Xstyle","og_description":"\u0421\u043f\u0443\u0441\u043a\u043e\u0432\u043e\u0435 \u0443\u0441\u0442\u0440\u043e\u0439\u0441\u0442\u0432\u043e Petzl I'D L 11,5-13 \u0441\u043c \u0441 \u0444\u0443\u043d\u043a\u0446\u0438\u0435\u0439 \u0430\u0432\u0442\u043e\u0431\u043b\u043e\u043a\u0438\u0440\u043e\u0432\u043a\u0438 \u0438 \u0430\u043d\u0442\u0438\u043f\u0430\u043d\u0438\u043a\u0438. \u0418\u0434\u0435\u0430\u043b\u044c\u043d\u043e \u0434\u043b\u044f \u0431\u0435\u0437\u043e\u043f\u0430\u0441\u043d\u043e\u0433\u043e \u0441\u043f\u0443\u0441\u043a\u0430 \u0438 \u0434\u043e\u0441\u0442\u0443\u043f\u0430 \u0432 \u0442\u0440\u0443\u0434\u043d\u043e\u0434\u043e\u0441\u0442\u0443\u043f\u043d\u044b\u0435 \u043c\u0435\u0441\u0442\u0430.","og_url":"https:\/\/xstyle.md\/ro\/produs\/spuskovoe-ustrojstvo-petzl-id-l-11-5-13-cm\/","og_site_name":"\u041c\u0430\u0433\u0430\u0437\u0438\u043d Xstyle","article_publisher":"https:\/\/www.facebook.com\/xstylemd","article_modified_time":"2026-02-17T15:26:38+00:00","og_image":[{"width":1080,"height":1080,"url":"https:\/\/xstyle.md\/wp-content\/uploads\/2020\/07\/petzl-id-l-115-13-cm.webp","type":"image\/webp"}],"twitter_card":"summary_large_image","twitter_misc":{"Pre\u021b":"5.190&nbsp;MDL","Disponibilitate":"\u00cen stoc"},"schema":{"@context":"https:\/\/schema.org","@graph":[{"@type":"WebPage","@id":"https:\/\/xstyle.md\/product\/spuskovoe-ustrojstvo-petzl-id-l-11-5-13-cm\/","url":"https:\/\/xstyle.md\/product\/spuskovoe-ustrojstvo-petzl-id-l-11-5-13-cm\/","name":"\u0421\u043f\u0443\u0441\u043a\u043e\u0432\u043e\u0435 \u0443\u0441\u0442\u0440\u043e\u0439\u0441\u0442\u0432\u043e Petzl I'D L 11,5-13 cm - \u041c\u0430\u0433\u0430\u0437\u0438\u043d Xstyle","isPartOf":{"@id":"https:\/\/xstyle.md\/#website"},"primaryImageOfPage":{"@id":"https:\/\/xstyle.md\/product\/spuskovoe-ustrojstvo-petzl-id-l-11-5-13-cm\/#primaryimage"},"image":{"@id":"https:\/\/xstyle.md\/product\/spuskovoe-ustrojstvo-petzl-id-l-11-5-13-cm\/#primaryimage"},"thumbnailUrl":"https:\/\/xstyle.md\/wp-content\/uploads\/2020\/07\/petzl-id-l-115-13-cm.webp","datePublished":"2020-07-17T07:59:22+00:00","dateModified":"2026-02-17T15:26:38+00:00","description":"Dispozitiv de cobor\u00e2re Petzl I'D L 11,5-13 cm cu func\u021bie de autoblocare \u0219i antipanica. Ideal pentru o cobor\u00e2re \u00een siguran\u021b\u0103 \u0219i accesul \u00een locuri greu accesibile.","breadcrumb":{"@id":"https:\/\/xstyle.md\/product\/spuskovoe-ustrojstvo-petzl-id-l-11-5-13-cm\/#breadcrumb"},"inLanguage":"ro-RO","potentialAction":[{"@type":"ReadAction","target":["https:\/\/xstyle.md\/product\/spuskovoe-ustrojstvo-petzl-id-l-11-5-13-cm\/"]}]},{"@type":"ImageObject","inLanguage":"ro-RO","@id":"https:\/\/xstyle.md\/product\/spuskovoe-ustrojstvo-petzl-id-l-11-5-13-cm\/#primaryimage","url":"https:\/\/xstyle.md\/wp-content\/uploads\/2020\/07\/petzl-id-l-115-13-cm.webp","contentUrl":"https:\/\/xstyle.md\/wp-content\/uploads\/2020\/07\/petzl-id-l-115-13-cm.webp","width":1080,"height":1080,"caption":"\u0422\u044f\u0433\u043e\u0432\u043e\u0435 \u0443\u0441\u0442\u0440\u043e\u0439\u0441\u0442\u0432\u043e Petzl I\u2019D L \u0434\u043b\u044f \u0430\u043b\u044c\u043f\u0438\u043d\u0438\u0437\u043c\u0430 \u0438 \u0441\u043a\u0430\u043b\u043e\u043b\u0430\u0437\u0430\u043d\u0438\u044f, \u043f\u043e\u0434\u0445\u043e\u0434\u0438\u0442 \u0434\u043b\u044f \u0430\u043a\u0442\u0438\u0432\u043d\u043e\u0439 \u0436\u0438\u0437\u043d\u0438, \u043f\u0443\u0442\u0435\u0448\u0435\u0441\u0442\u0432\u0438\u0439 \u0438 \u043f\u043e\u0445\u043e\u0434\u043e\u0432, \u0442\u043e\u0432\u0430\u0440\u044b \u0434\u043b\u044f \u0433\u043e\u0440\u043d\u044b\u0445 \u0432\u043e\u0441\u0445\u043e\u0436\u0434\u0435\u043d\u0438\u0439 \u0438 \u0441\u043d\u0430\u0440\u044f\u0436\u0435\u043d\u0438\u044f \u0434\u043b\u044f \u0442\u0443\u0440\u0438\u0437\u043c\u0430"},{"@type":"BreadcrumbList","@id":"https:\/\/xstyle.md\/product\/spuskovoe-ustrojstvo-petzl-id-l-11-5-13-cm\/#breadcrumb","itemListElement":[{"@type":"ListItem","position":1,"name":"\u0413\u043b\u0430\u0432\u043d\u0430\u044f \u0441\u0442\u0440\u0430\u043d\u0438\u0446\u0430","item":"https:\/\/xstyle.md\/"},{"@type":"ListItem","position":2,"name":"\u041c\u0430\u0433\u0430\u0437\u0438\u043d","item":"https:\/\/xstyle.md\/shop\/"},{"@type":"ListItem","position":3,"name":"\u0421\u043f\u0443\u0441\u043a\u043e\u0432\u043e\u0435 \u0443\u0441\u0442\u0440\u043e\u0439\u0441\u0442\u0432\u043e Petzl I&#8217;D L 11,5-13 cm"}]},{"@type":"WebSite","@id":"https:\/\/xstyle.md\/#website","url":"https:\/\/xstyle.md\/","name":"Magazinul X-Style","description":"Echipamente pentru turism \u0219i sporturi extreme \u00een Moldova. Pre\u021buri, fotografii, caracteristici \u00een Moldova.","publisher":{"@id":"https:\/\/xstyle.md\/#organization"},"alternateName":"X-Style","potentialAction":[{"@type":"SearchAction","target":{"@type":"EntryPoint","urlTemplate":"https:\/\/xstyle.md\/?s={search_term_string}"},"query-input":{"@type":"PropertyValueSpecification","valueRequired":true,"valueName":"search_term_string"}}],"inLanguage":"ro-RO"},{"@type":"Organization","@id":"https:\/\/xstyle.md\/#organization","name":"Magazinul X-Style","alternateName":"x-style","url":"https:\/\/xstyle.md\/","logo":{"@type":"ImageObject","inLanguage":"ro-RO","@id":"https:\/\/xstyle.md\/#\/schema\/logo\/image\/","url":"https:\/\/xstyle.md\/wp-content\/uploads\/2020\/06\/logoicon.svg","contentUrl":"https:\/\/xstyle.md\/wp-content\/uploads\/2020\/06\/logoicon.svg","caption":"\u041c\u0430\u0433\u0430\u0437\u0438\u043d Xstyle"},"image":{"@id":"https:\/\/xstyle.md\/#\/schema\/logo\/image\/"},"sameAs":["https:\/\/www.facebook.com\/xstylemd","https:\/\/www.instagram.com\/xstyle_md\/","https:\/\/t.me\/xstyle_outdoor"],"hasMerchantReturnPolicy":{"@type":"MerchantReturnPolicy","merchantReturnLink":"https:\/\/xstyle.md\/ro\/conditions\/"}}]},"product_price_amount":"5190.00","product_price_currency":"MDL","og_availability":"instock","product_availability":"instock","product_retailer_item_id":"3342540079373","product_condition":"new"},"post_mailing_queue_ids":[],"_links":{"self":[{"href":"https:\/\/xstyle.md\/ro\/wp-json\/wp\/v2\/product\/11110","targetHints":{"allow":["GET"]}}],"collection":[{"href":"https:\/\/xstyle.md\/ro\/wp-json\/wp\/v2\/product"}],"about":[{"href":"https:\/\/xstyle.md\/ro\/wp-json\/wp\/v2\/types\/product"}],"replies":[{"embeddable":true,"href":"https:\/\/xstyle.md\/ro\/wp-json\/wp\/v2\/comments?post=11110"}],"wp:featuredmedia":[{"embeddable":true,"href":"https:\/\/xstyle.md\/ro\/wp-json\/wp\/v2\/media\/97030"}],"wp:attachment":[{"href":"https:\/\/xstyle.md\/ro\/wp-json\/wp\/v2\/media?parent=11110"}],"wp:term":[{"taxonomy":"product_brand","embeddable":true,"href":"https:\/\/xstyle.md\/ro\/wp-json\/wp\/v2\/product_brand?post=11110"},{"taxonomy":"product_cat","embeddable":true,"href":"https:\/\/xstyle.md\/ro\/wp-json\/wp\/v2\/product_cat?post=11110"},{"taxonomy":"product_tag","embeddable":true,"href":"https:\/\/xstyle.md\/ro\/wp-json\/wp\/v2\/product_tag?post=11110"}],"curies":[{"name":"wp","href":"https:\/\/api.w.org\/{rel}","templated":true}]}}