{"id":10939,"date":"2020-07-17T10:49:03","date_gmt":"2020-07-17T07:49:03","guid":{"rendered":"https:\/\/xstyle.md\/product\/spirtovaja-gorelka-tatonka-burner-set"},"modified":"2025-12-03T13:59:54","modified_gmt":"2025-12-03T10:59:54","slug":"spirtovaja-gorelka-tatonka-burner-set","status":"publish","type":"product","link":"https:\/\/xstyle.md\/ro\/produs\/spirtovaja-gorelka-tatonka-burner-set\/","title":{"rendered":"Arz\u0103tor cu spirt Tatonka Burner Set"},"content":{"rendered":"<\/p>\n<p><strong>Arz\u0103tor cu spirt Tatonka Burner Set<\/strong>\u00a0&#8212; arz\u0103tor turistic u\u0219or \u0219i compact, pe care \u00eel pute\u021bi lua cu siguran\u021b\u0103 \u00een timpul c\u0103l\u0103toriilor scurte. Ocup\u00e2nd un minim de spa\u021biu \u00een rucsac, arz\u0103torul poate s\u0103 \u00eenc\u0103lzeasc\u0103 rapid m\u00e2ncarea sau s\u0103 fiarb\u0103 ap\u0103 pentru ceai, cafea sau sublimate.<\/p>\n<h3><strong>Particularit\u0103\u021bi<\/strong><\/h3>\n<ul>\n<li>Lucreaz\u0103 cu combustibilul cu alcool, care se toarn\u0103 direct \u00een bolul arz\u0103torului.<\/li>\n<li>Dup\u0103 utilizare, combustibilul r\u0103mas nu trebuie golit &#8212; este suficient s\u0103 \u00eenchide\u021bi bine capacul arz\u0103torului (se \u00een\u0219urubeaz\u0103, cu garnitur\u0103 de etan\u0219are).<\/li>\n<li>Timpul de ardere cu combustibil plin este de aproximativ 40 de minute.<\/li>\n<li>\u00cen set este prev\u0103zut un suport pentru vesel\u0103 \u0219i regulator de fl\u0103c\u0103ri.<\/li>\n<li>Pentru o performan\u021b\u0103 mai bun\u0103 a arz\u0103torului \u0219i un consum redus, se recomand\u0103 utilizarea unei protec\u021bii de v\u00e2nt \u0219i a unor vase speciale cu baz\u0103 dubl\u0103 (nu sunt incluse).<\/li>\n<\/ul>\n<h3>Caracteristici<\/h3>\n<ul>\n<li>Material &#8212; O\u021bel inoxidabil 18\/8 (o\u021bel inoxidabil)<\/li>\n<li>Volumul arz\u0103torului &#8212; 120 ml<\/li>\n<li>Timp de lucru (c\u00e2nd este complet alimentat) &#8212; 40 min<\/li>\n<li>Regulator de putere &#8212; Nu<\/li>\n<li>Aprindere piezo &#8212; Nu<\/li>\n<li>Protec\u021bie \u00eempotriva v\u00e2ntului &#8212; Nu<\/li>\n<li>Dimensiunea arz\u0103torului &#8212; 7,5 x 5,5 cm<\/li>\n<li>Dimensiunea suportului &#8212; 7,5 x 3 cm<\/li>\n<li>Dimensiunea regulatorului de flac\u0103r\u0103 &#8212; 7,65 x 2,5 cm.<\/li>\n<\/ul>\n<h3>Marca<\/h3>\n<p>Marca TATONKA este renumit\u0103 \u00een \u00eentreaga lume \u0219i produce echipamente de c\u0103l\u0103torie de \u00eenalt\u0103 calitate \u00eenc\u0103 din 1994. \u00cenc\u0103 de la \u00eenfiin\u021bare, Tatonka ader\u0103 la o politic\u0103 de calitate maxim\u0103 posibil\u0103 a produselor la un pre\u021b accesibil. Fiecare rucsac, geant\u0103, ustensil\u0103 sau accesoriu TATONKA din o\u021bel inoxidabil este dezvoltat pe baza experien\u021bei de mul\u021bi ani a companiei.<\/p>\n<p>Produsele TATONKA sunt din ce \u00een ce mai populare \u00een \u00eentreaga lume. TATONKA \u00ee\u0219i \u00eembun\u0103t\u0103\u021be\u0219te constant produsele \u0219i utilizeaz\u0103 cele mai recente progrese tehnologice \u0219i materiale de ultim\u0103 genera\u021bie pentru a satisface cele mai \u00eenalte cerin\u021be.<\/p>\n<p><\/p>","protected":false},"excerpt":{"rendered":"<p>Arz\u0103tor de alcool Tatonka Alcohol Burner Set<\/p>","protected":false},"featured_media":10937,"comment_status":"open","ping_status":"closed","template":"","meta":{"_acf_changed":false,"inline_featured_image":false},"product_brand":[1262],"product_cat":[273],"product_tag":[],"class_list":{"0":"post-10939","1":"product","2":"type-product","3":"status-publish","4":"has-post-thumbnail","6":"product_brand-tatonka","7":"product_cat-arzator-combustibil","9":"first","10":"instock","11":"shipping-taxable","12":"purchasable","13":"product-type-simple"},"acf":[],"yoast_head":"<!-- This site is optimized with the Yoast SEO plugin v27.2 - https:\/\/yoast.com\/product\/yoast-seo-wordpress\/ -->\n<title>\u0421\u043f\u0438\u0440\u0442\u043e\u0432\u0430\u044f \u0433\u043e\u0440\u0435\u043b\u043a\u0430 Tatonka Burner Set - \u041c\u0430\u0433\u0430\u0437\u0438\u043d Xstyle<\/title>\n<meta name=\"description\" content=\"\u0421\u043f\u0438\u0440\u0442\u043e\u0432\u0430\u044f \u0433\u043e\u0440\u0435\u043b\u043a\u0430 Tatonka Burner Set \u2013 \u043b\u0435\u0433\u043a\u0438\u0439 \u0438 \u043a\u043e\u043c\u043f\u0430\u043a\u0442\u043d\u044b\u0439 \u0442\u0443\u0440\u0438\u0441\u0442\u0438\u0447\u0435\u0441\u043a\u0438\u0439 \u0430\u0440\u0435\u043d\u0434\u0430\u0442\u043e\u0440. \u0411\u044b\u0441\u0442\u0440\u043e \u0440\u0430\u0437\u043e\u0433\u0440\u0435\u0432\u0430\u0435\u0442 \u043f\u0438\u0449\u0443 \u0438 \u043a\u0438\u043f\u044f\u0442\u0438\u0442 \u0432\u043e\u0434\u0443. \u0418\u0434\u0435\u0430\u043b\u044c\u043d\u043e \u0434\u043b\u044f \u043f\u043e\u0435\u0437\u0434\u043e\u043a!\" \/>\n<meta name=\"robots\" content=\"index, follow, max-snippet:-1, max-image-preview:large, max-video-preview:-1\" \/>\n<link rel=\"canonical\" href=\"https:\/\/xstyle.md\/ro\/produs\/spirtovaja-gorelka-tatonka-burner-set\/\" \/>\n<meta property=\"og:locale\" content=\"ro_RO\" \/>\n<meta property=\"og:type\" content=\"article\" \/>\n<meta property=\"og:title\" content=\"\u0421\u043f\u0438\u0440\u0442\u043e\u0432\u0430\u044f \u0433\u043e\u0440\u0435\u043b\u043a\u0430 Tatonka Burner Set - \u041c\u0430\u0433\u0430\u0437\u0438\u043d Xstyle\" \/>\n<meta property=\"og:description\" content=\"\u0421\u043f\u0438\u0440\u0442\u043e\u0432\u0430\u044f \u0433\u043e\u0440\u0435\u043b\u043a\u0430 Tatonka Burner Set \u2013 \u043b\u0435\u0433\u043a\u0438\u0439 \u0438 \u043a\u043e\u043c\u043f\u0430\u043a\u0442\u043d\u044b\u0439 \u0442\u0443\u0440\u0438\u0441\u0442\u0438\u0447\u0435\u0441\u043a\u0438\u0439 \u0430\u0440\u0435\u043d\u0434\u0430\u0442\u043e\u0440. \u0411\u044b\u0441\u0442\u0440\u043e \u0440\u0430\u0437\u043e\u0433\u0440\u0435\u0432\u0430\u0435\u0442 \u043f\u0438\u0449\u0443 \u0438 \u043a\u0438\u043f\u044f\u0442\u0438\u0442 \u0432\u043e\u0434\u0443. \u0418\u0434\u0435\u0430\u043b\u044c\u043d\u043e \u0434\u043b\u044f \u043f\u043e\u0435\u0437\u0434\u043e\u043a!\" \/>\n<meta property=\"og:url\" content=\"https:\/\/xstyle.md\/ro\/produs\/spirtovaja-gorelka-tatonka-burner-set\/\" \/>\n<meta property=\"og:site_name\" content=\"\u041c\u0430\u0433\u0430\u0437\u0438\u043d Xstyle\" \/>\n<meta property=\"article:publisher\" content=\"https:\/\/www.facebook.com\/xstylemd\" \/>\n<meta property=\"article:modified_time\" content=\"2025-12-03T10:59:54+00:00\" \/>\n<meta property=\"og:image\" content=\"https:\/\/xstyle.md\/wp-content\/uploads\/2020\/07\/tatonka-burner-set-02.jpg\" \/>\n\t<meta property=\"og:image:width\" content=\"1196\" \/>\n\t<meta property=\"og:image:height\" content=\"954\" \/>\n\t<meta property=\"og:image:type\" content=\"image\/jpeg\" \/>\n<meta name=\"twitter:card\" content=\"summary_large_image\" \/>\n<meta name=\"twitter:label1\" content=\"Pre\u021b\" \/>\n\t<meta name=\"twitter:data1\" content=\"1.060&nbsp;MDL\" \/>\n\t<meta name=\"twitter:label2\" content=\"Disponibilitate\" \/>\n\t<meta name=\"twitter:data2\" content=\"\u00cen stoc\" \/>\n<script type=\"application\/ld+json\" class=\"yoast-schema-graph\">{\"@context\":\"https:\/\/schema.org\",\"@graph\":[{\"@type\":\"WebPage\",\"@id\":\"https:\/\/xstyle.md\/product\/spirtovaja-gorelka-tatonka-burner-set\/\",\"url\":\"https:\/\/xstyle.md\/product\/spirtovaja-gorelka-tatonka-burner-set\/\",\"name\":\"\u0421\u043f\u0438\u0440\u0442\u043e\u0432\u0430\u044f \u0433\u043e\u0440\u0435\u043b\u043a\u0430 Tatonka Burner Set - \u041c\u0430\u0433\u0430\u0437\u0438\u043d Xstyle\",\"isPartOf\":{\"@id\":\"https:\/\/xstyle.md\/#website\"},\"primaryImageOfPage\":{\"@id\":\"https:\/\/xstyle.md\/product\/spirtovaja-gorelka-tatonka-burner-set\/#primaryimage\"},\"image\":{\"@id\":\"https:\/\/xstyle.md\/product\/spirtovaja-gorelka-tatonka-burner-set\/#primaryimage\"},\"thumbnailUrl\":\"https:\/\/xstyle.md\/wp-content\/uploads\/2020\/07\/tatonka-burner-set-02.jpg\",\"datePublished\":\"2020-07-17T07:49:03+00:00\",\"dateModified\":\"2025-12-03T10:59:54+00:00\",\"description\":\"\u0421\u043f\u0438\u0440\u0442\u043e\u0432\u0430\u044f \u0433\u043e\u0440\u0435\u043b\u043a\u0430 Tatonka Burner Set \u2013 \u043b\u0435\u0433\u043a\u0438\u0439 \u0438 \u043a\u043e\u043c\u043f\u0430\u043a\u0442\u043d\u044b\u0439 \u0442\u0443\u0440\u0438\u0441\u0442\u0438\u0447\u0435\u0441\u043a\u0438\u0439 \u0430\u0440\u0435\u043d\u0434\u0430\u0442\u043e\u0440. \u0411\u044b\u0441\u0442\u0440\u043e \u0440\u0430\u0437\u043e\u0433\u0440\u0435\u0432\u0430\u0435\u0442 \u043f\u0438\u0449\u0443 \u0438 \u043a\u0438\u043f\u044f\u0442\u0438\u0442 \u0432\u043e\u0434\u0443. \u0418\u0434\u0435\u0430\u043b\u044c\u043d\u043e \u0434\u043b\u044f \u043f\u043e\u0435\u0437\u0434\u043e\u043a!\",\"breadcrumb\":{\"@id\":\"https:\/\/xstyle.md\/product\/spirtovaja-gorelka-tatonka-burner-set\/#breadcrumb\"},\"inLanguage\":\"ro-RO\",\"potentialAction\":[{\"@type\":\"ReadAction\",\"target\":[\"https:\/\/xstyle.md\/product\/spirtovaja-gorelka-tatonka-burner-set\/\"]}]},{\"@type\":\"ImageObject\",\"inLanguage\":\"ro-RO\",\"@id\":\"https:\/\/xstyle.md\/product\/spirtovaja-gorelka-tatonka-burner-set\/#primaryimage\",\"url\":\"https:\/\/xstyle.md\/wp-content\/uploads\/2020\/07\/tatonka-burner-set-02.jpg\",\"contentUrl\":\"https:\/\/xstyle.md\/wp-content\/uploads\/2020\/07\/tatonka-burner-set-02.jpg\",\"width\":1196,\"height\":954},{\"@type\":\"BreadcrumbList\",\"@id\":\"https:\/\/xstyle.md\/product\/spirtovaja-gorelka-tatonka-burner-set\/#breadcrumb\",\"itemListElement\":[{\"@type\":\"ListItem\",\"position\":1,\"name\":\"\u0413\u043b\u0430\u0432\u043d\u0430\u044f \u0441\u0442\u0440\u0430\u043d\u0438\u0446\u0430\",\"item\":\"https:\/\/xstyle.md\/\"},{\"@type\":\"ListItem\",\"position\":2,\"name\":\"\u041c\u0430\u0433\u0430\u0437\u0438\u043d\",\"item\":\"https:\/\/xstyle.md\/shop\/\"},{\"@type\":\"ListItem\",\"position\":3,\"name\":\"\u0421\u043f\u0438\u0440\u0442\u043e\u0432\u0430\u044f \u0433\u043e\u0440\u0435\u043b\u043a\u0430 Tatonka Burner Set\"}]},{\"@type\":\"WebSite\",\"@id\":\"https:\/\/xstyle.md\/#website\",\"url\":\"https:\/\/xstyle.md\/\",\"name\":\"\u041c\u0430\u0433\u0430\u0437\u0438\u043d Xstyle\",\"description\":\"C\u043d\u0430\u0440\u044f\u0436\u0435\u043d\u0438\u0435 \u0434\u043b\u044f \u0442\u0443\u0440\u0438\u0437\u043c\u0430 \u0438 \u044d\u043a\u0441\u0442\u0440\u0435\u043c\u0430\u043b\u044c\u043d\u044b\u0445 \u0432\u0438\u0434\u043e\u0432 \u0441\u043f\u043e\u0440\u0442\u0430 \u0432 \u041c\u043e\u043b\u0434\u043e\u0432\u0435.. \u0426\u0435\u043d\u044b, \u0444\u043e\u0442\u043e, \u0445\u0430\u0440\u0430\u043a\u0442\u0435\u0440\u0438\u0441\u0442\u0438\u043a\u0438 \u0432 \u041c\u043e\u043b\u0434\u043e\u0432\u0435.\",\"publisher\":{\"@id\":\"https:\/\/xstyle.md\/#organization\"},\"alternateName\":\"X-Style\",\"potentialAction\":[{\"@type\":\"SearchAction\",\"target\":{\"@type\":\"EntryPoint\",\"urlTemplate\":\"https:\/\/xstyle.md\/?s={search_term_string}\"},\"query-input\":{\"@type\":\"PropertyValueSpecification\",\"valueRequired\":true,\"valueName\":\"search_term_string\"}}],\"inLanguage\":\"ro-RO\"},{\"@type\":\"Organization\",\"@id\":\"https:\/\/xstyle.md\/#organization\",\"name\":\"\u041c\u0430\u0433\u0430\u0437\u0438\u043d Xstyle\",\"alternateName\":\"x-style\",\"url\":\"https:\/\/xstyle.md\/\",\"logo\":{\"@type\":\"ImageObject\",\"inLanguage\":\"ro-RO\",\"@id\":\"https:\/\/xstyle.md\/#\/schema\/logo\/image\/\",\"url\":\"https:\/\/xstyle.md\/wp-content\/uploads\/2020\/06\/logoicon.svg\",\"contentUrl\":\"https:\/\/xstyle.md\/wp-content\/uploads\/2020\/06\/logoicon.svg\",\"caption\":\"\u041c\u0430\u0433\u0430\u0437\u0438\u043d Xstyle\"},\"image\":{\"@id\":\"https:\/\/xstyle.md\/#\/schema\/logo\/image\/\"},\"sameAs\":[\"https:\/\/www.facebook.com\/xstylemd\",\"https:\/\/www.instagram.com\/xstyle_md\/\",\"https:\/\/t.me\/xstyle_outdoor\"],\"hasMerchantReturnPolicy\":{\"@type\":\"MerchantReturnPolicy\",\"merchantReturnLink\":\"https:\/\/xstyle.md\/ro\/conditions\/\"}}]}<\/script>\n<meta property=\"product:price:amount\" content=\"1060.00\" \/>\n<meta property=\"product:price:currency\" content=\"MDL\" \/>\n<meta property=\"og:availability\" content=\"instock\" \/>\n<meta property=\"product:availability\" content=\"instock\" \/>\n<meta property=\"product:retailer_item_id\" content=\"4013236179958\" \/>\n<meta property=\"product:condition\" content=\"new\" \/>\n<!-- \/ Yoast SEO plugin. -->","yoast_head_json":{"title":"Arz\u0103tor cu spirt Tatonka Burner Set - Magazin Xstyle","description":"Set de ardere Tatonka Burner \u2013 un aragaz turistic u\u0219or \u0219i compact. \u00cenc\u0103lze\u0219te rapid m\u00e2ncarea \u0219i fierbe ap\u0103. Ideal pentru excursii!","robots":{"index":"index","follow":"follow","max-snippet":"max-snippet:-1","max-image-preview":"max-image-preview:large","max-video-preview":"max-video-preview:-1"},"canonical":"https:\/\/xstyle.md\/ro\/produs\/spirtovaja-gorelka-tatonka-burner-set\/","og_locale":"ro_RO","og_type":"article","og_title":"\u0421\u043f\u0438\u0440\u0442\u043e\u0432\u0430\u044f \u0433\u043e\u0440\u0435\u043b\u043a\u0430 Tatonka Burner Set - \u041c\u0430\u0433\u0430\u0437\u0438\u043d Xstyle","og_description":"\u0421\u043f\u0438\u0440\u0442\u043e\u0432\u0430\u044f \u0433\u043e\u0440\u0435\u043b\u043a\u0430 Tatonka Burner Set \u2013 \u043b\u0435\u0433\u043a\u0438\u0439 \u0438 \u043a\u043e\u043c\u043f\u0430\u043a\u0442\u043d\u044b\u0439 \u0442\u0443\u0440\u0438\u0441\u0442\u0438\u0447\u0435\u0441\u043a\u0438\u0439 \u0430\u0440\u0435\u043d\u0434\u0430\u0442\u043e\u0440. \u0411\u044b\u0441\u0442\u0440\u043e \u0440\u0430\u0437\u043e\u0433\u0440\u0435\u0432\u0430\u0435\u0442 \u043f\u0438\u0449\u0443 \u0438 \u043a\u0438\u043f\u044f\u0442\u0438\u0442 \u0432\u043e\u0434\u0443. \u0418\u0434\u0435\u0430\u043b\u044c\u043d\u043e \u0434\u043b\u044f \u043f\u043e\u0435\u0437\u0434\u043e\u043a!","og_url":"https:\/\/xstyle.md\/ro\/produs\/spirtovaja-gorelka-tatonka-burner-set\/","og_site_name":"\u041c\u0430\u0433\u0430\u0437\u0438\u043d Xstyle","article_publisher":"https:\/\/www.facebook.com\/xstylemd","article_modified_time":"2025-12-03T10:59:54+00:00","og_image":[{"width":1196,"height":954,"url":"https:\/\/xstyle.md\/wp-content\/uploads\/2020\/07\/tatonka-burner-set-02.jpg","type":"image\/jpeg"}],"twitter_card":"summary_large_image","twitter_misc":{"Pre\u021b":"1.060&nbsp;MDL","Disponibilitate":"\u00cen stoc"},"schema":{"@context":"https:\/\/schema.org","@graph":[{"@type":"WebPage","@id":"https:\/\/xstyle.md\/product\/spirtovaja-gorelka-tatonka-burner-set\/","url":"https:\/\/xstyle.md\/product\/spirtovaja-gorelka-tatonka-burner-set\/","name":"Arz\u0103tor cu spirt Tatonka Burner Set - Magazin Xstyle","isPartOf":{"@id":"https:\/\/xstyle.md\/#website"},"primaryImageOfPage":{"@id":"https:\/\/xstyle.md\/product\/spirtovaja-gorelka-tatonka-burner-set\/#primaryimage"},"image":{"@id":"https:\/\/xstyle.md\/product\/spirtovaja-gorelka-tatonka-burner-set\/#primaryimage"},"thumbnailUrl":"https:\/\/xstyle.md\/wp-content\/uploads\/2020\/07\/tatonka-burner-set-02.jpg","datePublished":"2020-07-17T07:49:03+00:00","dateModified":"2025-12-03T10:59:54+00:00","description":"Set de ardere Tatonka Burner \u2013 un aragaz turistic u\u0219or \u0219i compact. \u00cenc\u0103lze\u0219te rapid m\u00e2ncarea \u0219i fierbe ap\u0103. Ideal pentru excursii!","breadcrumb":{"@id":"https:\/\/xstyle.md\/product\/spirtovaja-gorelka-tatonka-burner-set\/#breadcrumb"},"inLanguage":"ro-RO","potentialAction":[{"@type":"ReadAction","target":["https:\/\/xstyle.md\/product\/spirtovaja-gorelka-tatonka-burner-set\/"]}]},{"@type":"ImageObject","inLanguage":"ro-RO","@id":"https:\/\/xstyle.md\/product\/spirtovaja-gorelka-tatonka-burner-set\/#primaryimage","url":"https:\/\/xstyle.md\/wp-content\/uploads\/2020\/07\/tatonka-burner-set-02.jpg","contentUrl":"https:\/\/xstyle.md\/wp-content\/uploads\/2020\/07\/tatonka-burner-set-02.jpg","width":1196,"height":954},{"@type":"BreadcrumbList","@id":"https:\/\/xstyle.md\/product\/spirtovaja-gorelka-tatonka-burner-set\/#breadcrumb","itemListElement":[{"@type":"ListItem","position":1,"name":"\u0413\u043b\u0430\u0432\u043d\u0430\u044f \u0441\u0442\u0440\u0430\u043d\u0438\u0446\u0430","item":"https:\/\/xstyle.md\/"},{"@type":"ListItem","position":2,"name":"\u041c\u0430\u0433\u0430\u0437\u0438\u043d","item":"https:\/\/xstyle.md\/shop\/"},{"@type":"ListItem","position":3,"name":"\u0421\u043f\u0438\u0440\u0442\u043e\u0432\u0430\u044f \u0433\u043e\u0440\u0435\u043b\u043a\u0430 Tatonka Burner Set"}]},{"@type":"WebSite","@id":"https:\/\/xstyle.md\/#website","url":"https:\/\/xstyle.md\/","name":"Magazinul X-Style","description":"Echipamente pentru turism \u0219i sporturi extreme \u00een Moldova. Pre\u021buri, fotografii, caracteristici \u00een Moldova.","publisher":{"@id":"https:\/\/xstyle.md\/#organization"},"alternateName":"X-Style","potentialAction":[{"@type":"SearchAction","target":{"@type":"EntryPoint","urlTemplate":"https:\/\/xstyle.md\/?s={search_term_string}"},"query-input":{"@type":"PropertyValueSpecification","valueRequired":true,"valueName":"search_term_string"}}],"inLanguage":"ro-RO"},{"@type":"Organization","@id":"https:\/\/xstyle.md\/#organization","name":"Magazinul X-Style","alternateName":"x-style","url":"https:\/\/xstyle.md\/","logo":{"@type":"ImageObject","inLanguage":"ro-RO","@id":"https:\/\/xstyle.md\/#\/schema\/logo\/image\/","url":"https:\/\/xstyle.md\/wp-content\/uploads\/2020\/06\/logoicon.svg","contentUrl":"https:\/\/xstyle.md\/wp-content\/uploads\/2020\/06\/logoicon.svg","caption":"\u041c\u0430\u0433\u0430\u0437\u0438\u043d Xstyle"},"image":{"@id":"https:\/\/xstyle.md\/#\/schema\/logo\/image\/"},"sameAs":["https:\/\/www.facebook.com\/xstylemd","https:\/\/www.instagram.com\/xstyle_md\/","https:\/\/t.me\/xstyle_outdoor"],"hasMerchantReturnPolicy":{"@type":"MerchantReturnPolicy","merchantReturnLink":"https:\/\/xstyle.md\/ro\/conditions\/"}}]},"product_price_amount":"1060.00","product_price_currency":"MDL","og_availability":"instock","product_availability":"instock","product_retailer_item_id":"4013236179958","product_condition":"new"},"post_mailing_queue_ids":[],"_links":{"self":[{"href":"https:\/\/xstyle.md\/ro\/wp-json\/wp\/v2\/product\/10939","targetHints":{"allow":["GET"]}}],"collection":[{"href":"https:\/\/xstyle.md\/ro\/wp-json\/wp\/v2\/product"}],"about":[{"href":"https:\/\/xstyle.md\/ro\/wp-json\/wp\/v2\/types\/product"}],"replies":[{"embeddable":true,"href":"https:\/\/xstyle.md\/ro\/wp-json\/wp\/v2\/comments?post=10939"}],"wp:featuredmedia":[{"embeddable":true,"href":"https:\/\/xstyle.md\/ro\/wp-json\/wp\/v2\/media\/10937"}],"wp:attachment":[{"href":"https:\/\/xstyle.md\/ro\/wp-json\/wp\/v2\/media?parent=10939"}],"wp:term":[{"taxonomy":"product_brand","embeddable":true,"href":"https:\/\/xstyle.md\/ro\/wp-json\/wp\/v2\/product_brand?post=10939"},{"taxonomy":"product_cat","embeddable":true,"href":"https:\/\/xstyle.md\/ro\/wp-json\/wp\/v2\/product_cat?post=10939"},{"taxonomy":"product_tag","embeddable":true,"href":"https:\/\/xstyle.md\/ro\/wp-json\/wp\/v2\/product_tag?post=10939"}],"curies":[{"name":"wp","href":"https:\/\/api.w.org\/{rel}","templated":true}]}}