{"id":10873,"date":"2020-07-17T10:46:11","date_gmt":"2020-07-17T07:46:11","guid":{"rendered":"https:\/\/xstyle.md\/?post_type=product&#038;p=10873"},"modified":"2026-04-07T15:05:29","modified_gmt":"2026-04-07T12:05:29","slug":"samostrahovka-petzl-dual-connect-adjust","status":"publish","type":"product","link":"https:\/\/xstyle.md\/ro\/produs\/samostrahovka-petzl-dual-connect-adjust\/","title":{"rendered":"Lonj\u0103 dinamic\u0103 Petzl Dual Connect Adjust"},"content":{"rendered":"<\/p>\n<p><strong>Lonj\u0103 dinamic\u0103 Petzl Dual Connect Adjust<\/strong> dubl\u0103, pentru a absorbi \u0219ocul transmis utilizatorului \u00een cazul unei c\u0103deri scurte. Utilizat \u00eempreuna cu o carabiniera precum SPIRIT SCREW-LOCK.<\/p>\n<h3>Particularit\u0103\u021bi<\/h3>\n<p><strong>\u0218uvi\u021ba dubl\u0103 de pozi\u021bionare v\u0103 ajut\u0103 s\u0103 v\u0103 trage\u021bi p\u00e2n\u0103 la punctul de ancorare atunci c\u00e2nd urca\u021bi \u0219i alpinism.<\/strong><\/p>\n<p><strong>Must\u0103\u021bi duble de lungime reglabil\u0103:\u00a0<\/strong><\/p>\n<ul>\n<li>lungime fix\u0103 45 cm<\/li>\n<li>lungime reglabil\u0103 de la 15 la 95 cm<\/li>\n<li>reglare rapid\u0103 \u0219i precis\u0103 a lungimii datorit\u0103 sistemului ADJUST<\/li>\n<li>realizat din fr\u00e2nghie dinamic\u0103 pentru a reduce for\u021ba exercitat\u0103 asupra utilizatorului \u00een cazul unei mici blocaje<\/li>\n<\/ul>\n<p><strong>Simplu de utilizat:<\/strong><\/p>\n<ul>\n<li>Blocajul TANGA este montat pe elementul de conectare, \u00eel men\u021bine \u00een pozi\u021bia corect\u0103 \u0219i faciliteaz\u0103 fixarea acestuia.<\/li>\n<li>reglare a lungimii cu o singur\u0103 m\u00e2n\u0103<\/li>\n<li>se utilizeaz\u0103 cu carabinierele SPIRIT SCREW-LOCK<\/li>\n<li>se ata\u0219eaz\u0103 la linia de salvare cu un nod simplu de prindere<\/li>\n<\/ul>\n<p><strong>Aten\u021bie, acest produs nu are un amortizor de jerk! Poate fi utilizat numai atunci c\u00e2nd factorul poten\u021bial de sacadare este mai mic de 1<\/strong><\/p>\n<h3>Caracteristici<\/h3>\n<ul>\n<li>Lungimea must\u0103\u021bii nereglabile &#8212; 45 cm<\/li>\n<li>Lungimea must\u0103\u021bii reglabile &#8212; 15 &#8212; 95 cm<\/li>\n<li>Greutate &#8212; 160 g<\/li>\n<li>Materiale &#8212; nailon, aluminiu, elastomer termoplastic (TPE)<\/li>\n<li>Certificare &#8212; CE, UIAA 109<\/li>\n<\/ul>\n<h3>Marca<\/h3>\n<p>PETZL este un brand de renume mondial care produce echipamente specializate pentru alpinism, speologie, escalad\u0103 \u0219i alpinism industrial. Compania a fost fondat\u0103 de Fernand Petzel, un om cu o pasiune de o via\u021b\u0103 pentru speologie. La mijlocul anilor 1970, pasiunea sa \u0219i afacerea de familie s-au transformat \u00een ceva mai mult. Fernand a \u00eenceput s\u0103 modifice dispozitivele existente utilizate \u00een speologie \u0219i apoi s\u0103 inventeze unele complet noi.<\/p>\n<p>Gama de produse a companiei s-a extins c\u0103tre iluminat, deoarece \u00een \u00eentunericul pe\u0219terilor acesta este unul dintre cele mai importante echipamente necesare. Dup\u0103 speologie, PETZL creeaz\u0103 echipamente pentru alpini\u0219ti \u0219i alpini\u0219ti, iar apoi pentru lucrul la \u00een\u0103l\u021bime.<\/p>\n<p>Misiunea PETZL este de a crea instrumente inovatoare care s\u0103 permit\u0103 b\u0103rba\u021bilor \u0219i femeilor s\u0103 ating\u0103 noi \u00een\u0103l\u021bimi pe vertical\u0103 \u0219i s\u0103 lumineze drumul \u00een \u00eentuneric. Compania este \u00eentr-o c\u0103utare continu\u0103 a celei mai bune solu\u021bii \u00een toate domeniile de activitate. Performan\u021ba, ergonomia, confortul \u0219i, cel mai important, siguran\u021ba sunt cele mai importante criterii \u00een aceast\u0103 c\u0103utare. Accesul la inaccesibil, sau &#171;atingerea inaccesibilului&#187; este motto-ul s\u0103u de lung\u0103 durat\u0103.<\/p>\n<p><\/p>","protected":false},"excerpt":{"rendered":"<p>Lonj\u0103 dinamic\u0103 Petzl Dual Connect Adjust<\/p>","protected":false},"featured_media":79443,"comment_status":"open","ping_status":"closed","template":"","meta":{"_acf_changed":false,"inline_featured_image":false},"product_brand":[1270],"product_cat":[136],"product_tag":[],"class_list":{"0":"post-10873","1":"product","2":"type-product","3":"status-publish","4":"has-post-thumbnail","6":"product_brand-petzl","7":"product_cat-self-insurance","9":"first","10":"instock","11":"shipping-taxable","12":"purchasable","13":"product-type-simple"},"acf":[],"yoast_head":"<!-- This site is optimized with the Yoast SEO plugin v27.4 - https:\/\/yoast.com\/product\/yoast-seo-wordpress\/ -->\n<title>\u0421\u0430\u043c\u043e\u0441\u0442\u0440\u0430\u0445\u043e\u0432\u043a\u0430 Petzl Dual Connect Adjust - \u041c\u0430\u0433\u0430\u0437\u0438\u043d Xstyle<\/title>\n<meta name=\"description\" content=\"\u041e\u0442\u043a\u0440\u043e\u0439\u0442\u0435 \u043d\u043e\u0432\u044b\u0435 \u0432\u044b\u0441\u043e\u0442\u044b \u0441 \u0441\u0430\u043c\u043e\u0441\u0442\u0440\u0430\u0445\u043e\u0432\u043a\u043e\u0439 Petzl Dual Connect Adjust. \u0414\u0432\u043e\u0439\u043d\u0430\u044f \u043b\u044f\u043c\u043a\u0430 \u0434\u043b\u044f \u043d\u0430\u0434\u0435\u0436\u043d\u043e\u0439 \u0437\u0430\u0449\u0438\u0442\u044b \u043f\u0440\u0438 \u043f\u0430\u0434\u0435\u043d\u0438\u0438. \u0418\u0434\u0435\u0430\u043b\u044c\u043d\u043e \u0441\u043e\u0447\u0435\u0442\u0430\u0435\u0442\u0441\u044f \u0441 \u043a\u0430\u0440\u0430\u0431\u0438\u043d\u043e\u043c SPIRIT SCREWLOCK.\" \/>\n<meta name=\"robots\" content=\"index, follow, max-snippet:-1, max-image-preview:large, max-video-preview:-1\" \/>\n<link rel=\"canonical\" href=\"https:\/\/xstyle.md\/ro\/produs\/samostrahovka-petzl-dual-connect-adjust\/\" \/>\n<meta property=\"og:locale\" content=\"ro_RO\" \/>\n<meta property=\"og:type\" content=\"article\" \/>\n<meta property=\"og:title\" content=\"\u0421\u0430\u043c\u043e\u0441\u0442\u0440\u0430\u0445\u043e\u0432\u043a\u0430 Petzl Dual Connect Adjust - \u041c\u0430\u0433\u0430\u0437\u0438\u043d Xstyle\" \/>\n<meta property=\"og:description\" content=\"\u041e\u0442\u043a\u0440\u043e\u0439\u0442\u0435 \u043d\u043e\u0432\u044b\u0435 \u0432\u044b\u0441\u043e\u0442\u044b \u0441 \u0441\u0430\u043c\u043e\u0441\u0442\u0440\u0430\u0445\u043e\u0432\u043a\u043e\u0439 Petzl Dual Connect Adjust. \u0414\u0432\u043e\u0439\u043d\u0430\u044f \u043b\u044f\u043c\u043a\u0430 \u0434\u043b\u044f \u043d\u0430\u0434\u0435\u0436\u043d\u043e\u0439 \u0437\u0430\u0449\u0438\u0442\u044b \u043f\u0440\u0438 \u043f\u0430\u0434\u0435\u043d\u0438\u0438. \u0418\u0434\u0435\u0430\u043b\u044c\u043d\u043e \u0441\u043e\u0447\u0435\u0442\u0430\u0435\u0442\u0441\u044f \u0441 \u043a\u0430\u0440\u0430\u0431\u0438\u043d\u043e\u043c SPIRIT SCREWLOCK.\" \/>\n<meta property=\"og:url\" content=\"https:\/\/xstyle.md\/ro\/produs\/samostrahovka-petzl-dual-connect-adjust\/\" \/>\n<meta property=\"og:site_name\" content=\"\u041c\u0430\u0433\u0430\u0437\u0438\u043d Xstyle\" \/>\n<meta property=\"article:publisher\" content=\"https:\/\/www.facebook.com\/xstylemd\" \/>\n<meta property=\"article:modified_time\" content=\"2026-04-07T12:05:29+00:00\" \/>\n<meta property=\"og:image\" content=\"https:\/\/xstyle.md\/wp-content\/uploads\/2020\/07\/petzl-dual-connect-adjust-red.jpg\" \/>\n\t<meta property=\"og:image:width\" content=\"1179\" \/>\n\t<meta property=\"og:image:height\" content=\"1200\" \/>\n\t<meta property=\"og:image:type\" content=\"image\/jpeg\" \/>\n<meta name=\"twitter:card\" content=\"summary_large_image\" \/>\n<meta name=\"twitter:label1\" content=\"Pre\u021b\" \/>\n\t<meta name=\"twitter:data1\" content=\"1.490&nbsp;MDL\" \/>\n\t<meta name=\"twitter:label2\" content=\"Disponibilitate\" \/>\n\t<meta name=\"twitter:data2\" content=\"\u00cen stoc\" \/>\n<script type=\"application\/ld+json\" class=\"yoast-schema-graph\">{\"@context\":\"https:\\\/\\\/schema.org\",\"@graph\":[{\"@type\":\"WebPage\",\"@id\":\"https:\\\/\\\/xstyle.md\\\/product\\\/samostrahovka-petzl-dual-connect-adjust\\\/\",\"url\":\"https:\\\/\\\/xstyle.md\\\/product\\\/samostrahovka-petzl-dual-connect-adjust\\\/\",\"name\":\"\u0421\u0430\u043c\u043e\u0441\u0442\u0440\u0430\u0445\u043e\u0432\u043a\u0430 Petzl Dual Connect Adjust - \u041c\u0430\u0433\u0430\u0437\u0438\u043d Xstyle\",\"isPartOf\":{\"@id\":\"https:\\\/\\\/xstyle.md\\\/#website\"},\"primaryImageOfPage\":{\"@id\":\"https:\\\/\\\/xstyle.md\\\/product\\\/samostrahovka-petzl-dual-connect-adjust\\\/#primaryimage\"},\"image\":{\"@id\":\"https:\\\/\\\/xstyle.md\\\/product\\\/samostrahovka-petzl-dual-connect-adjust\\\/#primaryimage\"},\"thumbnailUrl\":\"https:\\\/\\\/xstyle.md\\\/wp-content\\\/uploads\\\/2020\\\/07\\\/petzl-dual-connect-adjust-red.jpg\",\"datePublished\":\"2020-07-17T07:46:11+00:00\",\"dateModified\":\"2026-04-07T12:05:29+00:00\",\"description\":\"\u041e\u0442\u043a\u0440\u043e\u0439\u0442\u0435 \u043d\u043e\u0432\u044b\u0435 \u0432\u044b\u0441\u043e\u0442\u044b \u0441 \u0441\u0430\u043c\u043e\u0441\u0442\u0440\u0430\u0445\u043e\u0432\u043a\u043e\u0439 Petzl Dual Connect Adjust. \u0414\u0432\u043e\u0439\u043d\u0430\u044f \u043b\u044f\u043c\u043a\u0430 \u0434\u043b\u044f \u043d\u0430\u0434\u0435\u0436\u043d\u043e\u0439 \u0437\u0430\u0449\u0438\u0442\u044b \u043f\u0440\u0438 \u043f\u0430\u0434\u0435\u043d\u0438\u0438. \u0418\u0434\u0435\u0430\u043b\u044c\u043d\u043e \u0441\u043e\u0447\u0435\u0442\u0430\u0435\u0442\u0441\u044f \u0441 \u043a\u0430\u0440\u0430\u0431\u0438\u043d\u043e\u043c SPIRIT SCREWLOCK.\",\"breadcrumb\":{\"@id\":\"https:\\\/\\\/xstyle.md\\\/product\\\/samostrahovka-petzl-dual-connect-adjust\\\/#breadcrumb\"},\"inLanguage\":\"ro-RO\",\"potentialAction\":[{\"@type\":\"ReadAction\",\"target\":[\"https:\\\/\\\/xstyle.md\\\/product\\\/samostrahovka-petzl-dual-connect-adjust\\\/\"]}]},{\"@type\":\"ImageObject\",\"inLanguage\":\"ro-RO\",\"@id\":\"https:\\\/\\\/xstyle.md\\\/product\\\/samostrahovka-petzl-dual-connect-adjust\\\/#primaryimage\",\"url\":\"https:\\\/\\\/xstyle.md\\\/wp-content\\\/uploads\\\/2020\\\/07\\\/petzl-dual-connect-adjust-red.jpg\",\"contentUrl\":\"https:\\\/\\\/xstyle.md\\\/wp-content\\\/uploads\\\/2020\\\/07\\\/petzl-dual-connect-adjust-red.jpg\",\"width\":1179,\"height\":1200,\"caption\":\"\u0410\u043a\u0442\u0438\u0432\u043d\u0430\u044f \u043e\u0434\u0435\u0436\u0434\u0430 \u0438 \u043e\u0431\u0443\u0432\u044c \u0434\u043b\u044f \u043f\u043e\u0445\u043e\u0434\u043e\u0432 \u0438 \u0430\u043b\u044c\u043f\u0438\u043d\u0438\u0437\u043c\u0430 \u0434\u043b\u044f \u043e\u043d\u043b\u0430\u0439\u043d-\u043c\u0430\u0433\u0430\u0437\u0438\u043d\u0430 \u0441\u0430\u043c\u043e\u0441\u0442\u0440\u0430\u0445\u043e\u0432\u043a\u0430 Petzl Dual Connect Adjust \u0434\u043b\u044f \u0430\u043a\u0442\u0438\u0432\u043d\u043e\u0433\u043e \u043e\u0442\u0434\u044b\u0445\u0430 \u043d\u0430 \u043f\u0440\u0438\u0440\u043e\u0434\u0435\"},{\"@type\":\"BreadcrumbList\",\"@id\":\"https:\\\/\\\/xstyle.md\\\/product\\\/samostrahovka-petzl-dual-connect-adjust\\\/#breadcrumb\",\"itemListElement\":[{\"@type\":\"ListItem\",\"position\":1,\"name\":\"\u0413\u043b\u0430\u0432\u043d\u0430\u044f \u0441\u0442\u0440\u0430\u043d\u0438\u0446\u0430\",\"item\":\"https:\\\/\\\/xstyle.md\\\/\"},{\"@type\":\"ListItem\",\"position\":2,\"name\":\"\u041c\u0430\u0433\u0430\u0437\u0438\u043d\",\"item\":\"https:\\\/\\\/xstyle.md\\\/shop\\\/\"},{\"@type\":\"ListItem\",\"position\":3,\"name\":\"\u0421\u0430\u043c\u043e\u0441\u0442\u0440\u0430\u0445\u043e\u0432\u043a\u0430 Petzl Dual Connect Adjust\"}]},{\"@type\":\"WebSite\",\"@id\":\"https:\\\/\\\/xstyle.md\\\/#website\",\"url\":\"https:\\\/\\\/xstyle.md\\\/\",\"name\":\"\u041c\u0430\u0433\u0430\u0437\u0438\u043d Xstyle\",\"description\":\"C\u043d\u0430\u0440\u044f\u0436\u0435\u043d\u0438\u0435 \u0434\u043b\u044f \u0442\u0443\u0440\u0438\u0437\u043c\u0430 \u0438 \u044d\u043a\u0441\u0442\u0440\u0435\u043c\u0430\u043b\u044c\u043d\u044b\u0445 \u0432\u0438\u0434\u043e\u0432 \u0441\u043f\u043e\u0440\u0442\u0430 \u0432 \u041c\u043e\u043b\u0434\u043e\u0432\u0435.. \u0426\u0435\u043d\u044b, \u0444\u043e\u0442\u043e, \u0445\u0430\u0440\u0430\u043a\u0442\u0435\u0440\u0438\u0441\u0442\u0438\u043a\u0438 \u0432 \u041c\u043e\u043b\u0434\u043e\u0432\u0435.\",\"publisher\":{\"@id\":\"https:\\\/\\\/xstyle.md\\\/#organization\"},\"alternateName\":\"X-Style\",\"potentialAction\":[{\"@type\":\"SearchAction\",\"target\":{\"@type\":\"EntryPoint\",\"urlTemplate\":\"https:\\\/\\\/xstyle.md\\\/?s={search_term_string}\"},\"query-input\":{\"@type\":\"PropertyValueSpecification\",\"valueRequired\":true,\"valueName\":\"search_term_string\"}}],\"inLanguage\":\"ro-RO\"},{\"@type\":\"Organization\",\"@id\":\"https:\\\/\\\/xstyle.md\\\/#organization\",\"name\":\"\u041c\u0430\u0433\u0430\u0437\u0438\u043d Xstyle\",\"alternateName\":\"x-style\",\"url\":\"https:\\\/\\\/xstyle.md\\\/\",\"logo\":{\"@type\":\"ImageObject\",\"inLanguage\":\"ro-RO\",\"@id\":\"https:\\\/\\\/xstyle.md\\\/#\\\/schema\\\/logo\\\/image\\\/\",\"url\":\"https:\\\/\\\/xstyle.md\\\/wp-content\\\/uploads\\\/2020\\\/06\\\/logoicon.svg\",\"contentUrl\":\"https:\\\/\\\/xstyle.md\\\/wp-content\\\/uploads\\\/2020\\\/06\\\/logoicon.svg\",\"caption\":\"\u041c\u0430\u0433\u0430\u0437\u0438\u043d Xstyle\"},\"image\":{\"@id\":\"https:\\\/\\\/xstyle.md\\\/#\\\/schema\\\/logo\\\/image\\\/\"},\"sameAs\":[\"https:\\\/\\\/www.facebook.com\\\/xstylemd\",\"https:\\\/\\\/www.instagram.com\\\/xstyle_md\\\/\",\"https:\\\/\\\/t.me\\\/xstyle_outdoor\"],\"hasMerchantReturnPolicy\":{\"@type\":\"MerchantReturnPolicy\",\"merchantReturnLink\":\"https:\\\/\\\/xstyle.md\\\/ro\\\/conditions\\\/\"}}]}<\/script>\n<meta property=\"product:price:amount\" content=\"1490.00\" \/>\n<meta property=\"product:price:currency\" content=\"MDL\" \/>\n<meta property=\"og:availability\" content=\"instock\" \/>\n<meta property=\"product:availability\" content=\"instock\" \/>\n<meta property=\"product:retailer_item_id\" content=\"3342540100879\" \/>\n<meta property=\"product:condition\" content=\"new\" \/>\n<!-- \/ Yoast SEO plugin. -->","yoast_head_json":{"title":"Lonj\u0103 dinamic\u0103 Petzl Dual Connect Adjust - Magazin Xstyle","description":"Deschide\u021bi noi \u00een\u0103l\u021bimi cu auto-asigurarea Petzl Dual Connect Adjust. Curea dubl\u0103 pentru o protec\u021bie sigur\u0103 \u00een cazul unei c\u0103deri. Se potrive\u0219te perfect cu carabiniera SPIRIT SCREWLOCK.","robots":{"index":"index","follow":"follow","max-snippet":"max-snippet:-1","max-image-preview":"max-image-preview:large","max-video-preview":"max-video-preview:-1"},"canonical":"https:\/\/xstyle.md\/ro\/produs\/samostrahovka-petzl-dual-connect-adjust\/","og_locale":"ro_RO","og_type":"article","og_title":"\u0421\u0430\u043c\u043e\u0441\u0442\u0440\u0430\u0445\u043e\u0432\u043a\u0430 Petzl Dual Connect Adjust - \u041c\u0430\u0433\u0430\u0437\u0438\u043d Xstyle","og_description":"\u041e\u0442\u043a\u0440\u043e\u0439\u0442\u0435 \u043d\u043e\u0432\u044b\u0435 \u0432\u044b\u0441\u043e\u0442\u044b \u0441 \u0441\u0430\u043c\u043e\u0441\u0442\u0440\u0430\u0445\u043e\u0432\u043a\u043e\u0439 Petzl Dual Connect Adjust. \u0414\u0432\u043e\u0439\u043d\u0430\u044f \u043b\u044f\u043c\u043a\u0430 \u0434\u043b\u044f \u043d\u0430\u0434\u0435\u0436\u043d\u043e\u0439 \u0437\u0430\u0449\u0438\u0442\u044b \u043f\u0440\u0438 \u043f\u0430\u0434\u0435\u043d\u0438\u0438. \u0418\u0434\u0435\u0430\u043b\u044c\u043d\u043e \u0441\u043e\u0447\u0435\u0442\u0430\u0435\u0442\u0441\u044f \u0441 \u043a\u0430\u0440\u0430\u0431\u0438\u043d\u043e\u043c SPIRIT SCREWLOCK.","og_url":"https:\/\/xstyle.md\/ro\/produs\/samostrahovka-petzl-dual-connect-adjust\/","og_site_name":"\u041c\u0430\u0433\u0430\u0437\u0438\u043d Xstyle","article_publisher":"https:\/\/www.facebook.com\/xstylemd","article_modified_time":"2026-04-07T12:05:29+00:00","og_image":[{"width":1179,"height":1200,"url":"https:\/\/xstyle.md\/wp-content\/uploads\/2020\/07\/petzl-dual-connect-adjust-red.jpg","type":"image\/jpeg"}],"twitter_card":"summary_large_image","twitter_misc":{"Pre\u021b":"1.490&nbsp;MDL","Disponibilitate":"\u00cen stoc"},"schema":{"@context":"https:\/\/schema.org","@graph":[{"@type":"WebPage","@id":"https:\/\/xstyle.md\/product\/samostrahovka-petzl-dual-connect-adjust\/","url":"https:\/\/xstyle.md\/product\/samostrahovka-petzl-dual-connect-adjust\/","name":"Lonj\u0103 dinamic\u0103 Petzl Dual Connect Adjust - Magazin Xstyle","isPartOf":{"@id":"https:\/\/xstyle.md\/#website"},"primaryImageOfPage":{"@id":"https:\/\/xstyle.md\/product\/samostrahovka-petzl-dual-connect-adjust\/#primaryimage"},"image":{"@id":"https:\/\/xstyle.md\/product\/samostrahovka-petzl-dual-connect-adjust\/#primaryimage"},"thumbnailUrl":"https:\/\/xstyle.md\/wp-content\/uploads\/2020\/07\/petzl-dual-connect-adjust-red.jpg","datePublished":"2020-07-17T07:46:11+00:00","dateModified":"2026-04-07T12:05:29+00:00","description":"Deschide\u021bi noi \u00een\u0103l\u021bimi cu auto-asigurarea Petzl Dual Connect Adjust. Curea dubl\u0103 pentru o protec\u021bie sigur\u0103 \u00een cazul unei c\u0103deri. Se potrive\u0219te perfect cu carabiniera SPIRIT SCREWLOCK.","breadcrumb":{"@id":"https:\/\/xstyle.md\/product\/samostrahovka-petzl-dual-connect-adjust\/#breadcrumb"},"inLanguage":"ro-RO","potentialAction":[{"@type":"ReadAction","target":["https:\/\/xstyle.md\/product\/samostrahovka-petzl-dual-connect-adjust\/"]}]},{"@type":"ImageObject","inLanguage":"ro-RO","@id":"https:\/\/xstyle.md\/product\/samostrahovka-petzl-dual-connect-adjust\/#primaryimage","url":"https:\/\/xstyle.md\/wp-content\/uploads\/2020\/07\/petzl-dual-connect-adjust-red.jpg","contentUrl":"https:\/\/xstyle.md\/wp-content\/uploads\/2020\/07\/petzl-dual-connect-adjust-red.jpg","width":1179,"height":1200,"caption":"\u0410\u043a\u0442\u0438\u0432\u043d\u0430\u044f \u043e\u0434\u0435\u0436\u0434\u0430 \u0438 \u043e\u0431\u0443\u0432\u044c \u0434\u043b\u044f \u043f\u043e\u0445\u043e\u0434\u043e\u0432 \u0438 \u0430\u043b\u044c\u043f\u0438\u043d\u0438\u0437\u043c\u0430 \u0434\u043b\u044f \u043e\u043d\u043b\u0430\u0439\u043d-\u043c\u0430\u0433\u0430\u0437\u0438\u043d\u0430 \u0441\u0430\u043c\u043e\u0441\u0442\u0440\u0430\u0445\u043e\u0432\u043a\u0430 Petzl Dual Connect Adjust \u0434\u043b\u044f \u0430\u043a\u0442\u0438\u0432\u043d\u043e\u0433\u043e \u043e\u0442\u0434\u044b\u0445\u0430 \u043d\u0430 \u043f\u0440\u0438\u0440\u043e\u0434\u0435"},{"@type":"BreadcrumbList","@id":"https:\/\/xstyle.md\/product\/samostrahovka-petzl-dual-connect-adjust\/#breadcrumb","itemListElement":[{"@type":"ListItem","position":1,"name":"\u0413\u043b\u0430\u0432\u043d\u0430\u044f \u0441\u0442\u0440\u0430\u043d\u0438\u0446\u0430","item":"https:\/\/xstyle.md\/"},{"@type":"ListItem","position":2,"name":"\u041c\u0430\u0433\u0430\u0437\u0438\u043d","item":"https:\/\/xstyle.md\/shop\/"},{"@type":"ListItem","position":3,"name":"\u0421\u0430\u043c\u043e\u0441\u0442\u0440\u0430\u0445\u043e\u0432\u043a\u0430 Petzl Dual Connect Adjust"}]},{"@type":"WebSite","@id":"https:\/\/xstyle.md\/#website","url":"https:\/\/xstyle.md\/","name":"Magazinul X-Style","description":"Echipamente pentru turism \u0219i sporturi extreme \u00een Moldova. Pre\u021buri, fotografii, caracteristici \u00een Moldova.","publisher":{"@id":"https:\/\/xstyle.md\/#organization"},"alternateName":"X-Style","potentialAction":[{"@type":"SearchAction","target":{"@type":"EntryPoint","urlTemplate":"https:\/\/xstyle.md\/?s={search_term_string}"},"query-input":{"@type":"PropertyValueSpecification","valueRequired":true,"valueName":"search_term_string"}}],"inLanguage":"ro-RO"},{"@type":"Organization","@id":"https:\/\/xstyle.md\/#organization","name":"Magazinul X-Style","alternateName":"x-style","url":"https:\/\/xstyle.md\/","logo":{"@type":"ImageObject","inLanguage":"ro-RO","@id":"https:\/\/xstyle.md\/#\/schema\/logo\/image\/","url":"https:\/\/xstyle.md\/wp-content\/uploads\/2020\/06\/logoicon.svg","contentUrl":"https:\/\/xstyle.md\/wp-content\/uploads\/2020\/06\/logoicon.svg","caption":"\u041c\u0430\u0433\u0430\u0437\u0438\u043d Xstyle"},"image":{"@id":"https:\/\/xstyle.md\/#\/schema\/logo\/image\/"},"sameAs":["https:\/\/www.facebook.com\/xstylemd","https:\/\/www.instagram.com\/xstyle_md\/","https:\/\/t.me\/xstyle_outdoor"],"hasMerchantReturnPolicy":{"@type":"MerchantReturnPolicy","merchantReturnLink":"https:\/\/xstyle.md\/ro\/conditions\/"}}]},"product_price_amount":"1490.00","product_price_currency":"MDL","og_availability":"instock","product_availability":"instock","product_retailer_item_id":"3342540100879","product_condition":"new"},"_links":{"self":[{"href":"https:\/\/xstyle.md\/ro\/wp-json\/wp\/v2\/product\/10873","targetHints":{"allow":["GET"]}}],"collection":[{"href":"https:\/\/xstyle.md\/ro\/wp-json\/wp\/v2\/product"}],"about":[{"href":"https:\/\/xstyle.md\/ro\/wp-json\/wp\/v2\/types\/product"}],"replies":[{"embeddable":true,"href":"https:\/\/xstyle.md\/ro\/wp-json\/wp\/v2\/comments?post=10873"}],"wp:featuredmedia":[{"embeddable":true,"href":"https:\/\/xstyle.md\/ro\/wp-json\/wp\/v2\/media\/79443"}],"wp:attachment":[{"href":"https:\/\/xstyle.md\/ro\/wp-json\/wp\/v2\/media?parent=10873"}],"wp:term":[{"taxonomy":"product_brand","embeddable":true,"href":"https:\/\/xstyle.md\/ro\/wp-json\/wp\/v2\/product_brand?post=10873"},{"taxonomy":"product_cat","embeddable":true,"href":"https:\/\/xstyle.md\/ro\/wp-json\/wp\/v2\/product_cat?post=10873"},{"taxonomy":"product_tag","embeddable":true,"href":"https:\/\/xstyle.md\/ro\/wp-json\/wp\/v2\/product_tag?post=10873"}],"curies":[{"name":"wp","href":"https:\/\/api.w.org\/{rel}","templated":true}]}}