{"id":10808,"date":"2020-07-17T10:42:54","date_gmt":"2020-07-17T07:42:54","guid":{"rendered":"https:\/\/xstyle.md\/product\/grudnoj-zazhim-croll-thorax"},"modified":"2026-03-19T16:24:41","modified_gmt":"2026-03-19T13:24:41","slug":"grudnoj-zazhim-first-ascent-croll-thorax","status":"publish","type":"product","link":"https:\/\/xstyle.md\/ro\/produs\/grudnoj-zazhim-first-ascent-croll-thorax\/","title":{"rendered":"Blocator Croll Thorax"},"content":{"rendered":"<\/p>\n<p><strong>First Ascent Croll Thorax<\/strong> &#8212; asigur\u0103 fiabilitatea ridicat\u0103 atunci c\u00e2nd se lucreaz\u0103 pe corzi. Datorit\u0103 tehnologiei utilizate, aceast\u0103 pens\u0103 este foarte confortabil\u0103 \u0219i eficient\u0103 \u00een toate situa\u021biile. Thoraxul poate fi utilizat pe fr\u00e2nghii statice \u0219i dinamice cu diametre cuprinse \u00eentre 8 \u0219i 13 mm. Simplitatea designului spore\u0219te semnificativ siguran\u021ba dispozitivului. Greutatea redus\u0103 a dispozitivului, \u00eempreun\u0103 cu eficien\u021ba sa, a c\u00e2\u0219tigat o larg\u0103 r\u0103sp\u00e2ndire \u00een promalpie, speologie, alpinism, lucr\u0103ri de salvare.<\/p>\n<p>Cameletul excentric din o\u021bel este echipat cu din\u021bi \u00eenclina\u021bi care asigur\u0103 o mi\u0219care u\u0219oar\u0103 \u00een sus pe cablu \u0219i o blocare sigur\u0103 \u00een direc\u021bia opus\u0103. Cam\u0103 este echipat\u0103 cu o fant\u0103 special\u0103 pentru scurgerea murd\u0103riei \u0219i a umezelii, ceea ce asigur\u0103 o autocur\u0103\u021bare excelent\u0103 a dispozitivului pe parcursul \u00eentregului proces de lucru. Clema este fabricat\u0103 \u00eentr-o carcas\u0103 din aluminiu, care nu numai c\u0103 reduce semnificativ greutatea sa, dar garanteaz\u0103 \u0219i o fiabilitate ridicat\u0103 \u0219i rezisten\u021b\u0103 la stres. Aluminiul nu este supus coroziunii, ceea ce confer\u0103 o durat\u0103 de via\u021b\u0103 lung\u0103. Clema este echipat\u0103 cu dou\u0103 puncte de fixare, ceea ce permite o utilizare variabil\u0103 atunci c\u00e2nd se lucreaz\u0103 la \u00een\u0103l\u021bime, c\u00e2nd se organizeaz\u0103 trolii cu lan\u021b etc.<\/p>\n<h3>Particularit\u0103\u021bi<\/h3>\n<ul>\n<li>Forma convenabil\u0103 a z\u0103vorului permite introducerea \u0219i desprinderea fr\u00e2nghiei cu o singur\u0103 m\u00e2n\u0103<\/li>\n<li>Testat \u00een conformitate cu EN567<\/li>\n<li>Gam\u0103 larg\u0103 de diametre de fr\u00e2nghie<\/li>\n<li>Corp din aluminiu, ceea ce \u00eel face u\u0219or<\/li>\n<\/ul>\n<h3>Caracteristici<\/h3>\n<ul>\n<li>Greutate &#8212; 135 g<\/li>\n<li>Dimensiuni &#8212; 70 x 105 x 25 mm<\/li>\n<li>Material corp &#8212; aluminiu<\/li>\n<li>Material came &#8212; o\u021bel<\/li>\n<li>Sarcina de rupere &#8212; 4 kN<\/li>\n<li>Certificare &#8212; EN 567<\/li>\n<\/ul>\n<p><\/p>","protected":false},"excerpt":{"rendered":"<p>\u0413\u0440\u0443\u0434\u043d\u043e\u0439 \u0437\u0430\u0436\u0438\u043c Croll Thorax<\/p>","protected":false},"featured_media":10807,"comment_status":"open","ping_status":"closed","template":"","meta":{"_acf_changed":false,"inline_featured_image":false},"product_brand":[1349],"product_cat":[100,101],"product_tag":[],"class_list":{"0":"post-10808","1":"product","2":"type-product","3":"status-publish","4":"has-post-thumbnail","6":"product_brand-first-ascent","7":"product_cat-clips","8":"product_cat-clamps","10":"first","11":"outofstock","12":"shipping-taxable","13":"product-type-simple"},"acf":[],"yoast_head":"<!-- This site is optimized with the Yoast SEO plugin v27.4 - https:\/\/yoast.com\/product\/yoast-seo-wordpress\/ -->\n<title>\u0413\u0440\u0443\u0434\u043d\u043e\u0439 \u0437\u0430\u0436\u0438\u043c First Ascent Croll Thorax - \u041c\u0430\u0433\u0430\u0437\u0438\u043d Xstyle<\/title>\n<meta name=\"description\" content=\"\u0413\u0440\u0443\u0434\u043d\u043e\u0439 \u0437\u0430\u0436\u0438\u043c First Ascent Croll Thorax \u043e\u0431\u0435\u0441\u043f\u0435\u0447\u0438\u0432\u0430\u0435\u0442 \u043d\u0430\u0434\u0435\u0436\u043d\u043e\u0441\u0442\u044c \u0438 \u043a\u043e\u043c\u0444\u043e\u0440\u0442 \u043f\u0440\u0438 \u0440\u0430\u0431\u043e\u0442\u0435 \u043d\u0430 \u0432\u0435\u0440\u0435\u0432\u043a\u0430\u0445 \u0434\u0438\u0430\u043c\u0435\u0442\u0440\u043e\u043c 8-13 \u043c\u043c. \u0418\u0434\u0435\u0430\u043b\u044c\u043d\u043e \u0434\u043b\u044f \u0430\u043b\u044c\u043f\u0438\u043d\u0438\u0441\u0442\u043e\u0432 \u0438 \u043f\u0440\u043e\u0444\u0435\u0441\u0441\u0438\u043e\u043d\u0430\u043b\u043e\u0432!\" \/>\n<meta name=\"robots\" content=\"index, follow, max-snippet:-1, max-image-preview:large, max-video-preview:-1\" \/>\n<link rel=\"canonical\" href=\"https:\/\/xstyle.md\/ro\/produs\/grudnoj-zazhim-first-ascent-croll-thorax\/\" \/>\n<meta property=\"og:locale\" content=\"ro_RO\" \/>\n<meta property=\"og:type\" content=\"article\" \/>\n<meta property=\"og:title\" content=\"\u0413\u0440\u0443\u0434\u043d\u043e\u0439 \u0437\u0430\u0436\u0438\u043c First Ascent Croll Thorax - \u041c\u0430\u0433\u0430\u0437\u0438\u043d Xstyle\" \/>\n<meta property=\"og:description\" content=\"\u0413\u0440\u0443\u0434\u043d\u043e\u0439 \u0437\u0430\u0436\u0438\u043c First Ascent Croll Thorax \u043e\u0431\u0435\u0441\u043f\u0435\u0447\u0438\u0432\u0430\u0435\u0442 \u043d\u0430\u0434\u0435\u0436\u043d\u043e\u0441\u0442\u044c \u0438 \u043a\u043e\u043c\u0444\u043e\u0440\u0442 \u043f\u0440\u0438 \u0440\u0430\u0431\u043e\u0442\u0435 \u043d\u0430 \u0432\u0435\u0440\u0435\u0432\u043a\u0430\u0445 \u0434\u0438\u0430\u043c\u0435\u0442\u0440\u043e\u043c 8-13 \u043c\u043c. \u0418\u0434\u0435\u0430\u043b\u044c\u043d\u043e \u0434\u043b\u044f \u0430\u043b\u044c\u043f\u0438\u043d\u0438\u0441\u0442\u043e\u0432 \u0438 \u043f\u0440\u043e\u0444\u0435\u0441\u0441\u0438\u043e\u043d\u0430\u043b\u043e\u0432!\" \/>\n<meta property=\"og:url\" content=\"https:\/\/xstyle.md\/ro\/produs\/grudnoj-zazhim-first-ascent-croll-thorax\/\" \/>\n<meta property=\"og:site_name\" content=\"\u041c\u0430\u0433\u0430\u0437\u0438\u043d Xstyle\" \/>\n<meta property=\"article:publisher\" content=\"https:\/\/www.facebook.com\/xstylemd\" \/>\n<meta property=\"article:modified_time\" content=\"2026-03-19T13:24:41+00:00\" \/>\n<meta property=\"og:image\" content=\"https:\/\/xstyle.md\/wp-content\/uploads\/2020\/07\/d1a0c73082401843c20a9d408d4d414c.jpg\" \/>\n\t<meta property=\"og:image:width\" content=\"422\" \/>\n\t<meta property=\"og:image:height\" content=\"493\" \/>\n\t<meta property=\"og:image:type\" content=\"image\/jpeg\" \/>\n<meta name=\"twitter:card\" content=\"summary_large_image\" \/>\n<meta name=\"twitter:label1\" content=\"Pre\u021b\" \/>\n\t<meta name=\"twitter:data1\" content=\"750&nbsp;MDL\" \/>\n\t<meta name=\"twitter:label2\" content=\"Disponibilitate\" \/>\n\t<meta name=\"twitter:data2\" content=\"Stoc epuizat\" \/>\n<script type=\"application\/ld+json\" class=\"yoast-schema-graph\">{\"@context\":\"https:\\\/\\\/schema.org\",\"@graph\":[{\"@type\":\"WebPage\",\"@id\":\"https:\\\/\\\/xstyle.md\\\/product\\\/grudnoj-zazhim-first-ascent-croll-thorax\\\/\",\"url\":\"https:\\\/\\\/xstyle.md\\\/product\\\/grudnoj-zazhim-first-ascent-croll-thorax\\\/\",\"name\":\"\u0413\u0440\u0443\u0434\u043d\u043e\u0439 \u0437\u0430\u0436\u0438\u043c First Ascent Croll Thorax - \u041c\u0430\u0433\u0430\u0437\u0438\u043d Xstyle\",\"isPartOf\":{\"@id\":\"https:\\\/\\\/xstyle.md\\\/#website\"},\"primaryImageOfPage\":{\"@id\":\"https:\\\/\\\/xstyle.md\\\/product\\\/grudnoj-zazhim-first-ascent-croll-thorax\\\/#primaryimage\"},\"image\":{\"@id\":\"https:\\\/\\\/xstyle.md\\\/product\\\/grudnoj-zazhim-first-ascent-croll-thorax\\\/#primaryimage\"},\"thumbnailUrl\":\"https:\\\/\\\/xstyle.md\\\/wp-content\\\/uploads\\\/2020\\\/07\\\/d1a0c73082401843c20a9d408d4d414c.jpg\",\"datePublished\":\"2020-07-17T07:42:54+00:00\",\"dateModified\":\"2026-03-19T13:24:41+00:00\",\"description\":\"\u0413\u0440\u0443\u0434\u043d\u043e\u0439 \u0437\u0430\u0436\u0438\u043c First Ascent Croll Thorax \u043e\u0431\u0435\u0441\u043f\u0435\u0447\u0438\u0432\u0430\u0435\u0442 \u043d\u0430\u0434\u0435\u0436\u043d\u043e\u0441\u0442\u044c \u0438 \u043a\u043e\u043c\u0444\u043e\u0440\u0442 \u043f\u0440\u0438 \u0440\u0430\u0431\u043e\u0442\u0435 \u043d\u0430 \u0432\u0435\u0440\u0435\u0432\u043a\u0430\u0445 \u0434\u0438\u0430\u043c\u0435\u0442\u0440\u043e\u043c 8-13 \u043c\u043c. \u0418\u0434\u0435\u0430\u043b\u044c\u043d\u043e \u0434\u043b\u044f \u0430\u043b\u044c\u043f\u0438\u043d\u0438\u0441\u0442\u043e\u0432 \u0438 \u043f\u0440\u043e\u0444\u0435\u0441\u0441\u0438\u043e\u043d\u0430\u043b\u043e\u0432!\",\"breadcrumb\":{\"@id\":\"https:\\\/\\\/xstyle.md\\\/product\\\/grudnoj-zazhim-first-ascent-croll-thorax\\\/#breadcrumb\"},\"inLanguage\":\"ro-RO\",\"potentialAction\":[{\"@type\":\"ReadAction\",\"target\":[\"https:\\\/\\\/xstyle.md\\\/product\\\/grudnoj-zazhim-first-ascent-croll-thorax\\\/\"]}]},{\"@type\":\"ImageObject\",\"inLanguage\":\"ro-RO\",\"@id\":\"https:\\\/\\\/xstyle.md\\\/product\\\/grudnoj-zazhim-first-ascent-croll-thorax\\\/#primaryimage\",\"url\":\"https:\\\/\\\/xstyle.md\\\/wp-content\\\/uploads\\\/2020\\\/07\\\/d1a0c73082401843c20a9d408d4d414c.jpg\",\"contentUrl\":\"https:\\\/\\\/xstyle.md\\\/wp-content\\\/uploads\\\/2020\\\/07\\\/d1a0c73082401843c20a9d408d4d414c.jpg\",\"width\":422,\"height\":493},{\"@type\":\"BreadcrumbList\",\"@id\":\"https:\\\/\\\/xstyle.md\\\/product\\\/grudnoj-zazhim-first-ascent-croll-thorax\\\/#breadcrumb\",\"itemListElement\":[{\"@type\":\"ListItem\",\"position\":1,\"name\":\"\u0413\u043b\u0430\u0432\u043d\u0430\u044f \u0441\u0442\u0440\u0430\u043d\u0438\u0446\u0430\",\"item\":\"https:\\\/\\\/xstyle.md\\\/\"},{\"@type\":\"ListItem\",\"position\":2,\"name\":\"\u041c\u0430\u0433\u0430\u0437\u0438\u043d\",\"item\":\"https:\\\/\\\/xstyle.md\\\/shop\\\/\"},{\"@type\":\"ListItem\",\"position\":3,\"name\":\"\u0413\u0440\u0443\u0434\u043d\u043e\u0439 \u0437\u0430\u0436\u0438\u043c First Ascent Croll Thorax\"}]},{\"@type\":\"WebSite\",\"@id\":\"https:\\\/\\\/xstyle.md\\\/#website\",\"url\":\"https:\\\/\\\/xstyle.md\\\/\",\"name\":\"\u041c\u0430\u0433\u0430\u0437\u0438\u043d Xstyle\",\"description\":\"C\u043d\u0430\u0440\u044f\u0436\u0435\u043d\u0438\u0435 \u0434\u043b\u044f \u0442\u0443\u0440\u0438\u0437\u043c\u0430 \u0438 \u044d\u043a\u0441\u0442\u0440\u0435\u043c\u0430\u043b\u044c\u043d\u044b\u0445 \u0432\u0438\u0434\u043e\u0432 \u0441\u043f\u043e\u0440\u0442\u0430 \u0432 \u041c\u043e\u043b\u0434\u043e\u0432\u0435.. \u0426\u0435\u043d\u044b, \u0444\u043e\u0442\u043e, \u0445\u0430\u0440\u0430\u043a\u0442\u0435\u0440\u0438\u0441\u0442\u0438\u043a\u0438 \u0432 \u041c\u043e\u043b\u0434\u043e\u0432\u0435.\",\"publisher\":{\"@id\":\"https:\\\/\\\/xstyle.md\\\/#organization\"},\"alternateName\":\"X-Style\",\"potentialAction\":[{\"@type\":\"SearchAction\",\"target\":{\"@type\":\"EntryPoint\",\"urlTemplate\":\"https:\\\/\\\/xstyle.md\\\/?s={search_term_string}\"},\"query-input\":{\"@type\":\"PropertyValueSpecification\",\"valueRequired\":true,\"valueName\":\"search_term_string\"}}],\"inLanguage\":\"ro-RO\"},{\"@type\":\"Organization\",\"@id\":\"https:\\\/\\\/xstyle.md\\\/#organization\",\"name\":\"\u041c\u0430\u0433\u0430\u0437\u0438\u043d Xstyle\",\"alternateName\":\"x-style\",\"url\":\"https:\\\/\\\/xstyle.md\\\/\",\"logo\":{\"@type\":\"ImageObject\",\"inLanguage\":\"ro-RO\",\"@id\":\"https:\\\/\\\/xstyle.md\\\/#\\\/schema\\\/logo\\\/image\\\/\",\"url\":\"https:\\\/\\\/xstyle.md\\\/wp-content\\\/uploads\\\/2020\\\/06\\\/logoicon.svg\",\"contentUrl\":\"https:\\\/\\\/xstyle.md\\\/wp-content\\\/uploads\\\/2020\\\/06\\\/logoicon.svg\",\"caption\":\"\u041c\u0430\u0433\u0430\u0437\u0438\u043d Xstyle\"},\"image\":{\"@id\":\"https:\\\/\\\/xstyle.md\\\/#\\\/schema\\\/logo\\\/image\\\/\"},\"sameAs\":[\"https:\\\/\\\/www.facebook.com\\\/xstylemd\",\"https:\\\/\\\/www.instagram.com\\\/xstyle_md\\\/\",\"https:\\\/\\\/t.me\\\/xstyle_outdoor\"],\"hasMerchantReturnPolicy\":{\"@type\":\"MerchantReturnPolicy\",\"merchantReturnLink\":\"https:\\\/\\\/xstyle.md\\\/ro\\\/conditions\\\/\"}}]}<\/script>\n<meta property=\"product:price:amount\" content=\"750.00\" \/>\n<meta property=\"product:price:currency\" content=\"MDL\" \/>\n<meta property=\"og:availability\" content=\"out of stock\" \/>\n<meta property=\"product:availability\" content=\"out of stock\" \/>\n<meta property=\"product:retailer_item_id\" content=\"2003333331139\" \/>\n<meta property=\"product:condition\" content=\"new\" \/>\n<!-- \/ Yoast SEO plugin. -->","yoast_head_json":{"title":"Blocator Croll Thorax - Magazin Xstyle","description":"Z\u0103voaretorul pentru piept First Ascent Croll Thorax ofer\u0103 fiabilitate \u0219i confort \u00een utilizarea corzilor cu diametru de 8-13 mm. Ideal pentru alpinisti \u0219i profesioni\u0219ti!","robots":{"index":"index","follow":"follow","max-snippet":"max-snippet:-1","max-image-preview":"max-image-preview:large","max-video-preview":"max-video-preview:-1"},"canonical":"https:\/\/xstyle.md\/ro\/produs\/grudnoj-zazhim-first-ascent-croll-thorax\/","og_locale":"ro_RO","og_type":"article","og_title":"\u0413\u0440\u0443\u0434\u043d\u043e\u0439 \u0437\u0430\u0436\u0438\u043c First Ascent Croll Thorax - \u041c\u0430\u0433\u0430\u0437\u0438\u043d Xstyle","og_description":"\u0413\u0440\u0443\u0434\u043d\u043e\u0439 \u0437\u0430\u0436\u0438\u043c First Ascent Croll Thorax \u043e\u0431\u0435\u0441\u043f\u0435\u0447\u0438\u0432\u0430\u0435\u0442 \u043d\u0430\u0434\u0435\u0436\u043d\u043e\u0441\u0442\u044c \u0438 \u043a\u043e\u043c\u0444\u043e\u0440\u0442 \u043f\u0440\u0438 \u0440\u0430\u0431\u043e\u0442\u0435 \u043d\u0430 \u0432\u0435\u0440\u0435\u0432\u043a\u0430\u0445 \u0434\u0438\u0430\u043c\u0435\u0442\u0440\u043e\u043c 8-13 \u043c\u043c. \u0418\u0434\u0435\u0430\u043b\u044c\u043d\u043e \u0434\u043b\u044f \u0430\u043b\u044c\u043f\u0438\u043d\u0438\u0441\u0442\u043e\u0432 \u0438 \u043f\u0440\u043e\u0444\u0435\u0441\u0441\u0438\u043e\u043d\u0430\u043b\u043e\u0432!","og_url":"https:\/\/xstyle.md\/ro\/produs\/grudnoj-zazhim-first-ascent-croll-thorax\/","og_site_name":"\u041c\u0430\u0433\u0430\u0437\u0438\u043d Xstyle","article_publisher":"https:\/\/www.facebook.com\/xstylemd","article_modified_time":"2026-03-19T13:24:41+00:00","og_image":[{"width":422,"height":493,"url":"https:\/\/xstyle.md\/wp-content\/uploads\/2020\/07\/d1a0c73082401843c20a9d408d4d414c.jpg","type":"image\/jpeg"}],"twitter_card":"summary_large_image","twitter_misc":{"Pre\u021b":"750&nbsp;MDL","Disponibilitate":"Stoc epuizat"},"schema":{"@context":"https:\/\/schema.org","@graph":[{"@type":"WebPage","@id":"https:\/\/xstyle.md\/product\/grudnoj-zazhim-first-ascent-croll-thorax\/","url":"https:\/\/xstyle.md\/product\/grudnoj-zazhim-first-ascent-croll-thorax\/","name":"Blocator Croll Thorax - Magazin Xstyle","isPartOf":{"@id":"https:\/\/xstyle.md\/#website"},"primaryImageOfPage":{"@id":"https:\/\/xstyle.md\/product\/grudnoj-zazhim-first-ascent-croll-thorax\/#primaryimage"},"image":{"@id":"https:\/\/xstyle.md\/product\/grudnoj-zazhim-first-ascent-croll-thorax\/#primaryimage"},"thumbnailUrl":"https:\/\/xstyle.md\/wp-content\/uploads\/2020\/07\/d1a0c73082401843c20a9d408d4d414c.jpg","datePublished":"2020-07-17T07:42:54+00:00","dateModified":"2026-03-19T13:24:41+00:00","description":"Z\u0103voaretorul pentru piept First Ascent Croll Thorax ofer\u0103 fiabilitate \u0219i confort \u00een utilizarea corzilor cu diametru de 8-13 mm. Ideal pentru alpinisti \u0219i profesioni\u0219ti!","breadcrumb":{"@id":"https:\/\/xstyle.md\/product\/grudnoj-zazhim-first-ascent-croll-thorax\/#breadcrumb"},"inLanguage":"ro-RO","potentialAction":[{"@type":"ReadAction","target":["https:\/\/xstyle.md\/product\/grudnoj-zazhim-first-ascent-croll-thorax\/"]}]},{"@type":"ImageObject","inLanguage":"ro-RO","@id":"https:\/\/xstyle.md\/product\/grudnoj-zazhim-first-ascent-croll-thorax\/#primaryimage","url":"https:\/\/xstyle.md\/wp-content\/uploads\/2020\/07\/d1a0c73082401843c20a9d408d4d414c.jpg","contentUrl":"https:\/\/xstyle.md\/wp-content\/uploads\/2020\/07\/d1a0c73082401843c20a9d408d4d414c.jpg","width":422,"height":493},{"@type":"BreadcrumbList","@id":"https:\/\/xstyle.md\/product\/grudnoj-zazhim-first-ascent-croll-thorax\/#breadcrumb","itemListElement":[{"@type":"ListItem","position":1,"name":"\u0413\u043b\u0430\u0432\u043d\u0430\u044f \u0441\u0442\u0440\u0430\u043d\u0438\u0446\u0430","item":"https:\/\/xstyle.md\/"},{"@type":"ListItem","position":2,"name":"\u041c\u0430\u0433\u0430\u0437\u0438\u043d","item":"https:\/\/xstyle.md\/shop\/"},{"@type":"ListItem","position":3,"name":"\u0413\u0440\u0443\u0434\u043d\u043e\u0439 \u0437\u0430\u0436\u0438\u043c First Ascent Croll Thorax"}]},{"@type":"WebSite","@id":"https:\/\/xstyle.md\/#website","url":"https:\/\/xstyle.md\/","name":"Magazinul X-Style","description":"Echipamente pentru turism \u0219i sporturi extreme \u00een Moldova. Pre\u021buri, fotografii, caracteristici \u00een Moldova.","publisher":{"@id":"https:\/\/xstyle.md\/#organization"},"alternateName":"X-Style","potentialAction":[{"@type":"SearchAction","target":{"@type":"EntryPoint","urlTemplate":"https:\/\/xstyle.md\/?s={search_term_string}"},"query-input":{"@type":"PropertyValueSpecification","valueRequired":true,"valueName":"search_term_string"}}],"inLanguage":"ro-RO"},{"@type":"Organization","@id":"https:\/\/xstyle.md\/#organization","name":"Magazinul X-Style","alternateName":"x-style","url":"https:\/\/xstyle.md\/","logo":{"@type":"ImageObject","inLanguage":"ro-RO","@id":"https:\/\/xstyle.md\/#\/schema\/logo\/image\/","url":"https:\/\/xstyle.md\/wp-content\/uploads\/2020\/06\/logoicon.svg","contentUrl":"https:\/\/xstyle.md\/wp-content\/uploads\/2020\/06\/logoicon.svg","caption":"\u041c\u0430\u0433\u0430\u0437\u0438\u043d Xstyle"},"image":{"@id":"https:\/\/xstyle.md\/#\/schema\/logo\/image\/"},"sameAs":["https:\/\/www.facebook.com\/xstylemd","https:\/\/www.instagram.com\/xstyle_md\/","https:\/\/t.me\/xstyle_outdoor"],"hasMerchantReturnPolicy":{"@type":"MerchantReturnPolicy","merchantReturnLink":"https:\/\/xstyle.md\/ro\/conditions\/"}}]},"product_price_amount":"750.00","product_price_currency":"MDL","og_availability":"out of stock","product_availability":"out of stock","product_retailer_item_id":"2003333331139","product_condition":"new"},"post_mailing_queue_ids":[],"_links":{"self":[{"href":"https:\/\/xstyle.md\/ro\/wp-json\/wp\/v2\/product\/10808","targetHints":{"allow":["GET"]}}],"collection":[{"href":"https:\/\/xstyle.md\/ro\/wp-json\/wp\/v2\/product"}],"about":[{"href":"https:\/\/xstyle.md\/ro\/wp-json\/wp\/v2\/types\/product"}],"replies":[{"embeddable":true,"href":"https:\/\/xstyle.md\/ro\/wp-json\/wp\/v2\/comments?post=10808"}],"wp:featuredmedia":[{"embeddable":true,"href":"https:\/\/xstyle.md\/ro\/wp-json\/wp\/v2\/media\/10807"}],"wp:attachment":[{"href":"https:\/\/xstyle.md\/ro\/wp-json\/wp\/v2\/media?parent=10808"}],"wp:term":[{"taxonomy":"product_brand","embeddable":true,"href":"https:\/\/xstyle.md\/ro\/wp-json\/wp\/v2\/product_brand?post=10808"},{"taxonomy":"product_cat","embeddable":true,"href":"https:\/\/xstyle.md\/ro\/wp-json\/wp\/v2\/product_cat?post=10808"},{"taxonomy":"product_tag","embeddable":true,"href":"https:\/\/xstyle.md\/ro\/wp-json\/wp\/v2\/product_tag?post=10808"}],"curies":[{"name":"wp","href":"https:\/\/api.w.org\/{rel}","templated":true}]}}