{"id":10787,"date":"2020-07-17T10:41:57","date_gmt":"2020-07-17T07:41:57","guid":{"rendered":"https:\/\/xstyle.md\/product\/spasatel-nyj-zhilet-aquarius-kajakowa"},"modified":"2026-04-07T15:22:50","modified_gmt":"2026-04-07T12:22:50","slug":"spasatel-nyj-zhilet-aquarius-kajakowa","status":"publish","type":"product","link":"https:\/\/xstyle.md\/ro\/produs\/spasatel-nyj-zhilet-aquarius-kajakowa\/","title":{"rendered":"Vest\u0103 de salvare Aquarius KAJAKOWA"},"content":{"rendered":"<\/p>\n<p><strong>Vest\u0103 de salvare Aquarius Kajakowa Red<\/strong> &#8212; este o vest\u0103 clasic\u0103 de canoe. Un material adecvat nu provoac\u0103 disconfortul pielii. Pe partea din fa\u021b\u0103 exist\u0103 un mic buzunar comod. Vesta de salvare trebuie inclus \u00een echipamentul de protec\u021bie, deoarece permite \u00eentr-o situa\u021bie dificil\u0103 \u0219i periculoas\u0103 s\u0103 ofere o flotabilitate suplimentar\u0103 pentru a sprijini o persoan\u0103 pe ap\u0103. De aceea, accesoriul ar trebui s\u0103 fie ales cu aten\u021bie \u0219i grij\u0103, av\u00e2nd \u00een vedere clasificarea \u0219i caracteristicile acestora.<\/p>\n<p>Vesta pe care o oferim este durabil\u0103, asigur\u0103 libertate de mi\u0219care \u00een timpul v\u00e2ntului \u0219i are un design excelent. Un sistem de fixare simplu \u0219i de \u00eencredere elimin\u0103 posibilitatea ca vesta s\u0103 cad\u0103 \u00een timpul traficului greu pe ap\u0103. Utilizarea unei veste va garanta siguran\u021ba. Completat cu benzi reflectorizante va facilita foarte mult procesul de c\u0103utare. Vesta \u00eenmoaie lovitura pe ap\u0103 \u0219i protejeaz\u0103 pieptul.<\/p>\n<p>La fel de important\u0103 sunt \u0219i propriet\u0103\u021bile izolatoare ale vestei, \u00een plus protejeaz\u0103 corpul de frig \u0219i de fluxul v\u00e2ntului, ceea ce accelereaz\u0103 procesul de r\u0103cire. Modelul este cel mai adesea ales de profesioni\u0219ti sau de companiile profesionale de rafting.<\/p>\n<h3>Specifica\u021bii<\/h3>\n<ul>\n<li>datorit\u0103 proeminen\u021bei corespunz\u0103toare a axilelor, vesta nu restric\u021bioneaz\u0103 mi\u0219carea<\/li>\n<li>cureaua de treapt\u0103 nu permite alunecarea dintr-o vest\u0103<\/li>\n<li>materialul adecvat nu provoac\u0103 disconfortul pielii<\/li>\n<li>\u00een fa\u021b\u0103 exist\u0103 un mic buzunar convenabil<\/li>\n<li>modelul este cel mai adesea ales de companiile profesionale \u00een rafting specializate \u00een \u00eenchiriere<\/li>\n<li>greutatea admis\u0103 a utilizatorului: 70+ kg<\/li>\n<li>certificat \u00een conformitate cu PN-EN ISO 12402-5: 2007<\/li>\n<\/ul>\n<p><strong>Sfaturi pentru alegerea modelului potrivit\u00a0<\/strong><\/p>\n<ul>\n<li>\u00een primul r\u00e2nd, ar trebui s\u0103 verifica\u021bi calitatea cus\u0103turilor, fiabilitatea fermoarelor, centurilor,verifica\u021bi, de asemenea, materialul de c\u0103ptu\u0219eal\u0103 &#8212; ar trebui s\u0103 fie str\u00e2ns \u0219i s\u0103 nu se mi\u0219te atunci c\u00e2nd este ap\u0103sat cu unghia<\/li>\n<li>de asemenea, trebuie acordat\u0103 aten\u021bie designului \u0219i calit\u0103\u021bii elementelor de fixare a cataramei, care trebuie s\u0103 reziste la o sarcin\u0103 care dep\u0103\u0219e\u0219te greutatea persoanei. Aceast\u0103 cerin\u021b\u0103 se datoreaz\u0103 faptului c\u0103, de regul\u0103, o persoan\u0103 este extras\u0103 din ap\u0103 de centura vestei, iar sarcina pe cataram\u0103 este jum\u0103tate din greutatea unei persoane<\/li>\n<li>proiectarea vestei ar trebui s\u0103 prevad\u0103 prezen\u021ba unit\u0103\u021bilor de flotabilitate \u00een compartimentele pieptului, \u00een volum care dep\u0103\u0219e\u0219te semnificativ volumul din compartimentele din spate. Acest lucru este necesar pentru \u00eentoarcerea corpului unei persoane c\u0103zute \u00een ap\u0103 cu fa\u021ba \u00een sus, iar blocurile de flotabilitate dorsal\u0103, pe l\u00e2ng\u0103 asigurarea flotabilit\u0103\u021bii, se protejeaz\u0103 \u00eempotriva impactelor<\/li>\n<\/ul>\n<p><\/p>","protected":false},"excerpt":{"rendered":"<p>Vest\u0103 de salvare Aquarius KAJAKOWA<\/p>","protected":false},"featured_media":85561,"comment_status":"open","ping_status":"closed","template":"","meta":{"_acf_changed":false,"inline_featured_image":false},"product_brand":[1290],"product_cat":[223],"product_tag":[],"class_list":{"0":"post-10787","1":"product","2":"type-product","3":"status-publish","4":"has-post-thumbnail","6":"product_brand-aquarius","7":"product_cat-life-jackets-and-helmets","9":"first","10":"instock","11":"shipping-taxable","12":"purchasable","13":"product-type-simple"},"acf":[],"yoast_head":"<!-- This site is optimized with the Yoast SEO plugin v27.2 - https:\/\/yoast.com\/product\/yoast-seo-wordpress\/ -->\n<title>\u0421\u043f\u0430\u0441\u0430\u0442\u0435\u043b\u044c\u043d\u044b\u0439 \u0436\u0438\u043b\u0435\u0442 Aquarius Kajakowa Red - \u041c\u0430\u0433\u0430\u0437\u0438\u043d Xstyle<\/title>\n<meta name=\"description\" content=\"\u0421\u043f\u0430\u0441\u0430\u0442\u0435\u043b\u044c\u043d\u044b\u0439 \u0436\u0438\u043b\u0435\u0442 Aquarius Kajakowa Red \u043e\u0431\u0435\u0441\u043f\u0435\u0447\u0438\u0432\u0430\u0435\u0442 \u043d\u0430\u0434\u0435\u0436\u043d\u043e\u0441\u0442\u044c \u0438 \u043a\u043e\u043c\u0444\u043e\u0440\u0442 \u043d\u0430 \u0432\u043e\u0434\u0435. \u0418\u0434\u0435\u0430\u043b\u0435\u043d \u0434\u043b\u044f \u043a\u0430\u043d\u043e\u044d. \u041e\u0431\u0435\u0441\u043f\u0435\u0447\u0438\u0432\u0430\u0435\u0442 \u0434\u043e\u043f\u043e\u043b\u043d\u0438\u0442\u0435\u043b\u044c\u043d\u0443\u044e \u043f\u043b\u0430\u0432\u0443\u0447\u0435\u0441\u0442\u044c!\" \/>\n<meta name=\"robots\" content=\"index, follow, max-snippet:-1, max-image-preview:large, max-video-preview:-1\" \/>\n<link rel=\"canonical\" href=\"https:\/\/xstyle.md\/ro\/produs\/spasatel-nyj-zhilet-aquarius-kajakowa\/\" \/>\n<meta property=\"og:locale\" content=\"ro_RO\" \/>\n<meta property=\"og:type\" content=\"article\" \/>\n<meta property=\"og:title\" content=\"\u0421\u043f\u0430\u0441\u0430\u0442\u0435\u043b\u044c\u043d\u044b\u0439 \u0436\u0438\u043b\u0435\u0442 Aquarius Kajakowa Red - \u041c\u0430\u0433\u0430\u0437\u0438\u043d Xstyle\" \/>\n<meta property=\"og:description\" content=\"\u0421\u043f\u0430\u0441\u0430\u0442\u0435\u043b\u044c\u043d\u044b\u0439 \u0436\u0438\u043b\u0435\u0442 Aquarius Kajakowa Red \u043e\u0431\u0435\u0441\u043f\u0435\u0447\u0438\u0432\u0430\u0435\u0442 \u043d\u0430\u0434\u0435\u0436\u043d\u043e\u0441\u0442\u044c \u0438 \u043a\u043e\u043c\u0444\u043e\u0440\u0442 \u043d\u0430 \u0432\u043e\u0434\u0435. \u0418\u0434\u0435\u0430\u043b\u0435\u043d \u0434\u043b\u044f \u043a\u0430\u043d\u043e\u044d. \u041e\u0431\u0435\u0441\u043f\u0435\u0447\u0438\u0432\u0430\u0435\u0442 \u0434\u043e\u043f\u043e\u043b\u043d\u0438\u0442\u0435\u043b\u044c\u043d\u0443\u044e \u043f\u043b\u0430\u0432\u0443\u0447\u0435\u0441\u0442\u044c!\" \/>\n<meta property=\"og:url\" content=\"https:\/\/xstyle.md\/ro\/produs\/spasatel-nyj-zhilet-aquarius-kajakowa\/\" \/>\n<meta property=\"og:site_name\" content=\"\u041c\u0430\u0433\u0430\u0437\u0438\u043d Xstyle\" \/>\n<meta property=\"article:publisher\" content=\"https:\/\/www.facebook.com\/xstylemd\" \/>\n<meta property=\"article:modified_time\" content=\"2026-04-07T12:22:50+00:00\" \/>\n<meta property=\"og:image\" content=\"https:\/\/xstyle.md\/wp-content\/uploads\/2020\/07\/aquarius-kajakowa-red.jpg\" \/>\n\t<meta property=\"og:image:width\" content=\"624\" \/>\n\t<meta property=\"og:image:height\" content=\"503\" \/>\n\t<meta property=\"og:image:type\" content=\"image\/jpeg\" \/>\n<meta name=\"twitter:card\" content=\"summary_large_image\" \/>\n<meta name=\"twitter:label1\" content=\"Pre\u021b\" \/>\n\t<meta name=\"twitter:data1\" content=\"690&nbsp;MDL\" \/>\n\t<meta name=\"twitter:label2\" content=\"Disponibilitate\" \/>\n\t<meta name=\"twitter:data2\" content=\"\u00cen stoc\" \/>\n<script type=\"application\/ld+json\" class=\"yoast-schema-graph\">{\"@context\":\"https:\/\/schema.org\",\"@graph\":[{\"@type\":\"WebPage\",\"@id\":\"https:\/\/xstyle.md\/product\/spasatel-nyj-zhilet-aquarius-kajakowa\/\",\"url\":\"https:\/\/xstyle.md\/product\/spasatel-nyj-zhilet-aquarius-kajakowa\/\",\"name\":\"\u0421\u043f\u0430\u0441\u0430\u0442\u0435\u043b\u044c\u043d\u044b\u0439 \u0436\u0438\u043b\u0435\u0442 Aquarius Kajakowa Red - \u041c\u0430\u0433\u0430\u0437\u0438\u043d Xstyle\",\"isPartOf\":{\"@id\":\"https:\/\/xstyle.md\/#website\"},\"primaryImageOfPage\":{\"@id\":\"https:\/\/xstyle.md\/product\/spasatel-nyj-zhilet-aquarius-kajakowa\/#primaryimage\"},\"image\":{\"@id\":\"https:\/\/xstyle.md\/product\/spasatel-nyj-zhilet-aquarius-kajakowa\/#primaryimage\"},\"thumbnailUrl\":\"https:\/\/xstyle.md\/wp-content\/uploads\/2020\/07\/aquarius-kajakowa-red.jpg\",\"datePublished\":\"2020-07-17T07:41:57+00:00\",\"dateModified\":\"2026-04-07T12:22:50+00:00\",\"description\":\"\u0421\u043f\u0430\u0441\u0430\u0442\u0435\u043b\u044c\u043d\u044b\u0439 \u0436\u0438\u043b\u0435\u0442 Aquarius Kajakowa Red \u043e\u0431\u0435\u0441\u043f\u0435\u0447\u0438\u0432\u0430\u0435\u0442 \u043d\u0430\u0434\u0435\u0436\u043d\u043e\u0441\u0442\u044c \u0438 \u043a\u043e\u043c\u0444\u043e\u0440\u0442 \u043d\u0430 \u0432\u043e\u0434\u0435. \u0418\u0434\u0435\u0430\u043b\u0435\u043d \u0434\u043b\u044f \u043a\u0430\u043d\u043e\u044d. \u041e\u0431\u0435\u0441\u043f\u0435\u0447\u0438\u0432\u0430\u0435\u0442 \u0434\u043e\u043f\u043e\u043b\u043d\u0438\u0442\u0435\u043b\u044c\u043d\u0443\u044e \u043f\u043b\u0430\u0432\u0443\u0447\u0435\u0441\u0442\u044c!\",\"breadcrumb\":{\"@id\":\"https:\/\/xstyle.md\/product\/spasatel-nyj-zhilet-aquarius-kajakowa\/#breadcrumb\"},\"inLanguage\":\"ro-RO\",\"potentialAction\":[{\"@type\":\"ReadAction\",\"target\":[\"https:\/\/xstyle.md\/product\/spasatel-nyj-zhilet-aquarius-kajakowa\/\"]}]},{\"@type\":\"ImageObject\",\"inLanguage\":\"ro-RO\",\"@id\":\"https:\/\/xstyle.md\/product\/spasatel-nyj-zhilet-aquarius-kajakowa\/#primaryimage\",\"url\":\"https:\/\/xstyle.md\/wp-content\/uploads\/2020\/07\/aquarius-kajakowa-red.jpg\",\"contentUrl\":\"https:\/\/xstyle.md\/wp-content\/uploads\/2020\/07\/aquarius-kajakowa-red.jpg\",\"width\":624,\"height\":503,\"caption\":\"\u0421\u043f\u0430\u0441\u0430\u0442\u0435\u043b\u044c\u043d\u044b\u0439 \u0436\u0438\u043b\u0435\u0442 Aquarius \u0434\u043b\u044f \u043a\u0430\u044f\u043a\u0438\u043d\u0433\u0430 \u0438 \u0430\u043a\u0442\u0438\u0432\u043d\u043e\u0433\u043e \u043e\u0442\u0434\u044b\u0445\u0430, \u043c\u0430\u0433\u0430\u0437\u0438\u043d \u044d\u043a\u0438\u043f\u0438\u0440\u043e\u0432\u043a\u0438 \u0434\u043b\u044f \u0442\u0443\u0440\u0438\u0437\u043c\u0430, \u0441\u043f\u043e\u0440\u0442\u0438\u0432\u043d\u0430\u044f \u043e\u0434\u0435\u0436\u0434\u0430 \u0438 \u043e\u0431\u0443\u0432\u044c \u0434\u043b\u044f \u043f\u0443\u0442\u0435\u0448\u0435\u0441\u0442\u0432\u0438\u0439 \u0438 \u044d\u043a\u0441\u0442\u0440\u0435\u043c\u0430\u043b\u044c\u043d\u044b\u0445 \u0432\u0438\u0434\u043e\u0432 \u0430\u043a\u0442\u0438\u0432\u043d\u043e\u0441\u0442\u0435\u0439\"},{\"@type\":\"BreadcrumbList\",\"@id\":\"https:\/\/xstyle.md\/product\/spasatel-nyj-zhilet-aquarius-kajakowa\/#breadcrumb\",\"itemListElement\":[{\"@type\":\"ListItem\",\"position\":1,\"name\":\"\u0413\u043b\u0430\u0432\u043d\u0430\u044f \u0441\u0442\u0440\u0430\u043d\u0438\u0446\u0430\",\"item\":\"https:\/\/xstyle.md\/\"},{\"@type\":\"ListItem\",\"position\":2,\"name\":\"\u041c\u0430\u0433\u0430\u0437\u0438\u043d\",\"item\":\"https:\/\/xstyle.md\/shop\/\"},{\"@type\":\"ListItem\",\"position\":3,\"name\":\"\u0421\u043f\u0430\u0441\u0430\u0442\u0435\u043b\u044c\u043d\u044b\u0439 \u0436\u0438\u043b\u0435\u0442 Aquarius Kajakowa Red\"}]},{\"@type\":\"WebSite\",\"@id\":\"https:\/\/xstyle.md\/#website\",\"url\":\"https:\/\/xstyle.md\/\",\"name\":\"\u041c\u0430\u0433\u0430\u0437\u0438\u043d Xstyle\",\"description\":\"C\u043d\u0430\u0440\u044f\u0436\u0435\u043d\u0438\u0435 \u0434\u043b\u044f \u0442\u0443\u0440\u0438\u0437\u043c\u0430 \u0438 \u044d\u043a\u0441\u0442\u0440\u0435\u043c\u0430\u043b\u044c\u043d\u044b\u0445 \u0432\u0438\u0434\u043e\u0432 \u0441\u043f\u043e\u0440\u0442\u0430 \u0432 \u041c\u043e\u043b\u0434\u043e\u0432\u0435.. \u0426\u0435\u043d\u044b, \u0444\u043e\u0442\u043e, \u0445\u0430\u0440\u0430\u043a\u0442\u0435\u0440\u0438\u0441\u0442\u0438\u043a\u0438 \u0432 \u041c\u043e\u043b\u0434\u043e\u0432\u0435.\",\"publisher\":{\"@id\":\"https:\/\/xstyle.md\/#organization\"},\"alternateName\":\"X-Style\",\"potentialAction\":[{\"@type\":\"SearchAction\",\"target\":{\"@type\":\"EntryPoint\",\"urlTemplate\":\"https:\/\/xstyle.md\/?s={search_term_string}\"},\"query-input\":{\"@type\":\"PropertyValueSpecification\",\"valueRequired\":true,\"valueName\":\"search_term_string\"}}],\"inLanguage\":\"ro-RO\"},{\"@type\":\"Organization\",\"@id\":\"https:\/\/xstyle.md\/#organization\",\"name\":\"\u041c\u0430\u0433\u0430\u0437\u0438\u043d Xstyle\",\"alternateName\":\"x-style\",\"url\":\"https:\/\/xstyle.md\/\",\"logo\":{\"@type\":\"ImageObject\",\"inLanguage\":\"ro-RO\",\"@id\":\"https:\/\/xstyle.md\/#\/schema\/logo\/image\/\",\"url\":\"https:\/\/xstyle.md\/wp-content\/uploads\/2020\/06\/logoicon.svg\",\"contentUrl\":\"https:\/\/xstyle.md\/wp-content\/uploads\/2020\/06\/logoicon.svg\",\"caption\":\"\u041c\u0430\u0433\u0430\u0437\u0438\u043d Xstyle\"},\"image\":{\"@id\":\"https:\/\/xstyle.md\/#\/schema\/logo\/image\/\"},\"sameAs\":[\"https:\/\/www.facebook.com\/xstylemd\",\"https:\/\/www.instagram.com\/xstyle_md\/\",\"https:\/\/t.me\/xstyle_outdoor\"],\"hasMerchantReturnPolicy\":{\"@type\":\"MerchantReturnPolicy\",\"merchantReturnLink\":\"https:\/\/xstyle.md\/ro\/conditions\/\"}}]}<\/script>\n<meta property=\"product:price:amount\" content=\"690.00\" \/>\n<meta property=\"product:price:currency\" content=\"MDL\" \/>\n<meta property=\"og:availability\" content=\"instock\" \/>\n<meta property=\"product:availability\" content=\"instock\" \/>\n<meta property=\"product:retailer_item_id\" content=\"2050000002991\" \/>\n<meta property=\"product:condition\" content=\"new\" \/>\n<!-- \/ Yoast SEO plugin. -->","yoast_head_json":{"title":"Vest\u0103 de salvare Aquarius KAJAKOWA - Magazin Xstyle","description":"Vesta de salvare Aquarius Kajakowa Red asigur\u0103 fiabilitate \u0219i confort pe ap\u0103. Este ideal\u0103 pentru canoe. Ofer\u0103 flotabilitate suplimentar\u0103!","robots":{"index":"index","follow":"follow","max-snippet":"max-snippet:-1","max-image-preview":"max-image-preview:large","max-video-preview":"max-video-preview:-1"},"canonical":"https:\/\/xstyle.md\/ro\/produs\/spasatel-nyj-zhilet-aquarius-kajakowa\/","og_locale":"ro_RO","og_type":"article","og_title":"\u0421\u043f\u0430\u0441\u0430\u0442\u0435\u043b\u044c\u043d\u044b\u0439 \u0436\u0438\u043b\u0435\u0442 Aquarius Kajakowa Red - \u041c\u0430\u0433\u0430\u0437\u0438\u043d Xstyle","og_description":"\u0421\u043f\u0430\u0441\u0430\u0442\u0435\u043b\u044c\u043d\u044b\u0439 \u0436\u0438\u043b\u0435\u0442 Aquarius Kajakowa Red \u043e\u0431\u0435\u0441\u043f\u0435\u0447\u0438\u0432\u0430\u0435\u0442 \u043d\u0430\u0434\u0435\u0436\u043d\u043e\u0441\u0442\u044c \u0438 \u043a\u043e\u043c\u0444\u043e\u0440\u0442 \u043d\u0430 \u0432\u043e\u0434\u0435. \u0418\u0434\u0435\u0430\u043b\u0435\u043d \u0434\u043b\u044f \u043a\u0430\u043d\u043e\u044d. \u041e\u0431\u0435\u0441\u043f\u0435\u0447\u0438\u0432\u0430\u0435\u0442 \u0434\u043e\u043f\u043e\u043b\u043d\u0438\u0442\u0435\u043b\u044c\u043d\u0443\u044e \u043f\u043b\u0430\u0432\u0443\u0447\u0435\u0441\u0442\u044c!","og_url":"https:\/\/xstyle.md\/ro\/produs\/spasatel-nyj-zhilet-aquarius-kajakowa\/","og_site_name":"\u041c\u0430\u0433\u0430\u0437\u0438\u043d Xstyle","article_publisher":"https:\/\/www.facebook.com\/xstylemd","article_modified_time":"2026-04-07T12:22:50+00:00","og_image":[{"width":624,"height":503,"url":"https:\/\/xstyle.md\/wp-content\/uploads\/2020\/07\/aquarius-kajakowa-red.jpg","type":"image\/jpeg"}],"twitter_card":"summary_large_image","twitter_misc":{"Pre\u021b":"690&nbsp;MDL","Disponibilitate":"\u00cen stoc"},"schema":{"@context":"https:\/\/schema.org","@graph":[{"@type":"WebPage","@id":"https:\/\/xstyle.md\/product\/spasatel-nyj-zhilet-aquarius-kajakowa\/","url":"https:\/\/xstyle.md\/product\/spasatel-nyj-zhilet-aquarius-kajakowa\/","name":"Vest\u0103 de salvare Aquarius KAJAKOWA - Magazin Xstyle","isPartOf":{"@id":"https:\/\/xstyle.md\/#website"},"primaryImageOfPage":{"@id":"https:\/\/xstyle.md\/product\/spasatel-nyj-zhilet-aquarius-kajakowa\/#primaryimage"},"image":{"@id":"https:\/\/xstyle.md\/product\/spasatel-nyj-zhilet-aquarius-kajakowa\/#primaryimage"},"thumbnailUrl":"https:\/\/xstyle.md\/wp-content\/uploads\/2020\/07\/aquarius-kajakowa-red.jpg","datePublished":"2020-07-17T07:41:57+00:00","dateModified":"2026-04-07T12:22:50+00:00","description":"Vesta de salvare Aquarius Kajakowa Red asigur\u0103 fiabilitate \u0219i confort pe ap\u0103. Este ideal\u0103 pentru canoe. Ofer\u0103 flotabilitate suplimentar\u0103!","breadcrumb":{"@id":"https:\/\/xstyle.md\/product\/spasatel-nyj-zhilet-aquarius-kajakowa\/#breadcrumb"},"inLanguage":"ro-RO","potentialAction":[{"@type":"ReadAction","target":["https:\/\/xstyle.md\/product\/spasatel-nyj-zhilet-aquarius-kajakowa\/"]}]},{"@type":"ImageObject","inLanguage":"ro-RO","@id":"https:\/\/xstyle.md\/product\/spasatel-nyj-zhilet-aquarius-kajakowa\/#primaryimage","url":"https:\/\/xstyle.md\/wp-content\/uploads\/2020\/07\/aquarius-kajakowa-red.jpg","contentUrl":"https:\/\/xstyle.md\/wp-content\/uploads\/2020\/07\/aquarius-kajakowa-red.jpg","width":624,"height":503,"caption":"\u0421\u043f\u0430\u0441\u0430\u0442\u0435\u043b\u044c\u043d\u044b\u0439 \u0436\u0438\u043b\u0435\u0442 Aquarius \u0434\u043b\u044f \u043a\u0430\u044f\u043a\u0438\u043d\u0433\u0430 \u0438 \u0430\u043a\u0442\u0438\u0432\u043d\u043e\u0433\u043e \u043e\u0442\u0434\u044b\u0445\u0430, \u043c\u0430\u0433\u0430\u0437\u0438\u043d \u044d\u043a\u0438\u043f\u0438\u0440\u043e\u0432\u043a\u0438 \u0434\u043b\u044f \u0442\u0443\u0440\u0438\u0437\u043c\u0430, \u0441\u043f\u043e\u0440\u0442\u0438\u0432\u043d\u0430\u044f \u043e\u0434\u0435\u0436\u0434\u0430 \u0438 \u043e\u0431\u0443\u0432\u044c \u0434\u043b\u044f \u043f\u0443\u0442\u0435\u0448\u0435\u0441\u0442\u0432\u0438\u0439 \u0438 \u044d\u043a\u0441\u0442\u0440\u0435\u043c\u0430\u043b\u044c\u043d\u044b\u0445 \u0432\u0438\u0434\u043e\u0432 \u0430\u043a\u0442\u0438\u0432\u043d\u043e\u0441\u0442\u0435\u0439"},{"@type":"BreadcrumbList","@id":"https:\/\/xstyle.md\/product\/spasatel-nyj-zhilet-aquarius-kajakowa\/#breadcrumb","itemListElement":[{"@type":"ListItem","position":1,"name":"\u0413\u043b\u0430\u0432\u043d\u0430\u044f \u0441\u0442\u0440\u0430\u043d\u0438\u0446\u0430","item":"https:\/\/xstyle.md\/"},{"@type":"ListItem","position":2,"name":"\u041c\u0430\u0433\u0430\u0437\u0438\u043d","item":"https:\/\/xstyle.md\/shop\/"},{"@type":"ListItem","position":3,"name":"\u0421\u043f\u0430\u0441\u0430\u0442\u0435\u043b\u044c\u043d\u044b\u0439 \u0436\u0438\u043b\u0435\u0442 Aquarius Kajakowa Red"}]},{"@type":"WebSite","@id":"https:\/\/xstyle.md\/#website","url":"https:\/\/xstyle.md\/","name":"Magazinul X-Style","description":"Echipamente pentru turism \u0219i sporturi extreme \u00een Moldova. Pre\u021buri, fotografii, caracteristici \u00een Moldova.","publisher":{"@id":"https:\/\/xstyle.md\/#organization"},"alternateName":"X-Style","potentialAction":[{"@type":"SearchAction","target":{"@type":"EntryPoint","urlTemplate":"https:\/\/xstyle.md\/?s={search_term_string}"},"query-input":{"@type":"PropertyValueSpecification","valueRequired":true,"valueName":"search_term_string"}}],"inLanguage":"ro-RO"},{"@type":"Organization","@id":"https:\/\/xstyle.md\/#organization","name":"Magazinul X-Style","alternateName":"x-style","url":"https:\/\/xstyle.md\/","logo":{"@type":"ImageObject","inLanguage":"ro-RO","@id":"https:\/\/xstyle.md\/#\/schema\/logo\/image\/","url":"https:\/\/xstyle.md\/wp-content\/uploads\/2020\/06\/logoicon.svg","contentUrl":"https:\/\/xstyle.md\/wp-content\/uploads\/2020\/06\/logoicon.svg","caption":"\u041c\u0430\u0433\u0430\u0437\u0438\u043d Xstyle"},"image":{"@id":"https:\/\/xstyle.md\/#\/schema\/logo\/image\/"},"sameAs":["https:\/\/www.facebook.com\/xstylemd","https:\/\/www.instagram.com\/xstyle_md\/","https:\/\/t.me\/xstyle_outdoor"],"hasMerchantReturnPolicy":{"@type":"MerchantReturnPolicy","merchantReturnLink":"https:\/\/xstyle.md\/ro\/conditions\/"}}]},"product_price_amount":"690.00","product_price_currency":"MDL","og_availability":"instock","product_availability":"instock","product_retailer_item_id":"2050000002991","product_condition":"new"},"post_mailing_queue_ids":[],"_links":{"self":[{"href":"https:\/\/xstyle.md\/ro\/wp-json\/wp\/v2\/product\/10787","targetHints":{"allow":["GET"]}}],"collection":[{"href":"https:\/\/xstyle.md\/ro\/wp-json\/wp\/v2\/product"}],"about":[{"href":"https:\/\/xstyle.md\/ro\/wp-json\/wp\/v2\/types\/product"}],"replies":[{"embeddable":true,"href":"https:\/\/xstyle.md\/ro\/wp-json\/wp\/v2\/comments?post=10787"}],"wp:featuredmedia":[{"embeddable":true,"href":"https:\/\/xstyle.md\/ro\/wp-json\/wp\/v2\/media\/85561"}],"wp:attachment":[{"href":"https:\/\/xstyle.md\/ro\/wp-json\/wp\/v2\/media?parent=10787"}],"wp:term":[{"taxonomy":"product_brand","embeddable":true,"href":"https:\/\/xstyle.md\/ro\/wp-json\/wp\/v2\/product_brand?post=10787"},{"taxonomy":"product_cat","embeddable":true,"href":"https:\/\/xstyle.md\/ro\/wp-json\/wp\/v2\/product_cat?post=10787"},{"taxonomy":"product_tag","embeddable":true,"href":"https:\/\/xstyle.md\/ro\/wp-json\/wp\/v2\/product_tag?post=10787"}],"curies":[{"name":"wp","href":"https:\/\/api.w.org\/{rel}","templated":true}]}}