{"id":10650,"date":"2020-07-17T10:34:28","date_gmt":"2020-07-17T07:34:28","guid":{"rendered":"https:\/\/xstyle.md\/product\/kurtka-detskaja-dare2b-fledged"},"modified":"2026-03-19T16:35:05","modified_gmt":"2026-03-19T13:35:05","slug":"kurtka-detskaja-dare2b-fledged","status":"publish","type":"product","link":"https:\/\/xstyle.md\/ro\/produs\/kurtka-detskaja-dare2b-fledged\/","title":{"rendered":"Geac\u0103 Dare2B Fledged JR laserbl\/oxfb"},"content":{"rendered":"<\/p>\n<p data-reader-unique-id=\"2\"><strong data-reader-unique-id=\"3\">Dare2B Fledged JR &#8212;<\/strong>\u00a0geac\u0103 impermeabil\u0103 \u0219i respirabil\u0103, cu cus\u0103turi adezive \u0219i buzunare spa\u021bioase, practic\u0103 \u0219i stilat\u0103 pentru sezonul rece. Membrana rezistent\u0103 la v\u00e2nt \u0219i rezistent\u0103 la ap\u0103 ofer\u0103 o izolare termic\u0103 ridicat\u0103. Gluga de protec\u021bie \u0219i man\u0219etele elastice ofer\u0103 o protec\u021bie suplimentar\u0103 \u00eempotriva intemperiilor. Op\u021biune excelent\u0103 pentru p\u00e2rtiile de schi.<\/p>\n<h3 data-reader-unique-id=\"2\">Particularit\u0103\u021bi<\/h3>\n<ul data-reader-unique-id=\"4\">\n<li data-reader-unique-id=\"5\">Finisaj rezistent la ap\u0103;<\/li>\n<li data-reader-unique-id=\"5\">C\u0103ptu\u0219eal\u0103 din poliester;<\/li>\n<li data-reader-unique-id=\"5\">Glug\u0103 elastic\u0103;<\/li>\n<li data-reader-unique-id=\"5\">Dou\u0103 buzunare laterale cu fermoar;<\/li>\n<li data-reader-unique-id=\"5\">Man\u0219ete pe lipici;<\/li>\n<li data-reader-unique-id=\"5\">Reflectori pentru o vizibilitate mai bun\u0103;<\/li>\n<li data-reader-unique-id=\"5\">Fust\u0103 pentru z\u0103pad\u0103.<\/li>\n<\/ul>\n<h3 class=\"clear\" data-reader-unique-id=\"13\">Caracteristici<\/h3>\n<ul data-reader-unique-id=\"14\">\n<li data-reader-unique-id=\"15\">Material \u2014 poliester;<\/li>\n<li data-reader-unique-id=\"17\">Membran\u0103 \u2013 Ared 5000;<\/li>\n<li data-reader-unique-id=\"18\">Rezisten\u021b\u0103 la ap\u0103 \u2014 5 000 mm;<\/li>\n<li data-reader-unique-id=\"19\">Conductivitate aer \u2014 10 000 g\/m2\/24h<\/li>\n<li data-reader-unique-id=\"20\">Model \u2014 pentru copii.<\/li>\n<\/ul>\n<h3 class=\"clear\" data-reader-unique-id=\"21\">Tehnologie<\/h3>\n<ul data-reader-unique-id=\"22\">\n<li data-reader-unique-id=\"23\"><strong>Ared 5000 Strech Technology &#8212;\u00a0<\/strong>membran\u0103 de \u00eenalt\u0103 tehnologie cu propriet\u0103\u021bi rezistente la v\u00e2nt \u0219i respirabil care elimin\u0103 umezeala de pe suprafa\u021ba corpului, regl\u00e2nd astfel temperatura \u0219i protej\u00e2nd \u00eempotriva frigului. De asemenea, materialul este prelucrat cu un agent hidrofug, care asigur\u0103 c\u0103 apa curge de pe suprafa\u021ba produsului, protej\u00e2ndu-l de umiditate, ploaie \u0219i z\u0103pad\u0103.<\/li>\n<\/ul>\n<h3 class=\"clear\" data-reader-unique-id=\"27\">Marca<\/h3>\n<p data-reader-unique-id=\"28\">Marca englez\u0103 Dare2b este popular\u0103 \u00een \u00eentreaga lume \u0219i este specializat\u0103 \u00een produc\u021bia de \u00eembr\u0103c\u0103minte pentru snowboarderi profesioni\u0219ti, schiori, alpini\u0219ti.<\/p>\n<p data-reader-unique-id=\"29\">Produsele marca Dare2b se disting prin culori str\u0103lucitoare, bogate \u0219i design original, precum \u0219i prin caracterul practic, confortul \u0219i calitatea \u00eenalt\u0103 a produsului, astfel \u00eenc\u00e2t fiecare s\u0103 g\u0103seasc\u0103 ceva potrivit pentru sine. \u00centruc\u00e2t aceast\u0103 \u00eembr\u0103c\u0103minte este sportiv\u0103, speciali\u0219tii lucreaz\u0103 la ea de mult timp, g\u00e2ndindu-se din timp la tot felul de detalii, elemente. Designerii \u00eencearc\u0103 s\u0103 combine un stil unic, tendin\u021bele m\u0103rcii, cea mai recent\u0103 tehnologie, care desigur afecteaz\u0103 pre\u021bul \u0219i \u00eembun\u0103t\u0103\u021be\u0219te calitatea produsului. De exemplu, pentru c\u0103ptu\u0219eli sau izola\u021bie, se folose\u0219te un material special care v\u0103 permite s\u0103 nu \u00eenghe\u021ba\u021bi la temperaturi sc\u0103zute.<\/p>\n<p data-reader-unique-id=\"30\">Compania Dare2b \u2014 este un gigant de \u00eembr\u0103c\u0103minte pentru sporturi de iarn\u0103, cu un num\u0103r din ce \u00een ce mai mare de clien\u021bi. Acest lucru este posibil datorit\u0103 serviciilor rapide \u0219i de \u00eenalt\u0103 calitate, rezisten\u021bei lucrurilor, abord\u0103rii non-standard \u0219i unei game largi de echipamente sportive care pot satisface chiar \u0219i cel mai capricios client.<\/p>\n<p><\/p>","protected":false},"excerpt":{"rendered":"<p>Geac\u0103 Dare2B Fledged JR laserbl\/oxfb<\/p>","protected":false},"featured_media":10648,"comment_status":"open","ping_status":"closed","template":"","meta":{"_acf_changed":false,"inline_featured_image":false},"product_brand":[1318],"product_cat":[308],"product_tag":[],"class_list":{"0":"post-10650","1":"product","2":"type-product","3":"status-publish","4":"has-post-thumbnail","6":"product_brand-dare2b","7":"product_cat-kid-jackets","9":"first","10":"instock","11":"shipping-taxable","12":"purchasable","13":"product-type-simple"},"acf":[],"yoast_head":"<!-- This site is optimized with the Yoast SEO plugin v27.4 - https:\/\/yoast.com\/product\/yoast-seo-wordpress\/ -->\n<title>\u041a\u0443\u0440\u0442\u043a\u0430 Dare2B Fledged JR laserbl\/oxfb - \u041c\u0430\u0433\u0430\u0437\u0438\u043d Xstyle<\/title>\n<meta name=\"description\" content=\"\u041a\u0443\u0440\u0442\u043a\u0430 Dare2B Fledged JR - \u0438\u0434\u0435\u0430\u043b\u044c\u043d\u044b\u0439 \u0432\u044b\u0431\u043e\u0440 \u0434\u043b\u044f \u0445\u043e\u043b\u043e\u0434\u043d\u043e\u0433\u043e \u0441\u0435\u0437\u043e\u043d\u0430. \u0412\u043e\u0434\u043e\u043d\u0435\u043f\u0440\u043e\u043d\u0438\u0446\u0430\u0435\u043c\u0430\u044f, \u0434\u044b\u0448\u0430\u0449\u0430\u044f \u0438 \u0441\u0442\u0438\u043b\u044c\u043d\u0430\u044f, \u0437\u0430\u0449\u0438\u0442\u0438\u0442 \u043e\u0442 \u043d\u0435\u043f\u043e\u0433\u043e\u0434\u044b \u0438 \u0441\u043e\u0445\u0440\u0430\u043d\u0438\u0442 \u0442\u0435\u043f\u043b\u043e.\" \/>\n<meta name=\"robots\" content=\"index, follow, max-snippet:-1, max-image-preview:large, max-video-preview:-1\" \/>\n<link rel=\"canonical\" href=\"https:\/\/xstyle.md\/ro\/produs\/kurtka-detskaja-dare2b-fledged\/\" \/>\n<meta property=\"og:locale\" content=\"ro_RO\" \/>\n<meta property=\"og:type\" content=\"article\" \/>\n<meta property=\"og:title\" content=\"\u041a\u0443\u0440\u0442\u043a\u0430 Dare2B Fledged JR laserbl\/oxfb - \u041c\u0430\u0433\u0430\u0437\u0438\u043d Xstyle\" \/>\n<meta property=\"og:description\" content=\"\u041a\u0443\u0440\u0442\u043a\u0430 Dare2B Fledged JR - \u0438\u0434\u0435\u0430\u043b\u044c\u043d\u044b\u0439 \u0432\u044b\u0431\u043e\u0440 \u0434\u043b\u044f \u0445\u043e\u043b\u043e\u0434\u043d\u043e\u0433\u043e \u0441\u0435\u0437\u043e\u043d\u0430. \u0412\u043e\u0434\u043e\u043d\u0435\u043f\u0440\u043e\u043d\u0438\u0446\u0430\u0435\u043c\u0430\u044f, \u0434\u044b\u0448\u0430\u0449\u0430\u044f \u0438 \u0441\u0442\u0438\u043b\u044c\u043d\u0430\u044f, \u0437\u0430\u0449\u0438\u0442\u0438\u0442 \u043e\u0442 \u043d\u0435\u043f\u043e\u0433\u043e\u0434\u044b \u0438 \u0441\u043e\u0445\u0440\u0430\u043d\u0438\u0442 \u0442\u0435\u043f\u043b\u043e.\" \/>\n<meta property=\"og:url\" content=\"https:\/\/xstyle.md\/ro\/produs\/kurtka-detskaja-dare2b-fledged\/\" \/>\n<meta property=\"og:site_name\" content=\"\u041c\u0430\u0433\u0430\u0437\u0438\u043d Xstyle\" \/>\n<meta property=\"article:publisher\" content=\"https:\/\/www.facebook.com\/xstylemd\" \/>\n<meta property=\"article:modified_time\" content=\"2026-03-19T13:35:05+00:00\" \/>\n<meta property=\"og:image\" content=\"https:\/\/xstyle.md\/wp-content\/uploads\/2020\/07\/dare2b-fledged_1.jpg\" \/>\n\t<meta property=\"og:image:width\" content=\"587\" \/>\n\t<meta property=\"og:image:height\" content=\"920\" \/>\n\t<meta property=\"og:image:type\" content=\"image\/jpeg\" \/>\n<meta name=\"twitter:card\" content=\"summary_large_image\" \/>\n<meta name=\"twitter:label1\" content=\"Pre\u021b\" \/>\n\t<meta name=\"twitter:data1\" content=\"1.790&nbsp;MDL\" \/>\n\t<meta name=\"twitter:label2\" content=\"Disponibilitate\" \/>\n\t<meta name=\"twitter:data2\" content=\"\u00cen stoc\" \/>\n<script type=\"application\/ld+json\" class=\"yoast-schema-graph\">{\"@context\":\"https:\\\/\\\/schema.org\",\"@graph\":[{\"@type\":\"WebPage\",\"@id\":\"https:\\\/\\\/xstyle.md\\\/product\\\/kurtka-detskaja-dare2b-fledged\\\/\",\"url\":\"https:\\\/\\\/xstyle.md\\\/product\\\/kurtka-detskaja-dare2b-fledged\\\/\",\"name\":\"\u041a\u0443\u0440\u0442\u043a\u0430 Dare2B Fledged JR laserbl\\\/oxfb - \u041c\u0430\u0433\u0430\u0437\u0438\u043d Xstyle\",\"isPartOf\":{\"@id\":\"https:\\\/\\\/xstyle.md\\\/#website\"},\"primaryImageOfPage\":{\"@id\":\"https:\\\/\\\/xstyle.md\\\/product\\\/kurtka-detskaja-dare2b-fledged\\\/#primaryimage\"},\"image\":{\"@id\":\"https:\\\/\\\/xstyle.md\\\/product\\\/kurtka-detskaja-dare2b-fledged\\\/#primaryimage\"},\"thumbnailUrl\":\"https:\\\/\\\/xstyle.md\\\/wp-content\\\/uploads\\\/2020\\\/07\\\/dare2b-fledged_1.jpg\",\"datePublished\":\"2020-07-17T07:34:28+00:00\",\"dateModified\":\"2026-03-19T13:35:05+00:00\",\"description\":\"\u041a\u0443\u0440\u0442\u043a\u0430 Dare2B Fledged JR - \u0438\u0434\u0435\u0430\u043b\u044c\u043d\u044b\u0439 \u0432\u044b\u0431\u043e\u0440 \u0434\u043b\u044f \u0445\u043e\u043b\u043e\u0434\u043d\u043e\u0433\u043e \u0441\u0435\u0437\u043e\u043d\u0430. \u0412\u043e\u0434\u043e\u043d\u0435\u043f\u0440\u043e\u043d\u0438\u0446\u0430\u0435\u043c\u0430\u044f, \u0434\u044b\u0448\u0430\u0449\u0430\u044f \u0438 \u0441\u0442\u0438\u043b\u044c\u043d\u0430\u044f, \u0437\u0430\u0449\u0438\u0442\u0438\u0442 \u043e\u0442 \u043d\u0435\u043f\u043e\u0433\u043e\u0434\u044b \u0438 \u0441\u043e\u0445\u0440\u0430\u043d\u0438\u0442 \u0442\u0435\u043f\u043b\u043e.\",\"breadcrumb\":{\"@id\":\"https:\\\/\\\/xstyle.md\\\/product\\\/kurtka-detskaja-dare2b-fledged\\\/#breadcrumb\"},\"inLanguage\":\"ro-RO\",\"potentialAction\":[{\"@type\":\"ReadAction\",\"target\":[\"https:\\\/\\\/xstyle.md\\\/product\\\/kurtka-detskaja-dare2b-fledged\\\/\"]}]},{\"@type\":\"ImageObject\",\"inLanguage\":\"ro-RO\",\"@id\":\"https:\\\/\\\/xstyle.md\\\/product\\\/kurtka-detskaja-dare2b-fledged\\\/#primaryimage\",\"url\":\"https:\\\/\\\/xstyle.md\\\/wp-content\\\/uploads\\\/2020\\\/07\\\/dare2b-fledged_1.jpg\",\"contentUrl\":\"https:\\\/\\\/xstyle.md\\\/wp-content\\\/uploads\\\/2020\\\/07\\\/dare2b-fledged_1.jpg\",\"width\":587,\"height\":920},{\"@type\":\"BreadcrumbList\",\"@id\":\"https:\\\/\\\/xstyle.md\\\/product\\\/kurtka-detskaja-dare2b-fledged\\\/#breadcrumb\",\"itemListElement\":[{\"@type\":\"ListItem\",\"position\":1,\"name\":\"\u0413\u043b\u0430\u0432\u043d\u0430\u044f \u0441\u0442\u0440\u0430\u043d\u0438\u0446\u0430\",\"item\":\"https:\\\/\\\/xstyle.md\\\/\"},{\"@type\":\"ListItem\",\"position\":2,\"name\":\"\u041c\u0430\u0433\u0430\u0437\u0438\u043d\",\"item\":\"https:\\\/\\\/xstyle.md\\\/shop\\\/\"},{\"@type\":\"ListItem\",\"position\":3,\"name\":\"\u041a\u0443\u0440\u0442\u043a\u0430 Dare2B Fledged JR laserbl\\\/oxfb\"}]},{\"@type\":\"WebSite\",\"@id\":\"https:\\\/\\\/xstyle.md\\\/#website\",\"url\":\"https:\\\/\\\/xstyle.md\\\/\",\"name\":\"\u041c\u0430\u0433\u0430\u0437\u0438\u043d Xstyle\",\"description\":\"C\u043d\u0430\u0440\u044f\u0436\u0435\u043d\u0438\u0435 \u0434\u043b\u044f \u0442\u0443\u0440\u0438\u0437\u043c\u0430 \u0438 \u044d\u043a\u0441\u0442\u0440\u0435\u043c\u0430\u043b\u044c\u043d\u044b\u0445 \u0432\u0438\u0434\u043e\u0432 \u0441\u043f\u043e\u0440\u0442\u0430 \u0432 \u041c\u043e\u043b\u0434\u043e\u0432\u0435.. \u0426\u0435\u043d\u044b, \u0444\u043e\u0442\u043e, \u0445\u0430\u0440\u0430\u043a\u0442\u0435\u0440\u0438\u0441\u0442\u0438\u043a\u0438 \u0432 \u041c\u043e\u043b\u0434\u043e\u0432\u0435.\",\"publisher\":{\"@id\":\"https:\\\/\\\/xstyle.md\\\/#organization\"},\"alternateName\":\"X-Style\",\"potentialAction\":[{\"@type\":\"SearchAction\",\"target\":{\"@type\":\"EntryPoint\",\"urlTemplate\":\"https:\\\/\\\/xstyle.md\\\/?s={search_term_string}\"},\"query-input\":{\"@type\":\"PropertyValueSpecification\",\"valueRequired\":true,\"valueName\":\"search_term_string\"}}],\"inLanguage\":\"ro-RO\"},{\"@type\":\"Organization\",\"@id\":\"https:\\\/\\\/xstyle.md\\\/#organization\",\"name\":\"\u041c\u0430\u0433\u0430\u0437\u0438\u043d Xstyle\",\"alternateName\":\"x-style\",\"url\":\"https:\\\/\\\/xstyle.md\\\/\",\"logo\":{\"@type\":\"ImageObject\",\"inLanguage\":\"ro-RO\",\"@id\":\"https:\\\/\\\/xstyle.md\\\/#\\\/schema\\\/logo\\\/image\\\/\",\"url\":\"https:\\\/\\\/xstyle.md\\\/wp-content\\\/uploads\\\/2020\\\/06\\\/logoicon.svg\",\"contentUrl\":\"https:\\\/\\\/xstyle.md\\\/wp-content\\\/uploads\\\/2020\\\/06\\\/logoicon.svg\",\"caption\":\"\u041c\u0430\u0433\u0430\u0437\u0438\u043d Xstyle\"},\"image\":{\"@id\":\"https:\\\/\\\/xstyle.md\\\/#\\\/schema\\\/logo\\\/image\\\/\"},\"sameAs\":[\"https:\\\/\\\/www.facebook.com\\\/xstylemd\",\"https:\\\/\\\/www.instagram.com\\\/xstyle_md\\\/\",\"https:\\\/\\\/t.me\\\/xstyle_outdoor\"],\"hasMerchantReturnPolicy\":{\"@type\":\"MerchantReturnPolicy\",\"merchantReturnLink\":\"https:\\\/\\\/xstyle.md\\\/ro\\\/conditions\\\/\"}}]}<\/script>\n<meta property=\"product:price:amount\" content=\"1790.00\" \/>\n<meta property=\"product:price:currency\" content=\"MDL\" \/>\n<meta property=\"og:availability\" content=\"instock\" \/>\n<meta property=\"product:availability\" content=\"instock\" \/>\n<meta property=\"product:retailer_item_id\" content=\"5051522627560\" \/>\n<meta property=\"product:condition\" content=\"new\" \/>\n<!-- \/ Yoast SEO plugin. -->","yoast_head_json":{"title":"Geac\u0103 Dare2B Fledged JR laserbl\/oxfb - Magazin Xstyle","description":"Jacketa Dare2B Fledged JR - alegerea perfect\u0103 pentru sezonul rece. Este impermeabil\u0103, respirabil\u0103 \u0219i elegant\u0103, protej\u00e2ndu-te de intemperii \u0219i p\u0103str\u00e2nd c\u0103ldura.","robots":{"index":"index","follow":"follow","max-snippet":"max-snippet:-1","max-image-preview":"max-image-preview:large","max-video-preview":"max-video-preview:-1"},"canonical":"https:\/\/xstyle.md\/ro\/produs\/kurtka-detskaja-dare2b-fledged\/","og_locale":"ro_RO","og_type":"article","og_title":"\u041a\u0443\u0440\u0442\u043a\u0430 Dare2B Fledged JR laserbl\/oxfb - \u041c\u0430\u0433\u0430\u0437\u0438\u043d Xstyle","og_description":"\u041a\u0443\u0440\u0442\u043a\u0430 Dare2B Fledged JR - \u0438\u0434\u0435\u0430\u043b\u044c\u043d\u044b\u0439 \u0432\u044b\u0431\u043e\u0440 \u0434\u043b\u044f \u0445\u043e\u043b\u043e\u0434\u043d\u043e\u0433\u043e \u0441\u0435\u0437\u043e\u043d\u0430. \u0412\u043e\u0434\u043e\u043d\u0435\u043f\u0440\u043e\u043d\u0438\u0446\u0430\u0435\u043c\u0430\u044f, \u0434\u044b\u0448\u0430\u0449\u0430\u044f \u0438 \u0441\u0442\u0438\u043b\u044c\u043d\u0430\u044f, \u0437\u0430\u0449\u0438\u0442\u0438\u0442 \u043e\u0442 \u043d\u0435\u043f\u043e\u0433\u043e\u0434\u044b \u0438 \u0441\u043e\u0445\u0440\u0430\u043d\u0438\u0442 \u0442\u0435\u043f\u043b\u043e.","og_url":"https:\/\/xstyle.md\/ro\/produs\/kurtka-detskaja-dare2b-fledged\/","og_site_name":"\u041c\u0430\u0433\u0430\u0437\u0438\u043d Xstyle","article_publisher":"https:\/\/www.facebook.com\/xstylemd","article_modified_time":"2026-03-19T13:35:05+00:00","og_image":[{"width":587,"height":920,"url":"https:\/\/xstyle.md\/wp-content\/uploads\/2020\/07\/dare2b-fledged_1.jpg","type":"image\/jpeg"}],"twitter_card":"summary_large_image","twitter_misc":{"Pre\u021b":"1.790&nbsp;MDL","Disponibilitate":"\u00cen stoc"},"schema":{"@context":"https:\/\/schema.org","@graph":[{"@type":"WebPage","@id":"https:\/\/xstyle.md\/product\/kurtka-detskaja-dare2b-fledged\/","url":"https:\/\/xstyle.md\/product\/kurtka-detskaja-dare2b-fledged\/","name":"Geac\u0103 Dare2B Fledged JR laserbl\/oxfb - Magazin Xstyle","isPartOf":{"@id":"https:\/\/xstyle.md\/#website"},"primaryImageOfPage":{"@id":"https:\/\/xstyle.md\/product\/kurtka-detskaja-dare2b-fledged\/#primaryimage"},"image":{"@id":"https:\/\/xstyle.md\/product\/kurtka-detskaja-dare2b-fledged\/#primaryimage"},"thumbnailUrl":"https:\/\/xstyle.md\/wp-content\/uploads\/2020\/07\/dare2b-fledged_1.jpg","datePublished":"2020-07-17T07:34:28+00:00","dateModified":"2026-03-19T13:35:05+00:00","description":"Jacketa Dare2B Fledged JR - alegerea perfect\u0103 pentru sezonul rece. Este impermeabil\u0103, respirabil\u0103 \u0219i elegant\u0103, protej\u00e2ndu-te de intemperii \u0219i p\u0103str\u00e2nd c\u0103ldura.","breadcrumb":{"@id":"https:\/\/xstyle.md\/product\/kurtka-detskaja-dare2b-fledged\/#breadcrumb"},"inLanguage":"ro-RO","potentialAction":[{"@type":"ReadAction","target":["https:\/\/xstyle.md\/product\/kurtka-detskaja-dare2b-fledged\/"]}]},{"@type":"ImageObject","inLanguage":"ro-RO","@id":"https:\/\/xstyle.md\/product\/kurtka-detskaja-dare2b-fledged\/#primaryimage","url":"https:\/\/xstyle.md\/wp-content\/uploads\/2020\/07\/dare2b-fledged_1.jpg","contentUrl":"https:\/\/xstyle.md\/wp-content\/uploads\/2020\/07\/dare2b-fledged_1.jpg","width":587,"height":920},{"@type":"BreadcrumbList","@id":"https:\/\/xstyle.md\/product\/kurtka-detskaja-dare2b-fledged\/#breadcrumb","itemListElement":[{"@type":"ListItem","position":1,"name":"\u0413\u043b\u0430\u0432\u043d\u0430\u044f \u0441\u0442\u0440\u0430\u043d\u0438\u0446\u0430","item":"https:\/\/xstyle.md\/"},{"@type":"ListItem","position":2,"name":"\u041c\u0430\u0433\u0430\u0437\u0438\u043d","item":"https:\/\/xstyle.md\/shop\/"},{"@type":"ListItem","position":3,"name":"\u041a\u0443\u0440\u0442\u043a\u0430 Dare2B Fledged JR laserbl\/oxfb"}]},{"@type":"WebSite","@id":"https:\/\/xstyle.md\/#website","url":"https:\/\/xstyle.md\/","name":"Magazinul X-Style","description":"Echipamente pentru turism \u0219i sporturi extreme \u00een Moldova. Pre\u021buri, fotografii, caracteristici \u00een Moldova.","publisher":{"@id":"https:\/\/xstyle.md\/#organization"},"alternateName":"X-Style","potentialAction":[{"@type":"SearchAction","target":{"@type":"EntryPoint","urlTemplate":"https:\/\/xstyle.md\/?s={search_term_string}"},"query-input":{"@type":"PropertyValueSpecification","valueRequired":true,"valueName":"search_term_string"}}],"inLanguage":"ro-RO"},{"@type":"Organization","@id":"https:\/\/xstyle.md\/#organization","name":"Magazinul X-Style","alternateName":"x-style","url":"https:\/\/xstyle.md\/","logo":{"@type":"ImageObject","inLanguage":"ro-RO","@id":"https:\/\/xstyle.md\/#\/schema\/logo\/image\/","url":"https:\/\/xstyle.md\/wp-content\/uploads\/2020\/06\/logoicon.svg","contentUrl":"https:\/\/xstyle.md\/wp-content\/uploads\/2020\/06\/logoicon.svg","caption":"\u041c\u0430\u0433\u0430\u0437\u0438\u043d Xstyle"},"image":{"@id":"https:\/\/xstyle.md\/#\/schema\/logo\/image\/"},"sameAs":["https:\/\/www.facebook.com\/xstylemd","https:\/\/www.instagram.com\/xstyle_md\/","https:\/\/t.me\/xstyle_outdoor"],"hasMerchantReturnPolicy":{"@type":"MerchantReturnPolicy","merchantReturnLink":"https:\/\/xstyle.md\/ro\/conditions\/"}}]},"product_price_amount":"1790.00","product_price_currency":"MDL","og_availability":"instock","product_availability":"instock","product_retailer_item_id":"5051522627560","product_condition":"new"},"_links":{"self":[{"href":"https:\/\/xstyle.md\/ro\/wp-json\/wp\/v2\/product\/10650","targetHints":{"allow":["GET"]}}],"collection":[{"href":"https:\/\/xstyle.md\/ro\/wp-json\/wp\/v2\/product"}],"about":[{"href":"https:\/\/xstyle.md\/ro\/wp-json\/wp\/v2\/types\/product"}],"replies":[{"embeddable":true,"href":"https:\/\/xstyle.md\/ro\/wp-json\/wp\/v2\/comments?post=10650"}],"wp:featuredmedia":[{"embeddable":true,"href":"https:\/\/xstyle.md\/ro\/wp-json\/wp\/v2\/media\/10648"}],"wp:attachment":[{"href":"https:\/\/xstyle.md\/ro\/wp-json\/wp\/v2\/media?parent=10650"}],"wp:term":[{"taxonomy":"product_brand","embeddable":true,"href":"https:\/\/xstyle.md\/ro\/wp-json\/wp\/v2\/product_brand?post=10650"},{"taxonomy":"product_cat","embeddable":true,"href":"https:\/\/xstyle.md\/ro\/wp-json\/wp\/v2\/product_cat?post=10650"},{"taxonomy":"product_tag","embeddable":true,"href":"https:\/\/xstyle.md\/ro\/wp-json\/wp\/v2\/product_tag?post=10650"}],"curies":[{"name":"wp","href":"https:\/\/api.w.org\/{rel}","templated":true}]}}