{"id":106190,"date":"2026-04-23T17:03:28","date_gmt":"2026-04-23T14:03:28","guid":{"rendered":"https:\/\/xstyle.md\/?post_type=product&#038;p=106190"},"modified":"2026-04-24T17:04:07","modified_gmt":"2026-04-24T14:04:07","slug":"emkost-dlya-vody-hydrapak-seeker-2l-grey","status":"publish","type":"product","link":"https:\/\/xstyle.md\/ro\/produs\/emkost-dlya-vody-hydrapak-seeker-2l-grey\/","title":{"rendered":"Rezervor de ap\u0103 HydraPak Seeker 2L grey"},"content":{"rendered":"<\/p>\n<p><strong>HydraPak Seeker 2L<\/strong> &#8212; este un bidon moale ultra-u\u0219or \u0219i durabil, conceput pentru depozitarea \u0219i transportul apei \u00een drume\u021bii \u0219i expedi\u021bii. Datorit\u0103 flexibilit\u0103\u021bii sale, recipientul gol se ruleaz\u0103 la dimensiunea unui pumn, ocup\u00e2nd un spa\u021biu minim \u00een rucsac. Versiunea actualizat\u0103 este dotat\u0103 cu un m\u00e2ner ranforsat pentru o turnare u\u0219oar\u0103 \u0219i puncte de fixare laterale, permi\u021b\u00e2nd suspendarea bidonului de rucsac sau utilizarea acestuia ca sistem de filtrare prin gravita\u021bie.<\/p>\n<h3>Particularit\u0103\u021bi<\/h3>\n<ul>\n<li>Compactitate \u2014 c\u00e2nd este gol, bidonul se ruleaz\u0103 \u0219i se depoziteaz\u0103 \u00een husa inclus\u0103 pentru o economisire maxim\u0103 de spa\u021biu<\/li>\n<li>M\u00e2ner ranforsat \u2014 m\u00e2nerul cu profil redus \u0219i rezistent la uzur\u0103 asigur\u0103 o prindere sigur\u0103 \u00een timpul turn\u0103rii apei \u0219i al transportului<\/li>\n<li>Compatibilitate cu filtre \u2014 g\u00e2tul standard de 42 mm permite \u00een\u0219urubarea direct\u0103 a filtrelor, cum ar fi Katadyn BeFree sau HydraPak 42mm Filter Cap<\/li>\n<li>Puncte de fixare \u2014 dou\u0103 bucle laterale permit fixarea sigur\u0103 a bidonului pe exteriorul rucsacului sau utilizarea acestuia pentru a organiza un du\u0219 de campanie<\/li>\n<li>Materiale durabile \u2014 fabricat din poliuretan termoplastic (TPU) rezistent la abraziune, cu cus\u0103turi sudate prin RF pentru durabilitate \u0219i elasticitate maxime<\/li>\n<li>Versatilitate \u2014 bidonul poate fi \u00eenghe\u021bat sau umplut cu ap\u0103 cald\u0103 (p\u00e2n\u0103 la 60\u00b0C), iar scala gradat\u0103 extern\u0103 ajut\u0103 la monitorizarea consumului de ap\u0103<\/li>\n<\/ul>\n<h3>Caracteristici<\/h3>\n<ul>\n<li>Volum \u2014 2.0 l<\/li>\n<li>Greutate \u2014 76 g<\/li>\n<li>Dimensiuni \u2014 320 x 130 mm<\/li>\n<li>Material \u2014 tpu, pp, nailon<\/li>\n<li>Diametru g\u00e2t \u2014 42 mm<\/li>\n<\/ul>\n<p><\/p>\n<h3>Marca<\/h3>\n<p>HydraPak \u2014 \u0430\u043c\u0435\u0440\u0438\u043a\u0430\u043d\u0441\u043a\u0438\u0439 \u0438\u043d\u043d\u043e\u0432\u0430\u0442\u043e\u0440 \u0432 \u043e\u0431\u043b\u0430\u0441\u0442\u0438 \u0441\u0438\u0441\u0442\u0435\u043c \u0433\u0438\u0434\u0440\u0430\u0442\u0430\u0446\u0438\u0438, \u043a\u043e\u0442\u043e\u0440\u044b\u0439 \u0443\u0436\u0435 \u0431\u043e\u043b\u0435\u0435 20 \u043b\u0435\u0442 \u0437\u0430\u0434\u0430\u0435\u0442 \u0441\u0442\u0430\u043d\u0434\u0430\u0440\u0442\u044b \u043a\u0430\u0447\u0435\u0441\u0442\u0432\u0430 \u0434\u043b\u044f \u0430\u0442\u043b\u0435\u0442\u043e\u0432 \u0438 \u043f\u0443\u0442\u0435\u0448\u0435\u0441\u0442\u0432\u0435\u043d\u043d\u0438\u043a\u043e\u0432. \u0411\u0440\u0435\u043d\u0434 \u0438\u0437\u0432\u0435\u0441\u0442\u0435\u043d \u0441\u0432\u043e\u0438\u043c\u0438 \u0441\u0432\u0435\u0440\u0445\u043f\u0440\u043e\u0447\u043d\u044b\u043c\u0438 \u0438 \u043b\u0435\u0433\u043a\u0438\u043c\u0438 \u043c\u0430\u0442\u0435\u0440\u0438\u0430\u043b\u0430\u043c\u0438, \u043a\u043e\u0442\u043e\u0440\u044b\u0435 \u0432\u044b\u0434\u0435\u0440\u0436\u0438\u0432\u0430\u044e\u0442 \u0441\u0430\u043c\u044b\u0435 \u044d\u043a\u0441\u0442\u0440\u0435\u043c\u0430\u043b\u044c\u043d\u044b\u0435 \u043d\u0430\u0433\u0440\u0443\u0437\u043a\u0438. \u0412\u044b\u0431\u0438\u0440\u0430\u044f HydraPak, \u043f\u043e\u043b\u044c\u0437\u043e\u0432\u0430\u0442\u0435\u043b\u0438 \u043f\u043e\u043b\u0443\u0447\u0430\u044e\u0442 \u043d\u0430\u0434\u0435\u0436\u043d\u044b\u0435 \u0440\u0435\u0448\u0435\u043d\u0438\u044f, \u043a\u043e\u0442\u043e\u0440\u044b\u0435 \u044d\u043a\u043e\u043d\u043e\u043c\u044f\u0442 \u043c\u0435\u0441\u0442\u043e \u0432 \u0440\u044e\u043a\u0437\u0430\u043a\u0435 \u0438 \u043e\u0431\u0435\u0441\u043f\u0435\u0447\u0438\u0432\u0430\u044e\u0442 \u0431\u0435\u0441\u043f\u0435\u0440\u0435\u0431\u043e\u0439\u043d\u044b\u0439 \u0434\u043e\u0441\u0442\u0443\u043f \u043a \u0432\u043e\u0434\u0435 \u0432 \u043b\u044e\u0431\u044b\u0445 \u0443\u0441\u043b\u043e\u0432\u0438\u044f\u0445.<\/p>","protected":false},"excerpt":{"rendered":"<p>\u0411\u0440\u0435\u043d\u0434 HydraPak \u2014 \u0430\u043c\u0435\u0440\u0438\u043a\u0430\u043d\u0441\u043a\u0438\u0439 \u0438\u043d\u043d\u043e\u0432\u0430\u0442\u043e\u0440 \u0432 \u043e\u0431\u043b\u0430\u0441\u0442\u0438 \u0441\u0438\u0441\u0442\u0435\u043c \u0433\u0438\u0434\u0440\u0430\u0442\u0430\u0446\u0438\u0438, \u043a\u043e\u0442\u043e\u0440\u044b\u0439 \u0443\u0436\u0435 \u0431\u043e\u043b\u0435\u0435 20 \u043b\u0435\u0442 \u0437\u0430\u0434\u0430\u0435\u0442 \u0441\u0442\u0430\u043d\u0434\u0430\u0440\u0442\u044b \u043a\u0430\u0447\u0435\u0441\u0442\u0432\u0430 \u0434\u043b\u044f \u0430\u0442\u043b\u0435\u0442\u043e\u0432 \u0438 \u043f\u0443\u0442\u0435\u0448\u0435\u0441\u0442\u0432\u0435\u043d\u043d\u0438\u043a\u043e\u0432. \u0411\u0440\u0435\u043d\u0434 \u0438\u0437\u0432\u0435\u0441\u0442\u0435\u043d \u0441\u0432\u043e\u0438\u043c\u0438 \u0441\u0432\u0435\u0440\u0445\u043f\u0440\u043e\u0447\u043d\u044b\u043c\u0438 \u0438 \u043b\u0435\u0433\u043a\u0438\u043c\u0438 \u043c\u0430\u0442\u0435\u0440\u0438\u0430\u043b\u0430\u043c\u0438, \u043a\u043e\u0442\u043e\u0440\u044b\u0435 \u0432\u044b\u0434\u0435\u0440\u0436\u0438\u0432\u0430\u044e\u0442 \u0441\u0430\u043c\u044b\u0435 \u044d\u043a\u0441\u0442\u0440\u0435\u043c\u0430\u043b\u044c\u043d\u044b\u0435 \u043d\u0430\u0433\u0440\u0443\u0437\u043a\u0438. \u0412\u044b\u0431\u0438\u0440\u0430\u044f HydraPak, \u043f\u043e\u043b\u044c\u0437\u043e\u0432\u0430\u0442\u0435\u043b\u0438 \u043f\u043e\u043b\u0443\u0447\u0430\u044e\u0442 \u043d\u0430\u0434\u0435\u0436\u043d\u044b\u0435 \u0440\u0435\u0448\u0435\u043d\u0438\u044f, \u043a\u043e\u0442\u043e\u0440\u044b\u0435 \u044d\u043a\u043e\u043d\u043e\u043c\u044f\u0442 \u043c\u0435\u0441\u0442\u043e \u0432 \u0440\u044e\u043a\u0437\u0430\u043a\u0435 \u0438 \u043e\u0431\u0435\u0441\u043f\u0435\u0447\u0438\u0432\u0430\u044e\u0442 \u0431\u0435\u0441\u043f\u0435\u0440\u0435\u0431\u043e\u0439\u043d\u044b\u0439 \u0434\u043e\u0441\u0442\u0443\u043f \u043a \u0432\u043e\u0434\u0435 \u0432 \u043b\u044e\u0431\u044b\u0445 \u0443\u0441\u043b\u043e\u0432\u0438\u044f\u0445.<\/p>","protected":false},"featured_media":106307,"comment_status":"open","ping_status":"closed","template":"","meta":{"_acf_changed":false,"inline_featured_image":false},"product_brand":[1479],"product_cat":[885],"product_tag":[],"class_list":{"0":"post-106190","1":"product","2":"type-product","3":"status-publish","4":"has-post-thumbnail","6":"product_brand-hydrapak","7":"product_cat-bottle","9":"first","10":"instock","11":"shipping-taxable","12":"purchasable","13":"product-type-simple"},"acf":[],"yoast_head":"<!-- This site is optimized with the Yoast SEO plugin v27.4 - https:\/\/yoast.com\/product\/yoast-seo-wordpress\/ -->\n<title>\u0415\u043c\u043a\u043e\u0441\u0442\u044c \u0434\u043b\u044f \u0432\u043e\u0434\u044b HydraPak Seeker 2L grey - \u041c\u0430\u0433\u0430\u0437\u0438\u043d Xstyle<\/title>\n<meta name=\"robots\" content=\"index, follow, max-snippet:-1, max-image-preview:large, max-video-preview:-1\" \/>\n<link rel=\"canonical\" href=\"https:\/\/xstyle.md\/ro\/produs\/emkost-dlya-vody-hydrapak-seeker-2l-grey\/\" \/>\n<meta property=\"og:locale\" content=\"ro_RO\" \/>\n<meta property=\"og:type\" content=\"article\" \/>\n<meta property=\"og:title\" content=\"\u0415\u043c\u043a\u043e\u0441\u0442\u044c \u0434\u043b\u044f \u0432\u043e\u0434\u044b HydraPak Seeker 2L grey - \u041c\u0430\u0433\u0430\u0437\u0438\u043d Xstyle\" \/>\n<meta property=\"og:description\" content=\"\u0411\u0440\u0435\u043d\u0434 HydraPak \u2014 \u0430\u043c\u0435\u0440\u0438\u043a\u0430\u043d\u0441\u043a\u0438\u0439 \u0438\u043d\u043d\u043e\u0432\u0430\u0442\u043e\u0440 \u0432 \u043e\u0431\u043b\u0430\u0441\u0442\u0438 \u0441\u0438\u0441\u0442\u0435\u043c \u0433\u0438\u0434\u0440\u0430\u0442\u0430\u0446\u0438\u0438, \u043a\u043e\u0442\u043e\u0440\u044b\u0439 \u0443\u0436\u0435 \u0431\u043e\u043b\u0435\u0435 20 \u043b\u0435\u0442 \u0437\u0430\u0434\u0430\u0435\u0442 \u0441\u0442\u0430\u043d\u0434\u0430\u0440\u0442\u044b \u043a\u0430\u0447\u0435\u0441\u0442\u0432\u0430 \u0434\u043b\u044f \u0430\u0442\u043b\u0435\u0442\u043e\u0432 \u0438 \u043f\u0443\u0442\u0435\u0448\u0435\u0441\u0442\u0432\u0435\u043d\u043d\u0438\u043a\u043e\u0432. \u0411\u0440\u0435\u043d\u0434 \u0438\u0437\u0432\u0435\u0441\u0442\u0435\u043d \u0441\u0432\u043e\u0438\u043c\u0438 \u0441\u0432\u0435\u0440\u0445\u043f\u0440\u043e\u0447\u043d\u044b\u043c\u0438 \u0438 \u043b\u0435\u0433\u043a\u0438\u043c\u0438 \u043c\u0430\u0442\u0435\u0440\u0438\u0430\u043b\u0430\u043c\u0438, \u043a\u043e\u0442\u043e\u0440\u044b\u0435 \u0432\u044b\u0434\u0435\u0440\u0436\u0438\u0432\u0430\u044e\u0442 \u0441\u0430\u043c\u044b\u0435 \u044d\u043a\u0441\u0442\u0440\u0435\u043c\u0430\u043b\u044c\u043d\u044b\u0435 \u043d\u0430\u0433\u0440\u0443\u0437\u043a\u0438. \u0412\u044b\u0431\u0438\u0440\u0430\u044f HydraPak, \u043f\u043e\u043b\u044c\u0437\u043e\u0432\u0430\u0442\u0435\u043b\u0438 \u043f\u043e\u043b\u0443\u0447\u0430\u044e\u0442 \u043d\u0430\u0434\u0435\u0436\u043d\u044b\u0435 \u0440\u0435\u0448\u0435\u043d\u0438\u044f, \u043a\u043e\u0442\u043e\u0440\u044b\u0435 \u044d\u043a\u043e\u043d\u043e\u043c\u044f\u0442 \u043c\u0435\u0441\u0442\u043e \u0432 \u0440\u044e\u043a\u0437\u0430\u043a\u0435 \u0438 \u043e\u0431\u0435\u0441\u043f\u0435\u0447\u0438\u0432\u0430\u044e\u0442 \u0431\u0435\u0441\u043f\u0435\u0440\u0435\u0431\u043e\u0439\u043d\u044b\u0439 \u0434\u043e\u0441\u0442\u0443\u043f \u043a \u0432\u043e\u0434\u0435 \u0432 \u043b\u044e\u0431\u044b\u0445 \u0443\u0441\u043b\u043e\u0432\u0438\u044f\u0445.\" \/>\n<meta property=\"og:url\" content=\"https:\/\/xstyle.md\/ro\/produs\/emkost-dlya-vody-hydrapak-seeker-2l-grey\/\" \/>\n<meta property=\"og:site_name\" content=\"\u041c\u0430\u0433\u0430\u0437\u0438\u043d Xstyle\" \/>\n<meta property=\"article:publisher\" content=\"https:\/\/www.facebook.com\/xstylemd\" \/>\n<meta property=\"article:modified_time\" content=\"2026-04-24T14:04:07+00:00\" \/>\n<meta property=\"og:image\" content=\"https:\/\/xstyle.md\/wp-content\/uploads\/2026\/04\/hydrapak-seeker-2l-grey-1.webp\" \/>\n\t<meta property=\"og:image:width\" content=\"1200\" \/>\n\t<meta property=\"og:image:height\" content=\"1200\" \/>\n\t<meta property=\"og:image:type\" content=\"image\/webp\" \/>\n<meta name=\"twitter:card\" content=\"summary_large_image\" \/>\n<meta name=\"twitter:label1\" content=\"Pre\u021b\" \/>\n\t<meta name=\"twitter:data1\" content=\"540&nbsp;MDL\" \/>\n\t<meta name=\"twitter:label2\" content=\"Disponibilitate\" \/>\n\t<meta name=\"twitter:data2\" content=\"\u00cen stoc\" \/>\n<script type=\"application\/ld+json\" class=\"yoast-schema-graph\">{\"@context\":\"https:\\\/\\\/schema.org\",\"@graph\":[{\"@type\":\"WebPage\",\"@id\":\"https:\\\/\\\/xstyle.md\\\/product\\\/emkost-dlya-vody-hydrapak-seeker-2l-grey\\\/\",\"url\":\"https:\\\/\\\/xstyle.md\\\/product\\\/emkost-dlya-vody-hydrapak-seeker-2l-grey\\\/\",\"name\":\"\u0415\u043c\u043a\u043e\u0441\u0442\u044c \u0434\u043b\u044f \u0432\u043e\u0434\u044b HydraPak Seeker 2L grey - \u041c\u0430\u0433\u0430\u0437\u0438\u043d Xstyle\",\"isPartOf\":{\"@id\":\"https:\\\/\\\/xstyle.md\\\/#website\"},\"primaryImageOfPage\":{\"@id\":\"https:\\\/\\\/xstyle.md\\\/product\\\/emkost-dlya-vody-hydrapak-seeker-2l-grey\\\/#primaryimage\"},\"image\":{\"@id\":\"https:\\\/\\\/xstyle.md\\\/product\\\/emkost-dlya-vody-hydrapak-seeker-2l-grey\\\/#primaryimage\"},\"thumbnailUrl\":\"https:\\\/\\\/xstyle.md\\\/wp-content\\\/uploads\\\/2026\\\/04\\\/hydrapak-seeker-2l-grey-1.webp\",\"datePublished\":\"2026-04-23T14:03:28+00:00\",\"dateModified\":\"2026-04-24T14:04:07+00:00\",\"breadcrumb\":{\"@id\":\"https:\\\/\\\/xstyle.md\\\/product\\\/emkost-dlya-vody-hydrapak-seeker-2l-grey\\\/#breadcrumb\"},\"inLanguage\":\"ro-RO\",\"potentialAction\":[{\"@type\":\"ReadAction\",\"target\":[\"https:\\\/\\\/xstyle.md\\\/product\\\/emkost-dlya-vody-hydrapak-seeker-2l-grey\\\/\"]}]},{\"@type\":\"ImageObject\",\"inLanguage\":\"ro-RO\",\"@id\":\"https:\\\/\\\/xstyle.md\\\/product\\\/emkost-dlya-vody-hydrapak-seeker-2l-grey\\\/#primaryimage\",\"url\":\"https:\\\/\\\/xstyle.md\\\/wp-content\\\/uploads\\\/2026\\\/04\\\/hydrapak-seeker-2l-grey-1.webp\",\"contentUrl\":\"https:\\\/\\\/xstyle.md\\\/wp-content\\\/uploads\\\/2026\\\/04\\\/hydrapak-seeker-2l-grey-1.webp\",\"width\":1200,\"height\":1200},{\"@type\":\"BreadcrumbList\",\"@id\":\"https:\\\/\\\/xstyle.md\\\/product\\\/emkost-dlya-vody-hydrapak-seeker-2l-grey\\\/#breadcrumb\",\"itemListElement\":[{\"@type\":\"ListItem\",\"position\":1,\"name\":\"\u0413\u043b\u0430\u0432\u043d\u0430\u044f \u0441\u0442\u0440\u0430\u043d\u0438\u0446\u0430\",\"item\":\"https:\\\/\\\/xstyle.md\\\/\"},{\"@type\":\"ListItem\",\"position\":2,\"name\":\"\u041c\u0430\u0433\u0430\u0437\u0438\u043d\",\"item\":\"https:\\\/\\\/xstyle.md\\\/shop\\\/\"},{\"@type\":\"ListItem\",\"position\":3,\"name\":\"\u0415\u043c\u043a\u043e\u0441\u0442\u044c \u0434\u043b\u044f \u0432\u043e\u0434\u044b HydraPak Seeker 2L grey\"}]},{\"@type\":\"WebSite\",\"@id\":\"https:\\\/\\\/xstyle.md\\\/#website\",\"url\":\"https:\\\/\\\/xstyle.md\\\/\",\"name\":\"\u041c\u0430\u0433\u0430\u0437\u0438\u043d Xstyle\",\"description\":\"C\u043d\u0430\u0440\u044f\u0436\u0435\u043d\u0438\u0435 \u0434\u043b\u044f \u0442\u0443\u0440\u0438\u0437\u043c\u0430 \u0438 \u044d\u043a\u0441\u0442\u0440\u0435\u043c\u0430\u043b\u044c\u043d\u044b\u0445 \u0432\u0438\u0434\u043e\u0432 \u0441\u043f\u043e\u0440\u0442\u0430 \u0432 \u041c\u043e\u043b\u0434\u043e\u0432\u0435.. \u0426\u0435\u043d\u044b, \u0444\u043e\u0442\u043e, \u0445\u0430\u0440\u0430\u043a\u0442\u0435\u0440\u0438\u0441\u0442\u0438\u043a\u0438 \u0432 \u041c\u043e\u043b\u0434\u043e\u0432\u0435.\",\"publisher\":{\"@id\":\"https:\\\/\\\/xstyle.md\\\/#organization\"},\"alternateName\":\"X-Style\",\"potentialAction\":[{\"@type\":\"SearchAction\",\"target\":{\"@type\":\"EntryPoint\",\"urlTemplate\":\"https:\\\/\\\/xstyle.md\\\/?s={search_term_string}\"},\"query-input\":{\"@type\":\"PropertyValueSpecification\",\"valueRequired\":true,\"valueName\":\"search_term_string\"}}],\"inLanguage\":\"ro-RO\"},{\"@type\":\"Organization\",\"@id\":\"https:\\\/\\\/xstyle.md\\\/#organization\",\"name\":\"\u041c\u0430\u0433\u0430\u0437\u0438\u043d Xstyle\",\"alternateName\":\"x-style\",\"url\":\"https:\\\/\\\/xstyle.md\\\/\",\"logo\":{\"@type\":\"ImageObject\",\"inLanguage\":\"ro-RO\",\"@id\":\"https:\\\/\\\/xstyle.md\\\/#\\\/schema\\\/logo\\\/image\\\/\",\"url\":\"https:\\\/\\\/xstyle.md\\\/wp-content\\\/uploads\\\/2020\\\/06\\\/logoicon.svg\",\"contentUrl\":\"https:\\\/\\\/xstyle.md\\\/wp-content\\\/uploads\\\/2020\\\/06\\\/logoicon.svg\",\"caption\":\"\u041c\u0430\u0433\u0430\u0437\u0438\u043d Xstyle\"},\"image\":{\"@id\":\"https:\\\/\\\/xstyle.md\\\/#\\\/schema\\\/logo\\\/image\\\/\"},\"sameAs\":[\"https:\\\/\\\/www.facebook.com\\\/xstylemd\",\"https:\\\/\\\/www.instagram.com\\\/xstyle_md\\\/\",\"https:\\\/\\\/t.me\\\/xstyle_outdoor\"],\"hasMerchantReturnPolicy\":{\"@type\":\"MerchantReturnPolicy\",\"merchantReturnLink\":\"https:\\\/\\\/xstyle.md\\\/ro\\\/conditions\\\/\"}}]}<\/script>\n<meta property=\"product:price:amount\" content=\"540.00\" \/>\n<meta property=\"product:price:currency\" content=\"MDL\" \/>\n<meta property=\"og:availability\" content=\"instock\" \/>\n<meta property=\"product:availability\" content=\"instock\" \/>\n<meta property=\"product:retailer_item_id\" content=\"834456002468\" \/>\n<meta property=\"product:condition\" content=\"new\" \/>\n<!-- \/ Yoast SEO plugin. -->","yoast_head_json":{"title":"\u0415\u043c\u043a\u043e\u0441\u0442\u044c \u0434\u043b\u044f \u0432\u043e\u0434\u044b HydraPak Seeker 2L grey - \u041c\u0430\u0433\u0430\u0437\u0438\u043d Xstyle","robots":{"index":"index","follow":"follow","max-snippet":"max-snippet:-1","max-image-preview":"max-image-preview:large","max-video-preview":"max-video-preview:-1"},"canonical":"https:\/\/xstyle.md\/ro\/produs\/emkost-dlya-vody-hydrapak-seeker-2l-grey\/","og_locale":"ro_RO","og_type":"article","og_title":"\u0415\u043c\u043a\u043e\u0441\u0442\u044c \u0434\u043b\u044f \u0432\u043e\u0434\u044b HydraPak Seeker 2L grey - \u041c\u0430\u0433\u0430\u0437\u0438\u043d Xstyle","og_description":"\u0411\u0440\u0435\u043d\u0434 HydraPak \u2014 \u0430\u043c\u0435\u0440\u0438\u043a\u0430\u043d\u0441\u043a\u0438\u0439 \u0438\u043d\u043d\u043e\u0432\u0430\u0442\u043e\u0440 \u0432 \u043e\u0431\u043b\u0430\u0441\u0442\u0438 \u0441\u0438\u0441\u0442\u0435\u043c \u0433\u0438\u0434\u0440\u0430\u0442\u0430\u0446\u0438\u0438, \u043a\u043e\u0442\u043e\u0440\u044b\u0439 \u0443\u0436\u0435 \u0431\u043e\u043b\u0435\u0435 20 \u043b\u0435\u0442 \u0437\u0430\u0434\u0430\u0435\u0442 \u0441\u0442\u0430\u043d\u0434\u0430\u0440\u0442\u044b \u043a\u0430\u0447\u0435\u0441\u0442\u0432\u0430 \u0434\u043b\u044f \u0430\u0442\u043b\u0435\u0442\u043e\u0432 \u0438 \u043f\u0443\u0442\u0435\u0448\u0435\u0441\u0442\u0432\u0435\u043d\u043d\u0438\u043a\u043e\u0432. \u0411\u0440\u0435\u043d\u0434 \u0438\u0437\u0432\u0435\u0441\u0442\u0435\u043d \u0441\u0432\u043e\u0438\u043c\u0438 \u0441\u0432\u0435\u0440\u0445\u043f\u0440\u043e\u0447\u043d\u044b\u043c\u0438 \u0438 \u043b\u0435\u0433\u043a\u0438\u043c\u0438 \u043c\u0430\u0442\u0435\u0440\u0438\u0430\u043b\u0430\u043c\u0438, \u043a\u043e\u0442\u043e\u0440\u044b\u0435 \u0432\u044b\u0434\u0435\u0440\u0436\u0438\u0432\u0430\u044e\u0442 \u0441\u0430\u043c\u044b\u0435 \u044d\u043a\u0441\u0442\u0440\u0435\u043c\u0430\u043b\u044c\u043d\u044b\u0435 \u043d\u0430\u0433\u0440\u0443\u0437\u043a\u0438. \u0412\u044b\u0431\u0438\u0440\u0430\u044f HydraPak, \u043f\u043e\u043b\u044c\u0437\u043e\u0432\u0430\u0442\u0435\u043b\u0438 \u043f\u043e\u043b\u0443\u0447\u0430\u044e\u0442 \u043d\u0430\u0434\u0435\u0436\u043d\u044b\u0435 \u0440\u0435\u0448\u0435\u043d\u0438\u044f, \u043a\u043e\u0442\u043e\u0440\u044b\u0435 \u044d\u043a\u043e\u043d\u043e\u043c\u044f\u0442 \u043c\u0435\u0441\u0442\u043e \u0432 \u0440\u044e\u043a\u0437\u0430\u043a\u0435 \u0438 \u043e\u0431\u0435\u0441\u043f\u0435\u0447\u0438\u0432\u0430\u044e\u0442 \u0431\u0435\u0441\u043f\u0435\u0440\u0435\u0431\u043e\u0439\u043d\u044b\u0439 \u0434\u043e\u0441\u0442\u0443\u043f \u043a \u0432\u043e\u0434\u0435 \u0432 \u043b\u044e\u0431\u044b\u0445 \u0443\u0441\u043b\u043e\u0432\u0438\u044f\u0445.","og_url":"https:\/\/xstyle.md\/ro\/produs\/emkost-dlya-vody-hydrapak-seeker-2l-grey\/","og_site_name":"\u041c\u0430\u0433\u0430\u0437\u0438\u043d Xstyle","article_publisher":"https:\/\/www.facebook.com\/xstylemd","article_modified_time":"2026-04-24T14:04:07+00:00","og_image":[{"width":1200,"height":1200,"url":"https:\/\/xstyle.md\/wp-content\/uploads\/2026\/04\/hydrapak-seeker-2l-grey-1.webp","type":"image\/webp"}],"twitter_card":"summary_large_image","twitter_misc":{"Pre\u021b":"540&nbsp;MDL","Disponibilitate":"\u00cen stoc"},"schema":{"@context":"https:\/\/schema.org","@graph":[{"@type":"WebPage","@id":"https:\/\/xstyle.md\/product\/emkost-dlya-vody-hydrapak-seeker-2l-grey\/","url":"https:\/\/xstyle.md\/product\/emkost-dlya-vody-hydrapak-seeker-2l-grey\/","name":"\u0415\u043c\u043a\u043e\u0441\u0442\u044c \u0434\u043b\u044f \u0432\u043e\u0434\u044b HydraPak Seeker 2L grey - \u041c\u0430\u0433\u0430\u0437\u0438\u043d Xstyle","isPartOf":{"@id":"https:\/\/xstyle.md\/#website"},"primaryImageOfPage":{"@id":"https:\/\/xstyle.md\/product\/emkost-dlya-vody-hydrapak-seeker-2l-grey\/#primaryimage"},"image":{"@id":"https:\/\/xstyle.md\/product\/emkost-dlya-vody-hydrapak-seeker-2l-grey\/#primaryimage"},"thumbnailUrl":"https:\/\/xstyle.md\/wp-content\/uploads\/2026\/04\/hydrapak-seeker-2l-grey-1.webp","datePublished":"2026-04-23T14:03:28+00:00","dateModified":"2026-04-24T14:04:07+00:00","breadcrumb":{"@id":"https:\/\/xstyle.md\/product\/emkost-dlya-vody-hydrapak-seeker-2l-grey\/#breadcrumb"},"inLanguage":"ro-RO","potentialAction":[{"@type":"ReadAction","target":["https:\/\/xstyle.md\/product\/emkost-dlya-vody-hydrapak-seeker-2l-grey\/"]}]},{"@type":"ImageObject","inLanguage":"ro-RO","@id":"https:\/\/xstyle.md\/product\/emkost-dlya-vody-hydrapak-seeker-2l-grey\/#primaryimage","url":"https:\/\/xstyle.md\/wp-content\/uploads\/2026\/04\/hydrapak-seeker-2l-grey-1.webp","contentUrl":"https:\/\/xstyle.md\/wp-content\/uploads\/2026\/04\/hydrapak-seeker-2l-grey-1.webp","width":1200,"height":1200},{"@type":"BreadcrumbList","@id":"https:\/\/xstyle.md\/product\/emkost-dlya-vody-hydrapak-seeker-2l-grey\/#breadcrumb","itemListElement":[{"@type":"ListItem","position":1,"name":"\u0413\u043b\u0430\u0432\u043d\u0430\u044f \u0441\u0442\u0440\u0430\u043d\u0438\u0446\u0430","item":"https:\/\/xstyle.md\/"},{"@type":"ListItem","position":2,"name":"\u041c\u0430\u0433\u0430\u0437\u0438\u043d","item":"https:\/\/xstyle.md\/shop\/"},{"@type":"ListItem","position":3,"name":"\u0415\u043c\u043a\u043e\u0441\u0442\u044c \u0434\u043b\u044f \u0432\u043e\u0434\u044b HydraPak Seeker 2L grey"}]},{"@type":"WebSite","@id":"https:\/\/xstyle.md\/#website","url":"https:\/\/xstyle.md\/","name":"Magazinul X-Style","description":"Echipamente pentru turism \u0219i sporturi extreme \u00een Moldova. Pre\u021buri, fotografii, caracteristici \u00een Moldova.","publisher":{"@id":"https:\/\/xstyle.md\/#organization"},"alternateName":"X-Style","potentialAction":[{"@type":"SearchAction","target":{"@type":"EntryPoint","urlTemplate":"https:\/\/xstyle.md\/?s={search_term_string}"},"query-input":{"@type":"PropertyValueSpecification","valueRequired":true,"valueName":"search_term_string"}}],"inLanguage":"ro-RO"},{"@type":"Organization","@id":"https:\/\/xstyle.md\/#organization","name":"Magazinul X-Style","alternateName":"x-style","url":"https:\/\/xstyle.md\/","logo":{"@type":"ImageObject","inLanguage":"ro-RO","@id":"https:\/\/xstyle.md\/#\/schema\/logo\/image\/","url":"https:\/\/xstyle.md\/wp-content\/uploads\/2020\/06\/logoicon.svg","contentUrl":"https:\/\/xstyle.md\/wp-content\/uploads\/2020\/06\/logoicon.svg","caption":"\u041c\u0430\u0433\u0430\u0437\u0438\u043d Xstyle"},"image":{"@id":"https:\/\/xstyle.md\/#\/schema\/logo\/image\/"},"sameAs":["https:\/\/www.facebook.com\/xstylemd","https:\/\/www.instagram.com\/xstyle_md\/","https:\/\/t.me\/xstyle_outdoor"],"hasMerchantReturnPolicy":{"@type":"MerchantReturnPolicy","merchantReturnLink":"https:\/\/xstyle.md\/ro\/conditions\/"}}]},"product_price_amount":"540.00","product_price_currency":"MDL","og_availability":"instock","product_availability":"instock","product_retailer_item_id":"834456002468","product_condition":"new"},"_links":{"self":[{"href":"https:\/\/xstyle.md\/ro\/wp-json\/wp\/v2\/product\/106190","targetHints":{"allow":["GET"]}}],"collection":[{"href":"https:\/\/xstyle.md\/ro\/wp-json\/wp\/v2\/product"}],"about":[{"href":"https:\/\/xstyle.md\/ro\/wp-json\/wp\/v2\/types\/product"}],"replies":[{"embeddable":true,"href":"https:\/\/xstyle.md\/ro\/wp-json\/wp\/v2\/comments?post=106190"}],"wp:featuredmedia":[{"embeddable":true,"href":"https:\/\/xstyle.md\/ro\/wp-json\/wp\/v2\/media\/106307"}],"wp:attachment":[{"href":"https:\/\/xstyle.md\/ro\/wp-json\/wp\/v2\/media?parent=106190"}],"wp:term":[{"taxonomy":"product_brand","embeddable":true,"href":"https:\/\/xstyle.md\/ro\/wp-json\/wp\/v2\/product_brand?post=106190"},{"taxonomy":"product_cat","embeddable":true,"href":"https:\/\/xstyle.md\/ro\/wp-json\/wp\/v2\/product_cat?post=106190"},{"taxonomy":"product_tag","embeddable":true,"href":"https:\/\/xstyle.md\/ro\/wp-json\/wp\/v2\/product_tag?post=106190"}],"curies":[{"name":"wp","href":"https:\/\/api.w.org\/{rel}","templated":true}]}}