{"id":106177,"date":"2026-04-23T17:03:27","date_gmt":"2026-04-23T14:03:27","guid":{"rendered":"https:\/\/xstyle.md\/?post_type=product&#038;p=106177"},"modified":"2026-04-24T11:52:41","modified_gmt":"2026-04-24T08:52:41","slug":"nasos-lezyne-hp-drive-s-silver-120psi","status":"publish","type":"product","link":"https:\/\/xstyle.md\/ro\/produs\/nasos-lezyne-hp-drive-s-silver-120psi\/","title":{"rendered":"Pomp\u0103 Lezyne HP Drive S silver 120psi"},"content":{"rendered":"<\/p>\n<p><strong>Lezyne HP Drive S silver 120psi<\/strong> &#8212; este o pomp\u0103 de m\u00e2n\u0103 compact\u0103, de \u00eenalt\u0103 presiune, fabricat\u0103 din aluminiu prelucrat CNC. Modelul este optimizat pentru sisteme cu presiune ridicat\u0103, fiind alegerea ideal\u0103 pentru anvelopele \u00eenguste de cursier\u0103. Pompa este dotat\u0103 cu furtunul flexibil ABS Flex Hose, care faciliteaz\u0103 procesul de umflare \u0219i previne deteriorarea valvei. Datorit\u0103 construc\u021biei sale u\u0219oare \u0219i rezistente, se potrive\u0219te u\u0219or \u00een buzunarul tricoului de ciclism sau se poate fixa pe cadrul bicicletei.<\/p>\n<h3>Particularit\u0103\u021bi<\/h3>\n<ul>\n<li>Construc\u021bie HP (High Pressure) \u2014 optimizat\u0103 pentru a atinge presiuni mari rapid \u0219i cu un efort minim<\/li>\n<li>Furtun ABS Flex Hose \u2014 conexiunea flexibil\u0103 protejeaz\u0103 valva de rupere \u0219i este compatibil\u0103 cu standardele Presta \u0219i Schrader<\/li>\n<li>Sistem Air Bleed System (ABS) \u2014 butonul de pe furtun permite eliberarea presiunii aerului pentru o scoatere u\u0219oar\u0103 de pe valv\u0103<\/li>\n<li>Corp din aluminiu \u2014 material u\u0219or \u0219i durabil, prelucrat cu precizie pentru o func\u021bionare fluid\u0103<\/li>\n<li>Dimensiune compact\u0103 \u2014 gabaritul redus \u0219i greutatea mic\u0103 permit transportul facil \u00een orice c\u0103l\u0103torie<\/li>\n<\/ul>\n<h3>Caracteristici<\/h3>\n<ul>\n<li>Presiune maxim\u0103 \u2014 120 psi \/ 8.3 bar<\/li>\n<li>Dimensiune \u2014 S (170 mm)<\/li>\n<li>Greutate \u2014 77 g<\/li>\n<li>Tip valv\u0103 \u2014 presta \/ schrader<\/li>\n<li>Material \u2014 aluminiu \/ material compozit<\/li>\n<li>Culoare \u2014 silver<\/li>\n<\/ul>\n<p><\/p>\n<h3>Marca<\/h3>\n<p>Lezyne  - este un brand american global specializat \u00een produc\u021bia de accesorii, computere \u0219i sisteme de iluminat pentru biciclete. Compania a fost fondat\u0103 \u00een anul 2007 de c\u0103tre triatlonistul Micki Kozuschek. De atunci, Lezyne a stabilit un nou standard \u00een fabricarea accesoriilor premium de \u00eenalt\u0103 calitate, care \u00eendeplinesc criteriile segmentului de top din industria ciclismului. \u201eEngineered Design\u201d (Design Proiectat) este principalul slogan al brandului.<br \/>\nDin 2011, brandul Lezyne s-a prezentat lumii \u00eentr-o nou\u0103 \u201elumin\u0103\u201d: \u00een doar c\u00e2\u021biva ani, compania a devenit lider mondial \u00een produc\u021bia de optic\u0103 luminoas\u0103 de diverse puteri. \u00cen 2017, compania a lansat optica cu marcaj laser, ceea ce a f\u0103cut deplasarea prin ora\u0219 \u0219i pe str\u0103zile \u00eentunecate mult mai sigur\u0103.<\/p>","protected":false},"excerpt":{"rendered":"<p>\u0411\u0440\u0435\u043d\u0434 Lezyne \u2013 \u0433\u043b\u043e\u0431\u0430\u043b\u044c\u043d\u044b\u0439 \u0430\u043c\u0435\u0440\u0438\u043a\u0430\u043d\u0441\u043a\u0438\u0439 \u0431\u0440\u0435\u043d\u0434 \u043f\u043e \u043f\u0440\u043e\u0438\u0437\u0432\u043e\u0434\u0441\u0442\u0432\u0443 \u0430\u043a\u0441\u0435\u0441\u0441\u0443\u0430\u0440\u043e\u0432, \u043a\u043e\u043c\u043f\u044c\u044e\u0442\u0435\u0440\u043e\u0432 \u0438 \u0441\u0432\u0435\u0442\u043e\u0432\u043e\u0439 \u043e\u043f\u0442\u0438\u043a\u0438 \u0434\u043b\u044f \u0432\u0435\u043b\u043e\u0441\u0438\u043f\u0435\u0434\u0430. \u041a\u043e\u043c\u043f\u0430\u043d\u0438\u044e \u043e\u0441\u043d\u043e\u0432\u0430\u043b \u0442\u0440\u0438\u0430\u0442\u043b\u0435\u0442 \u041c\u0438\u043a\u0438 \u041a\u043e\u0446\u0443\u0448\u0435\u043a \u0432 2007 \u0433\u043e\u0434\u0443. \u0421 \u0442\u0435\u0445 \u043f\u043e\u0440 \u043a\u043e\u043c\u043f\u0430\u043d\u0438\u044f Lezyne \u0443\u0441\u0442\u0430\u043d\u043e\u0432\u0438\u043b\u0430 \u043d\u043e\u0432\u044b\u0439 \u0441\u0442\u0430\u043d\u0434\u0430\u0440\u0442 \u0432 \u043f\u0440\u043e\u0438\u0437\u0432\u043e\u0434\u0441\u0442\u0432\u0435 \u043f\u0440\u0435\u043c\u0438\u0430\u043b\u044c\u043d\u044b\u0445, \u0432\u044b\u0441\u043e\u043a\u043e\u043a\u0430\u0447\u0435\u0441\u0442\u0432\u0435\u043d\u043d\u044b\u0445 \u0430\u043a\u0441\u0435\u0441\u0441\u0443\u0430\u0440\u043e\u0432, \u043e\u0442\u0432\u0435\u0447\u0430\u044e\u0449\u0438\u0445 \u043a\u0440\u0438\u0442\u0435\u0440\u0438\u044f\u043c \u0432\u044b\u0441\u0448\u0435\u0433\u043e \u0441\u0435\u0433\u043c\u0435\u043d\u0442\u0430 \u0432 \u0432\u0435\u043b\u043e\u0441\u0438\u043f\u0435\u0434\u043d\u043e\u0439 \u0438\u043d\u0434\u0443\u0441\u0442\u0440\u0438\u0438. \u201c\u0421\u043f\u0440\u043e\u0435\u043a\u0442\u0438\u0440\u043e\u0432\u0430\u043d\u043d\u044b\u0439 \u0414\u0438\u0437\u0430\u0439\u043d\u201d \u2013 \u0433\u043b\u0430\u0432\u043d\u044b\u0439 \u0441\u043b\u043e\u0433\u0430\u043d \u0431\u0440\u0435\u043d\u0434\u0430. \u0421 2011 \u0433\u043e\u0434\u0430, \u0431\u0440\u0435\u043d\u0434 Lezyne \u043f\u0440\u0435\u0434\u0441\u0442\u0430\u043b [&hellip;]<\/p>\n","protected":false},"featured_media":106265,"comment_status":"open","ping_status":"closed","template":"","meta":{"_acf_changed":false,"inline_featured_image":false},"product_brand":[1364],"product_cat":[535],"product_tag":[],"class_list":{"0":"post-106177","1":"product","2":"type-product","3":"status-publish","4":"has-post-thumbnail","6":"product_brand-lezyne","7":"product_cat-spare-parts-and-tools","9":"first","10":"instock","11":"shipping-taxable","12":"purchasable","13":"product-type-simple"},"acf":[],"yoast_head":"<!-- This site is optimized with the Yoast SEO plugin v27.4 - https:\/\/yoast.com\/product\/yoast-seo-wordpress\/ -->\n<title>\u041d\u0430\u0441\u043e\u0441 Lezyne HP Drive S silver 120psi - \u041c\u0430\u0433\u0430\u0437\u0438\u043d Xstyle<\/title>\n<meta name=\"robots\" content=\"index, follow, max-snippet:-1, max-image-preview:large, max-video-preview:-1\" \/>\n<link rel=\"canonical\" href=\"https:\/\/xstyle.md\/ro\/produs\/nasos-lezyne-hp-drive-s-silver-120psi\/\" \/>\n<meta property=\"og:locale\" content=\"ro_RO\" \/>\n<meta property=\"og:type\" content=\"article\" \/>\n<meta property=\"og:title\" content=\"\u041d\u0430\u0441\u043e\u0441 Lezyne HP Drive S silver 120psi - \u041c\u0430\u0433\u0430\u0437\u0438\u043d Xstyle\" \/>\n<meta property=\"og:description\" content=\"\u0411\u0440\u0435\u043d\u0434 Lezyne \u2013 \u0433\u043b\u043e\u0431\u0430\u043b\u044c\u043d\u044b\u0439 \u0430\u043c\u0435\u0440\u0438\u043a\u0430\u043d\u0441\u043a\u0438\u0439 \u0431\u0440\u0435\u043d\u0434 \u043f\u043e \u043f\u0440\u043e\u0438\u0437\u0432\u043e\u0434\u0441\u0442\u0432\u0443 \u0430\u043a\u0441\u0435\u0441\u0441\u0443\u0430\u0440\u043e\u0432, \u043a\u043e\u043c\u043f\u044c\u044e\u0442\u0435\u0440\u043e\u0432 \u0438 \u0441\u0432\u0435\u0442\u043e\u0432\u043e\u0439 \u043e\u043f\u0442\u0438\u043a\u0438 \u0434\u043b\u044f \u0432\u0435\u043b\u043e\u0441\u0438\u043f\u0435\u0434\u0430. \u041a\u043e\u043c\u043f\u0430\u043d\u0438\u044e \u043e\u0441\u043d\u043e\u0432\u0430\u043b \u0442\u0440\u0438\u0430\u0442\u043b\u0435\u0442 \u041c\u0438\u043a\u0438 \u041a\u043e\u0446\u0443\u0448\u0435\u043a \u0432 2007 \u0433\u043e\u0434\u0443. \u0421 \u0442\u0435\u0445 \u043f\u043e\u0440 \u043a\u043e\u043c\u043f\u0430\u043d\u0438\u044f Lezyne \u0443\u0441\u0442\u0430\u043d\u043e\u0432\u0438\u043b\u0430 \u043d\u043e\u0432\u044b\u0439 \u0441\u0442\u0430\u043d\u0434\u0430\u0440\u0442 \u0432 \u043f\u0440\u043e\u0438\u0437\u0432\u043e\u0434\u0441\u0442\u0432\u0435 \u043f\u0440\u0435\u043c\u0438\u0430\u043b\u044c\u043d\u044b\u0445, \u0432\u044b\u0441\u043e\u043a\u043e\u043a\u0430\u0447\u0435\u0441\u0442\u0432\u0435\u043d\u043d\u044b\u0445 \u0430\u043a\u0441\u0435\u0441\u0441\u0443\u0430\u0440\u043e\u0432, \u043e\u0442\u0432\u0435\u0447\u0430\u044e\u0449\u0438\u0445 \u043a\u0440\u0438\u0442\u0435\u0440\u0438\u044f\u043c \u0432\u044b\u0441\u0448\u0435\u0433\u043e \u0441\u0435\u0433\u043c\u0435\u043d\u0442\u0430 \u0432 \u0432\u0435\u043b\u043e\u0441\u0438\u043f\u0435\u0434\u043d\u043e\u0439 \u0438\u043d\u0434\u0443\u0441\u0442\u0440\u0438\u0438. \u201c\u0421\u043f\u0440\u043e\u0435\u043a\u0442\u0438\u0440\u043e\u0432\u0430\u043d\u043d\u044b\u0439 \u0414\u0438\u0437\u0430\u0439\u043d\u201d \u2013 \u0433\u043b\u0430\u0432\u043d\u044b\u0439 \u0441\u043b\u043e\u0433\u0430\u043d \u0431\u0440\u0435\u043d\u0434\u0430. \u0421 2011 \u0433\u043e\u0434\u0430, \u0431\u0440\u0435\u043d\u0434 Lezyne \u043f\u0440\u0435\u0434\u0441\u0442\u0430\u043b [&hellip;]\" \/>\n<meta property=\"og:url\" content=\"https:\/\/xstyle.md\/ro\/produs\/nasos-lezyne-hp-drive-s-silver-120psi\/\" \/>\n<meta property=\"og:site_name\" content=\"\u041c\u0430\u0433\u0430\u0437\u0438\u043d Xstyle\" \/>\n<meta property=\"article:publisher\" content=\"https:\/\/www.facebook.com\/xstylemd\" \/>\n<meta property=\"article:modified_time\" content=\"2026-04-24T08:52:41+00:00\" \/>\n<meta property=\"og:image\" content=\"https:\/\/xstyle.md\/wp-content\/uploads\/2026\/04\/lezyne-hp-drive-s-silver-120psi.webp\" \/>\n\t<meta property=\"og:image:width\" content=\"1200\" \/>\n\t<meta property=\"og:image:height\" content=\"1200\" \/>\n\t<meta property=\"og:image:type\" content=\"image\/webp\" \/>\n<meta name=\"twitter:card\" content=\"summary_large_image\" \/>\n<meta name=\"twitter:label1\" content=\"Pre\u021b\" \/>\n\t<meta name=\"twitter:data1\" content=\"650&nbsp;MDL\" \/>\n\t<meta name=\"twitter:label2\" content=\"Disponibilitate\" \/>\n\t<meta name=\"twitter:data2\" content=\"\u00cen stoc\" \/>\n<script type=\"application\/ld+json\" class=\"yoast-schema-graph\">{\"@context\":\"https:\\\/\\\/schema.org\",\"@graph\":[{\"@type\":\"WebPage\",\"@id\":\"https:\\\/\\\/xstyle.md\\\/product\\\/nasos-lezyne-hp-drive-s-silver-120psi\\\/\",\"url\":\"https:\\\/\\\/xstyle.md\\\/product\\\/nasos-lezyne-hp-drive-s-silver-120psi\\\/\",\"name\":\"\u041d\u0430\u0441\u043e\u0441 Lezyne HP Drive S silver 120psi - \u041c\u0430\u0433\u0430\u0437\u0438\u043d Xstyle\",\"isPartOf\":{\"@id\":\"https:\\\/\\\/xstyle.md\\\/#website\"},\"primaryImageOfPage\":{\"@id\":\"https:\\\/\\\/xstyle.md\\\/product\\\/nasos-lezyne-hp-drive-s-silver-120psi\\\/#primaryimage\"},\"image\":{\"@id\":\"https:\\\/\\\/xstyle.md\\\/product\\\/nasos-lezyne-hp-drive-s-silver-120psi\\\/#primaryimage\"},\"thumbnailUrl\":\"https:\\\/\\\/xstyle.md\\\/wp-content\\\/uploads\\\/2026\\\/04\\\/lezyne-hp-drive-s-silver-120psi.webp\",\"datePublished\":\"2026-04-23T14:03:27+00:00\",\"dateModified\":\"2026-04-24T08:52:41+00:00\",\"breadcrumb\":{\"@id\":\"https:\\\/\\\/xstyle.md\\\/product\\\/nasos-lezyne-hp-drive-s-silver-120psi\\\/#breadcrumb\"},\"inLanguage\":\"ro-RO\",\"potentialAction\":[{\"@type\":\"ReadAction\",\"target\":[\"https:\\\/\\\/xstyle.md\\\/product\\\/nasos-lezyne-hp-drive-s-silver-120psi\\\/\"]}]},{\"@type\":\"ImageObject\",\"inLanguage\":\"ro-RO\",\"@id\":\"https:\\\/\\\/xstyle.md\\\/product\\\/nasos-lezyne-hp-drive-s-silver-120psi\\\/#primaryimage\",\"url\":\"https:\\\/\\\/xstyle.md\\\/wp-content\\\/uploads\\\/2026\\\/04\\\/lezyne-hp-drive-s-silver-120psi.webp\",\"contentUrl\":\"https:\\\/\\\/xstyle.md\\\/wp-content\\\/uploads\\\/2026\\\/04\\\/lezyne-hp-drive-s-silver-120psi.webp\",\"width\":1200,\"height\":1200},{\"@type\":\"BreadcrumbList\",\"@id\":\"https:\\\/\\\/xstyle.md\\\/product\\\/nasos-lezyne-hp-drive-s-silver-120psi\\\/#breadcrumb\",\"itemListElement\":[{\"@type\":\"ListItem\",\"position\":1,\"name\":\"\u0413\u043b\u0430\u0432\u043d\u0430\u044f \u0441\u0442\u0440\u0430\u043d\u0438\u0446\u0430\",\"item\":\"https:\\\/\\\/xstyle.md\\\/\"},{\"@type\":\"ListItem\",\"position\":2,\"name\":\"\u041c\u0430\u0433\u0430\u0437\u0438\u043d\",\"item\":\"https:\\\/\\\/xstyle.md\\\/shop\\\/\"},{\"@type\":\"ListItem\",\"position\":3,\"name\":\"\u041d\u0430\u0441\u043e\u0441 Lezyne HP Drive S silver 120psi\"}]},{\"@type\":\"WebSite\",\"@id\":\"https:\\\/\\\/xstyle.md\\\/#website\",\"url\":\"https:\\\/\\\/xstyle.md\\\/\",\"name\":\"\u041c\u0430\u0433\u0430\u0437\u0438\u043d Xstyle\",\"description\":\"C\u043d\u0430\u0440\u044f\u0436\u0435\u043d\u0438\u0435 \u0434\u043b\u044f \u0442\u0443\u0440\u0438\u0437\u043c\u0430 \u0438 \u044d\u043a\u0441\u0442\u0440\u0435\u043c\u0430\u043b\u044c\u043d\u044b\u0445 \u0432\u0438\u0434\u043e\u0432 \u0441\u043f\u043e\u0440\u0442\u0430 \u0432 \u041c\u043e\u043b\u0434\u043e\u0432\u0435.. \u0426\u0435\u043d\u044b, \u0444\u043e\u0442\u043e, \u0445\u0430\u0440\u0430\u043a\u0442\u0435\u0440\u0438\u0441\u0442\u0438\u043a\u0438 \u0432 \u041c\u043e\u043b\u0434\u043e\u0432\u0435.\",\"publisher\":{\"@id\":\"https:\\\/\\\/xstyle.md\\\/#organization\"},\"alternateName\":\"X-Style\",\"potentialAction\":[{\"@type\":\"SearchAction\",\"target\":{\"@type\":\"EntryPoint\",\"urlTemplate\":\"https:\\\/\\\/xstyle.md\\\/?s={search_term_string}\"},\"query-input\":{\"@type\":\"PropertyValueSpecification\",\"valueRequired\":true,\"valueName\":\"search_term_string\"}}],\"inLanguage\":\"ro-RO\"},{\"@type\":\"Organization\",\"@id\":\"https:\\\/\\\/xstyle.md\\\/#organization\",\"name\":\"\u041c\u0430\u0433\u0430\u0437\u0438\u043d Xstyle\",\"alternateName\":\"x-style\",\"url\":\"https:\\\/\\\/xstyle.md\\\/\",\"logo\":{\"@type\":\"ImageObject\",\"inLanguage\":\"ro-RO\",\"@id\":\"https:\\\/\\\/xstyle.md\\\/#\\\/schema\\\/logo\\\/image\\\/\",\"url\":\"https:\\\/\\\/xstyle.md\\\/wp-content\\\/uploads\\\/2020\\\/06\\\/logoicon.svg\",\"contentUrl\":\"https:\\\/\\\/xstyle.md\\\/wp-content\\\/uploads\\\/2020\\\/06\\\/logoicon.svg\",\"caption\":\"\u041c\u0430\u0433\u0430\u0437\u0438\u043d Xstyle\"},\"image\":{\"@id\":\"https:\\\/\\\/xstyle.md\\\/#\\\/schema\\\/logo\\\/image\\\/\"},\"sameAs\":[\"https:\\\/\\\/www.facebook.com\\\/xstylemd\",\"https:\\\/\\\/www.instagram.com\\\/xstyle_md\\\/\",\"https:\\\/\\\/t.me\\\/xstyle_outdoor\"],\"hasMerchantReturnPolicy\":{\"@type\":\"MerchantReturnPolicy\",\"merchantReturnLink\":\"https:\\\/\\\/xstyle.md\\\/ro\\\/conditions\\\/\"}}]}<\/script>\n<meta property=\"product:price:amount\" content=\"650.00\" \/>\n<meta property=\"product:price:currency\" content=\"MDL\" \/>\n<meta property=\"og:availability\" content=\"instock\" \/>\n<meta property=\"product:availability\" content=\"instock\" \/>\n<meta property=\"product:retailer_item_id\" content=\"4712805976393\" \/>\n<meta property=\"product:condition\" content=\"new\" \/>\n<!-- \/ Yoast SEO plugin. -->","yoast_head_json":{"title":"\u041d\u0430\u0441\u043e\u0441 Lezyne HP Drive S silver 120psi - \u041c\u0430\u0433\u0430\u0437\u0438\u043d Xstyle","robots":{"index":"index","follow":"follow","max-snippet":"max-snippet:-1","max-image-preview":"max-image-preview:large","max-video-preview":"max-video-preview:-1"},"canonical":"https:\/\/xstyle.md\/ro\/produs\/nasos-lezyne-hp-drive-s-silver-120psi\/","og_locale":"ro_RO","og_type":"article","og_title":"\u041d\u0430\u0441\u043e\u0441 Lezyne HP Drive S silver 120psi - \u041c\u0430\u0433\u0430\u0437\u0438\u043d Xstyle","og_description":"\u0411\u0440\u0435\u043d\u0434 Lezyne \u2013 \u0433\u043b\u043e\u0431\u0430\u043b\u044c\u043d\u044b\u0439 \u0430\u043c\u0435\u0440\u0438\u043a\u0430\u043d\u0441\u043a\u0438\u0439 \u0431\u0440\u0435\u043d\u0434 \u043f\u043e \u043f\u0440\u043e\u0438\u0437\u0432\u043e\u0434\u0441\u0442\u0432\u0443 \u0430\u043a\u0441\u0435\u0441\u0441\u0443\u0430\u0440\u043e\u0432, \u043a\u043e\u043c\u043f\u044c\u044e\u0442\u0435\u0440\u043e\u0432 \u0438 \u0441\u0432\u0435\u0442\u043e\u0432\u043e\u0439 \u043e\u043f\u0442\u0438\u043a\u0438 \u0434\u043b\u044f \u0432\u0435\u043b\u043e\u0441\u0438\u043f\u0435\u0434\u0430. \u041a\u043e\u043c\u043f\u0430\u043d\u0438\u044e \u043e\u0441\u043d\u043e\u0432\u0430\u043b \u0442\u0440\u0438\u0430\u0442\u043b\u0435\u0442 \u041c\u0438\u043a\u0438 \u041a\u043e\u0446\u0443\u0448\u0435\u043a \u0432 2007 \u0433\u043e\u0434\u0443. \u0421 \u0442\u0435\u0445 \u043f\u043e\u0440 \u043a\u043e\u043c\u043f\u0430\u043d\u0438\u044f Lezyne \u0443\u0441\u0442\u0430\u043d\u043e\u0432\u0438\u043b\u0430 \u043d\u043e\u0432\u044b\u0439 \u0441\u0442\u0430\u043d\u0434\u0430\u0440\u0442 \u0432 \u043f\u0440\u043e\u0438\u0437\u0432\u043e\u0434\u0441\u0442\u0432\u0435 \u043f\u0440\u0435\u043c\u0438\u0430\u043b\u044c\u043d\u044b\u0445, \u0432\u044b\u0441\u043e\u043a\u043e\u043a\u0430\u0447\u0435\u0441\u0442\u0432\u0435\u043d\u043d\u044b\u0445 \u0430\u043a\u0441\u0435\u0441\u0441\u0443\u0430\u0440\u043e\u0432, \u043e\u0442\u0432\u0435\u0447\u0430\u044e\u0449\u0438\u0445 \u043a\u0440\u0438\u0442\u0435\u0440\u0438\u044f\u043c \u0432\u044b\u0441\u0448\u0435\u0433\u043e \u0441\u0435\u0433\u043c\u0435\u043d\u0442\u0430 \u0432 \u0432\u0435\u043b\u043e\u0441\u0438\u043f\u0435\u0434\u043d\u043e\u0439 \u0438\u043d\u0434\u0443\u0441\u0442\u0440\u0438\u0438. \u201c\u0421\u043f\u0440\u043e\u0435\u043a\u0442\u0438\u0440\u043e\u0432\u0430\u043d\u043d\u044b\u0439 \u0414\u0438\u0437\u0430\u0439\u043d\u201d \u2013 \u0433\u043b\u0430\u0432\u043d\u044b\u0439 \u0441\u043b\u043e\u0433\u0430\u043d \u0431\u0440\u0435\u043d\u0434\u0430. \u0421 2011 \u0433\u043e\u0434\u0430, \u0431\u0440\u0435\u043d\u0434 Lezyne \u043f\u0440\u0435\u0434\u0441\u0442\u0430\u043b [&hellip;]","og_url":"https:\/\/xstyle.md\/ro\/produs\/nasos-lezyne-hp-drive-s-silver-120psi\/","og_site_name":"\u041c\u0430\u0433\u0430\u0437\u0438\u043d Xstyle","article_publisher":"https:\/\/www.facebook.com\/xstylemd","article_modified_time":"2026-04-24T08:52:41+00:00","og_image":[{"width":1200,"height":1200,"url":"https:\/\/xstyle.md\/wp-content\/uploads\/2026\/04\/lezyne-hp-drive-s-silver-120psi.webp","type":"image\/webp"}],"twitter_card":"summary_large_image","twitter_misc":{"Pre\u021b":"650&nbsp;MDL","Disponibilitate":"\u00cen stoc"},"schema":{"@context":"https:\/\/schema.org","@graph":[{"@type":"WebPage","@id":"https:\/\/xstyle.md\/product\/nasos-lezyne-hp-drive-s-silver-120psi\/","url":"https:\/\/xstyle.md\/product\/nasos-lezyne-hp-drive-s-silver-120psi\/","name":"\u041d\u0430\u0441\u043e\u0441 Lezyne HP Drive S silver 120psi - \u041c\u0430\u0433\u0430\u0437\u0438\u043d Xstyle","isPartOf":{"@id":"https:\/\/xstyle.md\/#website"},"primaryImageOfPage":{"@id":"https:\/\/xstyle.md\/product\/nasos-lezyne-hp-drive-s-silver-120psi\/#primaryimage"},"image":{"@id":"https:\/\/xstyle.md\/product\/nasos-lezyne-hp-drive-s-silver-120psi\/#primaryimage"},"thumbnailUrl":"https:\/\/xstyle.md\/wp-content\/uploads\/2026\/04\/lezyne-hp-drive-s-silver-120psi.webp","datePublished":"2026-04-23T14:03:27+00:00","dateModified":"2026-04-24T08:52:41+00:00","breadcrumb":{"@id":"https:\/\/xstyle.md\/product\/nasos-lezyne-hp-drive-s-silver-120psi\/#breadcrumb"},"inLanguage":"ro-RO","potentialAction":[{"@type":"ReadAction","target":["https:\/\/xstyle.md\/product\/nasos-lezyne-hp-drive-s-silver-120psi\/"]}]},{"@type":"ImageObject","inLanguage":"ro-RO","@id":"https:\/\/xstyle.md\/product\/nasos-lezyne-hp-drive-s-silver-120psi\/#primaryimage","url":"https:\/\/xstyle.md\/wp-content\/uploads\/2026\/04\/lezyne-hp-drive-s-silver-120psi.webp","contentUrl":"https:\/\/xstyle.md\/wp-content\/uploads\/2026\/04\/lezyne-hp-drive-s-silver-120psi.webp","width":1200,"height":1200},{"@type":"BreadcrumbList","@id":"https:\/\/xstyle.md\/product\/nasos-lezyne-hp-drive-s-silver-120psi\/#breadcrumb","itemListElement":[{"@type":"ListItem","position":1,"name":"\u0413\u043b\u0430\u0432\u043d\u0430\u044f \u0441\u0442\u0440\u0430\u043d\u0438\u0446\u0430","item":"https:\/\/xstyle.md\/"},{"@type":"ListItem","position":2,"name":"\u041c\u0430\u0433\u0430\u0437\u0438\u043d","item":"https:\/\/xstyle.md\/shop\/"},{"@type":"ListItem","position":3,"name":"\u041d\u0430\u0441\u043e\u0441 Lezyne HP Drive S silver 120psi"}]},{"@type":"WebSite","@id":"https:\/\/xstyle.md\/#website","url":"https:\/\/xstyle.md\/","name":"Magazinul X-Style","description":"Echipamente pentru turism \u0219i sporturi extreme \u00een Moldova. Pre\u021buri, fotografii, caracteristici \u00een Moldova.","publisher":{"@id":"https:\/\/xstyle.md\/#organization"},"alternateName":"X-Style","potentialAction":[{"@type":"SearchAction","target":{"@type":"EntryPoint","urlTemplate":"https:\/\/xstyle.md\/?s={search_term_string}"},"query-input":{"@type":"PropertyValueSpecification","valueRequired":true,"valueName":"search_term_string"}}],"inLanguage":"ro-RO"},{"@type":"Organization","@id":"https:\/\/xstyle.md\/#organization","name":"Magazinul X-Style","alternateName":"x-style","url":"https:\/\/xstyle.md\/","logo":{"@type":"ImageObject","inLanguage":"ro-RO","@id":"https:\/\/xstyle.md\/#\/schema\/logo\/image\/","url":"https:\/\/xstyle.md\/wp-content\/uploads\/2020\/06\/logoicon.svg","contentUrl":"https:\/\/xstyle.md\/wp-content\/uploads\/2020\/06\/logoicon.svg","caption":"\u041c\u0430\u0433\u0430\u0437\u0438\u043d Xstyle"},"image":{"@id":"https:\/\/xstyle.md\/#\/schema\/logo\/image\/"},"sameAs":["https:\/\/www.facebook.com\/xstylemd","https:\/\/www.instagram.com\/xstyle_md\/","https:\/\/t.me\/xstyle_outdoor"],"hasMerchantReturnPolicy":{"@type":"MerchantReturnPolicy","merchantReturnLink":"https:\/\/xstyle.md\/ro\/conditions\/"}}]},"product_price_amount":"650.00","product_price_currency":"MDL","og_availability":"instock","product_availability":"instock","product_retailer_item_id":"4712805976393","product_condition":"new"},"_links":{"self":[{"href":"https:\/\/xstyle.md\/ro\/wp-json\/wp\/v2\/product\/106177","targetHints":{"allow":["GET"]}}],"collection":[{"href":"https:\/\/xstyle.md\/ro\/wp-json\/wp\/v2\/product"}],"about":[{"href":"https:\/\/xstyle.md\/ro\/wp-json\/wp\/v2\/types\/product"}],"replies":[{"embeddable":true,"href":"https:\/\/xstyle.md\/ro\/wp-json\/wp\/v2\/comments?post=106177"}],"wp:featuredmedia":[{"embeddable":true,"href":"https:\/\/xstyle.md\/ro\/wp-json\/wp\/v2\/media\/106265"}],"wp:attachment":[{"href":"https:\/\/xstyle.md\/ro\/wp-json\/wp\/v2\/media?parent=106177"}],"wp:term":[{"taxonomy":"product_brand","embeddable":true,"href":"https:\/\/xstyle.md\/ro\/wp-json\/wp\/v2\/product_brand?post=106177"},{"taxonomy":"product_cat","embeddable":true,"href":"https:\/\/xstyle.md\/ro\/wp-json\/wp\/v2\/product_cat?post=106177"},{"taxonomy":"product_tag","embeddable":true,"href":"https:\/\/xstyle.md\/ro\/wp-json\/wp\/v2\/product_tag?post=106177"}],"curies":[{"name":"wp","href":"https:\/\/api.w.org\/{rel}","templated":true}]}}