{"id":105208,"date":"2026-04-08T13:20:33","date_gmt":"2026-04-08T10:20:33","guid":{"rendered":"https:\/\/xstyle.md\/?post_type=product&#038;p=105208"},"modified":"2026-04-20T14:58:54","modified_gmt":"2026-04-20T11:58:54","slug":"germomeshok-turbat-germik-20l-yellow","status":"publish","type":"product","link":"https:\/\/xstyle.md\/ro\/produs\/germomeshok-turbat-germik-20l-yellow\/","title":{"rendered":"Sac ermetic Turbat Germik 20L yellow"},"content":{"rendered":"<\/p>\n<p><strong>Turbat Germik 20L yellow<\/strong> &#8212; este un accesoriu u\u0219or \u0219i fiabil pentru protejarea lucrurilor dumneavoastr\u0103 \u00eempotriva umidit\u0103\u021bii, nisipului \u0219i murd\u0103riei \u00een timpul drume\u021biilor, expedi\u021biilor pe ap\u0103 sau c\u0103l\u0103toriilor. Cu un volum de 10 litri, acesta este ideal pentru depozitarea hainelor de schimb, a unui sac de dormit mic sau a electronicelor \u00een interiorul rucsacului principal. Fabricat din nylon rezistent cu \u00eenveli\u0219 de silicon, acest sac impermeabil aproape c\u0103 nu adaug\u0103 greutate echipamentului, asigur\u00e2nd \u00een acela\u0219i timp o etan\u0219eitate complet\u0103 dac\u0103 este \u00eenchis corect.<\/p>\n<h3>Particularit\u0103\u021bi<\/h3>\n<ul>\n<li>Etan\u0219eitate total\u0103 &#8212; cus\u0103turile sigilate \u0219i sistemul de \u00eenchidere Roll-top garanteaz\u0103 protec\u021bia \u00eempotriva apei<\/li>\n<li>Greutate ultra-redus\u0103 &#8212; utilizarea unui nylon sub\u021bire, dar rezistent, face ca sacul s\u0103 fie aproape imperceptibil ca greutate<\/li>\n<li>Fixare practic\u0103 &#8212; \u00eenchiderea tip trident (fastex) permite sigilarea u\u0219oar\u0103 a sacului \u0219i crearea unui m\u00e2ner confortabil pentru transport<\/li>\n<li>Design vibrant &#8212; culorile intense ajut\u0103 la identificarea rapid\u0103 a sacului printre restul echipamentului<\/li>\n<li>Compactitate &#8212; atunci c\u00e2nd este gol, ocup\u0103 un spa\u021biu minim, put\u00e2nd fi rulat cu u\u0219urin\u021b\u0103<\/li>\n<\/ul>\n<h3>Caracteristici<\/h3>\n<ul>\n<li>Volum &#8212; 20 l<\/li>\n<li>Material &#8212; 40D Nylon Ripstop (Siliconized\/PU)<\/li>\n<li>\u00cenchidere &#8212; Roll-top (prin rulare) cu trident<\/li>\n<li>Cus\u0103turi &#8212; complet sigilate<\/li>\n<\/ul>\n<h3>Tehnologii<\/h3>\n<ul>\n<li><strong>Siliconized Nylon Ripstop <\/strong>&#8212; \u021bes\u0103tur\u0103 cu structur\u0103 ranforsat\u0103 \u0219i \u00eenveli\u0219 de silicon care respinge apa \u0219i spore\u0219te durabilitatea materialului.<\/li>\n<li><strong>Roll-top Closure<\/strong> &#8212; sistem de \u00eenchidere verificat \u00een timp, care permite reglarea volumului \u0219i asigur\u0103 o izolare fiabil\u0103 fa\u021b\u0103 de mediul exterior.<\/li>\n<\/ul>\n<p><\/p>\n<h3>Marca<\/h3>\n<p>THULE - este o companie interna\u021bional\u0103 de top, recunoscut\u0103 la nivel mondial ca produc\u0103tor de top de sisteme de bagaje \u0219i cutii auto. THULE produce produse premium renumite pentru calitatea lor de neegalat, siguran\u021b\u0103, u\u0219urin\u021b\u0103 \u00een utilizare \u0219i design elegant. Produsele THULE sunt potrivite pentru persoanele care se bucur\u0103 de activit\u0103\u021bi \u00een aer liber, sunt pasionate de sport, c\u0103l\u0103toresc mult \u0219i apreciaz\u0103 solu\u021biile bine g\u00e2ndite.<\/p>","protected":false},"excerpt":{"rendered":"<p>\u0411\u0440\u0435\u043d\u0434 THULE \u2013 \u044d\u0442\u043e \u0432\u0435\u0434\u0443\u0449\u0430\u044f \u043c\u0435\u0436\u0434\u0443\u043d\u0430\u0440\u043e\u0434\u043d\u0430\u044f \u043a\u043e\u043c\u043f\u0430\u043d\u0438\u044f, \u043a\u043e\u0442\u043e\u0440\u0430\u044f \u0432\u043e \u0432\u0441\u0451\u043c \u043c\u0438\u0440\u0435 \u043f\u0440\u0438\u0437\u043d\u0430\u043d\u0430 \u043b\u0438\u0434\u0435\u0440\u043e\u043c \u043f\u043e \u043f\u0440\u043e\u0438\u0437\u0432\u043e\u0434\u0441\u0442\u0432\u0443 \u0431\u0430\u0433\u0430\u0436\u043d\u044b\u0445 \u0441\u0438\u0441\u0442\u0435\u043c \u0438 \u0430\u0432\u0442\u043e\u043c\u043e\u0431\u0438\u043b\u044c\u043d\u044b\u0445 \u0431\u043e\u043a\u0441\u043e\u0432. \u041a\u043e\u043c\u043f\u0430\u043d\u0438\u044f THULE \u043f\u0440\u043e\u0438\u0437\u0432\u043e\u0434\u0438\u0442 \u043f\u0440\u043e\u0434\u0443\u043a\u0446\u0438\u044e \u043f\u0440\u0435\u043c\u0438\u0443\u043c-\u043a\u043b\u0430\u0441\u0441\u0430, \u043a\u043e\u0442\u043e\u0440\u0430\u044f \u0441\u043b\u0430\u0432\u0438\u0442\u0441\u044f \u0441\u0432\u043e\u0438\u043c \u043d\u0435\u043f\u0440\u0435\u0432\u0437\u043e\u0439\u0434\u0451\u043d\u043d\u044b\u043c \u043a\u0430\u0447\u0435\u0441\u0442\u0432\u043e\u043c, \u0431\u0435\u0437\u043e\u043f\u0430\u0441\u043d\u043e\u0441\u0442\u044c\u044e, \u043f\u0440\u043e\u0441\u0442\u043e\u0442\u043e\u0439 \u0432 \u044d\u043a\u0441\u043f\u043b\u0443\u0430\u0442\u0430\u0446\u0438\u0438 \u0438 \u0441\u0442\u0438\u043b\u044c\u043d\u044b\u043c \u0434\u0438\u0437\u0430\u0439\u043d\u043e\u043c. \u0422\u043e\u0432\u0430\u0440\u044b THULE \u043f\u043e\u0434\u0445\u043e\u0434\u044f\u0442 \u043b\u044e\u0434\u044f\u043c, \u043a\u043e\u0442\u043e\u0440\u044b\u0435 \u043f\u0440\u0435\u0434\u043f\u043e\u0447\u0438\u0442\u0430\u044e\u0442 \u0430\u043a\u0442\u0438\u0432\u043d\u044b\u0439 \u0432\u0438\u0434 \u043e\u0442\u0434\u044b\u0445\u0430, \u0443\u0432\u043b\u0435\u043a\u0430\u044e\u0442\u0441\u044f \u0441\u043f\u043e\u0440\u0442\u043e\u043c, \u043c\u043d\u043e\u0433\u043e \u043f\u0443\u0442\u0435\u0448\u0435\u0441\u0442\u0432\u0443\u044e\u0442 \u0438 \u0446\u0435\u043d\u044f\u0442 \u043f\u0440\u043e\u0434\u0443\u043c\u0430\u043d\u043d\u044b\u0435 \u0434\u043e \u043c\u0435\u043b\u043e\u0447\u0435\u0439 [&hellip;]<\/p>\n","protected":false},"featured_media":105936,"comment_status":"open","ping_status":"closed","template":"","meta":{"_acf_changed":false,"inline_featured_image":false},"product_brand":[1469],"product_cat":[863],"product_tag":[],"class_list":{"0":"post-105208","1":"product","2":"type-product","3":"status-publish","4":"has-post-thumbnail","6":"product_brand-turbat","7":"product_cat-hermetic-bags","9":"first","10":"instock","11":"shipping-taxable","12":"purchasable","13":"product-type-simple"},"acf":[],"yoast_head":"<!-- This site is optimized with the Yoast SEO plugin v27.4 - https:\/\/yoast.com\/product\/yoast-seo-wordpress\/ -->\n<title>\u0413\u0435\u0440\u043c\u043e\u043c\u0435\u0448\u043e\u043a Turbat Germik 20L yellow - \u041c\u0430\u0433\u0430\u0437\u0438\u043d Xstyle<\/title>\n<meta name=\"robots\" content=\"index, follow, max-snippet:-1, max-image-preview:large, max-video-preview:-1\" \/>\n<link rel=\"canonical\" href=\"https:\/\/xstyle.md\/ro\/produs\/germomeshok-turbat-germik-20l-yellow\/\" \/>\n<meta property=\"og:locale\" content=\"ro_RO\" \/>\n<meta property=\"og:type\" content=\"article\" \/>\n<meta property=\"og:title\" content=\"\u0413\u0435\u0440\u043c\u043e\u043c\u0435\u0448\u043e\u043a Turbat Germik 20L yellow - \u041c\u0430\u0433\u0430\u0437\u0438\u043d Xstyle\" \/>\n<meta property=\"og:description\" content=\"\u0411\u0440\u0435\u043d\u0434 THULE \u2013 \u044d\u0442\u043e \u0432\u0435\u0434\u0443\u0449\u0430\u044f \u043c\u0435\u0436\u0434\u0443\u043d\u0430\u0440\u043e\u0434\u043d\u0430\u044f \u043a\u043e\u043c\u043f\u0430\u043d\u0438\u044f, \u043a\u043e\u0442\u043e\u0440\u0430\u044f \u0432\u043e \u0432\u0441\u0451\u043c \u043c\u0438\u0440\u0435 \u043f\u0440\u0438\u0437\u043d\u0430\u043d\u0430 \u043b\u0438\u0434\u0435\u0440\u043e\u043c \u043f\u043e \u043f\u0440\u043e\u0438\u0437\u0432\u043e\u0434\u0441\u0442\u0432\u0443 \u0431\u0430\u0433\u0430\u0436\u043d\u044b\u0445 \u0441\u0438\u0441\u0442\u0435\u043c \u0438 \u0430\u0432\u0442\u043e\u043c\u043e\u0431\u0438\u043b\u044c\u043d\u044b\u0445 \u0431\u043e\u043a\u0441\u043e\u0432. \u041a\u043e\u043c\u043f\u0430\u043d\u0438\u044f THULE \u043f\u0440\u043e\u0438\u0437\u0432\u043e\u0434\u0438\u0442 \u043f\u0440\u043e\u0434\u0443\u043a\u0446\u0438\u044e \u043f\u0440\u0435\u043c\u0438\u0443\u043c-\u043a\u043b\u0430\u0441\u0441\u0430, \u043a\u043e\u0442\u043e\u0440\u0430\u044f \u0441\u043b\u0430\u0432\u0438\u0442\u0441\u044f \u0441\u0432\u043e\u0438\u043c \u043d\u0435\u043f\u0440\u0435\u0432\u0437\u043e\u0439\u0434\u0451\u043d\u043d\u044b\u043c \u043a\u0430\u0447\u0435\u0441\u0442\u0432\u043e\u043c, \u0431\u0435\u0437\u043e\u043f\u0430\u0441\u043d\u043e\u0441\u0442\u044c\u044e, \u043f\u0440\u043e\u0441\u0442\u043e\u0442\u043e\u0439 \u0432 \u044d\u043a\u0441\u043f\u043b\u0443\u0430\u0442\u0430\u0446\u0438\u0438 \u0438 \u0441\u0442\u0438\u043b\u044c\u043d\u044b\u043c \u0434\u0438\u0437\u0430\u0439\u043d\u043e\u043c. \u0422\u043e\u0432\u0430\u0440\u044b THULE \u043f\u043e\u0434\u0445\u043e\u0434\u044f\u0442 \u043b\u044e\u0434\u044f\u043c, \u043a\u043e\u0442\u043e\u0440\u044b\u0435 \u043f\u0440\u0435\u0434\u043f\u043e\u0447\u0438\u0442\u0430\u044e\u0442 \u0430\u043a\u0442\u0438\u0432\u043d\u044b\u0439 \u0432\u0438\u0434 \u043e\u0442\u0434\u044b\u0445\u0430, \u0443\u0432\u043b\u0435\u043a\u0430\u044e\u0442\u0441\u044f \u0441\u043f\u043e\u0440\u0442\u043e\u043c, \u043c\u043d\u043e\u0433\u043e \u043f\u0443\u0442\u0435\u0448\u0435\u0441\u0442\u0432\u0443\u044e\u0442 \u0438 \u0446\u0435\u043d\u044f\u0442 \u043f\u0440\u043e\u0434\u0443\u043c\u0430\u043d\u043d\u044b\u0435 \u0434\u043e \u043c\u0435\u043b\u043e\u0447\u0435\u0439 [&hellip;]\" \/>\n<meta property=\"og:url\" content=\"https:\/\/xstyle.md\/ro\/produs\/germomeshok-turbat-germik-20l-yellow\/\" \/>\n<meta property=\"og:site_name\" content=\"\u041c\u0430\u0433\u0430\u0437\u0438\u043d Xstyle\" \/>\n<meta property=\"article:publisher\" content=\"https:\/\/www.facebook.com\/xstylemd\" \/>\n<meta property=\"article:modified_time\" content=\"2026-04-20T11:58:54+00:00\" \/>\n<meta property=\"og:image\" content=\"https:\/\/xstyle.md\/wp-content\/uploads\/2026\/04\/turbat-germik-20l-yellow.webp\" \/>\n\t<meta property=\"og:image:width\" content=\"1200\" \/>\n\t<meta property=\"og:image:height\" content=\"1200\" \/>\n\t<meta property=\"og:image:type\" content=\"image\/webp\" \/>\n<meta name=\"twitter:card\" content=\"summary_large_image\" \/>\n<meta name=\"twitter:label1\" content=\"Pre\u021b\" \/>\n\t<meta name=\"twitter:data1\" content=\"315&nbsp;MDL\" \/>\n\t<meta name=\"twitter:label2\" content=\"Disponibilitate\" \/>\n\t<meta name=\"twitter:data2\" content=\"\u00cen stoc\" \/>\n<script type=\"application\/ld+json\" class=\"yoast-schema-graph\">{\"@context\":\"https:\\\/\\\/schema.org\",\"@graph\":[{\"@type\":\"WebPage\",\"@id\":\"https:\\\/\\\/xstyle.md\\\/product\\\/germomeshok-turbat-germik-20l-yellow\\\/\",\"url\":\"https:\\\/\\\/xstyle.md\\\/product\\\/germomeshok-turbat-germik-20l-yellow\\\/\",\"name\":\"\u0413\u0435\u0440\u043c\u043e\u043c\u0435\u0448\u043e\u043a Turbat Germik 20L yellow - \u041c\u0430\u0433\u0430\u0437\u0438\u043d Xstyle\",\"isPartOf\":{\"@id\":\"https:\\\/\\\/xstyle.md\\\/#website\"},\"primaryImageOfPage\":{\"@id\":\"https:\\\/\\\/xstyle.md\\\/product\\\/germomeshok-turbat-germik-20l-yellow\\\/#primaryimage\"},\"image\":{\"@id\":\"https:\\\/\\\/xstyle.md\\\/product\\\/germomeshok-turbat-germik-20l-yellow\\\/#primaryimage\"},\"thumbnailUrl\":\"https:\\\/\\\/xstyle.md\\\/wp-content\\\/uploads\\\/2026\\\/04\\\/turbat-germik-20l-yellow.webp\",\"datePublished\":\"2026-04-08T10:20:33+00:00\",\"dateModified\":\"2026-04-20T11:58:54+00:00\",\"breadcrumb\":{\"@id\":\"https:\\\/\\\/xstyle.md\\\/product\\\/germomeshok-turbat-germik-20l-yellow\\\/#breadcrumb\"},\"inLanguage\":\"ro-RO\",\"potentialAction\":[{\"@type\":\"ReadAction\",\"target\":[\"https:\\\/\\\/xstyle.md\\\/product\\\/germomeshok-turbat-germik-20l-yellow\\\/\"]}]},{\"@type\":\"ImageObject\",\"inLanguage\":\"ro-RO\",\"@id\":\"https:\\\/\\\/xstyle.md\\\/product\\\/germomeshok-turbat-germik-20l-yellow\\\/#primaryimage\",\"url\":\"https:\\\/\\\/xstyle.md\\\/wp-content\\\/uploads\\\/2026\\\/04\\\/turbat-germik-20l-yellow.webp\",\"contentUrl\":\"https:\\\/\\\/xstyle.md\\\/wp-content\\\/uploads\\\/2026\\\/04\\\/turbat-germik-20l-yellow.webp\",\"width\":1200,\"height\":1200},{\"@type\":\"BreadcrumbList\",\"@id\":\"https:\\\/\\\/xstyle.md\\\/product\\\/germomeshok-turbat-germik-20l-yellow\\\/#breadcrumb\",\"itemListElement\":[{\"@type\":\"ListItem\",\"position\":1,\"name\":\"\u0413\u043b\u0430\u0432\u043d\u0430\u044f \u0441\u0442\u0440\u0430\u043d\u0438\u0446\u0430\",\"item\":\"https:\\\/\\\/xstyle.md\\\/\"},{\"@type\":\"ListItem\",\"position\":2,\"name\":\"\u041c\u0430\u0433\u0430\u0437\u0438\u043d\",\"item\":\"https:\\\/\\\/xstyle.md\\\/shop\\\/\"},{\"@type\":\"ListItem\",\"position\":3,\"name\":\"\u0413\u0435\u0440\u043c\u043e\u043c\u0435\u0448\u043e\u043a Turbat Germik 20L yellow\"}]},{\"@type\":\"WebSite\",\"@id\":\"https:\\\/\\\/xstyle.md\\\/#website\",\"url\":\"https:\\\/\\\/xstyle.md\\\/\",\"name\":\"\u041c\u0430\u0433\u0430\u0437\u0438\u043d Xstyle\",\"description\":\"C\u043d\u0430\u0440\u044f\u0436\u0435\u043d\u0438\u0435 \u0434\u043b\u044f \u0442\u0443\u0440\u0438\u0437\u043c\u0430 \u0438 \u044d\u043a\u0441\u0442\u0440\u0435\u043c\u0430\u043b\u044c\u043d\u044b\u0445 \u0432\u0438\u0434\u043e\u0432 \u0441\u043f\u043e\u0440\u0442\u0430 \u0432 \u041c\u043e\u043b\u0434\u043e\u0432\u0435.. \u0426\u0435\u043d\u044b, \u0444\u043e\u0442\u043e, \u0445\u0430\u0440\u0430\u043a\u0442\u0435\u0440\u0438\u0441\u0442\u0438\u043a\u0438 \u0432 \u041c\u043e\u043b\u0434\u043e\u0432\u0435.\",\"publisher\":{\"@id\":\"https:\\\/\\\/xstyle.md\\\/#organization\"},\"alternateName\":\"X-Style\",\"potentialAction\":[{\"@type\":\"SearchAction\",\"target\":{\"@type\":\"EntryPoint\",\"urlTemplate\":\"https:\\\/\\\/xstyle.md\\\/?s={search_term_string}\"},\"query-input\":{\"@type\":\"PropertyValueSpecification\",\"valueRequired\":true,\"valueName\":\"search_term_string\"}}],\"inLanguage\":\"ro-RO\"},{\"@type\":\"Organization\",\"@id\":\"https:\\\/\\\/xstyle.md\\\/#organization\",\"name\":\"\u041c\u0430\u0433\u0430\u0437\u0438\u043d Xstyle\",\"alternateName\":\"x-style\",\"url\":\"https:\\\/\\\/xstyle.md\\\/\",\"logo\":{\"@type\":\"ImageObject\",\"inLanguage\":\"ro-RO\",\"@id\":\"https:\\\/\\\/xstyle.md\\\/#\\\/schema\\\/logo\\\/image\\\/\",\"url\":\"https:\\\/\\\/xstyle.md\\\/wp-content\\\/uploads\\\/2020\\\/06\\\/logoicon.svg\",\"contentUrl\":\"https:\\\/\\\/xstyle.md\\\/wp-content\\\/uploads\\\/2020\\\/06\\\/logoicon.svg\",\"caption\":\"\u041c\u0430\u0433\u0430\u0437\u0438\u043d Xstyle\"},\"image\":{\"@id\":\"https:\\\/\\\/xstyle.md\\\/#\\\/schema\\\/logo\\\/image\\\/\"},\"sameAs\":[\"https:\\\/\\\/www.facebook.com\\\/xstylemd\",\"https:\\\/\\\/www.instagram.com\\\/xstyle_md\\\/\",\"https:\\\/\\\/t.me\\\/xstyle_outdoor\"],\"hasMerchantReturnPolicy\":{\"@type\":\"MerchantReturnPolicy\",\"merchantReturnLink\":\"https:\\\/\\\/xstyle.md\\\/ro\\\/conditions\\\/\"}}]}<\/script>\n<meta property=\"product:price:amount\" content=\"315.00\" \/>\n<meta property=\"product:price:currency\" content=\"MDL\" \/>\n<meta property=\"og:availability\" content=\"instock\" \/>\n<meta property=\"product:availability\" content=\"instock\" \/>\n<meta property=\"product:retailer_item_id\" content=\"4823100550437\" \/>\n<meta property=\"product:condition\" content=\"new\" \/>\n<!-- \/ Yoast SEO plugin. -->","yoast_head_json":{"title":"\u0413\u0435\u0440\u043c\u043e\u043c\u0435\u0448\u043e\u043a Turbat Germik 20L yellow - \u041c\u0430\u0433\u0430\u0437\u0438\u043d Xstyle","robots":{"index":"index","follow":"follow","max-snippet":"max-snippet:-1","max-image-preview":"max-image-preview:large","max-video-preview":"max-video-preview:-1"},"canonical":"https:\/\/xstyle.md\/ro\/produs\/germomeshok-turbat-germik-20l-yellow\/","og_locale":"ro_RO","og_type":"article","og_title":"\u0413\u0435\u0440\u043c\u043e\u043c\u0435\u0448\u043e\u043a Turbat Germik 20L yellow - \u041c\u0430\u0433\u0430\u0437\u0438\u043d Xstyle","og_description":"\u0411\u0440\u0435\u043d\u0434 THULE \u2013 \u044d\u0442\u043e \u0432\u0435\u0434\u0443\u0449\u0430\u044f \u043c\u0435\u0436\u0434\u0443\u043d\u0430\u0440\u043e\u0434\u043d\u0430\u044f \u043a\u043e\u043c\u043f\u0430\u043d\u0438\u044f, \u043a\u043e\u0442\u043e\u0440\u0430\u044f \u0432\u043e \u0432\u0441\u0451\u043c \u043c\u0438\u0440\u0435 \u043f\u0440\u0438\u0437\u043d\u0430\u043d\u0430 \u043b\u0438\u0434\u0435\u0440\u043e\u043c \u043f\u043e \u043f\u0440\u043e\u0438\u0437\u0432\u043e\u0434\u0441\u0442\u0432\u0443 \u0431\u0430\u0433\u0430\u0436\u043d\u044b\u0445 \u0441\u0438\u0441\u0442\u0435\u043c \u0438 \u0430\u0432\u0442\u043e\u043c\u043e\u0431\u0438\u043b\u044c\u043d\u044b\u0445 \u0431\u043e\u043a\u0441\u043e\u0432. \u041a\u043e\u043c\u043f\u0430\u043d\u0438\u044f THULE \u043f\u0440\u043e\u0438\u0437\u0432\u043e\u0434\u0438\u0442 \u043f\u0440\u043e\u0434\u0443\u043a\u0446\u0438\u044e \u043f\u0440\u0435\u043c\u0438\u0443\u043c-\u043a\u043b\u0430\u0441\u0441\u0430, \u043a\u043e\u0442\u043e\u0440\u0430\u044f \u0441\u043b\u0430\u0432\u0438\u0442\u0441\u044f \u0441\u0432\u043e\u0438\u043c \u043d\u0435\u043f\u0440\u0435\u0432\u0437\u043e\u0439\u0434\u0451\u043d\u043d\u044b\u043c \u043a\u0430\u0447\u0435\u0441\u0442\u0432\u043e\u043c, \u0431\u0435\u0437\u043e\u043f\u0430\u0441\u043d\u043e\u0441\u0442\u044c\u044e, \u043f\u0440\u043e\u0441\u0442\u043e\u0442\u043e\u0439 \u0432 \u044d\u043a\u0441\u043f\u043b\u0443\u0430\u0442\u0430\u0446\u0438\u0438 \u0438 \u0441\u0442\u0438\u043b\u044c\u043d\u044b\u043c \u0434\u0438\u0437\u0430\u0439\u043d\u043e\u043c. \u0422\u043e\u0432\u0430\u0440\u044b THULE \u043f\u043e\u0434\u0445\u043e\u0434\u044f\u0442 \u043b\u044e\u0434\u044f\u043c, \u043a\u043e\u0442\u043e\u0440\u044b\u0435 \u043f\u0440\u0435\u0434\u043f\u043e\u0447\u0438\u0442\u0430\u044e\u0442 \u0430\u043a\u0442\u0438\u0432\u043d\u044b\u0439 \u0432\u0438\u0434 \u043e\u0442\u0434\u044b\u0445\u0430, \u0443\u0432\u043b\u0435\u043a\u0430\u044e\u0442\u0441\u044f \u0441\u043f\u043e\u0440\u0442\u043e\u043c, \u043c\u043d\u043e\u0433\u043e \u043f\u0443\u0442\u0435\u0448\u0435\u0441\u0442\u0432\u0443\u044e\u0442 \u0438 \u0446\u0435\u043d\u044f\u0442 \u043f\u0440\u043e\u0434\u0443\u043c\u0430\u043d\u043d\u044b\u0435 \u0434\u043e \u043c\u0435\u043b\u043e\u0447\u0435\u0439 [&hellip;]","og_url":"https:\/\/xstyle.md\/ro\/produs\/germomeshok-turbat-germik-20l-yellow\/","og_site_name":"\u041c\u0430\u0433\u0430\u0437\u0438\u043d Xstyle","article_publisher":"https:\/\/www.facebook.com\/xstylemd","article_modified_time":"2026-04-20T11:58:54+00:00","og_image":[{"width":1200,"height":1200,"url":"https:\/\/xstyle.md\/wp-content\/uploads\/2026\/04\/turbat-germik-20l-yellow.webp","type":"image\/webp"}],"twitter_card":"summary_large_image","twitter_misc":{"Pre\u021b":"315&nbsp;MDL","Disponibilitate":"\u00cen stoc"},"schema":{"@context":"https:\/\/schema.org","@graph":[{"@type":"WebPage","@id":"https:\/\/xstyle.md\/product\/germomeshok-turbat-germik-20l-yellow\/","url":"https:\/\/xstyle.md\/product\/germomeshok-turbat-germik-20l-yellow\/","name":"\u0413\u0435\u0440\u043c\u043e\u043c\u0435\u0448\u043e\u043a Turbat Germik 20L yellow - \u041c\u0430\u0433\u0430\u0437\u0438\u043d Xstyle","isPartOf":{"@id":"https:\/\/xstyle.md\/#website"},"primaryImageOfPage":{"@id":"https:\/\/xstyle.md\/product\/germomeshok-turbat-germik-20l-yellow\/#primaryimage"},"image":{"@id":"https:\/\/xstyle.md\/product\/germomeshok-turbat-germik-20l-yellow\/#primaryimage"},"thumbnailUrl":"https:\/\/xstyle.md\/wp-content\/uploads\/2026\/04\/turbat-germik-20l-yellow.webp","datePublished":"2026-04-08T10:20:33+00:00","dateModified":"2026-04-20T11:58:54+00:00","breadcrumb":{"@id":"https:\/\/xstyle.md\/product\/germomeshok-turbat-germik-20l-yellow\/#breadcrumb"},"inLanguage":"ro-RO","potentialAction":[{"@type":"ReadAction","target":["https:\/\/xstyle.md\/product\/germomeshok-turbat-germik-20l-yellow\/"]}]},{"@type":"ImageObject","inLanguage":"ro-RO","@id":"https:\/\/xstyle.md\/product\/germomeshok-turbat-germik-20l-yellow\/#primaryimage","url":"https:\/\/xstyle.md\/wp-content\/uploads\/2026\/04\/turbat-germik-20l-yellow.webp","contentUrl":"https:\/\/xstyle.md\/wp-content\/uploads\/2026\/04\/turbat-germik-20l-yellow.webp","width":1200,"height":1200},{"@type":"BreadcrumbList","@id":"https:\/\/xstyle.md\/product\/germomeshok-turbat-germik-20l-yellow\/#breadcrumb","itemListElement":[{"@type":"ListItem","position":1,"name":"\u0413\u043b\u0430\u0432\u043d\u0430\u044f \u0441\u0442\u0440\u0430\u043d\u0438\u0446\u0430","item":"https:\/\/xstyle.md\/"},{"@type":"ListItem","position":2,"name":"\u041c\u0430\u0433\u0430\u0437\u0438\u043d","item":"https:\/\/xstyle.md\/shop\/"},{"@type":"ListItem","position":3,"name":"\u0413\u0435\u0440\u043c\u043e\u043c\u0435\u0448\u043e\u043a Turbat Germik 20L yellow"}]},{"@type":"WebSite","@id":"https:\/\/xstyle.md\/#website","url":"https:\/\/xstyle.md\/","name":"Magazinul X-Style","description":"Echipamente pentru turism \u0219i sporturi extreme \u00een Moldova. Pre\u021buri, fotografii, caracteristici \u00een Moldova.","publisher":{"@id":"https:\/\/xstyle.md\/#organization"},"alternateName":"X-Style","potentialAction":[{"@type":"SearchAction","target":{"@type":"EntryPoint","urlTemplate":"https:\/\/xstyle.md\/?s={search_term_string}"},"query-input":{"@type":"PropertyValueSpecification","valueRequired":true,"valueName":"search_term_string"}}],"inLanguage":"ro-RO"},{"@type":"Organization","@id":"https:\/\/xstyle.md\/#organization","name":"Magazinul X-Style","alternateName":"x-style","url":"https:\/\/xstyle.md\/","logo":{"@type":"ImageObject","inLanguage":"ro-RO","@id":"https:\/\/xstyle.md\/#\/schema\/logo\/image\/","url":"https:\/\/xstyle.md\/wp-content\/uploads\/2020\/06\/logoicon.svg","contentUrl":"https:\/\/xstyle.md\/wp-content\/uploads\/2020\/06\/logoicon.svg","caption":"\u041c\u0430\u0433\u0430\u0437\u0438\u043d Xstyle"},"image":{"@id":"https:\/\/xstyle.md\/#\/schema\/logo\/image\/"},"sameAs":["https:\/\/www.facebook.com\/xstylemd","https:\/\/www.instagram.com\/xstyle_md\/","https:\/\/t.me\/xstyle_outdoor"],"hasMerchantReturnPolicy":{"@type":"MerchantReturnPolicy","merchantReturnLink":"https:\/\/xstyle.md\/ro\/conditions\/"}}]},"product_price_amount":"315.00","product_price_currency":"MDL","og_availability":"instock","product_availability":"instock","product_retailer_item_id":"4823100550437","product_condition":"new"},"_links":{"self":[{"href":"https:\/\/xstyle.md\/ro\/wp-json\/wp\/v2\/product\/105208","targetHints":{"allow":["GET"]}}],"collection":[{"href":"https:\/\/xstyle.md\/ro\/wp-json\/wp\/v2\/product"}],"about":[{"href":"https:\/\/xstyle.md\/ro\/wp-json\/wp\/v2\/types\/product"}],"replies":[{"embeddable":true,"href":"https:\/\/xstyle.md\/ro\/wp-json\/wp\/v2\/comments?post=105208"}],"wp:featuredmedia":[{"embeddable":true,"href":"https:\/\/xstyle.md\/ro\/wp-json\/wp\/v2\/media\/105936"}],"wp:attachment":[{"href":"https:\/\/xstyle.md\/ro\/wp-json\/wp\/v2\/media?parent=105208"}],"wp:term":[{"taxonomy":"product_brand","embeddable":true,"href":"https:\/\/xstyle.md\/ro\/wp-json\/wp\/v2\/product_brand?post=105208"},{"taxonomy":"product_cat","embeddable":true,"href":"https:\/\/xstyle.md\/ro\/wp-json\/wp\/v2\/product_cat?post=105208"},{"taxonomy":"product_tag","embeddable":true,"href":"https:\/\/xstyle.md\/ro\/wp-json\/wp\/v2\/product_tag?post=105208"}],"curies":[{"name":"wp","href":"https:\/\/api.w.org\/{rel}","templated":true}]}}