{"id":105204,"date":"2026-04-08T13:20:33","date_gmt":"2026-04-08T10:20:33","guid":{"rendered":"https:\/\/xstyle.md\/?post_type=product&#038;p=105204"},"modified":"2026-04-21T11:44:11","modified_gmt":"2026-04-21T08:44:11","slug":"rubashka-turbat-maya-2-ss-wmn-rose-smoke","status":"publish","type":"product","link":"https:\/\/xstyle.md\/ro\/produs\/rubashka-turbat-maya-2-ss-wmn-rose-smoke\/","title":{"rendered":"C\u0103ma\u0219\u0103 Turbat Maya 2 SS Wmn rose smoke"},"content":{"rendered":"<\/p>\n<p><strong>Turbat Maya SS<\/strong> &#8212; c\u0103ma\u0219\u0103 u\u0219oar\u0103 cu m\u00e2neci scurte pentru femei pentru c\u0103l\u0103torii de var\u0103 \u00een aventur\u0103. Croiala clasic\u0103 v\u0103 permite s\u0103 folosi\u021bi c\u0103ma\u0219a at\u00e2t \u00een timpul c\u0103l\u0103toriilor, c\u00e2t \u0219i \u00een fiecare zi \u00een ora\u0219. Acesta este cazul c\u00e2nd dori\u021bi s\u0103 lua\u021bi cu dumneavoastr\u0103 o pies\u0103 care s\u0103 fie at\u00e2t potrivit\u0103 \u00een timpul cinei pe terasa de var\u0103 a unui ora\u0219 subtropical, c\u00e2t \u0219i func\u021bional\u0103 \u00een timp ce urca\u021bi pe cel mai apropiat v\u00e2rf cu vedere la mare. Confec\u021bionat din \u021bes\u0103tur\u0103 foarte u\u0219oar\u0103 \u0219i elastic\u0103, care este optim\u0103 pentru climatele calde \u0219i se usuc\u0103 rapid. C\u0103ma\u0219a are un nivel ridicat de protec\u021bie UV UPF50+, care este confirmat de certificatul Intertek. Dac\u0103 se dore\u0219te, m\u00e2necile c\u0103m\u0103\u0219ii pot fi rulate \u0219i fixate cu un nasture. Exist\u0103 un buzunar deschis pe piept pentru obiecte u\u0219oare (card, bani).<\/p>\n<p>Turbat Maya SS este comprimat, pliat \u0219i ocup\u0103 un spa\u021biu minim \u00eentr-un rucsac sau geant\u0103. Acest tricou este perfect pentru o petrecere de var\u0103 \u00een ora\u0219, o vacan\u021b\u0103 \u00een Turcia sau drume\u021bii u\u0219oare.<\/p>\n<h3>Particularit\u0103\u021bi<\/h3>\n<ul>\n<li>M\u00e2nec\u0103 scurt\u0103<\/li>\n<li>\u021aes\u0103tur\u0103 u\u0219oar\u0103 \u0219i elastic\u0103<\/li>\n<li>Material optimizat pentru climatul cald<\/li>\n<li>Croial\u0103 clasic\u0103<\/li>\n<li>Uscare rapid\u0103<\/li>\n<li>Cu protec\u021bie \u00eempotriva razelor UV d\u0103un\u0103toare (UPF 50+)<\/li>\n<li>Buzunar deschis pe piept pentru obiecte u\u0219oare (card, bani)<\/li>\n<li>Compresie bun\u0103<\/li>\n<\/ul>\n<h3>Caracteristici<\/h3>\n<ul>\n<li>Material &#8212; 76% nailon, 19% poliester, 5% elastan<\/li>\n<li>Sezonul &#8212; prim\u0103var\u0103\/var\u0103<\/li>\n<li>Aplicare &#8212; odihn\u0103 activ\u0103 \/ turism \/ utilizare zilnic\u0103<\/li>\n<li>Model &#8212; feminin<\/li>\n<\/ul>\n<p><\/p>\n<h3>Marca<\/h3>\n<p>Turbat este un brand ucrainean care d\u0103r\u00e2m\u0103 toate stereotipurile \u0219i miturile legate de produsele autohtone \u0219i atitudinea p\u0103rtinitoare fa\u021b\u0103 de acestea. Brandul a demonstrat c\u0103 produc\u0103torul local nu cedeaz\u0103 cu nimic \u00een fa\u021ba calit\u0103\u021bii \u0219i durabilit\u0103\u021bii produselor de import. Echipamentele Turbat sunt adaptate realit\u0103\u021bilor din latitudinile noastre \u0219i vegeta\u021biei s\u0103lbatice a Carpa\u021bilor, cu arbori dobor\u00e2\u021bi \u0219i c\u0103r\u0103ri neumblate, care pot fi dep\u0103\u0219ite doar purt\u00e2nd haine \u0219i folosind un echipament de o rezisten\u021b\u0103 deosebit\u0103. Nu degeaba creatorii au \u00eemprumutat numele companiei de la r\u00e2ul Turbat \u2013 o ap\u0103 de o frumuse\u021be \u0219i puritate incredibile, dar, \u00een acela\u0219i timp, extrem de periculoas\u0103 \u0219i greu accesibil\u0103.<\/p>\n<p>Turbat ofer\u0103 clien\u021bilor s\u0103i \u00eembr\u0103c\u0103minte \u0219i echipament at\u00e2t pentru recreerea de var\u0103, c\u00e2t \u0219i pentru cea de iarn\u0103. Hainele, \u00eenc\u0103l\u021b\u0103mintea, corturile, sacii de dormit \u0219i rucsacurile de calitate, la pre\u021buri accesibile \u0219i cu un design unic, sunt doar o parte din portofoliul companiei. \u00cen plus, produc\u0103torul \u021bine cont de interesele diferitelor categorii de consumatori, oferind game dedicate pentru copii, b\u0103rba\u021bi \u0219i femei.<\/p>\n<p>Turbat are grij\u0103 de confortul \u0219i siguran\u021ba clien\u021bilor s\u0103i, inspir\u00e2ndu-i spre sporturi active, relaxare \u00een natur\u0103, c\u0103l\u0103torii romantice \u0219i aventuri memorabile.<\/p>","protected":false},"excerpt":{"rendered":"<p>\u0411\u0440\u0435\u043d\u0434 Turbat \u2013 \u0443\u043a\u0440\u0430\u0438\u043d\u0441\u043a\u0438\u0439 \u0431\u0440\u0435\u043d\u0434, \u043b\u043e\u043c\u0430\u044e\u0449\u0438\u0439 \u0432\u0441\u0435 \u0441\u0442\u0435\u0440\u0435\u043e\u0442\u0438\u043f\u044b \u0438 \u043c\u0438\u0444\u044b \u043e\u0431 \u0443\u043a\u0440\u0430\u0438\u043d\u0441\u043a\u043e\u0439 \u043f\u0440\u043e\u0434\u0443\u043a\u0446\u0438\u0438 \u0438 \u043f\u0440\u0435\u0434\u0432\u0437\u044f\u0442\u043e\u043c \u043a \u043d\u0435\u0439 \u043e\u0442\u043d\u043e\u0448\u0435\u043d\u0438\u0438. \u041e\u043d \u0434\u043e\u043a\u0430\u0437\u0430\u043b, \u0447\u0442\u043e \u043e\u0442\u0435\u0447\u0435\u0441\u0442\u0432\u0435\u043d\u043d\u044b\u0439 \u043f\u0440\u043e\u0438\u0437\u0432\u043e\u0434\u0438\u0442\u0435\u043b\u044c \u043d\u0438\u0447\u0443\u0442\u044c \u043d\u0435 \u0443\u0441\u0442\u0443\u043f\u0430\u0435\u0442 \u043f\u043e \u043a\u0430\u0447\u0435\u0441\u0442\u0432\u0443 \u0438 \u0434\u043e\u043b\u0433\u043e\u0432\u0435\u0447\u043d\u043e\u0441\u0442\u0438 \u0438\u043c\u043f\u043e\u0440\u0442\u043d\u044b\u043c \u0442\u043e\u0432\u0430\u0440\u0430\u043c. \u041f\u0440\u043e\u0434\u0443\u043a\u0446\u0438\u044f Turbat \u0430\u0434\u0430\u043f\u0442\u0438\u0440\u043e\u0432\u0430\u043d\u0430 \u043a \u0440\u0435\u0430\u043b\u0438\u044f\u043c \u0443\u043a\u0440\u0430\u0438\u043d\u0441\u043a\u0438\u0445 \u0448\u0438\u0440\u043e\u0442, \u043a \u0434\u0438\u043a\u043e\u0439 \u0440\u0430\u0441\u0442\u0438\u0442\u0435\u043b\u044c\u043d\u043e\u0441\u0442\u0438 \u041a\u0430\u0440\u043f\u0430\u0442, \u0441 \u0437\u0430\u0432\u0430\u043b\u0435\u043d\u043d\u044b\u043c\u0438 \u0434\u0435\u0440\u0435\u0432\u044c\u044f\u043c\u0438 \u0438 \u0437\u0430\u0440\u043e\u0441\u0448\u0438\u043c\u0438 \u0442\u0440\u043e\u043f\u0438\u043d\u043a\u0430\u043c\u0438, \u043f\u0440\u0435\u043e\u0434\u043e\u043b\u0435\u0442\u044c \u043a\u043e\u0442\u043e\u0440\u044b\u0435 \u043c\u043e\u0436\u043d\u043e \u0442\u043e\u043b\u044c\u043a\u043e \u0432 \u043e\u0434\u0435\u0436\u0434\u0435 [&hellip;]<\/p>\n","protected":false},"featured_media":105970,"comment_status":"open","ping_status":"closed","template":"","meta":{"_acf_changed":false,"inline_featured_image":false},"product_brand":[1469],"product_cat":[632],"product_tag":[],"class_list":{"0":"post-105204","1":"product","2":"type-product","3":"status-publish","4":"has-post-thumbnail","6":"product_brand-turbat","7":"product_cat-camasi-femei","9":"first","10":"instock","11":"shipping-taxable","12":"purchasable","13":"product-type-simple"},"acf":[],"yoast_head":"<!-- This site is optimized with the Yoast SEO plugin v27.4 - https:\/\/yoast.com\/product\/yoast-seo-wordpress\/ -->\n<title>\u0420\u0443\u0431\u0430\u0448\u043a\u0430 Turbat Maya 2 SS Wmn rose smoke - \u041c\u0430\u0433\u0430\u0437\u0438\u043d Xstyle<\/title>\n<meta name=\"robots\" content=\"index, follow, max-snippet:-1, max-image-preview:large, max-video-preview:-1\" \/>\n<link rel=\"canonical\" href=\"https:\/\/xstyle.md\/ro\/produs\/rubashka-turbat-maya-2-ss-wmn-rose-smoke\/\" \/>\n<meta property=\"og:locale\" content=\"ro_RO\" \/>\n<meta property=\"og:type\" content=\"article\" \/>\n<meta property=\"og:title\" content=\"\u0420\u0443\u0431\u0430\u0448\u043a\u0430 Turbat Maya 2 SS Wmn rose smoke - \u041c\u0430\u0433\u0430\u0437\u0438\u043d Xstyle\" \/>\n<meta property=\"og:description\" content=\"\u0411\u0440\u0435\u043d\u0434 Turbat \u2013 \u0443\u043a\u0440\u0430\u0438\u043d\u0441\u043a\u0438\u0439 \u0431\u0440\u0435\u043d\u0434, \u043b\u043e\u043c\u0430\u044e\u0449\u0438\u0439 \u0432\u0441\u0435 \u0441\u0442\u0435\u0440\u0435\u043e\u0442\u0438\u043f\u044b \u0438 \u043c\u0438\u0444\u044b \u043e\u0431 \u0443\u043a\u0440\u0430\u0438\u043d\u0441\u043a\u043e\u0439 \u043f\u0440\u043e\u0434\u0443\u043a\u0446\u0438\u0438 \u0438 \u043f\u0440\u0435\u0434\u0432\u0437\u044f\u0442\u043e\u043c \u043a \u043d\u0435\u0439 \u043e\u0442\u043d\u043e\u0448\u0435\u043d\u0438\u0438. \u041e\u043d \u0434\u043e\u043a\u0430\u0437\u0430\u043b, \u0447\u0442\u043e \u043e\u0442\u0435\u0447\u0435\u0441\u0442\u0432\u0435\u043d\u043d\u044b\u0439 \u043f\u0440\u043e\u0438\u0437\u0432\u043e\u0434\u0438\u0442\u0435\u043b\u044c \u043d\u0438\u0447\u0443\u0442\u044c \u043d\u0435 \u0443\u0441\u0442\u0443\u043f\u0430\u0435\u0442 \u043f\u043e \u043a\u0430\u0447\u0435\u0441\u0442\u0432\u0443 \u0438 \u0434\u043e\u043b\u0433\u043e\u0432\u0435\u0447\u043d\u043e\u0441\u0442\u0438 \u0438\u043c\u043f\u043e\u0440\u0442\u043d\u044b\u043c \u0442\u043e\u0432\u0430\u0440\u0430\u043c. \u041f\u0440\u043e\u0434\u0443\u043a\u0446\u0438\u044f Turbat \u0430\u0434\u0430\u043f\u0442\u0438\u0440\u043e\u0432\u0430\u043d\u0430 \u043a \u0440\u0435\u0430\u043b\u0438\u044f\u043c \u0443\u043a\u0440\u0430\u0438\u043d\u0441\u043a\u0438\u0445 \u0448\u0438\u0440\u043e\u0442, \u043a \u0434\u0438\u043a\u043e\u0439 \u0440\u0430\u0441\u0442\u0438\u0442\u0435\u043b\u044c\u043d\u043e\u0441\u0442\u0438 \u041a\u0430\u0440\u043f\u0430\u0442, \u0441 \u0437\u0430\u0432\u0430\u043b\u0435\u043d\u043d\u044b\u043c\u0438 \u0434\u0435\u0440\u0435\u0432\u044c\u044f\u043c\u0438 \u0438 \u0437\u0430\u0440\u043e\u0441\u0448\u0438\u043c\u0438 \u0442\u0440\u043e\u043f\u0438\u043d\u043a\u0430\u043c\u0438, \u043f\u0440\u0435\u043e\u0434\u043e\u043b\u0435\u0442\u044c \u043a\u043e\u0442\u043e\u0440\u044b\u0435 \u043c\u043e\u0436\u043d\u043e \u0442\u043e\u043b\u044c\u043a\u043e \u0432 \u043e\u0434\u0435\u0436\u0434\u0435 [&hellip;]\" \/>\n<meta property=\"og:url\" content=\"https:\/\/xstyle.md\/ro\/produs\/rubashka-turbat-maya-2-ss-wmn-rose-smoke\/\" \/>\n<meta property=\"og:site_name\" content=\"\u041c\u0430\u0433\u0430\u0437\u0438\u043d Xstyle\" \/>\n<meta property=\"article:publisher\" content=\"https:\/\/www.facebook.com\/xstylemd\" \/>\n<meta property=\"article:modified_time\" content=\"2026-04-21T08:44:11+00:00\" \/>\n<meta property=\"og:image\" content=\"https:\/\/xstyle.md\/wp-content\/uploads\/2026\/04\/turbat-maya-2-ss-wmn-rose-smoke-1.webp\" \/>\n\t<meta property=\"og:image:width\" content=\"1200\" \/>\n\t<meta property=\"og:image:height\" content=\"1200\" \/>\n\t<meta property=\"og:image:type\" content=\"image\/webp\" \/>\n<meta name=\"twitter:card\" content=\"summary_large_image\" \/>\n<meta name=\"twitter:label1\" content=\"Pre\u021b\" \/>\n\t<meta name=\"twitter:data1\" content=\"990&nbsp;MDL\" \/>\n\t<meta name=\"twitter:label2\" content=\"Disponibilitate\" \/>\n\t<meta name=\"twitter:data2\" content=\"\u00cen stoc\" \/>\n<script type=\"application\/ld+json\" class=\"yoast-schema-graph\">{\"@context\":\"https:\\\/\\\/schema.org\",\"@graph\":[{\"@type\":\"WebPage\",\"@id\":\"https:\\\/\\\/xstyle.md\\\/product\\\/rubashka-turbat-maya-2-ss-wmn-rose-smoke\\\/\",\"url\":\"https:\\\/\\\/xstyle.md\\\/product\\\/rubashka-turbat-maya-2-ss-wmn-rose-smoke\\\/\",\"name\":\"\u0420\u0443\u0431\u0430\u0448\u043a\u0430 Turbat Maya 2 SS Wmn rose smoke - \u041c\u0430\u0433\u0430\u0437\u0438\u043d Xstyle\",\"isPartOf\":{\"@id\":\"https:\\\/\\\/xstyle.md\\\/#website\"},\"primaryImageOfPage\":{\"@id\":\"https:\\\/\\\/xstyle.md\\\/product\\\/rubashka-turbat-maya-2-ss-wmn-rose-smoke\\\/#primaryimage\"},\"image\":{\"@id\":\"https:\\\/\\\/xstyle.md\\\/product\\\/rubashka-turbat-maya-2-ss-wmn-rose-smoke\\\/#primaryimage\"},\"thumbnailUrl\":\"https:\\\/\\\/xstyle.md\\\/wp-content\\\/uploads\\\/2026\\\/04\\\/turbat-maya-2-ss-wmn-rose-smoke-1.webp\",\"datePublished\":\"2026-04-08T10:20:33+00:00\",\"dateModified\":\"2026-04-21T08:44:11+00:00\",\"breadcrumb\":{\"@id\":\"https:\\\/\\\/xstyle.md\\\/product\\\/rubashka-turbat-maya-2-ss-wmn-rose-smoke\\\/#breadcrumb\"},\"inLanguage\":\"ro-RO\",\"potentialAction\":[{\"@type\":\"ReadAction\",\"target\":[\"https:\\\/\\\/xstyle.md\\\/product\\\/rubashka-turbat-maya-2-ss-wmn-rose-smoke\\\/\"]}]},{\"@type\":\"ImageObject\",\"inLanguage\":\"ro-RO\",\"@id\":\"https:\\\/\\\/xstyle.md\\\/product\\\/rubashka-turbat-maya-2-ss-wmn-rose-smoke\\\/#primaryimage\",\"url\":\"https:\\\/\\\/xstyle.md\\\/wp-content\\\/uploads\\\/2026\\\/04\\\/turbat-maya-2-ss-wmn-rose-smoke-1.webp\",\"contentUrl\":\"https:\\\/\\\/xstyle.md\\\/wp-content\\\/uploads\\\/2026\\\/04\\\/turbat-maya-2-ss-wmn-rose-smoke-1.webp\",\"width\":1200,\"height\":1200},{\"@type\":\"BreadcrumbList\",\"@id\":\"https:\\\/\\\/xstyle.md\\\/product\\\/rubashka-turbat-maya-2-ss-wmn-rose-smoke\\\/#breadcrumb\",\"itemListElement\":[{\"@type\":\"ListItem\",\"position\":1,\"name\":\"\u0413\u043b\u0430\u0432\u043d\u0430\u044f \u0441\u0442\u0440\u0430\u043d\u0438\u0446\u0430\",\"item\":\"https:\\\/\\\/xstyle.md\\\/\"},{\"@type\":\"ListItem\",\"position\":2,\"name\":\"\u041c\u0430\u0433\u0430\u0437\u0438\u043d\",\"item\":\"https:\\\/\\\/xstyle.md\\\/shop\\\/\"},{\"@type\":\"ListItem\",\"position\":3,\"name\":\"\u0420\u0443\u0431\u0430\u0448\u043a\u0430 Turbat Maya 2 SS Wmn rose smoke\"}]},{\"@type\":\"WebSite\",\"@id\":\"https:\\\/\\\/xstyle.md\\\/#website\",\"url\":\"https:\\\/\\\/xstyle.md\\\/\",\"name\":\"\u041c\u0430\u0433\u0430\u0437\u0438\u043d Xstyle\",\"description\":\"C\u043d\u0430\u0440\u044f\u0436\u0435\u043d\u0438\u0435 \u0434\u043b\u044f \u0442\u0443\u0440\u0438\u0437\u043c\u0430 \u0438 \u044d\u043a\u0441\u0442\u0440\u0435\u043c\u0430\u043b\u044c\u043d\u044b\u0445 \u0432\u0438\u0434\u043e\u0432 \u0441\u043f\u043e\u0440\u0442\u0430 \u0432 \u041c\u043e\u043b\u0434\u043e\u0432\u0435.. \u0426\u0435\u043d\u044b, \u0444\u043e\u0442\u043e, \u0445\u0430\u0440\u0430\u043a\u0442\u0435\u0440\u0438\u0441\u0442\u0438\u043a\u0438 \u0432 \u041c\u043e\u043b\u0434\u043e\u0432\u0435.\",\"publisher\":{\"@id\":\"https:\\\/\\\/xstyle.md\\\/#organization\"},\"alternateName\":\"X-Style\",\"potentialAction\":[{\"@type\":\"SearchAction\",\"target\":{\"@type\":\"EntryPoint\",\"urlTemplate\":\"https:\\\/\\\/xstyle.md\\\/?s={search_term_string}\"},\"query-input\":{\"@type\":\"PropertyValueSpecification\",\"valueRequired\":true,\"valueName\":\"search_term_string\"}}],\"inLanguage\":\"ro-RO\"},{\"@type\":\"Organization\",\"@id\":\"https:\\\/\\\/xstyle.md\\\/#organization\",\"name\":\"\u041c\u0430\u0433\u0430\u0437\u0438\u043d Xstyle\",\"alternateName\":\"x-style\",\"url\":\"https:\\\/\\\/xstyle.md\\\/\",\"logo\":{\"@type\":\"ImageObject\",\"inLanguage\":\"ro-RO\",\"@id\":\"https:\\\/\\\/xstyle.md\\\/#\\\/schema\\\/logo\\\/image\\\/\",\"url\":\"https:\\\/\\\/xstyle.md\\\/wp-content\\\/uploads\\\/2020\\\/06\\\/logoicon.svg\",\"contentUrl\":\"https:\\\/\\\/xstyle.md\\\/wp-content\\\/uploads\\\/2020\\\/06\\\/logoicon.svg\",\"caption\":\"\u041c\u0430\u0433\u0430\u0437\u0438\u043d Xstyle\"},\"image\":{\"@id\":\"https:\\\/\\\/xstyle.md\\\/#\\\/schema\\\/logo\\\/image\\\/\"},\"sameAs\":[\"https:\\\/\\\/www.facebook.com\\\/xstylemd\",\"https:\\\/\\\/www.instagram.com\\\/xstyle_md\\\/\",\"https:\\\/\\\/t.me\\\/xstyle_outdoor\"],\"hasMerchantReturnPolicy\":{\"@type\":\"MerchantReturnPolicy\",\"merchantReturnLink\":\"https:\\\/\\\/xstyle.md\\\/ro\\\/conditions\\\/\"}}]}<\/script>\n<meta property=\"product:price:amount\" content=\"990.00\" \/>\n<meta property=\"product:price:currency\" content=\"MDL\" \/>\n<meta property=\"og:availability\" content=\"instock\" \/>\n<meta property=\"product:availability\" content=\"instock\" \/>\n<meta property=\"product:retailer_item_id\" content=\"4823100548571\" \/>\n<meta property=\"product:condition\" content=\"new\" \/>\n<!-- \/ Yoast SEO plugin. -->","yoast_head_json":{"title":"\u0420\u0443\u0431\u0430\u0448\u043a\u0430 Turbat Maya 2 SS Wmn rose smoke - \u041c\u0430\u0433\u0430\u0437\u0438\u043d Xstyle","robots":{"index":"index","follow":"follow","max-snippet":"max-snippet:-1","max-image-preview":"max-image-preview:large","max-video-preview":"max-video-preview:-1"},"canonical":"https:\/\/xstyle.md\/ro\/produs\/rubashka-turbat-maya-2-ss-wmn-rose-smoke\/","og_locale":"ro_RO","og_type":"article","og_title":"\u0420\u0443\u0431\u0430\u0448\u043a\u0430 Turbat Maya 2 SS Wmn rose smoke - \u041c\u0430\u0433\u0430\u0437\u0438\u043d Xstyle","og_description":"\u0411\u0440\u0435\u043d\u0434 Turbat \u2013 \u0443\u043a\u0440\u0430\u0438\u043d\u0441\u043a\u0438\u0439 \u0431\u0440\u0435\u043d\u0434, \u043b\u043e\u043c\u0430\u044e\u0449\u0438\u0439 \u0432\u0441\u0435 \u0441\u0442\u0435\u0440\u0435\u043e\u0442\u0438\u043f\u044b \u0438 \u043c\u0438\u0444\u044b \u043e\u0431 \u0443\u043a\u0440\u0430\u0438\u043d\u0441\u043a\u043e\u0439 \u043f\u0440\u043e\u0434\u0443\u043a\u0446\u0438\u0438 \u0438 \u043f\u0440\u0435\u0434\u0432\u0437\u044f\u0442\u043e\u043c \u043a \u043d\u0435\u0439 \u043e\u0442\u043d\u043e\u0448\u0435\u043d\u0438\u0438. \u041e\u043d \u0434\u043e\u043a\u0430\u0437\u0430\u043b, \u0447\u0442\u043e \u043e\u0442\u0435\u0447\u0435\u0441\u0442\u0432\u0435\u043d\u043d\u044b\u0439 \u043f\u0440\u043e\u0438\u0437\u0432\u043e\u0434\u0438\u0442\u0435\u043b\u044c \u043d\u0438\u0447\u0443\u0442\u044c \u043d\u0435 \u0443\u0441\u0442\u0443\u043f\u0430\u0435\u0442 \u043f\u043e \u043a\u0430\u0447\u0435\u0441\u0442\u0432\u0443 \u0438 \u0434\u043e\u043b\u0433\u043e\u0432\u0435\u0447\u043d\u043e\u0441\u0442\u0438 \u0438\u043c\u043f\u043e\u0440\u0442\u043d\u044b\u043c \u0442\u043e\u0432\u0430\u0440\u0430\u043c. \u041f\u0440\u043e\u0434\u0443\u043a\u0446\u0438\u044f Turbat \u0430\u0434\u0430\u043f\u0442\u0438\u0440\u043e\u0432\u0430\u043d\u0430 \u043a \u0440\u0435\u0430\u043b\u0438\u044f\u043c \u0443\u043a\u0440\u0430\u0438\u043d\u0441\u043a\u0438\u0445 \u0448\u0438\u0440\u043e\u0442, \u043a \u0434\u0438\u043a\u043e\u0439 \u0440\u0430\u0441\u0442\u0438\u0442\u0435\u043b\u044c\u043d\u043e\u0441\u0442\u0438 \u041a\u0430\u0440\u043f\u0430\u0442, \u0441 \u0437\u0430\u0432\u0430\u043b\u0435\u043d\u043d\u044b\u043c\u0438 \u0434\u0435\u0440\u0435\u0432\u044c\u044f\u043c\u0438 \u0438 \u0437\u0430\u0440\u043e\u0441\u0448\u0438\u043c\u0438 \u0442\u0440\u043e\u043f\u0438\u043d\u043a\u0430\u043c\u0438, \u043f\u0440\u0435\u043e\u0434\u043e\u043b\u0435\u0442\u044c \u043a\u043e\u0442\u043e\u0440\u044b\u0435 \u043c\u043e\u0436\u043d\u043e \u0442\u043e\u043b\u044c\u043a\u043e \u0432 \u043e\u0434\u0435\u0436\u0434\u0435 [&hellip;]","og_url":"https:\/\/xstyle.md\/ro\/produs\/rubashka-turbat-maya-2-ss-wmn-rose-smoke\/","og_site_name":"\u041c\u0430\u0433\u0430\u0437\u0438\u043d Xstyle","article_publisher":"https:\/\/www.facebook.com\/xstylemd","article_modified_time":"2026-04-21T08:44:11+00:00","og_image":[{"width":1200,"height":1200,"url":"https:\/\/xstyle.md\/wp-content\/uploads\/2026\/04\/turbat-maya-2-ss-wmn-rose-smoke-1.webp","type":"image\/webp"}],"twitter_card":"summary_large_image","twitter_misc":{"Pre\u021b":"990&nbsp;MDL","Disponibilitate":"\u00cen stoc"},"schema":{"@context":"https:\/\/schema.org","@graph":[{"@type":"WebPage","@id":"https:\/\/xstyle.md\/product\/rubashka-turbat-maya-2-ss-wmn-rose-smoke\/","url":"https:\/\/xstyle.md\/product\/rubashka-turbat-maya-2-ss-wmn-rose-smoke\/","name":"\u0420\u0443\u0431\u0430\u0448\u043a\u0430 Turbat Maya 2 SS Wmn rose smoke - \u041c\u0430\u0433\u0430\u0437\u0438\u043d Xstyle","isPartOf":{"@id":"https:\/\/xstyle.md\/#website"},"primaryImageOfPage":{"@id":"https:\/\/xstyle.md\/product\/rubashka-turbat-maya-2-ss-wmn-rose-smoke\/#primaryimage"},"image":{"@id":"https:\/\/xstyle.md\/product\/rubashka-turbat-maya-2-ss-wmn-rose-smoke\/#primaryimage"},"thumbnailUrl":"https:\/\/xstyle.md\/wp-content\/uploads\/2026\/04\/turbat-maya-2-ss-wmn-rose-smoke-1.webp","datePublished":"2026-04-08T10:20:33+00:00","dateModified":"2026-04-21T08:44:11+00:00","breadcrumb":{"@id":"https:\/\/xstyle.md\/product\/rubashka-turbat-maya-2-ss-wmn-rose-smoke\/#breadcrumb"},"inLanguage":"ro-RO","potentialAction":[{"@type":"ReadAction","target":["https:\/\/xstyle.md\/product\/rubashka-turbat-maya-2-ss-wmn-rose-smoke\/"]}]},{"@type":"ImageObject","inLanguage":"ro-RO","@id":"https:\/\/xstyle.md\/product\/rubashka-turbat-maya-2-ss-wmn-rose-smoke\/#primaryimage","url":"https:\/\/xstyle.md\/wp-content\/uploads\/2026\/04\/turbat-maya-2-ss-wmn-rose-smoke-1.webp","contentUrl":"https:\/\/xstyle.md\/wp-content\/uploads\/2026\/04\/turbat-maya-2-ss-wmn-rose-smoke-1.webp","width":1200,"height":1200},{"@type":"BreadcrumbList","@id":"https:\/\/xstyle.md\/product\/rubashka-turbat-maya-2-ss-wmn-rose-smoke\/#breadcrumb","itemListElement":[{"@type":"ListItem","position":1,"name":"\u0413\u043b\u0430\u0432\u043d\u0430\u044f \u0441\u0442\u0440\u0430\u043d\u0438\u0446\u0430","item":"https:\/\/xstyle.md\/"},{"@type":"ListItem","position":2,"name":"\u041c\u0430\u0433\u0430\u0437\u0438\u043d","item":"https:\/\/xstyle.md\/shop\/"},{"@type":"ListItem","position":3,"name":"\u0420\u0443\u0431\u0430\u0448\u043a\u0430 Turbat Maya 2 SS Wmn rose smoke"}]},{"@type":"WebSite","@id":"https:\/\/xstyle.md\/#website","url":"https:\/\/xstyle.md\/","name":"Magazinul X-Style","description":"Echipamente pentru turism \u0219i sporturi extreme \u00een Moldova. Pre\u021buri, fotografii, caracteristici \u00een Moldova.","publisher":{"@id":"https:\/\/xstyle.md\/#organization"},"alternateName":"X-Style","potentialAction":[{"@type":"SearchAction","target":{"@type":"EntryPoint","urlTemplate":"https:\/\/xstyle.md\/?s={search_term_string}"},"query-input":{"@type":"PropertyValueSpecification","valueRequired":true,"valueName":"search_term_string"}}],"inLanguage":"ro-RO"},{"@type":"Organization","@id":"https:\/\/xstyle.md\/#organization","name":"Magazinul X-Style","alternateName":"x-style","url":"https:\/\/xstyle.md\/","logo":{"@type":"ImageObject","inLanguage":"ro-RO","@id":"https:\/\/xstyle.md\/#\/schema\/logo\/image\/","url":"https:\/\/xstyle.md\/wp-content\/uploads\/2020\/06\/logoicon.svg","contentUrl":"https:\/\/xstyle.md\/wp-content\/uploads\/2020\/06\/logoicon.svg","caption":"\u041c\u0430\u0433\u0430\u0437\u0438\u043d Xstyle"},"image":{"@id":"https:\/\/xstyle.md\/#\/schema\/logo\/image\/"},"sameAs":["https:\/\/www.facebook.com\/xstylemd","https:\/\/www.instagram.com\/xstyle_md\/","https:\/\/t.me\/xstyle_outdoor"],"hasMerchantReturnPolicy":{"@type":"MerchantReturnPolicy","merchantReturnLink":"https:\/\/xstyle.md\/ro\/conditions\/"}}]},"product_price_amount":"990.00","product_price_currency":"MDL","og_availability":"instock","product_availability":"instock","product_retailer_item_id":"4823100548571","product_condition":"new"},"_links":{"self":[{"href":"https:\/\/xstyle.md\/ro\/wp-json\/wp\/v2\/product\/105204","targetHints":{"allow":["GET"]}}],"collection":[{"href":"https:\/\/xstyle.md\/ro\/wp-json\/wp\/v2\/product"}],"about":[{"href":"https:\/\/xstyle.md\/ro\/wp-json\/wp\/v2\/types\/product"}],"replies":[{"embeddable":true,"href":"https:\/\/xstyle.md\/ro\/wp-json\/wp\/v2\/comments?post=105204"}],"wp:featuredmedia":[{"embeddable":true,"href":"https:\/\/xstyle.md\/ro\/wp-json\/wp\/v2\/media\/105970"}],"wp:attachment":[{"href":"https:\/\/xstyle.md\/ro\/wp-json\/wp\/v2\/media?parent=105204"}],"wp:term":[{"taxonomy":"product_brand","embeddable":true,"href":"https:\/\/xstyle.md\/ro\/wp-json\/wp\/v2\/product_brand?post=105204"},{"taxonomy":"product_cat","embeddable":true,"href":"https:\/\/xstyle.md\/ro\/wp-json\/wp\/v2\/product_cat?post=105204"},{"taxonomy":"product_tag","embeddable":true,"href":"https:\/\/xstyle.md\/ro\/wp-json\/wp\/v2\/product_tag?post=105204"}],"curies":[{"name":"wp","href":"https:\/\/api.w.org\/{rel}","templated":true}]}}