{"id":105185,"date":"2026-04-08T13:20:30","date_gmt":"2026-04-08T10:20:30","guid":{"rendered":"https:\/\/xstyle.md\/?post_type=product&#038;p=105185"},"modified":"2026-04-20T14:34:27","modified_gmt":"2026-04-20T11:34:27","slug":"ryukzak-enroute-23-l-pond-gray-dark-slate","status":"publish","type":"product","link":"https:\/\/xstyle.md\/ro\/produs\/ryukzak-enroute-23-l-pond-gray-dark-slate\/","title":{"rendered":"Rucsac EnRoute 23 L pond gray dark slate"},"content":{"rendered":"<\/p>\n<p><strong>EnRoute 23 L pond gray dark slate<\/strong> &#8212; este un rucsac stilat \u0219i func\u021bional, potrivit at\u00e2t pentru naveta zilnic\u0103 la birou, c\u00e2t \u0219i pentru activit\u0103\u021bi recreative. Datorit\u0103 deschiderii unice \u00een form\u0103 de L, accesul la compartimentul principal devine extrem de facil, permi\u021b\u00e2nd g\u0103sirea rapid\u0103 a obiectelor necesare. Modelul combin\u0103 un design elegant \u00een culoarea Pond Gray cu un sistem avansat de protec\u021bie pentru electronice, inclusiv compartimentul rigid SafeZone pentru obiecte fragile.<\/p>\n<h3>Particularit\u0103\u021bi<\/h3>\n<ul>\n<li>Acces facil &#8212; deschiderea larg\u0103 \u00een form\u0103 de L asigur\u0103 o vizibilitate excelent\u0103 \u0219i o \u00eenc\u0103rcare u\u0219oar\u0103 a compartimentului principal<\/li>\n<li>Protec\u021bia gadgeturilor &#8212; buzunare dedicate \u0219i c\u0103ptu\u0219ite pentru un laptop de 15,6 inchi \u0219i o tablet\u0103 de 10 inchi<\/li>\n<li>SafeZone &#8212; compartiment rigid pentru protejarea ochelarilor, telefonului sau a altor obiecte de valoare \u00eempotriva loviturilor \u0219i strivirii<\/li>\n<li>Organizare eficient\u0103 &#8212; buzunar interior din plas\u0103 cu fermoar \u0219i buzunare laterale pentru sticle de ap\u0103 sau umbrel\u0103<\/li>\n<li>Sistem de prindere &#8212; bucl\u0103 special\u0103 pe panoul frontal pentru montarea unei lumini intermitente \u00een timpul mersului pe biciclet\u0103<\/li>\n<\/ul>\n<h3>Caracteristici<\/h3>\n<ul>\n<li>Material &#8212; nylon 330D, polyester 600D<\/li>\n<li>Volum &#8212; 23 l<\/li>\n<li>Dimensiuni &#8212; 30 x 24 x 47 cm<\/li>\n<li>Compartiment laptop &#8212; 38.5 x 26.5 x 3.1 cm<\/li>\n<li>Greutate &#8212; 0.98 kg<\/li>\n<\/ul>\n<h3>Tehnologii<\/h3>\n<ul>\n<li><strong>SafeZone Technology<\/strong> &#8212; compartiment rezistent la impact cu un buzunar ascuns dedesubt, conceput pentru depozitarea accesoriilor de valoare.<\/li>\n<li><strong>L-shaped opening<\/strong> &#8212; construc\u021bie special\u0103 a fermoarului care permite deschiderea complet\u0103 a p\u0103r\u021bii superioare \u0219i laterale a rucsacului pentru confort maxim.<\/li>\n<\/ul>\n<p><\/p>\n<h3>Marca<\/h3>\n<p>THULE - este o companie interna\u021bional\u0103 de top, recunoscut\u0103 la nivel mondial ca produc\u0103tor de top de sisteme de bagaje \u0219i cutii auto. THULE produce produse premium renumite pentru calitatea lor de neegalat, siguran\u021b\u0103, u\u0219urin\u021b\u0103 \u00een utilizare \u0219i design elegant. Produsele THULE sunt potrivite pentru persoanele care se bucur\u0103 de activit\u0103\u021bi \u00een aer liber, sunt pasionate de sport, c\u0103l\u0103toresc mult \u0219i apreciaz\u0103 solu\u021biile bine g\u00e2ndite.<\/p>","protected":false},"excerpt":{"rendered":"<p>\u0411\u0440\u0435\u043d\u0434 THULE \u2013 \u044d\u0442\u043e \u0432\u0435\u0434\u0443\u0449\u0430\u044f \u043c\u0435\u0436\u0434\u0443\u043d\u0430\u0440\u043e\u0434\u043d\u0430\u044f \u043a\u043e\u043c\u043f\u0430\u043d\u0438\u044f, \u043a\u043e\u0442\u043e\u0440\u0430\u044f \u0432\u043e \u0432\u0441\u0451\u043c \u043c\u0438\u0440\u0435 \u043f\u0440\u0438\u0437\u043d\u0430\u043d\u0430 \u043b\u0438\u0434\u0435\u0440\u043e\u043c \u043f\u043e \u043f\u0440\u043e\u0438\u0437\u0432\u043e\u0434\u0441\u0442\u0432\u0443 \u0431\u0430\u0433\u0430\u0436\u043d\u044b\u0445 \u0441\u0438\u0441\u0442\u0435\u043c \u0438 \u0430\u0432\u0442\u043e\u043c\u043e\u0431\u0438\u043b\u044c\u043d\u044b\u0445 \u0431\u043e\u043a\u0441\u043e\u0432. \u041a\u043e\u043c\u043f\u0430\u043d\u0438\u044f THULE \u043f\u0440\u043e\u0438\u0437\u0432\u043e\u0434\u0438\u0442 \u043f\u0440\u043e\u0434\u0443\u043a\u0446\u0438\u044e \u043f\u0440\u0435\u043c\u0438\u0443\u043c-\u043a\u043b\u0430\u0441\u0441\u0430, \u043a\u043e\u0442\u043e\u0440\u0430\u044f \u0441\u043b\u0430\u0432\u0438\u0442\u0441\u044f \u0441\u0432\u043e\u0438\u043c \u043d\u0435\u043f\u0440\u0435\u0432\u0437\u043e\u0439\u0434\u0451\u043d\u043d\u044b\u043c \u043a\u0430\u0447\u0435\u0441\u0442\u0432\u043e\u043c, \u0431\u0435\u0437\u043e\u043f\u0430\u0441\u043d\u043e\u0441\u0442\u044c\u044e, \u043f\u0440\u043e\u0441\u0442\u043e\u0442\u043e\u0439 \u0432 \u044d\u043a\u0441\u043f\u043b\u0443\u0430\u0442\u0430\u0446\u0438\u0438 \u0438 \u0441\u0442\u0438\u043b\u044c\u043d\u044b\u043c \u0434\u0438\u0437\u0430\u0439\u043d\u043e\u043c. \u0422\u043e\u0432\u0430\u0440\u044b THULE \u043f\u043e\u0434\u0445\u043e\u0434\u044f\u0442 \u043b\u044e\u0434\u044f\u043c, \u043a\u043e\u0442\u043e\u0440\u044b\u0435 \u043f\u0440\u0435\u0434\u043f\u043e\u0447\u0438\u0442\u0430\u044e\u0442 \u0430\u043a\u0442\u0438\u0432\u043d\u044b\u0439 \u0432\u0438\u0434 \u043e\u0442\u0434\u044b\u0445\u0430, \u0443\u0432\u043b\u0435\u043a\u0430\u044e\u0442\u0441\u044f \u0441\u043f\u043e\u0440\u0442\u043e\u043c, \u043c\u043d\u043e\u0433\u043e \u043f\u0443\u0442\u0435\u0448\u0435\u0441\u0442\u0432\u0443\u044e\u0442 \u0438 \u0446\u0435\u043d\u044f\u0442 \u043f\u0440\u043e\u0434\u0443\u043c\u0430\u043d\u043d\u044b\u0435 \u0434\u043e \u043c\u0435\u043b\u043e\u0447\u0435\u0439 [&hellip;]<\/p>\n","protected":false},"featured_media":105904,"comment_status":"open","ping_status":"closed","template":"","meta":{"_acf_changed":false,"inline_featured_image":false},"product_brand":[1269],"product_cat":[846],"product_tag":[],"class_list":{"0":"post-105185","1":"product","2":"type-product","3":"status-publish","4":"has-post-thumbnail","6":"product_brand-thule","7":"product_cat-city-bag","9":"first","10":"instock","11":"shipping-taxable","12":"purchasable","13":"product-type-simple"},"acf":[],"yoast_head":"<!-- This site is optimized with the Yoast SEO plugin v27.4 - https:\/\/yoast.com\/product\/yoast-seo-wordpress\/ -->\n<title>\u0420\u044e\u043a\u0437\u0430\u043a EnRoute 23 L pond gray dark slate - \u041c\u0430\u0433\u0430\u0437\u0438\u043d Xstyle<\/title>\n<meta name=\"robots\" content=\"index, follow, max-snippet:-1, max-image-preview:large, max-video-preview:-1\" \/>\n<link rel=\"canonical\" href=\"https:\/\/xstyle.md\/ro\/produs\/ryukzak-enroute-23-l-pond-gray-dark-slate\/\" \/>\n<meta property=\"og:locale\" content=\"ro_RO\" \/>\n<meta property=\"og:type\" content=\"article\" \/>\n<meta property=\"og:title\" content=\"\u0420\u044e\u043a\u0437\u0430\u043a EnRoute 23 L pond gray dark slate - \u041c\u0430\u0433\u0430\u0437\u0438\u043d Xstyle\" \/>\n<meta property=\"og:description\" content=\"\u0411\u0440\u0435\u043d\u0434 THULE \u2013 \u044d\u0442\u043e \u0432\u0435\u0434\u0443\u0449\u0430\u044f \u043c\u0435\u0436\u0434\u0443\u043d\u0430\u0440\u043e\u0434\u043d\u0430\u044f \u043a\u043e\u043c\u043f\u0430\u043d\u0438\u044f, \u043a\u043e\u0442\u043e\u0440\u0430\u044f \u0432\u043e \u0432\u0441\u0451\u043c \u043c\u0438\u0440\u0435 \u043f\u0440\u0438\u0437\u043d\u0430\u043d\u0430 \u043b\u0438\u0434\u0435\u0440\u043e\u043c \u043f\u043e \u043f\u0440\u043e\u0438\u0437\u0432\u043e\u0434\u0441\u0442\u0432\u0443 \u0431\u0430\u0433\u0430\u0436\u043d\u044b\u0445 \u0441\u0438\u0441\u0442\u0435\u043c \u0438 \u0430\u0432\u0442\u043e\u043c\u043e\u0431\u0438\u043b\u044c\u043d\u044b\u0445 \u0431\u043e\u043a\u0441\u043e\u0432. \u041a\u043e\u043c\u043f\u0430\u043d\u0438\u044f THULE \u043f\u0440\u043e\u0438\u0437\u0432\u043e\u0434\u0438\u0442 \u043f\u0440\u043e\u0434\u0443\u043a\u0446\u0438\u044e \u043f\u0440\u0435\u043c\u0438\u0443\u043c-\u043a\u043b\u0430\u0441\u0441\u0430, \u043a\u043e\u0442\u043e\u0440\u0430\u044f \u0441\u043b\u0430\u0432\u0438\u0442\u0441\u044f \u0441\u0432\u043e\u0438\u043c \u043d\u0435\u043f\u0440\u0435\u0432\u0437\u043e\u0439\u0434\u0451\u043d\u043d\u044b\u043c \u043a\u0430\u0447\u0435\u0441\u0442\u0432\u043e\u043c, \u0431\u0435\u0437\u043e\u043f\u0430\u0441\u043d\u043e\u0441\u0442\u044c\u044e, \u043f\u0440\u043e\u0441\u0442\u043e\u0442\u043e\u0439 \u0432 \u044d\u043a\u0441\u043f\u043b\u0443\u0430\u0442\u0430\u0446\u0438\u0438 \u0438 \u0441\u0442\u0438\u043b\u044c\u043d\u044b\u043c \u0434\u0438\u0437\u0430\u0439\u043d\u043e\u043c. \u0422\u043e\u0432\u0430\u0440\u044b THULE \u043f\u043e\u0434\u0445\u043e\u0434\u044f\u0442 \u043b\u044e\u0434\u044f\u043c, \u043a\u043e\u0442\u043e\u0440\u044b\u0435 \u043f\u0440\u0435\u0434\u043f\u043e\u0447\u0438\u0442\u0430\u044e\u0442 \u0430\u043a\u0442\u0438\u0432\u043d\u044b\u0439 \u0432\u0438\u0434 \u043e\u0442\u0434\u044b\u0445\u0430, \u0443\u0432\u043b\u0435\u043a\u0430\u044e\u0442\u0441\u044f \u0441\u043f\u043e\u0440\u0442\u043e\u043c, \u043c\u043d\u043e\u0433\u043e \u043f\u0443\u0442\u0435\u0448\u0435\u0441\u0442\u0432\u0443\u044e\u0442 \u0438 \u0446\u0435\u043d\u044f\u0442 \u043f\u0440\u043e\u0434\u0443\u043c\u0430\u043d\u043d\u044b\u0435 \u0434\u043e \u043c\u0435\u043b\u043e\u0447\u0435\u0439 [&hellip;]\" \/>\n<meta property=\"og:url\" content=\"https:\/\/xstyle.md\/ro\/produs\/ryukzak-enroute-23-l-pond-gray-dark-slate\/\" \/>\n<meta property=\"og:site_name\" content=\"\u041c\u0430\u0433\u0430\u0437\u0438\u043d Xstyle\" \/>\n<meta property=\"article:publisher\" content=\"https:\/\/www.facebook.com\/xstylemd\" \/>\n<meta property=\"article:modified_time\" content=\"2026-04-20T11:34:27+00:00\" \/>\n<meta property=\"og:image\" content=\"https:\/\/xstyle.md\/wp-content\/uploads\/2026\/04\/enroute-23-l-pond-gray-dark-slate-3.webp\" \/>\n\t<meta property=\"og:image:width\" content=\"1200\" \/>\n\t<meta property=\"og:image:height\" content=\"1200\" \/>\n\t<meta property=\"og:image:type\" content=\"image\/webp\" \/>\n<meta name=\"twitter:card\" content=\"summary_large_image\" \/>\n<meta name=\"twitter:label1\" content=\"Pre\u021b\" \/>\n\t<meta name=\"twitter:data1\" content=\"1.890&nbsp;MDL\" \/>\n\t<meta name=\"twitter:label2\" content=\"Disponibilitate\" \/>\n\t<meta name=\"twitter:data2\" content=\"\u00cen stoc\" \/>\n<script type=\"application\/ld+json\" class=\"yoast-schema-graph\">{\"@context\":\"https:\\\/\\\/schema.org\",\"@graph\":[{\"@type\":\"WebPage\",\"@id\":\"https:\\\/\\\/xstyle.md\\\/product\\\/ryukzak-enroute-23-l-pond-gray-dark-slate\\\/\",\"url\":\"https:\\\/\\\/xstyle.md\\\/product\\\/ryukzak-enroute-23-l-pond-gray-dark-slate\\\/\",\"name\":\"\u0420\u044e\u043a\u0437\u0430\u043a EnRoute 23 L pond gray dark slate - \u041c\u0430\u0433\u0430\u0437\u0438\u043d Xstyle\",\"isPartOf\":{\"@id\":\"https:\\\/\\\/xstyle.md\\\/#website\"},\"primaryImageOfPage\":{\"@id\":\"https:\\\/\\\/xstyle.md\\\/product\\\/ryukzak-enroute-23-l-pond-gray-dark-slate\\\/#primaryimage\"},\"image\":{\"@id\":\"https:\\\/\\\/xstyle.md\\\/product\\\/ryukzak-enroute-23-l-pond-gray-dark-slate\\\/#primaryimage\"},\"thumbnailUrl\":\"https:\\\/\\\/xstyle.md\\\/wp-content\\\/uploads\\\/2026\\\/04\\\/enroute-23-l-pond-gray-dark-slate-3.webp\",\"datePublished\":\"2026-04-08T10:20:30+00:00\",\"dateModified\":\"2026-04-20T11:34:27+00:00\",\"breadcrumb\":{\"@id\":\"https:\\\/\\\/xstyle.md\\\/product\\\/ryukzak-enroute-23-l-pond-gray-dark-slate\\\/#breadcrumb\"},\"inLanguage\":\"ro-RO\",\"potentialAction\":[{\"@type\":\"ReadAction\",\"target\":[\"https:\\\/\\\/xstyle.md\\\/product\\\/ryukzak-enroute-23-l-pond-gray-dark-slate\\\/\"]}]},{\"@type\":\"ImageObject\",\"inLanguage\":\"ro-RO\",\"@id\":\"https:\\\/\\\/xstyle.md\\\/product\\\/ryukzak-enroute-23-l-pond-gray-dark-slate\\\/#primaryimage\",\"url\":\"https:\\\/\\\/xstyle.md\\\/wp-content\\\/uploads\\\/2026\\\/04\\\/enroute-23-l-pond-gray-dark-slate-3.webp\",\"contentUrl\":\"https:\\\/\\\/xstyle.md\\\/wp-content\\\/uploads\\\/2026\\\/04\\\/enroute-23-l-pond-gray-dark-slate-3.webp\",\"width\":1200,\"height\":1200},{\"@type\":\"BreadcrumbList\",\"@id\":\"https:\\\/\\\/xstyle.md\\\/product\\\/ryukzak-enroute-23-l-pond-gray-dark-slate\\\/#breadcrumb\",\"itemListElement\":[{\"@type\":\"ListItem\",\"position\":1,\"name\":\"\u0413\u043b\u0430\u0432\u043d\u0430\u044f \u0441\u0442\u0440\u0430\u043d\u0438\u0446\u0430\",\"item\":\"https:\\\/\\\/xstyle.md\\\/\"},{\"@type\":\"ListItem\",\"position\":2,\"name\":\"\u041c\u0430\u0433\u0430\u0437\u0438\u043d\",\"item\":\"https:\\\/\\\/xstyle.md\\\/shop\\\/\"},{\"@type\":\"ListItem\",\"position\":3,\"name\":\"\u0420\u044e\u043a\u0437\u0430\u043a EnRoute 23 L pond gray dark slate\"}]},{\"@type\":\"WebSite\",\"@id\":\"https:\\\/\\\/xstyle.md\\\/#website\",\"url\":\"https:\\\/\\\/xstyle.md\\\/\",\"name\":\"\u041c\u0430\u0433\u0430\u0437\u0438\u043d Xstyle\",\"description\":\"C\u043d\u0430\u0440\u044f\u0436\u0435\u043d\u0438\u0435 \u0434\u043b\u044f \u0442\u0443\u0440\u0438\u0437\u043c\u0430 \u0438 \u044d\u043a\u0441\u0442\u0440\u0435\u043c\u0430\u043b\u044c\u043d\u044b\u0445 \u0432\u0438\u0434\u043e\u0432 \u0441\u043f\u043e\u0440\u0442\u0430 \u0432 \u041c\u043e\u043b\u0434\u043e\u0432\u0435.. \u0426\u0435\u043d\u044b, \u0444\u043e\u0442\u043e, \u0445\u0430\u0440\u0430\u043a\u0442\u0435\u0440\u0438\u0441\u0442\u0438\u043a\u0438 \u0432 \u041c\u043e\u043b\u0434\u043e\u0432\u0435.\",\"publisher\":{\"@id\":\"https:\\\/\\\/xstyle.md\\\/#organization\"},\"alternateName\":\"X-Style\",\"potentialAction\":[{\"@type\":\"SearchAction\",\"target\":{\"@type\":\"EntryPoint\",\"urlTemplate\":\"https:\\\/\\\/xstyle.md\\\/?s={search_term_string}\"},\"query-input\":{\"@type\":\"PropertyValueSpecification\",\"valueRequired\":true,\"valueName\":\"search_term_string\"}}],\"inLanguage\":\"ro-RO\"},{\"@type\":\"Organization\",\"@id\":\"https:\\\/\\\/xstyle.md\\\/#organization\",\"name\":\"\u041c\u0430\u0433\u0430\u0437\u0438\u043d Xstyle\",\"alternateName\":\"x-style\",\"url\":\"https:\\\/\\\/xstyle.md\\\/\",\"logo\":{\"@type\":\"ImageObject\",\"inLanguage\":\"ro-RO\",\"@id\":\"https:\\\/\\\/xstyle.md\\\/#\\\/schema\\\/logo\\\/image\\\/\",\"url\":\"https:\\\/\\\/xstyle.md\\\/wp-content\\\/uploads\\\/2020\\\/06\\\/logoicon.svg\",\"contentUrl\":\"https:\\\/\\\/xstyle.md\\\/wp-content\\\/uploads\\\/2020\\\/06\\\/logoicon.svg\",\"caption\":\"\u041c\u0430\u0433\u0430\u0437\u0438\u043d Xstyle\"},\"image\":{\"@id\":\"https:\\\/\\\/xstyle.md\\\/#\\\/schema\\\/logo\\\/image\\\/\"},\"sameAs\":[\"https:\\\/\\\/www.facebook.com\\\/xstylemd\",\"https:\\\/\\\/www.instagram.com\\\/xstyle_md\\\/\",\"https:\\\/\\\/t.me\\\/xstyle_outdoor\"],\"hasMerchantReturnPolicy\":{\"@type\":\"MerchantReturnPolicy\",\"merchantReturnLink\":\"https:\\\/\\\/xstyle.md\\\/ro\\\/conditions\\\/\"}}]}<\/script>\n<meta property=\"product:price:amount\" content=\"1890.00\" \/>\n<meta property=\"product:price:currency\" content=\"MDL\" \/>\n<meta property=\"og:availability\" content=\"instock\" \/>\n<meta property=\"product:availability\" content=\"instock\" \/>\n<meta property=\"product:retailer_item_id\" content=\"85854254649\" \/>\n<meta property=\"product:condition\" content=\"new\" \/>\n<!-- \/ Yoast SEO plugin. -->","yoast_head_json":{"title":"\u0420\u044e\u043a\u0437\u0430\u043a EnRoute 23 L pond gray dark slate - \u041c\u0430\u0433\u0430\u0437\u0438\u043d Xstyle","robots":{"index":"index","follow":"follow","max-snippet":"max-snippet:-1","max-image-preview":"max-image-preview:large","max-video-preview":"max-video-preview:-1"},"canonical":"https:\/\/xstyle.md\/ro\/produs\/ryukzak-enroute-23-l-pond-gray-dark-slate\/","og_locale":"ro_RO","og_type":"article","og_title":"\u0420\u044e\u043a\u0437\u0430\u043a EnRoute 23 L pond gray dark slate - \u041c\u0430\u0433\u0430\u0437\u0438\u043d Xstyle","og_description":"\u0411\u0440\u0435\u043d\u0434 THULE \u2013 \u044d\u0442\u043e \u0432\u0435\u0434\u0443\u0449\u0430\u044f \u043c\u0435\u0436\u0434\u0443\u043d\u0430\u0440\u043e\u0434\u043d\u0430\u044f \u043a\u043e\u043c\u043f\u0430\u043d\u0438\u044f, \u043a\u043e\u0442\u043e\u0440\u0430\u044f \u0432\u043e \u0432\u0441\u0451\u043c \u043c\u0438\u0440\u0435 \u043f\u0440\u0438\u0437\u043d\u0430\u043d\u0430 \u043b\u0438\u0434\u0435\u0440\u043e\u043c \u043f\u043e \u043f\u0440\u043e\u0438\u0437\u0432\u043e\u0434\u0441\u0442\u0432\u0443 \u0431\u0430\u0433\u0430\u0436\u043d\u044b\u0445 \u0441\u0438\u0441\u0442\u0435\u043c \u0438 \u0430\u0432\u0442\u043e\u043c\u043e\u0431\u0438\u043b\u044c\u043d\u044b\u0445 \u0431\u043e\u043a\u0441\u043e\u0432. \u041a\u043e\u043c\u043f\u0430\u043d\u0438\u044f THULE \u043f\u0440\u043e\u0438\u0437\u0432\u043e\u0434\u0438\u0442 \u043f\u0440\u043e\u0434\u0443\u043a\u0446\u0438\u044e \u043f\u0440\u0435\u043c\u0438\u0443\u043c-\u043a\u043b\u0430\u0441\u0441\u0430, \u043a\u043e\u0442\u043e\u0440\u0430\u044f \u0441\u043b\u0430\u0432\u0438\u0442\u0441\u044f \u0441\u0432\u043e\u0438\u043c \u043d\u0435\u043f\u0440\u0435\u0432\u0437\u043e\u0439\u0434\u0451\u043d\u043d\u044b\u043c \u043a\u0430\u0447\u0435\u0441\u0442\u0432\u043e\u043c, \u0431\u0435\u0437\u043e\u043f\u0430\u0441\u043d\u043e\u0441\u0442\u044c\u044e, \u043f\u0440\u043e\u0441\u0442\u043e\u0442\u043e\u0439 \u0432 \u044d\u043a\u0441\u043f\u043b\u0443\u0430\u0442\u0430\u0446\u0438\u0438 \u0438 \u0441\u0442\u0438\u043b\u044c\u043d\u044b\u043c \u0434\u0438\u0437\u0430\u0439\u043d\u043e\u043c. \u0422\u043e\u0432\u0430\u0440\u044b THULE \u043f\u043e\u0434\u0445\u043e\u0434\u044f\u0442 \u043b\u044e\u0434\u044f\u043c, \u043a\u043e\u0442\u043e\u0440\u044b\u0435 \u043f\u0440\u0435\u0434\u043f\u043e\u0447\u0438\u0442\u0430\u044e\u0442 \u0430\u043a\u0442\u0438\u0432\u043d\u044b\u0439 \u0432\u0438\u0434 \u043e\u0442\u0434\u044b\u0445\u0430, \u0443\u0432\u043b\u0435\u043a\u0430\u044e\u0442\u0441\u044f \u0441\u043f\u043e\u0440\u0442\u043e\u043c, \u043c\u043d\u043e\u0433\u043e \u043f\u0443\u0442\u0435\u0448\u0435\u0441\u0442\u0432\u0443\u044e\u0442 \u0438 \u0446\u0435\u043d\u044f\u0442 \u043f\u0440\u043e\u0434\u0443\u043c\u0430\u043d\u043d\u044b\u0435 \u0434\u043e \u043c\u0435\u043b\u043e\u0447\u0435\u0439 [&hellip;]","og_url":"https:\/\/xstyle.md\/ro\/produs\/ryukzak-enroute-23-l-pond-gray-dark-slate\/","og_site_name":"\u041c\u0430\u0433\u0430\u0437\u0438\u043d Xstyle","article_publisher":"https:\/\/www.facebook.com\/xstylemd","article_modified_time":"2026-04-20T11:34:27+00:00","og_image":[{"width":1200,"height":1200,"url":"https:\/\/xstyle.md\/wp-content\/uploads\/2026\/04\/enroute-23-l-pond-gray-dark-slate-3.webp","type":"image\/webp"}],"twitter_card":"summary_large_image","twitter_misc":{"Pre\u021b":"1.890&nbsp;MDL","Disponibilitate":"\u00cen stoc"},"schema":{"@context":"https:\/\/schema.org","@graph":[{"@type":"WebPage","@id":"https:\/\/xstyle.md\/product\/ryukzak-enroute-23-l-pond-gray-dark-slate\/","url":"https:\/\/xstyle.md\/product\/ryukzak-enroute-23-l-pond-gray-dark-slate\/","name":"\u0420\u044e\u043a\u0437\u0430\u043a EnRoute 23 L pond gray dark slate - \u041c\u0430\u0433\u0430\u0437\u0438\u043d Xstyle","isPartOf":{"@id":"https:\/\/xstyle.md\/#website"},"primaryImageOfPage":{"@id":"https:\/\/xstyle.md\/product\/ryukzak-enroute-23-l-pond-gray-dark-slate\/#primaryimage"},"image":{"@id":"https:\/\/xstyle.md\/product\/ryukzak-enroute-23-l-pond-gray-dark-slate\/#primaryimage"},"thumbnailUrl":"https:\/\/xstyle.md\/wp-content\/uploads\/2026\/04\/enroute-23-l-pond-gray-dark-slate-3.webp","datePublished":"2026-04-08T10:20:30+00:00","dateModified":"2026-04-20T11:34:27+00:00","breadcrumb":{"@id":"https:\/\/xstyle.md\/product\/ryukzak-enroute-23-l-pond-gray-dark-slate\/#breadcrumb"},"inLanguage":"ro-RO","potentialAction":[{"@type":"ReadAction","target":["https:\/\/xstyle.md\/product\/ryukzak-enroute-23-l-pond-gray-dark-slate\/"]}]},{"@type":"ImageObject","inLanguage":"ro-RO","@id":"https:\/\/xstyle.md\/product\/ryukzak-enroute-23-l-pond-gray-dark-slate\/#primaryimage","url":"https:\/\/xstyle.md\/wp-content\/uploads\/2026\/04\/enroute-23-l-pond-gray-dark-slate-3.webp","contentUrl":"https:\/\/xstyle.md\/wp-content\/uploads\/2026\/04\/enroute-23-l-pond-gray-dark-slate-3.webp","width":1200,"height":1200},{"@type":"BreadcrumbList","@id":"https:\/\/xstyle.md\/product\/ryukzak-enroute-23-l-pond-gray-dark-slate\/#breadcrumb","itemListElement":[{"@type":"ListItem","position":1,"name":"\u0413\u043b\u0430\u0432\u043d\u0430\u044f \u0441\u0442\u0440\u0430\u043d\u0438\u0446\u0430","item":"https:\/\/xstyle.md\/"},{"@type":"ListItem","position":2,"name":"\u041c\u0430\u0433\u0430\u0437\u0438\u043d","item":"https:\/\/xstyle.md\/shop\/"},{"@type":"ListItem","position":3,"name":"\u0420\u044e\u043a\u0437\u0430\u043a EnRoute 23 L pond gray dark slate"}]},{"@type":"WebSite","@id":"https:\/\/xstyle.md\/#website","url":"https:\/\/xstyle.md\/","name":"Magazinul X-Style","description":"Echipamente pentru turism \u0219i sporturi extreme \u00een Moldova. Pre\u021buri, fotografii, caracteristici \u00een Moldova.","publisher":{"@id":"https:\/\/xstyle.md\/#organization"},"alternateName":"X-Style","potentialAction":[{"@type":"SearchAction","target":{"@type":"EntryPoint","urlTemplate":"https:\/\/xstyle.md\/?s={search_term_string}"},"query-input":{"@type":"PropertyValueSpecification","valueRequired":true,"valueName":"search_term_string"}}],"inLanguage":"ro-RO"},{"@type":"Organization","@id":"https:\/\/xstyle.md\/#organization","name":"Magazinul X-Style","alternateName":"x-style","url":"https:\/\/xstyle.md\/","logo":{"@type":"ImageObject","inLanguage":"ro-RO","@id":"https:\/\/xstyle.md\/#\/schema\/logo\/image\/","url":"https:\/\/xstyle.md\/wp-content\/uploads\/2020\/06\/logoicon.svg","contentUrl":"https:\/\/xstyle.md\/wp-content\/uploads\/2020\/06\/logoicon.svg","caption":"\u041c\u0430\u0433\u0430\u0437\u0438\u043d Xstyle"},"image":{"@id":"https:\/\/xstyle.md\/#\/schema\/logo\/image\/"},"sameAs":["https:\/\/www.facebook.com\/xstylemd","https:\/\/www.instagram.com\/xstyle_md\/","https:\/\/t.me\/xstyle_outdoor"],"hasMerchantReturnPolicy":{"@type":"MerchantReturnPolicy","merchantReturnLink":"https:\/\/xstyle.md\/ro\/conditions\/"}}]},"product_price_amount":"1890.00","product_price_currency":"MDL","og_availability":"instock","product_availability":"instock","product_retailer_item_id":"85854254649","product_condition":"new"},"_links":{"self":[{"href":"https:\/\/xstyle.md\/ro\/wp-json\/wp\/v2\/product\/105185","targetHints":{"allow":["GET"]}}],"collection":[{"href":"https:\/\/xstyle.md\/ro\/wp-json\/wp\/v2\/product"}],"about":[{"href":"https:\/\/xstyle.md\/ro\/wp-json\/wp\/v2\/types\/product"}],"replies":[{"embeddable":true,"href":"https:\/\/xstyle.md\/ro\/wp-json\/wp\/v2\/comments?post=105185"}],"wp:featuredmedia":[{"embeddable":true,"href":"https:\/\/xstyle.md\/ro\/wp-json\/wp\/v2\/media\/105904"}],"wp:attachment":[{"href":"https:\/\/xstyle.md\/ro\/wp-json\/wp\/v2\/media?parent=105185"}],"wp:term":[{"taxonomy":"product_brand","embeddable":true,"href":"https:\/\/xstyle.md\/ro\/wp-json\/wp\/v2\/product_brand?post=105185"},{"taxonomy":"product_cat","embeddable":true,"href":"https:\/\/xstyle.md\/ro\/wp-json\/wp\/v2\/product_cat?post=105185"},{"taxonomy":"product_tag","embeddable":true,"href":"https:\/\/xstyle.md\/ro\/wp-json\/wp\/v2\/product_tag?post=105185"}],"curies":[{"name":"wp","href":"https:\/\/api.w.org\/{rel}","templated":true}]}}