{"id":105173,"date":"2026-04-08T13:20:29","date_gmt":"2026-04-08T10:20:29","guid":{"rendered":"https:\/\/xstyle.md\/?post_type=product&#038;p=105173"},"modified":"2026-04-17T13:13:15","modified_gmt":"2026-04-17T10:13:15","slug":"sumka-dlya-magnezii-chalk-belt-10-mm-green","status":"publish","type":"product","link":"https:\/\/xstyle.md\/ro\/produs\/sumka-dlya-magnezii-chalk-belt-10-mm-green\/","title":{"rendered":"Centura gentuta magnezie Chalk Belt 10 mm green"},"content":{"rendered":"<\/p>\n<p><strong>Chalk Belt 10 mm green<\/strong> &#8212; este un accesoriu u\u0219or \u0219i rezistent, conceput pentru fixarea s\u0103cule\u021bului de magneziu pe talia c\u0103\u021b\u0103r\u0103torului. Datorit\u0103 simplit\u0103\u021bii \u0219i fiabilit\u0103\u021bii sale, aceasta este un element esen\u021bial at\u00e2t pentru antrenamentele la panou, c\u00e2t \u0219i pentru traseele pe st\u00e2nc\u0103. Cureaua permite punerea sau scoaterea rapid\u0103 a s\u0103cule\u021bului, asigur\u00e2nd o pozi\u021bie stabil\u0103 a acestuia \u00een timpul escaladei.<\/p>\n<h3>Particularit\u0103\u021bi<\/h3>\n<ul>\n<li>Reglare rapid\u0103 &#8212; catarama din plastic tip trident permite ajustarea dimensiunii dintr-o singur\u0103 mi\u0219care<\/li>\n<li>Greutate redus\u0103 &#8212; construc\u021bia compact\u0103 nu adaug\u0103 volum inutil \u0219i este aproape imperceptibil\u0103 pe corp<\/li>\n<li>Versatilitate &#8212; compatibil\u0103 cu toate modelele de s\u0103cule\u021bi de magneziu Singing Rock \u0219i cu majoritatea s\u0103cule\u021bilor de la alte branduri<\/li>\n<li>Material rezistent &#8212; chinga rezistent\u0103 la abraziune face fa\u021b\u0103 frec\u0103rii cu st\u00e2nca \u0219i \u00ee\u0219i p\u0103streaz\u0103 aspectul \u00een timp<\/li>\n<\/ul>\n<h3>Caracteristici<\/h3>\n<ul>\n<li>Material &#8212; poliamid\u0103, plastic<\/li>\n<li>L\u0103\u021bime ching\u0103 &#8212; 16 mm<\/li>\n<li>Greutate &#8212; 20 g<\/li>\n<\/ul>\n<h3>Tehnologii<\/h3>\n<ul>\n<li><strong>Duraflex Buckle<\/strong> &#8212; utilizarea unor accesorii de fixare fiabile pentru o func\u021bionare de lung\u0103 durat\u0103 a \u00eenchiz\u0103torii, chiar \u0219i \u00een condi\u021bii de praf sau magneziu.<\/li>\n<\/ul>\n<p><\/p>","protected":false},"excerpt":{"rendered":"","protected":false},"featured_media":105783,"comment_status":"open","ping_status":"closed","template":"","meta":{"_acf_changed":false,"inline_featured_image":false},"product_brand":[],"product_cat":[296],"product_tag":[],"class_list":{"0":"post-105173","1":"product","2":"type-product","3":"status-publish","4":"has-post-thumbnail","6":"product_cat-chalk-and-bags","8":"first","9":"instock","10":"shipping-taxable","11":"purchasable","12":"product-type-simple"},"acf":[],"yoast_head":"<!-- This site is optimized with the Yoast SEO plugin v27.4 - https:\/\/yoast.com\/product\/yoast-seo-wordpress\/ -->\n<title>\u0420\u0435\u043c\u0435\u0448\u043e\u043a \u0434\u043b\u044f \u043c\u0435\u0448\u043e\u0447\u043a\u0430 \u0441 \u043c\u0430\u0433\u043d\u0435\u0437\u0438\u0435\u0439 Chalk Belt 10 mm green - \u041c\u0430\u0433\u0430\u0437\u0438\u043d Xstyle<\/title>\n<meta name=\"robots\" content=\"index, follow, max-snippet:-1, max-image-preview:large, max-video-preview:-1\" \/>\n<link rel=\"canonical\" href=\"https:\/\/xstyle.md\/ro\/produs\/sumka-dlya-magnezii-chalk-belt-10-mm-green\/\" \/>\n<meta property=\"og:locale\" content=\"ro_RO\" \/>\n<meta property=\"og:type\" content=\"article\" \/>\n<meta property=\"og:title\" content=\"\u0420\u0435\u043c\u0435\u0448\u043e\u043a \u0434\u043b\u044f \u043c\u0435\u0448\u043e\u0447\u043a\u0430 \u0441 \u043c\u0430\u0433\u043d\u0435\u0437\u0438\u0435\u0439 Chalk Belt 10 mm green - \u041c\u0430\u0433\u0430\u0437\u0438\u043d Xstyle\" \/>\n<meta property=\"og:url\" content=\"https:\/\/xstyle.md\/ro\/produs\/sumka-dlya-magnezii-chalk-belt-10-mm-green\/\" \/>\n<meta property=\"og:site_name\" content=\"\u041c\u0430\u0433\u0430\u0437\u0438\u043d Xstyle\" \/>\n<meta property=\"article:publisher\" content=\"https:\/\/www.facebook.com\/xstylemd\" \/>\n<meta property=\"article:modified_time\" content=\"2026-04-17T10:13:15+00:00\" \/>\n<meta property=\"og:image\" content=\"https:\/\/xstyle.md\/wp-content\/uploads\/2026\/04\/chalk-belt-10-mm-green.webp\" \/>\n\t<meta property=\"og:image:width\" content=\"1200\" \/>\n\t<meta property=\"og:image:height\" content=\"1200\" \/>\n\t<meta property=\"og:image:type\" content=\"image\/webp\" \/>\n<meta name=\"twitter:card\" content=\"summary_large_image\" \/>\n<meta name=\"twitter:label1\" content=\"Pre\u021b\" \/>\n\t<meta name=\"twitter:data1\" content=\"95&nbsp;MDL\" \/>\n\t<meta name=\"twitter:label2\" content=\"Disponibilitate\" \/>\n\t<meta name=\"twitter:data2\" content=\"\u00cen stoc\" \/>\n<script type=\"application\/ld+json\" class=\"yoast-schema-graph\">{\"@context\":\"https:\\\/\\\/schema.org\",\"@graph\":[{\"@type\":\"WebPage\",\"@id\":\"https:\\\/\\\/xstyle.md\\\/product\\\/sumka-dlya-magnezii-chalk-belt-10-mm-green\\\/\",\"url\":\"https:\\\/\\\/xstyle.md\\\/product\\\/sumka-dlya-magnezii-chalk-belt-10-mm-green\\\/\",\"name\":\"\u0420\u0435\u043c\u0435\u0448\u043e\u043a \u0434\u043b\u044f \u043c\u0435\u0448\u043e\u0447\u043a\u0430 \u0441 \u043c\u0430\u0433\u043d\u0435\u0437\u0438\u0435\u0439 Chalk Belt 10 mm green - \u041c\u0430\u0433\u0430\u0437\u0438\u043d Xstyle\",\"isPartOf\":{\"@id\":\"https:\\\/\\\/xstyle.md\\\/#website\"},\"primaryImageOfPage\":{\"@id\":\"https:\\\/\\\/xstyle.md\\\/product\\\/sumka-dlya-magnezii-chalk-belt-10-mm-green\\\/#primaryimage\"},\"image\":{\"@id\":\"https:\\\/\\\/xstyle.md\\\/product\\\/sumka-dlya-magnezii-chalk-belt-10-mm-green\\\/#primaryimage\"},\"thumbnailUrl\":\"https:\\\/\\\/xstyle.md\\\/wp-content\\\/uploads\\\/2026\\\/04\\\/chalk-belt-10-mm-green.webp\",\"datePublished\":\"2026-04-08T10:20:29+00:00\",\"dateModified\":\"2026-04-17T10:13:15+00:00\",\"breadcrumb\":{\"@id\":\"https:\\\/\\\/xstyle.md\\\/product\\\/sumka-dlya-magnezii-chalk-belt-10-mm-green\\\/#breadcrumb\"},\"inLanguage\":\"ro-RO\",\"potentialAction\":[{\"@type\":\"ReadAction\",\"target\":[\"https:\\\/\\\/xstyle.md\\\/product\\\/sumka-dlya-magnezii-chalk-belt-10-mm-green\\\/\"]}]},{\"@type\":\"ImageObject\",\"inLanguage\":\"ro-RO\",\"@id\":\"https:\\\/\\\/xstyle.md\\\/product\\\/sumka-dlya-magnezii-chalk-belt-10-mm-green\\\/#primaryimage\",\"url\":\"https:\\\/\\\/xstyle.md\\\/wp-content\\\/uploads\\\/2026\\\/04\\\/chalk-belt-10-mm-green.webp\",\"contentUrl\":\"https:\\\/\\\/xstyle.md\\\/wp-content\\\/uploads\\\/2026\\\/04\\\/chalk-belt-10-mm-green.webp\",\"width\":1200,\"height\":1200},{\"@type\":\"BreadcrumbList\",\"@id\":\"https:\\\/\\\/xstyle.md\\\/product\\\/sumka-dlya-magnezii-chalk-belt-10-mm-green\\\/#breadcrumb\",\"itemListElement\":[{\"@type\":\"ListItem\",\"position\":1,\"name\":\"\u0413\u043b\u0430\u0432\u043d\u0430\u044f \u0441\u0442\u0440\u0430\u043d\u0438\u0446\u0430\",\"item\":\"https:\\\/\\\/xstyle.md\\\/\"},{\"@type\":\"ListItem\",\"position\":2,\"name\":\"\u041c\u0430\u0433\u0430\u0437\u0438\u043d\",\"item\":\"https:\\\/\\\/xstyle.md\\\/shop\\\/\"},{\"@type\":\"ListItem\",\"position\":3,\"name\":\"\u0420\u0435\u043c\u0435\u0448\u043e\u043a \u0434\u043b\u044f \u043c\u0435\u0448\u043e\u0447\u043a\u0430 \u0441 \u043c\u0430\u0433\u043d\u0435\u0437\u0438\u0435\u0439 Chalk Belt 10 mm green\"}]},{\"@type\":\"WebSite\",\"@id\":\"https:\\\/\\\/xstyle.md\\\/#website\",\"url\":\"https:\\\/\\\/xstyle.md\\\/\",\"name\":\"\u041c\u0430\u0433\u0430\u0437\u0438\u043d Xstyle\",\"description\":\"C\u043d\u0430\u0440\u044f\u0436\u0435\u043d\u0438\u0435 \u0434\u043b\u044f \u0442\u0443\u0440\u0438\u0437\u043c\u0430 \u0438 \u044d\u043a\u0441\u0442\u0440\u0435\u043c\u0430\u043b\u044c\u043d\u044b\u0445 \u0432\u0438\u0434\u043e\u0432 \u0441\u043f\u043e\u0440\u0442\u0430 \u0432 \u041c\u043e\u043b\u0434\u043e\u0432\u0435.. \u0426\u0435\u043d\u044b, \u0444\u043e\u0442\u043e, \u0445\u0430\u0440\u0430\u043a\u0442\u0435\u0440\u0438\u0441\u0442\u0438\u043a\u0438 \u0432 \u041c\u043e\u043b\u0434\u043e\u0432\u0435.\",\"publisher\":{\"@id\":\"https:\\\/\\\/xstyle.md\\\/#organization\"},\"alternateName\":\"X-Style\",\"potentialAction\":[{\"@type\":\"SearchAction\",\"target\":{\"@type\":\"EntryPoint\",\"urlTemplate\":\"https:\\\/\\\/xstyle.md\\\/?s={search_term_string}\"},\"query-input\":{\"@type\":\"PropertyValueSpecification\",\"valueRequired\":true,\"valueName\":\"search_term_string\"}}],\"inLanguage\":\"ro-RO\"},{\"@type\":\"Organization\",\"@id\":\"https:\\\/\\\/xstyle.md\\\/#organization\",\"name\":\"\u041c\u0430\u0433\u0430\u0437\u0438\u043d Xstyle\",\"alternateName\":\"x-style\",\"url\":\"https:\\\/\\\/xstyle.md\\\/\",\"logo\":{\"@type\":\"ImageObject\",\"inLanguage\":\"ro-RO\",\"@id\":\"https:\\\/\\\/xstyle.md\\\/#\\\/schema\\\/logo\\\/image\\\/\",\"url\":\"https:\\\/\\\/xstyle.md\\\/wp-content\\\/uploads\\\/2020\\\/06\\\/logoicon.svg\",\"contentUrl\":\"https:\\\/\\\/xstyle.md\\\/wp-content\\\/uploads\\\/2020\\\/06\\\/logoicon.svg\",\"caption\":\"\u041c\u0430\u0433\u0430\u0437\u0438\u043d Xstyle\"},\"image\":{\"@id\":\"https:\\\/\\\/xstyle.md\\\/#\\\/schema\\\/logo\\\/image\\\/\"},\"sameAs\":[\"https:\\\/\\\/www.facebook.com\\\/xstylemd\",\"https:\\\/\\\/www.instagram.com\\\/xstyle_md\\\/\",\"https:\\\/\\\/t.me\\\/xstyle_outdoor\"],\"hasMerchantReturnPolicy\":{\"@type\":\"MerchantReturnPolicy\",\"merchantReturnLink\":\"https:\\\/\\\/xstyle.md\\\/ro\\\/conditions\\\/\"}}]}<\/script>\n<meta property=\"product:price:amount\" content=\"95.00\" \/>\n<meta property=\"product:price:currency\" content=\"MDL\" \/>\n<meta property=\"og:availability\" content=\"instock\" \/>\n<meta property=\"product:availability\" content=\"instock\" \/>\n<meta property=\"product:retailer_item_id\" content=\"8595033363540\" \/>\n<meta property=\"product:condition\" content=\"new\" \/>\n<!-- \/ Yoast SEO plugin. -->","yoast_head_json":{"title":"\u0420\u0435\u043c\u0435\u0448\u043e\u043a \u0434\u043b\u044f \u043c\u0435\u0448\u043e\u0447\u043a\u0430 \u0441 \u043c\u0430\u0433\u043d\u0435\u0437\u0438\u0435\u0439 Chalk Belt 10 mm green - \u041c\u0430\u0433\u0430\u0437\u0438\u043d Xstyle","robots":{"index":"index","follow":"follow","max-snippet":"max-snippet:-1","max-image-preview":"max-image-preview:large","max-video-preview":"max-video-preview:-1"},"canonical":"https:\/\/xstyle.md\/ro\/produs\/sumka-dlya-magnezii-chalk-belt-10-mm-green\/","og_locale":"ro_RO","og_type":"article","og_title":"\u0420\u0435\u043c\u0435\u0448\u043e\u043a \u0434\u043b\u044f \u043c\u0435\u0448\u043e\u0447\u043a\u0430 \u0441 \u043c\u0430\u0433\u043d\u0435\u0437\u0438\u0435\u0439 Chalk Belt 10 mm green - \u041c\u0430\u0433\u0430\u0437\u0438\u043d Xstyle","og_url":"https:\/\/xstyle.md\/ro\/produs\/sumka-dlya-magnezii-chalk-belt-10-mm-green\/","og_site_name":"\u041c\u0430\u0433\u0430\u0437\u0438\u043d Xstyle","article_publisher":"https:\/\/www.facebook.com\/xstylemd","article_modified_time":"2026-04-17T10:13:15+00:00","og_image":[{"width":1200,"height":1200,"url":"https:\/\/xstyle.md\/wp-content\/uploads\/2026\/04\/chalk-belt-10-mm-green.webp","type":"image\/webp"}],"twitter_card":"summary_large_image","twitter_misc":{"Pre\u021b":"95&nbsp;MDL","Disponibilitate":"\u00cen stoc"},"schema":{"@context":"https:\/\/schema.org","@graph":[{"@type":"WebPage","@id":"https:\/\/xstyle.md\/product\/sumka-dlya-magnezii-chalk-belt-10-mm-green\/","url":"https:\/\/xstyle.md\/product\/sumka-dlya-magnezii-chalk-belt-10-mm-green\/","name":"\u0420\u0435\u043c\u0435\u0448\u043e\u043a \u0434\u043b\u044f \u043c\u0435\u0448\u043e\u0447\u043a\u0430 \u0441 \u043c\u0430\u0433\u043d\u0435\u0437\u0438\u0435\u0439 Chalk Belt 10 mm green - \u041c\u0430\u0433\u0430\u0437\u0438\u043d Xstyle","isPartOf":{"@id":"https:\/\/xstyle.md\/#website"},"primaryImageOfPage":{"@id":"https:\/\/xstyle.md\/product\/sumka-dlya-magnezii-chalk-belt-10-mm-green\/#primaryimage"},"image":{"@id":"https:\/\/xstyle.md\/product\/sumka-dlya-magnezii-chalk-belt-10-mm-green\/#primaryimage"},"thumbnailUrl":"https:\/\/xstyle.md\/wp-content\/uploads\/2026\/04\/chalk-belt-10-mm-green.webp","datePublished":"2026-04-08T10:20:29+00:00","dateModified":"2026-04-17T10:13:15+00:00","breadcrumb":{"@id":"https:\/\/xstyle.md\/product\/sumka-dlya-magnezii-chalk-belt-10-mm-green\/#breadcrumb"},"inLanguage":"ro-RO","potentialAction":[{"@type":"ReadAction","target":["https:\/\/xstyle.md\/product\/sumka-dlya-magnezii-chalk-belt-10-mm-green\/"]}]},{"@type":"ImageObject","inLanguage":"ro-RO","@id":"https:\/\/xstyle.md\/product\/sumka-dlya-magnezii-chalk-belt-10-mm-green\/#primaryimage","url":"https:\/\/xstyle.md\/wp-content\/uploads\/2026\/04\/chalk-belt-10-mm-green.webp","contentUrl":"https:\/\/xstyle.md\/wp-content\/uploads\/2026\/04\/chalk-belt-10-mm-green.webp","width":1200,"height":1200},{"@type":"BreadcrumbList","@id":"https:\/\/xstyle.md\/product\/sumka-dlya-magnezii-chalk-belt-10-mm-green\/#breadcrumb","itemListElement":[{"@type":"ListItem","position":1,"name":"\u0413\u043b\u0430\u0432\u043d\u0430\u044f \u0441\u0442\u0440\u0430\u043d\u0438\u0446\u0430","item":"https:\/\/xstyle.md\/"},{"@type":"ListItem","position":2,"name":"\u041c\u0430\u0433\u0430\u0437\u0438\u043d","item":"https:\/\/xstyle.md\/shop\/"},{"@type":"ListItem","position":3,"name":"\u0420\u0435\u043c\u0435\u0448\u043e\u043a \u0434\u043b\u044f \u043c\u0435\u0448\u043e\u0447\u043a\u0430 \u0441 \u043c\u0430\u0433\u043d\u0435\u0437\u0438\u0435\u0439 Chalk Belt 10 mm green"}]},{"@type":"WebSite","@id":"https:\/\/xstyle.md\/#website","url":"https:\/\/xstyle.md\/","name":"Magazinul X-Style","description":"Echipamente pentru turism \u0219i sporturi extreme \u00een Moldova. Pre\u021buri, fotografii, caracteristici \u00een Moldova.","publisher":{"@id":"https:\/\/xstyle.md\/#organization"},"alternateName":"X-Style","potentialAction":[{"@type":"SearchAction","target":{"@type":"EntryPoint","urlTemplate":"https:\/\/xstyle.md\/?s={search_term_string}"},"query-input":{"@type":"PropertyValueSpecification","valueRequired":true,"valueName":"search_term_string"}}],"inLanguage":"ro-RO"},{"@type":"Organization","@id":"https:\/\/xstyle.md\/#organization","name":"Magazinul X-Style","alternateName":"x-style","url":"https:\/\/xstyle.md\/","logo":{"@type":"ImageObject","inLanguage":"ro-RO","@id":"https:\/\/xstyle.md\/#\/schema\/logo\/image\/","url":"https:\/\/xstyle.md\/wp-content\/uploads\/2020\/06\/logoicon.svg","contentUrl":"https:\/\/xstyle.md\/wp-content\/uploads\/2020\/06\/logoicon.svg","caption":"\u041c\u0430\u0433\u0430\u0437\u0438\u043d Xstyle"},"image":{"@id":"https:\/\/xstyle.md\/#\/schema\/logo\/image\/"},"sameAs":["https:\/\/www.facebook.com\/xstylemd","https:\/\/www.instagram.com\/xstyle_md\/","https:\/\/t.me\/xstyle_outdoor"],"hasMerchantReturnPolicy":{"@type":"MerchantReturnPolicy","merchantReturnLink":"https:\/\/xstyle.md\/ro\/conditions\/"}}]},"product_price_amount":"95.00","product_price_currency":"MDL","og_availability":"instock","product_availability":"instock","product_retailer_item_id":"8595033363540","product_condition":"new"},"_links":{"self":[{"href":"https:\/\/xstyle.md\/ro\/wp-json\/wp\/v2\/product\/105173","targetHints":{"allow":["GET"]}}],"collection":[{"href":"https:\/\/xstyle.md\/ro\/wp-json\/wp\/v2\/product"}],"about":[{"href":"https:\/\/xstyle.md\/ro\/wp-json\/wp\/v2\/types\/product"}],"replies":[{"embeddable":true,"href":"https:\/\/xstyle.md\/ro\/wp-json\/wp\/v2\/comments?post=105173"}],"wp:featuredmedia":[{"embeddable":true,"href":"https:\/\/xstyle.md\/ro\/wp-json\/wp\/v2\/media\/105783"}],"wp:attachment":[{"href":"https:\/\/xstyle.md\/ro\/wp-json\/wp\/v2\/media?parent=105173"}],"wp:term":[{"taxonomy":"product_brand","embeddable":true,"href":"https:\/\/xstyle.md\/ro\/wp-json\/wp\/v2\/product_brand?post=105173"},{"taxonomy":"product_cat","embeddable":true,"href":"https:\/\/xstyle.md\/ro\/wp-json\/wp\/v2\/product_cat?post=105173"},{"taxonomy":"product_tag","embeddable":true,"href":"https:\/\/xstyle.md\/ro\/wp-json\/wp\/v2\/product_tag?post=105173"}],"curies":[{"name":"wp","href":"https:\/\/api.w.org\/{rel}","templated":true}]}}