{"id":105107,"date":"2026-04-08T13:20:22","date_gmt":"2026-04-08T10:20:22","guid":{"rendered":"https:\/\/xstyle.md\/?post_type=product&#038;p=105107"},"modified":"2026-04-14T12:41:56","modified_gmt":"2026-04-14T09:41:56","slug":"ochki-invu-a2106f","status":"publish","type":"product","link":"https:\/\/xstyle.md\/ro\/produs\/ochki-invu-a2106f\/","title":{"rendered":"Ochelari INVU A2106F"},"content":{"rendered":"<\/p>\n<p><strong>INVU A2106F<\/strong> &#8212; sunt ochelari de soare b\u0103rb\u0103te\u0219ti elegan\u021bi, cu o form\u0103 dreptunghiular\u0103 clasic\u0103, ce combin\u0103 designul rafinat cu tehnologiile optice avansate. Modelul este echipat cu lentilele multistrat Ultra Polarized, care ofer\u0103 o claritate excep\u021bional\u0103 a imaginii, f\u0103r\u0103 reflexii orbitoare. Datorit\u0103 finisajului mat al ramei \u0219i liniilor laconice, ace\u0219ti ochelari sunt ideali at\u00e2t pentru stilul urban cotidian, c\u00e2t \u0219i pentru condusul automobilului.<\/p>\n<h3>Particularit\u0103\u021bi<\/h3>\n<ul>\n<li>Ultra-polarizare \u2014 lentila INVU cu 9 straturi elimin\u0103 complet reflexiile orbitoare, asigur\u00e2nd o redare natural\u0103 a culorilor \u0219i reduc\u00e2nd oboseala ochilor<\/li>\n<li>Protec\u021bie UV400 \u2014 lentilele blocheaz\u0103 100% din radia\u021biile ultraviolete nocive (razele UVA, UVB \u0219i UVC)<\/li>\n<li>Rezisten\u021b\u0103 la impact \u2014 lentilele sunt fabricate din polimeri moderni, rezisten\u021bi la zg\u00e2rieturi \u0219i deterior\u0103ri mecanice<\/li>\n<li>Ram\u0103 mat\u0103 \u2014 metalul de \u00eenalt\u0103 calitate cu finisaj mat confer\u0103 ochelarilor un aspect premium \u0219i este pl\u0103cut la atingere<\/li>\n<li>Versatilitate \u2014 forma ramei se potrive\u0219te majorit\u0103\u021bii tipurilor de fe\u021be masculine, asigur\u00e2nd o fixare confortabil\u0103 \u0219i sigur\u0103<\/li>\n<\/ul>\n<h3>Caracteristici<\/h3>\n<ul>\n<li>Material ram\u0103 \u2014 Metal<\/li>\n<li>Culoare ram\u0103 \u2014 Negru mat \/ Gri \u00eenchis<\/li>\n<li>Tip lentile \u2014 Polarizate<\/li>\n<li>Culoare lentile \u2014 Gri (Grey)<\/li>\n<li>Categoria filtrului \u2014 3 (\u00eentunecare puternic\u0103 pentru soare str\u0103lucitor)<\/li>\n<li>Dimensiuni \u2014 59 mm (l\u0103\u021bimea lentilei), 16 mm (punte nazal\u0103), 140 mm (bra\u021b)<\/li>\n<\/ul>\n<p><\/p>\n<h3>Marca<\/h3>\n<p>INVU \u2014 este un brand elve\u021bian de ochelari de soare \u0219i rame, originar din Z\u00fcrich, creat de speciali\u0219tii de la Swiss Eyewear Group AG. Fondatorii SEG sunt un grup de fo\u0219ti top-manageri ai companiei Polaroid Eyewear, care au decis s\u0103 \u00ee\u0219i pun\u0103 bazele propriei afaceri. Denumirea INVU se pronun\u021b\u0103 \u201ein-view\u201d, iar numele brandului \u00eembin\u0103 ideea de \u201eviziune\u201d (VU) cu cele mai moderne concepte de design (IN).<\/p>","protected":false},"excerpt":{"rendered":"<p>\u0411\u0440\u0435\u043d\u0434 INVU \u2013 \u0448\u0432\u0435\u0439\u0446\u0430\u0440\u0441\u043a\u0438\u0439 \u0431\u0440\u0435\u043d\u0434 \u0441\u043e\u043b\u043d\u0446\u0435\u0437\u0430\u0449\u0438\u0442\u043d\u044b\u0445 \u043e\u0447\u043a\u043e\u0432 \u0438 \u043e\u043f\u0440\u0430\u0432 \u0440\u043e\u0434\u043e\u043c \u0438\u0437 \u0426\u044e\u0440\u0438\u0445\u0430 \u0441\u043e\u0437\u0434\u0430\u043d\u043d\u044b\u0439 \u0441\u043f\u0435\u0446\u0438\u0430\u043b\u0438\u0441\u0442\u0430\u043c\u0438 Swiss Eyewear Group AG. \u041e\u0441\u043d\u043e\u0432\u0430\u0442\u0435\u043b\u0438 SEG \u2013 \u0433\u0440\u0443\u043f\u043f\u0430 \u0431\u044b\u0432\u0448\u0438\u0445 \u0442\u043e\u043f-\u043c\u0435\u043d\u0435\u0434\u0436\u0435\u0440\u043e\u0432 Polaroid Eyewear, \u043f\u0440\u0438\u043d\u044f\u0432\u0448\u0438\u0445 \u0440\u0435\u0448\u0435\u043d\u0438\u0435 \u043e\u0441\u043d\u043e\u0432\u0430\u0442\u044c \u0441\u043e\u0431\u0441\u0442\u0432\u0435\u043d\u043d\u044b\u0439 \u0431\u0438\u0437\u043d\u0435\u0441. INVU \u043f\u0440\u043e\u0438\u0437\u043d\u043e\u0441\u0438\u0442\u0441\u044f \u043a\u0430\u043a \u00abin-view\u00bb (\u00ab\u0438\u043d-\u0432\u044c\u044e\u00bb), \u0432 \u043d\u0430\u0437\u0432\u0430\u043d\u0438\u0438 \u0431\u0440\u0435\u043d\u0434\u0430 \u0441\u043e\u0447\u0435\u0442\u0430\u044e\u0442\u0441\u044f \u0438\u0434\u0435\u044f \u00ab\u0432\u0438\u0434\u0435\u043d\u0438\u044f\u00bb (VU) \u0438 \u0441\u0430\u043c\u044b\u0445 \u0441\u043e\u0432\u0440\u0435\u043c\u0435\u043d\u043d\u044b\u0445 \u0434\u0438\u0437\u0430\u0439\u043d\u0435\u0440\u0441\u043a\u0438\u0445 \u043a\u043e\u043d\u0446\u0435\u043f\u0446\u0438\u0439 (IN).<\/p>","protected":false},"featured_media":105538,"comment_status":"open","ping_status":"closed","template":"","meta":{"_acf_changed":false,"inline_featured_image":false},"product_brand":[1398],"product_cat":[608],"product_tag":[],"class_list":{"0":"post-105107","1":"product","2":"type-product","3":"status-publish","4":"has-post-thumbnail","6":"product_brand-invu","7":"product_cat-sunglasses-invu","9":"first","10":"instock","11":"shipping-taxable","12":"purchasable","13":"product-type-simple"},"acf":[],"yoast_head":"<!-- This site is optimized with the Yoast SEO plugin v27.4 - https:\/\/yoast.com\/product\/yoast-seo-wordpress\/ -->\n<title>\u041e\u0447\u043a\u0438 INVU A2106F - \u041c\u0430\u0433\u0430\u0437\u0438\u043d Xstyle<\/title>\n<meta name=\"robots\" content=\"index, follow, max-snippet:-1, max-image-preview:large, max-video-preview:-1\" \/>\n<link rel=\"canonical\" href=\"https:\/\/xstyle.md\/ro\/produs\/ochki-invu-a2106f\/\" \/>\n<meta property=\"og:locale\" content=\"ro_RO\" \/>\n<meta property=\"og:type\" content=\"article\" \/>\n<meta property=\"og:title\" content=\"\u041e\u0447\u043a\u0438 INVU A2106F - \u041c\u0430\u0433\u0430\u0437\u0438\u043d Xstyle\" \/>\n<meta property=\"og:description\" content=\"\u0411\u0440\u0435\u043d\u0434 INVU \u2013 \u0448\u0432\u0435\u0439\u0446\u0430\u0440\u0441\u043a\u0438\u0439 \u0431\u0440\u0435\u043d\u0434 \u0441\u043e\u043b\u043d\u0446\u0435\u0437\u0430\u0449\u0438\u0442\u043d\u044b\u0445 \u043e\u0447\u043a\u043e\u0432 \u0438 \u043e\u043f\u0440\u0430\u0432 \u0440\u043e\u0434\u043e\u043c \u0438\u0437 \u0426\u044e\u0440\u0438\u0445\u0430 \u0441\u043e\u0437\u0434\u0430\u043d\u043d\u044b\u0439 \u0441\u043f\u0435\u0446\u0438\u0430\u043b\u0438\u0441\u0442\u0430\u043c\u0438 Swiss Eyewear Group AG. \u041e\u0441\u043d\u043e\u0432\u0430\u0442\u0435\u043b\u0438 SEG \u2013 \u0433\u0440\u0443\u043f\u043f\u0430 \u0431\u044b\u0432\u0448\u0438\u0445 \u0442\u043e\u043f-\u043c\u0435\u043d\u0435\u0434\u0436\u0435\u0440\u043e\u0432 Polaroid Eyewear, \u043f\u0440\u0438\u043d\u044f\u0432\u0448\u0438\u0445 \u0440\u0435\u0448\u0435\u043d\u0438\u0435 \u043e\u0441\u043d\u043e\u0432\u0430\u0442\u044c \u0441\u043e\u0431\u0441\u0442\u0432\u0435\u043d\u043d\u044b\u0439 \u0431\u0438\u0437\u043d\u0435\u0441. INVU \u043f\u0440\u043e\u0438\u0437\u043d\u043e\u0441\u0438\u0442\u0441\u044f \u043a\u0430\u043a \u00abin-view\u00bb (\u00ab\u0438\u043d-\u0432\u044c\u044e\u00bb), \u0432 \u043d\u0430\u0437\u0432\u0430\u043d\u0438\u0438 \u0431\u0440\u0435\u043d\u0434\u0430 \u0441\u043e\u0447\u0435\u0442\u0430\u044e\u0442\u0441\u044f \u0438\u0434\u0435\u044f \u00ab\u0432\u0438\u0434\u0435\u043d\u0438\u044f\u00bb (VU) \u0438 \u0441\u0430\u043c\u044b\u0445 \u0441\u043e\u0432\u0440\u0435\u043c\u0435\u043d\u043d\u044b\u0445 \u0434\u0438\u0437\u0430\u0439\u043d\u0435\u0440\u0441\u043a\u0438\u0445 \u043a\u043e\u043d\u0446\u0435\u043f\u0446\u0438\u0439 (IN).\" \/>\n<meta property=\"og:url\" content=\"https:\/\/xstyle.md\/ro\/produs\/ochki-invu-a2106f\/\" \/>\n<meta property=\"og:site_name\" content=\"\u041c\u0430\u0433\u0430\u0437\u0438\u043d Xstyle\" \/>\n<meta property=\"article:publisher\" content=\"https:\/\/www.facebook.com\/xstylemd\" \/>\n<meta property=\"article:modified_time\" content=\"2026-04-14T09:41:56+00:00\" \/>\n<meta property=\"og:image\" content=\"https:\/\/xstyle.md\/wp-content\/uploads\/2026\/04\/invu-a2106f.webp\" \/>\n\t<meta property=\"og:image:width\" content=\"1200\" \/>\n\t<meta property=\"og:image:height\" content=\"1200\" \/>\n\t<meta property=\"og:image:type\" content=\"image\/webp\" \/>\n<meta name=\"twitter:card\" content=\"summary_large_image\" \/>\n<meta name=\"twitter:label1\" content=\"Pre\u021b\" \/>\n\t<meta name=\"twitter:data1\" content=\"890&nbsp;MDL\" \/>\n\t<meta name=\"twitter:label2\" content=\"Disponibilitate\" \/>\n\t<meta name=\"twitter:data2\" content=\"\u00cen stoc\" \/>\n<script type=\"application\/ld+json\" class=\"yoast-schema-graph\">{\"@context\":\"https:\\\/\\\/schema.org\",\"@graph\":[{\"@type\":\"WebPage\",\"@id\":\"https:\\\/\\\/xstyle.md\\\/product\\\/ochki-invu-a2106f\\\/\",\"url\":\"https:\\\/\\\/xstyle.md\\\/product\\\/ochki-invu-a2106f\\\/\",\"name\":\"\u041e\u0447\u043a\u0438 INVU A2106F - \u041c\u0430\u0433\u0430\u0437\u0438\u043d Xstyle\",\"isPartOf\":{\"@id\":\"https:\\\/\\\/xstyle.md\\\/#website\"},\"primaryImageOfPage\":{\"@id\":\"https:\\\/\\\/xstyle.md\\\/product\\\/ochki-invu-a2106f\\\/#primaryimage\"},\"image\":{\"@id\":\"https:\\\/\\\/xstyle.md\\\/product\\\/ochki-invu-a2106f\\\/#primaryimage\"},\"thumbnailUrl\":\"https:\\\/\\\/xstyle.md\\\/wp-content\\\/uploads\\\/2026\\\/04\\\/invu-a2106f.webp\",\"datePublished\":\"2026-04-08T10:20:22+00:00\",\"dateModified\":\"2026-04-14T09:41:56+00:00\",\"breadcrumb\":{\"@id\":\"https:\\\/\\\/xstyle.md\\\/product\\\/ochki-invu-a2106f\\\/#breadcrumb\"},\"inLanguage\":\"ro-RO\",\"potentialAction\":[{\"@type\":\"ReadAction\",\"target\":[\"https:\\\/\\\/xstyle.md\\\/product\\\/ochki-invu-a2106f\\\/\"]}]},{\"@type\":\"ImageObject\",\"inLanguage\":\"ro-RO\",\"@id\":\"https:\\\/\\\/xstyle.md\\\/product\\\/ochki-invu-a2106f\\\/#primaryimage\",\"url\":\"https:\\\/\\\/xstyle.md\\\/wp-content\\\/uploads\\\/2026\\\/04\\\/invu-a2106f.webp\",\"contentUrl\":\"https:\\\/\\\/xstyle.md\\\/wp-content\\\/uploads\\\/2026\\\/04\\\/invu-a2106f.webp\",\"width\":1200,\"height\":1200},{\"@type\":\"BreadcrumbList\",\"@id\":\"https:\\\/\\\/xstyle.md\\\/product\\\/ochki-invu-a2106f\\\/#breadcrumb\",\"itemListElement\":[{\"@type\":\"ListItem\",\"position\":1,\"name\":\"\u0413\u043b\u0430\u0432\u043d\u0430\u044f \u0441\u0442\u0440\u0430\u043d\u0438\u0446\u0430\",\"item\":\"https:\\\/\\\/xstyle.md\\\/\"},{\"@type\":\"ListItem\",\"position\":2,\"name\":\"\u041c\u0430\u0433\u0430\u0437\u0438\u043d\",\"item\":\"https:\\\/\\\/xstyle.md\\\/shop\\\/\"},{\"@type\":\"ListItem\",\"position\":3,\"name\":\"\u041e\u0447\u043a\u0438 INVU A2106F\"}]},{\"@type\":\"WebSite\",\"@id\":\"https:\\\/\\\/xstyle.md\\\/#website\",\"url\":\"https:\\\/\\\/xstyle.md\\\/\",\"name\":\"\u041c\u0430\u0433\u0430\u0437\u0438\u043d Xstyle\",\"description\":\"C\u043d\u0430\u0440\u044f\u0436\u0435\u043d\u0438\u0435 \u0434\u043b\u044f \u0442\u0443\u0440\u0438\u0437\u043c\u0430 \u0438 \u044d\u043a\u0441\u0442\u0440\u0435\u043c\u0430\u043b\u044c\u043d\u044b\u0445 \u0432\u0438\u0434\u043e\u0432 \u0441\u043f\u043e\u0440\u0442\u0430 \u0432 \u041c\u043e\u043b\u0434\u043e\u0432\u0435.. \u0426\u0435\u043d\u044b, \u0444\u043e\u0442\u043e, \u0445\u0430\u0440\u0430\u043a\u0442\u0435\u0440\u0438\u0441\u0442\u0438\u043a\u0438 \u0432 \u041c\u043e\u043b\u0434\u043e\u0432\u0435.\",\"publisher\":{\"@id\":\"https:\\\/\\\/xstyle.md\\\/#organization\"},\"alternateName\":\"X-Style\",\"potentialAction\":[{\"@type\":\"SearchAction\",\"target\":{\"@type\":\"EntryPoint\",\"urlTemplate\":\"https:\\\/\\\/xstyle.md\\\/?s={search_term_string}\"},\"query-input\":{\"@type\":\"PropertyValueSpecification\",\"valueRequired\":true,\"valueName\":\"search_term_string\"}}],\"inLanguage\":\"ro-RO\"},{\"@type\":\"Organization\",\"@id\":\"https:\\\/\\\/xstyle.md\\\/#organization\",\"name\":\"\u041c\u0430\u0433\u0430\u0437\u0438\u043d Xstyle\",\"alternateName\":\"x-style\",\"url\":\"https:\\\/\\\/xstyle.md\\\/\",\"logo\":{\"@type\":\"ImageObject\",\"inLanguage\":\"ro-RO\",\"@id\":\"https:\\\/\\\/xstyle.md\\\/#\\\/schema\\\/logo\\\/image\\\/\",\"url\":\"https:\\\/\\\/xstyle.md\\\/wp-content\\\/uploads\\\/2020\\\/06\\\/logoicon.svg\",\"contentUrl\":\"https:\\\/\\\/xstyle.md\\\/wp-content\\\/uploads\\\/2020\\\/06\\\/logoicon.svg\",\"caption\":\"\u041c\u0430\u0433\u0430\u0437\u0438\u043d Xstyle\"},\"image\":{\"@id\":\"https:\\\/\\\/xstyle.md\\\/#\\\/schema\\\/logo\\\/image\\\/\"},\"sameAs\":[\"https:\\\/\\\/www.facebook.com\\\/xstylemd\",\"https:\\\/\\\/www.instagram.com\\\/xstyle_md\\\/\",\"https:\\\/\\\/t.me\\\/xstyle_outdoor\"],\"hasMerchantReturnPolicy\":{\"@type\":\"MerchantReturnPolicy\",\"merchantReturnLink\":\"https:\\\/\\\/xstyle.md\\\/ro\\\/conditions\\\/\"}}]}<\/script>\n<meta property=\"product:price:amount\" content=\"890.00\" \/>\n<meta property=\"product:price:currency\" content=\"MDL\" \/>\n<meta property=\"og:availability\" content=\"instock\" \/>\n<meta property=\"product:availability\" content=\"instock\" \/>\n<meta property=\"product:retailer_item_id\" content=\"7630086732347\" \/>\n<meta property=\"product:condition\" content=\"new\" \/>\n<!-- \/ Yoast SEO plugin. -->","yoast_head_json":{"title":"\u041e\u0447\u043a\u0438 INVU A2106F - \u041c\u0430\u0433\u0430\u0437\u0438\u043d Xstyle","robots":{"index":"index","follow":"follow","max-snippet":"max-snippet:-1","max-image-preview":"max-image-preview:large","max-video-preview":"max-video-preview:-1"},"canonical":"https:\/\/xstyle.md\/ro\/produs\/ochki-invu-a2106f\/","og_locale":"ro_RO","og_type":"article","og_title":"\u041e\u0447\u043a\u0438 INVU A2106F - \u041c\u0430\u0433\u0430\u0437\u0438\u043d Xstyle","og_description":"\u0411\u0440\u0435\u043d\u0434 INVU \u2013 \u0448\u0432\u0435\u0439\u0446\u0430\u0440\u0441\u043a\u0438\u0439 \u0431\u0440\u0435\u043d\u0434 \u0441\u043e\u043b\u043d\u0446\u0435\u0437\u0430\u0449\u0438\u0442\u043d\u044b\u0445 \u043e\u0447\u043a\u043e\u0432 \u0438 \u043e\u043f\u0440\u0430\u0432 \u0440\u043e\u0434\u043e\u043c \u0438\u0437 \u0426\u044e\u0440\u0438\u0445\u0430 \u0441\u043e\u0437\u0434\u0430\u043d\u043d\u044b\u0439 \u0441\u043f\u0435\u0446\u0438\u0430\u043b\u0438\u0441\u0442\u0430\u043c\u0438 Swiss Eyewear Group AG. \u041e\u0441\u043d\u043e\u0432\u0430\u0442\u0435\u043b\u0438 SEG \u2013 \u0433\u0440\u0443\u043f\u043f\u0430 \u0431\u044b\u0432\u0448\u0438\u0445 \u0442\u043e\u043f-\u043c\u0435\u043d\u0435\u0434\u0436\u0435\u0440\u043e\u0432 Polaroid Eyewear, \u043f\u0440\u0438\u043d\u044f\u0432\u0448\u0438\u0445 \u0440\u0435\u0448\u0435\u043d\u0438\u0435 \u043e\u0441\u043d\u043e\u0432\u0430\u0442\u044c \u0441\u043e\u0431\u0441\u0442\u0432\u0435\u043d\u043d\u044b\u0439 \u0431\u0438\u0437\u043d\u0435\u0441. INVU \u043f\u0440\u043e\u0438\u0437\u043d\u043e\u0441\u0438\u0442\u0441\u044f \u043a\u0430\u043a \u00abin-view\u00bb (\u00ab\u0438\u043d-\u0432\u044c\u044e\u00bb), \u0432 \u043d\u0430\u0437\u0432\u0430\u043d\u0438\u0438 \u0431\u0440\u0435\u043d\u0434\u0430 \u0441\u043e\u0447\u0435\u0442\u0430\u044e\u0442\u0441\u044f \u0438\u0434\u0435\u044f \u00ab\u0432\u0438\u0434\u0435\u043d\u0438\u044f\u00bb (VU) \u0438 \u0441\u0430\u043c\u044b\u0445 \u0441\u043e\u0432\u0440\u0435\u043c\u0435\u043d\u043d\u044b\u0445 \u0434\u0438\u0437\u0430\u0439\u043d\u0435\u0440\u0441\u043a\u0438\u0445 \u043a\u043e\u043d\u0446\u0435\u043f\u0446\u0438\u0439 (IN).","og_url":"https:\/\/xstyle.md\/ro\/produs\/ochki-invu-a2106f\/","og_site_name":"\u041c\u0430\u0433\u0430\u0437\u0438\u043d Xstyle","article_publisher":"https:\/\/www.facebook.com\/xstylemd","article_modified_time":"2026-04-14T09:41:56+00:00","og_image":[{"width":1200,"height":1200,"url":"https:\/\/xstyle.md\/wp-content\/uploads\/2026\/04\/invu-a2106f.webp","type":"image\/webp"}],"twitter_card":"summary_large_image","twitter_misc":{"Pre\u021b":"890&nbsp;MDL","Disponibilitate":"\u00cen stoc"},"schema":{"@context":"https:\/\/schema.org","@graph":[{"@type":"WebPage","@id":"https:\/\/xstyle.md\/product\/ochki-invu-a2106f\/","url":"https:\/\/xstyle.md\/product\/ochki-invu-a2106f\/","name":"\u041e\u0447\u043a\u0438 INVU A2106F - \u041c\u0430\u0433\u0430\u0437\u0438\u043d Xstyle","isPartOf":{"@id":"https:\/\/xstyle.md\/#website"},"primaryImageOfPage":{"@id":"https:\/\/xstyle.md\/product\/ochki-invu-a2106f\/#primaryimage"},"image":{"@id":"https:\/\/xstyle.md\/product\/ochki-invu-a2106f\/#primaryimage"},"thumbnailUrl":"https:\/\/xstyle.md\/wp-content\/uploads\/2026\/04\/invu-a2106f.webp","datePublished":"2026-04-08T10:20:22+00:00","dateModified":"2026-04-14T09:41:56+00:00","breadcrumb":{"@id":"https:\/\/xstyle.md\/product\/ochki-invu-a2106f\/#breadcrumb"},"inLanguage":"ro-RO","potentialAction":[{"@type":"ReadAction","target":["https:\/\/xstyle.md\/product\/ochki-invu-a2106f\/"]}]},{"@type":"ImageObject","inLanguage":"ro-RO","@id":"https:\/\/xstyle.md\/product\/ochki-invu-a2106f\/#primaryimage","url":"https:\/\/xstyle.md\/wp-content\/uploads\/2026\/04\/invu-a2106f.webp","contentUrl":"https:\/\/xstyle.md\/wp-content\/uploads\/2026\/04\/invu-a2106f.webp","width":1200,"height":1200},{"@type":"BreadcrumbList","@id":"https:\/\/xstyle.md\/product\/ochki-invu-a2106f\/#breadcrumb","itemListElement":[{"@type":"ListItem","position":1,"name":"\u0413\u043b\u0430\u0432\u043d\u0430\u044f \u0441\u0442\u0440\u0430\u043d\u0438\u0446\u0430","item":"https:\/\/xstyle.md\/"},{"@type":"ListItem","position":2,"name":"\u041c\u0430\u0433\u0430\u0437\u0438\u043d","item":"https:\/\/xstyle.md\/shop\/"},{"@type":"ListItem","position":3,"name":"\u041e\u0447\u043a\u0438 INVU A2106F"}]},{"@type":"WebSite","@id":"https:\/\/xstyle.md\/#website","url":"https:\/\/xstyle.md\/","name":"Magazinul X-Style","description":"Echipamente pentru turism \u0219i sporturi extreme \u00een Moldova. Pre\u021buri, fotografii, caracteristici \u00een Moldova.","publisher":{"@id":"https:\/\/xstyle.md\/#organization"},"alternateName":"X-Style","potentialAction":[{"@type":"SearchAction","target":{"@type":"EntryPoint","urlTemplate":"https:\/\/xstyle.md\/?s={search_term_string}"},"query-input":{"@type":"PropertyValueSpecification","valueRequired":true,"valueName":"search_term_string"}}],"inLanguage":"ro-RO"},{"@type":"Organization","@id":"https:\/\/xstyle.md\/#organization","name":"Magazinul X-Style","alternateName":"x-style","url":"https:\/\/xstyle.md\/","logo":{"@type":"ImageObject","inLanguage":"ro-RO","@id":"https:\/\/xstyle.md\/#\/schema\/logo\/image\/","url":"https:\/\/xstyle.md\/wp-content\/uploads\/2020\/06\/logoicon.svg","contentUrl":"https:\/\/xstyle.md\/wp-content\/uploads\/2020\/06\/logoicon.svg","caption":"\u041c\u0430\u0433\u0430\u0437\u0438\u043d Xstyle"},"image":{"@id":"https:\/\/xstyle.md\/#\/schema\/logo\/image\/"},"sameAs":["https:\/\/www.facebook.com\/xstylemd","https:\/\/www.instagram.com\/xstyle_md\/","https:\/\/t.me\/xstyle_outdoor"],"hasMerchantReturnPolicy":{"@type":"MerchantReturnPolicy","merchantReturnLink":"https:\/\/xstyle.md\/ro\/conditions\/"}}]},"product_price_amount":"890.00","product_price_currency":"MDL","og_availability":"instock","product_availability":"instock","product_retailer_item_id":"7630086732347","product_condition":"new"},"_links":{"self":[{"href":"https:\/\/xstyle.md\/ro\/wp-json\/wp\/v2\/product\/105107","targetHints":{"allow":["GET"]}}],"collection":[{"href":"https:\/\/xstyle.md\/ro\/wp-json\/wp\/v2\/product"}],"about":[{"href":"https:\/\/xstyle.md\/ro\/wp-json\/wp\/v2\/types\/product"}],"replies":[{"embeddable":true,"href":"https:\/\/xstyle.md\/ro\/wp-json\/wp\/v2\/comments?post=105107"}],"wp:featuredmedia":[{"embeddable":true,"href":"https:\/\/xstyle.md\/ro\/wp-json\/wp\/v2\/media\/105538"}],"wp:attachment":[{"href":"https:\/\/xstyle.md\/ro\/wp-json\/wp\/v2\/media?parent=105107"}],"wp:term":[{"taxonomy":"product_brand","embeddable":true,"href":"https:\/\/xstyle.md\/ro\/wp-json\/wp\/v2\/product_brand?post=105107"},{"taxonomy":"product_cat","embeddable":true,"href":"https:\/\/xstyle.md\/ro\/wp-json\/wp\/v2\/product_cat?post=105107"},{"taxonomy":"product_tag","embeddable":true,"href":"https:\/\/xstyle.md\/ro\/wp-json\/wp\/v2\/product_tag?post=105107"}],"curies":[{"name":"wp","href":"https:\/\/api.w.org\/{rel}","templated":true}]}}