{"id":105104,"date":"2026-04-08T13:20:22","date_gmt":"2026-04-08T10:20:22","guid":{"rendered":"https:\/\/xstyle.md\/?post_type=product&#038;p=105104"},"modified":"2026-04-14T11:57:25","modified_gmt":"2026-04-14T08:57:25","slug":"vkladysh-v-spalnik-pinguin-lite-blanket-190-khaki-r","status":"publish","type":"product","link":"https:\/\/xstyle.md\/ro\/produs\/vkladysh-v-spalnik-pinguin-lite-blanket-190-khaki-r\/","title":{"rendered":"Lenjerie pentru sac de dormit Pinguin Lite Blanket 190 khaki R"},"content":{"rendered":"<\/p>\n<p><strong>Pinguin Lite Blanket 190 khaki R<\/strong> &#8212; este un sac de dormit de var\u0103, ultra-u\u0219or \u0219i compact, av\u00e2nd form\u0103 de p\u0103tur\u0103. Este ideal pentru cicloturism, drume\u021bii de var\u0103, festivaluri sau ca o p\u0103tur\u0103 u\u0219oar\u0103 pentru camping. Datorit\u0103 fermoarului pe toat\u0103 lungimea, acesta poate fi desf\u0103cut complet \u0219i utilizat ca o p\u0103tur\u0103 obi\u0219nuit\u0103. Tehnologia ClimaControl Shield (CCS) asigur\u0103 o respirabilitate excelent\u0103, men\u021bin\u00e2nd \u00een acela\u0219i timp propriet\u0103\u021bile hidrofuge ale materialului exterior.<\/p>\n<h3>Particularit\u0103\u021bi<\/h3>\n<ul>\n<li>Form\u0103 de p\u0103tur\u0103 \u2014 ofer\u0103 mai mult\u0103 libertate de mi\u0219care pentru picioare comparativ cu modelele tip mumi\u0103 \u0219i permite cuplarea a doi saci de dormit<\/li>\n<li>Tehnologia CCS \u2014 materialul exterior previne pierderea aerului cald \u0219i, \u00een acela\u0219i timp, permite evaporarea umidit\u0103\u021bii, evit\u00e2nd formarea condensului<\/li>\n<li>Izola\u021bie BHB Micro \u2014 o umplutur\u0103 sintetic\u0103 modern\u0103 cu propriet\u0103\u021bi excelente de izolare termic\u0103 la o greutate \u0219i un volum minim<\/li>\n<li>Compactitate \u2014 \u00een stare pliat\u0103, sacul ocup\u0103 foarte pu\u021bin spa\u021biu, aspect critic pentru adep\u021bii stilului \u201elightweight\u201d \u0219i pentru bicicli\u0219ti<\/li>\n<li>Fermoar YKK cu dou\u0103 c\u0103i \u2014 dotat cu protec\u021bie \u00eempotriva ag\u0103\u021b\u0103rii materialului, permi\u021b\u00e2nd deschiderea sacului at\u00e2t de sus, c\u00e2t \u0219i de jos pentru ventila\u021bie<\/li>\n<\/ul>\n<h3>Caracteristici<\/h3>\n<ul>\n<li>Regim de temperatur\u0103 (Comfort \/ Limit \/ Extrem) \u2014 +14\u00b0C \/ +10\u00b0C \/ 0\u00b0C<\/li>\n<li>Umplutur\u0103 \u2014 BHB Micro (60 g\/m\u00b2)<\/li>\n<li>Material exterior \u2014 Nylon Ultralight Ripstop DWR CCS<\/li>\n<li>\u00cen\u0103l\u021bime utilizator \u2014 p\u00e2n\u0103 la 190 \u0441m<\/li>\n<li>L\u0103\u021bime \u2014 85 \u0441m<\/li>\n<li>Greutate \u2014 550 g<\/li>\n<li>Dimensiune ambalat \u2014 12 x 23 \u0441m (dup\u0103 compresie 12 x 18 \u0441m)<\/li>\n<\/ul>\n<p><\/p>\n<p>Marca<\/p>\n<p>Pinguin - este cea mai experimentat\u0103 companie ceh\u0103 produc\u0103toare de echipamente outdoor, de c\u00e2nd primele produse au ap\u0103rut pe pia\u021b\u0103 \u00eenc\u0103 \u00een 1989. Echipamentul Pinguin a fost folosit de alpini\u0219ti \u0219i c\u0103l\u0103tori celebri \u00een cucerirea celor mai \u00eenalte v\u00e2rfuri muntoase din lume.<\/p>\n<p>Compania a fost numit\u0103 \u00een cinstea unei p\u0103s\u0103ri care tr\u0103ie\u0219te \u00een Antarctica, deoarece este specializat\u0103 \u00een echipamente pentru drume\u021bii care vor oferi tuturor pasiona\u021bilor odihnei active confort \u0219i c\u0103ldur\u0103 \u00een condi\u021biile reci de iarn\u0103 sau pe v\u00e2rfurile muntoase acoperite cu ghea\u021b\u0103.<\/p>","protected":false},"excerpt":{"rendered":"<p>\u0411\u0440\u0435\u043d\u0434 Pinguin \u2013 \u0441\u0430\u043c\u0430\u044f \u043e\u043f\u044b\u0442\u043d\u0430\u044f \u0447\u0435\u0448\u0441\u043a\u0430\u044f \u043a\u043e\u043c\u043f\u0430\u043d\u0438\u044f \u043f\u0440\u043e\u0438\u0437\u0432\u043e\u0434\u044f\u0449\u0430\u044f outdoor \u044d\u043a\u0438\u043f\u0438\u0440\u043e\u0432\u043a\u0443, \u0442\u0430\u043a \u043a\u0430\u043a \u043f\u0435\u0440\u0432\u0430\u044f \u043f\u0440\u043e\u0434\u0443\u043a\u0446\u0438\u044f \u0432\u043e\u0437\u043d\u0438\u043a\u043b\u0430 \u043d\u0430 \u0440\u044b\u043d\u043a\u0435 \u0435\u0449\u0435 \u0432 1989 \u0433\u043e\u0434\u0443. \u0421\u043d\u0430\u0440\u044f\u0436\u0435\u043d\u0438\u0435 \u043a\u043e\u043c\u043f\u0430\u043d\u0438\u0438 Pinguin \u043d\u0435 \u0440\u0430\u0437 \u0438\u0441\u043f\u043e\u043b\u044c\u0437\u043e\u0432\u0430\u043b\u043e\u0441\u044c \u0438\u0437\u0432\u0435\u0441\u0442\u043d\u044b\u043c\u0438 \u0430\u043b\u044c\u043f\u0438\u043d\u0438\u0441\u0442\u0430\u043c\u0438 \u0438 \u043f\u0443\u0442\u0435\u0448\u0435\u0441\u0442\u0432\u0435\u043d\u043d\u0438\u043a\u0430\u043c\u0438 \u0432 \u043f\u043e\u043a\u043e\u0440\u0435\u043d\u0438\u0438 \u0441\u0430\u043c\u044b\u0445 \u0432\u044b\u0441\u043e\u043a\u0438\u0445 \u0433\u043e\u0440\u043d\u044b\u0445 \u0432\u0435\u0440\u0448\u0438\u043d \u043c\u0438\u0440\u0430. \u041a\u043e\u043c\u043f\u0430\u043d\u0438\u044f \u0431\u044b\u043b\u0430 \u043d\u0430\u0437\u0432\u0430\u043d\u0430 \u0432 \u0447\u0435\u0441\u0442\u044c \u043f\u0442\u0438\u0446\u044b \u043e\u0431\u0438\u0442\u0430\u044e\u0449\u0435\u0439 \u0432 \u0443\u0441\u043b\u043e\u0432\u0438\u044f\u0445 \u0441\u0443\u0440\u043e\u0432\u044b\u0445 \u043c\u043e\u0440\u043e\u0437\u043e\u0432 \u0410\u043d\u0442\u0430\u0440\u043a\u0442\u0438\u0434\u044b, \u0442\u0430\u043a \u043a\u0430\u043a \u0441\u043f\u0435\u0446\u0438\u0430\u043b\u0438\u0437\u0438\u0440\u0443\u0435\u0442\u0441\u044f \u0432 \u0442\u0443\u0440\u0438\u0441\u0442\u0438\u0447\u0435\u0441\u043a\u043e\u043c [&hellip;]<\/p>\n","protected":false},"featured_media":105529,"comment_status":"open","ping_status":"closed","template":"","meta":{"_acf_changed":false,"inline_featured_image":false},"product_brand":[1263],"product_cat":[378],"product_tag":[],"class_list":{"0":"post-105104","1":"product","2":"type-product","3":"status-publish","4":"has-post-thumbnail","6":"product_brand-pinguin","7":"product_cat-sleeping-bags-accessories","9":"first","10":"instock","11":"shipping-taxable","12":"purchasable","13":"product-type-simple"},"acf":[],"yoast_head":"<!-- This site is optimized with the Yoast SEO plugin v27.4 - https:\/\/yoast.com\/product\/yoast-seo-wordpress\/ -->\n<title>\u0412\u043a\u043b\u0430\u0434\u044b\u0448 \u0432 \u0441\u043f\u0430\u043b\u044c\u043d\u0438\u043a Pinguin Lite Blanket 190 khaki R - \u041c\u0430\u0433\u0430\u0437\u0438\u043d Xstyle<\/title>\n<meta name=\"robots\" content=\"index, follow, max-snippet:-1, max-image-preview:large, max-video-preview:-1\" \/>\n<link rel=\"canonical\" href=\"https:\/\/xstyle.md\/ro\/produs\/vkladysh-v-spalnik-pinguin-lite-blanket-190-khaki-r\/\" \/>\n<meta property=\"og:locale\" content=\"ro_RO\" \/>\n<meta property=\"og:type\" content=\"article\" \/>\n<meta property=\"og:title\" content=\"\u0412\u043a\u043b\u0430\u0434\u044b\u0448 \u0432 \u0441\u043f\u0430\u043b\u044c\u043d\u0438\u043a Pinguin Lite Blanket 190 khaki R - \u041c\u0430\u0433\u0430\u0437\u0438\u043d Xstyle\" \/>\n<meta property=\"og:description\" content=\"\u0411\u0440\u0435\u043d\u0434 Pinguin \u2013 \u0441\u0430\u043c\u0430\u044f \u043e\u043f\u044b\u0442\u043d\u0430\u044f \u0447\u0435\u0448\u0441\u043a\u0430\u044f \u043a\u043e\u043c\u043f\u0430\u043d\u0438\u044f \u043f\u0440\u043e\u0438\u0437\u0432\u043e\u0434\u044f\u0449\u0430\u044f outdoor \u044d\u043a\u0438\u043f\u0438\u0440\u043e\u0432\u043a\u0443, \u0442\u0430\u043a \u043a\u0430\u043a \u043f\u0435\u0440\u0432\u0430\u044f \u043f\u0440\u043e\u0434\u0443\u043a\u0446\u0438\u044f \u0432\u043e\u0437\u043d\u0438\u043a\u043b\u0430 \u043d\u0430 \u0440\u044b\u043d\u043a\u0435 \u0435\u0449\u0435 \u0432 1989 \u0433\u043e\u0434\u0443. \u0421\u043d\u0430\u0440\u044f\u0436\u0435\u043d\u0438\u0435 \u043a\u043e\u043c\u043f\u0430\u043d\u0438\u0438 Pinguin \u043d\u0435 \u0440\u0430\u0437 \u0438\u0441\u043f\u043e\u043b\u044c\u0437\u043e\u0432\u0430\u043b\u043e\u0441\u044c \u0438\u0437\u0432\u0435\u0441\u0442\u043d\u044b\u043c\u0438 \u0430\u043b\u044c\u043f\u0438\u043d\u0438\u0441\u0442\u0430\u043c\u0438 \u0438 \u043f\u0443\u0442\u0435\u0448\u0435\u0441\u0442\u0432\u0435\u043d\u043d\u0438\u043a\u0430\u043c\u0438 \u0432 \u043f\u043e\u043a\u043e\u0440\u0435\u043d\u0438\u0438 \u0441\u0430\u043c\u044b\u0445 \u0432\u044b\u0441\u043e\u043a\u0438\u0445 \u0433\u043e\u0440\u043d\u044b\u0445 \u0432\u0435\u0440\u0448\u0438\u043d \u043c\u0438\u0440\u0430. \u041a\u043e\u043c\u043f\u0430\u043d\u0438\u044f \u0431\u044b\u043b\u0430 \u043d\u0430\u0437\u0432\u0430\u043d\u0430 \u0432 \u0447\u0435\u0441\u0442\u044c \u043f\u0442\u0438\u0446\u044b \u043e\u0431\u0438\u0442\u0430\u044e\u0449\u0435\u0439 \u0432 \u0443\u0441\u043b\u043e\u0432\u0438\u044f\u0445 \u0441\u0443\u0440\u043e\u0432\u044b\u0445 \u043c\u043e\u0440\u043e\u0437\u043e\u0432 \u0410\u043d\u0442\u0430\u0440\u043a\u0442\u0438\u0434\u044b, \u0442\u0430\u043a \u043a\u0430\u043a \u0441\u043f\u0435\u0446\u0438\u0430\u043b\u0438\u0437\u0438\u0440\u0443\u0435\u0442\u0441\u044f \u0432 \u0442\u0443\u0440\u0438\u0441\u0442\u0438\u0447\u0435\u0441\u043a\u043e\u043c [&hellip;]\" \/>\n<meta property=\"og:url\" content=\"https:\/\/xstyle.md\/ro\/produs\/vkladysh-v-spalnik-pinguin-lite-blanket-190-khaki-r\/\" \/>\n<meta property=\"og:site_name\" content=\"\u041c\u0430\u0433\u0430\u0437\u0438\u043d Xstyle\" \/>\n<meta property=\"article:publisher\" content=\"https:\/\/www.facebook.com\/xstylemd\" \/>\n<meta property=\"article:modified_time\" content=\"2026-04-14T08:57:25+00:00\" \/>\n<meta property=\"og:image\" content=\"https:\/\/xstyle.md\/wp-content\/uploads\/2026\/04\/pinguin-lite-blanket-190-khaki-r-1.webp\" \/>\n\t<meta property=\"og:image:width\" content=\"1200\" \/>\n\t<meta property=\"og:image:height\" content=\"1200\" \/>\n\t<meta property=\"og:image:type\" content=\"image\/webp\" \/>\n<meta name=\"twitter:card\" content=\"summary_large_image\" \/>\n<meta name=\"twitter:label1\" content=\"Pre\u021b\" \/>\n\t<meta name=\"twitter:data1\" content=\"1.380&nbsp;MDL\" \/>\n\t<meta name=\"twitter:label2\" content=\"Disponibilitate\" \/>\n\t<meta name=\"twitter:data2\" content=\"\u00cen stoc\" \/>\n<script type=\"application\/ld+json\" class=\"yoast-schema-graph\">{\"@context\":\"https:\\\/\\\/schema.org\",\"@graph\":[{\"@type\":\"WebPage\",\"@id\":\"https:\\\/\\\/xstyle.md\\\/product\\\/vkladysh-v-spalnik-pinguin-lite-blanket-190-khaki-r\\\/\",\"url\":\"https:\\\/\\\/xstyle.md\\\/product\\\/vkladysh-v-spalnik-pinguin-lite-blanket-190-khaki-r\\\/\",\"name\":\"\u0412\u043a\u043b\u0430\u0434\u044b\u0448 \u0432 \u0441\u043f\u0430\u043b\u044c\u043d\u0438\u043a Pinguin Lite Blanket 190 khaki R - \u041c\u0430\u0433\u0430\u0437\u0438\u043d Xstyle\",\"isPartOf\":{\"@id\":\"https:\\\/\\\/xstyle.md\\\/#website\"},\"primaryImageOfPage\":{\"@id\":\"https:\\\/\\\/xstyle.md\\\/product\\\/vkladysh-v-spalnik-pinguin-lite-blanket-190-khaki-r\\\/#primaryimage\"},\"image\":{\"@id\":\"https:\\\/\\\/xstyle.md\\\/product\\\/vkladysh-v-spalnik-pinguin-lite-blanket-190-khaki-r\\\/#primaryimage\"},\"thumbnailUrl\":\"https:\\\/\\\/xstyle.md\\\/wp-content\\\/uploads\\\/2026\\\/04\\\/pinguin-lite-blanket-190-khaki-r-1.webp\",\"datePublished\":\"2026-04-08T10:20:22+00:00\",\"dateModified\":\"2026-04-14T08:57:25+00:00\",\"breadcrumb\":{\"@id\":\"https:\\\/\\\/xstyle.md\\\/product\\\/vkladysh-v-spalnik-pinguin-lite-blanket-190-khaki-r\\\/#breadcrumb\"},\"inLanguage\":\"ro-RO\",\"potentialAction\":[{\"@type\":\"ReadAction\",\"target\":[\"https:\\\/\\\/xstyle.md\\\/product\\\/vkladysh-v-spalnik-pinguin-lite-blanket-190-khaki-r\\\/\"]}]},{\"@type\":\"ImageObject\",\"inLanguage\":\"ro-RO\",\"@id\":\"https:\\\/\\\/xstyle.md\\\/product\\\/vkladysh-v-spalnik-pinguin-lite-blanket-190-khaki-r\\\/#primaryimage\",\"url\":\"https:\\\/\\\/xstyle.md\\\/wp-content\\\/uploads\\\/2026\\\/04\\\/pinguin-lite-blanket-190-khaki-r-1.webp\",\"contentUrl\":\"https:\\\/\\\/xstyle.md\\\/wp-content\\\/uploads\\\/2026\\\/04\\\/pinguin-lite-blanket-190-khaki-r-1.webp\",\"width\":1200,\"height\":1200},{\"@type\":\"BreadcrumbList\",\"@id\":\"https:\\\/\\\/xstyle.md\\\/product\\\/vkladysh-v-spalnik-pinguin-lite-blanket-190-khaki-r\\\/#breadcrumb\",\"itemListElement\":[{\"@type\":\"ListItem\",\"position\":1,\"name\":\"\u0413\u043b\u0430\u0432\u043d\u0430\u044f \u0441\u0442\u0440\u0430\u043d\u0438\u0446\u0430\",\"item\":\"https:\\\/\\\/xstyle.md\\\/\"},{\"@type\":\"ListItem\",\"position\":2,\"name\":\"\u041c\u0430\u0433\u0430\u0437\u0438\u043d\",\"item\":\"https:\\\/\\\/xstyle.md\\\/shop\\\/\"},{\"@type\":\"ListItem\",\"position\":3,\"name\":\"\u0412\u043a\u043b\u0430\u0434\u044b\u0448 \u0432 \u0441\u043f\u0430\u043b\u044c\u043d\u0438\u043a Pinguin Lite Blanket 190 khaki R\"}]},{\"@type\":\"WebSite\",\"@id\":\"https:\\\/\\\/xstyle.md\\\/#website\",\"url\":\"https:\\\/\\\/xstyle.md\\\/\",\"name\":\"\u041c\u0430\u0433\u0430\u0437\u0438\u043d Xstyle\",\"description\":\"C\u043d\u0430\u0440\u044f\u0436\u0435\u043d\u0438\u0435 \u0434\u043b\u044f \u0442\u0443\u0440\u0438\u0437\u043c\u0430 \u0438 \u044d\u043a\u0441\u0442\u0440\u0435\u043c\u0430\u043b\u044c\u043d\u044b\u0445 \u0432\u0438\u0434\u043e\u0432 \u0441\u043f\u043e\u0440\u0442\u0430 \u0432 \u041c\u043e\u043b\u0434\u043e\u0432\u0435.. \u0426\u0435\u043d\u044b, \u0444\u043e\u0442\u043e, \u0445\u0430\u0440\u0430\u043a\u0442\u0435\u0440\u0438\u0441\u0442\u0438\u043a\u0438 \u0432 \u041c\u043e\u043b\u0434\u043e\u0432\u0435.\",\"publisher\":{\"@id\":\"https:\\\/\\\/xstyle.md\\\/#organization\"},\"alternateName\":\"X-Style\",\"potentialAction\":[{\"@type\":\"SearchAction\",\"target\":{\"@type\":\"EntryPoint\",\"urlTemplate\":\"https:\\\/\\\/xstyle.md\\\/?s={search_term_string}\"},\"query-input\":{\"@type\":\"PropertyValueSpecification\",\"valueRequired\":true,\"valueName\":\"search_term_string\"}}],\"inLanguage\":\"ro-RO\"},{\"@type\":\"Organization\",\"@id\":\"https:\\\/\\\/xstyle.md\\\/#organization\",\"name\":\"\u041c\u0430\u0433\u0430\u0437\u0438\u043d Xstyle\",\"alternateName\":\"x-style\",\"url\":\"https:\\\/\\\/xstyle.md\\\/\",\"logo\":{\"@type\":\"ImageObject\",\"inLanguage\":\"ro-RO\",\"@id\":\"https:\\\/\\\/xstyle.md\\\/#\\\/schema\\\/logo\\\/image\\\/\",\"url\":\"https:\\\/\\\/xstyle.md\\\/wp-content\\\/uploads\\\/2020\\\/06\\\/logoicon.svg\",\"contentUrl\":\"https:\\\/\\\/xstyle.md\\\/wp-content\\\/uploads\\\/2020\\\/06\\\/logoicon.svg\",\"caption\":\"\u041c\u0430\u0433\u0430\u0437\u0438\u043d Xstyle\"},\"image\":{\"@id\":\"https:\\\/\\\/xstyle.md\\\/#\\\/schema\\\/logo\\\/image\\\/\"},\"sameAs\":[\"https:\\\/\\\/www.facebook.com\\\/xstylemd\",\"https:\\\/\\\/www.instagram.com\\\/xstyle_md\\\/\",\"https:\\\/\\\/t.me\\\/xstyle_outdoor\"],\"hasMerchantReturnPolicy\":{\"@type\":\"MerchantReturnPolicy\",\"merchantReturnLink\":\"https:\\\/\\\/xstyle.md\\\/ro\\\/conditions\\\/\"}}]}<\/script>\n<meta property=\"product:price:amount\" content=\"1380.00\" \/>\n<meta property=\"product:price:currency\" content=\"MDL\" \/>\n<meta property=\"og:availability\" content=\"instock\" \/>\n<meta property=\"product:availability\" content=\"instock\" \/>\n<meta property=\"product:retailer_item_id\" content=\"8592638229448\" \/>\n<meta property=\"product:condition\" content=\"new\" \/>\n<!-- \/ Yoast SEO plugin. -->","yoast_head_json":{"title":"\u0412\u043a\u043b\u0430\u0434\u044b\u0448 \u0432 \u0441\u043f\u0430\u043b\u044c\u043d\u0438\u043a Pinguin Lite Blanket 190 khaki R - \u041c\u0430\u0433\u0430\u0437\u0438\u043d Xstyle","robots":{"index":"index","follow":"follow","max-snippet":"max-snippet:-1","max-image-preview":"max-image-preview:large","max-video-preview":"max-video-preview:-1"},"canonical":"https:\/\/xstyle.md\/ro\/produs\/vkladysh-v-spalnik-pinguin-lite-blanket-190-khaki-r\/","og_locale":"ro_RO","og_type":"article","og_title":"\u0412\u043a\u043b\u0430\u0434\u044b\u0448 \u0432 \u0441\u043f\u0430\u043b\u044c\u043d\u0438\u043a Pinguin Lite Blanket 190 khaki R - \u041c\u0430\u0433\u0430\u0437\u0438\u043d Xstyle","og_description":"\u0411\u0440\u0435\u043d\u0434 Pinguin \u2013 \u0441\u0430\u043c\u0430\u044f \u043e\u043f\u044b\u0442\u043d\u0430\u044f \u0447\u0435\u0448\u0441\u043a\u0430\u044f \u043a\u043e\u043c\u043f\u0430\u043d\u0438\u044f \u043f\u0440\u043e\u0438\u0437\u0432\u043e\u0434\u044f\u0449\u0430\u044f outdoor \u044d\u043a\u0438\u043f\u0438\u0440\u043e\u0432\u043a\u0443, \u0442\u0430\u043a \u043a\u0430\u043a \u043f\u0435\u0440\u0432\u0430\u044f \u043f\u0440\u043e\u0434\u0443\u043a\u0446\u0438\u044f \u0432\u043e\u0437\u043d\u0438\u043a\u043b\u0430 \u043d\u0430 \u0440\u044b\u043d\u043a\u0435 \u0435\u0449\u0435 \u0432 1989 \u0433\u043e\u0434\u0443. \u0421\u043d\u0430\u0440\u044f\u0436\u0435\u043d\u0438\u0435 \u043a\u043e\u043c\u043f\u0430\u043d\u0438\u0438 Pinguin \u043d\u0435 \u0440\u0430\u0437 \u0438\u0441\u043f\u043e\u043b\u044c\u0437\u043e\u0432\u0430\u043b\u043e\u0441\u044c \u0438\u0437\u0432\u0435\u0441\u0442\u043d\u044b\u043c\u0438 \u0430\u043b\u044c\u043f\u0438\u043d\u0438\u0441\u0442\u0430\u043c\u0438 \u0438 \u043f\u0443\u0442\u0435\u0448\u0435\u0441\u0442\u0432\u0435\u043d\u043d\u0438\u043a\u0430\u043c\u0438 \u0432 \u043f\u043e\u043a\u043e\u0440\u0435\u043d\u0438\u0438 \u0441\u0430\u043c\u044b\u0445 \u0432\u044b\u0441\u043e\u043a\u0438\u0445 \u0433\u043e\u0440\u043d\u044b\u0445 \u0432\u0435\u0440\u0448\u0438\u043d \u043c\u0438\u0440\u0430. \u041a\u043e\u043c\u043f\u0430\u043d\u0438\u044f \u0431\u044b\u043b\u0430 \u043d\u0430\u0437\u0432\u0430\u043d\u0430 \u0432 \u0447\u0435\u0441\u0442\u044c \u043f\u0442\u0438\u0446\u044b \u043e\u0431\u0438\u0442\u0430\u044e\u0449\u0435\u0439 \u0432 \u0443\u0441\u043b\u043e\u0432\u0438\u044f\u0445 \u0441\u0443\u0440\u043e\u0432\u044b\u0445 \u043c\u043e\u0440\u043e\u0437\u043e\u0432 \u0410\u043d\u0442\u0430\u0440\u043a\u0442\u0438\u0434\u044b, \u0442\u0430\u043a \u043a\u0430\u043a \u0441\u043f\u0435\u0446\u0438\u0430\u043b\u0438\u0437\u0438\u0440\u0443\u0435\u0442\u0441\u044f \u0432 \u0442\u0443\u0440\u0438\u0441\u0442\u0438\u0447\u0435\u0441\u043a\u043e\u043c [&hellip;]","og_url":"https:\/\/xstyle.md\/ro\/produs\/vkladysh-v-spalnik-pinguin-lite-blanket-190-khaki-r\/","og_site_name":"\u041c\u0430\u0433\u0430\u0437\u0438\u043d Xstyle","article_publisher":"https:\/\/www.facebook.com\/xstylemd","article_modified_time":"2026-04-14T08:57:25+00:00","og_image":[{"width":1200,"height":1200,"url":"https:\/\/xstyle.md\/wp-content\/uploads\/2026\/04\/pinguin-lite-blanket-190-khaki-r-1.webp","type":"image\/webp"}],"twitter_card":"summary_large_image","twitter_misc":{"Pre\u021b":"1.380&nbsp;MDL","Disponibilitate":"\u00cen stoc"},"schema":{"@context":"https:\/\/schema.org","@graph":[{"@type":"WebPage","@id":"https:\/\/xstyle.md\/product\/vkladysh-v-spalnik-pinguin-lite-blanket-190-khaki-r\/","url":"https:\/\/xstyle.md\/product\/vkladysh-v-spalnik-pinguin-lite-blanket-190-khaki-r\/","name":"\u0412\u043a\u043b\u0430\u0434\u044b\u0448 \u0432 \u0441\u043f\u0430\u043b\u044c\u043d\u0438\u043a Pinguin Lite Blanket 190 khaki R - \u041c\u0430\u0433\u0430\u0437\u0438\u043d Xstyle","isPartOf":{"@id":"https:\/\/xstyle.md\/#website"},"primaryImageOfPage":{"@id":"https:\/\/xstyle.md\/product\/vkladysh-v-spalnik-pinguin-lite-blanket-190-khaki-r\/#primaryimage"},"image":{"@id":"https:\/\/xstyle.md\/product\/vkladysh-v-spalnik-pinguin-lite-blanket-190-khaki-r\/#primaryimage"},"thumbnailUrl":"https:\/\/xstyle.md\/wp-content\/uploads\/2026\/04\/pinguin-lite-blanket-190-khaki-r-1.webp","datePublished":"2026-04-08T10:20:22+00:00","dateModified":"2026-04-14T08:57:25+00:00","breadcrumb":{"@id":"https:\/\/xstyle.md\/product\/vkladysh-v-spalnik-pinguin-lite-blanket-190-khaki-r\/#breadcrumb"},"inLanguage":"ro-RO","potentialAction":[{"@type":"ReadAction","target":["https:\/\/xstyle.md\/product\/vkladysh-v-spalnik-pinguin-lite-blanket-190-khaki-r\/"]}]},{"@type":"ImageObject","inLanguage":"ro-RO","@id":"https:\/\/xstyle.md\/product\/vkladysh-v-spalnik-pinguin-lite-blanket-190-khaki-r\/#primaryimage","url":"https:\/\/xstyle.md\/wp-content\/uploads\/2026\/04\/pinguin-lite-blanket-190-khaki-r-1.webp","contentUrl":"https:\/\/xstyle.md\/wp-content\/uploads\/2026\/04\/pinguin-lite-blanket-190-khaki-r-1.webp","width":1200,"height":1200},{"@type":"BreadcrumbList","@id":"https:\/\/xstyle.md\/product\/vkladysh-v-spalnik-pinguin-lite-blanket-190-khaki-r\/#breadcrumb","itemListElement":[{"@type":"ListItem","position":1,"name":"\u0413\u043b\u0430\u0432\u043d\u0430\u044f \u0441\u0442\u0440\u0430\u043d\u0438\u0446\u0430","item":"https:\/\/xstyle.md\/"},{"@type":"ListItem","position":2,"name":"\u041c\u0430\u0433\u0430\u0437\u0438\u043d","item":"https:\/\/xstyle.md\/shop\/"},{"@type":"ListItem","position":3,"name":"\u0412\u043a\u043b\u0430\u0434\u044b\u0448 \u0432 \u0441\u043f\u0430\u043b\u044c\u043d\u0438\u043a Pinguin Lite Blanket 190 khaki R"}]},{"@type":"WebSite","@id":"https:\/\/xstyle.md\/#website","url":"https:\/\/xstyle.md\/","name":"Magazinul X-Style","description":"Echipamente pentru turism \u0219i sporturi extreme \u00een Moldova. Pre\u021buri, fotografii, caracteristici \u00een Moldova.","publisher":{"@id":"https:\/\/xstyle.md\/#organization"},"alternateName":"X-Style","potentialAction":[{"@type":"SearchAction","target":{"@type":"EntryPoint","urlTemplate":"https:\/\/xstyle.md\/?s={search_term_string}"},"query-input":{"@type":"PropertyValueSpecification","valueRequired":true,"valueName":"search_term_string"}}],"inLanguage":"ro-RO"},{"@type":"Organization","@id":"https:\/\/xstyle.md\/#organization","name":"Magazinul X-Style","alternateName":"x-style","url":"https:\/\/xstyle.md\/","logo":{"@type":"ImageObject","inLanguage":"ro-RO","@id":"https:\/\/xstyle.md\/#\/schema\/logo\/image\/","url":"https:\/\/xstyle.md\/wp-content\/uploads\/2020\/06\/logoicon.svg","contentUrl":"https:\/\/xstyle.md\/wp-content\/uploads\/2020\/06\/logoicon.svg","caption":"\u041c\u0430\u0433\u0430\u0437\u0438\u043d Xstyle"},"image":{"@id":"https:\/\/xstyle.md\/#\/schema\/logo\/image\/"},"sameAs":["https:\/\/www.facebook.com\/xstylemd","https:\/\/www.instagram.com\/xstyle_md\/","https:\/\/t.me\/xstyle_outdoor"],"hasMerchantReturnPolicy":{"@type":"MerchantReturnPolicy","merchantReturnLink":"https:\/\/xstyle.md\/ro\/conditions\/"}}]},"product_price_amount":"1380.00","product_price_currency":"MDL","og_availability":"instock","product_availability":"instock","product_retailer_item_id":"8592638229448","product_condition":"new"},"_links":{"self":[{"href":"https:\/\/xstyle.md\/ro\/wp-json\/wp\/v2\/product\/105104","targetHints":{"allow":["GET"]}}],"collection":[{"href":"https:\/\/xstyle.md\/ro\/wp-json\/wp\/v2\/product"}],"about":[{"href":"https:\/\/xstyle.md\/ro\/wp-json\/wp\/v2\/types\/product"}],"replies":[{"embeddable":true,"href":"https:\/\/xstyle.md\/ro\/wp-json\/wp\/v2\/comments?post=105104"}],"wp:featuredmedia":[{"embeddable":true,"href":"https:\/\/xstyle.md\/ro\/wp-json\/wp\/v2\/media\/105529"}],"wp:attachment":[{"href":"https:\/\/xstyle.md\/ro\/wp-json\/wp\/v2\/media?parent=105104"}],"wp:term":[{"taxonomy":"product_brand","embeddable":true,"href":"https:\/\/xstyle.md\/ro\/wp-json\/wp\/v2\/product_brand?post=105104"},{"taxonomy":"product_cat","embeddable":true,"href":"https:\/\/xstyle.md\/ro\/wp-json\/wp\/v2\/product_cat?post=105104"},{"taxonomy":"product_tag","embeddable":true,"href":"https:\/\/xstyle.md\/ro\/wp-json\/wp\/v2\/product_tag?post=105104"}],"curies":[{"name":"wp","href":"https:\/\/api.w.org\/{rel}","templated":true}]}}