{"id":1051,"date":"2020-07-16T16:02:39","date_gmt":"2020-07-16T13:02:39","guid":{"rendered":"https:\/\/xstyle.md\/product\/kastrjulja-msr-alpine-stowaway-pot-1-6-l"},"modified":"2025-10-24T12:29:20","modified_gmt":"2025-10-24T09:29:20","slug":"kastrjulja-msr-alpine-stowaway-pot-1-6-l","status":"publish","type":"product","link":"https:\/\/xstyle.md\/ro\/produs\/kastrjulja-msr-alpine-stowaway-pot-1-6-l\/","title":{"rendered":"Cratita MSR Alpine Stowaway Pot 1,6 L"},"content":{"rendered":"<\/p>\n<div id=\"description\" class=\"producttab\">\n<p><strong>Crati\u021b\u0103 MSR Alpine Stowaway Pot (1,6 l)<\/strong> &#8212; perfect pentru depozitarea \u0219i g\u0103titul alimentelor. Aceast\u0103 oal\u0103 robust\u0103 are un m\u00e2ner pentru ridicarea u\u0219oar\u0103 a oalei \u0219i \u00eenchiderea sigur\u0103 a capacului.<\/p>\n<h3>Particularit\u0103\u021bi<\/h3>\n<ul>\n<li>Fabricat din o\u021bel inoxidabil de \u00eenalt\u0103 calitate<\/li>\n<li>M\u00e2nerul tig\u0103ii serve\u0219te \u0219i ca dispozitiv de blocare<\/li>\n<li>Poate fi folosit\u0103 at\u00e2t pe un foc deschis, c\u00e2t \u0219i pe un arz\u0103tor<\/li>\n<\/ul>\n<h3>Caracteristici<\/h3>\n<ul>\n<li>Material - o\u021bel inoxidabil<\/li>\n<li>Volum &#8212; 1,6 litri<\/li>\n<li>Greutate &#8212; 550 g<\/li>\n<\/ul>\n<h3>Marca<\/h3>\n<p>MSR este un cunoscut produc\u0103tor de articole sportive, care produce echipamente pentru alpini\u0219tii profesioni\u0219ti \u0219i pentru cei care prefer\u0103 activit\u0103\u021bile de agrement \u00een aer liber. Produsele sunt concepute pentru a face c\u00e2t mai u\u0219or posibil ca o persoan\u0103 s\u0103 r\u0103m\u00e2n\u0103 \u00een aer liber pentru perioade lungi de timp. Acestea sunt dispozitive universale care pot fi folosite at\u00e2t \u00eentr-o drume\u021bie obi\u0219nuit\u0103, c\u00e2t \u0219i \u00eentr-o expedi\u021bie complex\u0103.<\/p>\n<\/div>\n<p><\/p>","protected":false},"excerpt":{"rendered":"<p>Cratita MSR Alpine Stowaway Pot 1,6 L<\/p>","protected":false},"featured_media":1050,"comment_status":"open","ping_status":"closed","template":"","meta":{"_acf_changed":false,"inline_featured_image":false},"product_brand":[1279],"product_cat":[84],"product_tag":[],"class_list":{"0":"post-1051","1":"product","2":"type-product","3":"status-publish","4":"has-post-thumbnail","6":"product_brand-msr","7":"product_cat-pots","9":"first","10":"instock","11":"shipping-taxable","12":"purchasable","13":"product-type-simple"},"acf":[],"yoast_head":"<!-- This site is optimized with the Yoast SEO plugin v27.2 - https:\/\/yoast.com\/product\/yoast-seo-wordpress\/ -->\n<title>\u041a\u0430\u0441\u0442\u0440\u044e\u043b\u044f MSR Alpine Stowaway Pot (1,6 \u043b) - \u041c\u0430\u0433\u0430\u0437\u0438\u043d Xstyle<\/title>\n<meta name=\"description\" content=\"\u041a\u0430\u0441\u0442\u0440\u044e\u043b\u044f MSR Alpine Stowaway Pot (1,6 \u043b) \u0438\u0437 \u043d\u0435\u0440\u0436\u0430\u0432\u0435\u044e\u0449\u0435\u0439 \u0441\u0442\u0430\u043b\u0438 \u0438\u0434\u0435\u0430\u043b\u044c\u043d\u0430 \u0434\u043b\u044f \u0433\u043e\u0442\u043e\u0432\u043a\u0438 \u0438 \u0445\u0440\u0430\u043d\u0435\u043d\u0438\u044f \u043f\u0440\u043e\u0434\u0443\u043a\u0442\u043e\u0432. \u041b\u0435\u0433\u043a\u0430\u044f \u0438 \u0443\u0434\u043e\u0431\u043d\u0430\u044f, \u0434\u043b\u044f \u043e\u0442\u043a\u0440\u044b\u0442\u043e\u0433\u043e \u043e\u0433\u043d\u044f \u0438 \u043f\u043b\u0438\u0442\u043a\u0438.\" \/>\n<meta name=\"robots\" content=\"index, follow, max-snippet:-1, max-image-preview:large, max-video-preview:-1\" \/>\n<link rel=\"canonical\" href=\"https:\/\/xstyle.md\/ro\/produs\/kastrjulja-msr-alpine-stowaway-pot-1-6-l\/\" \/>\n<meta property=\"og:locale\" content=\"ro_RO\" \/>\n<meta property=\"og:type\" content=\"article\" \/>\n<meta property=\"og:title\" content=\"\u041a\u0430\u0441\u0442\u0440\u044e\u043b\u044f MSR Alpine Stowaway Pot (1,6 \u043b) - \u041c\u0430\u0433\u0430\u0437\u0438\u043d Xstyle\" \/>\n<meta property=\"og:description\" content=\"\u041a\u0430\u0441\u0442\u0440\u044e\u043b\u044f MSR Alpine Stowaway Pot (1,6 \u043b) \u0438\u0437 \u043d\u0435\u0440\u0436\u0430\u0432\u0435\u044e\u0449\u0435\u0439 \u0441\u0442\u0430\u043b\u0438 \u0438\u0434\u0435\u0430\u043b\u044c\u043d\u0430 \u0434\u043b\u044f \u0433\u043e\u0442\u043e\u0432\u043a\u0438 \u0438 \u0445\u0440\u0430\u043d\u0435\u043d\u0438\u044f \u043f\u0440\u043e\u0434\u0443\u043a\u0442\u043e\u0432. \u041b\u0435\u0433\u043a\u0430\u044f \u0438 \u0443\u0434\u043e\u0431\u043d\u0430\u044f, \u0434\u043b\u044f \u043e\u0442\u043a\u0440\u044b\u0442\u043e\u0433\u043e \u043e\u0433\u043d\u044f \u0438 \u043f\u043b\u0438\u0442\u043a\u0438.\" \/>\n<meta property=\"og:url\" content=\"https:\/\/xstyle.md\/ro\/produs\/kastrjulja-msr-alpine-stowaway-pot-1-6-l\/\" \/>\n<meta property=\"og:site_name\" content=\"\u041c\u0430\u0433\u0430\u0437\u0438\u043d Xstyle\" \/>\n<meta property=\"article:publisher\" content=\"https:\/\/www.facebook.com\/xstylemd\" \/>\n<meta property=\"article:modified_time\" content=\"2025-10-24T09:29:20+00:00\" \/>\n<meta property=\"og:image\" content=\"https:\/\/xstyle.md\/wp-content\/uploads\/2020\/07\/stowaway16.jpg\" \/>\n\t<meta property=\"og:image:width\" content=\"300\" \/>\n\t<meta property=\"og:image:height\" content=\"300\" \/>\n\t<meta property=\"og:image:type\" content=\"image\/jpeg\" \/>\n<meta name=\"twitter:card\" content=\"summary_large_image\" \/>\n<meta name=\"twitter:label1\" content=\"Pre\u021b\" \/>\n\t<meta name=\"twitter:data1\" content=\"780&nbsp;MDL\" \/>\n\t<meta name=\"twitter:label2\" content=\"Disponibilitate\" \/>\n\t<meta name=\"twitter:data2\" content=\"\u00cen stoc\" \/>\n<script type=\"application\/ld+json\" class=\"yoast-schema-graph\">{\"@context\":\"https:\/\/schema.org\",\"@graph\":[{\"@type\":\"WebPage\",\"@id\":\"https:\/\/xstyle.md\/product\/kastrjulja-msr-alpine-stowaway-pot-1-6-l\/\",\"url\":\"https:\/\/xstyle.md\/product\/kastrjulja-msr-alpine-stowaway-pot-1-6-l\/\",\"name\":\"\u041a\u0430\u0441\u0442\u0440\u044e\u043b\u044f MSR Alpine Stowaway Pot (1,6 \u043b) - \u041c\u0430\u0433\u0430\u0437\u0438\u043d Xstyle\",\"isPartOf\":{\"@id\":\"https:\/\/xstyle.md\/#website\"},\"primaryImageOfPage\":{\"@id\":\"https:\/\/xstyle.md\/product\/kastrjulja-msr-alpine-stowaway-pot-1-6-l\/#primaryimage\"},\"image\":{\"@id\":\"https:\/\/xstyle.md\/product\/kastrjulja-msr-alpine-stowaway-pot-1-6-l\/#primaryimage\"},\"thumbnailUrl\":\"https:\/\/xstyle.md\/wp-content\/uploads\/2020\/07\/stowaway16.jpg\",\"datePublished\":\"2020-07-16T13:02:39+00:00\",\"dateModified\":\"2025-10-24T09:29:20+00:00\",\"description\":\"\u041a\u0430\u0441\u0442\u0440\u044e\u043b\u044f MSR Alpine Stowaway Pot (1,6 \u043b) \u0438\u0437 \u043d\u0435\u0440\u0436\u0430\u0432\u0435\u044e\u0449\u0435\u0439 \u0441\u0442\u0430\u043b\u0438 \u0438\u0434\u0435\u0430\u043b\u044c\u043d\u0430 \u0434\u043b\u044f \u0433\u043e\u0442\u043e\u0432\u043a\u0438 \u0438 \u0445\u0440\u0430\u043d\u0435\u043d\u0438\u044f \u043f\u0440\u043e\u0434\u0443\u043a\u0442\u043e\u0432. \u041b\u0435\u0433\u043a\u0430\u044f \u0438 \u0443\u0434\u043e\u0431\u043d\u0430\u044f, \u0434\u043b\u044f \u043e\u0442\u043a\u0440\u044b\u0442\u043e\u0433\u043e \u043e\u0433\u043d\u044f \u0438 \u043f\u043b\u0438\u0442\u043a\u0438.\",\"breadcrumb\":{\"@id\":\"https:\/\/xstyle.md\/product\/kastrjulja-msr-alpine-stowaway-pot-1-6-l\/#breadcrumb\"},\"inLanguage\":\"ro-RO\",\"potentialAction\":[{\"@type\":\"ReadAction\",\"target\":[\"https:\/\/xstyle.md\/product\/kastrjulja-msr-alpine-stowaway-pot-1-6-l\/\"]}]},{\"@type\":\"ImageObject\",\"inLanguage\":\"ro-RO\",\"@id\":\"https:\/\/xstyle.md\/product\/kastrjulja-msr-alpine-stowaway-pot-1-6-l\/#primaryimage\",\"url\":\"https:\/\/xstyle.md\/wp-content\/uploads\/2020\/07\/stowaway16.jpg\",\"contentUrl\":\"https:\/\/xstyle.md\/wp-content\/uploads\/2020\/07\/stowaway16.jpg\",\"width\":300,\"height\":300},{\"@type\":\"BreadcrumbList\",\"@id\":\"https:\/\/xstyle.md\/product\/kastrjulja-msr-alpine-stowaway-pot-1-6-l\/#breadcrumb\",\"itemListElement\":[{\"@type\":\"ListItem\",\"position\":1,\"name\":\"\u0413\u043b\u0430\u0432\u043d\u0430\u044f \u0441\u0442\u0440\u0430\u043d\u0438\u0446\u0430\",\"item\":\"https:\/\/xstyle.md\/\"},{\"@type\":\"ListItem\",\"position\":2,\"name\":\"\u041c\u0430\u0433\u0430\u0437\u0438\u043d\",\"item\":\"https:\/\/xstyle.md\/shop\/\"},{\"@type\":\"ListItem\",\"position\":3,\"name\":\"\u041a\u0430\u0441\u0442\u0440\u044e\u043b\u044f MSR Alpine Stowaway Pot (1,6 \u043b)\"}]},{\"@type\":\"WebSite\",\"@id\":\"https:\/\/xstyle.md\/#website\",\"url\":\"https:\/\/xstyle.md\/\",\"name\":\"\u041c\u0430\u0433\u0430\u0437\u0438\u043d Xstyle\",\"description\":\"C\u043d\u0430\u0440\u044f\u0436\u0435\u043d\u0438\u0435 \u0434\u043b\u044f \u0442\u0443\u0440\u0438\u0437\u043c\u0430 \u0438 \u044d\u043a\u0441\u0442\u0440\u0435\u043c\u0430\u043b\u044c\u043d\u044b\u0445 \u0432\u0438\u0434\u043e\u0432 \u0441\u043f\u043e\u0440\u0442\u0430 \u0432 \u041c\u043e\u043b\u0434\u043e\u0432\u0435.. \u0426\u0435\u043d\u044b, \u0444\u043e\u0442\u043e, \u0445\u0430\u0440\u0430\u043a\u0442\u0435\u0440\u0438\u0441\u0442\u0438\u043a\u0438 \u0432 \u041c\u043e\u043b\u0434\u043e\u0432\u0435.\",\"publisher\":{\"@id\":\"https:\/\/xstyle.md\/#organization\"},\"alternateName\":\"X-Style\",\"potentialAction\":[{\"@type\":\"SearchAction\",\"target\":{\"@type\":\"EntryPoint\",\"urlTemplate\":\"https:\/\/xstyle.md\/?s={search_term_string}\"},\"query-input\":{\"@type\":\"PropertyValueSpecification\",\"valueRequired\":true,\"valueName\":\"search_term_string\"}}],\"inLanguage\":\"ro-RO\"},{\"@type\":\"Organization\",\"@id\":\"https:\/\/xstyle.md\/#organization\",\"name\":\"\u041c\u0430\u0433\u0430\u0437\u0438\u043d Xstyle\",\"alternateName\":\"x-style\",\"url\":\"https:\/\/xstyle.md\/\",\"logo\":{\"@type\":\"ImageObject\",\"inLanguage\":\"ro-RO\",\"@id\":\"https:\/\/xstyle.md\/#\/schema\/logo\/image\/\",\"url\":\"https:\/\/xstyle.md\/wp-content\/uploads\/2020\/06\/logoicon.svg\",\"contentUrl\":\"https:\/\/xstyle.md\/wp-content\/uploads\/2020\/06\/logoicon.svg\",\"caption\":\"\u041c\u0430\u0433\u0430\u0437\u0438\u043d Xstyle\"},\"image\":{\"@id\":\"https:\/\/xstyle.md\/#\/schema\/logo\/image\/\"},\"sameAs\":[\"https:\/\/www.facebook.com\/xstylemd\",\"https:\/\/www.instagram.com\/xstyle_md\/\",\"https:\/\/t.me\/xstyle_outdoor\"],\"hasMerchantReturnPolicy\":{\"@type\":\"MerchantReturnPolicy\",\"merchantReturnLink\":\"https:\/\/xstyle.md\/ro\/conditions\/\"}}]}<\/script>\n<meta property=\"product:price:amount\" content=\"780.00\" \/>\n<meta property=\"product:price:currency\" content=\"MDL\" \/>\n<meta property=\"og:availability\" content=\"instock\" \/>\n<meta property=\"product:availability\" content=\"instock\" \/>\n<meta property=\"product:retailer_item_id\" content=\"94642211115\" \/>\n<meta property=\"product:condition\" content=\"new\" \/>\n<!-- \/ Yoast SEO plugin. -->","yoast_head_json":{"title":"\u041a\u0430\u0441\u0442\u0440\u044e\u043b\u044f MSR Alpine Stowaway Pot (1,6 \u043b) - \u041c\u0430\u0433\u0430\u0437\u0438\u043d Xstyle","description":"\u041a\u0430\u0441\u0442\u0440\u044e\u043b\u044f MSR Alpine Stowaway Pot (1,6 \u043b) \u0438\u0437 \u043d\u0435\u0440\u0436\u0430\u0432\u0435\u044e\u0449\u0435\u0439 \u0441\u0442\u0430\u043b\u0438 \u0438\u0434\u0435\u0430\u043b\u044c\u043d\u0430 \u0434\u043b\u044f \u0433\u043e\u0442\u043e\u0432\u043a\u0438 \u0438 \u0445\u0440\u0430\u043d\u0435\u043d\u0438\u044f \u043f\u0440\u043e\u0434\u0443\u043a\u0442\u043e\u0432. \u041b\u0435\u0433\u043a\u0430\u044f \u0438 \u0443\u0434\u043e\u0431\u043d\u0430\u044f, \u0434\u043b\u044f \u043e\u0442\u043a\u0440\u044b\u0442\u043e\u0433\u043e \u043e\u0433\u043d\u044f \u0438 \u043f\u043b\u0438\u0442\u043a\u0438.","robots":{"index":"index","follow":"follow","max-snippet":"max-snippet:-1","max-image-preview":"max-image-preview:large","max-video-preview":"max-video-preview:-1"},"canonical":"https:\/\/xstyle.md\/ro\/produs\/kastrjulja-msr-alpine-stowaway-pot-1-6-l\/","og_locale":"ro_RO","og_type":"article","og_title":"\u041a\u0430\u0441\u0442\u0440\u044e\u043b\u044f MSR Alpine Stowaway Pot (1,6 \u043b) - \u041c\u0430\u0433\u0430\u0437\u0438\u043d Xstyle","og_description":"\u041a\u0430\u0441\u0442\u0440\u044e\u043b\u044f MSR Alpine Stowaway Pot (1,6 \u043b) \u0438\u0437 \u043d\u0435\u0440\u0436\u0430\u0432\u0435\u044e\u0449\u0435\u0439 \u0441\u0442\u0430\u043b\u0438 \u0438\u0434\u0435\u0430\u043b\u044c\u043d\u0430 \u0434\u043b\u044f \u0433\u043e\u0442\u043e\u0432\u043a\u0438 \u0438 \u0445\u0440\u0430\u043d\u0435\u043d\u0438\u044f \u043f\u0440\u043e\u0434\u0443\u043a\u0442\u043e\u0432. \u041b\u0435\u0433\u043a\u0430\u044f \u0438 \u0443\u0434\u043e\u0431\u043d\u0430\u044f, \u0434\u043b\u044f \u043e\u0442\u043a\u0440\u044b\u0442\u043e\u0433\u043e \u043e\u0433\u043d\u044f \u0438 \u043f\u043b\u0438\u0442\u043a\u0438.","og_url":"https:\/\/xstyle.md\/ro\/produs\/kastrjulja-msr-alpine-stowaway-pot-1-6-l\/","og_site_name":"\u041c\u0430\u0433\u0430\u0437\u0438\u043d Xstyle","article_publisher":"https:\/\/www.facebook.com\/xstylemd","article_modified_time":"2025-10-24T09:29:20+00:00","og_image":[{"width":300,"height":300,"url":"https:\/\/xstyle.md\/wp-content\/uploads\/2020\/07\/stowaway16.jpg","type":"image\/jpeg"}],"twitter_card":"summary_large_image","twitter_misc":{"Pre\u021b":"780&nbsp;MDL","Disponibilitate":"\u00cen stoc"},"schema":{"@context":"https:\/\/schema.org","@graph":[{"@type":"WebPage","@id":"https:\/\/xstyle.md\/product\/kastrjulja-msr-alpine-stowaway-pot-1-6-l\/","url":"https:\/\/xstyle.md\/product\/kastrjulja-msr-alpine-stowaway-pot-1-6-l\/","name":"\u041a\u0430\u0441\u0442\u0440\u044e\u043b\u044f MSR Alpine Stowaway Pot (1,6 \u043b) - \u041c\u0430\u0433\u0430\u0437\u0438\u043d Xstyle","isPartOf":{"@id":"https:\/\/xstyle.md\/#website"},"primaryImageOfPage":{"@id":"https:\/\/xstyle.md\/product\/kastrjulja-msr-alpine-stowaway-pot-1-6-l\/#primaryimage"},"image":{"@id":"https:\/\/xstyle.md\/product\/kastrjulja-msr-alpine-stowaway-pot-1-6-l\/#primaryimage"},"thumbnailUrl":"https:\/\/xstyle.md\/wp-content\/uploads\/2020\/07\/stowaway16.jpg","datePublished":"2020-07-16T13:02:39+00:00","dateModified":"2025-10-24T09:29:20+00:00","description":"\u041a\u0430\u0441\u0442\u0440\u044e\u043b\u044f MSR Alpine Stowaway Pot (1,6 \u043b) \u0438\u0437 \u043d\u0435\u0440\u0436\u0430\u0432\u0435\u044e\u0449\u0435\u0439 \u0441\u0442\u0430\u043b\u0438 \u0438\u0434\u0435\u0430\u043b\u044c\u043d\u0430 \u0434\u043b\u044f \u0433\u043e\u0442\u043e\u0432\u043a\u0438 \u0438 \u0445\u0440\u0430\u043d\u0435\u043d\u0438\u044f \u043f\u0440\u043e\u0434\u0443\u043a\u0442\u043e\u0432. \u041b\u0435\u0433\u043a\u0430\u044f \u0438 \u0443\u0434\u043e\u0431\u043d\u0430\u044f, \u0434\u043b\u044f \u043e\u0442\u043a\u0440\u044b\u0442\u043e\u0433\u043e \u043e\u0433\u043d\u044f \u0438 \u043f\u043b\u0438\u0442\u043a\u0438.","breadcrumb":{"@id":"https:\/\/xstyle.md\/product\/kastrjulja-msr-alpine-stowaway-pot-1-6-l\/#breadcrumb"},"inLanguage":"ro-RO","potentialAction":[{"@type":"ReadAction","target":["https:\/\/xstyle.md\/product\/kastrjulja-msr-alpine-stowaway-pot-1-6-l\/"]}]},{"@type":"ImageObject","inLanguage":"ro-RO","@id":"https:\/\/xstyle.md\/product\/kastrjulja-msr-alpine-stowaway-pot-1-6-l\/#primaryimage","url":"https:\/\/xstyle.md\/wp-content\/uploads\/2020\/07\/stowaway16.jpg","contentUrl":"https:\/\/xstyle.md\/wp-content\/uploads\/2020\/07\/stowaway16.jpg","width":300,"height":300},{"@type":"BreadcrumbList","@id":"https:\/\/xstyle.md\/product\/kastrjulja-msr-alpine-stowaway-pot-1-6-l\/#breadcrumb","itemListElement":[{"@type":"ListItem","position":1,"name":"\u0413\u043b\u0430\u0432\u043d\u0430\u044f \u0441\u0442\u0440\u0430\u043d\u0438\u0446\u0430","item":"https:\/\/xstyle.md\/"},{"@type":"ListItem","position":2,"name":"\u041c\u0430\u0433\u0430\u0437\u0438\u043d","item":"https:\/\/xstyle.md\/shop\/"},{"@type":"ListItem","position":3,"name":"\u041a\u0430\u0441\u0442\u0440\u044e\u043b\u044f MSR Alpine Stowaway Pot (1,6 \u043b)"}]},{"@type":"WebSite","@id":"https:\/\/xstyle.md\/#website","url":"https:\/\/xstyle.md\/","name":"Magazinul X-Style","description":"Echipamente pentru turism \u0219i sporturi extreme \u00een Moldova. Pre\u021buri, fotografii, caracteristici \u00een Moldova.","publisher":{"@id":"https:\/\/xstyle.md\/#organization"},"alternateName":"X-Style","potentialAction":[{"@type":"SearchAction","target":{"@type":"EntryPoint","urlTemplate":"https:\/\/xstyle.md\/?s={search_term_string}"},"query-input":{"@type":"PropertyValueSpecification","valueRequired":true,"valueName":"search_term_string"}}],"inLanguage":"ro-RO"},{"@type":"Organization","@id":"https:\/\/xstyle.md\/#organization","name":"Magazinul X-Style","alternateName":"x-style","url":"https:\/\/xstyle.md\/","logo":{"@type":"ImageObject","inLanguage":"ro-RO","@id":"https:\/\/xstyle.md\/#\/schema\/logo\/image\/","url":"https:\/\/xstyle.md\/wp-content\/uploads\/2020\/06\/logoicon.svg","contentUrl":"https:\/\/xstyle.md\/wp-content\/uploads\/2020\/06\/logoicon.svg","caption":"\u041c\u0430\u0433\u0430\u0437\u0438\u043d Xstyle"},"image":{"@id":"https:\/\/xstyle.md\/#\/schema\/logo\/image\/"},"sameAs":["https:\/\/www.facebook.com\/xstylemd","https:\/\/www.instagram.com\/xstyle_md\/","https:\/\/t.me\/xstyle_outdoor"],"hasMerchantReturnPolicy":{"@type":"MerchantReturnPolicy","merchantReturnLink":"https:\/\/xstyle.md\/ro\/conditions\/"}}]},"product_price_amount":"780.00","product_price_currency":"MDL","og_availability":"instock","product_availability":"instock","product_retailer_item_id":"94642211115","product_condition":"new"},"post_mailing_queue_ids":[],"_links":{"self":[{"href":"https:\/\/xstyle.md\/ro\/wp-json\/wp\/v2\/product\/1051","targetHints":{"allow":["GET"]}}],"collection":[{"href":"https:\/\/xstyle.md\/ro\/wp-json\/wp\/v2\/product"}],"about":[{"href":"https:\/\/xstyle.md\/ro\/wp-json\/wp\/v2\/types\/product"}],"replies":[{"embeddable":true,"href":"https:\/\/xstyle.md\/ro\/wp-json\/wp\/v2\/comments?post=1051"}],"wp:featuredmedia":[{"embeddable":true,"href":"https:\/\/xstyle.md\/ro\/wp-json\/wp\/v2\/media\/1050"}],"wp:attachment":[{"href":"https:\/\/xstyle.md\/ro\/wp-json\/wp\/v2\/media?parent=1051"}],"wp:term":[{"taxonomy":"product_brand","embeddable":true,"href":"https:\/\/xstyle.md\/ro\/wp-json\/wp\/v2\/product_brand?post=1051"},{"taxonomy":"product_cat","embeddable":true,"href":"https:\/\/xstyle.md\/ro\/wp-json\/wp\/v2\/product_cat?post=1051"},{"taxonomy":"product_tag","embeddable":true,"href":"https:\/\/xstyle.md\/ro\/wp-json\/wp\/v2\/product_tag?post=1051"}],"curies":[{"name":"wp","href":"https:\/\/api.w.org\/{rel}","templated":true}]}}