{"id":105097,"date":"2026-04-08T13:20:21","date_gmt":"2026-04-08T10:20:21","guid":{"rendered":"https:\/\/xstyle.md\/?post_type=product&#038;p=105097"},"modified":"2026-04-11T15:52:17","modified_gmt":"2026-04-11T12:52:17","slug":"strahovochnaya-sistema-petzl-corax-dark-red","status":"publish","type":"product","link":"https:\/\/xstyle.md\/ro\/produs\/strahovochnaya-sistema-petzl-corax-dark-red\/","title":{"rendered":"Ham Petzl Corax dark red"},"content":{"rendered":"<\/p>\n<p><strong>Petzl Corax dark red<\/strong> &#8212; este cel mai popular \u0219i versatil ham din gama Petzl. Datorit\u0103 fiabilit\u0103\u021bii, confortului \u0219i u\u0219urin\u021bei de reglare, acesta a devenit un punct de referin\u021b\u0103 at\u00e2t pentru \u00eencep\u0103tori, c\u00e2t \u0219i pentru alpini\u0219tii experimenta\u021bi. CORAX este ideal pentru s\u0103li de escalad\u0103, st\u00e2nc\u0103, via-ferrata \u0219i chiar alpinism clasic. Cele dou\u0103 catarame de pe centur\u0103 permit centrarea perfect\u0103 a buclei de asigurare \u0219i ajustarea comod\u0103 a m\u0103rimii \u00een func\u021bie de num\u0103rul de straturi de \u00eembr\u0103c\u0103minte purtate.<\/p>\n<h3>Particularit\u0103\u021bi<\/h3>\n<ul>\n<li>Versatilitate \u0219i confort \u2014 centura \u0219i buclele pentru picioare sunt c\u0103ptu\u0219ite, oferind confort sporit \u00een timpul perioadelor lungi de suspendare<\/li>\n<li>Reglare complet\u0103 \u2014 centura este dotat\u0103 cu dou\u0103 catarame DoubleBack pentru o ajustare rapid\u0103 \u0219i precis\u0103. Buclele reglabile pentru picioare permit punerea hamului f\u0103r\u0103 a scoate bocancii sau col\u021barii<\/li>\n<li>Organizarea echipamentului \u2014 hamul dispune de patru bucle pentru echipament. Cele dou\u0103 din fa\u021b\u0103 sunt rigide (pentru acces rapid la buclele echipate), iar cele dou\u0103 din spate sunt flexibile (pentru a nu incomoda atunci c\u00e2nd purta\u021bi un rucsac)<\/li>\n<li>Compatibilitate cu accesorii \u2014 include fante pentru fixarea carabinierelor CARITOOL EVO, utile pentru transportul \u0219uruburilor de ghea\u021b\u0103 sau al altor unelte<\/li>\n<li>Design ecologic \u2014 materialul exterior al centurii \u0219i al buclelor pentru picioare este fabricat din poliester reciclat<\/li>\n<\/ul>\n<h3>Caracteristici<\/h3>\n<ul>\n<li>Material \u2014 Poliester, spum\u0103 poliuretanic\u0103, o\u021bel<\/li>\n<li>Culoare \u2014 Dark Red (Ro\u0219u \u00eenchis)<\/li>\n<li>M\u0103rimi \u2014 1 (XS-L) \u0219i 2 (M-XL)<\/li>\n<li>Greutate \u2014 470 g (m\u0103rimea 1), 520 g (m\u0103rimea 2)<\/li>\n<li>Certificare \u2014 CE EN 12277 type C, UIAA, UKCA<\/li>\n<\/ul>\n<p><\/p>\n<h3>Marca<\/h3>\n<p>PETZL  - este un brand de renume mondial care produce echipamente specializate pentru alpinism, speologie, escalad\u0103 \u0219i alpinism utilitar. Compania a fost fondat\u0103 de Fernand Petzl, un pasionat de explorarea pe\u0219terilor \u00eentreaga sa via\u021b\u0103. La mijlocul anilor '70, pasiunea sa \u0219i afacerea de familie s-au transformat \u00een ceva mult mai mare. Fernand a \u00eenceput s\u0103 modifice dispozitivele existente utilizate \u00een speologie, iar ulterior s\u0103 inventeze altele complet noi.<\/p>\n<p>Gama de produse a companiei s-a extins c\u0103tre sistemele de iluminare, deoarece \u00een \u00eentunericul pe\u0219terilor aceasta este una dintre cele mai importante componente ale echipamentului necesar. Dup\u0103 speologie, PETZL s-a dedicat cre\u0103rii de echipamente pentru alpini\u0219ti \u0219i practican\u021bi de escalad\u0103, iar ulterior pentru lucrul la \u00een\u0103l\u021bime.<\/p>\n<p>Misiunea PETZL const\u0103 \u00een crearea unor instrumente inovatoare care s\u0103 permit\u0103 b\u0103rba\u021bilor \u0219i femeilor s\u0103 ating\u0103 noi \u00een\u0103l\u021bimi pe vertical\u0103 \u0219i s\u0103 le lumineze calea \u00een \u00eentuneric. Compania se afl\u0103 \u00eentr-o c\u0103utare continu\u0103 a celor mai bune solu\u021bii \u00een toate domeniile sale de activitate. Performan\u021ba, ergonomia, confortul \u0219i, mai presus de toate, siguran\u021ba sunt cele mai importante criterii \u00een acest demers. \u201eAccess the inaccessible\u201d (Accesarea inaccesibilului) este deviza sa de lung\u0103 durat\u0103.<\/p>","protected":false},"excerpt":{"rendered":"<p>\u0411\u0440\u0435\u043d\u0434 PETZL \u2013 \u0432\u0441\u0435\u043c\u0438\u0440\u043d\u043e \u0438\u0437\u0432\u0435\u0441\u0442\u043d\u044b\u0439 \u0431\u0440\u0435\u043d\u0434, \u043f\u0440\u043e\u0438\u0437\u0432\u043e\u0434\u044f\u0449\u0438\u0439 \u0441\u043f\u0435\u0446\u0438\u0430\u043b\u044c\u043d\u043e\u0435 \u0441\u043d\u0430\u0440\u044f\u0436\u0435\u043d\u0438\u044f \u0434\u043b\u044f \u0430\u043b\u044c\u043f\u0438\u043d\u0438\u0437\u043c\u0430, \u0441\u043f\u0435\u043b\u0435\u043e\u043b\u043e\u0433\u0438\u0438, \u0441\u043a\u0430\u043b\u043e\u043b\u0430\u0437\u0430\u043d\u0438\u044f \u0438 \u043f\u0440\u043e\u043c\u044b\u0448\u043b\u0435\u043d\u043d\u043e\u0433\u043e \u0430\u043b\u044c\u043f\u0438\u043d\u0438\u0437\u043c\u0430. \u041a\u043e\u043c\u043f\u0430\u043d\u0438\u044f \u0431\u044b\u043b\u0430 \u043e\u0441\u043d\u043e\u0432\u0430\u043d\u0430 \u0424\u0435\u0440\u043d\u0430\u043d\u0434\u043e\u043c \u041f\u0435\u0442\u0446\u0435\u043b\u0435\u043c, \u0447\u0435\u043b\u043e\u0432\u0435\u043a\u043e\u043c, \u043a\u043e\u0442\u043e\u0440\u044b\u0439 \u0441\u0442\u0440\u0430\u0441\u0442\u043d\u043e \u0443\u0432\u043b\u0435\u043a\u0430\u043b\u0441\u044f \u043f\u0435\u0449\u0435\u0440\u0430\u043c\u0438 \u0432\u0441\u044e \u0441\u0432\u043e\u044e \u0436\u0438\u0437\u043d\u044c. \u0412 \u0441\u0435\u0440\u0435\u0434\u0438\u043d\u0435 1970-\u0445 \u0433\u043e\u0434\u043e\u0432 \u0435\u0433\u043e \u0443\u0432\u043b\u0435\u0447\u0435\u043d\u0438\u0435 \u0438 \u0441\u0435\u043c\u0435\u0439\u043d\u044b\u0439 \u0431\u0438\u0437\u043d\u0435\u0441 \u043f\u0435\u0440\u0435\u0440\u043e\u0441\u043b\u0438 \u0432 \u043d\u0435\u0447\u0442\u043e \u0431\u043e\u043b\u044c\u0448\u0435\u0435. \u0424\u0435\u0440\u043d\u0430\u043d\u0434 \u043d\u0430\u0447\u0430\u043b \u043c\u043e\u0434\u0438\u0444\u0438\u0446\u0438\u0440\u043e\u0432\u0430\u0442\u044c \u0441\u0443\u0449\u0435\u0441\u0442\u0432\u0443\u044e\u0449\u0438\u0435 \u0443\u0441\u0442\u0440\u043e\u0439\u0441\u0442\u0432\u0430, \u0438\u0441\u043f\u043e\u043b\u044c\u0437\u0443\u0435\u043c\u044b\u0435 \u0432 \u0441\u043f\u0435\u043b\u0435\u043e\u043b\u043e\u0433\u0438\u0438, \u0430 \u043f\u043e\u0442\u043e\u043c \u0438 \u0438\u0437\u043e\u0431\u0440\u0435\u0442\u0430\u0442\u044c \u0441\u043e\u0432\u0435\u0440\u0448\u0435\u043d\u043e [&hellip;]<\/p>\n","protected":false},"featured_media":105513,"comment_status":"open","ping_status":"closed","template":"","meta":{"_acf_changed":false,"inline_featured_image":false},"product_brand":[1270],"product_cat":[135],"product_tag":[],"class_list":{"0":"post-105097","1":"product","2":"type-product","3":"status-publish","4":"has-post-thumbnail","6":"product_brand-petzl","7":"product_cat-harnesses","9":"first","10":"instock","11":"shipping-taxable","12":"purchasable","13":"product-type-simple"},"acf":[],"yoast_head":"<!-- This site is optimized with the Yoast SEO plugin v27.2 - https:\/\/yoast.com\/product\/yoast-seo-wordpress\/ -->\n<title>\u0421\u0442\u0440\u0430\u0445\u043e\u0432\u043e\u0447\u043d\u0430\u044f \u0441\u0438\u0441\u0442\u0435\u043c\u0430 Petzl Corax dark red - \u041c\u0430\u0433\u0430\u0437\u0438\u043d Xstyle<\/title>\n<meta name=\"robots\" content=\"index, follow, max-snippet:-1, max-image-preview:large, max-video-preview:-1\" \/>\n<link rel=\"canonical\" href=\"https:\/\/xstyle.md\/ro\/produs\/strahovochnaya-sistema-petzl-corax-dark-red\/\" \/>\n<meta property=\"og:locale\" content=\"ro_RO\" \/>\n<meta property=\"og:type\" content=\"article\" \/>\n<meta property=\"og:title\" content=\"\u0421\u0442\u0440\u0430\u0445\u043e\u0432\u043e\u0447\u043d\u0430\u044f \u0441\u0438\u0441\u0442\u0435\u043c\u0430 Petzl Corax dark red - \u041c\u0430\u0433\u0430\u0437\u0438\u043d Xstyle\" \/>\n<meta property=\"og:description\" content=\"\u0411\u0440\u0435\u043d\u0434 PETZL \u2013 \u0432\u0441\u0435\u043c\u0438\u0440\u043d\u043e \u0438\u0437\u0432\u0435\u0441\u0442\u043d\u044b\u0439 \u0431\u0440\u0435\u043d\u0434, \u043f\u0440\u043e\u0438\u0437\u0432\u043e\u0434\u044f\u0449\u0438\u0439 \u0441\u043f\u0435\u0446\u0438\u0430\u043b\u044c\u043d\u043e\u0435 \u0441\u043d\u0430\u0440\u044f\u0436\u0435\u043d\u0438\u044f \u0434\u043b\u044f \u0430\u043b\u044c\u043f\u0438\u043d\u0438\u0437\u043c\u0430, \u0441\u043f\u0435\u043b\u0435\u043e\u043b\u043e\u0433\u0438\u0438, \u0441\u043a\u0430\u043b\u043e\u043b\u0430\u0437\u0430\u043d\u0438\u044f \u0438 \u043f\u0440\u043e\u043c\u044b\u0448\u043b\u0435\u043d\u043d\u043e\u0433\u043e \u0430\u043b\u044c\u043f\u0438\u043d\u0438\u0437\u043c\u0430. \u041a\u043e\u043c\u043f\u0430\u043d\u0438\u044f \u0431\u044b\u043b\u0430 \u043e\u0441\u043d\u043e\u0432\u0430\u043d\u0430 \u0424\u0435\u0440\u043d\u0430\u043d\u0434\u043e\u043c \u041f\u0435\u0442\u0446\u0435\u043b\u0435\u043c, \u0447\u0435\u043b\u043e\u0432\u0435\u043a\u043e\u043c, \u043a\u043e\u0442\u043e\u0440\u044b\u0439 \u0441\u0442\u0440\u0430\u0441\u0442\u043d\u043e \u0443\u0432\u043b\u0435\u043a\u0430\u043b\u0441\u044f \u043f\u0435\u0449\u0435\u0440\u0430\u043c\u0438 \u0432\u0441\u044e \u0441\u0432\u043e\u044e \u0436\u0438\u0437\u043d\u044c. \u0412 \u0441\u0435\u0440\u0435\u0434\u0438\u043d\u0435 1970-\u0445 \u0433\u043e\u0434\u043e\u0432 \u0435\u0433\u043e \u0443\u0432\u043b\u0435\u0447\u0435\u043d\u0438\u0435 \u0438 \u0441\u0435\u043c\u0435\u0439\u043d\u044b\u0439 \u0431\u0438\u0437\u043d\u0435\u0441 \u043f\u0435\u0440\u0435\u0440\u043e\u0441\u043b\u0438 \u0432 \u043d\u0435\u0447\u0442\u043e \u0431\u043e\u043b\u044c\u0448\u0435\u0435. \u0424\u0435\u0440\u043d\u0430\u043d\u0434 \u043d\u0430\u0447\u0430\u043b \u043c\u043e\u0434\u0438\u0444\u0438\u0446\u0438\u0440\u043e\u0432\u0430\u0442\u044c \u0441\u0443\u0449\u0435\u0441\u0442\u0432\u0443\u044e\u0449\u0438\u0435 \u0443\u0441\u0442\u0440\u043e\u0439\u0441\u0442\u0432\u0430, \u0438\u0441\u043f\u043e\u043b\u044c\u0437\u0443\u0435\u043c\u044b\u0435 \u0432 \u0441\u043f\u0435\u043b\u0435\u043e\u043b\u043e\u0433\u0438\u0438, \u0430 \u043f\u043e\u0442\u043e\u043c \u0438 \u0438\u0437\u043e\u0431\u0440\u0435\u0442\u0430\u0442\u044c \u0441\u043e\u0432\u0435\u0440\u0448\u0435\u043d\u043e [&hellip;]\" \/>\n<meta property=\"og:url\" content=\"https:\/\/xstyle.md\/ro\/produs\/strahovochnaya-sistema-petzl-corax-dark-red\/\" \/>\n<meta property=\"og:site_name\" content=\"\u041c\u0430\u0433\u0430\u0437\u0438\u043d Xstyle\" \/>\n<meta property=\"article:publisher\" content=\"https:\/\/www.facebook.com\/xstylemd\" \/>\n<meta property=\"article:modified_time\" content=\"2026-04-11T12:52:17+00:00\" \/>\n<meta property=\"og:image\" content=\"https:\/\/xstyle.md\/wp-content\/uploads\/2026\/04\/petzl-corax-dark-red-1.webp\" \/>\n\t<meta property=\"og:image:width\" content=\"1200\" \/>\n\t<meta property=\"og:image:height\" content=\"1200\" \/>\n\t<meta property=\"og:image:type\" content=\"image\/webp\" \/>\n<meta name=\"twitter:card\" content=\"summary_large_image\" \/>\n<meta name=\"twitter:label1\" content=\"Pre\u021b\" \/>\n\t<meta name=\"twitter:data1\" content=\"1.470&nbsp;MDL\" \/>\n\t<meta name=\"twitter:label2\" content=\"Disponibilitate\" \/>\n\t<meta name=\"twitter:data2\" content=\"\u00cen stoc\" \/>\n<script type=\"application\/ld+json\" class=\"yoast-schema-graph\">{\"@context\":\"https:\/\/schema.org\",\"@graph\":[{\"@type\":\"WebPage\",\"@id\":\"https:\/\/xstyle.md\/product\/strahovochnaya-sistema-petzl-corax-dark-red\/\",\"url\":\"https:\/\/xstyle.md\/product\/strahovochnaya-sistema-petzl-corax-dark-red\/\",\"name\":\"\u0421\u0442\u0440\u0430\u0445\u043e\u0432\u043e\u0447\u043d\u0430\u044f \u0441\u0438\u0441\u0442\u0435\u043c\u0430 Petzl Corax dark red - \u041c\u0430\u0433\u0430\u0437\u0438\u043d Xstyle\",\"isPartOf\":{\"@id\":\"https:\/\/xstyle.md\/#website\"},\"primaryImageOfPage\":{\"@id\":\"https:\/\/xstyle.md\/product\/strahovochnaya-sistema-petzl-corax-dark-red\/#primaryimage\"},\"image\":{\"@id\":\"https:\/\/xstyle.md\/product\/strahovochnaya-sistema-petzl-corax-dark-red\/#primaryimage\"},\"thumbnailUrl\":\"https:\/\/xstyle.md\/wp-content\/uploads\/2026\/04\/petzl-corax-dark-red-1.webp\",\"datePublished\":\"2026-04-08T10:20:21+00:00\",\"dateModified\":\"2026-04-11T12:52:17+00:00\",\"breadcrumb\":{\"@id\":\"https:\/\/xstyle.md\/product\/strahovochnaya-sistema-petzl-corax-dark-red\/#breadcrumb\"},\"inLanguage\":\"ro-RO\",\"potentialAction\":[{\"@type\":\"ReadAction\",\"target\":[\"https:\/\/xstyle.md\/product\/strahovochnaya-sistema-petzl-corax-dark-red\/\"]}]},{\"@type\":\"ImageObject\",\"inLanguage\":\"ro-RO\",\"@id\":\"https:\/\/xstyle.md\/product\/strahovochnaya-sistema-petzl-corax-dark-red\/#primaryimage\",\"url\":\"https:\/\/xstyle.md\/wp-content\/uploads\/2026\/04\/petzl-corax-dark-red-1.webp\",\"contentUrl\":\"https:\/\/xstyle.md\/wp-content\/uploads\/2026\/04\/petzl-corax-dark-red-1.webp\",\"width\":1200,\"height\":1200},{\"@type\":\"BreadcrumbList\",\"@id\":\"https:\/\/xstyle.md\/product\/strahovochnaya-sistema-petzl-corax-dark-red\/#breadcrumb\",\"itemListElement\":[{\"@type\":\"ListItem\",\"position\":1,\"name\":\"\u0413\u043b\u0430\u0432\u043d\u0430\u044f \u0441\u0442\u0440\u0430\u043d\u0438\u0446\u0430\",\"item\":\"https:\/\/xstyle.md\/\"},{\"@type\":\"ListItem\",\"position\":2,\"name\":\"\u041c\u0430\u0433\u0430\u0437\u0438\u043d\",\"item\":\"https:\/\/xstyle.md\/shop\/\"},{\"@type\":\"ListItem\",\"position\":3,\"name\":\"\u0421\u0442\u0440\u0430\u0445\u043e\u0432\u043e\u0447\u043d\u0430\u044f \u0441\u0438\u0441\u0442\u0435\u043c\u0430 Petzl Corax dark red\"}]},{\"@type\":\"WebSite\",\"@id\":\"https:\/\/xstyle.md\/#website\",\"url\":\"https:\/\/xstyle.md\/\",\"name\":\"\u041c\u0430\u0433\u0430\u0437\u0438\u043d Xstyle\",\"description\":\"C\u043d\u0430\u0440\u044f\u0436\u0435\u043d\u0438\u0435 \u0434\u043b\u044f \u0442\u0443\u0440\u0438\u0437\u043c\u0430 \u0438 \u044d\u043a\u0441\u0442\u0440\u0435\u043c\u0430\u043b\u044c\u043d\u044b\u0445 \u0432\u0438\u0434\u043e\u0432 \u0441\u043f\u043e\u0440\u0442\u0430 \u0432 \u041c\u043e\u043b\u0434\u043e\u0432\u0435.. \u0426\u0435\u043d\u044b, \u0444\u043e\u0442\u043e, \u0445\u0430\u0440\u0430\u043a\u0442\u0435\u0440\u0438\u0441\u0442\u0438\u043a\u0438 \u0432 \u041c\u043e\u043b\u0434\u043e\u0432\u0435.\",\"publisher\":{\"@id\":\"https:\/\/xstyle.md\/#organization\"},\"alternateName\":\"X-Style\",\"potentialAction\":[{\"@type\":\"SearchAction\",\"target\":{\"@type\":\"EntryPoint\",\"urlTemplate\":\"https:\/\/xstyle.md\/?s={search_term_string}\"},\"query-input\":{\"@type\":\"PropertyValueSpecification\",\"valueRequired\":true,\"valueName\":\"search_term_string\"}}],\"inLanguage\":\"ro-RO\"},{\"@type\":\"Organization\",\"@id\":\"https:\/\/xstyle.md\/#organization\",\"name\":\"\u041c\u0430\u0433\u0430\u0437\u0438\u043d Xstyle\",\"alternateName\":\"x-style\",\"url\":\"https:\/\/xstyle.md\/\",\"logo\":{\"@type\":\"ImageObject\",\"inLanguage\":\"ro-RO\",\"@id\":\"https:\/\/xstyle.md\/#\/schema\/logo\/image\/\",\"url\":\"https:\/\/xstyle.md\/wp-content\/uploads\/2020\/06\/logoicon.svg\",\"contentUrl\":\"https:\/\/xstyle.md\/wp-content\/uploads\/2020\/06\/logoicon.svg\",\"caption\":\"\u041c\u0430\u0433\u0430\u0437\u0438\u043d Xstyle\"},\"image\":{\"@id\":\"https:\/\/xstyle.md\/#\/schema\/logo\/image\/\"},\"sameAs\":[\"https:\/\/www.facebook.com\/xstylemd\",\"https:\/\/www.instagram.com\/xstyle_md\/\",\"https:\/\/t.me\/xstyle_outdoor\"],\"hasMerchantReturnPolicy\":{\"@type\":\"MerchantReturnPolicy\",\"merchantReturnLink\":\"https:\/\/xstyle.md\/ro\/conditions\/\"}}]}<\/script>\n<meta property=\"product:price:amount\" content=\"1470.00\" \/>\n<meta property=\"product:price:currency\" content=\"MDL\" \/>\n<meta property=\"og:availability\" content=\"instock\" \/>\n<meta property=\"product:availability\" content=\"instock\" \/>\n<meta property=\"product:retailer_item_id\" content=\"3342540844582\" \/>\n<meta property=\"product:condition\" content=\"new\" \/>\n<!-- \/ Yoast SEO plugin. -->","yoast_head_json":{"title":"\u0421\u0442\u0440\u0430\u0445\u043e\u0432\u043e\u0447\u043d\u0430\u044f \u0441\u0438\u0441\u0442\u0435\u043c\u0430 Petzl Corax dark red - \u041c\u0430\u0433\u0430\u0437\u0438\u043d Xstyle","robots":{"index":"index","follow":"follow","max-snippet":"max-snippet:-1","max-image-preview":"max-image-preview:large","max-video-preview":"max-video-preview:-1"},"canonical":"https:\/\/xstyle.md\/ro\/produs\/strahovochnaya-sistema-petzl-corax-dark-red\/","og_locale":"ro_RO","og_type":"article","og_title":"\u0421\u0442\u0440\u0430\u0445\u043e\u0432\u043e\u0447\u043d\u0430\u044f \u0441\u0438\u0441\u0442\u0435\u043c\u0430 Petzl Corax dark red - \u041c\u0430\u0433\u0430\u0437\u0438\u043d Xstyle","og_description":"\u0411\u0440\u0435\u043d\u0434 PETZL \u2013 \u0432\u0441\u0435\u043c\u0438\u0440\u043d\u043e \u0438\u0437\u0432\u0435\u0441\u0442\u043d\u044b\u0439 \u0431\u0440\u0435\u043d\u0434, \u043f\u0440\u043e\u0438\u0437\u0432\u043e\u0434\u044f\u0449\u0438\u0439 \u0441\u043f\u0435\u0446\u0438\u0430\u043b\u044c\u043d\u043e\u0435 \u0441\u043d\u0430\u0440\u044f\u0436\u0435\u043d\u0438\u044f \u0434\u043b\u044f \u0430\u043b\u044c\u043f\u0438\u043d\u0438\u0437\u043c\u0430, \u0441\u043f\u0435\u043b\u0435\u043e\u043b\u043e\u0433\u0438\u0438, \u0441\u043a\u0430\u043b\u043e\u043b\u0430\u0437\u0430\u043d\u0438\u044f \u0438 \u043f\u0440\u043e\u043c\u044b\u0448\u043b\u0435\u043d\u043d\u043e\u0433\u043e \u0430\u043b\u044c\u043f\u0438\u043d\u0438\u0437\u043c\u0430. \u041a\u043e\u043c\u043f\u0430\u043d\u0438\u044f \u0431\u044b\u043b\u0430 \u043e\u0441\u043d\u043e\u0432\u0430\u043d\u0430 \u0424\u0435\u0440\u043d\u0430\u043d\u0434\u043e\u043c \u041f\u0435\u0442\u0446\u0435\u043b\u0435\u043c, \u0447\u0435\u043b\u043e\u0432\u0435\u043a\u043e\u043c, \u043a\u043e\u0442\u043e\u0440\u044b\u0439 \u0441\u0442\u0440\u0430\u0441\u0442\u043d\u043e \u0443\u0432\u043b\u0435\u043a\u0430\u043b\u0441\u044f \u043f\u0435\u0449\u0435\u0440\u0430\u043c\u0438 \u0432\u0441\u044e \u0441\u0432\u043e\u044e \u0436\u0438\u0437\u043d\u044c. \u0412 \u0441\u0435\u0440\u0435\u0434\u0438\u043d\u0435 1970-\u0445 \u0433\u043e\u0434\u043e\u0432 \u0435\u0433\u043e \u0443\u0432\u043b\u0435\u0447\u0435\u043d\u0438\u0435 \u0438 \u0441\u0435\u043c\u0435\u0439\u043d\u044b\u0439 \u0431\u0438\u0437\u043d\u0435\u0441 \u043f\u0435\u0440\u0435\u0440\u043e\u0441\u043b\u0438 \u0432 \u043d\u0435\u0447\u0442\u043e \u0431\u043e\u043b\u044c\u0448\u0435\u0435. \u0424\u0435\u0440\u043d\u0430\u043d\u0434 \u043d\u0430\u0447\u0430\u043b \u043c\u043e\u0434\u0438\u0444\u0438\u0446\u0438\u0440\u043e\u0432\u0430\u0442\u044c \u0441\u0443\u0449\u0435\u0441\u0442\u0432\u0443\u044e\u0449\u0438\u0435 \u0443\u0441\u0442\u0440\u043e\u0439\u0441\u0442\u0432\u0430, \u0438\u0441\u043f\u043e\u043b\u044c\u0437\u0443\u0435\u043c\u044b\u0435 \u0432 \u0441\u043f\u0435\u043b\u0435\u043e\u043b\u043e\u0433\u0438\u0438, \u0430 \u043f\u043e\u0442\u043e\u043c \u0438 \u0438\u0437\u043e\u0431\u0440\u0435\u0442\u0430\u0442\u044c \u0441\u043e\u0432\u0435\u0440\u0448\u0435\u043d\u043e [&hellip;]","og_url":"https:\/\/xstyle.md\/ro\/produs\/strahovochnaya-sistema-petzl-corax-dark-red\/","og_site_name":"\u041c\u0430\u0433\u0430\u0437\u0438\u043d Xstyle","article_publisher":"https:\/\/www.facebook.com\/xstylemd","article_modified_time":"2026-04-11T12:52:17+00:00","og_image":[{"width":1200,"height":1200,"url":"https:\/\/xstyle.md\/wp-content\/uploads\/2026\/04\/petzl-corax-dark-red-1.webp","type":"image\/webp"}],"twitter_card":"summary_large_image","twitter_misc":{"Pre\u021b":"1.470&nbsp;MDL","Disponibilitate":"\u00cen stoc"},"schema":{"@context":"https:\/\/schema.org","@graph":[{"@type":"WebPage","@id":"https:\/\/xstyle.md\/product\/strahovochnaya-sistema-petzl-corax-dark-red\/","url":"https:\/\/xstyle.md\/product\/strahovochnaya-sistema-petzl-corax-dark-red\/","name":"\u0421\u0442\u0440\u0430\u0445\u043e\u0432\u043e\u0447\u043d\u0430\u044f \u0441\u0438\u0441\u0442\u0435\u043c\u0430 Petzl Corax dark red - \u041c\u0430\u0433\u0430\u0437\u0438\u043d Xstyle","isPartOf":{"@id":"https:\/\/xstyle.md\/#website"},"primaryImageOfPage":{"@id":"https:\/\/xstyle.md\/product\/strahovochnaya-sistema-petzl-corax-dark-red\/#primaryimage"},"image":{"@id":"https:\/\/xstyle.md\/product\/strahovochnaya-sistema-petzl-corax-dark-red\/#primaryimage"},"thumbnailUrl":"https:\/\/xstyle.md\/wp-content\/uploads\/2026\/04\/petzl-corax-dark-red-1.webp","datePublished":"2026-04-08T10:20:21+00:00","dateModified":"2026-04-11T12:52:17+00:00","breadcrumb":{"@id":"https:\/\/xstyle.md\/product\/strahovochnaya-sistema-petzl-corax-dark-red\/#breadcrumb"},"inLanguage":"ro-RO","potentialAction":[{"@type":"ReadAction","target":["https:\/\/xstyle.md\/product\/strahovochnaya-sistema-petzl-corax-dark-red\/"]}]},{"@type":"ImageObject","inLanguage":"ro-RO","@id":"https:\/\/xstyle.md\/product\/strahovochnaya-sistema-petzl-corax-dark-red\/#primaryimage","url":"https:\/\/xstyle.md\/wp-content\/uploads\/2026\/04\/petzl-corax-dark-red-1.webp","contentUrl":"https:\/\/xstyle.md\/wp-content\/uploads\/2026\/04\/petzl-corax-dark-red-1.webp","width":1200,"height":1200},{"@type":"BreadcrumbList","@id":"https:\/\/xstyle.md\/product\/strahovochnaya-sistema-petzl-corax-dark-red\/#breadcrumb","itemListElement":[{"@type":"ListItem","position":1,"name":"\u0413\u043b\u0430\u0432\u043d\u0430\u044f \u0441\u0442\u0440\u0430\u043d\u0438\u0446\u0430","item":"https:\/\/xstyle.md\/"},{"@type":"ListItem","position":2,"name":"\u041c\u0430\u0433\u0430\u0437\u0438\u043d","item":"https:\/\/xstyle.md\/shop\/"},{"@type":"ListItem","position":3,"name":"\u0421\u0442\u0440\u0430\u0445\u043e\u0432\u043e\u0447\u043d\u0430\u044f \u0441\u0438\u0441\u0442\u0435\u043c\u0430 Petzl Corax dark red"}]},{"@type":"WebSite","@id":"https:\/\/xstyle.md\/#website","url":"https:\/\/xstyle.md\/","name":"Magazinul X-Style","description":"Echipamente pentru turism \u0219i sporturi extreme \u00een Moldova. Pre\u021buri, fotografii, caracteristici \u00een Moldova.","publisher":{"@id":"https:\/\/xstyle.md\/#organization"},"alternateName":"X-Style","potentialAction":[{"@type":"SearchAction","target":{"@type":"EntryPoint","urlTemplate":"https:\/\/xstyle.md\/?s={search_term_string}"},"query-input":{"@type":"PropertyValueSpecification","valueRequired":true,"valueName":"search_term_string"}}],"inLanguage":"ro-RO"},{"@type":"Organization","@id":"https:\/\/xstyle.md\/#organization","name":"Magazinul X-Style","alternateName":"x-style","url":"https:\/\/xstyle.md\/","logo":{"@type":"ImageObject","inLanguage":"ro-RO","@id":"https:\/\/xstyle.md\/#\/schema\/logo\/image\/","url":"https:\/\/xstyle.md\/wp-content\/uploads\/2020\/06\/logoicon.svg","contentUrl":"https:\/\/xstyle.md\/wp-content\/uploads\/2020\/06\/logoicon.svg","caption":"\u041c\u0430\u0433\u0430\u0437\u0438\u043d Xstyle"},"image":{"@id":"https:\/\/xstyle.md\/#\/schema\/logo\/image\/"},"sameAs":["https:\/\/www.facebook.com\/xstylemd","https:\/\/www.instagram.com\/xstyle_md\/","https:\/\/t.me\/xstyle_outdoor"],"hasMerchantReturnPolicy":{"@type":"MerchantReturnPolicy","merchantReturnLink":"https:\/\/xstyle.md\/ro\/conditions\/"}}]},"product_price_amount":"1470.00","product_price_currency":"MDL","og_availability":"instock","product_availability":"instock","product_retailer_item_id":"3342540844582","product_condition":"new"},"post_mailing_queue_ids":[],"_links":{"self":[{"href":"https:\/\/xstyle.md\/ro\/wp-json\/wp\/v2\/product\/105097","targetHints":{"allow":["GET"]}}],"collection":[{"href":"https:\/\/xstyle.md\/ro\/wp-json\/wp\/v2\/product"}],"about":[{"href":"https:\/\/xstyle.md\/ro\/wp-json\/wp\/v2\/types\/product"}],"replies":[{"embeddable":true,"href":"https:\/\/xstyle.md\/ro\/wp-json\/wp\/v2\/comments?post=105097"}],"wp:featuredmedia":[{"embeddable":true,"href":"https:\/\/xstyle.md\/ro\/wp-json\/wp\/v2\/media\/105513"}],"wp:attachment":[{"href":"https:\/\/xstyle.md\/ro\/wp-json\/wp\/v2\/media?parent=105097"}],"wp:term":[{"taxonomy":"product_brand","embeddable":true,"href":"https:\/\/xstyle.md\/ro\/wp-json\/wp\/v2\/product_brand?post=105097"},{"taxonomy":"product_cat","embeddable":true,"href":"https:\/\/xstyle.md\/ro\/wp-json\/wp\/v2\/product_cat?post=105097"},{"taxonomy":"product_tag","embeddable":true,"href":"https:\/\/xstyle.md\/ro\/wp-json\/wp\/v2\/product_tag?post=105097"}],"curies":[{"name":"wp","href":"https:\/\/api.w.org\/{rel}","templated":true}]}}