{"id":105095,"date":"2026-04-08T13:20:21","date_gmt":"2026-04-08T10:20:21","guid":{"rendered":"https:\/\/xstyle.md\/?post_type=product&#038;p=105095"},"modified":"2026-04-11T15:31:14","modified_gmt":"2026-04-11T12:31:14","slug":"kaska-petzl-borea-lilac-white","status":"publish","type":"product","link":"https:\/\/xstyle.md\/ro\/produs\/kaska-petzl-borea-lilac-white\/","title":{"rendered":"Casc\u0103 Petzl Borea lilac white"},"content":{"rendered":"<\/p>\n<p><strong>Petzl Borea lilac white<\/strong> &#8212; este o casc\u0103 versatil\u0103 \u0219i robust\u0103, conceput\u0103 special pentru femeile care practic\u0103 escalad\u0103, alpinism, speologie \u0219i via-ferrata. Modelul actualizat din 2024 combin\u0103 protec\u021bia sporit\u0103 cu un design ergonomic. Caracteristica distinctiv\u0103 a c\u0103\u0219tii este sistemul de sus\u021binere OMEGA, care prezint\u0103 o decupare generoas\u0103 \u00een zona cefei, permi\u021b\u00e2nd purtarea confortabil\u0103 a c\u0103\u0219tii cu p\u0103rul prins \u00een coad\u0103 (\u201epony tail\u201d). Datorit\u0103 construc\u021biei hibride, BOREA ofer\u0103 un echilibru optim \u00eentre compactitate, durabilitate \u0219i protec\u021bie \u00eempotriva impacturilor laterale, frontale \u0219i posterioare.<\/p>\n<h3>Particularit\u0103\u021bi<\/h3>\n<ul>\n<li>Protec\u021bie consolidat\u0103 (TOP AND SIDE PROTECTION) \u2014 designul c\u0103\u0219tii este elaborat pentru a asigura o protec\u021bie maxim\u0103 nu doar \u00eempotriva c\u0103derilor de pietre, ci \u0219i \u00eempotriva impacturilor din toate direc\u021biile<\/li>\n<li>Specific feminin \u2014 liniile fluide ale carcasei \u0219i sistemul OMEGA permit reglarea facil\u0103 a pozi\u021biei pentru a acomoda p\u0103rul lung<\/li>\n<li>Construc\u021bie hibrid\u0103 \u2014 carcasa exterioar\u0103 dur\u0103 din ABS, combinat\u0103 cu interiorul din spum\u0103 de polistiren (EPS) \u0219i polipropilen\u0103 (EPP), face casca rezistent\u0103 la uzur\u0103 \u0219i u\u0219oar\u0103<\/li>\n<li>Ventila\u021bie excelent\u0103 \u2014 orificiile largi de ventilare asigur\u0103 confortul chiar \u0219i \u00een timpul efortului intens pe vreme canicular\u0103<\/li>\n<li>Fixarea echipamentului \u2014 casca este dotat\u0103 cu patru cleme pentru fixarea sigur\u0103 a unei lanterne frontale \u0219i este compatibil\u0103 cu viziera de protec\u021bie VIZION<\/li>\n<\/ul>\n<h3>Caracteristici<\/h3>\n<ul>\n<li>Materiale \u2014 Carcas\u0103 ABS, c\u0103ptu\u0219eal\u0103 EPP \u0219i EPS, chingi din poliester<\/li>\n<li>M\u0103rime \u2014 S\/M (52\u201358 cm)<\/li>\n<li>Greutate \u2014 300 g<\/li>\n<li>Certificare \u2014 CE EN 12492, UKCA, UIAA<\/li>\n<\/ul>\n<p><\/p>\n<h3>Marca<\/h3>\n<p>PETZL  - este un brand de renume mondial care produce echipamente specializate pentru alpinism, speologie, escalad\u0103 \u0219i alpinism utilitar. Compania a fost fondat\u0103 de Fernand Petzl, un pasionat de explorarea pe\u0219terilor \u00eentreaga sa via\u021b\u0103. La mijlocul anilor '70, pasiunea sa \u0219i afacerea de familie s-au transformat \u00een ceva mult mai mare. Fernand a \u00eenceput s\u0103 modifice dispozitivele existente utilizate \u00een speologie, iar ulterior s\u0103 inventeze altele complet noi.<\/p>\n<p>Gama de produse a companiei s-a extins c\u0103tre sistemele de iluminare, deoarece \u00een \u00eentunericul pe\u0219terilor aceasta este una dintre cele mai importante componente ale echipamentului necesar. Dup\u0103 speologie, PETZL s-a dedicat cre\u0103rii de echipamente pentru alpini\u0219ti \u0219i practican\u021bi de escalad\u0103, iar ulterior pentru lucrul la \u00een\u0103l\u021bime.<\/p>\n<p>Misiunea PETZL const\u0103 \u00een crearea unor instrumente inovatoare care s\u0103 permit\u0103 b\u0103rba\u021bilor \u0219i femeilor s\u0103 ating\u0103 noi \u00een\u0103l\u021bimi pe vertical\u0103 \u0219i s\u0103 le lumineze calea \u00een \u00eentuneric. Compania se afl\u0103 \u00eentr-o c\u0103utare continu\u0103 a celor mai bune solu\u021bii \u00een toate domeniile sale de activitate. Performan\u021ba, ergonomia, confortul \u0219i, mai presus de toate, siguran\u021ba sunt cele mai importante criterii \u00een acest demers. \u201eAccess the inaccessible\u201d (Accesarea inaccesibilului) este deviza sa de lung\u0103 durat\u0103.<\/p>","protected":false},"excerpt":{"rendered":"<p>\u0411\u0440\u0435\u043d\u0434 PETZL \u2013 \u0432\u0441\u0435\u043c\u0438\u0440\u043d\u043e \u0438\u0437\u0432\u0435\u0441\u0442\u043d\u044b\u0439 \u0431\u0440\u0435\u043d\u0434, \u043f\u0440\u043e\u0438\u0437\u0432\u043e\u0434\u044f\u0449\u0438\u0439 \u0441\u043f\u0435\u0446\u0438\u0430\u043b\u044c\u043d\u043e\u0435 \u0441\u043d\u0430\u0440\u044f\u0436\u0435\u043d\u0438\u044f \u0434\u043b\u044f \u0430\u043b\u044c\u043f\u0438\u043d\u0438\u0437\u043c\u0430, \u0441\u043f\u0435\u043b\u0435\u043e\u043b\u043e\u0433\u0438\u0438, \u0441\u043a\u0430\u043b\u043e\u043b\u0430\u0437\u0430\u043d\u0438\u044f \u0438 \u043f\u0440\u043e\u043c\u044b\u0448\u043b\u0435\u043d\u043d\u043e\u0433\u043e \u0430\u043b\u044c\u043f\u0438\u043d\u0438\u0437\u043c\u0430. \u041a\u043e\u043c\u043f\u0430\u043d\u0438\u044f \u0431\u044b\u043b\u0430 \u043e\u0441\u043d\u043e\u0432\u0430\u043d\u0430 \u0424\u0435\u0440\u043d\u0430\u043d\u0434\u043e\u043c \u041f\u0435\u0442\u0446\u0435\u043b\u0435\u043c, \u0447\u0435\u043b\u043e\u0432\u0435\u043a\u043e\u043c, \u043a\u043e\u0442\u043e\u0440\u044b\u0439 \u0441\u0442\u0440\u0430\u0441\u0442\u043d\u043e \u0443\u0432\u043b\u0435\u043a\u0430\u043b\u0441\u044f \u043f\u0435\u0449\u0435\u0440\u0430\u043c\u0438 \u0432\u0441\u044e \u0441\u0432\u043e\u044e \u0436\u0438\u0437\u043d\u044c. \u0412 \u0441\u0435\u0440\u0435\u0434\u0438\u043d\u0435 1970-\u0445 \u0433\u043e\u0434\u043e\u0432 \u0435\u0433\u043e \u0443\u0432\u043b\u0435\u0447\u0435\u043d\u0438\u0435 \u0438 \u0441\u0435\u043c\u0435\u0439\u043d\u044b\u0439 \u0431\u0438\u0437\u043d\u0435\u0441 \u043f\u0435\u0440\u0435\u0440\u043e\u0441\u043b\u0438 \u0432 \u043d\u0435\u0447\u0442\u043e \u0431\u043e\u043b\u044c\u0448\u0435\u0435. \u0424\u0435\u0440\u043d\u0430\u043d\u0434 \u043d\u0430\u0447\u0430\u043b \u043c\u043e\u0434\u0438\u0444\u0438\u0446\u0438\u0440\u043e\u0432\u0430\u0442\u044c \u0441\u0443\u0449\u0435\u0441\u0442\u0432\u0443\u044e\u0449\u0438\u0435 \u0443\u0441\u0442\u0440\u043e\u0439\u0441\u0442\u0432\u0430, \u0438\u0441\u043f\u043e\u043b\u044c\u0437\u0443\u0435\u043c\u044b\u0435 \u0432 \u0441\u043f\u0435\u043b\u0435\u043e\u043b\u043e\u0433\u0438\u0438, \u0430 \u043f\u043e\u0442\u043e\u043c \u0438 \u0438\u0437\u043e\u0431\u0440\u0435\u0442\u0430\u0442\u044c \u0441\u043e\u0432\u0435\u0440\u0448\u0435\u043d\u043e [&hellip;]<\/p>\n","protected":false},"featured_media":105502,"comment_status":"open","ping_status":"closed","template":"","meta":{"_acf_changed":false,"inline_featured_image":false},"product_brand":[1270],"product_cat":[105],"product_tag":[],"class_list":{"0":"post-105095","1":"product","2":"type-product","3":"status-publish","4":"has-post-thumbnail","6":"product_brand-petzl","7":"product_cat-alp-helmets","9":"first","10":"instock","11":"shipping-taxable","12":"purchasable","13":"product-type-simple"},"acf":[],"yoast_head":"<!-- This site is optimized with the Yoast SEO plugin v27.2 - https:\/\/yoast.com\/product\/yoast-seo-wordpress\/ -->\n<title>\u041a\u0430\u0441\u043a\u0430 Petzl Borea lilac white - \u041c\u0430\u0433\u0430\u0437\u0438\u043d Xstyle<\/title>\n<meta name=\"robots\" content=\"index, follow, max-snippet:-1, max-image-preview:large, max-video-preview:-1\" \/>\n<link rel=\"canonical\" href=\"https:\/\/xstyle.md\/ro\/produs\/kaska-petzl-borea-lilac-white\/\" \/>\n<meta property=\"og:locale\" content=\"ro_RO\" \/>\n<meta property=\"og:type\" content=\"article\" \/>\n<meta property=\"og:title\" content=\"\u041a\u0430\u0441\u043a\u0430 Petzl Borea lilac white - \u041c\u0430\u0433\u0430\u0437\u0438\u043d Xstyle\" \/>\n<meta property=\"og:description\" content=\"\u0411\u0440\u0435\u043d\u0434 PETZL \u2013 \u0432\u0441\u0435\u043c\u0438\u0440\u043d\u043e \u0438\u0437\u0432\u0435\u0441\u0442\u043d\u044b\u0439 \u0431\u0440\u0435\u043d\u0434, \u043f\u0440\u043e\u0438\u0437\u0432\u043e\u0434\u044f\u0449\u0438\u0439 \u0441\u043f\u0435\u0446\u0438\u0430\u043b\u044c\u043d\u043e\u0435 \u0441\u043d\u0430\u0440\u044f\u0436\u0435\u043d\u0438\u044f \u0434\u043b\u044f \u0430\u043b\u044c\u043f\u0438\u043d\u0438\u0437\u043c\u0430, \u0441\u043f\u0435\u043b\u0435\u043e\u043b\u043e\u0433\u0438\u0438, \u0441\u043a\u0430\u043b\u043e\u043b\u0430\u0437\u0430\u043d\u0438\u044f \u0438 \u043f\u0440\u043e\u043c\u044b\u0448\u043b\u0435\u043d\u043d\u043e\u0433\u043e \u0430\u043b\u044c\u043f\u0438\u043d\u0438\u0437\u043c\u0430. \u041a\u043e\u043c\u043f\u0430\u043d\u0438\u044f \u0431\u044b\u043b\u0430 \u043e\u0441\u043d\u043e\u0432\u0430\u043d\u0430 \u0424\u0435\u0440\u043d\u0430\u043d\u0434\u043e\u043c \u041f\u0435\u0442\u0446\u0435\u043b\u0435\u043c, \u0447\u0435\u043b\u043e\u0432\u0435\u043a\u043e\u043c, \u043a\u043e\u0442\u043e\u0440\u044b\u0439 \u0441\u0442\u0440\u0430\u0441\u0442\u043d\u043e \u0443\u0432\u043b\u0435\u043a\u0430\u043b\u0441\u044f \u043f\u0435\u0449\u0435\u0440\u0430\u043c\u0438 \u0432\u0441\u044e \u0441\u0432\u043e\u044e \u0436\u0438\u0437\u043d\u044c. \u0412 \u0441\u0435\u0440\u0435\u0434\u0438\u043d\u0435 1970-\u0445 \u0433\u043e\u0434\u043e\u0432 \u0435\u0433\u043e \u0443\u0432\u043b\u0435\u0447\u0435\u043d\u0438\u0435 \u0438 \u0441\u0435\u043c\u0435\u0439\u043d\u044b\u0439 \u0431\u0438\u0437\u043d\u0435\u0441 \u043f\u0435\u0440\u0435\u0440\u043e\u0441\u043b\u0438 \u0432 \u043d\u0435\u0447\u0442\u043e \u0431\u043e\u043b\u044c\u0448\u0435\u0435. \u0424\u0435\u0440\u043d\u0430\u043d\u0434 \u043d\u0430\u0447\u0430\u043b \u043c\u043e\u0434\u0438\u0444\u0438\u0446\u0438\u0440\u043e\u0432\u0430\u0442\u044c \u0441\u0443\u0449\u0435\u0441\u0442\u0432\u0443\u044e\u0449\u0438\u0435 \u0443\u0441\u0442\u0440\u043e\u0439\u0441\u0442\u0432\u0430, \u0438\u0441\u043f\u043e\u043b\u044c\u0437\u0443\u0435\u043c\u044b\u0435 \u0432 \u0441\u043f\u0435\u043b\u0435\u043e\u043b\u043e\u0433\u0438\u0438, \u0430 \u043f\u043e\u0442\u043e\u043c \u0438 \u0438\u0437\u043e\u0431\u0440\u0435\u0442\u0430\u0442\u044c \u0441\u043e\u0432\u0435\u0440\u0448\u0435\u043d\u043e [&hellip;]\" \/>\n<meta property=\"og:url\" content=\"https:\/\/xstyle.md\/ro\/produs\/kaska-petzl-borea-lilac-white\/\" \/>\n<meta property=\"og:site_name\" content=\"\u041c\u0430\u0433\u0430\u0437\u0438\u043d Xstyle\" \/>\n<meta property=\"article:publisher\" content=\"https:\/\/www.facebook.com\/xstylemd\" \/>\n<meta property=\"article:modified_time\" content=\"2026-04-11T12:31:14+00:00\" \/>\n<meta property=\"og:image\" content=\"https:\/\/xstyle.md\/wp-content\/uploads\/2026\/04\/petzl-borea-lilac-white-2.webp\" \/>\n\t<meta property=\"og:image:width\" content=\"1200\" \/>\n\t<meta property=\"og:image:height\" content=\"1200\" \/>\n\t<meta property=\"og:image:type\" content=\"image\/webp\" \/>\n<meta name=\"twitter:card\" content=\"summary_large_image\" \/>\n<meta name=\"twitter:label1\" content=\"Pre\u021b\" \/>\n\t<meta name=\"twitter:data1\" content=\"1.350&nbsp;MDL\" \/>\n\t<meta name=\"twitter:label2\" content=\"Disponibilitate\" \/>\n\t<meta name=\"twitter:data2\" content=\"\u00cen stoc\" \/>\n<script type=\"application\/ld+json\" class=\"yoast-schema-graph\">{\"@context\":\"https:\/\/schema.org\",\"@graph\":[{\"@type\":\"WebPage\",\"@id\":\"https:\/\/xstyle.md\/product\/kaska-petzl-borea-lilac-white\/\",\"url\":\"https:\/\/xstyle.md\/product\/kaska-petzl-borea-lilac-white\/\",\"name\":\"\u041a\u0430\u0441\u043a\u0430 Petzl Borea lilac white - \u041c\u0430\u0433\u0430\u0437\u0438\u043d Xstyle\",\"isPartOf\":{\"@id\":\"https:\/\/xstyle.md\/#website\"},\"primaryImageOfPage\":{\"@id\":\"https:\/\/xstyle.md\/product\/kaska-petzl-borea-lilac-white\/#primaryimage\"},\"image\":{\"@id\":\"https:\/\/xstyle.md\/product\/kaska-petzl-borea-lilac-white\/#primaryimage\"},\"thumbnailUrl\":\"https:\/\/xstyle.md\/wp-content\/uploads\/2026\/04\/petzl-borea-lilac-white-2.webp\",\"datePublished\":\"2026-04-08T10:20:21+00:00\",\"dateModified\":\"2026-04-11T12:31:14+00:00\",\"breadcrumb\":{\"@id\":\"https:\/\/xstyle.md\/product\/kaska-petzl-borea-lilac-white\/#breadcrumb\"},\"inLanguage\":\"ro-RO\",\"potentialAction\":[{\"@type\":\"ReadAction\",\"target\":[\"https:\/\/xstyle.md\/product\/kaska-petzl-borea-lilac-white\/\"]}]},{\"@type\":\"ImageObject\",\"inLanguage\":\"ro-RO\",\"@id\":\"https:\/\/xstyle.md\/product\/kaska-petzl-borea-lilac-white\/#primaryimage\",\"url\":\"https:\/\/xstyle.md\/wp-content\/uploads\/2026\/04\/petzl-borea-lilac-white-2.webp\",\"contentUrl\":\"https:\/\/xstyle.md\/wp-content\/uploads\/2026\/04\/petzl-borea-lilac-white-2.webp\",\"width\":1200,\"height\":1200},{\"@type\":\"BreadcrumbList\",\"@id\":\"https:\/\/xstyle.md\/product\/kaska-petzl-borea-lilac-white\/#breadcrumb\",\"itemListElement\":[{\"@type\":\"ListItem\",\"position\":1,\"name\":\"\u0413\u043b\u0430\u0432\u043d\u0430\u044f \u0441\u0442\u0440\u0430\u043d\u0438\u0446\u0430\",\"item\":\"https:\/\/xstyle.md\/\"},{\"@type\":\"ListItem\",\"position\":2,\"name\":\"\u041c\u0430\u0433\u0430\u0437\u0438\u043d\",\"item\":\"https:\/\/xstyle.md\/shop\/\"},{\"@type\":\"ListItem\",\"position\":3,\"name\":\"\u041a\u0430\u0441\u043a\u0430 Petzl Borea lilac white\"}]},{\"@type\":\"WebSite\",\"@id\":\"https:\/\/xstyle.md\/#website\",\"url\":\"https:\/\/xstyle.md\/\",\"name\":\"\u041c\u0430\u0433\u0430\u0437\u0438\u043d Xstyle\",\"description\":\"C\u043d\u0430\u0440\u044f\u0436\u0435\u043d\u0438\u0435 \u0434\u043b\u044f \u0442\u0443\u0440\u0438\u0437\u043c\u0430 \u0438 \u044d\u043a\u0441\u0442\u0440\u0435\u043c\u0430\u043b\u044c\u043d\u044b\u0445 \u0432\u0438\u0434\u043e\u0432 \u0441\u043f\u043e\u0440\u0442\u0430 \u0432 \u041c\u043e\u043b\u0434\u043e\u0432\u0435.. \u0426\u0435\u043d\u044b, \u0444\u043e\u0442\u043e, \u0445\u0430\u0440\u0430\u043a\u0442\u0435\u0440\u0438\u0441\u0442\u0438\u043a\u0438 \u0432 \u041c\u043e\u043b\u0434\u043e\u0432\u0435.\",\"publisher\":{\"@id\":\"https:\/\/xstyle.md\/#organization\"},\"alternateName\":\"X-Style\",\"potentialAction\":[{\"@type\":\"SearchAction\",\"target\":{\"@type\":\"EntryPoint\",\"urlTemplate\":\"https:\/\/xstyle.md\/?s={search_term_string}\"},\"query-input\":{\"@type\":\"PropertyValueSpecification\",\"valueRequired\":true,\"valueName\":\"search_term_string\"}}],\"inLanguage\":\"ro-RO\"},{\"@type\":\"Organization\",\"@id\":\"https:\/\/xstyle.md\/#organization\",\"name\":\"\u041c\u0430\u0433\u0430\u0437\u0438\u043d Xstyle\",\"alternateName\":\"x-style\",\"url\":\"https:\/\/xstyle.md\/\",\"logo\":{\"@type\":\"ImageObject\",\"inLanguage\":\"ro-RO\",\"@id\":\"https:\/\/xstyle.md\/#\/schema\/logo\/image\/\",\"url\":\"https:\/\/xstyle.md\/wp-content\/uploads\/2020\/06\/logoicon.svg\",\"contentUrl\":\"https:\/\/xstyle.md\/wp-content\/uploads\/2020\/06\/logoicon.svg\",\"caption\":\"\u041c\u0430\u0433\u0430\u0437\u0438\u043d Xstyle\"},\"image\":{\"@id\":\"https:\/\/xstyle.md\/#\/schema\/logo\/image\/\"},\"sameAs\":[\"https:\/\/www.facebook.com\/xstylemd\",\"https:\/\/www.instagram.com\/xstyle_md\/\",\"https:\/\/t.me\/xstyle_outdoor\"],\"hasMerchantReturnPolicy\":{\"@type\":\"MerchantReturnPolicy\",\"merchantReturnLink\":\"https:\/\/xstyle.md\/ro\/conditions\/\"}}]}<\/script>\n<meta property=\"product:price:amount\" content=\"1350.00\" \/>\n<meta property=\"product:price:currency\" content=\"MDL\" \/>\n<meta property=\"og:availability\" content=\"instock\" \/>\n<meta property=\"product:availability\" content=\"instock\" \/>\n<meta property=\"product:retailer_item_id\" content=\"3342540843950\" \/>\n<meta property=\"product:condition\" content=\"new\" \/>\n<!-- \/ Yoast SEO plugin. -->","yoast_head_json":{"title":"\u041a\u0430\u0441\u043a\u0430 Petzl Borea lilac white - \u041c\u0430\u0433\u0430\u0437\u0438\u043d Xstyle","robots":{"index":"index","follow":"follow","max-snippet":"max-snippet:-1","max-image-preview":"max-image-preview:large","max-video-preview":"max-video-preview:-1"},"canonical":"https:\/\/xstyle.md\/ro\/produs\/kaska-petzl-borea-lilac-white\/","og_locale":"ro_RO","og_type":"article","og_title":"\u041a\u0430\u0441\u043a\u0430 Petzl Borea lilac white - \u041c\u0430\u0433\u0430\u0437\u0438\u043d Xstyle","og_description":"\u0411\u0440\u0435\u043d\u0434 PETZL \u2013 \u0432\u0441\u0435\u043c\u0438\u0440\u043d\u043e \u0438\u0437\u0432\u0435\u0441\u0442\u043d\u044b\u0439 \u0431\u0440\u0435\u043d\u0434, \u043f\u0440\u043e\u0438\u0437\u0432\u043e\u0434\u044f\u0449\u0438\u0439 \u0441\u043f\u0435\u0446\u0438\u0430\u043b\u044c\u043d\u043e\u0435 \u0441\u043d\u0430\u0440\u044f\u0436\u0435\u043d\u0438\u044f \u0434\u043b\u044f \u0430\u043b\u044c\u043f\u0438\u043d\u0438\u0437\u043c\u0430, \u0441\u043f\u0435\u043b\u0435\u043e\u043b\u043e\u0433\u0438\u0438, \u0441\u043a\u0430\u043b\u043e\u043b\u0430\u0437\u0430\u043d\u0438\u044f \u0438 \u043f\u0440\u043e\u043c\u044b\u0448\u043b\u0435\u043d\u043d\u043e\u0433\u043e \u0430\u043b\u044c\u043f\u0438\u043d\u0438\u0437\u043c\u0430. \u041a\u043e\u043c\u043f\u0430\u043d\u0438\u044f \u0431\u044b\u043b\u0430 \u043e\u0441\u043d\u043e\u0432\u0430\u043d\u0430 \u0424\u0435\u0440\u043d\u0430\u043d\u0434\u043e\u043c \u041f\u0435\u0442\u0446\u0435\u043b\u0435\u043c, \u0447\u0435\u043b\u043e\u0432\u0435\u043a\u043e\u043c, \u043a\u043e\u0442\u043e\u0440\u044b\u0439 \u0441\u0442\u0440\u0430\u0441\u0442\u043d\u043e \u0443\u0432\u043b\u0435\u043a\u0430\u043b\u0441\u044f \u043f\u0435\u0449\u0435\u0440\u0430\u043c\u0438 \u0432\u0441\u044e \u0441\u0432\u043e\u044e \u0436\u0438\u0437\u043d\u044c. \u0412 \u0441\u0435\u0440\u0435\u0434\u0438\u043d\u0435 1970-\u0445 \u0433\u043e\u0434\u043e\u0432 \u0435\u0433\u043e \u0443\u0432\u043b\u0435\u0447\u0435\u043d\u0438\u0435 \u0438 \u0441\u0435\u043c\u0435\u0439\u043d\u044b\u0439 \u0431\u0438\u0437\u043d\u0435\u0441 \u043f\u0435\u0440\u0435\u0440\u043e\u0441\u043b\u0438 \u0432 \u043d\u0435\u0447\u0442\u043e \u0431\u043e\u043b\u044c\u0448\u0435\u0435. \u0424\u0435\u0440\u043d\u0430\u043d\u0434 \u043d\u0430\u0447\u0430\u043b \u043c\u043e\u0434\u0438\u0444\u0438\u0446\u0438\u0440\u043e\u0432\u0430\u0442\u044c \u0441\u0443\u0449\u0435\u0441\u0442\u0432\u0443\u044e\u0449\u0438\u0435 \u0443\u0441\u0442\u0440\u043e\u0439\u0441\u0442\u0432\u0430, \u0438\u0441\u043f\u043e\u043b\u044c\u0437\u0443\u0435\u043c\u044b\u0435 \u0432 \u0441\u043f\u0435\u043b\u0435\u043e\u043b\u043e\u0433\u0438\u0438, \u0430 \u043f\u043e\u0442\u043e\u043c \u0438 \u0438\u0437\u043e\u0431\u0440\u0435\u0442\u0430\u0442\u044c \u0441\u043e\u0432\u0435\u0440\u0448\u0435\u043d\u043e [&hellip;]","og_url":"https:\/\/xstyle.md\/ro\/produs\/kaska-petzl-borea-lilac-white\/","og_site_name":"\u041c\u0430\u0433\u0430\u0437\u0438\u043d Xstyle","article_publisher":"https:\/\/www.facebook.com\/xstylemd","article_modified_time":"2026-04-11T12:31:14+00:00","og_image":[{"width":1200,"height":1200,"url":"https:\/\/xstyle.md\/wp-content\/uploads\/2026\/04\/petzl-borea-lilac-white-2.webp","type":"image\/webp"}],"twitter_card":"summary_large_image","twitter_misc":{"Pre\u021b":"1.350&nbsp;MDL","Disponibilitate":"\u00cen stoc"},"schema":{"@context":"https:\/\/schema.org","@graph":[{"@type":"WebPage","@id":"https:\/\/xstyle.md\/product\/kaska-petzl-borea-lilac-white\/","url":"https:\/\/xstyle.md\/product\/kaska-petzl-borea-lilac-white\/","name":"\u041a\u0430\u0441\u043a\u0430 Petzl Borea lilac white - \u041c\u0430\u0433\u0430\u0437\u0438\u043d Xstyle","isPartOf":{"@id":"https:\/\/xstyle.md\/#website"},"primaryImageOfPage":{"@id":"https:\/\/xstyle.md\/product\/kaska-petzl-borea-lilac-white\/#primaryimage"},"image":{"@id":"https:\/\/xstyle.md\/product\/kaska-petzl-borea-lilac-white\/#primaryimage"},"thumbnailUrl":"https:\/\/xstyle.md\/wp-content\/uploads\/2026\/04\/petzl-borea-lilac-white-2.webp","datePublished":"2026-04-08T10:20:21+00:00","dateModified":"2026-04-11T12:31:14+00:00","breadcrumb":{"@id":"https:\/\/xstyle.md\/product\/kaska-petzl-borea-lilac-white\/#breadcrumb"},"inLanguage":"ro-RO","potentialAction":[{"@type":"ReadAction","target":["https:\/\/xstyle.md\/product\/kaska-petzl-borea-lilac-white\/"]}]},{"@type":"ImageObject","inLanguage":"ro-RO","@id":"https:\/\/xstyle.md\/product\/kaska-petzl-borea-lilac-white\/#primaryimage","url":"https:\/\/xstyle.md\/wp-content\/uploads\/2026\/04\/petzl-borea-lilac-white-2.webp","contentUrl":"https:\/\/xstyle.md\/wp-content\/uploads\/2026\/04\/petzl-borea-lilac-white-2.webp","width":1200,"height":1200},{"@type":"BreadcrumbList","@id":"https:\/\/xstyle.md\/product\/kaska-petzl-borea-lilac-white\/#breadcrumb","itemListElement":[{"@type":"ListItem","position":1,"name":"\u0413\u043b\u0430\u0432\u043d\u0430\u044f \u0441\u0442\u0440\u0430\u043d\u0438\u0446\u0430","item":"https:\/\/xstyle.md\/"},{"@type":"ListItem","position":2,"name":"\u041c\u0430\u0433\u0430\u0437\u0438\u043d","item":"https:\/\/xstyle.md\/shop\/"},{"@type":"ListItem","position":3,"name":"\u041a\u0430\u0441\u043a\u0430 Petzl Borea lilac white"}]},{"@type":"WebSite","@id":"https:\/\/xstyle.md\/#website","url":"https:\/\/xstyle.md\/","name":"Magazinul X-Style","description":"Echipamente pentru turism \u0219i sporturi extreme \u00een Moldova. Pre\u021buri, fotografii, caracteristici \u00een Moldova.","publisher":{"@id":"https:\/\/xstyle.md\/#organization"},"alternateName":"X-Style","potentialAction":[{"@type":"SearchAction","target":{"@type":"EntryPoint","urlTemplate":"https:\/\/xstyle.md\/?s={search_term_string}"},"query-input":{"@type":"PropertyValueSpecification","valueRequired":true,"valueName":"search_term_string"}}],"inLanguage":"ro-RO"},{"@type":"Organization","@id":"https:\/\/xstyle.md\/#organization","name":"Magazinul X-Style","alternateName":"x-style","url":"https:\/\/xstyle.md\/","logo":{"@type":"ImageObject","inLanguage":"ro-RO","@id":"https:\/\/xstyle.md\/#\/schema\/logo\/image\/","url":"https:\/\/xstyle.md\/wp-content\/uploads\/2020\/06\/logoicon.svg","contentUrl":"https:\/\/xstyle.md\/wp-content\/uploads\/2020\/06\/logoicon.svg","caption":"\u041c\u0430\u0433\u0430\u0437\u0438\u043d Xstyle"},"image":{"@id":"https:\/\/xstyle.md\/#\/schema\/logo\/image\/"},"sameAs":["https:\/\/www.facebook.com\/xstylemd","https:\/\/www.instagram.com\/xstyle_md\/","https:\/\/t.me\/xstyle_outdoor"],"hasMerchantReturnPolicy":{"@type":"MerchantReturnPolicy","merchantReturnLink":"https:\/\/xstyle.md\/ro\/conditions\/"}}]},"product_price_amount":"1350.00","product_price_currency":"MDL","og_availability":"instock","product_availability":"instock","product_retailer_item_id":"3342540843950","product_condition":"new"},"post_mailing_queue_ids":[],"_links":{"self":[{"href":"https:\/\/xstyle.md\/ro\/wp-json\/wp\/v2\/product\/105095","targetHints":{"allow":["GET"]}}],"collection":[{"href":"https:\/\/xstyle.md\/ro\/wp-json\/wp\/v2\/product"}],"about":[{"href":"https:\/\/xstyle.md\/ro\/wp-json\/wp\/v2\/types\/product"}],"replies":[{"embeddable":true,"href":"https:\/\/xstyle.md\/ro\/wp-json\/wp\/v2\/comments?post=105095"}],"wp:featuredmedia":[{"embeddable":true,"href":"https:\/\/xstyle.md\/ro\/wp-json\/wp\/v2\/media\/105502"}],"wp:attachment":[{"href":"https:\/\/xstyle.md\/ro\/wp-json\/wp\/v2\/media?parent=105095"}],"wp:term":[{"taxonomy":"product_brand","embeddable":true,"href":"https:\/\/xstyle.md\/ro\/wp-json\/wp\/v2\/product_brand?post=105095"},{"taxonomy":"product_cat","embeddable":true,"href":"https:\/\/xstyle.md\/ro\/wp-json\/wp\/v2\/product_cat?post=105095"},{"taxonomy":"product_tag","embeddable":true,"href":"https:\/\/xstyle.md\/ro\/wp-json\/wp\/v2\/product_tag?post=105095"}],"curies":[{"name":"wp","href":"https:\/\/api.w.org\/{rel}","templated":true}]}}