{"id":105091,"date":"2026-04-08T13:20:21","date_gmt":"2026-04-08T10:20:21","guid":{"rendered":"https:\/\/xstyle.md\/?post_type=product&#038;p=105091"},"modified":"2026-04-11T14:14:25","modified_gmt":"2026-04-11T11:14:25","slug":"shampury-dlya-kostra-petromax-campfire-skewer-ls1-regular-prongs-2sht","status":"publish","type":"product","link":"https:\/\/xstyle.md\/ro\/produs\/shampury-dlya-kostra-petromax-campfire-skewer-ls1-regular-prongs-2sht\/","title":{"rendered":"Set ace Petromax Campfire Skewer ls1 (regular prongs) 2 buc"},"content":{"rendered":"<\/p>\n<p><strong>Petromax Campfire Skewer ls1 (regular prongs)<\/strong> &#8212; reprezint\u0103 un instrument profesional pentru prepararea alimentelor la foc deschis. Spre deosebire de frig\u0103ruile obi\u0219nuite, aceste accesorii dispun de doi din\u021bi curba\u021bi care fixeaz\u0103 ferm produsele (c\u00e2rna\u021bi, legume, carne sau marshmallow), prevenind rotirea sau c\u0103derea acestora \u00een jar. Datorit\u0103 lungimii reglabile \u0219i m\u00e2nerelor ergonomice din lemn, procesul de g\u0103tit devine extrem de sigur \u0219i confortabil, chiar \u0219i pentru copii.<\/p>\n<h3>Particularit\u0103\u021bi<\/h3>\n<ul>\n<li>Din\u021bi dubli \u2014 capetele curbate ale furculi\u021bei garanteaz\u0103 c\u0103 m\u00e2ncarea va r\u0103m\u00e2ne fixat\u0103 \u00een timpul \u00eentoarcerii<\/li>\n<li>Lungime reglabil\u0103 \u2014 construc\u021bia permite men\u021binerea unei distan\u021be sigure fa\u021b\u0103 de fl\u0103c\u0103rile focului de tab\u0103r\u0103<\/li>\n<li>M\u00e2nere din lemn \u2014 m\u00e2nerele din lemn de \u00eenalt\u0103 calitate nu se \u00eencing, asigur\u00e2nd o prindere confortabil\u0103 \u0219i sigur\u0103<\/li>\n<li>O\u021bel de calitate superioar\u0103 \u2014 partea activ\u0103 este fabricat\u0103 din o\u021bel inoxidabil, care se cur\u0103\u021b\u0103 u\u0219or \u0219i este rezistent la coroziune<\/li>\n<li>Depozitare facil\u0103 \u2014 dup\u0103 utilizare, frig\u0103ruile se cur\u0103\u021b\u0103 rapid, iar datorit\u0103 designului ergonomic, sunt u\u0219or de transportat<\/li>\n<\/ul>\n<h3>Caracteristici<\/h3>\n<ul>\n<li>Material \u2014 O\u021bel inoxidabil, lemn<\/li>\n<li>Cantitate \u00een set \u2014 2 buc\u0103\u021bi<\/li>\n<li>Lungime \u2014 aproximativ 80\u201390 cm (extins)<\/li>\n<li>Greutate \u2014 aproximativ 200 g (per frig\u0103ruie)<\/li>\n<li>Destina\u021bie \u2014 Foc de tab\u0103r\u0103, gr\u0103tar, boluri de foc<\/li>\n<\/ul>\n<p><\/p>\n<h3>Marca<\/h3>\n<p>Petromax  - este un produc\u0103tor german de top, specializat \u00een echipamente pentru g\u0103tit \u0219i via\u021ba \u00een aer liber, iar gama sa armonizat\u0103 de produse \u00eembin\u0103 \u00eentr-un mod unic tradi\u021bia cu inova\u021bia. Toate produsele Petromax se remarc\u0103 prin calitate superioar\u0103, durabilitate, detalii bine g\u00e2ndite \u0219i sunt destinate tuturor celor care caut\u0103 o evadare din rutina zilnic\u0103 \u00een mijlocul naturii \u0219i care aleg s\u0103 campeze \u00een aer liber. \u00cen centrul universului Petromax se afl\u0103 explorarea naturii neatinse cu ajutorul unor echipamente tradi\u021bionale, dar excelent proiectate.<\/p>","protected":false},"excerpt":{"rendered":"<p>\u0411\u0440\u0435\u043d\u0434 Petromax \u2013 \u0432\u0435\u0434\u0443\u0449\u0438\u0439 \u043d\u0435\u043c\u0435\u0446\u043a\u0438\u0439 \u043f\u0440\u043e\u0438\u0437\u0432\u043e\u0434\u0438\u0442\u0435\u043b\u044c \u043e\u0431\u043e\u0440\u0443\u0434\u043e\u0432\u0430\u043d\u0438\u044f \u0434\u043b\u044f \u043f\u0440\u0438\u0433\u043e\u0442\u043e\u0432\u043b\u0435\u043d\u0438\u044f \u043f\u0438\u0449\u0438 \u0438 \u043f\u0440\u043e\u0436\u0438\u0432\u0430\u043d\u0438\u044f \u043d\u0430 \u043e\u0442\u043a\u0440\u044b\u0442\u043e\u043c \u0432\u043e\u0437\u0434\u0443\u0445\u0435, \u0438 \u0432 \u0435\u0433\u043e \u0441\u043e\u0433\u043b\u0430\u0441\u043e\u0432\u0430\u043d\u043d\u043e\u043c \u0430\u0441\u0441\u043e\u0440\u0442\u0438\u043c\u0435\u043d\u0442\u0435 \u043f\u0440\u043e\u0434\u0443\u043a\u0446\u0438\u0438 \u0443\u043d\u0438\u043a\u0430\u043b\u044c\u043d\u044b\u043c \u043e\u0431\u0440\u0430\u0437\u043e\u043c \u0441\u043e\u0447\u0435\u0442\u0430\u044e\u0442\u0441\u044f \u0442\u0440\u0430\u0434\u0438\u0446\u0438\u0438 \u0438 \u0438\u043d\u043d\u043e\u0432\u0430\u0446\u0438\u0438. \u0412\u0441\u0435 \u043f\u0440\u043e\u0434\u0443\u043a\u0442\u044b Petromax \u043e\u0442\u043b\u0438\u0447\u0430\u044e\u0442\u0441\u044f \u0432\u044b\u0441\u043e\u0447\u0430\u0439\u0448\u0438\u043c \u043a\u0430\u0447\u0435\u0441\u0442\u0432\u043e\u043c, \u0434\u043e\u043b\u0433\u043e\u0432\u0435\u0447\u043d\u043e\u0441\u0442\u044c\u044e, \u043f\u0440\u043e\u0434\u0443\u043c\u0430\u043d\u043d\u044b\u043c\u0438 \u0434\u0435\u0442\u0430\u043b\u044f\u043c\u0438 \u0438 \u043f\u0440\u0435\u0434\u043d\u0430\u0437\u043d\u0430\u0447\u0435\u043d\u044b \u0434\u043b\u044f \u0432\u0441\u0435\u0445, \u043a\u0442\u043e \u0438\u0449\u0435\u0442 \u043a\u043e\u043c\u043f\u0435\u043d\u0441\u0430\u0446\u0438\u044e \u0437\u0430 \u0441\u0432\u043e\u0439 \u0440\u0430\u0441\u043f\u043e\u0440\u044f\u0434\u043e\u043a \u0434\u043d\u044f \u043d\u0430 \u043f\u0440\u0438\u0440\u043e\u0434\u0435 \u0438 \u043f\u043e\u044d\u0442\u043e\u043c\u0443 \u0440\u0430\u0437\u0431\u0438\u0432\u0430\u0435\u0442 \u043b\u0430\u0433\u0435\u0440\u044c \u043d\u0430 \u043e\u0442\u043a\u0440\u044b\u0442\u043e\u043c [&hellip;]<\/p>\n","protected":false},"featured_media":105493,"comment_status":"open","ping_status":"closed","template":"","meta":{"_acf_changed":false,"inline_featured_image":false},"product_brand":[],"product_cat":[915],"product_tag":[],"class_list":{"0":"post-105091","1":"product","2":"type-product","3":"status-publish","4":"has-post-thumbnail","6":"product_cat-accesorii-gratar","8":"first","9":"instock","10":"shipping-taxable","11":"purchasable","12":"product-type-simple"},"acf":[],"yoast_head":"<!-- This site is optimized with the Yoast SEO plugin v27.2 - https:\/\/yoast.com\/product\/yoast-seo-wordpress\/ -->\n<title>\u0428\u0430\u043c\u043f\u0443\u0440\u044b \u0434\u043b\u044f \u043a\u043e\u0441\u0442\u0440\u0430 Petromax Campfire Skewer ls1 (regular prongs) 2\u0448\u0442 - \u041c\u0430\u0433\u0430\u0437\u0438\u043d Xstyle<\/title>\n<meta name=\"robots\" content=\"index, follow, max-snippet:-1, max-image-preview:large, max-video-preview:-1\" \/>\n<link rel=\"canonical\" href=\"https:\/\/xstyle.md\/ro\/produs\/shampury-dlya-kostra-petromax-campfire-skewer-ls1-regular-prongs-2sht\/\" \/>\n<meta property=\"og:locale\" content=\"ro_RO\" \/>\n<meta property=\"og:type\" content=\"article\" \/>\n<meta property=\"og:title\" content=\"\u0428\u0430\u043c\u043f\u0443\u0440\u044b \u0434\u043b\u044f \u043a\u043e\u0441\u0442\u0440\u0430 Petromax Campfire Skewer ls1 (regular prongs) 2\u0448\u0442 - \u041c\u0430\u0433\u0430\u0437\u0438\u043d Xstyle\" \/>\n<meta property=\"og:description\" content=\"\u0411\u0440\u0435\u043d\u0434 Petromax \u2013 \u0432\u0435\u0434\u0443\u0449\u0438\u0439 \u043d\u0435\u043c\u0435\u0446\u043a\u0438\u0439 \u043f\u0440\u043e\u0438\u0437\u0432\u043e\u0434\u0438\u0442\u0435\u043b\u044c \u043e\u0431\u043e\u0440\u0443\u0434\u043e\u0432\u0430\u043d\u0438\u044f \u0434\u043b\u044f \u043f\u0440\u0438\u0433\u043e\u0442\u043e\u0432\u043b\u0435\u043d\u0438\u044f \u043f\u0438\u0449\u0438 \u0438 \u043f\u0440\u043e\u0436\u0438\u0432\u0430\u043d\u0438\u044f \u043d\u0430 \u043e\u0442\u043a\u0440\u044b\u0442\u043e\u043c \u0432\u043e\u0437\u0434\u0443\u0445\u0435, \u0438 \u0432 \u0435\u0433\u043e \u0441\u043e\u0433\u043b\u0430\u0441\u043e\u0432\u0430\u043d\u043d\u043e\u043c \u0430\u0441\u0441\u043e\u0440\u0442\u0438\u043c\u0435\u043d\u0442\u0435 \u043f\u0440\u043e\u0434\u0443\u043a\u0446\u0438\u0438 \u0443\u043d\u0438\u043a\u0430\u043b\u044c\u043d\u044b\u043c \u043e\u0431\u0440\u0430\u0437\u043e\u043c \u0441\u043e\u0447\u0435\u0442\u0430\u044e\u0442\u0441\u044f \u0442\u0440\u0430\u0434\u0438\u0446\u0438\u0438 \u0438 \u0438\u043d\u043d\u043e\u0432\u0430\u0446\u0438\u0438. \u0412\u0441\u0435 \u043f\u0440\u043e\u0434\u0443\u043a\u0442\u044b Petromax \u043e\u0442\u043b\u0438\u0447\u0430\u044e\u0442\u0441\u044f \u0432\u044b\u0441\u043e\u0447\u0430\u0439\u0448\u0438\u043c \u043a\u0430\u0447\u0435\u0441\u0442\u0432\u043e\u043c, \u0434\u043e\u043b\u0433\u043e\u0432\u0435\u0447\u043d\u043e\u0441\u0442\u044c\u044e, \u043f\u0440\u043e\u0434\u0443\u043c\u0430\u043d\u043d\u044b\u043c\u0438 \u0434\u0435\u0442\u0430\u043b\u044f\u043c\u0438 \u0438 \u043f\u0440\u0435\u0434\u043d\u0430\u0437\u043d\u0430\u0447\u0435\u043d\u044b \u0434\u043b\u044f \u0432\u0441\u0435\u0445, \u043a\u0442\u043e \u0438\u0449\u0435\u0442 \u043a\u043e\u043c\u043f\u0435\u043d\u0441\u0430\u0446\u0438\u044e \u0437\u0430 \u0441\u0432\u043e\u0439 \u0440\u0430\u0441\u043f\u043e\u0440\u044f\u0434\u043e\u043a \u0434\u043d\u044f \u043d\u0430 \u043f\u0440\u0438\u0440\u043e\u0434\u0435 \u0438 \u043f\u043e\u044d\u0442\u043e\u043c\u0443 \u0440\u0430\u0437\u0431\u0438\u0432\u0430\u0435\u0442 \u043b\u0430\u0433\u0435\u0440\u044c \u043d\u0430 \u043e\u0442\u043a\u0440\u044b\u0442\u043e\u043c [&hellip;]\" \/>\n<meta property=\"og:url\" content=\"https:\/\/xstyle.md\/ro\/produs\/shampury-dlya-kostra-petromax-campfire-skewer-ls1-regular-prongs-2sht\/\" \/>\n<meta property=\"og:site_name\" content=\"\u041c\u0430\u0433\u0430\u0437\u0438\u043d Xstyle\" \/>\n<meta property=\"article:publisher\" content=\"https:\/\/www.facebook.com\/xstylemd\" \/>\n<meta property=\"article:modified_time\" content=\"2026-04-11T11:14:25+00:00\" \/>\n<meta property=\"og:image\" content=\"https:\/\/xstyle.md\/wp-content\/uploads\/2026\/04\/petromax-campfire-skewer-ls1-regular-prongs.webp\" \/>\n\t<meta property=\"og:image:width\" content=\"1200\" \/>\n\t<meta property=\"og:image:height\" content=\"1200\" \/>\n\t<meta property=\"og:image:type\" content=\"image\/webp\" \/>\n<meta name=\"twitter:card\" content=\"summary_large_image\" \/>\n<meta name=\"twitter:label1\" content=\"Pre\u021b\" \/>\n\t<meta name=\"twitter:data1\" content=\"590&nbsp;MDL\" \/>\n\t<meta name=\"twitter:label2\" content=\"Disponibilitate\" \/>\n\t<meta name=\"twitter:data2\" content=\"\u00cen stoc\" \/>\n<script type=\"application\/ld+json\" class=\"yoast-schema-graph\">{\"@context\":\"https:\/\/schema.org\",\"@graph\":[{\"@type\":\"WebPage\",\"@id\":\"https:\/\/xstyle.md\/product\/shampury-dlya-kostra-petromax-campfire-skewer-ls1-regular-prongs-2sht\/\",\"url\":\"https:\/\/xstyle.md\/product\/shampury-dlya-kostra-petromax-campfire-skewer-ls1-regular-prongs-2sht\/\",\"name\":\"\u0428\u0430\u043c\u043f\u0443\u0440\u044b \u0434\u043b\u044f \u043a\u043e\u0441\u0442\u0440\u0430 Petromax Campfire Skewer ls1 (regular prongs) 2\u0448\u0442 - \u041c\u0430\u0433\u0430\u0437\u0438\u043d Xstyle\",\"isPartOf\":{\"@id\":\"https:\/\/xstyle.md\/#website\"},\"primaryImageOfPage\":{\"@id\":\"https:\/\/xstyle.md\/product\/shampury-dlya-kostra-petromax-campfire-skewer-ls1-regular-prongs-2sht\/#primaryimage\"},\"image\":{\"@id\":\"https:\/\/xstyle.md\/product\/shampury-dlya-kostra-petromax-campfire-skewer-ls1-regular-prongs-2sht\/#primaryimage\"},\"thumbnailUrl\":\"https:\/\/xstyle.md\/wp-content\/uploads\/2026\/04\/petromax-campfire-skewer-ls1-regular-prongs.webp\",\"datePublished\":\"2026-04-08T10:20:21+00:00\",\"dateModified\":\"2026-04-11T11:14:25+00:00\",\"breadcrumb\":{\"@id\":\"https:\/\/xstyle.md\/product\/shampury-dlya-kostra-petromax-campfire-skewer-ls1-regular-prongs-2sht\/#breadcrumb\"},\"inLanguage\":\"ro-RO\",\"potentialAction\":[{\"@type\":\"ReadAction\",\"target\":[\"https:\/\/xstyle.md\/product\/shampury-dlya-kostra-petromax-campfire-skewer-ls1-regular-prongs-2sht\/\"]}]},{\"@type\":\"ImageObject\",\"inLanguage\":\"ro-RO\",\"@id\":\"https:\/\/xstyle.md\/product\/shampury-dlya-kostra-petromax-campfire-skewer-ls1-regular-prongs-2sht\/#primaryimage\",\"url\":\"https:\/\/xstyle.md\/wp-content\/uploads\/2026\/04\/petromax-campfire-skewer-ls1-regular-prongs.webp\",\"contentUrl\":\"https:\/\/xstyle.md\/wp-content\/uploads\/2026\/04\/petromax-campfire-skewer-ls1-regular-prongs.webp\",\"width\":1200,\"height\":1200},{\"@type\":\"BreadcrumbList\",\"@id\":\"https:\/\/xstyle.md\/product\/shampury-dlya-kostra-petromax-campfire-skewer-ls1-regular-prongs-2sht\/#breadcrumb\",\"itemListElement\":[{\"@type\":\"ListItem\",\"position\":1,\"name\":\"\u0413\u043b\u0430\u0432\u043d\u0430\u044f \u0441\u0442\u0440\u0430\u043d\u0438\u0446\u0430\",\"item\":\"https:\/\/xstyle.md\/\"},{\"@type\":\"ListItem\",\"position\":2,\"name\":\"\u041c\u0430\u0433\u0430\u0437\u0438\u043d\",\"item\":\"https:\/\/xstyle.md\/shop\/\"},{\"@type\":\"ListItem\",\"position\":3,\"name\":\"\u0428\u0430\u043c\u043f\u0443\u0440\u044b \u0434\u043b\u044f \u043a\u043e\u0441\u0442\u0440\u0430 Petromax Campfire Skewer ls1 (regular prongs) 2\u0448\u0442\"}]},{\"@type\":\"WebSite\",\"@id\":\"https:\/\/xstyle.md\/#website\",\"url\":\"https:\/\/xstyle.md\/\",\"name\":\"\u041c\u0430\u0433\u0430\u0437\u0438\u043d Xstyle\",\"description\":\"C\u043d\u0430\u0440\u044f\u0436\u0435\u043d\u0438\u0435 \u0434\u043b\u044f \u0442\u0443\u0440\u0438\u0437\u043c\u0430 \u0438 \u044d\u043a\u0441\u0442\u0440\u0435\u043c\u0430\u043b\u044c\u043d\u044b\u0445 \u0432\u0438\u0434\u043e\u0432 \u0441\u043f\u043e\u0440\u0442\u0430 \u0432 \u041c\u043e\u043b\u0434\u043e\u0432\u0435.. \u0426\u0435\u043d\u044b, \u0444\u043e\u0442\u043e, \u0445\u0430\u0440\u0430\u043a\u0442\u0435\u0440\u0438\u0441\u0442\u0438\u043a\u0438 \u0432 \u041c\u043e\u043b\u0434\u043e\u0432\u0435.\",\"publisher\":{\"@id\":\"https:\/\/xstyle.md\/#organization\"},\"alternateName\":\"X-Style\",\"potentialAction\":[{\"@type\":\"SearchAction\",\"target\":{\"@type\":\"EntryPoint\",\"urlTemplate\":\"https:\/\/xstyle.md\/?s={search_term_string}\"},\"query-input\":{\"@type\":\"PropertyValueSpecification\",\"valueRequired\":true,\"valueName\":\"search_term_string\"}}],\"inLanguage\":\"ro-RO\"},{\"@type\":\"Organization\",\"@id\":\"https:\/\/xstyle.md\/#organization\",\"name\":\"\u041c\u0430\u0433\u0430\u0437\u0438\u043d Xstyle\",\"alternateName\":\"x-style\",\"url\":\"https:\/\/xstyle.md\/\",\"logo\":{\"@type\":\"ImageObject\",\"inLanguage\":\"ro-RO\",\"@id\":\"https:\/\/xstyle.md\/#\/schema\/logo\/image\/\",\"url\":\"https:\/\/xstyle.md\/wp-content\/uploads\/2020\/06\/logoicon.svg\",\"contentUrl\":\"https:\/\/xstyle.md\/wp-content\/uploads\/2020\/06\/logoicon.svg\",\"caption\":\"\u041c\u0430\u0433\u0430\u0437\u0438\u043d Xstyle\"},\"image\":{\"@id\":\"https:\/\/xstyle.md\/#\/schema\/logo\/image\/\"},\"sameAs\":[\"https:\/\/www.facebook.com\/xstylemd\",\"https:\/\/www.instagram.com\/xstyle_md\/\",\"https:\/\/t.me\/xstyle_outdoor\"],\"hasMerchantReturnPolicy\":{\"@type\":\"MerchantReturnPolicy\",\"merchantReturnLink\":\"https:\/\/xstyle.md\/ro\/conditions\/\"}}]}<\/script>\n<meta property=\"product:price:amount\" content=\"590.00\" \/>\n<meta property=\"product:price:currency\" content=\"MDL\" \/>\n<meta property=\"og:availability\" content=\"instock\" \/>\n<meta property=\"product:availability\" content=\"instock\" \/>\n<meta property=\"product:retailer_item_id\" content=\"4250435770047\" \/>\n<meta property=\"product:condition\" content=\"new\" \/>\n<!-- \/ Yoast SEO plugin. -->","yoast_head_json":{"title":"\u0428\u0430\u043c\u043f\u0443\u0440\u044b \u0434\u043b\u044f \u043a\u043e\u0441\u0442\u0440\u0430 Petromax Campfire Skewer ls1 (regular prongs) 2\u0448\u0442 - \u041c\u0430\u0433\u0430\u0437\u0438\u043d Xstyle","robots":{"index":"index","follow":"follow","max-snippet":"max-snippet:-1","max-image-preview":"max-image-preview:large","max-video-preview":"max-video-preview:-1"},"canonical":"https:\/\/xstyle.md\/ro\/produs\/shampury-dlya-kostra-petromax-campfire-skewer-ls1-regular-prongs-2sht\/","og_locale":"ro_RO","og_type":"article","og_title":"\u0428\u0430\u043c\u043f\u0443\u0440\u044b \u0434\u043b\u044f \u043a\u043e\u0441\u0442\u0440\u0430 Petromax Campfire Skewer ls1 (regular prongs) 2\u0448\u0442 - \u041c\u0430\u0433\u0430\u0437\u0438\u043d Xstyle","og_description":"\u0411\u0440\u0435\u043d\u0434 Petromax \u2013 \u0432\u0435\u0434\u0443\u0449\u0438\u0439 \u043d\u0435\u043c\u0435\u0446\u043a\u0438\u0439 \u043f\u0440\u043e\u0438\u0437\u0432\u043e\u0434\u0438\u0442\u0435\u043b\u044c \u043e\u0431\u043e\u0440\u0443\u0434\u043e\u0432\u0430\u043d\u0438\u044f \u0434\u043b\u044f \u043f\u0440\u0438\u0433\u043e\u0442\u043e\u0432\u043b\u0435\u043d\u0438\u044f \u043f\u0438\u0449\u0438 \u0438 \u043f\u0440\u043e\u0436\u0438\u0432\u0430\u043d\u0438\u044f \u043d\u0430 \u043e\u0442\u043a\u0440\u044b\u0442\u043e\u043c \u0432\u043e\u0437\u0434\u0443\u0445\u0435, \u0438 \u0432 \u0435\u0433\u043e \u0441\u043e\u0433\u043b\u0430\u0441\u043e\u0432\u0430\u043d\u043d\u043e\u043c \u0430\u0441\u0441\u043e\u0440\u0442\u0438\u043c\u0435\u043d\u0442\u0435 \u043f\u0440\u043e\u0434\u0443\u043a\u0446\u0438\u0438 \u0443\u043d\u0438\u043a\u0430\u043b\u044c\u043d\u044b\u043c \u043e\u0431\u0440\u0430\u0437\u043e\u043c \u0441\u043e\u0447\u0435\u0442\u0430\u044e\u0442\u0441\u044f \u0442\u0440\u0430\u0434\u0438\u0446\u0438\u0438 \u0438 \u0438\u043d\u043d\u043e\u0432\u0430\u0446\u0438\u0438. \u0412\u0441\u0435 \u043f\u0440\u043e\u0434\u0443\u043a\u0442\u044b Petromax \u043e\u0442\u043b\u0438\u0447\u0430\u044e\u0442\u0441\u044f \u0432\u044b\u0441\u043e\u0447\u0430\u0439\u0448\u0438\u043c \u043a\u0430\u0447\u0435\u0441\u0442\u0432\u043e\u043c, \u0434\u043e\u043b\u0433\u043e\u0432\u0435\u0447\u043d\u043e\u0441\u0442\u044c\u044e, \u043f\u0440\u043e\u0434\u0443\u043c\u0430\u043d\u043d\u044b\u043c\u0438 \u0434\u0435\u0442\u0430\u043b\u044f\u043c\u0438 \u0438 \u043f\u0440\u0435\u0434\u043d\u0430\u0437\u043d\u0430\u0447\u0435\u043d\u044b \u0434\u043b\u044f \u0432\u0441\u0435\u0445, \u043a\u0442\u043e \u0438\u0449\u0435\u0442 \u043a\u043e\u043c\u043f\u0435\u043d\u0441\u0430\u0446\u0438\u044e \u0437\u0430 \u0441\u0432\u043e\u0439 \u0440\u0430\u0441\u043f\u043e\u0440\u044f\u0434\u043e\u043a \u0434\u043d\u044f \u043d\u0430 \u043f\u0440\u0438\u0440\u043e\u0434\u0435 \u0438 \u043f\u043e\u044d\u0442\u043e\u043c\u0443 \u0440\u0430\u0437\u0431\u0438\u0432\u0430\u0435\u0442 \u043b\u0430\u0433\u0435\u0440\u044c \u043d\u0430 \u043e\u0442\u043a\u0440\u044b\u0442\u043e\u043c [&hellip;]","og_url":"https:\/\/xstyle.md\/ro\/produs\/shampury-dlya-kostra-petromax-campfire-skewer-ls1-regular-prongs-2sht\/","og_site_name":"\u041c\u0430\u0433\u0430\u0437\u0438\u043d Xstyle","article_publisher":"https:\/\/www.facebook.com\/xstylemd","article_modified_time":"2026-04-11T11:14:25+00:00","og_image":[{"width":1200,"height":1200,"url":"https:\/\/xstyle.md\/wp-content\/uploads\/2026\/04\/petromax-campfire-skewer-ls1-regular-prongs.webp","type":"image\/webp"}],"twitter_card":"summary_large_image","twitter_misc":{"Pre\u021b":"590&nbsp;MDL","Disponibilitate":"\u00cen stoc"},"schema":{"@context":"https:\/\/schema.org","@graph":[{"@type":"WebPage","@id":"https:\/\/xstyle.md\/product\/shampury-dlya-kostra-petromax-campfire-skewer-ls1-regular-prongs-2sht\/","url":"https:\/\/xstyle.md\/product\/shampury-dlya-kostra-petromax-campfire-skewer-ls1-regular-prongs-2sht\/","name":"\u0428\u0430\u043c\u043f\u0443\u0440\u044b \u0434\u043b\u044f \u043a\u043e\u0441\u0442\u0440\u0430 Petromax Campfire Skewer ls1 (regular prongs) 2\u0448\u0442 - \u041c\u0430\u0433\u0430\u0437\u0438\u043d Xstyle","isPartOf":{"@id":"https:\/\/xstyle.md\/#website"},"primaryImageOfPage":{"@id":"https:\/\/xstyle.md\/product\/shampury-dlya-kostra-petromax-campfire-skewer-ls1-regular-prongs-2sht\/#primaryimage"},"image":{"@id":"https:\/\/xstyle.md\/product\/shampury-dlya-kostra-petromax-campfire-skewer-ls1-regular-prongs-2sht\/#primaryimage"},"thumbnailUrl":"https:\/\/xstyle.md\/wp-content\/uploads\/2026\/04\/petromax-campfire-skewer-ls1-regular-prongs.webp","datePublished":"2026-04-08T10:20:21+00:00","dateModified":"2026-04-11T11:14:25+00:00","breadcrumb":{"@id":"https:\/\/xstyle.md\/product\/shampury-dlya-kostra-petromax-campfire-skewer-ls1-regular-prongs-2sht\/#breadcrumb"},"inLanguage":"ro-RO","potentialAction":[{"@type":"ReadAction","target":["https:\/\/xstyle.md\/product\/shampury-dlya-kostra-petromax-campfire-skewer-ls1-regular-prongs-2sht\/"]}]},{"@type":"ImageObject","inLanguage":"ro-RO","@id":"https:\/\/xstyle.md\/product\/shampury-dlya-kostra-petromax-campfire-skewer-ls1-regular-prongs-2sht\/#primaryimage","url":"https:\/\/xstyle.md\/wp-content\/uploads\/2026\/04\/petromax-campfire-skewer-ls1-regular-prongs.webp","contentUrl":"https:\/\/xstyle.md\/wp-content\/uploads\/2026\/04\/petromax-campfire-skewer-ls1-regular-prongs.webp","width":1200,"height":1200},{"@type":"BreadcrumbList","@id":"https:\/\/xstyle.md\/product\/shampury-dlya-kostra-petromax-campfire-skewer-ls1-regular-prongs-2sht\/#breadcrumb","itemListElement":[{"@type":"ListItem","position":1,"name":"\u0413\u043b\u0430\u0432\u043d\u0430\u044f \u0441\u0442\u0440\u0430\u043d\u0438\u0446\u0430","item":"https:\/\/xstyle.md\/"},{"@type":"ListItem","position":2,"name":"\u041c\u0430\u0433\u0430\u0437\u0438\u043d","item":"https:\/\/xstyle.md\/shop\/"},{"@type":"ListItem","position":3,"name":"\u0428\u0430\u043c\u043f\u0443\u0440\u044b \u0434\u043b\u044f \u043a\u043e\u0441\u0442\u0440\u0430 Petromax Campfire Skewer ls1 (regular prongs) 2\u0448\u0442"}]},{"@type":"WebSite","@id":"https:\/\/xstyle.md\/#website","url":"https:\/\/xstyle.md\/","name":"Magazinul X-Style","description":"Echipamente pentru turism \u0219i sporturi extreme \u00een Moldova. Pre\u021buri, fotografii, caracteristici \u00een Moldova.","publisher":{"@id":"https:\/\/xstyle.md\/#organization"},"alternateName":"X-Style","potentialAction":[{"@type":"SearchAction","target":{"@type":"EntryPoint","urlTemplate":"https:\/\/xstyle.md\/?s={search_term_string}"},"query-input":{"@type":"PropertyValueSpecification","valueRequired":true,"valueName":"search_term_string"}}],"inLanguage":"ro-RO"},{"@type":"Organization","@id":"https:\/\/xstyle.md\/#organization","name":"Magazinul X-Style","alternateName":"x-style","url":"https:\/\/xstyle.md\/","logo":{"@type":"ImageObject","inLanguage":"ro-RO","@id":"https:\/\/xstyle.md\/#\/schema\/logo\/image\/","url":"https:\/\/xstyle.md\/wp-content\/uploads\/2020\/06\/logoicon.svg","contentUrl":"https:\/\/xstyle.md\/wp-content\/uploads\/2020\/06\/logoicon.svg","caption":"\u041c\u0430\u0433\u0430\u0437\u0438\u043d Xstyle"},"image":{"@id":"https:\/\/xstyle.md\/#\/schema\/logo\/image\/"},"sameAs":["https:\/\/www.facebook.com\/xstylemd","https:\/\/www.instagram.com\/xstyle_md\/","https:\/\/t.me\/xstyle_outdoor"],"hasMerchantReturnPolicy":{"@type":"MerchantReturnPolicy","merchantReturnLink":"https:\/\/xstyle.md\/ro\/conditions\/"}}]},"product_price_amount":"590.00","product_price_currency":"MDL","og_availability":"instock","product_availability":"instock","product_retailer_item_id":"4250435770047","product_condition":"new"},"post_mailing_queue_ids":[],"_links":{"self":[{"href":"https:\/\/xstyle.md\/ro\/wp-json\/wp\/v2\/product\/105091","targetHints":{"allow":["GET"]}}],"collection":[{"href":"https:\/\/xstyle.md\/ro\/wp-json\/wp\/v2\/product"}],"about":[{"href":"https:\/\/xstyle.md\/ro\/wp-json\/wp\/v2\/types\/product"}],"replies":[{"embeddable":true,"href":"https:\/\/xstyle.md\/ro\/wp-json\/wp\/v2\/comments?post=105091"}],"wp:featuredmedia":[{"embeddable":true,"href":"https:\/\/xstyle.md\/ro\/wp-json\/wp\/v2\/media\/105493"}],"wp:attachment":[{"href":"https:\/\/xstyle.md\/ro\/wp-json\/wp\/v2\/media?parent=105091"}],"wp:term":[{"taxonomy":"product_brand","embeddable":true,"href":"https:\/\/xstyle.md\/ro\/wp-json\/wp\/v2\/product_brand?post=105091"},{"taxonomy":"product_cat","embeddable":true,"href":"https:\/\/xstyle.md\/ro\/wp-json\/wp\/v2\/product_cat?post=105091"},{"taxonomy":"product_tag","embeddable":true,"href":"https:\/\/xstyle.md\/ro\/wp-json\/wp\/v2\/product_tag?post=105091"}],"curies":[{"name":"wp","href":"https:\/\/api.w.org\/{rel}","templated":true}]}}