{"id":105086,"date":"2026-04-08T13:20:20","date_gmt":"2026-04-08T10:20:20","guid":{"rendered":"https:\/\/xstyle.md\/?post_type=product&#038;p=105086"},"modified":"2026-04-09T10:39:35","modified_gmt":"2026-04-09T07:39:35","slug":"raskladushka-robens-outpost-low-light","status":"publish","type":"product","link":"https:\/\/xstyle.md\/ro\/produs\/raskladushka-robens-outpost-low-light\/","title":{"rendered":"Pat pliant Robens Outpost Low Light"},"content":{"rendered":"<\/p>\n<p>Pat pliant <strong>Robens Outpost Low Light <\/strong>&#8212;\u00a0are un design pliabil \u0219i este extrem de mic \u0219i u\u0219or atunci c\u00e2nd este pliat, ceea ce \u00eel face u\u0219or de transportat. Outpost Low are o \u00een\u0103l\u021bime de 22 cm, este rapid \u0219i u\u0219or de asamblat \u0219i v\u0103 va ridica de pe orice suprafa\u021b\u0103 neuniform\u0103 pentru un somn bun.<\/p>\n<h3>Particularit\u0103\u021bi<\/h3>\n<ul>\n<li>Tensiunea cadrului este reglabil\u0103<\/li>\n<li>Curelele laterale \u021bin salteaua (salteaua nu este inclus\u0103)<\/li>\n<li>Foarte u\u0219or \u0219i compact<\/li>\n<li>Cadru robust din aluminiu<\/li>\n<li>Se pliaz\u0103 \u0219i se desface rapid \u0219i u\u0219or<\/li>\n<li>Geant\u0103 de depozitare inclus\u0103<\/li>\n<li>Dimensiune compact\u0103 atunci c\u00e2nd este pliat\u0103.<\/li>\n<\/ul>\n<h3>Caracteristici<\/h3>\n<ul>\n<li>Materialul scaunului &#8212; 420D poliester, \u021bes\u0103tur\u0103 cu ochiuri, 100% poliester<\/li>\n<li>Material cadru &#8212; aluminiu 7075<\/li>\n<li>Dimensiuni desf\u0103\u0219urat &#8212; 65 x 192 x 22 cm<\/li>\n<li>Dimensiuni c\u00e2nd este pliat\u0103 &#8212; 55 x 14 x 13 cm<\/li>\n<li>\u00cen\u0103l\u021bimea scaunului &#8212; 22 cm<\/li>\n<li>Incarcare maxim\u0103 &#8212; 200 kg<\/li>\n<li>Greutate &#8212; 1980 g.<\/li>\n<\/ul>\n<p><\/p>\n<h3>Marca<\/h3>\n<p>Robens \u2014 un brand german de renume, parte a grupului Oase Outdoor, specializat \u00een echipamente tehnice de camping \u0219i expedi\u021bie. Recunoscut pentru corturile, sacii de dormit \u0219i accesoriile sale de \u00eenalt\u0103 performan\u021b\u0103, Robens pune accent pe fiabilitate, rezisten\u021b\u0103 la condi\u021bii meteorologice extreme \u0219i un raport excelent \u00eentre greutate \u0219i durabilitate. Este alegerea preferat\u0103 a aventurierilor care caut\u0103 echipament profesional pentru drume\u021bii montane \u0219i activit\u0103\u021bi de tip bushcraft.<\/p>\n<p>Brandul Robens \u0219i-a consolidat reputa\u021bia de produc\u0103tor de echipamente ideale pentru via\u021ba \u00een natur\u0103, pun\u00e2nd accent pe calitatea superioar\u0103 \u0219i pre\u021burile rezonabile. \u00cen anul 2000, Robens a fost achizi\u021bionat de grupul OASE Outdoors, iar \u00een 2012 a trecut printr-un proces de rebranding. Ast\u0103zi, Robens continu\u0103 s\u0103 evolueze, ajut\u00e2nd oamenii s\u0103 \u00ee\u0219i urmeze pasiunea pentru aventurile \u00een aer liber.<\/p>","protected":false},"excerpt":{"rendered":"<p>\u0411\u0440\u0435\u043d\u0434 \u0418\u0441\u0442\u043e\u0440\u0438\u044f \u0431\u0440\u0435\u043d\u0434\u0430 Robens \u043d\u0430\u0447\u0438\u043d\u0430\u0435\u0442\u0441\u044f \u0432 1973, \u043a\u043e\u0433\u0434\u0430 \u041a\u043b\u0430\u0443\u0441 \u0420\u043e\u0431\u0435\u043d\u0441 \u0432\u043c\u0435\u0441\u0442\u0435 \u0441\u043e \u0441\u0432\u043e\u0435\u0439 \u0436\u0435\u043d\u043e\u0439 \u043e\u0441\u043d\u043e\u0432\u0430\u043b\u0438 \u043a\u043e\u043c\u043f\u0430\u043d\u0438\u044e \u0432 \u0438\u0445 \u0434\u043e\u043c\u0435 \u0432 \u0412\u0435\u043d\u0444\u043e\u0440\u0442\u0435 (\u0413\u0435\u0440\u043c\u0430\u043d\u0438\u044f). \u041e\u0444\u0438\u0441 \u043a\u043e\u043c\u043f\u0430\u043d\u0438\u0438 \u0431\u044b\u043b \u0432 \u043f\u043e\u0434\u0432\u0430\u043b\u0435, \u0430 showroom \u043d\u0430 \u043b\u0443\u0436\u0430\u0439\u043a\u0435 \u043f\u0435\u0440\u0435\u0434 \u0434\u043e\u043c\u043e\u043c. \u041e\u0431\u0448\u0438\u0440\u043d\u044b\u0435 \u0437\u043d\u0430\u043d\u0438\u044f \u0432 outdoor \u0438 \u0432\u044b\u0441\u043e\u043a\u043e\u0435 \u043a\u0430\u0447\u0435\u0441\u0442\u0432\u043e \u0441\u0434\u0435\u043b\u0430\u043b\u0438 Robens \u043d\u0430\u0441\u0442\u043e\u043b\u044c\u043a\u043e \u0443\u0441\u043f\u0435\u0448\u043d\u044b\u043c, \u0447\u0442\u043e \u0432 1988 \u043a\u043e\u043c\u043f\u0430\u043d\u0438\u044f \u043f\u0435\u0440\u0435\u0435\u0445\u0430\u043b\u0430 \u0432 \u043d\u043e\u0432\u043e\u0435 \u0437\u0434\u0430\u043d\u0438\u0435 \u0438 \u0441\u0442\u0430\u043b\u0430 \u0441\u043e\u0442\u0440\u0443\u0434\u043d\u0438\u0447\u0430\u0442\u044c [&hellip;]<\/p>\n","protected":false},"featured_media":105295,"comment_status":"open","ping_status":"closed","template":"","meta":{"_acf_changed":false,"inline_featured_image":false},"product_brand":[],"product_cat":[120],"product_tag":[],"class_list":{"0":"post-105086","1":"product","2":"type-product","3":"status-publish","4":"has-post-thumbnail","6":"product_cat-sun-loungers","8":"first","9":"instock","10":"shipping-taxable","11":"purchasable","12":"product-type-simple"},"acf":[],"yoast_head":"<!-- This site is optimized with the Yoast SEO plugin v27.2 - https:\/\/yoast.com\/product\/yoast-seo-wordpress\/ -->\n<title>\u0420\u0430\u0441\u043a\u043b\u0430\u0434\u0443\u0448\u043a\u0430 Robens Outpost Low Light - \u041c\u0430\u0433\u0430\u0437\u0438\u043d Xstyle<\/title>\n<meta name=\"robots\" content=\"index, follow, max-snippet:-1, max-image-preview:large, max-video-preview:-1\" \/>\n<link rel=\"canonical\" href=\"https:\/\/xstyle.md\/ro\/produs\/raskladushka-robens-outpost-low-light\/\" \/>\n<meta property=\"og:locale\" content=\"ro_RO\" \/>\n<meta property=\"og:type\" content=\"article\" \/>\n<meta property=\"og:title\" content=\"\u0420\u0430\u0441\u043a\u043b\u0430\u0434\u0443\u0448\u043a\u0430 Robens Outpost Low Light - \u041c\u0430\u0433\u0430\u0437\u0438\u043d Xstyle\" \/>\n<meta property=\"og:description\" content=\"\u0411\u0440\u0435\u043d\u0434 \u0418\u0441\u0442\u043e\u0440\u0438\u044f \u0431\u0440\u0435\u043d\u0434\u0430 Robens \u043d\u0430\u0447\u0438\u043d\u0430\u0435\u0442\u0441\u044f \u0432 1973, \u043a\u043e\u0433\u0434\u0430 \u041a\u043b\u0430\u0443\u0441 \u0420\u043e\u0431\u0435\u043d\u0441 \u0432\u043c\u0435\u0441\u0442\u0435 \u0441\u043e \u0441\u0432\u043e\u0435\u0439 \u0436\u0435\u043d\u043e\u0439 \u043e\u0441\u043d\u043e\u0432\u0430\u043b\u0438 \u043a\u043e\u043c\u043f\u0430\u043d\u0438\u044e \u0432 \u0438\u0445 \u0434\u043e\u043c\u0435 \u0432 \u0412\u0435\u043d\u0444\u043e\u0440\u0442\u0435 (\u0413\u0435\u0440\u043c\u0430\u043d\u0438\u044f). \u041e\u0444\u0438\u0441 \u043a\u043e\u043c\u043f\u0430\u043d\u0438\u0438 \u0431\u044b\u043b \u0432 \u043f\u043e\u0434\u0432\u0430\u043b\u0435, \u0430 showroom \u043d\u0430 \u043b\u0443\u0436\u0430\u0439\u043a\u0435 \u043f\u0435\u0440\u0435\u0434 \u0434\u043e\u043c\u043e\u043c. \u041e\u0431\u0448\u0438\u0440\u043d\u044b\u0435 \u0437\u043d\u0430\u043d\u0438\u044f \u0432 outdoor \u0438 \u0432\u044b\u0441\u043e\u043a\u043e\u0435 \u043a\u0430\u0447\u0435\u0441\u0442\u0432\u043e \u0441\u0434\u0435\u043b\u0430\u043b\u0438 Robens \u043d\u0430\u0441\u0442\u043e\u043b\u044c\u043a\u043e \u0443\u0441\u043f\u0435\u0448\u043d\u044b\u043c, \u0447\u0442\u043e \u0432 1988 \u043a\u043e\u043c\u043f\u0430\u043d\u0438\u044f \u043f\u0435\u0440\u0435\u0435\u0445\u0430\u043b\u0430 \u0432 \u043d\u043e\u0432\u043e\u0435 \u0437\u0434\u0430\u043d\u0438\u0435 \u0438 \u0441\u0442\u0430\u043b\u0430 \u0441\u043e\u0442\u0440\u0443\u0434\u043d\u0438\u0447\u0430\u0442\u044c [&hellip;]\" \/>\n<meta property=\"og:url\" content=\"https:\/\/xstyle.md\/ro\/produs\/raskladushka-robens-outpost-low-light\/\" \/>\n<meta property=\"og:site_name\" content=\"\u041c\u0430\u0433\u0430\u0437\u0438\u043d Xstyle\" \/>\n<meta property=\"article:publisher\" content=\"https:\/\/www.facebook.com\/xstylemd\" \/>\n<meta property=\"article:modified_time\" content=\"2026-04-09T07:39:35+00:00\" \/>\n<meta property=\"og:image\" content=\"https:\/\/xstyle.md\/wp-content\/uploads\/2026\/04\/robens-outpost-low-light-5.webp\" \/>\n\t<meta property=\"og:image:width\" content=\"1200\" \/>\n\t<meta property=\"og:image:height\" content=\"1200\" \/>\n\t<meta property=\"og:image:type\" content=\"image\/webp\" \/>\n<meta name=\"twitter:card\" content=\"summary_large_image\" \/>\n<meta name=\"twitter:label1\" content=\"Pre\u021b\" \/>\n\t<meta name=\"twitter:data1\" content=\"3.690&nbsp;MDL\" \/>\n\t<meta name=\"twitter:label2\" content=\"Disponibilitate\" \/>\n\t<meta name=\"twitter:data2\" content=\"\u00cen stoc\" \/>\n<script type=\"application\/ld+json\" class=\"yoast-schema-graph\">{\"@context\":\"https:\/\/schema.org\",\"@graph\":[{\"@type\":\"WebPage\",\"@id\":\"https:\/\/xstyle.md\/product\/raskladushka-robens-outpost-low-light\/\",\"url\":\"https:\/\/xstyle.md\/product\/raskladushka-robens-outpost-low-light\/\",\"name\":\"\u0420\u0430\u0441\u043a\u043b\u0430\u0434\u0443\u0448\u043a\u0430 Robens Outpost Low Light - \u041c\u0430\u0433\u0430\u0437\u0438\u043d Xstyle\",\"isPartOf\":{\"@id\":\"https:\/\/xstyle.md\/#website\"},\"primaryImageOfPage\":{\"@id\":\"https:\/\/xstyle.md\/product\/raskladushka-robens-outpost-low-light\/#primaryimage\"},\"image\":{\"@id\":\"https:\/\/xstyle.md\/product\/raskladushka-robens-outpost-low-light\/#primaryimage\"},\"thumbnailUrl\":\"https:\/\/xstyle.md\/wp-content\/uploads\/2026\/04\/robens-outpost-low-light-5.webp\",\"datePublished\":\"2026-04-08T10:20:20+00:00\",\"dateModified\":\"2026-04-09T07:39:35+00:00\",\"breadcrumb\":{\"@id\":\"https:\/\/xstyle.md\/product\/raskladushka-robens-outpost-low-light\/#breadcrumb\"},\"inLanguage\":\"ro-RO\",\"potentialAction\":[{\"@type\":\"ReadAction\",\"target\":[\"https:\/\/xstyle.md\/product\/raskladushka-robens-outpost-low-light\/\"]}]},{\"@type\":\"ImageObject\",\"inLanguage\":\"ro-RO\",\"@id\":\"https:\/\/xstyle.md\/product\/raskladushka-robens-outpost-low-light\/#primaryimage\",\"url\":\"https:\/\/xstyle.md\/wp-content\/uploads\/2026\/04\/robens-outpost-low-light-5.webp\",\"contentUrl\":\"https:\/\/xstyle.md\/wp-content\/uploads\/2026\/04\/robens-outpost-low-light-5.webp\",\"width\":1200,\"height\":1200},{\"@type\":\"BreadcrumbList\",\"@id\":\"https:\/\/xstyle.md\/product\/raskladushka-robens-outpost-low-light\/#breadcrumb\",\"itemListElement\":[{\"@type\":\"ListItem\",\"position\":1,\"name\":\"\u0413\u043b\u0430\u0432\u043d\u0430\u044f \u0441\u0442\u0440\u0430\u043d\u0438\u0446\u0430\",\"item\":\"https:\/\/xstyle.md\/\"},{\"@type\":\"ListItem\",\"position\":2,\"name\":\"\u041c\u0430\u0433\u0430\u0437\u0438\u043d\",\"item\":\"https:\/\/xstyle.md\/shop\/\"},{\"@type\":\"ListItem\",\"position\":3,\"name\":\"\u0420\u0430\u0441\u043a\u043b\u0430\u0434\u0443\u0448\u043a\u0430 Robens Outpost Low Light\"}]},{\"@type\":\"WebSite\",\"@id\":\"https:\/\/xstyle.md\/#website\",\"url\":\"https:\/\/xstyle.md\/\",\"name\":\"\u041c\u0430\u0433\u0430\u0437\u0438\u043d Xstyle\",\"description\":\"C\u043d\u0430\u0440\u044f\u0436\u0435\u043d\u0438\u0435 \u0434\u043b\u044f \u0442\u0443\u0440\u0438\u0437\u043c\u0430 \u0438 \u044d\u043a\u0441\u0442\u0440\u0435\u043c\u0430\u043b\u044c\u043d\u044b\u0445 \u0432\u0438\u0434\u043e\u0432 \u0441\u043f\u043e\u0440\u0442\u0430 \u0432 \u041c\u043e\u043b\u0434\u043e\u0432\u0435.. \u0426\u0435\u043d\u044b, \u0444\u043e\u0442\u043e, \u0445\u0430\u0440\u0430\u043a\u0442\u0435\u0440\u0438\u0441\u0442\u0438\u043a\u0438 \u0432 \u041c\u043e\u043b\u0434\u043e\u0432\u0435.\",\"publisher\":{\"@id\":\"https:\/\/xstyle.md\/#organization\"},\"alternateName\":\"X-Style\",\"potentialAction\":[{\"@type\":\"SearchAction\",\"target\":{\"@type\":\"EntryPoint\",\"urlTemplate\":\"https:\/\/xstyle.md\/?s={search_term_string}\"},\"query-input\":{\"@type\":\"PropertyValueSpecification\",\"valueRequired\":true,\"valueName\":\"search_term_string\"}}],\"inLanguage\":\"ro-RO\"},{\"@type\":\"Organization\",\"@id\":\"https:\/\/xstyle.md\/#organization\",\"name\":\"\u041c\u0430\u0433\u0430\u0437\u0438\u043d Xstyle\",\"alternateName\":\"x-style\",\"url\":\"https:\/\/xstyle.md\/\",\"logo\":{\"@type\":\"ImageObject\",\"inLanguage\":\"ro-RO\",\"@id\":\"https:\/\/xstyle.md\/#\/schema\/logo\/image\/\",\"url\":\"https:\/\/xstyle.md\/wp-content\/uploads\/2020\/06\/logoicon.svg\",\"contentUrl\":\"https:\/\/xstyle.md\/wp-content\/uploads\/2020\/06\/logoicon.svg\",\"caption\":\"\u041c\u0430\u0433\u0430\u0437\u0438\u043d Xstyle\"},\"image\":{\"@id\":\"https:\/\/xstyle.md\/#\/schema\/logo\/image\/\"},\"sameAs\":[\"https:\/\/www.facebook.com\/xstylemd\",\"https:\/\/www.instagram.com\/xstyle_md\/\",\"https:\/\/t.me\/xstyle_outdoor\"],\"hasMerchantReturnPolicy\":{\"@type\":\"MerchantReturnPolicy\",\"merchantReturnLink\":\"https:\/\/xstyle.md\/ro\/conditions\/\"}}]}<\/script>\n<meta property=\"product:price:amount\" content=\"3690.00\" \/>\n<meta property=\"product:price:currency\" content=\"MDL\" \/>\n<meta property=\"og:availability\" content=\"instock\" \/>\n<meta property=\"product:availability\" content=\"instock\" \/>\n<meta property=\"product:retailer_item_id\" content=\"5709388159878\" \/>\n<meta property=\"product:condition\" content=\"new\" \/>\n<!-- \/ Yoast SEO plugin. -->","yoast_head_json":{"title":"\u0420\u0430\u0441\u043a\u043b\u0430\u0434\u0443\u0448\u043a\u0430 Robens Outpost Low Light - \u041c\u0430\u0433\u0430\u0437\u0438\u043d Xstyle","robots":{"index":"index","follow":"follow","max-snippet":"max-snippet:-1","max-image-preview":"max-image-preview:large","max-video-preview":"max-video-preview:-1"},"canonical":"https:\/\/xstyle.md\/ro\/produs\/raskladushka-robens-outpost-low-light\/","og_locale":"ro_RO","og_type":"article","og_title":"\u0420\u0430\u0441\u043a\u043b\u0430\u0434\u0443\u0448\u043a\u0430 Robens Outpost Low Light - \u041c\u0430\u0433\u0430\u0437\u0438\u043d Xstyle","og_description":"\u0411\u0440\u0435\u043d\u0434 \u0418\u0441\u0442\u043e\u0440\u0438\u044f \u0431\u0440\u0435\u043d\u0434\u0430 Robens \u043d\u0430\u0447\u0438\u043d\u0430\u0435\u0442\u0441\u044f \u0432 1973, \u043a\u043e\u0433\u0434\u0430 \u041a\u043b\u0430\u0443\u0441 \u0420\u043e\u0431\u0435\u043d\u0441 \u0432\u043c\u0435\u0441\u0442\u0435 \u0441\u043e \u0441\u0432\u043e\u0435\u0439 \u0436\u0435\u043d\u043e\u0439 \u043e\u0441\u043d\u043e\u0432\u0430\u043b\u0438 \u043a\u043e\u043c\u043f\u0430\u043d\u0438\u044e \u0432 \u0438\u0445 \u0434\u043e\u043c\u0435 \u0432 \u0412\u0435\u043d\u0444\u043e\u0440\u0442\u0435 (\u0413\u0435\u0440\u043c\u0430\u043d\u0438\u044f). \u041e\u0444\u0438\u0441 \u043a\u043e\u043c\u043f\u0430\u043d\u0438\u0438 \u0431\u044b\u043b \u0432 \u043f\u043e\u0434\u0432\u0430\u043b\u0435, \u0430 showroom \u043d\u0430 \u043b\u0443\u0436\u0430\u0439\u043a\u0435 \u043f\u0435\u0440\u0435\u0434 \u0434\u043e\u043c\u043e\u043c. \u041e\u0431\u0448\u0438\u0440\u043d\u044b\u0435 \u0437\u043d\u0430\u043d\u0438\u044f \u0432 outdoor \u0438 \u0432\u044b\u0441\u043e\u043a\u043e\u0435 \u043a\u0430\u0447\u0435\u0441\u0442\u0432\u043e \u0441\u0434\u0435\u043b\u0430\u043b\u0438 Robens \u043d\u0430\u0441\u0442\u043e\u043b\u044c\u043a\u043e \u0443\u0441\u043f\u0435\u0448\u043d\u044b\u043c, \u0447\u0442\u043e \u0432 1988 \u043a\u043e\u043c\u043f\u0430\u043d\u0438\u044f \u043f\u0435\u0440\u0435\u0435\u0445\u0430\u043b\u0430 \u0432 \u043d\u043e\u0432\u043e\u0435 \u0437\u0434\u0430\u043d\u0438\u0435 \u0438 \u0441\u0442\u0430\u043b\u0430 \u0441\u043e\u0442\u0440\u0443\u0434\u043d\u0438\u0447\u0430\u0442\u044c [&hellip;]","og_url":"https:\/\/xstyle.md\/ro\/produs\/raskladushka-robens-outpost-low-light\/","og_site_name":"\u041c\u0430\u0433\u0430\u0437\u0438\u043d Xstyle","article_publisher":"https:\/\/www.facebook.com\/xstylemd","article_modified_time":"2026-04-09T07:39:35+00:00","og_image":[{"width":1200,"height":1200,"url":"https:\/\/xstyle.md\/wp-content\/uploads\/2026\/04\/robens-outpost-low-light-5.webp","type":"image\/webp"}],"twitter_card":"summary_large_image","twitter_misc":{"Pre\u021b":"3.690&nbsp;MDL","Disponibilitate":"\u00cen stoc"},"schema":{"@context":"https:\/\/schema.org","@graph":[{"@type":"WebPage","@id":"https:\/\/xstyle.md\/product\/raskladushka-robens-outpost-low-light\/","url":"https:\/\/xstyle.md\/product\/raskladushka-robens-outpost-low-light\/","name":"\u0420\u0430\u0441\u043a\u043b\u0430\u0434\u0443\u0448\u043a\u0430 Robens Outpost Low Light - \u041c\u0430\u0433\u0430\u0437\u0438\u043d Xstyle","isPartOf":{"@id":"https:\/\/xstyle.md\/#website"},"primaryImageOfPage":{"@id":"https:\/\/xstyle.md\/product\/raskladushka-robens-outpost-low-light\/#primaryimage"},"image":{"@id":"https:\/\/xstyle.md\/product\/raskladushka-robens-outpost-low-light\/#primaryimage"},"thumbnailUrl":"https:\/\/xstyle.md\/wp-content\/uploads\/2026\/04\/robens-outpost-low-light-5.webp","datePublished":"2026-04-08T10:20:20+00:00","dateModified":"2026-04-09T07:39:35+00:00","breadcrumb":{"@id":"https:\/\/xstyle.md\/product\/raskladushka-robens-outpost-low-light\/#breadcrumb"},"inLanguage":"ro-RO","potentialAction":[{"@type":"ReadAction","target":["https:\/\/xstyle.md\/product\/raskladushka-robens-outpost-low-light\/"]}]},{"@type":"ImageObject","inLanguage":"ro-RO","@id":"https:\/\/xstyle.md\/product\/raskladushka-robens-outpost-low-light\/#primaryimage","url":"https:\/\/xstyle.md\/wp-content\/uploads\/2026\/04\/robens-outpost-low-light-5.webp","contentUrl":"https:\/\/xstyle.md\/wp-content\/uploads\/2026\/04\/robens-outpost-low-light-5.webp","width":1200,"height":1200},{"@type":"BreadcrumbList","@id":"https:\/\/xstyle.md\/product\/raskladushka-robens-outpost-low-light\/#breadcrumb","itemListElement":[{"@type":"ListItem","position":1,"name":"\u0413\u043b\u0430\u0432\u043d\u0430\u044f \u0441\u0442\u0440\u0430\u043d\u0438\u0446\u0430","item":"https:\/\/xstyle.md\/"},{"@type":"ListItem","position":2,"name":"\u041c\u0430\u0433\u0430\u0437\u0438\u043d","item":"https:\/\/xstyle.md\/shop\/"},{"@type":"ListItem","position":3,"name":"\u0420\u0430\u0441\u043a\u043b\u0430\u0434\u0443\u0448\u043a\u0430 Robens Outpost Low Light"}]},{"@type":"WebSite","@id":"https:\/\/xstyle.md\/#website","url":"https:\/\/xstyle.md\/","name":"Magazinul X-Style","description":"Echipamente pentru turism \u0219i sporturi extreme \u00een Moldova. Pre\u021buri, fotografii, caracteristici \u00een Moldova.","publisher":{"@id":"https:\/\/xstyle.md\/#organization"},"alternateName":"X-Style","potentialAction":[{"@type":"SearchAction","target":{"@type":"EntryPoint","urlTemplate":"https:\/\/xstyle.md\/?s={search_term_string}"},"query-input":{"@type":"PropertyValueSpecification","valueRequired":true,"valueName":"search_term_string"}}],"inLanguage":"ro-RO"},{"@type":"Organization","@id":"https:\/\/xstyle.md\/#organization","name":"Magazinul X-Style","alternateName":"x-style","url":"https:\/\/xstyle.md\/","logo":{"@type":"ImageObject","inLanguage":"ro-RO","@id":"https:\/\/xstyle.md\/#\/schema\/logo\/image\/","url":"https:\/\/xstyle.md\/wp-content\/uploads\/2020\/06\/logoicon.svg","contentUrl":"https:\/\/xstyle.md\/wp-content\/uploads\/2020\/06\/logoicon.svg","caption":"\u041c\u0430\u0433\u0430\u0437\u0438\u043d Xstyle"},"image":{"@id":"https:\/\/xstyle.md\/#\/schema\/logo\/image\/"},"sameAs":["https:\/\/www.facebook.com\/xstylemd","https:\/\/www.instagram.com\/xstyle_md\/","https:\/\/t.me\/xstyle_outdoor"],"hasMerchantReturnPolicy":{"@type":"MerchantReturnPolicy","merchantReturnLink":"https:\/\/xstyle.md\/ro\/conditions\/"}}]},"product_price_amount":"3690.00","product_price_currency":"MDL","og_availability":"instock","product_availability":"instock","product_retailer_item_id":"5709388159878","product_condition":"new"},"post_mailing_queue_ids":[],"_links":{"self":[{"href":"https:\/\/xstyle.md\/ro\/wp-json\/wp\/v2\/product\/105086","targetHints":{"allow":["GET"]}}],"collection":[{"href":"https:\/\/xstyle.md\/ro\/wp-json\/wp\/v2\/product"}],"about":[{"href":"https:\/\/xstyle.md\/ro\/wp-json\/wp\/v2\/types\/product"}],"replies":[{"embeddable":true,"href":"https:\/\/xstyle.md\/ro\/wp-json\/wp\/v2\/comments?post=105086"}],"wp:featuredmedia":[{"embeddable":true,"href":"https:\/\/xstyle.md\/ro\/wp-json\/wp\/v2\/media\/105295"}],"wp:attachment":[{"href":"https:\/\/xstyle.md\/ro\/wp-json\/wp\/v2\/media?parent=105086"}],"wp:term":[{"taxonomy":"product_brand","embeddable":true,"href":"https:\/\/xstyle.md\/ro\/wp-json\/wp\/v2\/product_brand?post=105086"},{"taxonomy":"product_cat","embeddable":true,"href":"https:\/\/xstyle.md\/ro\/wp-json\/wp\/v2\/product_cat?post=105086"},{"taxonomy":"product_tag","embeddable":true,"href":"https:\/\/xstyle.md\/ro\/wp-json\/wp\/v2\/product_tag?post=105086"}],"curies":[{"name":"wp","href":"https:\/\/api.w.org\/{rel}","templated":true}]}}