{"id":105072,"date":"2026-04-08T13:20:18","date_gmt":"2026-04-08T10:20:18","guid":{"rendered":"https:\/\/xstyle.md\/?post_type=product&#038;p=105072"},"modified":"2026-04-10T16:25:20","modified_gmt":"2026-04-10T13:25:20","slug":"nabor-kuhonnyh-nozhej-opinel-nomadic-kit-nr10-with-bottle-opener","status":"publish","type":"product","link":"https:\/\/xstyle.md\/ro\/produs\/nabor-kuhonnyh-nozhej-opinel-nomadic-kit-nr10-with-bottle-opener\/","title":{"rendered":"Set cu\u021bite de buc\u0103t\u0103rie Opinel Nomadic Kit Nr10 with bottle opener"},"content":{"rendered":"<\/p>\n<p><strong>Opinel Nomadic Kit Nr10 with bottle opener<\/strong> &#8212; este setul ideal de instrumente pentru prepararea m\u00e2nc\u0103rii \u00een aer liber. Fie c\u0103 este vorba despre camping, un picnic \u00een natur\u0103 sau o drume\u021bie montan\u0103, acest kit combin\u0103 calitatea legendar\u0103 a cu\u021bitelor franceze Opinel cu func\u021bionalitatea unei buc\u0103t\u0103rii de campanie. Setul se pliaz\u0103 compact \u00eentr-o lavet\u0103 special\u0103, care serve\u0219te at\u00e2t ca hus\u0103, c\u00e2t \u0219i ca prosop de buc\u0103t\u0103rie.<\/p>\n<h3>Particularit\u0103\u021bi<\/h3>\n<ul>\n<li>O\u021bel inoxidabil Sandvik 12C27M \u2014 cu\u021bitele sunt rezistente la coroziune \u0219i \u00ee\u0219i men\u021bin t\u0103i\u0219ul pentru o perioad\u0103 lung\u0103<\/li>\n<li>Sistem Virobloc\u00ae \u2014 toate cu\u021bitele sunt dotate cu inelul de siguran\u021b\u0103 specific, care blocheaz\u0103 lama at\u00e2t \u00een pozi\u021bie deschis\u0103, c\u00e2t \u0219i \u00eenchis\u0103<\/li>\n<li>M\u00e2nere din lemn de fag \u2014 material tradi\u021bional Opinel, robust \u0219i pl\u0103cut la atingere, tratat cu lac protector<\/li>\n<li>Compactitate \u2014 \u00een form\u0103 rulat\u0103, setul ocup\u0103 un spa\u021biu minim \u00een rucsac sau \u00een co\u0219ul de picnic<\/li>\n<\/ul>\n<h3>Componen\u021ba setului<\/h3>\n<ul>\n<li>Cu\u021bit Nr. 10 cu tirbu\u0219on \u2014 un cu\u021bit pliabil cu lama de 10 cm din o\u021bel inoxidabil, av\u00e2nd un tirbu\u0219on integrat \u00een m\u00e2ner. Ideal pentru t\u0103ierea alimentelor \u0219i desfacerea sticlelor de vin<\/li>\n<li>Cu\u021bit Nr. 12 cu lam\u0103 zim\u021bat\u0103 \u2014 cu\u021bit pliabil mare (lama de 12 cm) cu ascu\u021bire de tip serreat\u0103. Indispensabil pentru t\u0103ierea p\u00e2inii, a legumelor tari sau a alimentelor dense<\/li>\n<li>Peeler (cur\u0103\u021b\u0103tor) pliabil Nr. 06 \u2014 instrument compact pentru cur\u0103\u021barea eficient\u0103 a legumelor \u0219i fructelor \u00een condi\u021bii de teren<\/li>\n<li>Fund de t\u0103iat din lemn de fag \u2014 o plan\u0219et\u0103 compact\u0103 (20 x 12 cm) pentru t\u0103ierea igienic\u0103 a alimentelor<\/li>\n<li>Lavet\u0103-hus\u0103 (3-\u00een-1) \u2014 fabricat\u0103 din microfibr\u0103 de \u00eenalt\u0103 calitate. Serve\u0219te pentru depozitarea \u0219i transportul setului, dar poate fi utilizat\u0103 \u0219i ca prosop de buc\u0103t\u0103rie sau fa\u021b\u0103 de mas\u0103 mic\u0103<\/li>\n<\/ul>\n<p><\/p>\n<h3>Marca<\/h3>\n<p>Opinel este una dintre cele mai renumite companii produc\u0103toare de cu\u021bite, tac\u00e2muri \u0219i unelte de gr\u0103din\u0103rit. Istoria sa a \u00eenceput \u00een anul 1890, c\u00e2nd me\u0219te\u0219ugarul francez Joseph Opinel a creat primul s\u0103u cu\u021bit pliabil. Datorit\u0103 durabilit\u0103\u021bii \u0219i calit\u0103\u021bii materialelor, precum o\u021belul inoxidabil Sandvik 12C27 pentru lame \u0219i diverse tipuri de lemn pentru m\u00e2nere, cu\u021bitele Opinel au c\u00e2\u0219tigat aprecierea \u0219i recunoa\u0219terea universal\u0103. Tradi\u021bional, cu\u021bitele Opinel sunt produse \u00een unsprezece dimensiuni: de la modele miniaturale pentru lucr\u0103ri de fine\u021be, cu\u021bite pentru filetat \u0219i modele universale, p\u00e2n\u0103 la impresionantul cu\u021bit \u201eGigant\u201d cu num\u0103rul 13, precum \u0219i diverse accesorii pentru \u00eentre\u021binerea acestora.<\/p>","protected":false},"excerpt":{"rendered":"<p>\u0411\u0440\u0435\u043d\u0434 Opinel \u2013 \u043e\u0434\u043d\u0430 \u0438\u0437 \u0441\u0430\u043c\u044b\u0445 \u0438\u0437\u0432\u0435\u0441\u0442\u043d\u044b\u0445 \u0444\u0438\u0440\u043c-\u043f\u0440\u043e\u0438\u0437\u0432\u043e\u0434\u0438\u0442\u0435\u043b\u0435\u0439 \u043d\u043e\u0436\u0435\u0439, \u0441\u0442\u043e\u043b\u043e\u0432\u044b\u0445 \u043f\u0440\u0438\u0431\u043e\u0440\u043e\u0432 \u0438 \u0441\u0430\u0434\u043e\u0432\u044b\u0445 \u0438\u043d\u0441\u0442\u0440\u0443\u043c\u0435\u043d\u0442\u043e\u0432. \u0415\u0435 \u0438\u0441\u0442\u043e\u0440\u0438\u044f \u043d\u0430\u0447\u0430\u043b\u0430\u0441\u044c \u0432 1890 \u0433\u043e\u0434\u0443, \u043a\u043e\u0433\u0434\u0430 \u0444\u0440\u0430\u043d\u0446\u0443\u0437\u0441\u043a\u0438\u0439 \u0440\u0435\u043c\u0435\u0441\u043b\u0435\u043d\u043d\u0438\u043a \u0416\u043e\u0437\u0435\u0444 \u041e\u043f\u0438\u043d\u0435\u043b\u044c \u0441\u043e\u0437\u0434\u0430\u043b \u0441\u0432\u043e\u0439 \u043f\u0435\u0440\u0432\u044b\u0439 \u0441\u043a\u043b\u0430\u0434\u043d\u043e\u0439 \u043d\u043e\u0436. \u0411\u043b\u0430\u0433\u043e\u0434\u0430\u0440\u044f \u0434\u043e\u043b\u0433\u043e\u0432\u0435\u0447\u043d\u043e\u0441\u0442\u0438 \u0438 \u043a\u0430\u0447\u0435\u0441\u0442\u0432\u0443 \u043c\u0430\u0442\u0435\u0440\u0438\u0430\u043b\u043e\u0432, \u0442\u0430\u043a\u0438\u0445 \u043a\u0430\u043a \u043d\u0435\u0440\u0436\u0430\u0432\u0435\u044e\u0449\u0430\u044f \u0441\u0442\u0430\u043b\u044c Sandvik 12C27 \u0434\u043b\u044f \u043b\u0435\u0437\u0432\u0438\u0439 \u0438 \u0440\u0430\u0437\u043d\u043e\u043e\u0431\u0440\u0430\u0437\u043d\u044b\u0435 \u0432\u0438\u0434\u044b \u0434\u0435\u0440\u0435\u0432\u0430 \u0434\u043b\u044f \u0440\u0443\u043a\u043e\u044f\u0442\u043e\u043a, \u043d\u043e\u0436\u0438 Opinel \u0437\u0430\u0432\u043e\u0435\u0432\u0430\u043b\u0438 \u0432\u0441\u0435\u043e\u0431\u0449\u0443\u044e \u043b\u044e\u0431\u043e\u0432\u044c \u0438 [&hellip;]<\/p>\n","protected":false},"featured_media":105468,"comment_status":"open","ping_status":"closed","template":"","meta":{"_acf_changed":false,"inline_featured_image":false},"product_brand":[1268],"product_cat":[169],"product_tag":[],"class_list":{"0":"post-105072","1":"product","2":"type-product","3":"status-publish","4":"has-post-thumbnail","6":"product_brand-opinel","7":"product_cat-knives","9":"first","10":"instock","11":"shipping-taxable","12":"purchasable","13":"product-type-simple"},"acf":[],"yoast_head":"<!-- This site is optimized with the Yoast SEO plugin v27.2 - https:\/\/yoast.com\/product\/yoast-seo-wordpress\/ -->\n<title>\u041d\u0430\u0431\u043e\u0440 \u043a\u0443\u0445\u043e\u043d\u043d\u044b\u0445 \u043d\u043e\u0436\u0435\u0439 Opinel Nomadic Kit Nr10 with bottle opener - \u041c\u0430\u0433\u0430\u0437\u0438\u043d Xstyle<\/title>\n<meta name=\"robots\" content=\"index, follow, max-snippet:-1, max-image-preview:large, max-video-preview:-1\" \/>\n<link rel=\"canonical\" href=\"https:\/\/xstyle.md\/ro\/produs\/nabor-kuhonnyh-nozhej-opinel-nomadic-kit-nr10-with-bottle-opener\/\" \/>\n<meta property=\"og:locale\" content=\"ro_RO\" \/>\n<meta property=\"og:type\" content=\"article\" \/>\n<meta property=\"og:title\" content=\"\u041d\u0430\u0431\u043e\u0440 \u043a\u0443\u0445\u043e\u043d\u043d\u044b\u0445 \u043d\u043e\u0436\u0435\u0439 Opinel Nomadic Kit Nr10 with bottle opener - \u041c\u0430\u0433\u0430\u0437\u0438\u043d Xstyle\" \/>\n<meta property=\"og:description\" content=\"\u0411\u0440\u0435\u043d\u0434 Opinel \u2013 \u043e\u0434\u043d\u0430 \u0438\u0437 \u0441\u0430\u043c\u044b\u0445 \u0438\u0437\u0432\u0435\u0441\u0442\u043d\u044b\u0445 \u0444\u0438\u0440\u043c-\u043f\u0440\u043e\u0438\u0437\u0432\u043e\u0434\u0438\u0442\u0435\u043b\u0435\u0439 \u043d\u043e\u0436\u0435\u0439, \u0441\u0442\u043e\u043b\u043e\u0432\u044b\u0445 \u043f\u0440\u0438\u0431\u043e\u0440\u043e\u0432 \u0438 \u0441\u0430\u0434\u043e\u0432\u044b\u0445 \u0438\u043d\u0441\u0442\u0440\u0443\u043c\u0435\u043d\u0442\u043e\u0432. \u0415\u0435 \u0438\u0441\u0442\u043e\u0440\u0438\u044f \u043d\u0430\u0447\u0430\u043b\u0430\u0441\u044c \u0432 1890 \u0433\u043e\u0434\u0443, \u043a\u043e\u0433\u0434\u0430 \u0444\u0440\u0430\u043d\u0446\u0443\u0437\u0441\u043a\u0438\u0439 \u0440\u0435\u043c\u0435\u0441\u043b\u0435\u043d\u043d\u0438\u043a \u0416\u043e\u0437\u0435\u0444 \u041e\u043f\u0438\u043d\u0435\u043b\u044c \u0441\u043e\u0437\u0434\u0430\u043b \u0441\u0432\u043e\u0439 \u043f\u0435\u0440\u0432\u044b\u0439 \u0441\u043a\u043b\u0430\u0434\u043d\u043e\u0439 \u043d\u043e\u0436. \u0411\u043b\u0430\u0433\u043e\u0434\u0430\u0440\u044f \u0434\u043e\u043b\u0433\u043e\u0432\u0435\u0447\u043d\u043e\u0441\u0442\u0438 \u0438 \u043a\u0430\u0447\u0435\u0441\u0442\u0432\u0443 \u043c\u0430\u0442\u0435\u0440\u0438\u0430\u043b\u043e\u0432, \u0442\u0430\u043a\u0438\u0445 \u043a\u0430\u043a \u043d\u0435\u0440\u0436\u0430\u0432\u0435\u044e\u0449\u0430\u044f \u0441\u0442\u0430\u043b\u044c Sandvik 12C27 \u0434\u043b\u044f \u043b\u0435\u0437\u0432\u0438\u0439 \u0438 \u0440\u0430\u0437\u043d\u043e\u043e\u0431\u0440\u0430\u0437\u043d\u044b\u0435 \u0432\u0438\u0434\u044b \u0434\u0435\u0440\u0435\u0432\u0430 \u0434\u043b\u044f \u0440\u0443\u043a\u043e\u044f\u0442\u043e\u043a, \u043d\u043e\u0436\u0438 Opinel \u0437\u0430\u0432\u043e\u0435\u0432\u0430\u043b\u0438 \u0432\u0441\u0435\u043e\u0431\u0449\u0443\u044e \u043b\u044e\u0431\u043e\u0432\u044c \u0438 [&hellip;]\" \/>\n<meta property=\"og:url\" content=\"https:\/\/xstyle.md\/ro\/produs\/nabor-kuhonnyh-nozhej-opinel-nomadic-kit-nr10-with-bottle-opener\/\" \/>\n<meta property=\"og:site_name\" content=\"\u041c\u0430\u0433\u0430\u0437\u0438\u043d Xstyle\" \/>\n<meta property=\"article:publisher\" content=\"https:\/\/www.facebook.com\/xstylemd\" \/>\n<meta property=\"article:modified_time\" content=\"2026-04-10T13:25:20+00:00\" \/>\n<meta property=\"og:image\" content=\"https:\/\/xstyle.md\/wp-content\/uploads\/2026\/04\/opinel-nomadic-kit-nr10-with-bottle-opener-3.webp\" \/>\n\t<meta property=\"og:image:width\" content=\"1200\" \/>\n\t<meta property=\"og:image:height\" content=\"1200\" \/>\n\t<meta property=\"og:image:type\" content=\"image\/webp\" \/>\n<meta name=\"twitter:card\" content=\"summary_large_image\" \/>\n<meta name=\"twitter:label1\" content=\"Pre\u021b\" \/>\n\t<meta name=\"twitter:data1\" content=\"1.490&nbsp;MDL\" \/>\n\t<meta name=\"twitter:label2\" content=\"Disponibilitate\" \/>\n\t<meta name=\"twitter:data2\" content=\"\u00cen stoc\" \/>\n<script type=\"application\/ld+json\" class=\"yoast-schema-graph\">{\"@context\":\"https:\/\/schema.org\",\"@graph\":[{\"@type\":\"WebPage\",\"@id\":\"https:\/\/xstyle.md\/product\/nabor-kuhonnyh-nozhej-opinel-nomadic-kit-nr10-with-bottle-opener\/\",\"url\":\"https:\/\/xstyle.md\/product\/nabor-kuhonnyh-nozhej-opinel-nomadic-kit-nr10-with-bottle-opener\/\",\"name\":\"\u041d\u0430\u0431\u043e\u0440 \u043a\u0443\u0445\u043e\u043d\u043d\u044b\u0445 \u043d\u043e\u0436\u0435\u0439 Opinel Nomadic Kit Nr10 with bottle opener - \u041c\u0430\u0433\u0430\u0437\u0438\u043d Xstyle\",\"isPartOf\":{\"@id\":\"https:\/\/xstyle.md\/#website\"},\"primaryImageOfPage\":{\"@id\":\"https:\/\/xstyle.md\/product\/nabor-kuhonnyh-nozhej-opinel-nomadic-kit-nr10-with-bottle-opener\/#primaryimage\"},\"image\":{\"@id\":\"https:\/\/xstyle.md\/product\/nabor-kuhonnyh-nozhej-opinel-nomadic-kit-nr10-with-bottle-opener\/#primaryimage\"},\"thumbnailUrl\":\"https:\/\/xstyle.md\/wp-content\/uploads\/2026\/04\/opinel-nomadic-kit-nr10-with-bottle-opener-3.webp\",\"datePublished\":\"2026-04-08T10:20:18+00:00\",\"dateModified\":\"2026-04-10T13:25:20+00:00\",\"breadcrumb\":{\"@id\":\"https:\/\/xstyle.md\/product\/nabor-kuhonnyh-nozhej-opinel-nomadic-kit-nr10-with-bottle-opener\/#breadcrumb\"},\"inLanguage\":\"ro-RO\",\"potentialAction\":[{\"@type\":\"ReadAction\",\"target\":[\"https:\/\/xstyle.md\/product\/nabor-kuhonnyh-nozhej-opinel-nomadic-kit-nr10-with-bottle-opener\/\"]}]},{\"@type\":\"ImageObject\",\"inLanguage\":\"ro-RO\",\"@id\":\"https:\/\/xstyle.md\/product\/nabor-kuhonnyh-nozhej-opinel-nomadic-kit-nr10-with-bottle-opener\/#primaryimage\",\"url\":\"https:\/\/xstyle.md\/wp-content\/uploads\/2026\/04\/opinel-nomadic-kit-nr10-with-bottle-opener-3.webp\",\"contentUrl\":\"https:\/\/xstyle.md\/wp-content\/uploads\/2026\/04\/opinel-nomadic-kit-nr10-with-bottle-opener-3.webp\",\"width\":1200,\"height\":1200},{\"@type\":\"BreadcrumbList\",\"@id\":\"https:\/\/xstyle.md\/product\/nabor-kuhonnyh-nozhej-opinel-nomadic-kit-nr10-with-bottle-opener\/#breadcrumb\",\"itemListElement\":[{\"@type\":\"ListItem\",\"position\":1,\"name\":\"\u0413\u043b\u0430\u0432\u043d\u0430\u044f \u0441\u0442\u0440\u0430\u043d\u0438\u0446\u0430\",\"item\":\"https:\/\/xstyle.md\/\"},{\"@type\":\"ListItem\",\"position\":2,\"name\":\"\u041c\u0430\u0433\u0430\u0437\u0438\u043d\",\"item\":\"https:\/\/xstyle.md\/shop\/\"},{\"@type\":\"ListItem\",\"position\":3,\"name\":\"\u041d\u0430\u0431\u043e\u0440 \u043a\u0443\u0445\u043e\u043d\u043d\u044b\u0445 \u043d\u043e\u0436\u0435\u0439 Opinel Nomadic Kit Nr10 with bottle opener\"}]},{\"@type\":\"WebSite\",\"@id\":\"https:\/\/xstyle.md\/#website\",\"url\":\"https:\/\/xstyle.md\/\",\"name\":\"\u041c\u0430\u0433\u0430\u0437\u0438\u043d Xstyle\",\"description\":\"C\u043d\u0430\u0440\u044f\u0436\u0435\u043d\u0438\u0435 \u0434\u043b\u044f \u0442\u0443\u0440\u0438\u0437\u043c\u0430 \u0438 \u044d\u043a\u0441\u0442\u0440\u0435\u043c\u0430\u043b\u044c\u043d\u044b\u0445 \u0432\u0438\u0434\u043e\u0432 \u0441\u043f\u043e\u0440\u0442\u0430 \u0432 \u041c\u043e\u043b\u0434\u043e\u0432\u0435.. \u0426\u0435\u043d\u044b, \u0444\u043e\u0442\u043e, \u0445\u0430\u0440\u0430\u043a\u0442\u0435\u0440\u0438\u0441\u0442\u0438\u043a\u0438 \u0432 \u041c\u043e\u043b\u0434\u043e\u0432\u0435.\",\"publisher\":{\"@id\":\"https:\/\/xstyle.md\/#organization\"},\"alternateName\":\"X-Style\",\"potentialAction\":[{\"@type\":\"SearchAction\",\"target\":{\"@type\":\"EntryPoint\",\"urlTemplate\":\"https:\/\/xstyle.md\/?s={search_term_string}\"},\"query-input\":{\"@type\":\"PropertyValueSpecification\",\"valueRequired\":true,\"valueName\":\"search_term_string\"}}],\"inLanguage\":\"ro-RO\"},{\"@type\":\"Organization\",\"@id\":\"https:\/\/xstyle.md\/#organization\",\"name\":\"\u041c\u0430\u0433\u0430\u0437\u0438\u043d Xstyle\",\"alternateName\":\"x-style\",\"url\":\"https:\/\/xstyle.md\/\",\"logo\":{\"@type\":\"ImageObject\",\"inLanguage\":\"ro-RO\",\"@id\":\"https:\/\/xstyle.md\/#\/schema\/logo\/image\/\",\"url\":\"https:\/\/xstyle.md\/wp-content\/uploads\/2020\/06\/logoicon.svg\",\"contentUrl\":\"https:\/\/xstyle.md\/wp-content\/uploads\/2020\/06\/logoicon.svg\",\"caption\":\"\u041c\u0430\u0433\u0430\u0437\u0438\u043d Xstyle\"},\"image\":{\"@id\":\"https:\/\/xstyle.md\/#\/schema\/logo\/image\/\"},\"sameAs\":[\"https:\/\/www.facebook.com\/xstylemd\",\"https:\/\/www.instagram.com\/xstyle_md\/\",\"https:\/\/t.me\/xstyle_outdoor\"],\"hasMerchantReturnPolicy\":{\"@type\":\"MerchantReturnPolicy\",\"merchantReturnLink\":\"https:\/\/xstyle.md\/ro\/conditions\/\"}}]}<\/script>\n<meta property=\"product:price:amount\" content=\"1490.00\" \/>\n<meta property=\"product:price:currency\" content=\"MDL\" \/>\n<meta property=\"og:availability\" content=\"instock\" \/>\n<meta property=\"product:availability\" content=\"instock\" \/>\n<meta property=\"product:retailer_item_id\" content=\"3123840026140\" \/>\n<meta property=\"product:condition\" content=\"new\" \/>\n<!-- \/ Yoast SEO plugin. -->","yoast_head_json":{"title":"\u041d\u0430\u0431\u043e\u0440 \u043a\u0443\u0445\u043e\u043d\u043d\u044b\u0445 \u043d\u043e\u0436\u0435\u0439 Opinel Nomadic Kit Nr10 with bottle opener - \u041c\u0430\u0433\u0430\u0437\u0438\u043d Xstyle","robots":{"index":"index","follow":"follow","max-snippet":"max-snippet:-1","max-image-preview":"max-image-preview:large","max-video-preview":"max-video-preview:-1"},"canonical":"https:\/\/xstyle.md\/ro\/produs\/nabor-kuhonnyh-nozhej-opinel-nomadic-kit-nr10-with-bottle-opener\/","og_locale":"ro_RO","og_type":"article","og_title":"\u041d\u0430\u0431\u043e\u0440 \u043a\u0443\u0445\u043e\u043d\u043d\u044b\u0445 \u043d\u043e\u0436\u0435\u0439 Opinel Nomadic Kit Nr10 with bottle opener - \u041c\u0430\u0433\u0430\u0437\u0438\u043d Xstyle","og_description":"\u0411\u0440\u0435\u043d\u0434 Opinel \u2013 \u043e\u0434\u043d\u0430 \u0438\u0437 \u0441\u0430\u043c\u044b\u0445 \u0438\u0437\u0432\u0435\u0441\u0442\u043d\u044b\u0445 \u0444\u0438\u0440\u043c-\u043f\u0440\u043e\u0438\u0437\u0432\u043e\u0434\u0438\u0442\u0435\u043b\u0435\u0439 \u043d\u043e\u0436\u0435\u0439, \u0441\u0442\u043e\u043b\u043e\u0432\u044b\u0445 \u043f\u0440\u0438\u0431\u043e\u0440\u043e\u0432 \u0438 \u0441\u0430\u0434\u043e\u0432\u044b\u0445 \u0438\u043d\u0441\u0442\u0440\u0443\u043c\u0435\u043d\u0442\u043e\u0432. \u0415\u0435 \u0438\u0441\u0442\u043e\u0440\u0438\u044f \u043d\u0430\u0447\u0430\u043b\u0430\u0441\u044c \u0432 1890 \u0433\u043e\u0434\u0443, \u043a\u043e\u0433\u0434\u0430 \u0444\u0440\u0430\u043d\u0446\u0443\u0437\u0441\u043a\u0438\u0439 \u0440\u0435\u043c\u0435\u0441\u043b\u0435\u043d\u043d\u0438\u043a \u0416\u043e\u0437\u0435\u0444 \u041e\u043f\u0438\u043d\u0435\u043b\u044c \u0441\u043e\u0437\u0434\u0430\u043b \u0441\u0432\u043e\u0439 \u043f\u0435\u0440\u0432\u044b\u0439 \u0441\u043a\u043b\u0430\u0434\u043d\u043e\u0439 \u043d\u043e\u0436. \u0411\u043b\u0430\u0433\u043e\u0434\u0430\u0440\u044f \u0434\u043e\u043b\u0433\u043e\u0432\u0435\u0447\u043d\u043e\u0441\u0442\u0438 \u0438 \u043a\u0430\u0447\u0435\u0441\u0442\u0432\u0443 \u043c\u0430\u0442\u0435\u0440\u0438\u0430\u043b\u043e\u0432, \u0442\u0430\u043a\u0438\u0445 \u043a\u0430\u043a \u043d\u0435\u0440\u0436\u0430\u0432\u0435\u044e\u0449\u0430\u044f \u0441\u0442\u0430\u043b\u044c Sandvik 12C27 \u0434\u043b\u044f \u043b\u0435\u0437\u0432\u0438\u0439 \u0438 \u0440\u0430\u0437\u043d\u043e\u043e\u0431\u0440\u0430\u0437\u043d\u044b\u0435 \u0432\u0438\u0434\u044b \u0434\u0435\u0440\u0435\u0432\u0430 \u0434\u043b\u044f \u0440\u0443\u043a\u043e\u044f\u0442\u043e\u043a, \u043d\u043e\u0436\u0438 Opinel \u0437\u0430\u0432\u043e\u0435\u0432\u0430\u043b\u0438 \u0432\u0441\u0435\u043e\u0431\u0449\u0443\u044e \u043b\u044e\u0431\u043e\u0432\u044c \u0438 [&hellip;]","og_url":"https:\/\/xstyle.md\/ro\/produs\/nabor-kuhonnyh-nozhej-opinel-nomadic-kit-nr10-with-bottle-opener\/","og_site_name":"\u041c\u0430\u0433\u0430\u0437\u0438\u043d Xstyle","article_publisher":"https:\/\/www.facebook.com\/xstylemd","article_modified_time":"2026-04-10T13:25:20+00:00","og_image":[{"width":1200,"height":1200,"url":"https:\/\/xstyle.md\/wp-content\/uploads\/2026\/04\/opinel-nomadic-kit-nr10-with-bottle-opener-3.webp","type":"image\/webp"}],"twitter_card":"summary_large_image","twitter_misc":{"Pre\u021b":"1.490&nbsp;MDL","Disponibilitate":"\u00cen stoc"},"schema":{"@context":"https:\/\/schema.org","@graph":[{"@type":"WebPage","@id":"https:\/\/xstyle.md\/product\/nabor-kuhonnyh-nozhej-opinel-nomadic-kit-nr10-with-bottle-opener\/","url":"https:\/\/xstyle.md\/product\/nabor-kuhonnyh-nozhej-opinel-nomadic-kit-nr10-with-bottle-opener\/","name":"\u041d\u0430\u0431\u043e\u0440 \u043a\u0443\u0445\u043e\u043d\u043d\u044b\u0445 \u043d\u043e\u0436\u0435\u0439 Opinel Nomadic Kit Nr10 with bottle opener - \u041c\u0430\u0433\u0430\u0437\u0438\u043d Xstyle","isPartOf":{"@id":"https:\/\/xstyle.md\/#website"},"primaryImageOfPage":{"@id":"https:\/\/xstyle.md\/product\/nabor-kuhonnyh-nozhej-opinel-nomadic-kit-nr10-with-bottle-opener\/#primaryimage"},"image":{"@id":"https:\/\/xstyle.md\/product\/nabor-kuhonnyh-nozhej-opinel-nomadic-kit-nr10-with-bottle-opener\/#primaryimage"},"thumbnailUrl":"https:\/\/xstyle.md\/wp-content\/uploads\/2026\/04\/opinel-nomadic-kit-nr10-with-bottle-opener-3.webp","datePublished":"2026-04-08T10:20:18+00:00","dateModified":"2026-04-10T13:25:20+00:00","breadcrumb":{"@id":"https:\/\/xstyle.md\/product\/nabor-kuhonnyh-nozhej-opinel-nomadic-kit-nr10-with-bottle-opener\/#breadcrumb"},"inLanguage":"ro-RO","potentialAction":[{"@type":"ReadAction","target":["https:\/\/xstyle.md\/product\/nabor-kuhonnyh-nozhej-opinel-nomadic-kit-nr10-with-bottle-opener\/"]}]},{"@type":"ImageObject","inLanguage":"ro-RO","@id":"https:\/\/xstyle.md\/product\/nabor-kuhonnyh-nozhej-opinel-nomadic-kit-nr10-with-bottle-opener\/#primaryimage","url":"https:\/\/xstyle.md\/wp-content\/uploads\/2026\/04\/opinel-nomadic-kit-nr10-with-bottle-opener-3.webp","contentUrl":"https:\/\/xstyle.md\/wp-content\/uploads\/2026\/04\/opinel-nomadic-kit-nr10-with-bottle-opener-3.webp","width":1200,"height":1200},{"@type":"BreadcrumbList","@id":"https:\/\/xstyle.md\/product\/nabor-kuhonnyh-nozhej-opinel-nomadic-kit-nr10-with-bottle-opener\/#breadcrumb","itemListElement":[{"@type":"ListItem","position":1,"name":"\u0413\u043b\u0430\u0432\u043d\u0430\u044f \u0441\u0442\u0440\u0430\u043d\u0438\u0446\u0430","item":"https:\/\/xstyle.md\/"},{"@type":"ListItem","position":2,"name":"\u041c\u0430\u0433\u0430\u0437\u0438\u043d","item":"https:\/\/xstyle.md\/shop\/"},{"@type":"ListItem","position":3,"name":"\u041d\u0430\u0431\u043e\u0440 \u043a\u0443\u0445\u043e\u043d\u043d\u044b\u0445 \u043d\u043e\u0436\u0435\u0439 Opinel Nomadic Kit Nr10 with bottle opener"}]},{"@type":"WebSite","@id":"https:\/\/xstyle.md\/#website","url":"https:\/\/xstyle.md\/","name":"Magazinul X-Style","description":"Echipamente pentru turism \u0219i sporturi extreme \u00een Moldova. Pre\u021buri, fotografii, caracteristici \u00een Moldova.","publisher":{"@id":"https:\/\/xstyle.md\/#organization"},"alternateName":"X-Style","potentialAction":[{"@type":"SearchAction","target":{"@type":"EntryPoint","urlTemplate":"https:\/\/xstyle.md\/?s={search_term_string}"},"query-input":{"@type":"PropertyValueSpecification","valueRequired":true,"valueName":"search_term_string"}}],"inLanguage":"ro-RO"},{"@type":"Organization","@id":"https:\/\/xstyle.md\/#organization","name":"Magazinul X-Style","alternateName":"x-style","url":"https:\/\/xstyle.md\/","logo":{"@type":"ImageObject","inLanguage":"ro-RO","@id":"https:\/\/xstyle.md\/#\/schema\/logo\/image\/","url":"https:\/\/xstyle.md\/wp-content\/uploads\/2020\/06\/logoicon.svg","contentUrl":"https:\/\/xstyle.md\/wp-content\/uploads\/2020\/06\/logoicon.svg","caption":"\u041c\u0430\u0433\u0430\u0437\u0438\u043d Xstyle"},"image":{"@id":"https:\/\/xstyle.md\/#\/schema\/logo\/image\/"},"sameAs":["https:\/\/www.facebook.com\/xstylemd","https:\/\/www.instagram.com\/xstyle_md\/","https:\/\/t.me\/xstyle_outdoor"],"hasMerchantReturnPolicy":{"@type":"MerchantReturnPolicy","merchantReturnLink":"https:\/\/xstyle.md\/ro\/conditions\/"}}]},"product_price_amount":"1490.00","product_price_currency":"MDL","og_availability":"instock","product_availability":"instock","product_retailer_item_id":"3123840026140","product_condition":"new"},"post_mailing_queue_ids":[],"_links":{"self":[{"href":"https:\/\/xstyle.md\/ro\/wp-json\/wp\/v2\/product\/105072","targetHints":{"allow":["GET"]}}],"collection":[{"href":"https:\/\/xstyle.md\/ro\/wp-json\/wp\/v2\/product"}],"about":[{"href":"https:\/\/xstyle.md\/ro\/wp-json\/wp\/v2\/types\/product"}],"replies":[{"embeddable":true,"href":"https:\/\/xstyle.md\/ro\/wp-json\/wp\/v2\/comments?post=105072"}],"wp:featuredmedia":[{"embeddable":true,"href":"https:\/\/xstyle.md\/ro\/wp-json\/wp\/v2\/media\/105468"}],"wp:attachment":[{"href":"https:\/\/xstyle.md\/ro\/wp-json\/wp\/v2\/media?parent=105072"}],"wp:term":[{"taxonomy":"product_brand","embeddable":true,"href":"https:\/\/xstyle.md\/ro\/wp-json\/wp\/v2\/product_brand?post=105072"},{"taxonomy":"product_cat","embeddable":true,"href":"https:\/\/xstyle.md\/ro\/wp-json\/wp\/v2\/product_cat?post=105072"},{"taxonomy":"product_tag","embeddable":true,"href":"https:\/\/xstyle.md\/ro\/wp-json\/wp\/v2\/product_tag?post=105072"}],"curies":[{"name":"wp","href":"https:\/\/api.w.org\/{rel}","templated":true}]}}