{"id":105058,"date":"2026-04-08T13:20:17","date_gmt":"2026-04-08T10:20:17","guid":{"rendered":"https:\/\/xstyle.md\/?post_type=product&#038;p=105058"},"modified":"2026-04-08T15:59:02","modified_gmt":"2026-04-08T12:59:02","slug":"nozh-mora-amberg-deep-forests","status":"publish","type":"product","link":"https:\/\/xstyle.md\/ro\/produs\/nozh-mora-amberg-deep-forests\/","title":{"rendered":"Cu\u021bit Mora Amberg deep forests"},"content":{"rendered":"<\/p>\n<p><strong>Mora Amberg deep forests<\/strong> &#8212; este un cu\u021bit de exterior versatil \u0219i elegant, creat pentru cei care doresc s\u0103 \u00ee\u0219i duc\u0103 experien\u021bele \u00een natur\u0103 la urm\u0103torul nivel. Combin\u00e2nd durabilitatea, echilibrul perfect \u0219i un design ergonomic modern, acest cu\u021bit este conceput s\u0103 fie un partener de \u00eencredere at\u00e2t \u00een aventurile de zi cu zi, c\u00e2t \u0219i \u00een expedi\u021biile lungi prin p\u0103duri sau mun\u021bi.<\/p>\n<h3>Particularit\u0103\u021bi<\/h3>\n<ul>\n<li>Lam\u0103 versatil\u0103 \u2014 destul de robust\u0103 pentru sarcini dificile, dar \u0219i agil\u0103 pentru lucr\u0103ri de precizie sau preg\u0103tirea alimentelor<\/li>\n<li>Compatibilitate cu amnarul \u2014 spinarea lamei este \u0219lefuit\u0103 la un unghi de 90\u00b0, fiind optimizat\u0103 pentru a aprinde focul rapid prin generarea de sc\u00e2ntei<\/li>\n<li>Ergonomie \u00eembun\u0103t\u0103\u021bit\u0103 a m\u00e2nerului \u2014 noua form\u0103 mai plat\u0103 se adapteaz\u0103 diverselor tipuri de prindere, iar modelul texturat asigur\u0103 control maxim chiar \u0219i \u00een condi\u021bii de umiditate sau frig<\/li>\n<li>Teac\u0103 simetric\u0103 \u2014 teaca din polimer este potrivit\u0103 at\u00e2t pentru dreptaci, c\u00e2t \u0219i pentru st\u00e2ngaci, fiind dotat\u0103 cu sistemul de montare Click-On<\/li>\n<li>Construc\u021bie optimizat\u0103 \u2014 m\u00e2nerul din trei componente \u00eembin\u0103 un miez rigid din polipropilen\u0103 cu un strat exterior din cauciuc TPE pentru un echilibru ideal \u00eentre rezisten\u021b\u0103 \u0219i confort<\/li>\n<\/ul>\n<h3>Caracteristici<\/h3>\n<ul>\n<li>Material lam\u0103 \u2014 o\u021bel inoxidabil suedez 12C27<\/li>\n<li>Duritate \u2014 58 HRC<\/li>\n<li>Lungime lam\u0103 \u2014 109 mm<\/li>\n<li>Grosime lam\u0103 \u2014 3.2 mm<\/li>\n<li>Lungime total\u0103 \u2014 231 mm<\/li>\n<li>Greutate \u2014 168 g<\/li>\n<li>Tip ascu\u021bire \u2014 Scandi grind<\/li>\n<\/ul>\n<h3>Tehnologii<\/h3>\n<ul>\n<li>Cryogenic Treatment \u2014 tratamentul criogenic al o\u021belului cre\u0219te rezisten\u021ba t\u0103i\u0219ului la uzur\u0103 \u0219i durabilitatea general\u0103 a sculei.<\/li>\n<li>Scandi Grind \u2014 ascu\u021birea clasic\u0103 scandinav\u0103 care ofer\u0103 o capacitate excelent\u0103 de t\u0103iere a lemnului \u0219i u\u0219urin\u021b\u0103 \u00een ascu\u021bire pe teren.<\/li>\n<\/ul>\n<p><\/p>\n<h3>Marca<\/h3>\n<p>Cu\u021bitele Mora - sunt produse \u00een \u00d6stnor de mai bine de o sut\u0103 de ani. \u00cen trecut, acestea erau fabricate manual de c\u0103tre me\u0219te\u0219ugarii locali \u00een fiecare gospod\u0103rie, transmi\u021b\u00e2ndu-\u0219i abilit\u0103\u021bile din genera\u021bie \u00een genera\u021bie. Ast\u0103zi, aceste tradi\u021bii sunt reunite sub acela\u0219i acoperi\u0219 al fabricii, iar practic fiecare angajat poate \u00eemp\u0103rt\u0103\u0219i o poveste de familie \u00een care fabricarea cu\u021bitelor ocup\u0103 un loc central. La fel ca \u00een vremurile de demult, abordarea procesului de produc\u021bie r\u0103m\u00e2ne aceea\u0219i \u2013 se acord\u0103 aten\u021bie fiec\u0103rui detaliu, ca \u0219i cum cu\u021bitul ar fi fost creat manual de c\u0103tre un me\u0219ter. Singura schimbare este implementarea tehnologiilor moderne, care permit cre\u0219terea eficien\u021bei produc\u021biei \u0219i a calit\u0103\u021bii produselor, p\u0103str\u00e2nd \u00een acela\u0219i timp tradi\u021biile me\u0219te\u0219ug\u0103re\u0219ti \u0219i m\u0103iestria de odinioar\u0103.<\/p>","protected":false},"excerpt":{"rendered":"<p>\u0411\u0440\u0435\u043d\u0434 \u041d\u043e\u0436\u0438 Mora \u043f\u0440\u043e\u0438\u0437\u0432\u043e\u0434\u044f\u0442\u0441\u044f \u0432 \u041e\u0441\u0442\u043d\u043e\u0440\u0435 \u0443\u0436\u0435 \u0431\u043e\u043b\u0435\u0435 \u0441\u0442\u0430 \u043b\u0435\u0442. \u0420\u0430\u043d\u044c\u0448\u0435 \u0438\u0445 \u0438\u0437\u0433\u043e\u0442\u0430\u0432\u043b\u0438\u0432\u0430\u043b\u0438 \u0432\u0440\u0443\u0447\u043d\u0443\u044e \u043c\u0435\u0441\u0442\u043d\u044b\u0435 \u043c\u0430\u0441\u0442\u0435\u0440\u0430 \u0432 \u043a\u0430\u0436\u0434\u043e\u043c \u0434\u043e\u043c\u0435, \u043f\u0435\u0440\u0435\u0434\u0430\u0432\u0430\u044f \u0441\u0432\u043e\u0438 \u0443\u043c\u0435\u043d\u0438\u044f \u0438\u0437 \u043f\u043e\u043a\u043e\u043b\u0435\u043d\u0438\u044f \u0432 \u043f\u043e\u043a\u043e\u043b\u0435\u043d\u0438\u0435. \u0421\u0435\u0433\u043e\u0434\u043d\u044f \u044d\u0442\u0438 \u0442\u0440\u0430\u0434\u0438\u0446\u0438\u0438 \u0441\u043e\u0431\u0440\u0430\u043d\u044b \u043f\u043e\u0434 \u043e\u0434\u043d\u043e\u0439 \u043a\u0440\u044b\u0448\u0435\u0439 \u0444\u0430\u0431\u0440\u0438\u043a\u0438, \u0438 \u043f\u0440\u0430\u043a\u0442\u0438\u0447\u0435\u0441\u043a\u0438 \u043a\u0430\u0436\u0434\u044b\u0439 \u0441\u043e\u0442\u0440\u0443\u0434\u043d\u0438\u043a \u043c\u043e\u0436\u0435\u0442 \u043f\u043e\u0434\u0435\u043b\u0438\u0442\u044c\u0441\u044f \u0441\u0435\u043c\u0435\u0439\u043d\u043e\u0439 \u0438\u0441\u0442\u043e\u0440\u0438\u0435\u0439, \u0432 \u043a\u043e\u0442\u043e\u0440\u043e\u0439 \u0438\u0437\u0433\u043e\u0442\u043e\u0432\u043b\u0435\u043d\u0438\u0435 \u043d\u043e\u0436\u0435\u0439 \u0437\u0430\u043d\u0438\u043c\u0430\u0435\u0442 \u0432\u0430\u0436\u043d\u043e\u0435 \u043c\u0435\u0441\u0442\u043e. \u041a\u0430\u043a \u0438 \u0432 \u043f\u0440\u0435\u0436\u043d\u0438\u0435 \u0432\u0440\u0435\u043c\u0435\u043d\u0430, \u043f\u043e\u0434\u0445\u043e\u0434 [&hellip;]<\/p>\n","protected":false},"featured_media":105263,"comment_status":"open","ping_status":"closed","template":"","meta":{"_acf_changed":false,"inline_featured_image":false},"product_brand":[1368],"product_cat":[169],"product_tag":[],"class_list":{"0":"post-105058","1":"product","2":"type-product","3":"status-publish","4":"has-post-thumbnail","6":"product_brand-mora","7":"product_cat-knives","9":"first","10":"instock","11":"shipping-taxable","12":"purchasable","13":"product-type-simple"},"acf":[],"yoast_head":"<!-- This site is optimized with the Yoast SEO plugin v27.2 - https:\/\/yoast.com\/product\/yoast-seo-wordpress\/ -->\n<title>\u041d\u043e\u0436 Mora Amberg deep forests - \u041c\u0430\u0433\u0430\u0437\u0438\u043d Xstyle<\/title>\n<meta name=\"robots\" content=\"index, follow, max-snippet:-1, max-image-preview:large, max-video-preview:-1\" \/>\n<link rel=\"canonical\" href=\"https:\/\/xstyle.md\/ro\/produs\/nozh-mora-amberg-deep-forests\/\" \/>\n<meta property=\"og:locale\" content=\"ro_RO\" \/>\n<meta property=\"og:type\" content=\"article\" \/>\n<meta property=\"og:title\" content=\"\u041d\u043e\u0436 Mora Amberg deep forests - \u041c\u0430\u0433\u0430\u0437\u0438\u043d Xstyle\" \/>\n<meta property=\"og:description\" content=\"\u0411\u0440\u0435\u043d\u0434 \u041d\u043e\u0436\u0438 Mora \u043f\u0440\u043e\u0438\u0437\u0432\u043e\u0434\u044f\u0442\u0441\u044f \u0432 \u041e\u0441\u0442\u043d\u043e\u0440\u0435 \u0443\u0436\u0435 \u0431\u043e\u043b\u0435\u0435 \u0441\u0442\u0430 \u043b\u0435\u0442. \u0420\u0430\u043d\u044c\u0448\u0435 \u0438\u0445 \u0438\u0437\u0433\u043e\u0442\u0430\u0432\u043b\u0438\u0432\u0430\u043b\u0438 \u0432\u0440\u0443\u0447\u043d\u0443\u044e \u043c\u0435\u0441\u0442\u043d\u044b\u0435 \u043c\u0430\u0441\u0442\u0435\u0440\u0430 \u0432 \u043a\u0430\u0436\u0434\u043e\u043c \u0434\u043e\u043c\u0435, \u043f\u0435\u0440\u0435\u0434\u0430\u0432\u0430\u044f \u0441\u0432\u043e\u0438 \u0443\u043c\u0435\u043d\u0438\u044f \u0438\u0437 \u043f\u043e\u043a\u043e\u043b\u0435\u043d\u0438\u044f \u0432 \u043f\u043e\u043a\u043e\u043b\u0435\u043d\u0438\u0435. \u0421\u0435\u0433\u043e\u0434\u043d\u044f \u044d\u0442\u0438 \u0442\u0440\u0430\u0434\u0438\u0446\u0438\u0438 \u0441\u043e\u0431\u0440\u0430\u043d\u044b \u043f\u043e\u0434 \u043e\u0434\u043d\u043e\u0439 \u043a\u0440\u044b\u0448\u0435\u0439 \u0444\u0430\u0431\u0440\u0438\u043a\u0438, \u0438 \u043f\u0440\u0430\u043a\u0442\u0438\u0447\u0435\u0441\u043a\u0438 \u043a\u0430\u0436\u0434\u044b\u0439 \u0441\u043e\u0442\u0440\u0443\u0434\u043d\u0438\u043a \u043c\u043e\u0436\u0435\u0442 \u043f\u043e\u0434\u0435\u043b\u0438\u0442\u044c\u0441\u044f \u0441\u0435\u043c\u0435\u0439\u043d\u043e\u0439 \u0438\u0441\u0442\u043e\u0440\u0438\u0435\u0439, \u0432 \u043a\u043e\u0442\u043e\u0440\u043e\u0439 \u0438\u0437\u0433\u043e\u0442\u043e\u0432\u043b\u0435\u043d\u0438\u0435 \u043d\u043e\u0436\u0435\u0439 \u0437\u0430\u043d\u0438\u043c\u0430\u0435\u0442 \u0432\u0430\u0436\u043d\u043e\u0435 \u043c\u0435\u0441\u0442\u043e. \u041a\u0430\u043a \u0438 \u0432 \u043f\u0440\u0435\u0436\u043d\u0438\u0435 \u0432\u0440\u0435\u043c\u0435\u043d\u0430, \u043f\u043e\u0434\u0445\u043e\u0434 [&hellip;]\" \/>\n<meta property=\"og:url\" content=\"https:\/\/xstyle.md\/ro\/produs\/nozh-mora-amberg-deep-forests\/\" \/>\n<meta property=\"og:site_name\" content=\"\u041c\u0430\u0433\u0430\u0437\u0438\u043d Xstyle\" \/>\n<meta property=\"article:publisher\" content=\"https:\/\/www.facebook.com\/xstylemd\" \/>\n<meta property=\"article:modified_time\" content=\"2026-04-08T12:59:02+00:00\" \/>\n<meta property=\"og:image\" content=\"https:\/\/xstyle.md\/wp-content\/uploads\/2026\/04\/mora-amberg-deep-forests-1.webp\" \/>\n\t<meta property=\"og:image:width\" content=\"1200\" \/>\n\t<meta property=\"og:image:height\" content=\"1200\" \/>\n\t<meta property=\"og:image:type\" content=\"image\/webp\" \/>\n<meta name=\"twitter:card\" content=\"summary_large_image\" \/>\n<meta name=\"twitter:label1\" content=\"Pre\u021b\" \/>\n\t<meta name=\"twitter:data1\" content=\"1.200&nbsp;MDL\" \/>\n\t<meta name=\"twitter:label2\" content=\"Disponibilitate\" \/>\n\t<meta name=\"twitter:data2\" content=\"\u00cen stoc\" \/>\n<script type=\"application\/ld+json\" class=\"yoast-schema-graph\">{\"@context\":\"https:\/\/schema.org\",\"@graph\":[{\"@type\":\"WebPage\",\"@id\":\"https:\/\/xstyle.md\/product\/nozh-mora-amberg-deep-forests\/\",\"url\":\"https:\/\/xstyle.md\/product\/nozh-mora-amberg-deep-forests\/\",\"name\":\"\u041d\u043e\u0436 Mora Amberg deep forests - \u041c\u0430\u0433\u0430\u0437\u0438\u043d Xstyle\",\"isPartOf\":{\"@id\":\"https:\/\/xstyle.md\/#website\"},\"primaryImageOfPage\":{\"@id\":\"https:\/\/xstyle.md\/product\/nozh-mora-amberg-deep-forests\/#primaryimage\"},\"image\":{\"@id\":\"https:\/\/xstyle.md\/product\/nozh-mora-amberg-deep-forests\/#primaryimage\"},\"thumbnailUrl\":\"https:\/\/xstyle.md\/wp-content\/uploads\/2026\/04\/mora-amberg-deep-forests-1.webp\",\"datePublished\":\"2026-04-08T10:20:17+00:00\",\"dateModified\":\"2026-04-08T12:59:02+00:00\",\"breadcrumb\":{\"@id\":\"https:\/\/xstyle.md\/product\/nozh-mora-amberg-deep-forests\/#breadcrumb\"},\"inLanguage\":\"ro-RO\",\"potentialAction\":[{\"@type\":\"ReadAction\",\"target\":[\"https:\/\/xstyle.md\/product\/nozh-mora-amberg-deep-forests\/\"]}]},{\"@type\":\"ImageObject\",\"inLanguage\":\"ro-RO\",\"@id\":\"https:\/\/xstyle.md\/product\/nozh-mora-amberg-deep-forests\/#primaryimage\",\"url\":\"https:\/\/xstyle.md\/wp-content\/uploads\/2026\/04\/mora-amberg-deep-forests-1.webp\",\"contentUrl\":\"https:\/\/xstyle.md\/wp-content\/uploads\/2026\/04\/mora-amberg-deep-forests-1.webp\",\"width\":1200,\"height\":1200},{\"@type\":\"BreadcrumbList\",\"@id\":\"https:\/\/xstyle.md\/product\/nozh-mora-amberg-deep-forests\/#breadcrumb\",\"itemListElement\":[{\"@type\":\"ListItem\",\"position\":1,\"name\":\"\u0413\u043b\u0430\u0432\u043d\u0430\u044f \u0441\u0442\u0440\u0430\u043d\u0438\u0446\u0430\",\"item\":\"https:\/\/xstyle.md\/\"},{\"@type\":\"ListItem\",\"position\":2,\"name\":\"\u041c\u0430\u0433\u0430\u0437\u0438\u043d\",\"item\":\"https:\/\/xstyle.md\/shop\/\"},{\"@type\":\"ListItem\",\"position\":3,\"name\":\"\u041d\u043e\u0436 Mora Amberg deep forests\"}]},{\"@type\":\"WebSite\",\"@id\":\"https:\/\/xstyle.md\/#website\",\"url\":\"https:\/\/xstyle.md\/\",\"name\":\"\u041c\u0430\u0433\u0430\u0437\u0438\u043d Xstyle\",\"description\":\"C\u043d\u0430\u0440\u044f\u0436\u0435\u043d\u0438\u0435 \u0434\u043b\u044f \u0442\u0443\u0440\u0438\u0437\u043c\u0430 \u0438 \u044d\u043a\u0441\u0442\u0440\u0435\u043c\u0430\u043b\u044c\u043d\u044b\u0445 \u0432\u0438\u0434\u043e\u0432 \u0441\u043f\u043e\u0440\u0442\u0430 \u0432 \u041c\u043e\u043b\u0434\u043e\u0432\u0435.. \u0426\u0435\u043d\u044b, \u0444\u043e\u0442\u043e, \u0445\u0430\u0440\u0430\u043a\u0442\u0435\u0440\u0438\u0441\u0442\u0438\u043a\u0438 \u0432 \u041c\u043e\u043b\u0434\u043e\u0432\u0435.\",\"publisher\":{\"@id\":\"https:\/\/xstyle.md\/#organization\"},\"alternateName\":\"X-Style\",\"potentialAction\":[{\"@type\":\"SearchAction\",\"target\":{\"@type\":\"EntryPoint\",\"urlTemplate\":\"https:\/\/xstyle.md\/?s={search_term_string}\"},\"query-input\":{\"@type\":\"PropertyValueSpecification\",\"valueRequired\":true,\"valueName\":\"search_term_string\"}}],\"inLanguage\":\"ro-RO\"},{\"@type\":\"Organization\",\"@id\":\"https:\/\/xstyle.md\/#organization\",\"name\":\"\u041c\u0430\u0433\u0430\u0437\u0438\u043d Xstyle\",\"alternateName\":\"x-style\",\"url\":\"https:\/\/xstyle.md\/\",\"logo\":{\"@type\":\"ImageObject\",\"inLanguage\":\"ro-RO\",\"@id\":\"https:\/\/xstyle.md\/#\/schema\/logo\/image\/\",\"url\":\"https:\/\/xstyle.md\/wp-content\/uploads\/2020\/06\/logoicon.svg\",\"contentUrl\":\"https:\/\/xstyle.md\/wp-content\/uploads\/2020\/06\/logoicon.svg\",\"caption\":\"\u041c\u0430\u0433\u0430\u0437\u0438\u043d Xstyle\"},\"image\":{\"@id\":\"https:\/\/xstyle.md\/#\/schema\/logo\/image\/\"},\"sameAs\":[\"https:\/\/www.facebook.com\/xstylemd\",\"https:\/\/www.instagram.com\/xstyle_md\/\",\"https:\/\/t.me\/xstyle_outdoor\"],\"hasMerchantReturnPolicy\":{\"@type\":\"MerchantReturnPolicy\",\"merchantReturnLink\":\"https:\/\/xstyle.md\/ro\/conditions\/\"}}]}<\/script>\n<meta property=\"product:price:amount\" content=\"1200.00\" \/>\n<meta property=\"product:price:currency\" content=\"MDL\" \/>\n<meta property=\"og:availability\" content=\"instock\" \/>\n<meta property=\"product:availability\" content=\"instock\" \/>\n<meta property=\"product:retailer_item_id\" content=\"7391846031505\" \/>\n<meta property=\"product:condition\" content=\"new\" \/>\n<!-- \/ Yoast SEO plugin. -->","yoast_head_json":{"title":"\u041d\u043e\u0436 Mora Amberg deep forests - \u041c\u0430\u0433\u0430\u0437\u0438\u043d Xstyle","robots":{"index":"index","follow":"follow","max-snippet":"max-snippet:-1","max-image-preview":"max-image-preview:large","max-video-preview":"max-video-preview:-1"},"canonical":"https:\/\/xstyle.md\/ro\/produs\/nozh-mora-amberg-deep-forests\/","og_locale":"ro_RO","og_type":"article","og_title":"\u041d\u043e\u0436 Mora Amberg deep forests - \u041c\u0430\u0433\u0430\u0437\u0438\u043d Xstyle","og_description":"\u0411\u0440\u0435\u043d\u0434 \u041d\u043e\u0436\u0438 Mora \u043f\u0440\u043e\u0438\u0437\u0432\u043e\u0434\u044f\u0442\u0441\u044f \u0432 \u041e\u0441\u0442\u043d\u043e\u0440\u0435 \u0443\u0436\u0435 \u0431\u043e\u043b\u0435\u0435 \u0441\u0442\u0430 \u043b\u0435\u0442. \u0420\u0430\u043d\u044c\u0448\u0435 \u0438\u0445 \u0438\u0437\u0433\u043e\u0442\u0430\u0432\u043b\u0438\u0432\u0430\u043b\u0438 \u0432\u0440\u0443\u0447\u043d\u0443\u044e \u043c\u0435\u0441\u0442\u043d\u044b\u0435 \u043c\u0430\u0441\u0442\u0435\u0440\u0430 \u0432 \u043a\u0430\u0436\u0434\u043e\u043c \u0434\u043e\u043c\u0435, \u043f\u0435\u0440\u0435\u0434\u0430\u0432\u0430\u044f \u0441\u0432\u043e\u0438 \u0443\u043c\u0435\u043d\u0438\u044f \u0438\u0437 \u043f\u043e\u043a\u043e\u043b\u0435\u043d\u0438\u044f \u0432 \u043f\u043e\u043a\u043e\u043b\u0435\u043d\u0438\u0435. \u0421\u0435\u0433\u043e\u0434\u043d\u044f \u044d\u0442\u0438 \u0442\u0440\u0430\u0434\u0438\u0446\u0438\u0438 \u0441\u043e\u0431\u0440\u0430\u043d\u044b \u043f\u043e\u0434 \u043e\u0434\u043d\u043e\u0439 \u043a\u0440\u044b\u0448\u0435\u0439 \u0444\u0430\u0431\u0440\u0438\u043a\u0438, \u0438 \u043f\u0440\u0430\u043a\u0442\u0438\u0447\u0435\u0441\u043a\u0438 \u043a\u0430\u0436\u0434\u044b\u0439 \u0441\u043e\u0442\u0440\u0443\u0434\u043d\u0438\u043a \u043c\u043e\u0436\u0435\u0442 \u043f\u043e\u0434\u0435\u043b\u0438\u0442\u044c\u0441\u044f \u0441\u0435\u043c\u0435\u0439\u043d\u043e\u0439 \u0438\u0441\u0442\u043e\u0440\u0438\u0435\u0439, \u0432 \u043a\u043e\u0442\u043e\u0440\u043e\u0439 \u0438\u0437\u0433\u043e\u0442\u043e\u0432\u043b\u0435\u043d\u0438\u0435 \u043d\u043e\u0436\u0435\u0439 \u0437\u0430\u043d\u0438\u043c\u0430\u0435\u0442 \u0432\u0430\u0436\u043d\u043e\u0435 \u043c\u0435\u0441\u0442\u043e. \u041a\u0430\u043a \u0438 \u0432 \u043f\u0440\u0435\u0436\u043d\u0438\u0435 \u0432\u0440\u0435\u043c\u0435\u043d\u0430, \u043f\u043e\u0434\u0445\u043e\u0434 [&hellip;]","og_url":"https:\/\/xstyle.md\/ro\/produs\/nozh-mora-amberg-deep-forests\/","og_site_name":"\u041c\u0430\u0433\u0430\u0437\u0438\u043d Xstyle","article_publisher":"https:\/\/www.facebook.com\/xstylemd","article_modified_time":"2026-04-08T12:59:02+00:00","og_image":[{"width":1200,"height":1200,"url":"https:\/\/xstyle.md\/wp-content\/uploads\/2026\/04\/mora-amberg-deep-forests-1.webp","type":"image\/webp"}],"twitter_card":"summary_large_image","twitter_misc":{"Pre\u021b":"1.200&nbsp;MDL","Disponibilitate":"\u00cen stoc"},"schema":{"@context":"https:\/\/schema.org","@graph":[{"@type":"WebPage","@id":"https:\/\/xstyle.md\/product\/nozh-mora-amberg-deep-forests\/","url":"https:\/\/xstyle.md\/product\/nozh-mora-amberg-deep-forests\/","name":"\u041d\u043e\u0436 Mora Amberg deep forests - \u041c\u0430\u0433\u0430\u0437\u0438\u043d Xstyle","isPartOf":{"@id":"https:\/\/xstyle.md\/#website"},"primaryImageOfPage":{"@id":"https:\/\/xstyle.md\/product\/nozh-mora-amberg-deep-forests\/#primaryimage"},"image":{"@id":"https:\/\/xstyle.md\/product\/nozh-mora-amberg-deep-forests\/#primaryimage"},"thumbnailUrl":"https:\/\/xstyle.md\/wp-content\/uploads\/2026\/04\/mora-amberg-deep-forests-1.webp","datePublished":"2026-04-08T10:20:17+00:00","dateModified":"2026-04-08T12:59:02+00:00","breadcrumb":{"@id":"https:\/\/xstyle.md\/product\/nozh-mora-amberg-deep-forests\/#breadcrumb"},"inLanguage":"ro-RO","potentialAction":[{"@type":"ReadAction","target":["https:\/\/xstyle.md\/product\/nozh-mora-amberg-deep-forests\/"]}]},{"@type":"ImageObject","inLanguage":"ro-RO","@id":"https:\/\/xstyle.md\/product\/nozh-mora-amberg-deep-forests\/#primaryimage","url":"https:\/\/xstyle.md\/wp-content\/uploads\/2026\/04\/mora-amberg-deep-forests-1.webp","contentUrl":"https:\/\/xstyle.md\/wp-content\/uploads\/2026\/04\/mora-amberg-deep-forests-1.webp","width":1200,"height":1200},{"@type":"BreadcrumbList","@id":"https:\/\/xstyle.md\/product\/nozh-mora-amberg-deep-forests\/#breadcrumb","itemListElement":[{"@type":"ListItem","position":1,"name":"\u0413\u043b\u0430\u0432\u043d\u0430\u044f \u0441\u0442\u0440\u0430\u043d\u0438\u0446\u0430","item":"https:\/\/xstyle.md\/"},{"@type":"ListItem","position":2,"name":"\u041c\u0430\u0433\u0430\u0437\u0438\u043d","item":"https:\/\/xstyle.md\/shop\/"},{"@type":"ListItem","position":3,"name":"\u041d\u043e\u0436 Mora Amberg deep forests"}]},{"@type":"WebSite","@id":"https:\/\/xstyle.md\/#website","url":"https:\/\/xstyle.md\/","name":"Magazinul X-Style","description":"Echipamente pentru turism \u0219i sporturi extreme \u00een Moldova. Pre\u021buri, fotografii, caracteristici \u00een Moldova.","publisher":{"@id":"https:\/\/xstyle.md\/#organization"},"alternateName":"X-Style","potentialAction":[{"@type":"SearchAction","target":{"@type":"EntryPoint","urlTemplate":"https:\/\/xstyle.md\/?s={search_term_string}"},"query-input":{"@type":"PropertyValueSpecification","valueRequired":true,"valueName":"search_term_string"}}],"inLanguage":"ro-RO"},{"@type":"Organization","@id":"https:\/\/xstyle.md\/#organization","name":"Magazinul X-Style","alternateName":"x-style","url":"https:\/\/xstyle.md\/","logo":{"@type":"ImageObject","inLanguage":"ro-RO","@id":"https:\/\/xstyle.md\/#\/schema\/logo\/image\/","url":"https:\/\/xstyle.md\/wp-content\/uploads\/2020\/06\/logoicon.svg","contentUrl":"https:\/\/xstyle.md\/wp-content\/uploads\/2020\/06\/logoicon.svg","caption":"\u041c\u0430\u0433\u0430\u0437\u0438\u043d Xstyle"},"image":{"@id":"https:\/\/xstyle.md\/#\/schema\/logo\/image\/"},"sameAs":["https:\/\/www.facebook.com\/xstylemd","https:\/\/www.instagram.com\/xstyle_md\/","https:\/\/t.me\/xstyle_outdoor"],"hasMerchantReturnPolicy":{"@type":"MerchantReturnPolicy","merchantReturnLink":"https:\/\/xstyle.md\/ro\/conditions\/"}}]},"product_price_amount":"1200.00","product_price_currency":"MDL","og_availability":"instock","product_availability":"instock","product_retailer_item_id":"7391846031505","product_condition":"new"},"post_mailing_queue_ids":[],"_links":{"self":[{"href":"https:\/\/xstyle.md\/ro\/wp-json\/wp\/v2\/product\/105058","targetHints":{"allow":["GET"]}}],"collection":[{"href":"https:\/\/xstyle.md\/ro\/wp-json\/wp\/v2\/product"}],"about":[{"href":"https:\/\/xstyle.md\/ro\/wp-json\/wp\/v2\/types\/product"}],"replies":[{"embeddable":true,"href":"https:\/\/xstyle.md\/ro\/wp-json\/wp\/v2\/comments?post=105058"}],"wp:featuredmedia":[{"embeddable":true,"href":"https:\/\/xstyle.md\/ro\/wp-json\/wp\/v2\/media\/105263"}],"wp:attachment":[{"href":"https:\/\/xstyle.md\/ro\/wp-json\/wp\/v2\/media?parent=105058"}],"wp:term":[{"taxonomy":"product_brand","embeddable":true,"href":"https:\/\/xstyle.md\/ro\/wp-json\/wp\/v2\/product_brand?post=105058"},{"taxonomy":"product_cat","embeddable":true,"href":"https:\/\/xstyle.md\/ro\/wp-json\/wp\/v2\/product_cat?post=105058"},{"taxonomy":"product_tag","embeddable":true,"href":"https:\/\/xstyle.md\/ro\/wp-json\/wp\/v2\/product_tag?post=105058"}],"curies":[{"name":"wp","href":"https:\/\/api.w.org\/{rel}","templated":true}]}}