{"id":105057,"date":"2026-04-08T13:20:17","date_gmt":"2026-04-08T10:20:17","guid":{"rendered":"https:\/\/xstyle.md\/?post_type=product&#038;p=105057"},"modified":"2026-04-08T15:24:53","modified_gmt":"2026-04-08T12:24:53","slug":"nozh-mora-2000-green-black-edition","status":"publish","type":"product","link":"https:\/\/xstyle.md\/ro\/produs\/nozh-mora-2000-green-black-edition\/","title":{"rendered":"Cu\u021bit Mora 2000 green Black Edition"},"content":{"rendered":"<\/p>\n<p><strong>Mora 2000 green Black Edition<\/strong> &#8212; este o versiune actualizat\u0103 a cu\u021bitului clasic pentru exterior, av\u00e2nd o lam\u0103 din o\u021bel inoxidabil suedez 14C28N, un strat de protec\u021bie DLC negru \u0219i o muchie (spinare) la 90\u00b0 compatibil\u0103 cu amnarul. Este un cu\u021bit durabil \u0219i versatil, ideal pentru bushcraft, camping, v\u00e2n\u0103toare, preg\u0103tirea m\u00e2nc\u0103rii \u0219i sculptur\u0103 u\u0219oar\u0103.<\/p>\n<h3>Particularit\u0103\u021bi<\/h3>\n<ul>\n<li>O\u021bel 14C28N cu strat DLC &#8212; lama din o\u021bel inoxidabil suedez ofer\u0103 o ascu\u021bime de lung\u0103 durat\u0103. \u00cenveli\u0219ul mat DLC (Diamond-Like Carbon) ofer\u0103 protec\u021bie suplimentar\u0103 \u00eempotriva coroziunii \u0219i elimin\u0103 reflexiile<\/li>\n<li>Compatibil cu amnarul &#8212; muchia lamei este \u0219lefuit\u0103 la un unghi ascu\u021bit de 90\u00b0, fiind optim\u0103 pentru aprinderea focului cu ajutorul unui amnar<\/li>\n<li>M\u00e2ner ergonomic &#8212; fabricat din polimer TPE, acesta ofer\u0103 o priz\u0103 sigur\u0103 \u0219i aderent\u0103 chiar \u0219i \u00een condi\u021bii de umiditate<\/li>\n<li>Teac\u0103 versatil\u0103 &#8212; teaca simetric\u0103 din polimer negru este u\u0219or de purtat la curea \u0219i este potrivit\u0103 at\u00e2t pentru utilizatorii dreptaci, c\u00e2t \u0219i pentru st\u00e2ngaci<\/li>\n<\/ul>\n<h3>Caracteristici<\/h3>\n<ul>\n<li>Material lam\u0103 &#8212; o\u021bel inoxidabil Sandvik 14C28N<\/li>\n<li>Duritate o\u021bel &#8212; 58 HRC<\/li>\n<li>Lungime total\u0103 &#8212; 223 mm<\/li>\n<li>Lungime lam\u0103 &#8212; 108 mm<\/li>\n<li>Grosime lam\u0103 &#8212; 2.5 mm<\/li>\n<li>Greutate &#8212; 140 g<\/li>\n<li>Tip ascu\u021bire &#8212; scandi grind<\/li>\n<\/ul>\n<p><\/p>\n<h3>Marca<\/h3>\n<p>Cu\u021bitele Mora - sunt produse \u00een \u00d6stnor de mai bine de o sut\u0103 de ani. \u00cen trecut, acestea erau fabricate manual de c\u0103tre me\u0219te\u0219ugarii locali \u00een fiecare gospod\u0103rie, transmi\u021b\u00e2ndu-\u0219i abilit\u0103\u021bile din genera\u021bie \u00een genera\u021bie. Ast\u0103zi, aceste tradi\u021bii sunt reunite sub acela\u0219i acoperi\u0219 al fabricii, iar practic fiecare angajat poate \u00eemp\u0103rt\u0103\u0219i o poveste de familie \u00een care fabricarea cu\u021bitelor ocup\u0103 un loc central. La fel ca \u00een vremurile de demult, abordarea procesului de produc\u021bie r\u0103m\u00e2ne aceea\u0219i \u2013 se acord\u0103 aten\u021bie fiec\u0103rui detaliu, ca \u0219i cum cu\u021bitul ar fi fost creat manual de c\u0103tre un me\u0219ter. Singura schimbare este implementarea tehnologiilor moderne, care permit cre\u0219terea eficien\u021bei produc\u021biei \u0219i a calit\u0103\u021bii produselor, p\u0103str\u00e2nd \u00een acela\u0219i timp tradi\u021biile me\u0219te\u0219ug\u0103re\u0219ti \u0219i m\u0103iestria de odinioar\u0103.<\/p>","protected":false},"excerpt":{"rendered":"<p>\u0411\u0440\u0435\u043d\u0434 \u041d\u043e\u0436\u0438 Mora \u043f\u0440\u043e\u0438\u0437\u0432\u043e\u0434\u044f\u0442\u0441\u044f \u0432 \u041e\u0441\u0442\u043d\u043e\u0440\u0435 \u0443\u0436\u0435 \u0431\u043e\u043b\u0435\u0435 \u0441\u0442\u0430 \u043b\u0435\u0442. \u0420\u0430\u043d\u044c\u0448\u0435 \u0438\u0445 \u0438\u0437\u0433\u043e\u0442\u0430\u0432\u043b\u0438\u0432\u0430\u043b\u0438 \u0432\u0440\u0443\u0447\u043d\u0443\u044e \u043c\u0435\u0441\u0442\u043d\u044b\u0435 \u043c\u0430\u0441\u0442\u0435\u0440\u0430 \u0432 \u043a\u0430\u0436\u0434\u043e\u043c \u0434\u043e\u043c\u0435, \u043f\u0435\u0440\u0435\u0434\u0430\u0432\u0430\u044f \u0441\u0432\u043e\u0438 \u0443\u043c\u0435\u043d\u0438\u044f \u0438\u0437 \u043f\u043e\u043a\u043e\u043b\u0435\u043d\u0438\u044f \u0432 \u043f\u043e\u043a\u043e\u043b\u0435\u043d\u0438\u0435. \u0421\u0435\u0433\u043e\u0434\u043d\u044f \u044d\u0442\u0438 \u0442\u0440\u0430\u0434\u0438\u0446\u0438\u0438 \u0441\u043e\u0431\u0440\u0430\u043d\u044b \u043f\u043e\u0434 \u043e\u0434\u043d\u043e\u0439 \u043a\u0440\u044b\u0448\u0435\u0439 \u0444\u0430\u0431\u0440\u0438\u043a\u0438, \u0438 \u043f\u0440\u0430\u043a\u0442\u0438\u0447\u0435\u0441\u043a\u0438 \u043a\u0430\u0436\u0434\u044b\u0439 \u0441\u043e\u0442\u0440\u0443\u0434\u043d\u0438\u043a \u043c\u043e\u0436\u0435\u0442 \u043f\u043e\u0434\u0435\u043b\u0438\u0442\u044c\u0441\u044f \u0441\u0435\u043c\u0435\u0439\u043d\u043e\u0439 \u0438\u0441\u0442\u043e\u0440\u0438\u0435\u0439, \u0432 \u043a\u043e\u0442\u043e\u0440\u043e\u0439 \u0438\u0437\u0433\u043e\u0442\u043e\u0432\u043b\u0435\u043d\u0438\u0435 \u043d\u043e\u0436\u0435\u0439 \u0437\u0430\u043d\u0438\u043c\u0430\u0435\u0442 \u0432\u0430\u0436\u043d\u043e\u0435 \u043c\u0435\u0441\u0442\u043e. \u041a\u0430\u043a \u0438 \u0432 \u043f\u0440\u0435\u0436\u043d\u0438\u0435 \u0432\u0440\u0435\u043c\u0435\u043d\u0430, \u043f\u043e\u0434\u0445\u043e\u0434 [&hellip;]<\/p>\n","protected":false},"featured_media":105260,"comment_status":"open","ping_status":"closed","template":"","meta":{"_acf_changed":false,"inline_featured_image":false},"product_brand":[1368],"product_cat":[169],"product_tag":[],"class_list":{"0":"post-105057","1":"product","2":"type-product","3":"status-publish","4":"has-post-thumbnail","6":"product_brand-mora","7":"product_cat-knives","9":"first","10":"instock","11":"shipping-taxable","12":"purchasable","13":"product-type-simple"},"acf":[],"yoast_head":"<!-- This site is optimized with the Yoast SEO plugin v27.2 - https:\/\/yoast.com\/product\/yoast-seo-wordpress\/ -->\n<title>\u041d\u043e\u0436 Mora 2000 green Black Edition - \u041c\u0430\u0433\u0430\u0437\u0438\u043d Xstyle<\/title>\n<meta name=\"robots\" content=\"index, follow, max-snippet:-1, max-image-preview:large, max-video-preview:-1\" \/>\n<link rel=\"canonical\" href=\"https:\/\/xstyle.md\/ro\/produs\/nozh-mora-2000-green-black-edition\/\" \/>\n<meta property=\"og:locale\" content=\"ro_RO\" \/>\n<meta property=\"og:type\" content=\"article\" \/>\n<meta property=\"og:title\" content=\"\u041d\u043e\u0436 Mora 2000 green Black Edition - \u041c\u0430\u0433\u0430\u0437\u0438\u043d Xstyle\" \/>\n<meta property=\"og:description\" content=\"\u0411\u0440\u0435\u043d\u0434 \u041d\u043e\u0436\u0438 Mora \u043f\u0440\u043e\u0438\u0437\u0432\u043e\u0434\u044f\u0442\u0441\u044f \u0432 \u041e\u0441\u0442\u043d\u043e\u0440\u0435 \u0443\u0436\u0435 \u0431\u043e\u043b\u0435\u0435 \u0441\u0442\u0430 \u043b\u0435\u0442. \u0420\u0430\u043d\u044c\u0448\u0435 \u0438\u0445 \u0438\u0437\u0433\u043e\u0442\u0430\u0432\u043b\u0438\u0432\u0430\u043b\u0438 \u0432\u0440\u0443\u0447\u043d\u0443\u044e \u043c\u0435\u0441\u0442\u043d\u044b\u0435 \u043c\u0430\u0441\u0442\u0435\u0440\u0430 \u0432 \u043a\u0430\u0436\u0434\u043e\u043c \u0434\u043e\u043c\u0435, \u043f\u0435\u0440\u0435\u0434\u0430\u0432\u0430\u044f \u0441\u0432\u043e\u0438 \u0443\u043c\u0435\u043d\u0438\u044f \u0438\u0437 \u043f\u043e\u043a\u043e\u043b\u0435\u043d\u0438\u044f \u0432 \u043f\u043e\u043a\u043e\u043b\u0435\u043d\u0438\u0435. \u0421\u0435\u0433\u043e\u0434\u043d\u044f \u044d\u0442\u0438 \u0442\u0440\u0430\u0434\u0438\u0446\u0438\u0438 \u0441\u043e\u0431\u0440\u0430\u043d\u044b \u043f\u043e\u0434 \u043e\u0434\u043d\u043e\u0439 \u043a\u0440\u044b\u0448\u0435\u0439 \u0444\u0430\u0431\u0440\u0438\u043a\u0438, \u0438 \u043f\u0440\u0430\u043a\u0442\u0438\u0447\u0435\u0441\u043a\u0438 \u043a\u0430\u0436\u0434\u044b\u0439 \u0441\u043e\u0442\u0440\u0443\u0434\u043d\u0438\u043a \u043c\u043e\u0436\u0435\u0442 \u043f\u043e\u0434\u0435\u043b\u0438\u0442\u044c\u0441\u044f \u0441\u0435\u043c\u0435\u0439\u043d\u043e\u0439 \u0438\u0441\u0442\u043e\u0440\u0438\u0435\u0439, \u0432 \u043a\u043e\u0442\u043e\u0440\u043e\u0439 \u0438\u0437\u0433\u043e\u0442\u043e\u0432\u043b\u0435\u043d\u0438\u0435 \u043d\u043e\u0436\u0435\u0439 \u0437\u0430\u043d\u0438\u043c\u0430\u0435\u0442 \u0432\u0430\u0436\u043d\u043e\u0435 \u043c\u0435\u0441\u0442\u043e. \u041a\u0430\u043a \u0438 \u0432 \u043f\u0440\u0435\u0436\u043d\u0438\u0435 \u0432\u0440\u0435\u043c\u0435\u043d\u0430, \u043f\u043e\u0434\u0445\u043e\u0434 [&hellip;]\" \/>\n<meta property=\"og:url\" content=\"https:\/\/xstyle.md\/ro\/produs\/nozh-mora-2000-green-black-edition\/\" \/>\n<meta property=\"og:site_name\" content=\"\u041c\u0430\u0433\u0430\u0437\u0438\u043d Xstyle\" \/>\n<meta property=\"article:publisher\" content=\"https:\/\/www.facebook.com\/xstylemd\" \/>\n<meta property=\"article:modified_time\" content=\"2026-04-08T12:24:53+00:00\" \/>\n<meta property=\"og:image\" content=\"https:\/\/xstyle.md\/wp-content\/uploads\/2026\/04\/mora-2000-green-black-edition1-1.webp\" \/>\n\t<meta property=\"og:image:width\" content=\"1200\" \/>\n\t<meta property=\"og:image:height\" content=\"1200\" \/>\n\t<meta property=\"og:image:type\" content=\"image\/webp\" \/>\n<meta name=\"twitter:card\" content=\"summary_large_image\" \/>\n<meta name=\"twitter:label1\" content=\"Pre\u021b\" \/>\n\t<meta name=\"twitter:data1\" content=\"870&nbsp;MDL\" \/>\n\t<meta name=\"twitter:label2\" content=\"Disponibilitate\" \/>\n\t<meta name=\"twitter:data2\" content=\"\u00cen stoc\" \/>\n<script type=\"application\/ld+json\" class=\"yoast-schema-graph\">{\"@context\":\"https:\/\/schema.org\",\"@graph\":[{\"@type\":\"WebPage\",\"@id\":\"https:\/\/xstyle.md\/product\/nozh-mora-2000-green-black-edition\/\",\"url\":\"https:\/\/xstyle.md\/product\/nozh-mora-2000-green-black-edition\/\",\"name\":\"\u041d\u043e\u0436 Mora 2000 green Black Edition - \u041c\u0430\u0433\u0430\u0437\u0438\u043d Xstyle\",\"isPartOf\":{\"@id\":\"https:\/\/xstyle.md\/#website\"},\"primaryImageOfPage\":{\"@id\":\"https:\/\/xstyle.md\/product\/nozh-mora-2000-green-black-edition\/#primaryimage\"},\"image\":{\"@id\":\"https:\/\/xstyle.md\/product\/nozh-mora-2000-green-black-edition\/#primaryimage\"},\"thumbnailUrl\":\"https:\/\/xstyle.md\/wp-content\/uploads\/2026\/04\/mora-2000-green-black-edition1-1.webp\",\"datePublished\":\"2026-04-08T10:20:17+00:00\",\"dateModified\":\"2026-04-08T12:24:53+00:00\",\"breadcrumb\":{\"@id\":\"https:\/\/xstyle.md\/product\/nozh-mora-2000-green-black-edition\/#breadcrumb\"},\"inLanguage\":\"ro-RO\",\"potentialAction\":[{\"@type\":\"ReadAction\",\"target\":[\"https:\/\/xstyle.md\/product\/nozh-mora-2000-green-black-edition\/\"]}]},{\"@type\":\"ImageObject\",\"inLanguage\":\"ro-RO\",\"@id\":\"https:\/\/xstyle.md\/product\/nozh-mora-2000-green-black-edition\/#primaryimage\",\"url\":\"https:\/\/xstyle.md\/wp-content\/uploads\/2026\/04\/mora-2000-green-black-edition1-1.webp\",\"contentUrl\":\"https:\/\/xstyle.md\/wp-content\/uploads\/2026\/04\/mora-2000-green-black-edition1-1.webp\",\"width\":1200,\"height\":1200},{\"@type\":\"BreadcrumbList\",\"@id\":\"https:\/\/xstyle.md\/product\/nozh-mora-2000-green-black-edition\/#breadcrumb\",\"itemListElement\":[{\"@type\":\"ListItem\",\"position\":1,\"name\":\"\u0413\u043b\u0430\u0432\u043d\u0430\u044f \u0441\u0442\u0440\u0430\u043d\u0438\u0446\u0430\",\"item\":\"https:\/\/xstyle.md\/\"},{\"@type\":\"ListItem\",\"position\":2,\"name\":\"\u041c\u0430\u0433\u0430\u0437\u0438\u043d\",\"item\":\"https:\/\/xstyle.md\/shop\/\"},{\"@type\":\"ListItem\",\"position\":3,\"name\":\"\u041d\u043e\u0436 Mora 2000 green Black Edition\"}]},{\"@type\":\"WebSite\",\"@id\":\"https:\/\/xstyle.md\/#website\",\"url\":\"https:\/\/xstyle.md\/\",\"name\":\"\u041c\u0430\u0433\u0430\u0437\u0438\u043d Xstyle\",\"description\":\"C\u043d\u0430\u0440\u044f\u0436\u0435\u043d\u0438\u0435 \u0434\u043b\u044f \u0442\u0443\u0440\u0438\u0437\u043c\u0430 \u0438 \u044d\u043a\u0441\u0442\u0440\u0435\u043c\u0430\u043b\u044c\u043d\u044b\u0445 \u0432\u0438\u0434\u043e\u0432 \u0441\u043f\u043e\u0440\u0442\u0430 \u0432 \u041c\u043e\u043b\u0434\u043e\u0432\u0435.. \u0426\u0435\u043d\u044b, \u0444\u043e\u0442\u043e, \u0445\u0430\u0440\u0430\u043a\u0442\u0435\u0440\u0438\u0441\u0442\u0438\u043a\u0438 \u0432 \u041c\u043e\u043b\u0434\u043e\u0432\u0435.\",\"publisher\":{\"@id\":\"https:\/\/xstyle.md\/#organization\"},\"alternateName\":\"X-Style\",\"potentialAction\":[{\"@type\":\"SearchAction\",\"target\":{\"@type\":\"EntryPoint\",\"urlTemplate\":\"https:\/\/xstyle.md\/?s={search_term_string}\"},\"query-input\":{\"@type\":\"PropertyValueSpecification\",\"valueRequired\":true,\"valueName\":\"search_term_string\"}}],\"inLanguage\":\"ro-RO\"},{\"@type\":\"Organization\",\"@id\":\"https:\/\/xstyle.md\/#organization\",\"name\":\"\u041c\u0430\u0433\u0430\u0437\u0438\u043d Xstyle\",\"alternateName\":\"x-style\",\"url\":\"https:\/\/xstyle.md\/\",\"logo\":{\"@type\":\"ImageObject\",\"inLanguage\":\"ro-RO\",\"@id\":\"https:\/\/xstyle.md\/#\/schema\/logo\/image\/\",\"url\":\"https:\/\/xstyle.md\/wp-content\/uploads\/2020\/06\/logoicon.svg\",\"contentUrl\":\"https:\/\/xstyle.md\/wp-content\/uploads\/2020\/06\/logoicon.svg\",\"caption\":\"\u041c\u0430\u0433\u0430\u0437\u0438\u043d Xstyle\"},\"image\":{\"@id\":\"https:\/\/xstyle.md\/#\/schema\/logo\/image\/\"},\"sameAs\":[\"https:\/\/www.facebook.com\/xstylemd\",\"https:\/\/www.instagram.com\/xstyle_md\/\",\"https:\/\/t.me\/xstyle_outdoor\"],\"hasMerchantReturnPolicy\":{\"@type\":\"MerchantReturnPolicy\",\"merchantReturnLink\":\"https:\/\/xstyle.md\/ro\/conditions\/\"}}]}<\/script>\n<meta property=\"product:price:amount\" content=\"870.00\" \/>\n<meta property=\"product:price:currency\" content=\"MDL\" \/>\n<meta property=\"og:availability\" content=\"instock\" \/>\n<meta property=\"product:availability\" content=\"instock\" \/>\n<meta property=\"product:retailer_item_id\" content=\"7391846031727\" \/>\n<meta property=\"product:condition\" content=\"new\" \/>\n<!-- \/ Yoast SEO plugin. -->","yoast_head_json":{"title":"\u041d\u043e\u0436 Mora 2000 green Black Edition - \u041c\u0430\u0433\u0430\u0437\u0438\u043d Xstyle","robots":{"index":"index","follow":"follow","max-snippet":"max-snippet:-1","max-image-preview":"max-image-preview:large","max-video-preview":"max-video-preview:-1"},"canonical":"https:\/\/xstyle.md\/ro\/produs\/nozh-mora-2000-green-black-edition\/","og_locale":"ro_RO","og_type":"article","og_title":"\u041d\u043e\u0436 Mora 2000 green Black Edition - \u041c\u0430\u0433\u0430\u0437\u0438\u043d Xstyle","og_description":"\u0411\u0440\u0435\u043d\u0434 \u041d\u043e\u0436\u0438 Mora \u043f\u0440\u043e\u0438\u0437\u0432\u043e\u0434\u044f\u0442\u0441\u044f \u0432 \u041e\u0441\u0442\u043d\u043e\u0440\u0435 \u0443\u0436\u0435 \u0431\u043e\u043b\u0435\u0435 \u0441\u0442\u0430 \u043b\u0435\u0442. \u0420\u0430\u043d\u044c\u0448\u0435 \u0438\u0445 \u0438\u0437\u0433\u043e\u0442\u0430\u0432\u043b\u0438\u0432\u0430\u043b\u0438 \u0432\u0440\u0443\u0447\u043d\u0443\u044e \u043c\u0435\u0441\u0442\u043d\u044b\u0435 \u043c\u0430\u0441\u0442\u0435\u0440\u0430 \u0432 \u043a\u0430\u0436\u0434\u043e\u043c \u0434\u043e\u043c\u0435, \u043f\u0435\u0440\u0435\u0434\u0430\u0432\u0430\u044f \u0441\u0432\u043e\u0438 \u0443\u043c\u0435\u043d\u0438\u044f \u0438\u0437 \u043f\u043e\u043a\u043e\u043b\u0435\u043d\u0438\u044f \u0432 \u043f\u043e\u043a\u043e\u043b\u0435\u043d\u0438\u0435. \u0421\u0435\u0433\u043e\u0434\u043d\u044f \u044d\u0442\u0438 \u0442\u0440\u0430\u0434\u0438\u0446\u0438\u0438 \u0441\u043e\u0431\u0440\u0430\u043d\u044b \u043f\u043e\u0434 \u043e\u0434\u043d\u043e\u0439 \u043a\u0440\u044b\u0448\u0435\u0439 \u0444\u0430\u0431\u0440\u0438\u043a\u0438, \u0438 \u043f\u0440\u0430\u043a\u0442\u0438\u0447\u0435\u0441\u043a\u0438 \u043a\u0430\u0436\u0434\u044b\u0439 \u0441\u043e\u0442\u0440\u0443\u0434\u043d\u0438\u043a \u043c\u043e\u0436\u0435\u0442 \u043f\u043e\u0434\u0435\u043b\u0438\u0442\u044c\u0441\u044f \u0441\u0435\u043c\u0435\u0439\u043d\u043e\u0439 \u0438\u0441\u0442\u043e\u0440\u0438\u0435\u0439, \u0432 \u043a\u043e\u0442\u043e\u0440\u043e\u0439 \u0438\u0437\u0433\u043e\u0442\u043e\u0432\u043b\u0435\u043d\u0438\u0435 \u043d\u043e\u0436\u0435\u0439 \u0437\u0430\u043d\u0438\u043c\u0430\u0435\u0442 \u0432\u0430\u0436\u043d\u043e\u0435 \u043c\u0435\u0441\u0442\u043e. \u041a\u0430\u043a \u0438 \u0432 \u043f\u0440\u0435\u0436\u043d\u0438\u0435 \u0432\u0440\u0435\u043c\u0435\u043d\u0430, \u043f\u043e\u0434\u0445\u043e\u0434 [&hellip;]","og_url":"https:\/\/xstyle.md\/ro\/produs\/nozh-mora-2000-green-black-edition\/","og_site_name":"\u041c\u0430\u0433\u0430\u0437\u0438\u043d Xstyle","article_publisher":"https:\/\/www.facebook.com\/xstylemd","article_modified_time":"2026-04-08T12:24:53+00:00","og_image":[{"width":1200,"height":1200,"url":"https:\/\/xstyle.md\/wp-content\/uploads\/2026\/04\/mora-2000-green-black-edition1-1.webp","type":"image\/webp"}],"twitter_card":"summary_large_image","twitter_misc":{"Pre\u021b":"870&nbsp;MDL","Disponibilitate":"\u00cen stoc"},"schema":{"@context":"https:\/\/schema.org","@graph":[{"@type":"WebPage","@id":"https:\/\/xstyle.md\/product\/nozh-mora-2000-green-black-edition\/","url":"https:\/\/xstyle.md\/product\/nozh-mora-2000-green-black-edition\/","name":"\u041d\u043e\u0436 Mora 2000 green Black Edition - \u041c\u0430\u0433\u0430\u0437\u0438\u043d Xstyle","isPartOf":{"@id":"https:\/\/xstyle.md\/#website"},"primaryImageOfPage":{"@id":"https:\/\/xstyle.md\/product\/nozh-mora-2000-green-black-edition\/#primaryimage"},"image":{"@id":"https:\/\/xstyle.md\/product\/nozh-mora-2000-green-black-edition\/#primaryimage"},"thumbnailUrl":"https:\/\/xstyle.md\/wp-content\/uploads\/2026\/04\/mora-2000-green-black-edition1-1.webp","datePublished":"2026-04-08T10:20:17+00:00","dateModified":"2026-04-08T12:24:53+00:00","breadcrumb":{"@id":"https:\/\/xstyle.md\/product\/nozh-mora-2000-green-black-edition\/#breadcrumb"},"inLanguage":"ro-RO","potentialAction":[{"@type":"ReadAction","target":["https:\/\/xstyle.md\/product\/nozh-mora-2000-green-black-edition\/"]}]},{"@type":"ImageObject","inLanguage":"ro-RO","@id":"https:\/\/xstyle.md\/product\/nozh-mora-2000-green-black-edition\/#primaryimage","url":"https:\/\/xstyle.md\/wp-content\/uploads\/2026\/04\/mora-2000-green-black-edition1-1.webp","contentUrl":"https:\/\/xstyle.md\/wp-content\/uploads\/2026\/04\/mora-2000-green-black-edition1-1.webp","width":1200,"height":1200},{"@type":"BreadcrumbList","@id":"https:\/\/xstyle.md\/product\/nozh-mora-2000-green-black-edition\/#breadcrumb","itemListElement":[{"@type":"ListItem","position":1,"name":"\u0413\u043b\u0430\u0432\u043d\u0430\u044f \u0441\u0442\u0440\u0430\u043d\u0438\u0446\u0430","item":"https:\/\/xstyle.md\/"},{"@type":"ListItem","position":2,"name":"\u041c\u0430\u0433\u0430\u0437\u0438\u043d","item":"https:\/\/xstyle.md\/shop\/"},{"@type":"ListItem","position":3,"name":"\u041d\u043e\u0436 Mora 2000 green Black Edition"}]},{"@type":"WebSite","@id":"https:\/\/xstyle.md\/#website","url":"https:\/\/xstyle.md\/","name":"Magazinul X-Style","description":"Echipamente pentru turism \u0219i sporturi extreme \u00een Moldova. Pre\u021buri, fotografii, caracteristici \u00een Moldova.","publisher":{"@id":"https:\/\/xstyle.md\/#organization"},"alternateName":"X-Style","potentialAction":[{"@type":"SearchAction","target":{"@type":"EntryPoint","urlTemplate":"https:\/\/xstyle.md\/?s={search_term_string}"},"query-input":{"@type":"PropertyValueSpecification","valueRequired":true,"valueName":"search_term_string"}}],"inLanguage":"ro-RO"},{"@type":"Organization","@id":"https:\/\/xstyle.md\/#organization","name":"Magazinul X-Style","alternateName":"x-style","url":"https:\/\/xstyle.md\/","logo":{"@type":"ImageObject","inLanguage":"ro-RO","@id":"https:\/\/xstyle.md\/#\/schema\/logo\/image\/","url":"https:\/\/xstyle.md\/wp-content\/uploads\/2020\/06\/logoicon.svg","contentUrl":"https:\/\/xstyle.md\/wp-content\/uploads\/2020\/06\/logoicon.svg","caption":"\u041c\u0430\u0433\u0430\u0437\u0438\u043d Xstyle"},"image":{"@id":"https:\/\/xstyle.md\/#\/schema\/logo\/image\/"},"sameAs":["https:\/\/www.facebook.com\/xstylemd","https:\/\/www.instagram.com\/xstyle_md\/","https:\/\/t.me\/xstyle_outdoor"],"hasMerchantReturnPolicy":{"@type":"MerchantReturnPolicy","merchantReturnLink":"https:\/\/xstyle.md\/ro\/conditions\/"}}]},"product_price_amount":"870.00","product_price_currency":"MDL","og_availability":"instock","product_availability":"instock","product_retailer_item_id":"7391846031727","product_condition":"new"},"post_mailing_queue_ids":[],"_links":{"self":[{"href":"https:\/\/xstyle.md\/ro\/wp-json\/wp\/v2\/product\/105057","targetHints":{"allow":["GET"]}}],"collection":[{"href":"https:\/\/xstyle.md\/ro\/wp-json\/wp\/v2\/product"}],"about":[{"href":"https:\/\/xstyle.md\/ro\/wp-json\/wp\/v2\/types\/product"}],"replies":[{"embeddable":true,"href":"https:\/\/xstyle.md\/ro\/wp-json\/wp\/v2\/comments?post=105057"}],"wp:featuredmedia":[{"embeddable":true,"href":"https:\/\/xstyle.md\/ro\/wp-json\/wp\/v2\/media\/105260"}],"wp:attachment":[{"href":"https:\/\/xstyle.md\/ro\/wp-json\/wp\/v2\/media?parent=105057"}],"wp:term":[{"taxonomy":"product_brand","embeddable":true,"href":"https:\/\/xstyle.md\/ro\/wp-json\/wp\/v2\/product_brand?post=105057"},{"taxonomy":"product_cat","embeddable":true,"href":"https:\/\/xstyle.md\/ro\/wp-json\/wp\/v2\/product_cat?post=105057"},{"taxonomy":"product_tag","embeddable":true,"href":"https:\/\/xstyle.md\/ro\/wp-json\/wp\/v2\/product_tag?post=105057"}],"curies":[{"name":"wp","href":"https:\/\/api.w.org\/{rel}","templated":true}]}}