{"id":105041,"date":"2026-04-08T13:20:15","date_gmt":"2026-04-08T10:20:15","guid":{"rendered":"https:\/\/xstyle.md\/?post_type=product&#038;p=105041"},"modified":"2026-04-10T15:17:13","modified_gmt":"2026-04-10T12:17:13","slug":"plombir-karamelnyj-brauni-idlo","status":"publish","type":"product","link":"https:\/\/xstyle.md\/ro\/produs\/plombir-karamelnyj-brauni-idlo\/","title":{"rendered":"Plombir IDLO Caramel Brownie"},"content":{"rendered":"<\/p>\n<p><strong>IDLO Plombir Caramel Brownie<\/strong> &#8212; este un desert liofilizat rafinat, creat pentru a oferi gustul autentic de \u00eenghe\u021bat\u0103 chiar \u0219i \u00een cele mai extreme condi\u021bii. Datorit\u0103 tehnologiei de liofilizare, desertul p\u0103streaz\u0103 95% din substan\u021bele nutritive, structura \u0219i gustul intens al \u00eenghe\u021batei clasice de tip plombir, cu buc\u0103\u021bele de brownie cu ciocolat\u0103 \u0219i caramel. Nu necesit\u0103 congelare sau decongelare \u2014 este gata de consum direct din ambalaj. Greutatea redus\u0103 \u0219i caracterul compact \u00eel fac deliciul ideal pentru drume\u021bii, alpinism sau c\u0103l\u0103torii lungi.<\/p>\n<h3>Particularit\u0103\u021bi<\/h3>\n<ul>\n<li>Gata de consum \u2014 desertul nu necesit\u0103 ad\u0103ugarea apei sau r\u0103cire; poate fi consumat uscat, oferind o textur\u0103 crocant\u0103 care se tope\u0219te \u00een gur\u0103<\/li>\n<li>Ingrediente naturale \u2014 re\u021beta folose\u0219te \u00eenghe\u021bat\u0103 de calitate superioar\u0103, sos de caramel autentic \u0219i buc\u0103\u021bele de pr\u0103jitur\u0103 brownie cu ciocolat\u0103<\/li>\n<li>Liofilizare (Freezed-dried) \u2014 o metod\u0103 modern\u0103 de conservare care elimin\u0103 umiditatea, p\u0103str\u00e2nd \u00een acela\u0219i timp gustul, aroma \u0219i vitaminele f\u0103r\u0103 a utiliza conservan\u021bi<\/li>\n<li>Greutate ultra-redus\u0103 \u2014 ambalajul aproape imponderabil permite ad\u0103ugarea desertului \u00een orice rucsac f\u0103r\u0103 a ocupa volum util sau a ad\u0103uga greutate inutil\u0103<\/li>\n<li>Termen lung de valabilitate \u2014 ambalajul ermetic asigur\u0103 p\u0103strarea produsului timp de p\u00e2n\u0103 la 2 ani la temperatura camerei<\/li>\n<\/ul>\n<h3>Caracteristici<\/h3>\n<ul>\n<li>Compozi\u021bie \u2014 \u00eenghe\u021bat\u0103 plombir, umplutur\u0103 de caramel, buc\u0103\u021bele de brownie<\/li>\n<li>Metoda de preparare \u2014 liofilizare<\/li>\n<li>Valoare energetic\u0103 \u2014 aproximativ 450-500 kcal per 100 g<\/li>\n<li>Greutate net\u0103 \u2014 35 g<\/li>\n<li>Termen de valabilitate \u2014 2 ani<\/li>\n<\/ul>\n<p><\/p>\n<h3>Marca<\/h3>\n<p>IDLO \u2014 \u044d\u0442\u043e \u043c\u043e\u043b\u043e\u0434\u043e\u0439 \u0443\u043a\u0440\u0430\u0438\u043d\u0441\u043a\u0438\u0439 \u0431\u0440\u0435\u043d\u0434 \u0438\u0437 \u0427\u0435\u0440\u043d\u043e\u0432\u0446\u043e\u0432, \u043a\u043e\u0442\u043e\u0440\u044b\u0439 \u0437\u0430\u043d\u0438\u043c\u0430\u0435\u0442\u0441\u044f \u0438\u0437\u0433\u043e\u0442\u043e\u0432\u043b\u0435\u043d\u0438\u0435\u043c \u0431\u043b\u044e\u0434 \u0438\u0437 \u0441\u0443\u0445\u0438\u0445 \u043f\u0440\u043e\u0434\u0443\u043a\u0442\u043e\u0432. \u0413\u043b\u0430\u0432\u043d\u043e\u0439 \u0446\u0435\u043b\u044c\u044e \u043a\u043e\u043c\u043f\u0430\u043d\u0438\u0438 \u044f\u0432\u043b\u044f\u0435\u0442\u0441\u044f \u043d\u0430\u043a\u043e\u0440\u043c\u0438\u0442\u044c \u0432\u043d\u0443\u0442\u0440\u0435\u043d\u043d\u0435\u0433\u043e \u0437\u0432\u0435\u0440\u044f, \u043a\u043e\u0442\u043e\u0440\u044b\u0439 \u00ab\u043f\u0440\u043e\u0441\u044b\u043f\u0430\u0435\u0442\u0441\u044f\u00bb \u0432\u043d\u0443\u0442\u0440\u0438 \u043d\u0430\u0441 \u043f\u0440\u0438 \u0447\u0443\u0432\u0441\u0442\u0432\u0435 \u0433\u043e\u043b\u043e\u0434\u0430 \u0432 \u0441\u0430\u043c\u044b\u0439 \u043d\u0435\u043f\u043e\u0434\u0445\u043e\u0434\u044f\u0449\u0438\u0439 \u043c\u043e\u043c\u0435\u043d\u0442. \u0414\u043b\u044f \u044d\u0442\u043e\u0433\u043e \u0441\u0442\u043e\u0438\u0442 \u0442\u043e\u043b\u044c\u043a\u043e \u0434\u043e\u0431\u0430\u0432\u0438\u0442\u044c \u043a\u0438\u043f\u044f\u0442\u043a\u0430, \u043f\u0435\u0440\u0435\u043c\u0435\u0448\u0430\u0442\u044c, \u043f\u043e\u0434\u043e\u0436\u0434\u0430\u0442\u044c \u0431\u0443\u043a\u0432\u0430\u043b\u044c\u043d\u043e \u043d\u0435\u0441\u043a\u043e\u043b\u044c\u043a\u043e \u043c\u0438\u043d\u0443\u0442, \u0438 \u0432\u044b \u0441\u043c\u043e\u0436\u0435\u0442\u0435 \u0441\u043c\u0435\u043b\u043e \u043b\u0430\u043a\u043e\u043c\u0438\u0442\u044c\u0441\u044f \u0441\u0432\u043e\u0438\u043c \u0431\u043b\u044e\u0434\u043e\u043c \u0432 \u043e\u0444\u0438\u0441\u0435, \u043d\u0430 \u043e\u0442\u0434\u044b\u0445\u0435, \u0432 \u0433\u043e\u0440\u0430\u0445 \u0438\u043b\u0438 \u043d\u0430 \u0440\u044b\u0431\u0430\u043b\u043a\u0435, \u0432 \u0434\u0430\u043b\u044c\u043d\u0435\u0439 \u043f\u043e\u0435\u0437\u0434\u043a\u0435 \u043d\u0430 \u0430\u0432\u0442\u043e\u043c\u043e\u0431\u0438\u043b\u0435. \u0411\u043b\u044e\u0434\u0430, \u0438\u0437\u0433\u043e\u0442\u043e\u0432\u043b\u0435\u043d\u043d\u044b\u0435 \u043c\u0435\u0442\u043e\u0434\u043e\u043c \u0441\u0443\u0448\u043a\u0438 \u043d\u0430\u0442\u0443\u0440\u0430\u043b\u044c\u043d\u044b\u0445 \u043f\u0440\u043e\u0434\u0443\u043a\u0442\u043e\u0432 \u0431\u0435\u0437 \u0438\u0441\u043f\u043e\u043b\u044c\u0437\u043e\u0432\u0430\u043d\u0438\u044f \u043a\u043e\u043d\u0441\u0435\u0440\u0432\u0430\u043d\u0442\u043e\u0432 \u0438 \u0413\u041c\u041e, \u0441\u043e\u0445\u0440\u0430\u043d\u044f\u044e\u0442 \u0432 \u0441\u0435\u0431\u0435 \u0432\u0441\u0435 \u043f\u043e\u043b\u0435\u0437\u043d\u044b\u0435 \u0432\u0438\u0442\u0430\u043c\u0438\u043d\u044b. \u0410 \u043c\u0430\u043b\u044b\u0439 \u0432\u0435\u0441 \u043f\u043e\u0440\u0446\u0438\u0439 \u044f\u0432\u043b\u044f\u0435\u0442\u0441\u044f \u0433\u043b\u0430\u0432\u043d\u044b\u043c \u043f\u0440\u0435\u0438\u043c\u0443\u0449\u0435\u0441\u0442\u0432\u043e\u043c \u0432 \u043f\u043e\u0445\u043e\u0434\u0430\u0445, \u043e\u0441\u043e\u0431\u0435\u043d\u043d\u043e \u0432 \u0434\u0430\u043b\u044c\u043d\u0438\u0445. \u0422\u0430\u043a\u0438\u043c \u043e\u0431\u0440\u0430\u0437\u043e\u043c \u0441\u0443\u0431\u043b\u0438\u043c\u0438\u0440\u043e\u0432\u0430\u043d\u043d\u0430\u044f \u0435\u0434\u0430 \u043e\u0442 IDLO \u0441\u0442\u0430\u043d\u0435\u0442 \u043e\u0442\u043b\u0438\u0447\u043d\u044b\u043c \u0441\u043f\u0443\u0442\u043d\u0438\u043a\u043e\u043c \u0432 \u043b\u044e\u0431\u043e\u043c \u043f\u0443\u0442\u0435\u0448\u0435\u0441\u0442\u0432\u0438\u0438!<\/p>","protected":false},"excerpt":{"rendered":"<p>\u0411\u0440\u0435\u043d\u0434 IDLO \u2014 \u044d\u0442\u043e \u043c\u043e\u043b\u043e\u0434\u043e\u0439 \u0443\u043a\u0440\u0430\u0438\u043d\u0441\u043a\u0438\u0439 \u0431\u0440\u0435\u043d\u0434 \u0438\u0437 \u0427\u0435\u0440\u043d\u043e\u0432\u0446\u043e\u0432, \u043a\u043e\u0442\u043e\u0440\u044b\u0439 \u0437\u0430\u043d\u0438\u043c\u0430\u0435\u0442\u0441\u044f \u0438\u0437\u0433\u043e\u0442\u043e\u0432\u043b\u0435\u043d\u0438\u0435\u043c \u0431\u043b\u044e\u0434 \u0438\u0437 \u0441\u0443\u0445\u0438\u0445 \u043f\u0440\u043e\u0434\u0443\u043a\u0442\u043e\u0432. \u0413\u043b\u0430\u0432\u043d\u043e\u0439 \u0446\u0435\u043b\u044c\u044e \u043a\u043e\u043c\u043f\u0430\u043d\u0438\u0438 \u044f\u0432\u043b\u044f\u0435\u0442\u0441\u044f \u043d\u0430\u043a\u043e\u0440\u043c\u0438\u0442\u044c \u0432\u043d\u0443\u0442\u0440\u0435\u043d\u043d\u0435\u0433\u043e \u0437\u0432\u0435\u0440\u044f, \u043a\u043e\u0442\u043e\u0440\u044b\u0439 \u00ab\u043f\u0440\u043e\u0441\u044b\u043f\u0430\u0435\u0442\u0441\u044f\u00bb \u0432\u043d\u0443\u0442\u0440\u0438 \u043d\u0430\u0441 \u043f\u0440\u0438 \u0447\u0443\u0432\u0441\u0442\u0432\u0435 \u0433\u043e\u043b\u043e\u0434\u0430 \u0432 \u0441\u0430\u043c\u044b\u0439 \u043d\u0435\u043f\u043e\u0434\u0445\u043e\u0434\u044f\u0449\u0438\u0439 \u043c\u043e\u043c\u0435\u043d\u0442. \u0414\u043b\u044f \u044d\u0442\u043e\u0433\u043e \u0441\u0442\u043e\u0438\u0442 \u0442\u043e\u043b\u044c\u043a\u043e \u0434\u043e\u0431\u0430\u0432\u0438\u0442\u044c \u043a\u0438\u043f\u044f\u0442\u043a\u0430, \u043f\u0435\u0440\u0435\u043c\u0435\u0448\u0430\u0442\u044c, \u043f\u043e\u0434\u043e\u0436\u0434\u0430\u0442\u044c \u0431\u0443\u043a\u0432\u0430\u043b\u044c\u043d\u043e \u043d\u0435\u0441\u043a\u043e\u043b\u044c\u043a\u043e \u043c\u0438\u043d\u0443\u0442, \u0438 \u0432\u044b \u0441\u043c\u043e\u0436\u0435\u0442\u0435 \u0441\u043c\u0435\u043b\u043e \u043b\u0430\u043a\u043e\u043c\u0438\u0442\u044c\u0441\u044f \u0441\u0432\u043e\u0438\u043c \u0431\u043b\u044e\u0434\u043e\u043c \u0432 \u043e\u0444\u0438\u0441\u0435, \u043d\u0430 [&hellip;]<\/p>\n","protected":false},"featured_media":105450,"comment_status":"open","ping_status":"closed","template":"","meta":{"_acf_changed":false,"inline_featured_image":false},"product_brand":[1370],"product_cat":[465],"product_tag":[],"class_list":{"0":"post-105041","1":"product","2":"type-product","3":"status-publish","4":"has-post-thumbnail","6":"product_brand-idlo","7":"product_cat-sublimated-food","9":"first","10":"instock","11":"shipping-taxable","12":"purchasable","13":"product-type-simple"},"acf":[],"yoast_head":"<!-- This site is optimized with the Yoast SEO plugin v27.2 - https:\/\/yoast.com\/product\/yoast-seo-wordpress\/ -->\n<title>\u041f\u043b\u043e\u043c\u0431\u0438\u0440 \u043a\u0430\u0440\u0430\u043c\u0435\u043b\u044c\u043d\u044b\u0439 \u0431\u0440\u0430\u0443\u043d\u0438 IDLO - \u041c\u0430\u0433\u0430\u0437\u0438\u043d Xstyle<\/title>\n<meta name=\"robots\" content=\"index, follow, max-snippet:-1, max-image-preview:large, max-video-preview:-1\" \/>\n<link rel=\"canonical\" href=\"https:\/\/xstyle.md\/ro\/produs\/plombir-karamelnyj-brauni-idlo\/\" \/>\n<meta property=\"og:locale\" content=\"ro_RO\" \/>\n<meta property=\"og:type\" content=\"article\" \/>\n<meta property=\"og:title\" content=\"\u041f\u043b\u043e\u043c\u0431\u0438\u0440 \u043a\u0430\u0440\u0430\u043c\u0435\u043b\u044c\u043d\u044b\u0439 \u0431\u0440\u0430\u0443\u043d\u0438 IDLO - \u041c\u0430\u0433\u0430\u0437\u0438\u043d Xstyle\" \/>\n<meta property=\"og:description\" content=\"\u0411\u0440\u0435\u043d\u0434 IDLO \u2014 \u044d\u0442\u043e \u043c\u043e\u043b\u043e\u0434\u043e\u0439 \u0443\u043a\u0440\u0430\u0438\u043d\u0441\u043a\u0438\u0439 \u0431\u0440\u0435\u043d\u0434 \u0438\u0437 \u0427\u0435\u0440\u043d\u043e\u0432\u0446\u043e\u0432, \u043a\u043e\u0442\u043e\u0440\u044b\u0439 \u0437\u0430\u043d\u0438\u043c\u0430\u0435\u0442\u0441\u044f \u0438\u0437\u0433\u043e\u0442\u043e\u0432\u043b\u0435\u043d\u0438\u0435\u043c \u0431\u043b\u044e\u0434 \u0438\u0437 \u0441\u0443\u0445\u0438\u0445 \u043f\u0440\u043e\u0434\u0443\u043a\u0442\u043e\u0432. \u0413\u043b\u0430\u0432\u043d\u043e\u0439 \u0446\u0435\u043b\u044c\u044e \u043a\u043e\u043c\u043f\u0430\u043d\u0438\u0438 \u044f\u0432\u043b\u044f\u0435\u0442\u0441\u044f \u043d\u0430\u043a\u043e\u0440\u043c\u0438\u0442\u044c \u0432\u043d\u0443\u0442\u0440\u0435\u043d\u043d\u0435\u0433\u043e \u0437\u0432\u0435\u0440\u044f, \u043a\u043e\u0442\u043e\u0440\u044b\u0439 \u00ab\u043f\u0440\u043e\u0441\u044b\u043f\u0430\u0435\u0442\u0441\u044f\u00bb \u0432\u043d\u0443\u0442\u0440\u0438 \u043d\u0430\u0441 \u043f\u0440\u0438 \u0447\u0443\u0432\u0441\u0442\u0432\u0435 \u0433\u043e\u043b\u043e\u0434\u0430 \u0432 \u0441\u0430\u043c\u044b\u0439 \u043d\u0435\u043f\u043e\u0434\u0445\u043e\u0434\u044f\u0449\u0438\u0439 \u043c\u043e\u043c\u0435\u043d\u0442. \u0414\u043b\u044f \u044d\u0442\u043e\u0433\u043e \u0441\u0442\u043e\u0438\u0442 \u0442\u043e\u043b\u044c\u043a\u043e \u0434\u043e\u0431\u0430\u0432\u0438\u0442\u044c \u043a\u0438\u043f\u044f\u0442\u043a\u0430, \u043f\u0435\u0440\u0435\u043c\u0435\u0448\u0430\u0442\u044c, \u043f\u043e\u0434\u043e\u0436\u0434\u0430\u0442\u044c \u0431\u0443\u043a\u0432\u0430\u043b\u044c\u043d\u043e \u043d\u0435\u0441\u043a\u043e\u043b\u044c\u043a\u043e \u043c\u0438\u043d\u0443\u0442, \u0438 \u0432\u044b \u0441\u043c\u043e\u0436\u0435\u0442\u0435 \u0441\u043c\u0435\u043b\u043e \u043b\u0430\u043a\u043e\u043c\u0438\u0442\u044c\u0441\u044f \u0441\u0432\u043e\u0438\u043c \u0431\u043b\u044e\u0434\u043e\u043c \u0432 \u043e\u0444\u0438\u0441\u0435, \u043d\u0430 [&hellip;]\" \/>\n<meta property=\"og:url\" content=\"https:\/\/xstyle.md\/ro\/produs\/plombir-karamelnyj-brauni-idlo\/\" \/>\n<meta property=\"og:site_name\" content=\"\u041c\u0430\u0433\u0430\u0437\u0438\u043d Xstyle\" \/>\n<meta property=\"article:publisher\" content=\"https:\/\/www.facebook.com\/xstylemd\" \/>\n<meta property=\"article:modified_time\" content=\"2026-04-10T12:17:13+00:00\" \/>\n<meta property=\"og:image\" content=\"https:\/\/xstyle.md\/wp-content\/uploads\/2026\/04\/plombir-karamelnyj-brauni-idlo-2.webp\" \/>\n\t<meta property=\"og:image:width\" content=\"1200\" \/>\n\t<meta property=\"og:image:height\" content=\"1200\" \/>\n\t<meta property=\"og:image:type\" content=\"image\/webp\" \/>\n<meta name=\"twitter:card\" content=\"summary_large_image\" \/>\n<meta name=\"twitter:label1\" content=\"Pre\u021b\" \/>\n\t<meta name=\"twitter:data1\" content=\"99&nbsp;MDL\" \/>\n\t<meta name=\"twitter:label2\" content=\"Disponibilitate\" \/>\n\t<meta name=\"twitter:data2\" content=\"\u00cen stoc\" \/>\n<script type=\"application\/ld+json\" class=\"yoast-schema-graph\">{\"@context\":\"https:\/\/schema.org\",\"@graph\":[{\"@type\":\"WebPage\",\"@id\":\"https:\/\/xstyle.md\/product\/plombir-karamelnyj-brauni-idlo\/\",\"url\":\"https:\/\/xstyle.md\/product\/plombir-karamelnyj-brauni-idlo\/\",\"name\":\"\u041f\u043b\u043e\u043c\u0431\u0438\u0440 \u043a\u0430\u0440\u0430\u043c\u0435\u043b\u044c\u043d\u044b\u0439 \u0431\u0440\u0430\u0443\u043d\u0438 IDLO - \u041c\u0430\u0433\u0430\u0437\u0438\u043d Xstyle\",\"isPartOf\":{\"@id\":\"https:\/\/xstyle.md\/#website\"},\"primaryImageOfPage\":{\"@id\":\"https:\/\/xstyle.md\/product\/plombir-karamelnyj-brauni-idlo\/#primaryimage\"},\"image\":{\"@id\":\"https:\/\/xstyle.md\/product\/plombir-karamelnyj-brauni-idlo\/#primaryimage\"},\"thumbnailUrl\":\"https:\/\/xstyle.md\/wp-content\/uploads\/2026\/04\/plombir-karamelnyj-brauni-idlo-2.webp\",\"datePublished\":\"2026-04-08T10:20:15+00:00\",\"dateModified\":\"2026-04-10T12:17:13+00:00\",\"breadcrumb\":{\"@id\":\"https:\/\/xstyle.md\/product\/plombir-karamelnyj-brauni-idlo\/#breadcrumb\"},\"inLanguage\":\"ro-RO\",\"potentialAction\":[{\"@type\":\"ReadAction\",\"target\":[\"https:\/\/xstyle.md\/product\/plombir-karamelnyj-brauni-idlo\/\"]}]},{\"@type\":\"ImageObject\",\"inLanguage\":\"ro-RO\",\"@id\":\"https:\/\/xstyle.md\/product\/plombir-karamelnyj-brauni-idlo\/#primaryimage\",\"url\":\"https:\/\/xstyle.md\/wp-content\/uploads\/2026\/04\/plombir-karamelnyj-brauni-idlo-2.webp\",\"contentUrl\":\"https:\/\/xstyle.md\/wp-content\/uploads\/2026\/04\/plombir-karamelnyj-brauni-idlo-2.webp\",\"width\":1200,\"height\":1200},{\"@type\":\"BreadcrumbList\",\"@id\":\"https:\/\/xstyle.md\/product\/plombir-karamelnyj-brauni-idlo\/#breadcrumb\",\"itemListElement\":[{\"@type\":\"ListItem\",\"position\":1,\"name\":\"\u0413\u043b\u0430\u0432\u043d\u0430\u044f \u0441\u0442\u0440\u0430\u043d\u0438\u0446\u0430\",\"item\":\"https:\/\/xstyle.md\/\"},{\"@type\":\"ListItem\",\"position\":2,\"name\":\"\u041c\u0430\u0433\u0430\u0437\u0438\u043d\",\"item\":\"https:\/\/xstyle.md\/shop\/\"},{\"@type\":\"ListItem\",\"position\":3,\"name\":\"\u041f\u043b\u043e\u043c\u0431\u0438\u0440 \u043a\u0430\u0440\u0430\u043c\u0435\u043b\u044c\u043d\u044b\u0439 \u0431\u0440\u0430\u0443\u043d\u0438 IDLO\"}]},{\"@type\":\"WebSite\",\"@id\":\"https:\/\/xstyle.md\/#website\",\"url\":\"https:\/\/xstyle.md\/\",\"name\":\"\u041c\u0430\u0433\u0430\u0437\u0438\u043d Xstyle\",\"description\":\"C\u043d\u0430\u0440\u044f\u0436\u0435\u043d\u0438\u0435 \u0434\u043b\u044f \u0442\u0443\u0440\u0438\u0437\u043c\u0430 \u0438 \u044d\u043a\u0441\u0442\u0440\u0435\u043c\u0430\u043b\u044c\u043d\u044b\u0445 \u0432\u0438\u0434\u043e\u0432 \u0441\u043f\u043e\u0440\u0442\u0430 \u0432 \u041c\u043e\u043b\u0434\u043e\u0432\u0435.. \u0426\u0435\u043d\u044b, \u0444\u043e\u0442\u043e, \u0445\u0430\u0440\u0430\u043a\u0442\u0435\u0440\u0438\u0441\u0442\u0438\u043a\u0438 \u0432 \u041c\u043e\u043b\u0434\u043e\u0432\u0435.\",\"publisher\":{\"@id\":\"https:\/\/xstyle.md\/#organization\"},\"alternateName\":\"X-Style\",\"potentialAction\":[{\"@type\":\"SearchAction\",\"target\":{\"@type\":\"EntryPoint\",\"urlTemplate\":\"https:\/\/xstyle.md\/?s={search_term_string}\"},\"query-input\":{\"@type\":\"PropertyValueSpecification\",\"valueRequired\":true,\"valueName\":\"search_term_string\"}}],\"inLanguage\":\"ro-RO\"},{\"@type\":\"Organization\",\"@id\":\"https:\/\/xstyle.md\/#organization\",\"name\":\"\u041c\u0430\u0433\u0430\u0437\u0438\u043d Xstyle\",\"alternateName\":\"x-style\",\"url\":\"https:\/\/xstyle.md\/\",\"logo\":{\"@type\":\"ImageObject\",\"inLanguage\":\"ro-RO\",\"@id\":\"https:\/\/xstyle.md\/#\/schema\/logo\/image\/\",\"url\":\"https:\/\/xstyle.md\/wp-content\/uploads\/2020\/06\/logoicon.svg\",\"contentUrl\":\"https:\/\/xstyle.md\/wp-content\/uploads\/2020\/06\/logoicon.svg\",\"caption\":\"\u041c\u0430\u0433\u0430\u0437\u0438\u043d Xstyle\"},\"image\":{\"@id\":\"https:\/\/xstyle.md\/#\/schema\/logo\/image\/\"},\"sameAs\":[\"https:\/\/www.facebook.com\/xstylemd\",\"https:\/\/www.instagram.com\/xstyle_md\/\",\"https:\/\/t.me\/xstyle_outdoor\"],\"hasMerchantReturnPolicy\":{\"@type\":\"MerchantReturnPolicy\",\"merchantReturnLink\":\"https:\/\/xstyle.md\/ro\/conditions\/\"}}]}<\/script>\n<meta property=\"product:price:amount\" content=\"99.00\" \/>\n<meta property=\"product:price:currency\" content=\"MDL\" \/>\n<meta property=\"og:availability\" content=\"instock\" \/>\n<meta property=\"product:availability\" content=\"instock\" \/>\n<meta property=\"product:retailer_item_id\" content=\"4820219970743\" \/>\n<meta property=\"product:condition\" content=\"new\" \/>\n<!-- \/ Yoast SEO plugin. -->","yoast_head_json":{"title":"\u041f\u043b\u043e\u043c\u0431\u0438\u0440 \u043a\u0430\u0440\u0430\u043c\u0435\u043b\u044c\u043d\u044b\u0439 \u0431\u0440\u0430\u0443\u043d\u0438 IDLO - \u041c\u0430\u0433\u0430\u0437\u0438\u043d Xstyle","robots":{"index":"index","follow":"follow","max-snippet":"max-snippet:-1","max-image-preview":"max-image-preview:large","max-video-preview":"max-video-preview:-1"},"canonical":"https:\/\/xstyle.md\/ro\/produs\/plombir-karamelnyj-brauni-idlo\/","og_locale":"ro_RO","og_type":"article","og_title":"\u041f\u043b\u043e\u043c\u0431\u0438\u0440 \u043a\u0430\u0440\u0430\u043c\u0435\u043b\u044c\u043d\u044b\u0439 \u0431\u0440\u0430\u0443\u043d\u0438 IDLO - \u041c\u0430\u0433\u0430\u0437\u0438\u043d Xstyle","og_description":"\u0411\u0440\u0435\u043d\u0434 IDLO \u2014 \u044d\u0442\u043e \u043c\u043e\u043b\u043e\u0434\u043e\u0439 \u0443\u043a\u0440\u0430\u0438\u043d\u0441\u043a\u0438\u0439 \u0431\u0440\u0435\u043d\u0434 \u0438\u0437 \u0427\u0435\u0440\u043d\u043e\u0432\u0446\u043e\u0432, \u043a\u043e\u0442\u043e\u0440\u044b\u0439 \u0437\u0430\u043d\u0438\u043c\u0430\u0435\u0442\u0441\u044f \u0438\u0437\u0433\u043e\u0442\u043e\u0432\u043b\u0435\u043d\u0438\u0435\u043c \u0431\u043b\u044e\u0434 \u0438\u0437 \u0441\u0443\u0445\u0438\u0445 \u043f\u0440\u043e\u0434\u0443\u043a\u0442\u043e\u0432. \u0413\u043b\u0430\u0432\u043d\u043e\u0439 \u0446\u0435\u043b\u044c\u044e \u043a\u043e\u043c\u043f\u0430\u043d\u0438\u0438 \u044f\u0432\u043b\u044f\u0435\u0442\u0441\u044f \u043d\u0430\u043a\u043e\u0440\u043c\u0438\u0442\u044c \u0432\u043d\u0443\u0442\u0440\u0435\u043d\u043d\u0435\u0433\u043e \u0437\u0432\u0435\u0440\u044f, \u043a\u043e\u0442\u043e\u0440\u044b\u0439 \u00ab\u043f\u0440\u043e\u0441\u044b\u043f\u0430\u0435\u0442\u0441\u044f\u00bb \u0432\u043d\u0443\u0442\u0440\u0438 \u043d\u0430\u0441 \u043f\u0440\u0438 \u0447\u0443\u0432\u0441\u0442\u0432\u0435 \u0433\u043e\u043b\u043e\u0434\u0430 \u0432 \u0441\u0430\u043c\u044b\u0439 \u043d\u0435\u043f\u043e\u0434\u0445\u043e\u0434\u044f\u0449\u0438\u0439 \u043c\u043e\u043c\u0435\u043d\u0442. \u0414\u043b\u044f \u044d\u0442\u043e\u0433\u043e \u0441\u0442\u043e\u0438\u0442 \u0442\u043e\u043b\u044c\u043a\u043e \u0434\u043e\u0431\u0430\u0432\u0438\u0442\u044c \u043a\u0438\u043f\u044f\u0442\u043a\u0430, \u043f\u0435\u0440\u0435\u043c\u0435\u0448\u0430\u0442\u044c, \u043f\u043e\u0434\u043e\u0436\u0434\u0430\u0442\u044c \u0431\u0443\u043a\u0432\u0430\u043b\u044c\u043d\u043e \u043d\u0435\u0441\u043a\u043e\u043b\u044c\u043a\u043e \u043c\u0438\u043d\u0443\u0442, \u0438 \u0432\u044b \u0441\u043c\u043e\u0436\u0435\u0442\u0435 \u0441\u043c\u0435\u043b\u043e \u043b\u0430\u043a\u043e\u043c\u0438\u0442\u044c\u0441\u044f \u0441\u0432\u043e\u0438\u043c \u0431\u043b\u044e\u0434\u043e\u043c \u0432 \u043e\u0444\u0438\u0441\u0435, \u043d\u0430 [&hellip;]","og_url":"https:\/\/xstyle.md\/ro\/produs\/plombir-karamelnyj-brauni-idlo\/","og_site_name":"\u041c\u0430\u0433\u0430\u0437\u0438\u043d Xstyle","article_publisher":"https:\/\/www.facebook.com\/xstylemd","article_modified_time":"2026-04-10T12:17:13+00:00","og_image":[{"width":1200,"height":1200,"url":"https:\/\/xstyle.md\/wp-content\/uploads\/2026\/04\/plombir-karamelnyj-brauni-idlo-2.webp","type":"image\/webp"}],"twitter_card":"summary_large_image","twitter_misc":{"Pre\u021b":"99&nbsp;MDL","Disponibilitate":"\u00cen stoc"},"schema":{"@context":"https:\/\/schema.org","@graph":[{"@type":"WebPage","@id":"https:\/\/xstyle.md\/product\/plombir-karamelnyj-brauni-idlo\/","url":"https:\/\/xstyle.md\/product\/plombir-karamelnyj-brauni-idlo\/","name":"\u041f\u043b\u043e\u043c\u0431\u0438\u0440 \u043a\u0430\u0440\u0430\u043c\u0435\u043b\u044c\u043d\u044b\u0439 \u0431\u0440\u0430\u0443\u043d\u0438 IDLO - \u041c\u0430\u0433\u0430\u0437\u0438\u043d Xstyle","isPartOf":{"@id":"https:\/\/xstyle.md\/#website"},"primaryImageOfPage":{"@id":"https:\/\/xstyle.md\/product\/plombir-karamelnyj-brauni-idlo\/#primaryimage"},"image":{"@id":"https:\/\/xstyle.md\/product\/plombir-karamelnyj-brauni-idlo\/#primaryimage"},"thumbnailUrl":"https:\/\/xstyle.md\/wp-content\/uploads\/2026\/04\/plombir-karamelnyj-brauni-idlo-2.webp","datePublished":"2026-04-08T10:20:15+00:00","dateModified":"2026-04-10T12:17:13+00:00","breadcrumb":{"@id":"https:\/\/xstyle.md\/product\/plombir-karamelnyj-brauni-idlo\/#breadcrumb"},"inLanguage":"ro-RO","potentialAction":[{"@type":"ReadAction","target":["https:\/\/xstyle.md\/product\/plombir-karamelnyj-brauni-idlo\/"]}]},{"@type":"ImageObject","inLanguage":"ro-RO","@id":"https:\/\/xstyle.md\/product\/plombir-karamelnyj-brauni-idlo\/#primaryimage","url":"https:\/\/xstyle.md\/wp-content\/uploads\/2026\/04\/plombir-karamelnyj-brauni-idlo-2.webp","contentUrl":"https:\/\/xstyle.md\/wp-content\/uploads\/2026\/04\/plombir-karamelnyj-brauni-idlo-2.webp","width":1200,"height":1200},{"@type":"BreadcrumbList","@id":"https:\/\/xstyle.md\/product\/plombir-karamelnyj-brauni-idlo\/#breadcrumb","itemListElement":[{"@type":"ListItem","position":1,"name":"\u0413\u043b\u0430\u0432\u043d\u0430\u044f \u0441\u0442\u0440\u0430\u043d\u0438\u0446\u0430","item":"https:\/\/xstyle.md\/"},{"@type":"ListItem","position":2,"name":"\u041c\u0430\u0433\u0430\u0437\u0438\u043d","item":"https:\/\/xstyle.md\/shop\/"},{"@type":"ListItem","position":3,"name":"\u041f\u043b\u043e\u043c\u0431\u0438\u0440 \u043a\u0430\u0440\u0430\u043c\u0435\u043b\u044c\u043d\u044b\u0439 \u0431\u0440\u0430\u0443\u043d\u0438 IDLO"}]},{"@type":"WebSite","@id":"https:\/\/xstyle.md\/#website","url":"https:\/\/xstyle.md\/","name":"Magazinul X-Style","description":"Echipamente pentru turism \u0219i sporturi extreme \u00een Moldova. Pre\u021buri, fotografii, caracteristici \u00een Moldova.","publisher":{"@id":"https:\/\/xstyle.md\/#organization"},"alternateName":"X-Style","potentialAction":[{"@type":"SearchAction","target":{"@type":"EntryPoint","urlTemplate":"https:\/\/xstyle.md\/?s={search_term_string}"},"query-input":{"@type":"PropertyValueSpecification","valueRequired":true,"valueName":"search_term_string"}}],"inLanguage":"ro-RO"},{"@type":"Organization","@id":"https:\/\/xstyle.md\/#organization","name":"Magazinul X-Style","alternateName":"x-style","url":"https:\/\/xstyle.md\/","logo":{"@type":"ImageObject","inLanguage":"ro-RO","@id":"https:\/\/xstyle.md\/#\/schema\/logo\/image\/","url":"https:\/\/xstyle.md\/wp-content\/uploads\/2020\/06\/logoicon.svg","contentUrl":"https:\/\/xstyle.md\/wp-content\/uploads\/2020\/06\/logoicon.svg","caption":"\u041c\u0430\u0433\u0430\u0437\u0438\u043d Xstyle"},"image":{"@id":"https:\/\/xstyle.md\/#\/schema\/logo\/image\/"},"sameAs":["https:\/\/www.facebook.com\/xstylemd","https:\/\/www.instagram.com\/xstyle_md\/","https:\/\/t.me\/xstyle_outdoor"],"hasMerchantReturnPolicy":{"@type":"MerchantReturnPolicy","merchantReturnLink":"https:\/\/xstyle.md\/ro\/conditions\/"}}]},"product_price_amount":"99.00","product_price_currency":"MDL","og_availability":"instock","product_availability":"instock","product_retailer_item_id":"4820219970743","product_condition":"new"},"post_mailing_queue_ids":[],"_links":{"self":[{"href":"https:\/\/xstyle.md\/ro\/wp-json\/wp\/v2\/product\/105041","targetHints":{"allow":["GET"]}}],"collection":[{"href":"https:\/\/xstyle.md\/ro\/wp-json\/wp\/v2\/product"}],"about":[{"href":"https:\/\/xstyle.md\/ro\/wp-json\/wp\/v2\/types\/product"}],"replies":[{"embeddable":true,"href":"https:\/\/xstyle.md\/ro\/wp-json\/wp\/v2\/comments?post=105041"}],"wp:featuredmedia":[{"embeddable":true,"href":"https:\/\/xstyle.md\/ro\/wp-json\/wp\/v2\/media\/105450"}],"wp:attachment":[{"href":"https:\/\/xstyle.md\/ro\/wp-json\/wp\/v2\/media?parent=105041"}],"wp:term":[{"taxonomy":"product_brand","embeddable":true,"href":"https:\/\/xstyle.md\/ro\/wp-json\/wp\/v2\/product_brand?post=105041"},{"taxonomy":"product_cat","embeddable":true,"href":"https:\/\/xstyle.md\/ro\/wp-json\/wp\/v2\/product_cat?post=105041"},{"taxonomy":"product_tag","embeddable":true,"href":"https:\/\/xstyle.md\/ro\/wp-json\/wp\/v2\/product_tag?post=105041"}],"curies":[{"name":"wp","href":"https:\/\/api.w.org\/{rel}","templated":true}]}}