{"id":105018,"date":"2026-04-08T13:20:12","date_gmt":"2026-04-08T10:20:12","guid":{"rendered":"https:\/\/xstyle.md\/?post_type=product&#038;p=105018"},"modified":"2026-04-09T15:57:47","modified_gmt":"2026-04-09T12:57:47","slug":"karabin-black-diamond-miniwire-alpine-qd","status":"publish","type":"product","link":"https:\/\/xstyle.md\/ro\/produs\/karabin-black-diamond-miniwire-alpine-qd\/","title":{"rendered":"Carabinier\u0103 Black Diamond MiniWire Alpine QD"},"content":{"rendered":"<\/p>\n<p><strong>Black Diamond MiniWire Alpine QD<\/strong> &#8212; este solu\u021bia ideal\u0103 pentru alpinism, escalad\u0103 pe ghea\u021b\u0103 \u0219i escalad\u0103 tradi\u021bional\u0103 (\u201etrad\u201d), unde fiecare gram conteaz\u0103. Aceast\u0103 bucl\u0103 echipat\u0103 \u201ealpin\u0103\u201d este format\u0103 din dou\u0103 dintre cele mai u\u0219oare carabiniere din gama Black Diamond \u2014 MiniWire \u2014 \u0219i o bucl\u0103 u\u0219oar\u0103 de 60 cm din material Dynex. Datorit\u0103 acestei construc\u021bii, poate fi utilizat\u0103 ca o bucl\u0103 scurt\u0103 sau transformat\u0103 rapid \u00eentr-o bucl\u0103 lung\u0103 pentru a reduce frecarea corzii pe traseele sinuoase.<\/p>\n<h3>Particularit\u0103\u021bi<\/h3>\n<ul>\n<li>Carabiniere MiniWire ultra-u\u0219oare \u2014 carabiniere forjate cu clapet\u0103 de s\u00e2rm\u0103 care minimizeaz\u0103 greutatea echipamentului \u0219i nu \u00eenghea\u021b\u0103 la temperaturi negative<\/li>\n<li>Bucl\u0103 transformabil\u0103 \u2014 bucla Dynex de 60 cm (8 mm) permite utilizarea echipamentului \u00een form\u0103 compact\u0103 sau extinderea pe toat\u0103 lungimea pentru a minimiza zig-zag-urile corzii<\/li>\n<li>Siguran\u021b\u0103 pe relief \u2014 clapeta de s\u00e2rm\u0103 elimin\u0103 efectul de \u201eflutter\u201d (deschiderea accidental\u0103 \u00een cazul \u00een care carabiniera se love\u0219te de st\u00e2nc\u0103)<\/li>\n<li>Compactitate \u2014 \u00een stare pliat\u0103, bucla ocup\u0103 la fel de pu\u021bin spa\u021biu ca un model sportiv standard, oferind \u00eens\u0103 o func\u021bionalitate mult mai mare<\/li>\n<\/ul>\n<h3>Caracteristici<\/h3>\n<ul>\n<li>Cantitate \u00een pachet \u2014 3 buc<\/li>\n<li>Material carabiniere \u2014 aliaj de aluminiu (forjat la cald)<\/li>\n<li>Material bucl\u0103 \u2014 Dynex (l\u0103\u021bime 8 mm, lungime 60 cm)<\/li>\n<li>Rezisten\u021b\u0103 cu clapeta \u00eenchis\u0103 \u2014 20 kN<\/li>\n<li>Rezisten\u021b\u0103 cu clapeta deschis\u0103 \u2014 7 kN<\/li>\n<li>Rezisten\u021b\u0103 pe axa mic\u0103 \u2014 7 kN<\/li>\n<li>Deschiderea clapetei \u2014 21 mm<\/li>\n<li>Greutatea unei bucle echipate \u2014 75 g<\/li>\n<\/ul>\n<h3>Tehnologii<\/h3>\n<ul>\n<li><strong>Dynex Runner<\/strong> \u2014 polietilen\u0103 cu greutate molecular\u0103 mare, care se remarc\u0103 prin rezisten\u021b\u0103 incredibil\u0103 la trac\u021biune, greutate redus\u0103 \u0219i absorb\u021bie minim\u0103 de ap\u0103.<\/li>\n<li><strong>Hot-Forged Construction<\/strong> \u2014 tehnologia de forjare la cald permite eliminarea metalului \u00een exces acolo unde nu este necesar \u0219i consolidarea punctelor critice, men\u021bin\u00e2nd o greutate minim\u0103.<\/li>\n<\/ul>\n<p><\/p>\n<h3>Marca<\/h3>\n<p>Black Diamond \u2014 este un produc\u0103tor american de echipamente sportive \u0219i outdoor de \u00eenalt\u0103 tehnologie, un dezvoltator legendar \u0219i \u201erevolu\u021bionar\u201d, unul dintre cele mai cunoscute m\u0103rci care exist\u0103 ast\u0103zi pe pia\u021ba global\u0103 de outdoor. Produsele companiei sunt larg reprezentate \u00een domenii precum alpinism \u0219i schi. \u00abFier\u00bb \u0219i carabine, echipamente pentru ghea\u021b\u0103, sisteme de siguran\u021b\u0103, c\u0103\u0219ti, rucsacuri, corturi, felinare, st\u00e2lpi telescopici, schiuri, bocanci, \u00eembr\u0103c\u0103minte \u2014 toate acestea au fost produse pentru multe decenii sub sigla Black Diamond, care \u00eentruchipeaz\u0103 tehnologia avansat\u0103 \u0219i este un garant de cea mai \u00eenalt\u0103 calitate, fiabilitate maxim\u0103 \u0219i confort \u00een utilizare.<\/p>","protected":false},"excerpt":{"rendered":"<p>\u0411\u0440\u0435\u043d\u0434 Black Diamond \u2013 \u0430\u043c\u0435\u0440\u0438\u043a\u0430\u043d\u0441\u043a\u0438\u0439 \u043f\u0440\u043e\u0438\u0437\u0432\u043e\u0434\u0438\u0442\u0435\u043b\u044c \u0432\u044b\u0441\u043e\u043a\u043e\u0442\u0435\u0445\u043d\u043e\u043b\u043e\u0433\u0438\u0447\u043d\u043e\u0433\u043e \u0441\u043f\u043e\u0440\u0442\u0438\u0432\u043d\u043e-\u0442\u0443\u0440\u0438\u0441\u0442\u0438\u0447\u0435\u0441\u043a\u043e\u0433\u043e \u0441\u043d\u0430\u0440\u044f\u0436\u0435\u043d\u0438\u044f, \u043b\u0435\u0433\u0435\u043d\u0434\u0430\u0440\u043d\u044b\u0439 \u0440\u0430\u0437\u0440\u0430\u0431\u043e\u0442\u0447\u0438\u043a \u0438 \u00ab\u0440\u0435\u0432\u043e\u043b\u044e\u0446\u0438\u043e\u043d\u0435\u0440\u00bb, \u043e\u0434\u0438\u043d \u0438\u0437 \u0441\u0430\u043c\u044b\u0445 \u0438\u0437\u0432\u0435\u0441\u0442\u043d\u044b\u0445 \u0438 \u0430\u0432\u0442\u043e\u0440\u0438\u0442\u0435\u0442\u043d\u044b\u0445 \u0431\u0440\u0435\u043d\u0434\u043e\u0432, \u0441\u0443\u0449\u0435\u0441\u0442\u0432\u0443\u044e\u0449\u0438\u0445 \u0441\u0435\u0433\u043e\u0434\u043d\u044f \u043d\u0430 \u043c\u0438\u0440\u043e\u0432\u043e\u043c outdoor-\u0440\u044b\u043d\u043a\u0435. \u041f\u0440\u043e\u0434\u0443\u043a\u0446\u0438\u0435\u0439 \u043a\u043e\u043c\u043f\u0430\u043d\u0438\u0438 \u0448\u0438\u0440\u043e\u043a\u043e \u043f\u0440\u0435\u0434\u0441\u0442\u0430\u0432\u043b\u0435\u043d\u044b \u0442\u0430\u043a\u0438\u0435 \u043d\u0430\u043f\u0440\u0430\u0432\u043b\u0435\u043d\u0438\u044f, \u043a\u0430\u043a \u0430\u043b\u044c\u043f\u0438\u043d\u0438\u0437\u043c, \u0441\u043a\u0430\u043b\u043e\u043b\u0430\u0437\u0430\u043d\u0438\u0435 \u0438 \u0433\u043e\u0440\u043d\u043e\u043b\u044b\u0436\u043d\u044b\u0439 \u0441\u043f\u043e\u0440\u0442.\u00ab\u0416\u0435\u043b\u0435\u0437\u043e\u00bb \u0438 \u043a\u0430\u0440\u0430\u0431\u0438\u043d\u044b, \u043b\u0435\u0434\u043e\u0432\u043e\u0435 \u0441\u043d\u0430\u0440\u044f\u0436\u0435\u043d\u0438\u0435, \u0441\u0442\u0440\u0430\u0445\u043e\u0432\u043e\u0447\u043d\u044b\u0435 \u0441\u0438\u0441\u0442\u0435\u043c\u044b, \u043a\u0430\u0441\u043a\u0438, \u0440\u044e\u043a\u0437\u0430\u043a\u0438, \u043f\u0430\u043b\u0430\u0442\u043a\u0438, \u0444\u043e\u043d\u0430\u0440\u0438, \u0442\u0435\u043b\u0435\u0441\u043a\u043e\u043f\u0438\u0447\u0435\u0441\u043a\u0438\u0435 \u043f\u0430\u043b\u043a\u0438, \u043b\u044b\u0436\u0438, \u0431\u043e\u0442\u0438\u043d\u043a\u0438, \u043e\u0434\u0435\u0436\u0434\u0430 \u2013 \u0432\u0441\u0435 \u044d\u0442\u043e [&hellip;]<\/p>\n","protected":false},"featured_media":105378,"comment_status":"open","ping_status":"closed","template":"","meta":{"_acf_changed":false,"inline_featured_image":false},"product_brand":[1306],"product_cat":[159],"product_tag":[],"class_list":{"0":"post-105018","1":"product","2":"type-product","3":"status-publish","4":"has-post-thumbnail","6":"product_brand-black-diamond","7":"product_cat-carabiners","9":"first","10":"instock","11":"shipping-taxable","12":"purchasable","13":"product-type-simple"},"acf":[],"yoast_head":"<!-- This site is optimized with the Yoast SEO plugin v27.2 - https:\/\/yoast.com\/product\/yoast-seo-wordpress\/ -->\n<title>\u041a\u0430\u0440\u0430\u0431\u0438\u043d Black Diamond MiniWire Alpine QD - \u041c\u0430\u0433\u0430\u0437\u0438\u043d Xstyle<\/title>\n<meta name=\"robots\" content=\"index, follow, max-snippet:-1, max-image-preview:large, max-video-preview:-1\" \/>\n<link rel=\"canonical\" href=\"https:\/\/xstyle.md\/ro\/produs\/karabin-black-diamond-miniwire-alpine-qd\/\" \/>\n<meta property=\"og:locale\" content=\"ro_RO\" \/>\n<meta property=\"og:type\" content=\"article\" \/>\n<meta property=\"og:title\" content=\"\u041a\u0430\u0440\u0430\u0431\u0438\u043d Black Diamond MiniWire Alpine QD - \u041c\u0430\u0433\u0430\u0437\u0438\u043d Xstyle\" \/>\n<meta property=\"og:description\" content=\"\u0411\u0440\u0435\u043d\u0434 Black Diamond \u2013 \u0430\u043c\u0435\u0440\u0438\u043a\u0430\u043d\u0441\u043a\u0438\u0439 \u043f\u0440\u043e\u0438\u0437\u0432\u043e\u0434\u0438\u0442\u0435\u043b\u044c \u0432\u044b\u0441\u043e\u043a\u043e\u0442\u0435\u0445\u043d\u043e\u043b\u043e\u0433\u0438\u0447\u043d\u043e\u0433\u043e \u0441\u043f\u043e\u0440\u0442\u0438\u0432\u043d\u043e-\u0442\u0443\u0440\u0438\u0441\u0442\u0438\u0447\u0435\u0441\u043a\u043e\u0433\u043e \u0441\u043d\u0430\u0440\u044f\u0436\u0435\u043d\u0438\u044f, \u043b\u0435\u0433\u0435\u043d\u0434\u0430\u0440\u043d\u044b\u0439 \u0440\u0430\u0437\u0440\u0430\u0431\u043e\u0442\u0447\u0438\u043a \u0438 \u00ab\u0440\u0435\u0432\u043e\u043b\u044e\u0446\u0438\u043e\u043d\u0435\u0440\u00bb, \u043e\u0434\u0438\u043d \u0438\u0437 \u0441\u0430\u043c\u044b\u0445 \u0438\u0437\u0432\u0435\u0441\u0442\u043d\u044b\u0445 \u0438 \u0430\u0432\u0442\u043e\u0440\u0438\u0442\u0435\u0442\u043d\u044b\u0445 \u0431\u0440\u0435\u043d\u0434\u043e\u0432, \u0441\u0443\u0449\u0435\u0441\u0442\u0432\u0443\u044e\u0449\u0438\u0445 \u0441\u0435\u0433\u043e\u0434\u043d\u044f \u043d\u0430 \u043c\u0438\u0440\u043e\u0432\u043e\u043c outdoor-\u0440\u044b\u043d\u043a\u0435. \u041f\u0440\u043e\u0434\u0443\u043a\u0446\u0438\u0435\u0439 \u043a\u043e\u043c\u043f\u0430\u043d\u0438\u0438 \u0448\u0438\u0440\u043e\u043a\u043e \u043f\u0440\u0435\u0434\u0441\u0442\u0430\u0432\u043b\u0435\u043d\u044b \u0442\u0430\u043a\u0438\u0435 \u043d\u0430\u043f\u0440\u0430\u0432\u043b\u0435\u043d\u0438\u044f, \u043a\u0430\u043a \u0430\u043b\u044c\u043f\u0438\u043d\u0438\u0437\u043c, \u0441\u043a\u0430\u043b\u043e\u043b\u0430\u0437\u0430\u043d\u0438\u0435 \u0438 \u0433\u043e\u0440\u043d\u043e\u043b\u044b\u0436\u043d\u044b\u0439 \u0441\u043f\u043e\u0440\u0442.\u00ab\u0416\u0435\u043b\u0435\u0437\u043e\u00bb \u0438 \u043a\u0430\u0440\u0430\u0431\u0438\u043d\u044b, \u043b\u0435\u0434\u043e\u0432\u043e\u0435 \u0441\u043d\u0430\u0440\u044f\u0436\u0435\u043d\u0438\u0435, \u0441\u0442\u0440\u0430\u0445\u043e\u0432\u043e\u0447\u043d\u044b\u0435 \u0441\u0438\u0441\u0442\u0435\u043c\u044b, \u043a\u0430\u0441\u043a\u0438, \u0440\u044e\u043a\u0437\u0430\u043a\u0438, \u043f\u0430\u043b\u0430\u0442\u043a\u0438, \u0444\u043e\u043d\u0430\u0440\u0438, \u0442\u0435\u043b\u0435\u0441\u043a\u043e\u043f\u0438\u0447\u0435\u0441\u043a\u0438\u0435 \u043f\u0430\u043b\u043a\u0438, \u043b\u044b\u0436\u0438, \u0431\u043e\u0442\u0438\u043d\u043a\u0438, \u043e\u0434\u0435\u0436\u0434\u0430 \u2013 \u0432\u0441\u0435 \u044d\u0442\u043e [&hellip;]\" \/>\n<meta property=\"og:url\" content=\"https:\/\/xstyle.md\/ro\/produs\/karabin-black-diamond-miniwire-alpine-qd\/\" \/>\n<meta property=\"og:site_name\" content=\"\u041c\u0430\u0433\u0430\u0437\u0438\u043d Xstyle\" \/>\n<meta property=\"article:publisher\" content=\"https:\/\/www.facebook.com\/xstylemd\" \/>\n<meta property=\"article:modified_time\" content=\"2026-04-09T12:57:47+00:00\" \/>\n<meta property=\"og:image\" content=\"https:\/\/xstyle.md\/wp-content\/uploads\/2026\/04\/black-diamond-miniwire-alpine-qd-1.webp\" \/>\n\t<meta property=\"og:image:width\" content=\"1200\" \/>\n\t<meta property=\"og:image:height\" content=\"1200\" \/>\n\t<meta property=\"og:image:type\" content=\"image\/webp\" \/>\n<meta name=\"twitter:card\" content=\"summary_large_image\" \/>\n<meta name=\"twitter:label1\" content=\"Pre\u021b\" \/>\n\t<meta name=\"twitter:data1\" content=\"575&nbsp;MDL\" \/>\n\t<meta name=\"twitter:label2\" content=\"Disponibilitate\" \/>\n\t<meta name=\"twitter:data2\" content=\"\u00cen stoc\" \/>\n<script type=\"application\/ld+json\" class=\"yoast-schema-graph\">{\"@context\":\"https:\/\/schema.org\",\"@graph\":[{\"@type\":\"WebPage\",\"@id\":\"https:\/\/xstyle.md\/product\/karabin-black-diamond-miniwire-alpine-qd\/\",\"url\":\"https:\/\/xstyle.md\/product\/karabin-black-diamond-miniwire-alpine-qd\/\",\"name\":\"\u041a\u0430\u0440\u0430\u0431\u0438\u043d Black Diamond MiniWire Alpine QD - \u041c\u0430\u0433\u0430\u0437\u0438\u043d Xstyle\",\"isPartOf\":{\"@id\":\"https:\/\/xstyle.md\/#website\"},\"primaryImageOfPage\":{\"@id\":\"https:\/\/xstyle.md\/product\/karabin-black-diamond-miniwire-alpine-qd\/#primaryimage\"},\"image\":{\"@id\":\"https:\/\/xstyle.md\/product\/karabin-black-diamond-miniwire-alpine-qd\/#primaryimage\"},\"thumbnailUrl\":\"https:\/\/xstyle.md\/wp-content\/uploads\/2026\/04\/black-diamond-miniwire-alpine-qd-1.webp\",\"datePublished\":\"2026-04-08T10:20:12+00:00\",\"dateModified\":\"2026-04-09T12:57:47+00:00\",\"breadcrumb\":{\"@id\":\"https:\/\/xstyle.md\/product\/karabin-black-diamond-miniwire-alpine-qd\/#breadcrumb\"},\"inLanguage\":\"ro-RO\",\"potentialAction\":[{\"@type\":\"ReadAction\",\"target\":[\"https:\/\/xstyle.md\/product\/karabin-black-diamond-miniwire-alpine-qd\/\"]}]},{\"@type\":\"ImageObject\",\"inLanguage\":\"ro-RO\",\"@id\":\"https:\/\/xstyle.md\/product\/karabin-black-diamond-miniwire-alpine-qd\/#primaryimage\",\"url\":\"https:\/\/xstyle.md\/wp-content\/uploads\/2026\/04\/black-diamond-miniwire-alpine-qd-1.webp\",\"contentUrl\":\"https:\/\/xstyle.md\/wp-content\/uploads\/2026\/04\/black-diamond-miniwire-alpine-qd-1.webp\",\"width\":1200,\"height\":1200},{\"@type\":\"BreadcrumbList\",\"@id\":\"https:\/\/xstyle.md\/product\/karabin-black-diamond-miniwire-alpine-qd\/#breadcrumb\",\"itemListElement\":[{\"@type\":\"ListItem\",\"position\":1,\"name\":\"\u0413\u043b\u0430\u0432\u043d\u0430\u044f \u0441\u0442\u0440\u0430\u043d\u0438\u0446\u0430\",\"item\":\"https:\/\/xstyle.md\/\"},{\"@type\":\"ListItem\",\"position\":2,\"name\":\"\u041c\u0430\u0433\u0430\u0437\u0438\u043d\",\"item\":\"https:\/\/xstyle.md\/shop\/\"},{\"@type\":\"ListItem\",\"position\":3,\"name\":\"\u041a\u0430\u0440\u0430\u0431\u0438\u043d Black Diamond MiniWire Alpine QD\"}]},{\"@type\":\"WebSite\",\"@id\":\"https:\/\/xstyle.md\/#website\",\"url\":\"https:\/\/xstyle.md\/\",\"name\":\"\u041c\u0430\u0433\u0430\u0437\u0438\u043d Xstyle\",\"description\":\"C\u043d\u0430\u0440\u044f\u0436\u0435\u043d\u0438\u0435 \u0434\u043b\u044f \u0442\u0443\u0440\u0438\u0437\u043c\u0430 \u0438 \u044d\u043a\u0441\u0442\u0440\u0435\u043c\u0430\u043b\u044c\u043d\u044b\u0445 \u0432\u0438\u0434\u043e\u0432 \u0441\u043f\u043e\u0440\u0442\u0430 \u0432 \u041c\u043e\u043b\u0434\u043e\u0432\u0435.. \u0426\u0435\u043d\u044b, \u0444\u043e\u0442\u043e, \u0445\u0430\u0440\u0430\u043a\u0442\u0435\u0440\u0438\u0441\u0442\u0438\u043a\u0438 \u0432 \u041c\u043e\u043b\u0434\u043e\u0432\u0435.\",\"publisher\":{\"@id\":\"https:\/\/xstyle.md\/#organization\"},\"alternateName\":\"X-Style\",\"potentialAction\":[{\"@type\":\"SearchAction\",\"target\":{\"@type\":\"EntryPoint\",\"urlTemplate\":\"https:\/\/xstyle.md\/?s={search_term_string}\"},\"query-input\":{\"@type\":\"PropertyValueSpecification\",\"valueRequired\":true,\"valueName\":\"search_term_string\"}}],\"inLanguage\":\"ro-RO\"},{\"@type\":\"Organization\",\"@id\":\"https:\/\/xstyle.md\/#organization\",\"name\":\"\u041c\u0430\u0433\u0430\u0437\u0438\u043d Xstyle\",\"alternateName\":\"x-style\",\"url\":\"https:\/\/xstyle.md\/\",\"logo\":{\"@type\":\"ImageObject\",\"inLanguage\":\"ro-RO\",\"@id\":\"https:\/\/xstyle.md\/#\/schema\/logo\/image\/\",\"url\":\"https:\/\/xstyle.md\/wp-content\/uploads\/2020\/06\/logoicon.svg\",\"contentUrl\":\"https:\/\/xstyle.md\/wp-content\/uploads\/2020\/06\/logoicon.svg\",\"caption\":\"\u041c\u0430\u0433\u0430\u0437\u0438\u043d Xstyle\"},\"image\":{\"@id\":\"https:\/\/xstyle.md\/#\/schema\/logo\/image\/\"},\"sameAs\":[\"https:\/\/www.facebook.com\/xstylemd\",\"https:\/\/www.instagram.com\/xstyle_md\/\",\"https:\/\/t.me\/xstyle_outdoor\"],\"hasMerchantReturnPolicy\":{\"@type\":\"MerchantReturnPolicy\",\"merchantReturnLink\":\"https:\/\/xstyle.md\/ro\/conditions\/\"}}]}<\/script>\n<meta property=\"product:price:amount\" content=\"575.00\" \/>\n<meta property=\"product:price:currency\" content=\"MDL\" \/>\n<meta property=\"og:availability\" content=\"instock\" \/>\n<meta property=\"product:availability\" content=\"instock\" \/>\n<meta property=\"product:retailer_item_id\" content=\"793661432326\" \/>\n<meta property=\"product:condition\" content=\"new\" \/>\n<!-- \/ Yoast SEO plugin. -->","yoast_head_json":{"title":"\u041a\u0430\u0440\u0430\u0431\u0438\u043d Black Diamond MiniWire Alpine QD - \u041c\u0430\u0433\u0430\u0437\u0438\u043d Xstyle","robots":{"index":"index","follow":"follow","max-snippet":"max-snippet:-1","max-image-preview":"max-image-preview:large","max-video-preview":"max-video-preview:-1"},"canonical":"https:\/\/xstyle.md\/ro\/produs\/karabin-black-diamond-miniwire-alpine-qd\/","og_locale":"ro_RO","og_type":"article","og_title":"\u041a\u0430\u0440\u0430\u0431\u0438\u043d Black Diamond MiniWire Alpine QD - \u041c\u0430\u0433\u0430\u0437\u0438\u043d Xstyle","og_description":"\u0411\u0440\u0435\u043d\u0434 Black Diamond \u2013 \u0430\u043c\u0435\u0440\u0438\u043a\u0430\u043d\u0441\u043a\u0438\u0439 \u043f\u0440\u043e\u0438\u0437\u0432\u043e\u0434\u0438\u0442\u0435\u043b\u044c \u0432\u044b\u0441\u043e\u043a\u043e\u0442\u0435\u0445\u043d\u043e\u043b\u043e\u0433\u0438\u0447\u043d\u043e\u0433\u043e \u0441\u043f\u043e\u0440\u0442\u0438\u0432\u043d\u043e-\u0442\u0443\u0440\u0438\u0441\u0442\u0438\u0447\u0435\u0441\u043a\u043e\u0433\u043e \u0441\u043d\u0430\u0440\u044f\u0436\u0435\u043d\u0438\u044f, \u043b\u0435\u0433\u0435\u043d\u0434\u0430\u0440\u043d\u044b\u0439 \u0440\u0430\u0437\u0440\u0430\u0431\u043e\u0442\u0447\u0438\u043a \u0438 \u00ab\u0440\u0435\u0432\u043e\u043b\u044e\u0446\u0438\u043e\u043d\u0435\u0440\u00bb, \u043e\u0434\u0438\u043d \u0438\u0437 \u0441\u0430\u043c\u044b\u0445 \u0438\u0437\u0432\u0435\u0441\u0442\u043d\u044b\u0445 \u0438 \u0430\u0432\u0442\u043e\u0440\u0438\u0442\u0435\u0442\u043d\u044b\u0445 \u0431\u0440\u0435\u043d\u0434\u043e\u0432, \u0441\u0443\u0449\u0435\u0441\u0442\u0432\u0443\u044e\u0449\u0438\u0445 \u0441\u0435\u0433\u043e\u0434\u043d\u044f \u043d\u0430 \u043c\u0438\u0440\u043e\u0432\u043e\u043c outdoor-\u0440\u044b\u043d\u043a\u0435. \u041f\u0440\u043e\u0434\u0443\u043a\u0446\u0438\u0435\u0439 \u043a\u043e\u043c\u043f\u0430\u043d\u0438\u0438 \u0448\u0438\u0440\u043e\u043a\u043e \u043f\u0440\u0435\u0434\u0441\u0442\u0430\u0432\u043b\u0435\u043d\u044b \u0442\u0430\u043a\u0438\u0435 \u043d\u0430\u043f\u0440\u0430\u0432\u043b\u0435\u043d\u0438\u044f, \u043a\u0430\u043a \u0430\u043b\u044c\u043f\u0438\u043d\u0438\u0437\u043c, \u0441\u043a\u0430\u043b\u043e\u043b\u0430\u0437\u0430\u043d\u0438\u0435 \u0438 \u0433\u043e\u0440\u043d\u043e\u043b\u044b\u0436\u043d\u044b\u0439 \u0441\u043f\u043e\u0440\u0442.\u00ab\u0416\u0435\u043b\u0435\u0437\u043e\u00bb \u0438 \u043a\u0430\u0440\u0430\u0431\u0438\u043d\u044b, \u043b\u0435\u0434\u043e\u0432\u043e\u0435 \u0441\u043d\u0430\u0440\u044f\u0436\u0435\u043d\u0438\u0435, \u0441\u0442\u0440\u0430\u0445\u043e\u0432\u043e\u0447\u043d\u044b\u0435 \u0441\u0438\u0441\u0442\u0435\u043c\u044b, \u043a\u0430\u0441\u043a\u0438, \u0440\u044e\u043a\u0437\u0430\u043a\u0438, \u043f\u0430\u043b\u0430\u0442\u043a\u0438, \u0444\u043e\u043d\u0430\u0440\u0438, \u0442\u0435\u043b\u0435\u0441\u043a\u043e\u043f\u0438\u0447\u0435\u0441\u043a\u0438\u0435 \u043f\u0430\u043b\u043a\u0438, \u043b\u044b\u0436\u0438, \u0431\u043e\u0442\u0438\u043d\u043a\u0438, \u043e\u0434\u0435\u0436\u0434\u0430 \u2013 \u0432\u0441\u0435 \u044d\u0442\u043e [&hellip;]","og_url":"https:\/\/xstyle.md\/ro\/produs\/karabin-black-diamond-miniwire-alpine-qd\/","og_site_name":"\u041c\u0430\u0433\u0430\u0437\u0438\u043d Xstyle","article_publisher":"https:\/\/www.facebook.com\/xstylemd","article_modified_time":"2026-04-09T12:57:47+00:00","og_image":[{"width":1200,"height":1200,"url":"https:\/\/xstyle.md\/wp-content\/uploads\/2026\/04\/black-diamond-miniwire-alpine-qd-1.webp","type":"image\/webp"}],"twitter_card":"summary_large_image","twitter_misc":{"Pre\u021b":"575&nbsp;MDL","Disponibilitate":"\u00cen stoc"},"schema":{"@context":"https:\/\/schema.org","@graph":[{"@type":"WebPage","@id":"https:\/\/xstyle.md\/product\/karabin-black-diamond-miniwire-alpine-qd\/","url":"https:\/\/xstyle.md\/product\/karabin-black-diamond-miniwire-alpine-qd\/","name":"\u041a\u0430\u0440\u0430\u0431\u0438\u043d Black Diamond MiniWire Alpine QD - \u041c\u0430\u0433\u0430\u0437\u0438\u043d Xstyle","isPartOf":{"@id":"https:\/\/xstyle.md\/#website"},"primaryImageOfPage":{"@id":"https:\/\/xstyle.md\/product\/karabin-black-diamond-miniwire-alpine-qd\/#primaryimage"},"image":{"@id":"https:\/\/xstyle.md\/product\/karabin-black-diamond-miniwire-alpine-qd\/#primaryimage"},"thumbnailUrl":"https:\/\/xstyle.md\/wp-content\/uploads\/2026\/04\/black-diamond-miniwire-alpine-qd-1.webp","datePublished":"2026-04-08T10:20:12+00:00","dateModified":"2026-04-09T12:57:47+00:00","breadcrumb":{"@id":"https:\/\/xstyle.md\/product\/karabin-black-diamond-miniwire-alpine-qd\/#breadcrumb"},"inLanguage":"ro-RO","potentialAction":[{"@type":"ReadAction","target":["https:\/\/xstyle.md\/product\/karabin-black-diamond-miniwire-alpine-qd\/"]}]},{"@type":"ImageObject","inLanguage":"ro-RO","@id":"https:\/\/xstyle.md\/product\/karabin-black-diamond-miniwire-alpine-qd\/#primaryimage","url":"https:\/\/xstyle.md\/wp-content\/uploads\/2026\/04\/black-diamond-miniwire-alpine-qd-1.webp","contentUrl":"https:\/\/xstyle.md\/wp-content\/uploads\/2026\/04\/black-diamond-miniwire-alpine-qd-1.webp","width":1200,"height":1200},{"@type":"BreadcrumbList","@id":"https:\/\/xstyle.md\/product\/karabin-black-diamond-miniwire-alpine-qd\/#breadcrumb","itemListElement":[{"@type":"ListItem","position":1,"name":"\u0413\u043b\u0430\u0432\u043d\u0430\u044f \u0441\u0442\u0440\u0430\u043d\u0438\u0446\u0430","item":"https:\/\/xstyle.md\/"},{"@type":"ListItem","position":2,"name":"\u041c\u0430\u0433\u0430\u0437\u0438\u043d","item":"https:\/\/xstyle.md\/shop\/"},{"@type":"ListItem","position":3,"name":"\u041a\u0430\u0440\u0430\u0431\u0438\u043d Black Diamond MiniWire Alpine QD"}]},{"@type":"WebSite","@id":"https:\/\/xstyle.md\/#website","url":"https:\/\/xstyle.md\/","name":"Magazinul X-Style","description":"Echipamente pentru turism \u0219i sporturi extreme \u00een Moldova. Pre\u021buri, fotografii, caracteristici \u00een Moldova.","publisher":{"@id":"https:\/\/xstyle.md\/#organization"},"alternateName":"X-Style","potentialAction":[{"@type":"SearchAction","target":{"@type":"EntryPoint","urlTemplate":"https:\/\/xstyle.md\/?s={search_term_string}"},"query-input":{"@type":"PropertyValueSpecification","valueRequired":true,"valueName":"search_term_string"}}],"inLanguage":"ro-RO"},{"@type":"Organization","@id":"https:\/\/xstyle.md\/#organization","name":"Magazinul X-Style","alternateName":"x-style","url":"https:\/\/xstyle.md\/","logo":{"@type":"ImageObject","inLanguage":"ro-RO","@id":"https:\/\/xstyle.md\/#\/schema\/logo\/image\/","url":"https:\/\/xstyle.md\/wp-content\/uploads\/2020\/06\/logoicon.svg","contentUrl":"https:\/\/xstyle.md\/wp-content\/uploads\/2020\/06\/logoicon.svg","caption":"\u041c\u0430\u0433\u0430\u0437\u0438\u043d Xstyle"},"image":{"@id":"https:\/\/xstyle.md\/#\/schema\/logo\/image\/"},"sameAs":["https:\/\/www.facebook.com\/xstylemd","https:\/\/www.instagram.com\/xstyle_md\/","https:\/\/t.me\/xstyle_outdoor"],"hasMerchantReturnPolicy":{"@type":"MerchantReturnPolicy","merchantReturnLink":"https:\/\/xstyle.md\/ro\/conditions\/"}}]},"product_price_amount":"575.00","product_price_currency":"MDL","og_availability":"instock","product_availability":"instock","product_retailer_item_id":"793661432326","product_condition":"new"},"post_mailing_queue_ids":[],"_links":{"self":[{"href":"https:\/\/xstyle.md\/ro\/wp-json\/wp\/v2\/product\/105018","targetHints":{"allow":["GET"]}}],"collection":[{"href":"https:\/\/xstyle.md\/ro\/wp-json\/wp\/v2\/product"}],"about":[{"href":"https:\/\/xstyle.md\/ro\/wp-json\/wp\/v2\/types\/product"}],"replies":[{"embeddable":true,"href":"https:\/\/xstyle.md\/ro\/wp-json\/wp\/v2\/comments?post=105018"}],"wp:featuredmedia":[{"embeddable":true,"href":"https:\/\/xstyle.md\/ro\/wp-json\/wp\/v2\/media\/105378"}],"wp:attachment":[{"href":"https:\/\/xstyle.md\/ro\/wp-json\/wp\/v2\/media?parent=105018"}],"wp:term":[{"taxonomy":"product_brand","embeddable":true,"href":"https:\/\/xstyle.md\/ro\/wp-json\/wp\/v2\/product_brand?post=105018"},{"taxonomy":"product_cat","embeddable":true,"href":"https:\/\/xstyle.md\/ro\/wp-json\/wp\/v2\/product_cat?post=105018"},{"taxonomy":"product_tag","embeddable":true,"href":"https:\/\/xstyle.md\/ro\/wp-json\/wp\/v2\/product_tag?post=105018"}],"curies":[{"name":"wp","href":"https:\/\/api.w.org\/{rel}","templated":true}]}}