{"id":10493,"date":"2020-07-17T10:23:57","date_gmt":"2020-07-17T07:23:57","guid":{"rendered":"https:\/\/xstyle.md\/product\/gornolyzhnye-palki-elan-sp-hotrod-jr"},"modified":"2024-10-02T21:27:14","modified_gmt":"2024-10-02T18:27:14","slug":"gornolyzhnye-palki-elan-sp-hotrod-jr","status":"publish","type":"product","link":"https:\/\/xstyle.md\/ro\/produs\/gornolyzhnye-palki-elan-sp-hotrod-jr\/","title":{"rendered":"Be\u021be schi Elan SP Hot Rod JR anth"},"content":{"rendered":"<\/p>\n<p><strong>Be\u021be de schi Elan SP HOTrod JR<\/strong> &#8212; bete u\u0219oare concepute pentru c\u0103l\u0103re\u021bii tineri.<\/p>\n<h3>Particularit\u0103\u021bi<\/h3>\n<ul>\n<li>M\u00e2ner proiectat ergonomic cu \u0219nur pentru o prindere confortabil\u0103<\/li>\n<li>Construc\u021bie u\u0219oar\u0103 \u0219i rigid\u0103 datorit\u0103 aliajului de aluminiu<\/li>\n<li>Co\u0219ul rotund din plastic cu un diametru de 50 mm este u\u0219or de instalat \u0219i nu v\u0103 va permite s\u0103 c\u0103de\u021bi prin z\u0103pad\u0103<\/li>\n<li>V\u00e2rful m\u0103rit din o\u021bel va fixa \u00een siguran\u021b\u0103 unghiul chiar \u0219i pe ghea\u021b\u0103.<\/li>\n<\/ul>\n<h3>Caracteristici<\/h3>\n<ul>\n<li>Materialul bra\u021bului &#8212; aluminiu 5038<\/li>\n<li>Diametrul arborelui &#8212; 14 -16 mm<\/li>\n<li>Diametrul inelului &#8212; 50 mm<\/li>\n<li>M\u00e2ner &#8212; JR Ergonomic Grip negru STRAP negru<\/li>\n<li>Lungime &#8212; 70 &#8212; 110 mm<\/li>\n<li>V\u00e2rf &#8212; o\u021bel<\/li>\n<li>Scop &#8212; universal.<\/li>\n<\/ul>\n<h3>Tehnologie<\/h3>\n<ul>\n<li><strong>ALU 5038<\/strong> &#8212; este u\u0219or, rezistent \u0219i unul dintre cele mai rezistente aliaje de aluminiu pentru aeronave disponibile. Aceast\u0103 u\u0219urin\u021b\u0103 \u0219i rezisten\u021b\u0103 v\u0103 vor men\u021bine \u00eencrederea \u00een orice drume\u021bie.<\/li>\n<\/ul>\n<h3>Marca<\/h3>\n<p>Elan Group este un produc\u0103tor \u0219i furnizor de top de echipamente sportive \u0219i de agrement. Compania este prezent\u0103 pe aceast\u0103 pia\u021b\u0103 de mai bine de 60 de ani. Toate activit\u0103\u021bile Elan sunt axate pe dezvoltarea tehnic\u0103 a produselor \u0219i pe tehnologia avansat\u0103 exprimat\u0103 prin design progresiv. Printre activit\u0103\u021bile Grupului Elan se num\u0103r\u0103: schi alpin \u0219i snowboarding, iahturi cu vele \u00een larg \u0219i furnizarea de facilit\u0103\u021bi sportive cu toate echipamentele necesare.<\/p>\n<p><\/p>","protected":false},"excerpt":{"rendered":"<p>\u0413\u043e\u0440\u043d\u043e\u043b\u044b\u0436\u043d\u044b\u0435 \u043f\u0430\u043b\u043a\u0438 Elan SP Hot Rod JR<\/p>","protected":false},"featured_media":88761,"comment_status":"open","ping_status":"closed","template":"","meta":{"_acf_changed":false,"inline_featured_image":false},"product_brand":[1315],"product_cat":[399],"product_tag":[],"class_list":{"0":"post-10493","1":"product","2":"type-product","3":"status-publish","4":"has-post-thumbnail","6":"product_brand-elan","7":"product_cat-ski-poles","9":"first","10":"instock","11":"shipping-taxable","12":"purchasable","13":"product-type-simple"},"acf":[],"yoast_head":"<!-- This site is optimized with the Yoast SEO plugin v27.2 - https:\/\/yoast.com\/product\/yoast-seo-wordpress\/ -->\n<title>\u0413\u043e\u0440\u043d\u043e\u043b\u044b\u0436\u043d\u044b\u0435 \u043f\u0430\u043b\u043a\u0438 Elan SP Hot Rod JR anth - \u041c\u0430\u0433\u0430\u0437\u0438\u043d Xstyle<\/title>\n<meta name=\"description\" content=\"\u0411\u0443\u0434\u044c\u0442\u0435 \u0433\u043e\u0442\u043e\u0432\u044b \u043a \u0437\u0438\u043c\u043d\u0438\u043c \u043f\u0440\u0438\u043a\u043b\u044e\u0447\u0435\u043d\u0438\u044f\u043c \u0441 \u0433\u043e\u0440\u043d\u043e\u043b\u044b\u0436\u043d\u044b\u043c\u0438 \u043f\u0430\u043b\u043a\u0430\u043c\u0438 Elan SP Hot Rod JR! \u041b\u0435\u0433\u043a\u0438\u0435, \u044d\u0440\u0433\u043e\u043d\u043e\u043c\u0438\u0447\u043d\u044b\u0435 \u0438 \u043f\u0440\u043e\u0447\u043d\u044b\u0435. \u0418\u0434\u0435\u0430\u043b\u044c\u043d\u044b \u0434\u043b\u044f \u044e\u043d\u044b\u0445 \u043b\u044b\u0436\u043d\u0438\u043a\u043e\u0432!\" \/>\n<meta name=\"robots\" content=\"index, follow, max-snippet:-1, max-image-preview:large, max-video-preview:-1\" \/>\n<link rel=\"canonical\" href=\"https:\/\/xstyle.md\/ro\/produs\/gornolyzhnye-palki-elan-sp-hotrod-jr\/\" \/>\n<meta property=\"og:locale\" content=\"ro_RO\" \/>\n<meta property=\"og:type\" content=\"article\" \/>\n<meta property=\"og:title\" content=\"\u0413\u043e\u0440\u043d\u043e\u043b\u044b\u0436\u043d\u044b\u0435 \u043f\u0430\u043b\u043a\u0438 Elan SP Hot Rod JR anth - \u041c\u0430\u0433\u0430\u0437\u0438\u043d Xstyle\" \/>\n<meta property=\"og:description\" content=\"\u0411\u0443\u0434\u044c\u0442\u0435 \u0433\u043e\u0442\u043e\u0432\u044b \u043a \u0437\u0438\u043c\u043d\u0438\u043c \u043f\u0440\u0438\u043a\u043b\u044e\u0447\u0435\u043d\u0438\u044f\u043c \u0441 \u0433\u043e\u0440\u043d\u043e\u043b\u044b\u0436\u043d\u044b\u043c\u0438 \u043f\u0430\u043b\u043a\u0430\u043c\u0438 Elan SP Hot Rod JR! \u041b\u0435\u0433\u043a\u0438\u0435, \u044d\u0440\u0433\u043e\u043d\u043e\u043c\u0438\u0447\u043d\u044b\u0435 \u0438 \u043f\u0440\u043e\u0447\u043d\u044b\u0435. \u0418\u0434\u0435\u0430\u043b\u044c\u043d\u044b \u0434\u043b\u044f \u044e\u043d\u044b\u0445 \u043b\u044b\u0436\u043d\u0438\u043a\u043e\u0432!\" \/>\n<meta property=\"og:url\" content=\"https:\/\/xstyle.md\/ro\/produs\/gornolyzhnye-palki-elan-sp-hotrod-jr\/\" \/>\n<meta property=\"og:site_name\" content=\"\u041c\u0430\u0433\u0430\u0437\u0438\u043d Xstyle\" \/>\n<meta property=\"article:publisher\" content=\"https:\/\/www.facebook.com\/xstylemd\" \/>\n<meta property=\"article:modified_time\" content=\"2024-10-02T18:27:14+00:00\" \/>\n<meta property=\"og:image\" content=\"https:\/\/xstyle.md\/wp-content\/uploads\/2020\/07\/elan-sp-hot-rod-jr-anth.jpg\" \/>\n\t<meta property=\"og:image:width\" content=\"1000\" \/>\n\t<meta property=\"og:image:height\" content=\"1000\" \/>\n\t<meta property=\"og:image:type\" content=\"image\/jpeg\" \/>\n<meta name=\"twitter:card\" content=\"summary_large_image\" \/>\n<meta name=\"twitter:label1\" content=\"Pre\u021b\" \/>\n\t<meta name=\"twitter:data1\" content=\"295&nbsp;MDL\" \/>\n\t<meta name=\"twitter:label2\" content=\"Disponibilitate\" \/>\n\t<meta name=\"twitter:data2\" content=\"\u00cen stoc\" \/>\n<script type=\"application\/ld+json\" class=\"yoast-schema-graph\">{\"@context\":\"https:\/\/schema.org\",\"@graph\":[{\"@type\":\"WebPage\",\"@id\":\"https:\/\/xstyle.md\/product\/gornolyzhnye-palki-elan-sp-hotrod-jr\/\",\"url\":\"https:\/\/xstyle.md\/product\/gornolyzhnye-palki-elan-sp-hotrod-jr\/\",\"name\":\"\u0413\u043e\u0440\u043d\u043e\u043b\u044b\u0436\u043d\u044b\u0435 \u043f\u0430\u043b\u043a\u0438 Elan SP Hot Rod JR anth - \u041c\u0430\u0433\u0430\u0437\u0438\u043d Xstyle\",\"isPartOf\":{\"@id\":\"https:\/\/xstyle.md\/#website\"},\"primaryImageOfPage\":{\"@id\":\"https:\/\/xstyle.md\/product\/gornolyzhnye-palki-elan-sp-hotrod-jr\/#primaryimage\"},\"image\":{\"@id\":\"https:\/\/xstyle.md\/product\/gornolyzhnye-palki-elan-sp-hotrod-jr\/#primaryimage\"},\"thumbnailUrl\":\"https:\/\/xstyle.md\/wp-content\/uploads\/2020\/07\/elan-sp-hot-rod-jr-anth.jpg\",\"datePublished\":\"2020-07-17T07:23:57+00:00\",\"dateModified\":\"2024-10-02T18:27:14+00:00\",\"description\":\"\u0411\u0443\u0434\u044c\u0442\u0435 \u0433\u043e\u0442\u043e\u0432\u044b \u043a \u0437\u0438\u043c\u043d\u0438\u043c \u043f\u0440\u0438\u043a\u043b\u044e\u0447\u0435\u043d\u0438\u044f\u043c \u0441 \u0433\u043e\u0440\u043d\u043e\u043b\u044b\u0436\u043d\u044b\u043c\u0438 \u043f\u0430\u043b\u043a\u0430\u043c\u0438 Elan SP Hot Rod JR! \u041b\u0435\u0433\u043a\u0438\u0435, \u044d\u0440\u0433\u043e\u043d\u043e\u043c\u0438\u0447\u043d\u044b\u0435 \u0438 \u043f\u0440\u043e\u0447\u043d\u044b\u0435. \u0418\u0434\u0435\u0430\u043b\u044c\u043d\u044b \u0434\u043b\u044f \u044e\u043d\u044b\u0445 \u043b\u044b\u0436\u043d\u0438\u043a\u043e\u0432!\",\"breadcrumb\":{\"@id\":\"https:\/\/xstyle.md\/product\/gornolyzhnye-palki-elan-sp-hotrod-jr\/#breadcrumb\"},\"inLanguage\":\"ro-RO\",\"potentialAction\":[{\"@type\":\"ReadAction\",\"target\":[\"https:\/\/xstyle.md\/product\/gornolyzhnye-palki-elan-sp-hotrod-jr\/\"]}]},{\"@type\":\"ImageObject\",\"inLanguage\":\"ro-RO\",\"@id\":\"https:\/\/xstyle.md\/product\/gornolyzhnye-palki-elan-sp-hotrod-jr\/#primaryimage\",\"url\":\"https:\/\/xstyle.md\/wp-content\/uploads\/2020\/07\/elan-sp-hot-rod-jr-anth.jpg\",\"contentUrl\":\"https:\/\/xstyle.md\/wp-content\/uploads\/2020\/07\/elan-sp-hot-rod-jr-anth.jpg\",\"width\":1000,\"height\":1000,\"caption\":\"\u041a\u0440\u043e\u0441\u0441\u043e\u0432\u043a\u0438 Elan \u0434\u043b\u044f \u0430\u043a\u0442\u0438\u0432\u043d\u043e\u0433\u043e \u043e\u0442\u0434\u044b\u0445\u0430, \u0438\u0434\u0435\u0430\u043b\u044c\u043d\u044b\u0435 \u0434\u043b\u044f \u043f\u0443\u0442\u0435\u0448\u0435\u0441\u0442\u0432\u0438\u0439, \u043f\u043e\u0445\u043e\u0434\u043e\u0432 \u0438 \u0430\u043b\u044c\u043f\u0438\u043d\u0438\u0437\u043c\u0430, \u0443\u0434\u043e\u0431\u043d\u044b\u0435 \u0438 \u0441\u0442\u0438\u043b\u044c\u043d\u044b\u0435 \u0434\u043b\u044f \u0430\u043a\u0442\u0438\u0432\u043d\u043e\u0439 \u0436\u0438\u0437\u043d\u0438.\"},{\"@type\":\"BreadcrumbList\",\"@id\":\"https:\/\/xstyle.md\/product\/gornolyzhnye-palki-elan-sp-hotrod-jr\/#breadcrumb\",\"itemListElement\":[{\"@type\":\"ListItem\",\"position\":1,\"name\":\"\u0413\u043b\u0430\u0432\u043d\u0430\u044f \u0441\u0442\u0440\u0430\u043d\u0438\u0446\u0430\",\"item\":\"https:\/\/xstyle.md\/\"},{\"@type\":\"ListItem\",\"position\":2,\"name\":\"\u041c\u0430\u0433\u0430\u0437\u0438\u043d\",\"item\":\"https:\/\/xstyle.md\/shop\/\"},{\"@type\":\"ListItem\",\"position\":3,\"name\":\"\u0413\u043e\u0440\u043d\u043e\u043b\u044b\u0436\u043d\u044b\u0435 \u043f\u0430\u043b\u043a\u0438 Elan SP Hot Rod JR anth\"}]},{\"@type\":\"WebSite\",\"@id\":\"https:\/\/xstyle.md\/#website\",\"url\":\"https:\/\/xstyle.md\/\",\"name\":\"\u041c\u0430\u0433\u0430\u0437\u0438\u043d Xstyle\",\"description\":\"C\u043d\u0430\u0440\u044f\u0436\u0435\u043d\u0438\u0435 \u0434\u043b\u044f \u0442\u0443\u0440\u0438\u0437\u043c\u0430 \u0438 \u044d\u043a\u0441\u0442\u0440\u0435\u043c\u0430\u043b\u044c\u043d\u044b\u0445 \u0432\u0438\u0434\u043e\u0432 \u0441\u043f\u043e\u0440\u0442\u0430 \u0432 \u041c\u043e\u043b\u0434\u043e\u0432\u0435.. \u0426\u0435\u043d\u044b, \u0444\u043e\u0442\u043e, \u0445\u0430\u0440\u0430\u043a\u0442\u0435\u0440\u0438\u0441\u0442\u0438\u043a\u0438 \u0432 \u041c\u043e\u043b\u0434\u043e\u0432\u0435.\",\"publisher\":{\"@id\":\"https:\/\/xstyle.md\/#organization\"},\"alternateName\":\"X-Style\",\"potentialAction\":[{\"@type\":\"SearchAction\",\"target\":{\"@type\":\"EntryPoint\",\"urlTemplate\":\"https:\/\/xstyle.md\/?s={search_term_string}\"},\"query-input\":{\"@type\":\"PropertyValueSpecification\",\"valueRequired\":true,\"valueName\":\"search_term_string\"}}],\"inLanguage\":\"ro-RO\"},{\"@type\":\"Organization\",\"@id\":\"https:\/\/xstyle.md\/#organization\",\"name\":\"\u041c\u0430\u0433\u0430\u0437\u0438\u043d Xstyle\",\"alternateName\":\"x-style\",\"url\":\"https:\/\/xstyle.md\/\",\"logo\":{\"@type\":\"ImageObject\",\"inLanguage\":\"ro-RO\",\"@id\":\"https:\/\/xstyle.md\/#\/schema\/logo\/image\/\",\"url\":\"https:\/\/xstyle.md\/wp-content\/uploads\/2020\/06\/logoicon.svg\",\"contentUrl\":\"https:\/\/xstyle.md\/wp-content\/uploads\/2020\/06\/logoicon.svg\",\"caption\":\"\u041c\u0430\u0433\u0430\u0437\u0438\u043d Xstyle\"},\"image\":{\"@id\":\"https:\/\/xstyle.md\/#\/schema\/logo\/image\/\"},\"sameAs\":[\"https:\/\/www.facebook.com\/xstylemd\",\"https:\/\/www.instagram.com\/xstyle_md\/\",\"https:\/\/t.me\/xstyle_outdoor\"],\"hasMerchantReturnPolicy\":{\"@type\":\"MerchantReturnPolicy\",\"merchantReturnLink\":\"https:\/\/xstyle.md\/ro\/conditions\/\"}}]}<\/script>\n<meta property=\"product:price:amount\" content=\"295.00\" \/>\n<meta property=\"product:price:currency\" content=\"MDL\" \/>\n<meta property=\"og:availability\" content=\"instock\" \/>\n<meta property=\"product:availability\" content=\"instock\" \/>\n<meta property=\"product:retailer_item_id\" content=\"3838855647944\" \/>\n<meta property=\"product:condition\" content=\"new\" \/>\n<!-- \/ Yoast SEO plugin. -->","yoast_head_json":{"title":"Be\u021be de schi Elan SP HOTrod JR anth - Magazin Xstyle","description":"Fi\u021bi preg\u0103ti\u021bi pentru aventuri de iarn\u0103 cu be\u021bele de schi Elan SP Hot Rod JR! U\u0219oare, ergonomice \u0219i rezistente. Ideale pentru tinerii schiori!","robots":{"index":"index","follow":"follow","max-snippet":"max-snippet:-1","max-image-preview":"max-image-preview:large","max-video-preview":"max-video-preview:-1"},"canonical":"https:\/\/xstyle.md\/ro\/produs\/gornolyzhnye-palki-elan-sp-hotrod-jr\/","og_locale":"ro_RO","og_type":"article","og_title":"\u0413\u043e\u0440\u043d\u043e\u043b\u044b\u0436\u043d\u044b\u0435 \u043f\u0430\u043b\u043a\u0438 Elan SP Hot Rod JR anth - \u041c\u0430\u0433\u0430\u0437\u0438\u043d Xstyle","og_description":"\u0411\u0443\u0434\u044c\u0442\u0435 \u0433\u043e\u0442\u043e\u0432\u044b \u043a \u0437\u0438\u043c\u043d\u0438\u043c \u043f\u0440\u0438\u043a\u043b\u044e\u0447\u0435\u043d\u0438\u044f\u043c \u0441 \u0433\u043e\u0440\u043d\u043e\u043b\u044b\u0436\u043d\u044b\u043c\u0438 \u043f\u0430\u043b\u043a\u0430\u043c\u0438 Elan SP Hot Rod JR! \u041b\u0435\u0433\u043a\u0438\u0435, \u044d\u0440\u0433\u043e\u043d\u043e\u043c\u0438\u0447\u043d\u044b\u0435 \u0438 \u043f\u0440\u043e\u0447\u043d\u044b\u0435. \u0418\u0434\u0435\u0430\u043b\u044c\u043d\u044b \u0434\u043b\u044f \u044e\u043d\u044b\u0445 \u043b\u044b\u0436\u043d\u0438\u043a\u043e\u0432!","og_url":"https:\/\/xstyle.md\/ro\/produs\/gornolyzhnye-palki-elan-sp-hotrod-jr\/","og_site_name":"\u041c\u0430\u0433\u0430\u0437\u0438\u043d Xstyle","article_publisher":"https:\/\/www.facebook.com\/xstylemd","article_modified_time":"2024-10-02T18:27:14+00:00","og_image":[{"width":1000,"height":1000,"url":"https:\/\/xstyle.md\/wp-content\/uploads\/2020\/07\/elan-sp-hot-rod-jr-anth.jpg","type":"image\/jpeg"}],"twitter_card":"summary_large_image","twitter_misc":{"Pre\u021b":"295&nbsp;MDL","Disponibilitate":"\u00cen stoc"},"schema":{"@context":"https:\/\/schema.org","@graph":[{"@type":"WebPage","@id":"https:\/\/xstyle.md\/product\/gornolyzhnye-palki-elan-sp-hotrod-jr\/","url":"https:\/\/xstyle.md\/product\/gornolyzhnye-palki-elan-sp-hotrod-jr\/","name":"Be\u021be de schi Elan SP HOTrod JR anth - Magazin Xstyle","isPartOf":{"@id":"https:\/\/xstyle.md\/#website"},"primaryImageOfPage":{"@id":"https:\/\/xstyle.md\/product\/gornolyzhnye-palki-elan-sp-hotrod-jr\/#primaryimage"},"image":{"@id":"https:\/\/xstyle.md\/product\/gornolyzhnye-palki-elan-sp-hotrod-jr\/#primaryimage"},"thumbnailUrl":"https:\/\/xstyle.md\/wp-content\/uploads\/2020\/07\/elan-sp-hot-rod-jr-anth.jpg","datePublished":"2020-07-17T07:23:57+00:00","dateModified":"2024-10-02T18:27:14+00:00","description":"Fi\u021bi preg\u0103ti\u021bi pentru aventuri de iarn\u0103 cu be\u021bele de schi Elan SP Hot Rod JR! U\u0219oare, ergonomice \u0219i rezistente. Ideale pentru tinerii schiori!","breadcrumb":{"@id":"https:\/\/xstyle.md\/product\/gornolyzhnye-palki-elan-sp-hotrod-jr\/#breadcrumb"},"inLanguage":"ro-RO","potentialAction":[{"@type":"ReadAction","target":["https:\/\/xstyle.md\/product\/gornolyzhnye-palki-elan-sp-hotrod-jr\/"]}]},{"@type":"ImageObject","inLanguage":"ro-RO","@id":"https:\/\/xstyle.md\/product\/gornolyzhnye-palki-elan-sp-hotrod-jr\/#primaryimage","url":"https:\/\/xstyle.md\/wp-content\/uploads\/2020\/07\/elan-sp-hot-rod-jr-anth.jpg","contentUrl":"https:\/\/xstyle.md\/wp-content\/uploads\/2020\/07\/elan-sp-hot-rod-jr-anth.jpg","width":1000,"height":1000,"caption":"\u041a\u0440\u043e\u0441\u0441\u043e\u0432\u043a\u0438 Elan \u0434\u043b\u044f \u0430\u043a\u0442\u0438\u0432\u043d\u043e\u0433\u043e \u043e\u0442\u0434\u044b\u0445\u0430, \u0438\u0434\u0435\u0430\u043b\u044c\u043d\u044b\u0435 \u0434\u043b\u044f \u043f\u0443\u0442\u0435\u0448\u0435\u0441\u0442\u0432\u0438\u0439, \u043f\u043e\u0445\u043e\u0434\u043e\u0432 \u0438 \u0430\u043b\u044c\u043f\u0438\u043d\u0438\u0437\u043c\u0430, \u0443\u0434\u043e\u0431\u043d\u044b\u0435 \u0438 \u0441\u0442\u0438\u043b\u044c\u043d\u044b\u0435 \u0434\u043b\u044f \u0430\u043a\u0442\u0438\u0432\u043d\u043e\u0439 \u0436\u0438\u0437\u043d\u0438."},{"@type":"BreadcrumbList","@id":"https:\/\/xstyle.md\/product\/gornolyzhnye-palki-elan-sp-hotrod-jr\/#breadcrumb","itemListElement":[{"@type":"ListItem","position":1,"name":"\u0413\u043b\u0430\u0432\u043d\u0430\u044f \u0441\u0442\u0440\u0430\u043d\u0438\u0446\u0430","item":"https:\/\/xstyle.md\/"},{"@type":"ListItem","position":2,"name":"\u041c\u0430\u0433\u0430\u0437\u0438\u043d","item":"https:\/\/xstyle.md\/shop\/"},{"@type":"ListItem","position":3,"name":"\u0413\u043e\u0440\u043d\u043e\u043b\u044b\u0436\u043d\u044b\u0435 \u043f\u0430\u043b\u043a\u0438 Elan SP Hot Rod JR anth"}]},{"@type":"WebSite","@id":"https:\/\/xstyle.md\/#website","url":"https:\/\/xstyle.md\/","name":"Magazinul X-Style","description":"Echipamente pentru turism \u0219i sporturi extreme \u00een Moldova. Pre\u021buri, fotografii, caracteristici \u00een Moldova.","publisher":{"@id":"https:\/\/xstyle.md\/#organization"},"alternateName":"X-Style","potentialAction":[{"@type":"SearchAction","target":{"@type":"EntryPoint","urlTemplate":"https:\/\/xstyle.md\/?s={search_term_string}"},"query-input":{"@type":"PropertyValueSpecification","valueRequired":true,"valueName":"search_term_string"}}],"inLanguage":"ro-RO"},{"@type":"Organization","@id":"https:\/\/xstyle.md\/#organization","name":"Magazinul X-Style","alternateName":"x-style","url":"https:\/\/xstyle.md\/","logo":{"@type":"ImageObject","inLanguage":"ro-RO","@id":"https:\/\/xstyle.md\/#\/schema\/logo\/image\/","url":"https:\/\/xstyle.md\/wp-content\/uploads\/2020\/06\/logoicon.svg","contentUrl":"https:\/\/xstyle.md\/wp-content\/uploads\/2020\/06\/logoicon.svg","caption":"\u041c\u0430\u0433\u0430\u0437\u0438\u043d Xstyle"},"image":{"@id":"https:\/\/xstyle.md\/#\/schema\/logo\/image\/"},"sameAs":["https:\/\/www.facebook.com\/xstylemd","https:\/\/www.instagram.com\/xstyle_md\/","https:\/\/t.me\/xstyle_outdoor"],"hasMerchantReturnPolicy":{"@type":"MerchantReturnPolicy","merchantReturnLink":"https:\/\/xstyle.md\/ro\/conditions\/"}}]},"product_price_amount":"295.00","product_price_currency":"MDL","og_availability":"instock","product_availability":"instock","product_retailer_item_id":"3838855647944","product_condition":"new"},"post_mailing_queue_ids":[],"_links":{"self":[{"href":"https:\/\/xstyle.md\/ro\/wp-json\/wp\/v2\/product\/10493","targetHints":{"allow":["GET"]}}],"collection":[{"href":"https:\/\/xstyle.md\/ro\/wp-json\/wp\/v2\/product"}],"about":[{"href":"https:\/\/xstyle.md\/ro\/wp-json\/wp\/v2\/types\/product"}],"replies":[{"embeddable":true,"href":"https:\/\/xstyle.md\/ro\/wp-json\/wp\/v2\/comments?post=10493"}],"wp:featuredmedia":[{"embeddable":true,"href":"https:\/\/xstyle.md\/ro\/wp-json\/wp\/v2\/media\/88761"}],"wp:attachment":[{"href":"https:\/\/xstyle.md\/ro\/wp-json\/wp\/v2\/media?parent=10493"}],"wp:term":[{"taxonomy":"product_brand","embeddable":true,"href":"https:\/\/xstyle.md\/ro\/wp-json\/wp\/v2\/product_brand?post=10493"},{"taxonomy":"product_cat","embeddable":true,"href":"https:\/\/xstyle.md\/ro\/wp-json\/wp\/v2\/product_cat?post=10493"},{"taxonomy":"product_tag","embeddable":true,"href":"https:\/\/xstyle.md\/ro\/wp-json\/wp\/v2\/product_tag?post=10493"}],"curies":[{"name":"wp","href":"https:\/\/api.w.org\/{rel}","templated":true}]}}