{"id":1049,"date":"2020-07-16T16:02:37","date_gmt":"2020-07-16T13:02:37","guid":{"rendered":"https:\/\/xstyle.md\/product\/nabor-posudy-msr-alpine-2-pot-set"},"modified":"2025-10-24T12:30:19","modified_gmt":"2025-10-24T09:30:19","slug":"nabor-posudy-msr-alpine-2-pot-set","status":"publish","type":"product","link":"https:\/\/xstyle.md\/ro\/produs\/nabor-posudy-msr-alpine-2-pot-set\/","title":{"rendered":"Set vase MSR Alpine 2 Pot Set"},"content":{"rendered":"<\/p>\n<p><strong>Set vase MSR Alpine 2 Pot Set &#8212;\u00a0<\/strong>din 2 crati\u021be f\u0103r\u0103 m\u00e2nere \u0219i 1 capac, care poate fi folosit ca o tigaie \u0219i boluri. De asemenea, setul include un m\u00e2ner deta\u0219abil. Fabricat din o\u021bel inoxidabil durabil, astfel \u00eenc\u00e2t poate fi folosit chiar \u0219i \u00een cele mai dure condi\u021bii meteorologice. Perfect pentru un picnic, merg\u00e2nd la natur\u0103 cu o companie mare.<\/p>\n<h3><strong>Particularit\u0103\u021bi\u00a0<\/strong><\/h3>\n<ul>\n<li>Fabricat din o\u021bel inoxidabil &#8212; puternic \u0219i durabil<\/li>\n<li>Design ergonomic \u0219i compact &#8212; se pliaz\u0103 ca o p\u0103pu\u0219\u0103 matrio\u0219ka<\/li>\n<li>Capacul se potrive\u0219te pe ambele tig\u0103i<\/li>\n<li>Capacul poate fi folosit ca tigaie pentru pr\u0103jitur\u0103<\/li>\n<\/ul>\n<h3><strong>Setul include<\/strong><\/h3>\n<ul>\n<li>1,5 l crati\u021b\u0103<\/li>\n<li>2 l crati\u021b\u0103<\/li>\n<li>capacul \/ tigaia<\/li>\n<li>m\u00e2ner deta\u0219abil<\/li>\n<\/ul>\n<h3>Caracteristici<\/h3>\n<ul>\n<li>Material - o\u021bel inoxidabil<\/li>\n<li>Dimensiuni &#8212; 20,8&#215;11,2 cm<\/li>\n<li>Greutate &#8212; 0,73 kg.<\/li>\n<\/ul>\n<h3>Marca<\/h3>\n<p>MSR \u2013 un cunoscut produc\u0103tor de articole sportive care produce echipamente pentru alpini\u0219tii profesioni\u0219ti \u0219i pentru cei care prefer\u0103 activit\u0103\u021bile de agrement \u00een aer liber. Produsele sunt concepute pentru a face c\u00e2t mai u\u0219or posibil ca o persoan\u0103 s\u0103 r\u0103m\u00e2n\u0103 \u00een aer liber pentru perioade lungi de timp. Acestea sunt dispozitive universale care pot fi folosite at\u00e2t \u00eentr-o drume\u021bie obi\u0219nuit\u0103, c\u00e2t \u0219i \u00eentr-o expedi\u021bie complex\u0103.<\/p>\n<p><\/p>","protected":false},"excerpt":{"rendered":"<p>Set vase MSR Alpine 2 Pot Set<\/p>","protected":false},"featured_media":1048,"comment_status":"open","ping_status":"closed","template":"","meta":{"_acf_changed":false,"inline_featured_image":false},"product_brand":[1279],"product_cat":[84],"product_tag":[],"class_list":{"0":"post-1049","1":"product","2":"type-product","3":"status-publish","4":"has-post-thumbnail","6":"product_brand-msr","7":"product_cat-pots","9":"first","10":"instock","11":"shipping-taxable","12":"purchasable","13":"product-type-simple"},"acf":[],"yoast_head":"<!-- This site is optimized with the Yoast SEO plugin v27.2 - https:\/\/yoast.com\/product\/yoast-seo-wordpress\/ -->\n<title>\u041d\u0430\u0431\u043e\u0440 \u043a\u0430\u0441\u0442\u0440\u044e\u043b\u044c MSR Alpine 2 Pot Set - \u041c\u0430\u0433\u0430\u0437\u0438\u043d Xstyle<\/title>\n<meta name=\"description\" content=\"\u041d\u0430\u0431\u043e\u0440 \u043a\u0430\u0441\u0442\u0440\u044e\u043b\u044c MSR Alpine 2 \u0432 1: \u0434\u0432\u0435 \u043a\u0430\u0441\u0442\u0440\u044e\u043b\u0438 \u0431\u0435\u0437 \u0440\u0443\u0447\u0435\u043a, \u043a\u0440\u044b\u0448\u043a\u0430-\u0441\u043a\u043e\u0432\u043e\u0440\u043e\u0434\u0430, \u0441\u044a\u0435\u043c\u043d\u0430\u044f \u0440\u0443\u0447\u043a\u0430. \u0418\u0434\u0435\u0430\u043b\u0435\u043d \u0434\u043b\u044f \u043f\u0438\u043a\u043d\u0438\u043a\u043e\u0432 \u0438 \u0432\u044b\u0435\u0437\u0434\u043e\u0432 \u043d\u0430 \u043f\u0440\u0438\u0440\u043e\u0434\u0443.\" \/>\n<meta name=\"robots\" content=\"index, follow, max-snippet:-1, max-image-preview:large, max-video-preview:-1\" \/>\n<link rel=\"canonical\" href=\"https:\/\/xstyle.md\/ro\/produs\/nabor-posudy-msr-alpine-2-pot-set\/\" \/>\n<meta property=\"og:locale\" content=\"ro_RO\" \/>\n<meta property=\"og:type\" content=\"article\" \/>\n<meta property=\"og:title\" content=\"\u041d\u0430\u0431\u043e\u0440 \u043a\u0430\u0441\u0442\u0440\u044e\u043b\u044c MSR Alpine 2 Pot Set - \u041c\u0430\u0433\u0430\u0437\u0438\u043d Xstyle\" \/>\n<meta property=\"og:description\" content=\"\u041d\u0430\u0431\u043e\u0440 \u043a\u0430\u0441\u0442\u0440\u044e\u043b\u044c MSR Alpine 2 \u0432 1: \u0434\u0432\u0435 \u043a\u0430\u0441\u0442\u0440\u044e\u043b\u0438 \u0431\u0435\u0437 \u0440\u0443\u0447\u0435\u043a, \u043a\u0440\u044b\u0448\u043a\u0430-\u0441\u043a\u043e\u0432\u043e\u0440\u043e\u0434\u0430, \u0441\u044a\u0435\u043c\u043d\u0430\u044f \u0440\u0443\u0447\u043a\u0430. \u0418\u0434\u0435\u0430\u043b\u0435\u043d \u0434\u043b\u044f \u043f\u0438\u043a\u043d\u0438\u043a\u043e\u0432 \u0438 \u0432\u044b\u0435\u0437\u0434\u043e\u0432 \u043d\u0430 \u043f\u0440\u0438\u0440\u043e\u0434\u0443.\" \/>\n<meta property=\"og:url\" content=\"https:\/\/xstyle.md\/ro\/produs\/nabor-posudy-msr-alpine-2-pot-set\/\" \/>\n<meta property=\"og:site_name\" content=\"\u041c\u0430\u0433\u0430\u0437\u0438\u043d Xstyle\" \/>\n<meta property=\"article:publisher\" content=\"https:\/\/www.facebook.com\/xstylemd\" \/>\n<meta property=\"article:modified_time\" content=\"2025-10-24T09:30:19+00:00\" \/>\n<meta property=\"og:image\" content=\"https:\/\/xstyle.md\/wp-content\/uploads\/2020\/07\/2pot.jpg\" \/>\n\t<meta property=\"og:image:width\" content=\"455\" \/>\n\t<meta property=\"og:image:height\" content=\"396\" \/>\n\t<meta property=\"og:image:type\" content=\"image\/jpeg\" \/>\n<meta name=\"twitter:card\" content=\"summary_large_image\" \/>\n<meta name=\"twitter:label1\" content=\"Pre\u021b\" \/>\n\t<meta name=\"twitter:data1\" content=\"1.540&nbsp;MDL\" \/>\n\t<meta name=\"twitter:label2\" content=\"Disponibilitate\" \/>\n\t<meta name=\"twitter:data2\" content=\"\u00cen stoc\" \/>\n<script type=\"application\/ld+json\" class=\"yoast-schema-graph\">{\"@context\":\"https:\/\/schema.org\",\"@graph\":[{\"@type\":\"WebPage\",\"@id\":\"https:\/\/xstyle.md\/product\/nabor-posudy-msr-alpine-2-pot-set\/\",\"url\":\"https:\/\/xstyle.md\/product\/nabor-posudy-msr-alpine-2-pot-set\/\",\"name\":\"\u041d\u0430\u0431\u043e\u0440 \u043a\u0430\u0441\u0442\u0440\u044e\u043b\u044c MSR Alpine 2 Pot Set - \u041c\u0430\u0433\u0430\u0437\u0438\u043d Xstyle\",\"isPartOf\":{\"@id\":\"https:\/\/xstyle.md\/#website\"},\"primaryImageOfPage\":{\"@id\":\"https:\/\/xstyle.md\/product\/nabor-posudy-msr-alpine-2-pot-set\/#primaryimage\"},\"image\":{\"@id\":\"https:\/\/xstyle.md\/product\/nabor-posudy-msr-alpine-2-pot-set\/#primaryimage\"},\"thumbnailUrl\":\"https:\/\/xstyle.md\/wp-content\/uploads\/2020\/07\/2pot.jpg\",\"datePublished\":\"2020-07-16T13:02:37+00:00\",\"dateModified\":\"2025-10-24T09:30:19+00:00\",\"description\":\"\u041d\u0430\u0431\u043e\u0440 \u043a\u0430\u0441\u0442\u0440\u044e\u043b\u044c MSR Alpine 2 \u0432 1: \u0434\u0432\u0435 \u043a\u0430\u0441\u0442\u0440\u044e\u043b\u0438 \u0431\u0435\u0437 \u0440\u0443\u0447\u0435\u043a, \u043a\u0440\u044b\u0448\u043a\u0430-\u0441\u043a\u043e\u0432\u043e\u0440\u043e\u0434\u0430, \u0441\u044a\u0435\u043c\u043d\u0430\u044f \u0440\u0443\u0447\u043a\u0430. \u0418\u0434\u0435\u0430\u043b\u0435\u043d \u0434\u043b\u044f \u043f\u0438\u043a\u043d\u0438\u043a\u043e\u0432 \u0438 \u0432\u044b\u0435\u0437\u0434\u043e\u0432 \u043d\u0430 \u043f\u0440\u0438\u0440\u043e\u0434\u0443.\",\"breadcrumb\":{\"@id\":\"https:\/\/xstyle.md\/product\/nabor-posudy-msr-alpine-2-pot-set\/#breadcrumb\"},\"inLanguage\":\"ro-RO\",\"potentialAction\":[{\"@type\":\"ReadAction\",\"target\":[\"https:\/\/xstyle.md\/product\/nabor-posudy-msr-alpine-2-pot-set\/\"]}]},{\"@type\":\"ImageObject\",\"inLanguage\":\"ro-RO\",\"@id\":\"https:\/\/xstyle.md\/product\/nabor-posudy-msr-alpine-2-pot-set\/#primaryimage\",\"url\":\"https:\/\/xstyle.md\/wp-content\/uploads\/2020\/07\/2pot.jpg\",\"contentUrl\":\"https:\/\/xstyle.md\/wp-content\/uploads\/2020\/07\/2pot.jpg\",\"width\":455,\"height\":396},{\"@type\":\"BreadcrumbList\",\"@id\":\"https:\/\/xstyle.md\/product\/nabor-posudy-msr-alpine-2-pot-set\/#breadcrumb\",\"itemListElement\":[{\"@type\":\"ListItem\",\"position\":1,\"name\":\"\u0413\u043b\u0430\u0432\u043d\u0430\u044f \u0441\u0442\u0440\u0430\u043d\u0438\u0446\u0430\",\"item\":\"https:\/\/xstyle.md\/\"},{\"@type\":\"ListItem\",\"position\":2,\"name\":\"\u041c\u0430\u0433\u0430\u0437\u0438\u043d\",\"item\":\"https:\/\/xstyle.md\/shop\/\"},{\"@type\":\"ListItem\",\"position\":3,\"name\":\"\u041d\u0430\u0431\u043e\u0440 \u043a\u0430\u0441\u0442\u0440\u044e\u043b\u044c MSR Alpine 2 Pot Set\"}]},{\"@type\":\"WebSite\",\"@id\":\"https:\/\/xstyle.md\/#website\",\"url\":\"https:\/\/xstyle.md\/\",\"name\":\"\u041c\u0430\u0433\u0430\u0437\u0438\u043d Xstyle\",\"description\":\"C\u043d\u0430\u0440\u044f\u0436\u0435\u043d\u0438\u0435 \u0434\u043b\u044f \u0442\u0443\u0440\u0438\u0437\u043c\u0430 \u0438 \u044d\u043a\u0441\u0442\u0440\u0435\u043c\u0430\u043b\u044c\u043d\u044b\u0445 \u0432\u0438\u0434\u043e\u0432 \u0441\u043f\u043e\u0440\u0442\u0430 \u0432 \u041c\u043e\u043b\u0434\u043e\u0432\u0435.. \u0426\u0435\u043d\u044b, \u0444\u043e\u0442\u043e, \u0445\u0430\u0440\u0430\u043a\u0442\u0435\u0440\u0438\u0441\u0442\u0438\u043a\u0438 \u0432 \u041c\u043e\u043b\u0434\u043e\u0432\u0435.\",\"publisher\":{\"@id\":\"https:\/\/xstyle.md\/#organization\"},\"alternateName\":\"X-Style\",\"potentialAction\":[{\"@type\":\"SearchAction\",\"target\":{\"@type\":\"EntryPoint\",\"urlTemplate\":\"https:\/\/xstyle.md\/?s={search_term_string}\"},\"query-input\":{\"@type\":\"PropertyValueSpecification\",\"valueRequired\":true,\"valueName\":\"search_term_string\"}}],\"inLanguage\":\"ro-RO\"},{\"@type\":\"Organization\",\"@id\":\"https:\/\/xstyle.md\/#organization\",\"name\":\"\u041c\u0430\u0433\u0430\u0437\u0438\u043d Xstyle\",\"alternateName\":\"x-style\",\"url\":\"https:\/\/xstyle.md\/\",\"logo\":{\"@type\":\"ImageObject\",\"inLanguage\":\"ro-RO\",\"@id\":\"https:\/\/xstyle.md\/#\/schema\/logo\/image\/\",\"url\":\"https:\/\/xstyle.md\/wp-content\/uploads\/2020\/06\/logoicon.svg\",\"contentUrl\":\"https:\/\/xstyle.md\/wp-content\/uploads\/2020\/06\/logoicon.svg\",\"caption\":\"\u041c\u0430\u0433\u0430\u0437\u0438\u043d Xstyle\"},\"image\":{\"@id\":\"https:\/\/xstyle.md\/#\/schema\/logo\/image\/\"},\"sameAs\":[\"https:\/\/www.facebook.com\/xstylemd\",\"https:\/\/www.instagram.com\/xstyle_md\/\",\"https:\/\/t.me\/xstyle_outdoor\"],\"hasMerchantReturnPolicy\":{\"@type\":\"MerchantReturnPolicy\",\"merchantReturnLink\":\"https:\/\/xstyle.md\/ro\/conditions\/\"}}]}<\/script>\n<meta property=\"product:price:amount\" content=\"1540.00\" \/>\n<meta property=\"product:price:currency\" content=\"MDL\" \/>\n<meta property=\"og:availability\" content=\"instock\" \/>\n<meta property=\"product:availability\" content=\"instock\" \/>\n<meta property=\"product:retailer_item_id\" content=\"40818217207\" \/>\n<meta property=\"product:condition\" content=\"new\" \/>\n<!-- \/ Yoast SEO plugin. -->","yoast_head_json":{"title":"Set vase MSR Alpine 2 Pot Set - Magazin Xstyle","description":"\u041d\u0430\u0431\u043e\u0440 \u043a\u0430\u0441\u0442\u0440\u044e\u043b\u044c MSR Alpine 2 \u0432 1: \u0434\u0432\u0435 \u043a\u0430\u0441\u0442\u0440\u044e\u043b\u0438 \u0431\u0435\u0437 \u0440\u0443\u0447\u0435\u043a, \u043a\u0440\u044b\u0448\u043a\u0430-\u0441\u043a\u043e\u0432\u043e\u0440\u043e\u0434\u0430, \u0441\u044a\u0435\u043c\u043d\u0430\u044f \u0440\u0443\u0447\u043a\u0430. \u0418\u0434\u0435\u0430\u043b\u0435\u043d \u0434\u043b\u044f \u043f\u0438\u043a\u043d\u0438\u043a\u043e\u0432 \u0438 \u0432\u044b\u0435\u0437\u0434\u043e\u0432 \u043d\u0430 \u043f\u0440\u0438\u0440\u043e\u0434\u0443.","robots":{"index":"index","follow":"follow","max-snippet":"max-snippet:-1","max-image-preview":"max-image-preview:large","max-video-preview":"max-video-preview:-1"},"canonical":"https:\/\/xstyle.md\/ro\/produs\/nabor-posudy-msr-alpine-2-pot-set\/","og_locale":"ro_RO","og_type":"article","og_title":"\u041d\u0430\u0431\u043e\u0440 \u043a\u0430\u0441\u0442\u0440\u044e\u043b\u044c MSR Alpine 2 Pot Set - \u041c\u0430\u0433\u0430\u0437\u0438\u043d Xstyle","og_description":"\u041d\u0430\u0431\u043e\u0440 \u043a\u0430\u0441\u0442\u0440\u044e\u043b\u044c MSR Alpine 2 \u0432 1: \u0434\u0432\u0435 \u043a\u0430\u0441\u0442\u0440\u044e\u043b\u0438 \u0431\u0435\u0437 \u0440\u0443\u0447\u0435\u043a, \u043a\u0440\u044b\u0448\u043a\u0430-\u0441\u043a\u043e\u0432\u043e\u0440\u043e\u0434\u0430, \u0441\u044a\u0435\u043c\u043d\u0430\u044f \u0440\u0443\u0447\u043a\u0430. \u0418\u0434\u0435\u0430\u043b\u0435\u043d \u0434\u043b\u044f \u043f\u0438\u043a\u043d\u0438\u043a\u043e\u0432 \u0438 \u0432\u044b\u0435\u0437\u0434\u043e\u0432 \u043d\u0430 \u043f\u0440\u0438\u0440\u043e\u0434\u0443.","og_url":"https:\/\/xstyle.md\/ro\/produs\/nabor-posudy-msr-alpine-2-pot-set\/","og_site_name":"\u041c\u0430\u0433\u0430\u0437\u0438\u043d Xstyle","article_publisher":"https:\/\/www.facebook.com\/xstylemd","article_modified_time":"2025-10-24T09:30:19+00:00","og_image":[{"width":455,"height":396,"url":"https:\/\/xstyle.md\/wp-content\/uploads\/2020\/07\/2pot.jpg","type":"image\/jpeg"}],"twitter_card":"summary_large_image","twitter_misc":{"Pre\u021b":"1.540&nbsp;MDL","Disponibilitate":"\u00cen stoc"},"schema":{"@context":"https:\/\/schema.org","@graph":[{"@type":"WebPage","@id":"https:\/\/xstyle.md\/product\/nabor-posudy-msr-alpine-2-pot-set\/","url":"https:\/\/xstyle.md\/product\/nabor-posudy-msr-alpine-2-pot-set\/","name":"Set vase MSR Alpine 2 Pot Set - Magazin Xstyle","isPartOf":{"@id":"https:\/\/xstyle.md\/#website"},"primaryImageOfPage":{"@id":"https:\/\/xstyle.md\/product\/nabor-posudy-msr-alpine-2-pot-set\/#primaryimage"},"image":{"@id":"https:\/\/xstyle.md\/product\/nabor-posudy-msr-alpine-2-pot-set\/#primaryimage"},"thumbnailUrl":"https:\/\/xstyle.md\/wp-content\/uploads\/2020\/07\/2pot.jpg","datePublished":"2020-07-16T13:02:37+00:00","dateModified":"2025-10-24T09:30:19+00:00","description":"\u041d\u0430\u0431\u043e\u0440 \u043a\u0430\u0441\u0442\u0440\u044e\u043b\u044c MSR Alpine 2 \u0432 1: \u0434\u0432\u0435 \u043a\u0430\u0441\u0442\u0440\u044e\u043b\u0438 \u0431\u0435\u0437 \u0440\u0443\u0447\u0435\u043a, \u043a\u0440\u044b\u0448\u043a\u0430-\u0441\u043a\u043e\u0432\u043e\u0440\u043e\u0434\u0430, \u0441\u044a\u0435\u043c\u043d\u0430\u044f \u0440\u0443\u0447\u043a\u0430. \u0418\u0434\u0435\u0430\u043b\u0435\u043d \u0434\u043b\u044f \u043f\u0438\u043a\u043d\u0438\u043a\u043e\u0432 \u0438 \u0432\u044b\u0435\u0437\u0434\u043e\u0432 \u043d\u0430 \u043f\u0440\u0438\u0440\u043e\u0434\u0443.","breadcrumb":{"@id":"https:\/\/xstyle.md\/product\/nabor-posudy-msr-alpine-2-pot-set\/#breadcrumb"},"inLanguage":"ro-RO","potentialAction":[{"@type":"ReadAction","target":["https:\/\/xstyle.md\/product\/nabor-posudy-msr-alpine-2-pot-set\/"]}]},{"@type":"ImageObject","inLanguage":"ro-RO","@id":"https:\/\/xstyle.md\/product\/nabor-posudy-msr-alpine-2-pot-set\/#primaryimage","url":"https:\/\/xstyle.md\/wp-content\/uploads\/2020\/07\/2pot.jpg","contentUrl":"https:\/\/xstyle.md\/wp-content\/uploads\/2020\/07\/2pot.jpg","width":455,"height":396},{"@type":"BreadcrumbList","@id":"https:\/\/xstyle.md\/product\/nabor-posudy-msr-alpine-2-pot-set\/#breadcrumb","itemListElement":[{"@type":"ListItem","position":1,"name":"\u0413\u043b\u0430\u0432\u043d\u0430\u044f \u0441\u0442\u0440\u0430\u043d\u0438\u0446\u0430","item":"https:\/\/xstyle.md\/"},{"@type":"ListItem","position":2,"name":"\u041c\u0430\u0433\u0430\u0437\u0438\u043d","item":"https:\/\/xstyle.md\/shop\/"},{"@type":"ListItem","position":3,"name":"\u041d\u0430\u0431\u043e\u0440 \u043a\u0430\u0441\u0442\u0440\u044e\u043b\u044c MSR Alpine 2 Pot Set"}]},{"@type":"WebSite","@id":"https:\/\/xstyle.md\/#website","url":"https:\/\/xstyle.md\/","name":"Magazinul X-Style","description":"Echipamente pentru turism \u0219i sporturi extreme \u00een Moldova. Pre\u021buri, fotografii, caracteristici \u00een Moldova.","publisher":{"@id":"https:\/\/xstyle.md\/#organization"},"alternateName":"X-Style","potentialAction":[{"@type":"SearchAction","target":{"@type":"EntryPoint","urlTemplate":"https:\/\/xstyle.md\/?s={search_term_string}"},"query-input":{"@type":"PropertyValueSpecification","valueRequired":true,"valueName":"search_term_string"}}],"inLanguage":"ro-RO"},{"@type":"Organization","@id":"https:\/\/xstyle.md\/#organization","name":"Magazinul X-Style","alternateName":"x-style","url":"https:\/\/xstyle.md\/","logo":{"@type":"ImageObject","inLanguage":"ro-RO","@id":"https:\/\/xstyle.md\/#\/schema\/logo\/image\/","url":"https:\/\/xstyle.md\/wp-content\/uploads\/2020\/06\/logoicon.svg","contentUrl":"https:\/\/xstyle.md\/wp-content\/uploads\/2020\/06\/logoicon.svg","caption":"\u041c\u0430\u0433\u0430\u0437\u0438\u043d Xstyle"},"image":{"@id":"https:\/\/xstyle.md\/#\/schema\/logo\/image\/"},"sameAs":["https:\/\/www.facebook.com\/xstylemd","https:\/\/www.instagram.com\/xstyle_md\/","https:\/\/t.me\/xstyle_outdoor"],"hasMerchantReturnPolicy":{"@type":"MerchantReturnPolicy","merchantReturnLink":"https:\/\/xstyle.md\/ro\/conditions\/"}}]},"product_price_amount":"1540.00","product_price_currency":"MDL","og_availability":"instock","product_availability":"instock","product_retailer_item_id":"40818217207","product_condition":"new"},"post_mailing_queue_ids":[],"_links":{"self":[{"href":"https:\/\/xstyle.md\/ro\/wp-json\/wp\/v2\/product\/1049","targetHints":{"allow":["GET"]}}],"collection":[{"href":"https:\/\/xstyle.md\/ro\/wp-json\/wp\/v2\/product"}],"about":[{"href":"https:\/\/xstyle.md\/ro\/wp-json\/wp\/v2\/types\/product"}],"replies":[{"embeddable":true,"href":"https:\/\/xstyle.md\/ro\/wp-json\/wp\/v2\/comments?post=1049"}],"wp:featuredmedia":[{"embeddable":true,"href":"https:\/\/xstyle.md\/ro\/wp-json\/wp\/v2\/media\/1048"}],"wp:attachment":[{"href":"https:\/\/xstyle.md\/ro\/wp-json\/wp\/v2\/media?parent=1049"}],"wp:term":[{"taxonomy":"product_brand","embeddable":true,"href":"https:\/\/xstyle.md\/ro\/wp-json\/wp\/v2\/product_brand?post=1049"},{"taxonomy":"product_cat","embeddable":true,"href":"https:\/\/xstyle.md\/ro\/wp-json\/wp\/v2\/product_cat?post=1049"},{"taxonomy":"product_tag","embeddable":true,"href":"https:\/\/xstyle.md\/ro\/wp-json\/wp\/v2\/product_tag?post=1049"}],"curies":[{"name":"wp","href":"https:\/\/api.w.org\/{rel}","templated":true}]}}