{"id":104816,"date":"2026-04-06T10:16:26","date_gmt":"2026-04-06T07:16:26","guid":{"rendered":"https:\/\/xstyle.md\/?post_type=product&#038;p=104816"},"modified":"2026-04-06T10:35:11","modified_gmt":"2026-04-06T07:35:11","slug":"shtany-ternua-raimi-jr-dark-lagoon","status":"publish","type":"product","link":"https:\/\/xstyle.md\/ro\/produs\/shtany-ternua-raimi-jr-dark-lagoon\/","title":{"rendered":"Pantaloni Ternua Raimi JR dark lagoon"},"content":{"rendered":"<p><\/p>\n<p><strong>Ternua Raimi<\/strong> &#8212; sunt pantaloni universali realiza\u021bi dintr-o \u021bes\u0103tur\u0103 bi-elastic\u0103, dotat\u0103 cu un \u00eenveli\u0219 hidrofob f\u0103r\u0103 PFC. Croiala ergonomic\u0103 \u0219i genunchii articula\u021bi asigur\u0103 libertatea de mi\u0219care necesar\u0103 \u00een timpul activit\u0103\u021bilor intense. Talia elastic\u0103 este suplimentar reglabil\u0103 printr-o curea tip band\u0103 cu cataram\u0103. Materialul este fabricat din resurse reciclate. Sunt ideali pentru trekking, hiking \u0219i turism.<\/p>\n<h3>Particularit\u0103\u021bi<\/h3>\n<ul>\n<li>Impregnare hidrofob\u0103<\/li>\n<li>Dou\u0103 buzunare laterale cu fermoar<\/li>\n<li>Buzunar pe coaps\u0103 cu \u00eenchidere prin fermoar<\/li>\n<li>Buzunar la spate cu fermoar<\/li>\n<li>Talie elastic\u0103 pentru un plus de confort<\/li>\n<li>Reglare cu curea inclus\u0103<\/li>\n<li>Genunchi articula\u021bi pentru mobilitate sporit\u0103<\/li>\n<li>Tiv reglabil la baz\u0103 cu opritor (\u0219nur elastic)<\/li>\n<\/ul>\n<h3>Caracteristici<\/h3>\n<ul>\n<li>Material \u2013 90% poliamid\u0103, 10% elastan<\/li>\n<li>Sezon \u2013 prim\u0103var\u0103 \/ toamn\u0103 \/ iarn\u0103<\/li>\n<li>Destina\u021bie \u2013 trekking \/ hiking \/ turism<\/li>\n<li>Model \u2013 copii (Junior)<\/li>\n<li>M\u0103rime \u2013 12<\/li>\n<\/ul>\n<h3>Tehnologii<\/h3>\n<ul>\n<li><strong>Shellstretch<\/strong> \u2014 o \u021bes\u0103tur\u0103 bi-elastic\u0103 pentru o mai bun\u0103 adaptare pe corp, care \u00ee\u0219i p\u0103streaz\u0103 \u00eentotdeauna forma, fiind totodat\u0103 rezistent\u0103 la uzur\u0103 \u0219i confortabil\u0103. Conceput\u0103 pentru a absorbi rapid transpira\u021bia \u0219i pentru a elimina umiditatea de pe corp, aceasta posed\u0103, de asemenea, un efect hidrofob. Materialul Shellstretch este ideal pentru activit\u0103\u021bi care necesit\u0103 o libertate total\u0103 de mi\u0219care, fiind alegerea perfect\u0103 pentru sporturile montane unde mobilitatea este esen\u021bial\u0103.<\/li>\n<li><strong>DWR (Durable Water Repellent)<\/strong> &#8212; este o impregnare de material hidrofug de suprafa\u021b\u0103 care \u00eembun\u0103t\u0103\u021be\u0219te propriet\u0103\u021bile func\u021bionale ale \u00eembr\u0103c\u0103mintei. Impregnarea \u00ee\u0219i p\u0103streaz\u0103 propriet\u0103\u021bile p\u00e2n\u0103 la 10 cicluri de sp\u0103lare \u0219i, \u00een acela\u0219i timp, poate fi re\u00eennoit\u0103 cu u\u0219urin\u021b\u0103 cu ajutorul unor produse pe baz\u0103 de spray disponibile \u00een mod obi\u0219nuit (de exemplu, Toko Textile Proof). Impregnarea DWR C6 este mai prietenoas\u0103 cu mediul.<\/li>\n<\/ul>\n<p><\/p>\n<h3>Marca<\/h3>\n<p>Ternua \u2014 un brand spaniol specializat \u00een produc\u021bia de \u00eembr\u0103c\u0103minte tehnice, func\u021bionale \u0219i inovatoare capabile s\u0103 se adapteze la cele mai nefavorabile condi\u021bii meteorologice. Spiritul antreprenorial \u0219i aventuros al v\u00e2n\u0103torilor de balene basci din secolul al XV-lea a inspirat crearea m\u0103rcii outdoor Ternua \u00een 1995. \u00cen limba basc\u0103, \u201eTernua\u201d \u00eenseamn\u0103 balen\u0103, motiv pentru care compania poart\u0103 un astfel de nume, iar logo-ul acesteia \u00eempodobe\u0219te coada balenei. Principiile esen\u021biale ale Ternua sunt pasiunea pentru munte, respectul pentru mediul \u00eenconjur\u0103tor \u0219i respectul pentru r\u0103d\u0103cinile \u0219i originile cuiva. Produc\u0103torul acord\u0103 o aten\u021bie deosebit\u0103 alegerii materialelor, prefer\u0103 culorile bogate, hainele sunt versatile \u0219i se potrivesc bine. \u0218i, de asemenea, brandul trateaz\u0103 natura cu o grij\u0103 deosebit\u0103, sus\u021bin\u00e2nd sustenabilitatea \u0219i produc\u00e2nd haine din materiale reciclate.<\/p>","protected":false},"excerpt":{"rendered":"<p>\u0411\u0440\u0435\u043d\u0434 Ternua &#8212; \u0438\u0441\u043f\u0430\u043d\u0441\u043a\u0438\u0439 \u0431\u0440\u0435\u043d\u0434, \u0441\u043f\u0435\u0446\u0438\u0430\u043b\u0438\u0437\u0438\u0440\u0443\u044e\u0449\u0438\u0439\u0441\u044f \u043d\u0430 \u043f\u0440\u043e\u0438\u0437\u0432\u043e\u0434\u0441\u0442\u0432\u0435 \u0442\u0435\u0445\u043d\u0438\u0447\u0435\u0441\u043a\u043e\u0439, \u0444\u0443\u043d\u043a\u0446\u0438\u043e\u043d\u0430\u043b\u044c\u043d\u043e\u0439 \u0438 \u0438\u043d\u043d\u043e\u0432\u0430\u0446\u0438\u043e\u043d\u043d\u043e\u0439 \u043e\u0434\u0435\u0436\u0434\u044b, \u0441\u043f\u043e\u0441\u043e\u0431\u043d\u043e\u0439 \u043f\u0440\u0438\u0441\u043f\u043e\u0441\u043e\u0431\u0438\u0442\u044c\u0441\u044f \u043a \u0441\u0430\u043c\u044b\u043c \u043d\u0435\u0431\u043b\u0430\u0433\u043e\u043f\u0440\u0438\u044f\u0442\u043d\u044b\u043c \u043f\u043e\u0433\u043e\u0434\u043d\u044b\u043c \u0443\u0441\u043b\u043e\u0432\u0438\u044f\u043c. \u041f\u0440\u0435\u0434\u043f\u0440\u0438\u043d\u0438\u043c\u0430\u0442\u0435\u043b\u044c\u0441\u043a\u0438\u0439 \u0438 \u043f\u0440\u0438\u043a\u043b\u044e\u0447\u0435\u043d\u0447\u0435\u0441\u043a\u0438\u0439 \u0434\u0443\u0445 \u0431\u0430\u0441\u043a\u0441\u043a\u0438\u0445 \u043a\u0438\u0442\u043e\u0431\u043e\u0435\u0432 XV \u0432\u0435\u043a\u0430 \u0432\u0434\u043e\u0445\u043d\u043e\u0432\u0438\u043b \u0441\u043e\u0437\u0434\u0430\u043d\u0438\u0435 outdoor-\u0431\u0440\u0435\u043d\u0434\u0430 Ternua \u0432 1995 \u0433\u043e\u0434\u0443. \u041d\u0430 \u044f\u0437\u044b\u043a\u0435 \u0431\u0430\u0441\u043a\u043e\u0432 &#171;Ternua&#187; \u043e\u0437\u043d\u0430\u0447\u0430\u0435\u0442 \u043a\u0438\u0442, \u0438\u043c\u0435\u043d\u043d\u043e \u043f\u043e\u044d\u0442\u043e\u043c\u0443 \u043a\u043e\u043c\u043f\u0430\u043d\u0438\u044f \u043d\u043e\u0441\u0438\u0442 \u0442\u0430\u043a\u043e\u0435 \u0438\u043c\u044f, \u0430 \u0435\u0451 \u043b\u043e\u0433\u043e\u0442\u0438\u043f \u0443\u043a\u0440\u0430\u0448\u0430\u0435\u0442 \u0445\u0432\u043e\u0441\u0442 \u043a\u0438\u0442\u0430. \u041e\u0441\u043d\u043e\u0432\u043d\u044b\u043c\u0438 \u043f\u0440\u0438\u043d\u0446\u0438\u043f\u0430\u043c\u0438 [&hellip;]<\/p>\n","protected":false},"featured_media":104819,"comment_status":"open","ping_status":"closed","template":"","meta":{"_acf_changed":false,"inline_featured_image":false},"product_brand":[1426],"product_cat":[281],"product_tag":[],"class_list":{"0":"post-104816","1":"product","2":"type-product","3":"status-publish","4":"has-post-thumbnail","6":"product_brand-ternua","7":"product_cat-kid-trousers","9":"first","10":"outofstock","11":"shipping-taxable","12":"product-type-simple"},"acf":[],"yoast_head":"<!-- This site is optimized with the Yoast SEO plugin v27.2 - https:\/\/yoast.com\/product\/yoast-seo-wordpress\/ -->\n<title>\u0428\u0442\u0430\u043d\u044b Ternua Raimi JR dark lagoon - \u041c\u0430\u0433\u0430\u0437\u0438\u043d Xstyle<\/title>\n<meta name=\"description\" content=\"\u0428\u0442\u0430\u043d\u044b Ternua Raimi JR black: \u043b\u0435\u0433\u043a\u0438\u0435, \u0432\u043e\u0434\u043e\u043e\u0442\u0442\u0430\u043b\u043a\u0438\u0432\u0430\u044e\u0449\u0438\u0435, \u0438\u0434\u0435\u0430\u043b\u044c\u043d\u044b \u0434\u043b\u044f \u0430\u043a\u0442\u0438\u0432\u043d\u043e\u0433\u043e \u043e\u0442\u0434\u044b\u0445\u0430. \u041d\u0430\u0441\u043b\u0430\u0436\u0434\u0430\u0439\u0442\u0435\u0441\u044c \u043a\u043e\u043c\u0444\u043e\u0440\u0442\u043e\u043c \u0438 \u0441\u0442\u0438\u043b\u0435\u043c \u0432 \u043b\u044e\u0431\u044b\u0445 \u043f\u0440\u0438\u043a\u043b\u044e\u0447\u0435\u043d\u0438\u044f\u0445!\" \/>\n<meta name=\"robots\" content=\"index, follow, max-snippet:-1, max-image-preview:large, max-video-preview:-1\" \/>\n<link rel=\"canonical\" href=\"https:\/\/xstyle.md\/ro\/produs\/shtany-ternua-raimi-jr-dark-lagoon\/\" \/>\n<meta property=\"og:locale\" content=\"ro_RO\" \/>\n<meta property=\"og:type\" content=\"article\" \/>\n<meta property=\"og:title\" content=\"\u0428\u0442\u0430\u043d\u044b Ternua Raimi JR dark lagoon - \u041c\u0430\u0433\u0430\u0437\u0438\u043d Xstyle\" \/>\n<meta property=\"og:description\" content=\"\u0428\u0442\u0430\u043d\u044b Ternua Raimi JR black: \u043b\u0435\u0433\u043a\u0438\u0435, \u0432\u043e\u0434\u043e\u043e\u0442\u0442\u0430\u043b\u043a\u0438\u0432\u0430\u044e\u0449\u0438\u0435, \u0438\u0434\u0435\u0430\u043b\u044c\u043d\u044b \u0434\u043b\u044f \u0430\u043a\u0442\u0438\u0432\u043d\u043e\u0433\u043e \u043e\u0442\u0434\u044b\u0445\u0430. \u041d\u0430\u0441\u043b\u0430\u0436\u0434\u0430\u0439\u0442\u0435\u0441\u044c \u043a\u043e\u043c\u0444\u043e\u0440\u0442\u043e\u043c \u0438 \u0441\u0442\u0438\u043b\u0435\u043c \u0432 \u043b\u044e\u0431\u044b\u0445 \u043f\u0440\u0438\u043a\u043b\u044e\u0447\u0435\u043d\u0438\u044f\u0445!\" \/>\n<meta property=\"og:url\" content=\"https:\/\/xstyle.md\/ro\/produs\/shtany-ternua-raimi-jr-dark-lagoon\/\" \/>\n<meta property=\"og:site_name\" content=\"\u041c\u0430\u0433\u0430\u0437\u0438\u043d Xstyle\" \/>\n<meta property=\"article:publisher\" content=\"https:\/\/www.facebook.com\/xstylemd\" \/>\n<meta property=\"article:modified_time\" content=\"2026-04-06T07:35:11+00:00\" \/>\n<meta property=\"og:image\" content=\"https:\/\/xstyle.md\/wp-content\/uploads\/2026\/04\/ternua-raimi-jr-dark-lagoon-1.webp\" \/>\n\t<meta property=\"og:image:width\" content=\"1200\" \/>\n\t<meta property=\"og:image:height\" content=\"1200\" \/>\n\t<meta property=\"og:image:type\" content=\"image\/webp\" \/>\n<meta name=\"twitter:card\" content=\"summary_large_image\" \/>\n<meta name=\"twitter:label1\" content=\"Pre\u021b\" \/>\n\t<meta name=\"twitter:data1\" content=\"1.090&nbsp;MDL\" \/>\n\t<meta name=\"twitter:label2\" content=\"Disponibilitate\" \/>\n\t<meta name=\"twitter:data2\" content=\"Stoc epuizat\" \/>\n<script type=\"application\/ld+json\" class=\"yoast-schema-graph\">{\"@context\":\"https:\/\/schema.org\",\"@graph\":[{\"@type\":\"WebPage\",\"@id\":\"https:\/\/xstyle.md\/product\/shtany-ternua-raimi-jr-dark-lagoon\/\",\"url\":\"https:\/\/xstyle.md\/product\/shtany-ternua-raimi-jr-dark-lagoon\/\",\"name\":\"\u0428\u0442\u0430\u043d\u044b Ternua Raimi JR dark lagoon - \u041c\u0430\u0433\u0430\u0437\u0438\u043d Xstyle\",\"isPartOf\":{\"@id\":\"https:\/\/xstyle.md\/#website\"},\"primaryImageOfPage\":{\"@id\":\"https:\/\/xstyle.md\/product\/shtany-ternua-raimi-jr-dark-lagoon\/#primaryimage\"},\"image\":{\"@id\":\"https:\/\/xstyle.md\/product\/shtany-ternua-raimi-jr-dark-lagoon\/#primaryimage\"},\"thumbnailUrl\":\"https:\/\/xstyle.md\/wp-content\/uploads\/2026\/04\/ternua-raimi-jr-dark-lagoon-1.webp\",\"datePublished\":\"2026-04-06T07:16:26+00:00\",\"dateModified\":\"2026-04-06T07:35:11+00:00\",\"description\":\"\u0428\u0442\u0430\u043d\u044b Ternua Raimi JR black: \u043b\u0435\u0433\u043a\u0438\u0435, \u0432\u043e\u0434\u043e\u043e\u0442\u0442\u0430\u043b\u043a\u0438\u0432\u0430\u044e\u0449\u0438\u0435, \u0438\u0434\u0435\u0430\u043b\u044c\u043d\u044b \u0434\u043b\u044f \u0430\u043a\u0442\u0438\u0432\u043d\u043e\u0433\u043e \u043e\u0442\u0434\u044b\u0445\u0430. \u041d\u0430\u0441\u043b\u0430\u0436\u0434\u0430\u0439\u0442\u0435\u0441\u044c \u043a\u043e\u043c\u0444\u043e\u0440\u0442\u043e\u043c \u0438 \u0441\u0442\u0438\u043b\u0435\u043c \u0432 \u043b\u044e\u0431\u044b\u0445 \u043f\u0440\u0438\u043a\u043b\u044e\u0447\u0435\u043d\u0438\u044f\u0445!\",\"breadcrumb\":{\"@id\":\"https:\/\/xstyle.md\/product\/shtany-ternua-raimi-jr-dark-lagoon\/#breadcrumb\"},\"inLanguage\":\"ro-RO\",\"potentialAction\":[{\"@type\":\"ReadAction\",\"target\":[\"https:\/\/xstyle.md\/product\/shtany-ternua-raimi-jr-dark-lagoon\/\"]}]},{\"@type\":\"ImageObject\",\"inLanguage\":\"ro-RO\",\"@id\":\"https:\/\/xstyle.md\/product\/shtany-ternua-raimi-jr-dark-lagoon\/#primaryimage\",\"url\":\"https:\/\/xstyle.md\/wp-content\/uploads\/2026\/04\/ternua-raimi-jr-dark-lagoon-1.webp\",\"contentUrl\":\"https:\/\/xstyle.md\/wp-content\/uploads\/2026\/04\/ternua-raimi-jr-dark-lagoon-1.webp\",\"width\":1200,\"height\":1200},{\"@type\":\"BreadcrumbList\",\"@id\":\"https:\/\/xstyle.md\/product\/shtany-ternua-raimi-jr-dark-lagoon\/#breadcrumb\",\"itemListElement\":[{\"@type\":\"ListItem\",\"position\":1,\"name\":\"\u0413\u043b\u0430\u0432\u043d\u0430\u044f \u0441\u0442\u0440\u0430\u043d\u0438\u0446\u0430\",\"item\":\"https:\/\/xstyle.md\/\"},{\"@type\":\"ListItem\",\"position\":2,\"name\":\"\u041c\u0430\u0433\u0430\u0437\u0438\u043d\",\"item\":\"https:\/\/xstyle.md\/shop\/\"},{\"@type\":\"ListItem\",\"position\":3,\"name\":\"\u0428\u0442\u0430\u043d\u044b Ternua Raimi JR dark lagoon\"}]},{\"@type\":\"WebSite\",\"@id\":\"https:\/\/xstyle.md\/#website\",\"url\":\"https:\/\/xstyle.md\/\",\"name\":\"\u041c\u0430\u0433\u0430\u0437\u0438\u043d Xstyle\",\"description\":\"C\u043d\u0430\u0440\u044f\u0436\u0435\u043d\u0438\u0435 \u0434\u043b\u044f \u0442\u0443\u0440\u0438\u0437\u043c\u0430 \u0438 \u044d\u043a\u0441\u0442\u0440\u0435\u043c\u0430\u043b\u044c\u043d\u044b\u0445 \u0432\u0438\u0434\u043e\u0432 \u0441\u043f\u043e\u0440\u0442\u0430 \u0432 \u041c\u043e\u043b\u0434\u043e\u0432\u0435.. \u0426\u0435\u043d\u044b, \u0444\u043e\u0442\u043e, \u0445\u0430\u0440\u0430\u043a\u0442\u0435\u0440\u0438\u0441\u0442\u0438\u043a\u0438 \u0432 \u041c\u043e\u043b\u0434\u043e\u0432\u0435.\",\"publisher\":{\"@id\":\"https:\/\/xstyle.md\/#organization\"},\"alternateName\":\"X-Style\",\"potentialAction\":[{\"@type\":\"SearchAction\",\"target\":{\"@type\":\"EntryPoint\",\"urlTemplate\":\"https:\/\/xstyle.md\/?s={search_term_string}\"},\"query-input\":{\"@type\":\"PropertyValueSpecification\",\"valueRequired\":true,\"valueName\":\"search_term_string\"}}],\"inLanguage\":\"ro-RO\"},{\"@type\":\"Organization\",\"@id\":\"https:\/\/xstyle.md\/#organization\",\"name\":\"\u041c\u0430\u0433\u0430\u0437\u0438\u043d Xstyle\",\"alternateName\":\"x-style\",\"url\":\"https:\/\/xstyle.md\/\",\"logo\":{\"@type\":\"ImageObject\",\"inLanguage\":\"ro-RO\",\"@id\":\"https:\/\/xstyle.md\/#\/schema\/logo\/image\/\",\"url\":\"https:\/\/xstyle.md\/wp-content\/uploads\/2020\/06\/logoicon.svg\",\"contentUrl\":\"https:\/\/xstyle.md\/wp-content\/uploads\/2020\/06\/logoicon.svg\",\"caption\":\"\u041c\u0430\u0433\u0430\u0437\u0438\u043d Xstyle\"},\"image\":{\"@id\":\"https:\/\/xstyle.md\/#\/schema\/logo\/image\/\"},\"sameAs\":[\"https:\/\/www.facebook.com\/xstylemd\",\"https:\/\/www.instagram.com\/xstyle_md\/\",\"https:\/\/t.me\/xstyle_outdoor\"],\"hasMerchantReturnPolicy\":{\"@type\":\"MerchantReturnPolicy\",\"merchantReturnLink\":\"https:\/\/xstyle.md\/ro\/conditions\/\"}}]}<\/script>\n<meta property=\"product:price:amount\" content=\"1090.00\" \/>\n<meta property=\"product:price:currency\" content=\"MDL\" \/>\n<meta property=\"og:availability\" content=\"out of stock\" \/>\n<meta property=\"product:availability\" content=\"out of stock\" \/>\n<meta property=\"product:retailer_item_id\" content=\"8445044826184\" \/>\n<meta property=\"product:condition\" content=\"new\" \/>\n<!-- \/ Yoast SEO plugin. -->","yoast_head_json":{"title":"\u0428\u0442\u0430\u043d\u044b Ternua Raimi JR dark lagoon - \u041c\u0430\u0433\u0430\u0437\u0438\u043d Xstyle","description":"Pantaloni Ternua Raimi JR black: u\u0219ori, rezisten\u021bi la ap\u0103, ideali pentru activit\u0103\u021bi \u00een aer liber. Bucura\u021bi-v\u0103 de confort \u0219i stil \u00een orice aventur\u0103!","robots":{"index":"index","follow":"follow","max-snippet":"max-snippet:-1","max-image-preview":"max-image-preview:large","max-video-preview":"max-video-preview:-1"},"canonical":"https:\/\/xstyle.md\/ro\/produs\/shtany-ternua-raimi-jr-dark-lagoon\/","og_locale":"ro_RO","og_type":"article","og_title":"\u0428\u0442\u0430\u043d\u044b Ternua Raimi JR dark lagoon - \u041c\u0430\u0433\u0430\u0437\u0438\u043d Xstyle","og_description":"\u0428\u0442\u0430\u043d\u044b Ternua Raimi JR black: \u043b\u0435\u0433\u043a\u0438\u0435, \u0432\u043e\u0434\u043e\u043e\u0442\u0442\u0430\u043b\u043a\u0438\u0432\u0430\u044e\u0449\u0438\u0435, \u0438\u0434\u0435\u0430\u043b\u044c\u043d\u044b \u0434\u043b\u044f \u0430\u043a\u0442\u0438\u0432\u043d\u043e\u0433\u043e \u043e\u0442\u0434\u044b\u0445\u0430. \u041d\u0430\u0441\u043b\u0430\u0436\u0434\u0430\u0439\u0442\u0435\u0441\u044c \u043a\u043e\u043c\u0444\u043e\u0440\u0442\u043e\u043c \u0438 \u0441\u0442\u0438\u043b\u0435\u043c \u0432 \u043b\u044e\u0431\u044b\u0445 \u043f\u0440\u0438\u043a\u043b\u044e\u0447\u0435\u043d\u0438\u044f\u0445!","og_url":"https:\/\/xstyle.md\/ro\/produs\/shtany-ternua-raimi-jr-dark-lagoon\/","og_site_name":"\u041c\u0430\u0433\u0430\u0437\u0438\u043d Xstyle","article_publisher":"https:\/\/www.facebook.com\/xstylemd","article_modified_time":"2026-04-06T07:35:11+00:00","og_image":[{"width":1200,"height":1200,"url":"https:\/\/xstyle.md\/wp-content\/uploads\/2026\/04\/ternua-raimi-jr-dark-lagoon-1.webp","type":"image\/webp"}],"twitter_card":"summary_large_image","twitter_misc":{"Pre\u021b":"1.090&nbsp;MDL","Disponibilitate":"Stoc epuizat"},"schema":{"@context":"https:\/\/schema.org","@graph":[{"@type":"WebPage","@id":"https:\/\/xstyle.md\/product\/shtany-ternua-raimi-jr-dark-lagoon\/","url":"https:\/\/xstyle.md\/product\/shtany-ternua-raimi-jr-dark-lagoon\/","name":"\u0428\u0442\u0430\u043d\u044b Ternua Raimi JR dark lagoon - \u041c\u0430\u0433\u0430\u0437\u0438\u043d Xstyle","isPartOf":{"@id":"https:\/\/xstyle.md\/#website"},"primaryImageOfPage":{"@id":"https:\/\/xstyle.md\/product\/shtany-ternua-raimi-jr-dark-lagoon\/#primaryimage"},"image":{"@id":"https:\/\/xstyle.md\/product\/shtany-ternua-raimi-jr-dark-lagoon\/#primaryimage"},"thumbnailUrl":"https:\/\/xstyle.md\/wp-content\/uploads\/2026\/04\/ternua-raimi-jr-dark-lagoon-1.webp","datePublished":"2026-04-06T07:16:26+00:00","dateModified":"2026-04-06T07:35:11+00:00","description":"Pantaloni Ternua Raimi JR black: u\u0219ori, rezisten\u021bi la ap\u0103, ideali pentru activit\u0103\u021bi \u00een aer liber. Bucura\u021bi-v\u0103 de confort \u0219i stil \u00een orice aventur\u0103!","breadcrumb":{"@id":"https:\/\/xstyle.md\/product\/shtany-ternua-raimi-jr-dark-lagoon\/#breadcrumb"},"inLanguage":"ro-RO","potentialAction":[{"@type":"ReadAction","target":["https:\/\/xstyle.md\/product\/shtany-ternua-raimi-jr-dark-lagoon\/"]}]},{"@type":"ImageObject","inLanguage":"ro-RO","@id":"https:\/\/xstyle.md\/product\/shtany-ternua-raimi-jr-dark-lagoon\/#primaryimage","url":"https:\/\/xstyle.md\/wp-content\/uploads\/2026\/04\/ternua-raimi-jr-dark-lagoon-1.webp","contentUrl":"https:\/\/xstyle.md\/wp-content\/uploads\/2026\/04\/ternua-raimi-jr-dark-lagoon-1.webp","width":1200,"height":1200},{"@type":"BreadcrumbList","@id":"https:\/\/xstyle.md\/product\/shtany-ternua-raimi-jr-dark-lagoon\/#breadcrumb","itemListElement":[{"@type":"ListItem","position":1,"name":"\u0413\u043b\u0430\u0432\u043d\u0430\u044f \u0441\u0442\u0440\u0430\u043d\u0438\u0446\u0430","item":"https:\/\/xstyle.md\/"},{"@type":"ListItem","position":2,"name":"\u041c\u0430\u0433\u0430\u0437\u0438\u043d","item":"https:\/\/xstyle.md\/shop\/"},{"@type":"ListItem","position":3,"name":"\u0428\u0442\u0430\u043d\u044b Ternua Raimi JR dark lagoon"}]},{"@type":"WebSite","@id":"https:\/\/xstyle.md\/#website","url":"https:\/\/xstyle.md\/","name":"Magazinul X-Style","description":"Echipamente pentru turism \u0219i sporturi extreme \u00een Moldova. Pre\u021buri, fotografii, caracteristici \u00een Moldova.","publisher":{"@id":"https:\/\/xstyle.md\/#organization"},"alternateName":"X-Style","potentialAction":[{"@type":"SearchAction","target":{"@type":"EntryPoint","urlTemplate":"https:\/\/xstyle.md\/?s={search_term_string}"},"query-input":{"@type":"PropertyValueSpecification","valueRequired":true,"valueName":"search_term_string"}}],"inLanguage":"ro-RO"},{"@type":"Organization","@id":"https:\/\/xstyle.md\/#organization","name":"Magazinul X-Style","alternateName":"x-style","url":"https:\/\/xstyle.md\/","logo":{"@type":"ImageObject","inLanguage":"ro-RO","@id":"https:\/\/xstyle.md\/#\/schema\/logo\/image\/","url":"https:\/\/xstyle.md\/wp-content\/uploads\/2020\/06\/logoicon.svg","contentUrl":"https:\/\/xstyle.md\/wp-content\/uploads\/2020\/06\/logoicon.svg","caption":"\u041c\u0430\u0433\u0430\u0437\u0438\u043d Xstyle"},"image":{"@id":"https:\/\/xstyle.md\/#\/schema\/logo\/image\/"},"sameAs":["https:\/\/www.facebook.com\/xstylemd","https:\/\/www.instagram.com\/xstyle_md\/","https:\/\/t.me\/xstyle_outdoor"],"hasMerchantReturnPolicy":{"@type":"MerchantReturnPolicy","merchantReturnLink":"https:\/\/xstyle.md\/ro\/conditions\/"}}]},"product_price_amount":"1090.00","product_price_currency":"MDL","og_availability":"out of stock","product_availability":"out of stock","product_retailer_item_id":"8445044826184","product_condition":"new"},"post_mailing_queue_ids":[],"_links":{"self":[{"href":"https:\/\/xstyle.md\/ro\/wp-json\/wp\/v2\/product\/104816","targetHints":{"allow":["GET"]}}],"collection":[{"href":"https:\/\/xstyle.md\/ro\/wp-json\/wp\/v2\/product"}],"about":[{"href":"https:\/\/xstyle.md\/ro\/wp-json\/wp\/v2\/types\/product"}],"replies":[{"embeddable":true,"href":"https:\/\/xstyle.md\/ro\/wp-json\/wp\/v2\/comments?post=104816"}],"wp:featuredmedia":[{"embeddable":true,"href":"https:\/\/xstyle.md\/ro\/wp-json\/wp\/v2\/media\/104819"}],"wp:attachment":[{"href":"https:\/\/xstyle.md\/ro\/wp-json\/wp\/v2\/media?parent=104816"}],"wp:term":[{"taxonomy":"product_brand","embeddable":true,"href":"https:\/\/xstyle.md\/ro\/wp-json\/wp\/v2\/product_brand?post=104816"},{"taxonomy":"product_cat","embeddable":true,"href":"https:\/\/xstyle.md\/ro\/wp-json\/wp\/v2\/product_cat?post=104816"},{"taxonomy":"product_tag","embeddable":true,"href":"https:\/\/xstyle.md\/ro\/wp-json\/wp\/v2\/product_tag?post=104816"}],"curies":[{"name":"wp","href":"https:\/\/api.w.org\/{rel}","templated":true}]}}