{"id":10412,"date":"2020-07-17T10:18:09","date_gmt":"2020-07-17T07:18:09","guid":{"rendered":"https:\/\/xstyle.md\/product\/racija-motorola-talkabout-t82-extreme-quad"},"modified":"2026-03-04T12:13:27","modified_gmt":"2026-03-04T09:13:27","slug":"racija-motorola-talkabout-t82-extreme-quad","status":"publish","type":"product","link":"https:\/\/xstyle.md\/ro\/produs\/racija-motorola-talkabout-t82-extreme-quad\/","title":{"rendered":"Sta\u021bie radio Motorola Talkabout T82 Extreme Quad"},"content":{"rendered":"<\/p>\n<p><strong>TALKABOUT T82 Extreme Quad<\/strong> nu este doar un model de rezisten\u021b\u0103 crescut\u0103, ci este un &icirc;nso\u021bitor de &icirc;ncredere &icirc;n cele mai vii \u0219i memorabile aventuri! Datorit\u0103 clasei sale de protec\u021bie IPx4, T82 Extreme Quad este rezistent la intemperii \u0219i este capabil s\u0103 func\u021bioneze chiar \u0219i &icirc;n cele mai severe condi\u021bii.<\/p>\n<p>Un nou ecran ascuns este activat la momentul potrivit, simplific&acirc;nd procesul de apel. Lanterna cu LED &icirc;ncorporat\u0103, dac\u0103 este necesar, serve\u0219te ca surs\u0103 de lumin\u0103 de rezerv\u0103, de exemplu, astfel &icirc;nc&acirc;t s\u0103 pute\u021bi verifica cardul &icirc;n &icirc;ntuneric. \u0218i datorit\u0103 prezen\u021bei tuturor accesoriilor necesare cu sta\u021bia radio TALKABOUT T82 Extreme Quad, ve\u021bi r\u0103m&acirc;ne mereu &icirc;n contact &#8212; chiar \u0219i pe cele mai dificile rute \u0219i pe cele mai &icirc;nalte v&acirc;rfuri.<\/p>\n<p>Func\u021bionarea acestui dispozitiv nu prevede abonamente \u0219i taxe de apel. Folosind 16 canale cu coduri private selectate de utilizator (121 de coduri de conexiune pe canal), pute\u021bi oferi un semnal clar pe o raz\u0103 de 10 km. aceste posturi de radio sunt un accesoriu indispensabil pentru cei serio\u0219i &icirc;n privin\u021ba aventurilor, &icirc;\u0219i men\u021bin stilul \u0219i iubesc comunicarea normal\u0103. Walkie-talkies ofer\u0103 o comunicare fiabil\u0103 \u0219i instantanee &icirc;n modul wireless vocal sau prin ap\u0103sarea butoanelor, astfel &icirc;nc&acirc;t nu trebuie s\u0103 v\u0103 face\u021bi griji pentru nimic. Doar bucur\u0103-te de via\u021b\u0103 \u0219i simte momente speciale pentru tine.<\/p>\n<p>Sta\u0163iile TALKABOUT T82 Quad sunt, de asemenea, compatibile cu alte sta\u0163ii TALKABOUT \u0219i orice receptor radio care opereaz\u0103 la acelea\u0219i frecven\u021be ale PMR446. Conexiunea u\u0219oar\u0103 v\u0103 permite, familiei sau prietenilor s\u0103 programa\u021bi simultan toate discu\u021biile pe un singur canal. Acum pute\u021bi petrece mai pu\u021bin timp preg\u0103tind \u0219i petrec&acirc;nd mai mult timp c\u0103l\u0103toriilor &icirc;n sine.<\/p>\n<p><strong>Afi\u0219ajul<\/strong><\/p>\n<p>Afi\u0219ajul LED de pe T82 Extreme Quad este activat pentru a furniza informa\u021biile de care ave\u021bi nevoie doar atunci c&acirc;nd este necesar. Ve\u021bi vedea doar acele pictograme care sunt utilizate &#8212; acest lucru face simplificarea apelurilor. \u0218i atunci c&acirc;nd nu utiliza\u021bi sta\u0163iile, afi\u0219ajul este &icirc;ntr-o stare ascuns\u0103. Drept urmare, ob\u021bine\u021bi un design simplu \u0219i elegant, care v\u0103 va pl\u0103cea la prima vedere.<\/p>\n<p><strong>Lanterna cu led&nbsp;<\/strong><\/p>\n<p>&nbsp;&Icirc;n orice aventur\u0103, este important s\u0103 vezi ce faci \u0219i unde te duci. TALKABOUT T82 Extreme Quad are o lantern\u0103 LED &icirc;ncorporat\u0103, astfel &icirc;nc&acirc;t s\u0103 pute\u021bi ajunge la destina\u021bia dorit\u0103 chiar \u0219i &icirc;n &icirc;ntuneric. Lanterna cu LED-uri v\u0103 ofer\u0103, de asemenea, posibilitatea de a citi h\u0103r\u021bi noaptea \u0219i de a vedea cu u\u0219urin\u021b\u0103 con\u021binutul rucsacurilor \u0219i pungilor. Acum pute\u021bi fi sigur c\u0103 ve\u021bi avea iluminat de urgen\u021b\u0103 atunci c&acirc;nd ve\u021bi avea nevoie.<\/p>\n<p><strong>Apel de urgenta&nbsp;<\/strong><\/p>\n<p>Exist\u0103 un buton de apel de urgen\u021b\u0103 pe suprafa\u021ba lateral\u0103 &#8212; ap\u0103sa\u021bi \u0219i men\u021bine\u021bi ap\u0103sat timp de 3 secunde (dup\u0103 care va suna o alarm\u0103 puternic\u0103) \u0219i activa\u021bi func\u021bia &bdquo;m&acirc;ini libere&rdquo; (iVOX) pentru a trimite mesaje grupului dvs., apel&acirc;nd la ajutor.<\/p>\n<p><strong>Mod de vibratie<\/strong><\/p>\n<p>Seta\u021bi drepturile TALKABOUT T82 Extreme Quad la modul vibra\u021bie &icirc;n loc de un ton de apel. Semnalul de vibra\u021bie este util &icirc;n special &icirc;n locurile &icirc;n care tonul de apel poate fi intruziv sau &icirc;n medii zgomotoase, unde zgomotul excesiv nu v\u0103 permite s\u0103 auzi\u021bi semnalul audio.<\/p>\n<p><strong>Functia maini libere&nbsp;<\/strong><\/p>\n<p>C&acirc;nd merge\u021bi pe o potec\u0103 abrupt\u0103 de munte, trebuie s\u0103 v\u0103 men\u021bine\u021bi m&acirc;inile libere pentru a se \u021bine pe o suprafa\u021b\u0103 st&acirc;ncoas\u0103. Datorit\u0103 sta\u0163iilor care accept\u0103 func\u021bia iVOX \/ VOX, v\u0103 pute\u021bi bucura de o comunicare convenabil\u0103 folosind c\u0103\u0219tile (VOX) sau f\u0103r\u0103 aceasta (iVOX) &#8212; f\u0103r\u0103 a fi nevoie s\u0103 ap\u0103sa\u021bi un buton. L\u0103sa\u021bi-v\u0103 vocea s\u0103 fac\u0103 toat\u0103 munca de activare a microfonului, astfel &icirc;nc&acirc;t s\u0103 v\u0103 pute\u021bi continua mi\u0219carea f\u0103r\u0103 s\u0103 v\u0103 opri\u021bi chiar s\u0103 efectua\u021bi un apel.<\/p>\n<h3>Specificatii&nbsp;<\/h3>\n<ul>\n<li>Motorola TALKABOUT T82 Extreme Quad are protec\u021bie IPX4 &icirc;mpotriva stropirii de ap\u0103<\/li>\n<li>Codurile de tonuri CTCSS \u0219i DCS v\u0103 ajut\u0103 s\u0103 v\u0103 proteja\u021bi canalul de comunicare de interferen\u021bele prin sta\u0163ii<\/li>\n<li>Modul silen\u021bios \u0219i alertele de vibra\u021bii sunt foarte relevante pentru pescuit sau v&acirc;n\u0103toare.<\/li>\n<li>Roger Beep Transit Signal avertizeaz\u0103 to\u021bi participan\u021bii la radio pe care walkie talkie a terminat s\u0103 &icirc;i transmit\u0103 &Icirc;n caz de situa\u021bii periculoase &icirc;n timpul v&acirc;n\u0103toarei sau pescuitului, sta\u021biile au un mod de alert\u0103 de urgen\u021b\u0103<\/li>\n<li>Economisirea energiei este activat\u0103 &icirc;n a\u0219teptarea c&acirc;nd nu se transmite nici o sta\u021bie<\/li>\n<li>Ecranul cu cristale lichide (LCD) afi\u0219eaz\u0103 toate informa\u021biile despre modurile de operare curente \u0219i func\u021biile active<\/li>\n<li>La pescuit sau la v&acirc;n\u0103toare, ve\u021bi avea &icirc;ntotdeauna la &icirc;ndem&acirc;n\u0103 o lantern\u0103 LED &icirc;ncorporat\u0103 &icirc;n radio<\/li>\n<\/ul>\n<h3>Caracteristici&nbsp;<\/h3>\n<ul>\n<li>Protec\u021bia incintei IPx4<\/li>\n<li>Interval de frecven\u021b\u0103 &#8212; PMR446<\/li>\n<li>Canale &#8212; 16<\/li>\n<li>Raza: p&acirc;n\u0103 la 10 km<\/li>\n<li>Lanterna cu LED<\/li>\n<li>Scanarea canalului<\/li>\n<li>VOX \/ iVOX &#8212; func\u021bie hands-free<\/li>\n<li>Reducere automat\u0103 a zgomotului<\/li>\n<li>Monitorizarea canalului<\/li>\n<li>Monitorizarea simultan\u0103 a dou\u0103 canale<\/li>\n<li>Buton de apel de urgen\u021b\u0103<\/li>\n<li>Sincronizare rapid\u0103<\/li>\n<li>Indicator de baterie<\/li>\n<li>Port USB de &icirc;nc\u0103rcare<\/li>\n<li>Jack pentru casti de 2,5 mm<\/li>\n<li>Compatibil cu bateriile standard AA<\/li>\n<li>20 de sunete<\/li>\n<li>Ton de confirmare \/ sunet final de transmisie<\/li>\n<li>NiMH 800 mAh (inclus) &#8212; p&acirc;n\u0103 la 18 ore<\/li>\n<li>NiMH de mare capacitate 1300 mAh (op\u021bional) &#8212; p&acirc;n\u0103 la 29 de ore<\/li>\n<li>Dimensiuni (LxHxT): 5,7 x 18,1 x 3,3 cm<\/li>\n<li>Greutate: 197g<\/li>\n<\/ul>\n<h3>Setul include&nbsp;<\/h3>\n<ul>\n<li>sta\u0163ii radio 4 buc.<\/li>\n<li>cleme pentru curea 4 buc<\/li>\n<li>cabluri 4 buc.<\/li>\n<li>baterii 4 buc.<\/li>\n<li>alimentare 1 buc.<\/li>\n<li>c\u0103\u0219ti cu microfon cu pandantiv 2 buc.<\/li>\n<li>autocolante (32 buc.)<\/li>\n<li>manual de utilizare<\/li>\n<li>carcas\u0103<\/li>\n<\/ul>\n<p><iframe loading=\"lazy\" src=\"https:\/\/www.youtube.com\/embed\/lllVrmLtWu4\" frameborder=\"0\" width=\"425\" height=\"350\"><\/iframe><\/p>\n<p><\/p>","protected":false},"excerpt":{"rendered":"<p>Sta\u021bie radio Motorola Talkabout T82 Extreme Quad<\/p>","protected":false},"featured_media":10403,"comment_status":"open","ping_status":"closed","template":"","meta":{"_acf_changed":false,"inline_featured_image":false},"product_brand":[1331],"product_cat":[427],"product_tag":[],"class_list":{"0":"post-10412","1":"product","2":"type-product","3":"status-publish","4":"has-post-thumbnail","6":"product_brand-motorola","7":"product_cat-ratii","9":"first","10":"instock","11":"shipping-taxable","12":"purchasable","13":"product-type-simple"},"acf":[],"yoast_head":"<!-- This site is optimized with the Yoast SEO plugin v27.4 - https:\/\/yoast.com\/product\/yoast-seo-wordpress\/ -->\n<title>\u0420\u0430\u0446\u0438\u044f Motorola Talkabout T82 Extreme Quad - \u041c\u0430\u0433\u0430\u0437\u0438\u043d Xstyle<\/title>\n<meta name=\"description\" content=\"\u0420\u0430\u0446\u0438\u044f Motorola Talkabout T82 Extreme Quad \u2013 \u043c\u043e\u0449\u043d\u044b\u0439 PMR446 \u0440\u0430\u0446\u0438\u044f \u0441 IPX4, 16 \u043a\u0430\u043d\u0430\u043b\u0430\u043c\u0438, \u0444\u0443\u043d\u043a\u0446\u0438\u0435\u0439 VOX \u0438 LCD \u044d\u043a\u0440\u0430\u043d\u043e\u043c. \u0418\u0434\u0435\u0430\u043b\u044c\u043d\u0430 \u0434\u043b\u044f \u0430\u043a\u0442\u0438\u0432\u043d\u043e\u0433\u043e \u043e\u0442\u0434\u044b\u0445\u0430!\" \/>\n<meta name=\"robots\" content=\"index, follow, max-snippet:-1, max-image-preview:large, max-video-preview:-1\" \/>\n<link rel=\"canonical\" href=\"https:\/\/xstyle.md\/ro\/produs\/racija-motorola-talkabout-t82-extreme-quad\/\" \/>\n<meta property=\"og:locale\" content=\"ro_RO\" \/>\n<meta property=\"og:type\" content=\"article\" \/>\n<meta property=\"og:title\" content=\"\u0420\u0430\u0446\u0438\u044f Motorola Talkabout T82 Extreme Quad - \u041c\u0430\u0433\u0430\u0437\u0438\u043d Xstyle\" \/>\n<meta property=\"og:description\" content=\"\u0420\u0430\u0446\u0438\u044f Motorola Talkabout T82 Extreme Quad \u2013 \u043c\u043e\u0449\u043d\u044b\u0439 PMR446 \u0440\u0430\u0446\u0438\u044f \u0441 IPX4, 16 \u043a\u0430\u043d\u0430\u043b\u0430\u043c\u0438, \u0444\u0443\u043d\u043a\u0446\u0438\u0435\u0439 VOX \u0438 LCD \u044d\u043a\u0440\u0430\u043d\u043e\u043c. \u0418\u0434\u0435\u0430\u043b\u044c\u043d\u0430 \u0434\u043b\u044f \u0430\u043a\u0442\u0438\u0432\u043d\u043e\u0433\u043e \u043e\u0442\u0434\u044b\u0445\u0430!\" \/>\n<meta property=\"og:url\" content=\"https:\/\/xstyle.md\/ro\/produs\/racija-motorola-talkabout-t82-extreme-quad\/\" \/>\n<meta property=\"og:site_name\" content=\"\u041c\u0430\u0433\u0430\u0437\u0438\u043d Xstyle\" \/>\n<meta property=\"article:publisher\" content=\"https:\/\/www.facebook.com\/xstylemd\" \/>\n<meta property=\"article:modified_time\" content=\"2026-03-04T09:13:27+00:00\" \/>\n<meta property=\"og:image\" content=\"https:\/\/xstyle.md\/wp-content\/uploads\/2020\/07\/talkabout-t82-quatro.jpg\" \/>\n\t<meta property=\"og:image:width\" content=\"729\" \/>\n\t<meta property=\"og:image:height\" content=\"564\" \/>\n\t<meta property=\"og:image:type\" content=\"image\/jpeg\" \/>\n<meta name=\"twitter:card\" content=\"summary_large_image\" \/>\n<meta name=\"twitter:label1\" content=\"Pre\u021b\" \/>\n\t<meta name=\"twitter:data1\" content=\"4.990&nbsp;MDL\" \/>\n\t<meta name=\"twitter:label2\" content=\"Disponibilitate\" \/>\n\t<meta name=\"twitter:data2\" content=\"\u00cen stoc\" \/>\n<script type=\"application\/ld+json\" class=\"yoast-schema-graph\">{\"@context\":\"https:\\\/\\\/schema.org\",\"@graph\":[{\"@type\":\"WebPage\",\"@id\":\"https:\\\/\\\/xstyle.md\\\/product\\\/racija-motorola-talkabout-t82-extreme-quad\\\/\",\"url\":\"https:\\\/\\\/xstyle.md\\\/product\\\/racija-motorola-talkabout-t82-extreme-quad\\\/\",\"name\":\"\u0420\u0430\u0446\u0438\u044f Motorola Talkabout T82 Extreme Quad - \u041c\u0430\u0433\u0430\u0437\u0438\u043d Xstyle\",\"isPartOf\":{\"@id\":\"https:\\\/\\\/xstyle.md\\\/#website\"},\"primaryImageOfPage\":{\"@id\":\"https:\\\/\\\/xstyle.md\\\/product\\\/racija-motorola-talkabout-t82-extreme-quad\\\/#primaryimage\"},\"image\":{\"@id\":\"https:\\\/\\\/xstyle.md\\\/product\\\/racija-motorola-talkabout-t82-extreme-quad\\\/#primaryimage\"},\"thumbnailUrl\":\"https:\\\/\\\/xstyle.md\\\/wp-content\\\/uploads\\\/2020\\\/07\\\/talkabout-t82-quatro.jpg\",\"datePublished\":\"2020-07-17T07:18:09+00:00\",\"dateModified\":\"2026-03-04T09:13:27+00:00\",\"description\":\"\u0420\u0430\u0446\u0438\u044f Motorola Talkabout T82 Extreme Quad \u2013 \u043c\u043e\u0449\u043d\u044b\u0439 PMR446 \u0440\u0430\u0446\u0438\u044f \u0441 IPX4, 16 \u043a\u0430\u043d\u0430\u043b\u0430\u043c\u0438, \u0444\u0443\u043d\u043a\u0446\u0438\u0435\u0439 VOX \u0438 LCD \u044d\u043a\u0440\u0430\u043d\u043e\u043c. \u0418\u0434\u0435\u0430\u043b\u044c\u043d\u0430 \u0434\u043b\u044f \u0430\u043a\u0442\u0438\u0432\u043d\u043e\u0433\u043e \u043e\u0442\u0434\u044b\u0445\u0430!\",\"breadcrumb\":{\"@id\":\"https:\\\/\\\/xstyle.md\\\/product\\\/racija-motorola-talkabout-t82-extreme-quad\\\/#breadcrumb\"},\"inLanguage\":\"ro-RO\",\"potentialAction\":[{\"@type\":\"ReadAction\",\"target\":[\"https:\\\/\\\/xstyle.md\\\/product\\\/racija-motorola-talkabout-t82-extreme-quad\\\/\"]}]},{\"@type\":\"ImageObject\",\"inLanguage\":\"ro-RO\",\"@id\":\"https:\\\/\\\/xstyle.md\\\/product\\\/racija-motorola-talkabout-t82-extreme-quad\\\/#primaryimage\",\"url\":\"https:\\\/\\\/xstyle.md\\\/wp-content\\\/uploads\\\/2020\\\/07\\\/talkabout-t82-quatro.jpg\",\"contentUrl\":\"https:\\\/\\\/xstyle.md\\\/wp-content\\\/uploads\\\/2020\\\/07\\\/talkabout-t82-quatro.jpg\",\"width\":729,\"height\":564},{\"@type\":\"BreadcrumbList\",\"@id\":\"https:\\\/\\\/xstyle.md\\\/product\\\/racija-motorola-talkabout-t82-extreme-quad\\\/#breadcrumb\",\"itemListElement\":[{\"@type\":\"ListItem\",\"position\":1,\"name\":\"\u0413\u043b\u0430\u0432\u043d\u0430\u044f \u0441\u0442\u0440\u0430\u043d\u0438\u0446\u0430\",\"item\":\"https:\\\/\\\/xstyle.md\\\/\"},{\"@type\":\"ListItem\",\"position\":2,\"name\":\"\u041c\u0430\u0433\u0430\u0437\u0438\u043d\",\"item\":\"https:\\\/\\\/xstyle.md\\\/shop\\\/\"},{\"@type\":\"ListItem\",\"position\":3,\"name\":\"\u0420\u0430\u0446\u0438\u044f Motorola Talkabout T82 Extreme Quad\"}]},{\"@type\":\"WebSite\",\"@id\":\"https:\\\/\\\/xstyle.md\\\/#website\",\"url\":\"https:\\\/\\\/xstyle.md\\\/\",\"name\":\"\u041c\u0430\u0433\u0430\u0437\u0438\u043d Xstyle\",\"description\":\"C\u043d\u0430\u0440\u044f\u0436\u0435\u043d\u0438\u0435 \u0434\u043b\u044f \u0442\u0443\u0440\u0438\u0437\u043c\u0430 \u0438 \u044d\u043a\u0441\u0442\u0440\u0435\u043c\u0430\u043b\u044c\u043d\u044b\u0445 \u0432\u0438\u0434\u043e\u0432 \u0441\u043f\u043e\u0440\u0442\u0430 \u0432 \u041c\u043e\u043b\u0434\u043e\u0432\u0435.. \u0426\u0435\u043d\u044b, \u0444\u043e\u0442\u043e, \u0445\u0430\u0440\u0430\u043a\u0442\u0435\u0440\u0438\u0441\u0442\u0438\u043a\u0438 \u0432 \u041c\u043e\u043b\u0434\u043e\u0432\u0435.\",\"publisher\":{\"@id\":\"https:\\\/\\\/xstyle.md\\\/#organization\"},\"alternateName\":\"X-Style\",\"potentialAction\":[{\"@type\":\"SearchAction\",\"target\":{\"@type\":\"EntryPoint\",\"urlTemplate\":\"https:\\\/\\\/xstyle.md\\\/?s={search_term_string}\"},\"query-input\":{\"@type\":\"PropertyValueSpecification\",\"valueRequired\":true,\"valueName\":\"search_term_string\"}}],\"inLanguage\":\"ro-RO\"},{\"@type\":\"Organization\",\"@id\":\"https:\\\/\\\/xstyle.md\\\/#organization\",\"name\":\"\u041c\u0430\u0433\u0430\u0437\u0438\u043d Xstyle\",\"alternateName\":\"x-style\",\"url\":\"https:\\\/\\\/xstyle.md\\\/\",\"logo\":{\"@type\":\"ImageObject\",\"inLanguage\":\"ro-RO\",\"@id\":\"https:\\\/\\\/xstyle.md\\\/#\\\/schema\\\/logo\\\/image\\\/\",\"url\":\"https:\\\/\\\/xstyle.md\\\/wp-content\\\/uploads\\\/2020\\\/06\\\/logoicon.svg\",\"contentUrl\":\"https:\\\/\\\/xstyle.md\\\/wp-content\\\/uploads\\\/2020\\\/06\\\/logoicon.svg\",\"caption\":\"\u041c\u0430\u0433\u0430\u0437\u0438\u043d Xstyle\"},\"image\":{\"@id\":\"https:\\\/\\\/xstyle.md\\\/#\\\/schema\\\/logo\\\/image\\\/\"},\"sameAs\":[\"https:\\\/\\\/www.facebook.com\\\/xstylemd\",\"https:\\\/\\\/www.instagram.com\\\/xstyle_md\\\/\",\"https:\\\/\\\/t.me\\\/xstyle_outdoor\"],\"hasMerchantReturnPolicy\":{\"@type\":\"MerchantReturnPolicy\",\"merchantReturnLink\":\"https:\\\/\\\/xstyle.md\\\/ro\\\/conditions\\\/\"}}]}<\/script>\n<meta property=\"product:price:amount\" content=\"4990.00\" \/>\n<meta property=\"product:price:currency\" content=\"MDL\" \/>\n<meta property=\"og:availability\" content=\"instock\" \/>\n<meta property=\"product:availability\" content=\"instock\" \/>\n<meta property=\"product:retailer_item_id\" content=\"5031753007218\" \/>\n<meta property=\"product:condition\" content=\"new\" \/>\n<!-- \/ Yoast SEO plugin. -->","yoast_head_json":{"title":"Sta\u021bie radio Motorola Talkabout T82 Extreme Quad - Magazin Xstyle","description":"Ra\u021bia Motorola Talkabout T82 Extreme Quad \u2013 o ra\u021bie PMR446 puternic\u0103 cu IPX4, 16 canale, func\u021bie VOX \u0219i ecran LCD. Ideal\u0103 pentru activit\u0103\u021bi \u00een aer liber!","robots":{"index":"index","follow":"follow","max-snippet":"max-snippet:-1","max-image-preview":"max-image-preview:large","max-video-preview":"max-video-preview:-1"},"canonical":"https:\/\/xstyle.md\/ro\/produs\/racija-motorola-talkabout-t82-extreme-quad\/","og_locale":"ro_RO","og_type":"article","og_title":"\u0420\u0430\u0446\u0438\u044f Motorola Talkabout T82 Extreme Quad - \u041c\u0430\u0433\u0430\u0437\u0438\u043d Xstyle","og_description":"\u0420\u0430\u0446\u0438\u044f Motorola Talkabout T82 Extreme Quad \u2013 \u043c\u043e\u0449\u043d\u044b\u0439 PMR446 \u0440\u0430\u0446\u0438\u044f \u0441 IPX4, 16 \u043a\u0430\u043d\u0430\u043b\u0430\u043c\u0438, \u0444\u0443\u043d\u043a\u0446\u0438\u0435\u0439 VOX \u0438 LCD \u044d\u043a\u0440\u0430\u043d\u043e\u043c. \u0418\u0434\u0435\u0430\u043b\u044c\u043d\u0430 \u0434\u043b\u044f \u0430\u043a\u0442\u0438\u0432\u043d\u043e\u0433\u043e \u043e\u0442\u0434\u044b\u0445\u0430!","og_url":"https:\/\/xstyle.md\/ro\/produs\/racija-motorola-talkabout-t82-extreme-quad\/","og_site_name":"\u041c\u0430\u0433\u0430\u0437\u0438\u043d Xstyle","article_publisher":"https:\/\/www.facebook.com\/xstylemd","article_modified_time":"2026-03-04T09:13:27+00:00","og_image":[{"width":729,"height":564,"url":"https:\/\/xstyle.md\/wp-content\/uploads\/2020\/07\/talkabout-t82-quatro.jpg","type":"image\/jpeg"}],"twitter_card":"summary_large_image","twitter_misc":{"Pre\u021b":"4.990&nbsp;MDL","Disponibilitate":"\u00cen stoc"},"schema":{"@context":"https:\/\/schema.org","@graph":[{"@type":"WebPage","@id":"https:\/\/xstyle.md\/product\/racija-motorola-talkabout-t82-extreme-quad\/","url":"https:\/\/xstyle.md\/product\/racija-motorola-talkabout-t82-extreme-quad\/","name":"Sta\u021bie radio Motorola Talkabout T82 Extreme Quad - Magazin Xstyle","isPartOf":{"@id":"https:\/\/xstyle.md\/#website"},"primaryImageOfPage":{"@id":"https:\/\/xstyle.md\/product\/racija-motorola-talkabout-t82-extreme-quad\/#primaryimage"},"image":{"@id":"https:\/\/xstyle.md\/product\/racija-motorola-talkabout-t82-extreme-quad\/#primaryimage"},"thumbnailUrl":"https:\/\/xstyle.md\/wp-content\/uploads\/2020\/07\/talkabout-t82-quatro.jpg","datePublished":"2020-07-17T07:18:09+00:00","dateModified":"2026-03-04T09:13:27+00:00","description":"Ra\u021bia Motorola Talkabout T82 Extreme Quad \u2013 o ra\u021bie PMR446 puternic\u0103 cu IPX4, 16 canale, func\u021bie VOX \u0219i ecran LCD. Ideal\u0103 pentru activit\u0103\u021bi \u00een aer liber!","breadcrumb":{"@id":"https:\/\/xstyle.md\/product\/racija-motorola-talkabout-t82-extreme-quad\/#breadcrumb"},"inLanguage":"ro-RO","potentialAction":[{"@type":"ReadAction","target":["https:\/\/xstyle.md\/product\/racija-motorola-talkabout-t82-extreme-quad\/"]}]},{"@type":"ImageObject","inLanguage":"ro-RO","@id":"https:\/\/xstyle.md\/product\/racija-motorola-talkabout-t82-extreme-quad\/#primaryimage","url":"https:\/\/xstyle.md\/wp-content\/uploads\/2020\/07\/talkabout-t82-quatro.jpg","contentUrl":"https:\/\/xstyle.md\/wp-content\/uploads\/2020\/07\/talkabout-t82-quatro.jpg","width":729,"height":564},{"@type":"BreadcrumbList","@id":"https:\/\/xstyle.md\/product\/racija-motorola-talkabout-t82-extreme-quad\/#breadcrumb","itemListElement":[{"@type":"ListItem","position":1,"name":"\u0413\u043b\u0430\u0432\u043d\u0430\u044f \u0441\u0442\u0440\u0430\u043d\u0438\u0446\u0430","item":"https:\/\/xstyle.md\/"},{"@type":"ListItem","position":2,"name":"\u041c\u0430\u0433\u0430\u0437\u0438\u043d","item":"https:\/\/xstyle.md\/shop\/"},{"@type":"ListItem","position":3,"name":"\u0420\u0430\u0446\u0438\u044f Motorola Talkabout T82 Extreme Quad"}]},{"@type":"WebSite","@id":"https:\/\/xstyle.md\/#website","url":"https:\/\/xstyle.md\/","name":"Magazinul X-Style","description":"Echipamente pentru turism \u0219i sporturi extreme \u00een Moldova. Pre\u021buri, fotografii, caracteristici \u00een Moldova.","publisher":{"@id":"https:\/\/xstyle.md\/#organization"},"alternateName":"X-Style","potentialAction":[{"@type":"SearchAction","target":{"@type":"EntryPoint","urlTemplate":"https:\/\/xstyle.md\/?s={search_term_string}"},"query-input":{"@type":"PropertyValueSpecification","valueRequired":true,"valueName":"search_term_string"}}],"inLanguage":"ro-RO"},{"@type":"Organization","@id":"https:\/\/xstyle.md\/#organization","name":"Magazinul X-Style","alternateName":"x-style","url":"https:\/\/xstyle.md\/","logo":{"@type":"ImageObject","inLanguage":"ro-RO","@id":"https:\/\/xstyle.md\/#\/schema\/logo\/image\/","url":"https:\/\/xstyle.md\/wp-content\/uploads\/2020\/06\/logoicon.svg","contentUrl":"https:\/\/xstyle.md\/wp-content\/uploads\/2020\/06\/logoicon.svg","caption":"\u041c\u0430\u0433\u0430\u0437\u0438\u043d Xstyle"},"image":{"@id":"https:\/\/xstyle.md\/#\/schema\/logo\/image\/"},"sameAs":["https:\/\/www.facebook.com\/xstylemd","https:\/\/www.instagram.com\/xstyle_md\/","https:\/\/t.me\/xstyle_outdoor"],"hasMerchantReturnPolicy":{"@type":"MerchantReturnPolicy","merchantReturnLink":"https:\/\/xstyle.md\/ro\/conditions\/"}}]},"product_price_amount":"4990.00","product_price_currency":"MDL","og_availability":"instock","product_availability":"instock","product_retailer_item_id":"5031753007218","product_condition":"new"},"_links":{"self":[{"href":"https:\/\/xstyle.md\/ro\/wp-json\/wp\/v2\/product\/10412","targetHints":{"allow":["GET"]}}],"collection":[{"href":"https:\/\/xstyle.md\/ro\/wp-json\/wp\/v2\/product"}],"about":[{"href":"https:\/\/xstyle.md\/ro\/wp-json\/wp\/v2\/types\/product"}],"replies":[{"embeddable":true,"href":"https:\/\/xstyle.md\/ro\/wp-json\/wp\/v2\/comments?post=10412"}],"wp:featuredmedia":[{"embeddable":true,"href":"https:\/\/xstyle.md\/ro\/wp-json\/wp\/v2\/media\/10403"}],"wp:attachment":[{"href":"https:\/\/xstyle.md\/ro\/wp-json\/wp\/v2\/media?parent=10412"}],"wp:term":[{"taxonomy":"product_brand","embeddable":true,"href":"https:\/\/xstyle.md\/ro\/wp-json\/wp\/v2\/product_brand?post=10412"},{"taxonomy":"product_cat","embeddable":true,"href":"https:\/\/xstyle.md\/ro\/wp-json\/wp\/v2\/product_cat?post=10412"},{"taxonomy":"product_tag","embeddable":true,"href":"https:\/\/xstyle.md\/ro\/wp-json\/wp\/v2\/product_tag?post=10412"}],"curies":[{"name":"wp","href":"https:\/\/api.w.org\/{rel}","templated":true}]}}