{"id":10343,"date":"2020-07-17T10:13:11","date_gmt":"2020-07-17T07:13:11","guid":{"rendered":"https:\/\/xstyle.md\/product\/holodil-nik-waeco-20l-tc-21"},"modified":"2026-03-19T16:34:53","modified_gmt":"2026-03-19T13:34:53","slug":"holodil-nik-waeco-20l-tc-21","status":"publish","type":"product","link":"https:\/\/xstyle.md\/ro\/produs\/holodil-nik-waeco-20l-tc-21\/","title":{"rendered":"Frigider Dometic TropiCool TCX21"},"content":{"rendered":"<\/p>\n<p><strong>Frigider Dometic TropiCool TCX21<\/strong> &#8212; frigider portabil termoelectric cu un design nou. O solu\u021bie portabil\u0103 eficient\u0103 \u0219i eficient\u0103 pentru r\u0103cire \u0219i \u00eenc\u0103lzire. Design original, control tactil \u0219i afi\u0219aj digital. Mai mult, populare frigidere portabile de \u00eenalt\u0103 tehnologie ofer\u0103 performan\u021be ridicate. Acestea sunt dotate cu caracteristici precum o schem\u0103 inteligent\u0103 de economisire a energiei, temperatura reglabil\u0103 individual, capacitatea de r\u0103cire la 27 \u00b0 C sub temperatura ambiant\u0103 \u0219i func\u021bia de \u00eenc\u0103lzire p\u00e2n\u0103 la 65 \u00b0 C.<\/p>\n<p>Noile r\u0103citoare de m\u00e2n\u0103 TCX \u00eempiedic\u0103 desc\u0103rcarea profund\u0103 atunci c\u00e2nd sunt conectate la baterie \u0219i asigur\u0103 o protec\u021bie invers\u0103 a polarit\u0103\u021bii pentru conexiunile AC \u0219i DC.<\/p>\n<p><em>Garan\u021bia oficial\u0103 de la produc\u0103tor pentru toate frigiderele marca Dometic este de 2 ani.<\/em><\/p>\n<h3><strong>Specifica\u021bii<\/strong><\/h3>\n<ul>\n<li>Frigider portabil convenabil care func\u021bioneaz\u0103 at\u00e2t de la tensiunea continu\u0103 de 12 V sau 24 V, c\u00e2t \u0219i de la tensiunea AC de 230 V;<\/li>\n<li>Sistemul de protec\u021bie activ\u0103 a bateriei previne desc\u0103rcarea profund\u0103 a bateriei vehiculului ;<\/li>\n<li>Electronic\u0103 special\u0103 de \u00eenalt\u0103 performan\u021b\u0103 ;<\/li>\n<li>TC cu schema de cablare cu economie de energie inteligent\u0103;<\/li>\n<li>\u00a0Prioritate de re\u021bea ;<\/li>\n<li>Ventilator durabil pentru ventila\u021bie dinamic\u0103 \u00een interior.<\/li>\n<\/ul>\n<h3><strong>Caracteristici<\/strong><\/h3>\n<ul>\n<li>Lungime &#8212; 450 mm<\/li>\n<li>L\u0103\u021bime &#8212; 303 mm<\/li>\n<li>\u00cen\u0103l\u021bime &#8212; 420 mm<\/li>\n<li>Volumul &#8212; 21 L<\/li>\n<li>Greutate &#8212; 7,30 kg<\/li>\n<li>Intervalul de temperatur\u0103 &#8212; r\u0103cire la 25 \u00b0 C sub mediu, dar nu mai mic de 0\u0421, \u00eenc\u0103lzire p\u00e2n\u0103 la + 65\u0421<\/li>\n<li>Sursa de alimentare 24\/12\/220 V<\/li>\n<li>Consum mediu de energie &#8212; 64 W (48 W la 12 V \u0219i 24 V)<\/li>\n<\/ul>\n<p><\/p>","protected":false},"excerpt":{"rendered":"<p>Frigider Dometic TropiCool TCX21<\/p>","protected":false},"featured_media":10339,"comment_status":"open","ping_status":"closed","template":"","meta":{"_acf_changed":false,"inline_featured_image":false},"product_brand":[1274],"product_cat":[110],"product_tag":[],"class_list":{"0":"post-10343","1":"product","2":"type-product","3":"status-publish","4":"has-post-thumbnail","6":"product_brand-dometic","7":"product_cat-thermoelectric-refrigerators","9":"first","10":"instock","11":"shipping-taxable","12":"purchasable","13":"product-type-simple"},"acf":[],"yoast_head":"<!-- This site is optimized with the Yoast SEO plugin v27.4 - https:\/\/yoast.com\/product\/yoast-seo-wordpress\/ -->\n<title>\u0425\u043e\u043b\u043e\u0434\u0438\u043b\u044c\u043d\u0438\u043a Dometic TropiCool TCX21 - \u041c\u0430\u0433\u0430\u0437\u0438\u043d Xstyle<\/title>\n<meta name=\"description\" content=\"\u0425\u043e\u043b\u043e\u0434\u0438\u043b\u044c\u043d\u0438\u043a Dometic TropiCool TCX21 \u2013 \u043f\u043e\u0440\u0442\u0430\u0442\u0438\u0432\u043d\u043e\u0435 \u0440\u0435\u0448\u0435\u043d\u0438\u0435 \u0434\u043b\u044f \u043e\u0445\u043b\u0430\u0436\u0434\u0435\u043d\u0438\u044f \u0438 \u043e\u0431\u043e\u0433\u0440\u0435\u0432\u0430. \u0421\u043e\u0432\u0440\u0435\u043c\u0435\u043d\u043d\u044b\u0439 \u0434\u0438\u0437\u0430\u0439\u043d, \u0441\u0435\u043d\u0441\u043e\u0440\u043d\u043e\u0435 \u0443\u043f\u0440\u0430\u0432\u043b\u0435\u043d\u0438\u0435 \u0438 \u0446\u0438\u0444\u0440\u043e\u0432\u043e\u0439 \u0434\u0438\u0441\u043f\u043b\u0435\u0439.\" \/>\n<meta name=\"robots\" content=\"index, follow, max-snippet:-1, max-image-preview:large, max-video-preview:-1\" \/>\n<link rel=\"canonical\" href=\"https:\/\/xstyle.md\/ro\/produs\/holodil-nik-waeco-20l-tc-21\/\" \/>\n<meta property=\"og:locale\" content=\"ro_RO\" \/>\n<meta property=\"og:type\" content=\"article\" \/>\n<meta property=\"og:title\" content=\"\u0425\u043e\u043b\u043e\u0434\u0438\u043b\u044c\u043d\u0438\u043a Dometic TropiCool TCX21 - \u041c\u0430\u0433\u0430\u0437\u0438\u043d Xstyle\" \/>\n<meta property=\"og:description\" content=\"\u0425\u043e\u043b\u043e\u0434\u0438\u043b\u044c\u043d\u0438\u043a Dometic TropiCool TCX21 \u2013 \u043f\u043e\u0440\u0442\u0430\u0442\u0438\u0432\u043d\u043e\u0435 \u0440\u0435\u0448\u0435\u043d\u0438\u0435 \u0434\u043b\u044f \u043e\u0445\u043b\u0430\u0436\u0434\u0435\u043d\u0438\u044f \u0438 \u043e\u0431\u043e\u0433\u0440\u0435\u0432\u0430. \u0421\u043e\u0432\u0440\u0435\u043c\u0435\u043d\u043d\u044b\u0439 \u0434\u0438\u0437\u0430\u0439\u043d, \u0441\u0435\u043d\u0441\u043e\u0440\u043d\u043e\u0435 \u0443\u043f\u0440\u0430\u0432\u043b\u0435\u043d\u0438\u0435 \u0438 \u0446\u0438\u0444\u0440\u043e\u0432\u043e\u0439 \u0434\u0438\u0441\u043f\u043b\u0435\u0439.\" \/>\n<meta property=\"og:url\" content=\"https:\/\/xstyle.md\/ro\/produs\/holodil-nik-waeco-20l-tc-21\/\" \/>\n<meta property=\"og:site_name\" content=\"\u041c\u0430\u0433\u0430\u0437\u0438\u043d Xstyle\" \/>\n<meta property=\"article:publisher\" content=\"https:\/\/www.facebook.com\/xstylemd\" \/>\n<meta property=\"article:modified_time\" content=\"2026-03-19T13:34:53+00:00\" \/>\n<meta property=\"og:image\" content=\"https:\/\/xstyle.md\/wp-content\/uploads\/2020\/07\/36_47_dometic_tcx21_9600013320_63647_11.png\" \/>\n\t<meta property=\"og:image:width\" content=\"580\" \/>\n\t<meta property=\"og:image:height\" content=\"580\" \/>\n\t<meta property=\"og:image:type\" content=\"image\/png\" \/>\n<meta name=\"twitter:card\" content=\"summary_large_image\" \/>\n<meta name=\"twitter:label1\" content=\"Pre\u021b\" \/>\n\t<meta name=\"twitter:data1\" content=\"6.390&nbsp;MDL\" \/>\n\t<meta name=\"twitter:label2\" content=\"Disponibilitate\" \/>\n\t<meta name=\"twitter:data2\" content=\"\u00cen stoc\" \/>\n<script type=\"application\/ld+json\" class=\"yoast-schema-graph\">{\"@context\":\"https:\\\/\\\/schema.org\",\"@graph\":[{\"@type\":\"WebPage\",\"@id\":\"https:\\\/\\\/xstyle.md\\\/product\\\/holodil-nik-waeco-20l-tc-21\\\/\",\"url\":\"https:\\\/\\\/xstyle.md\\\/product\\\/holodil-nik-waeco-20l-tc-21\\\/\",\"name\":\"\u0425\u043e\u043b\u043e\u0434\u0438\u043b\u044c\u043d\u0438\u043a Dometic TropiCool TCX21 - \u041c\u0430\u0433\u0430\u0437\u0438\u043d Xstyle\",\"isPartOf\":{\"@id\":\"https:\\\/\\\/xstyle.md\\\/#website\"},\"primaryImageOfPage\":{\"@id\":\"https:\\\/\\\/xstyle.md\\\/product\\\/holodil-nik-waeco-20l-tc-21\\\/#primaryimage\"},\"image\":{\"@id\":\"https:\\\/\\\/xstyle.md\\\/product\\\/holodil-nik-waeco-20l-tc-21\\\/#primaryimage\"},\"thumbnailUrl\":\"https:\\\/\\\/xstyle.md\\\/wp-content\\\/uploads\\\/2020\\\/07\\\/36_47_dometic_tcx21_9600013320_63647_11.png\",\"datePublished\":\"2020-07-17T07:13:11+00:00\",\"dateModified\":\"2026-03-19T13:34:53+00:00\",\"description\":\"\u0425\u043e\u043b\u043e\u0434\u0438\u043b\u044c\u043d\u0438\u043a Dometic TropiCool TCX21 \u2013 \u043f\u043e\u0440\u0442\u0430\u0442\u0438\u0432\u043d\u043e\u0435 \u0440\u0435\u0448\u0435\u043d\u0438\u0435 \u0434\u043b\u044f \u043e\u0445\u043b\u0430\u0436\u0434\u0435\u043d\u0438\u044f \u0438 \u043e\u0431\u043e\u0433\u0440\u0435\u0432\u0430. \u0421\u043e\u0432\u0440\u0435\u043c\u0435\u043d\u043d\u044b\u0439 \u0434\u0438\u0437\u0430\u0439\u043d, \u0441\u0435\u043d\u0441\u043e\u0440\u043d\u043e\u0435 \u0443\u043f\u0440\u0430\u0432\u043b\u0435\u043d\u0438\u0435 \u0438 \u0446\u0438\u0444\u0440\u043e\u0432\u043e\u0439 \u0434\u0438\u0441\u043f\u043b\u0435\u0439.\",\"breadcrumb\":{\"@id\":\"https:\\\/\\\/xstyle.md\\\/product\\\/holodil-nik-waeco-20l-tc-21\\\/#breadcrumb\"},\"inLanguage\":\"ro-RO\",\"potentialAction\":[{\"@type\":\"ReadAction\",\"target\":[\"https:\\\/\\\/xstyle.md\\\/product\\\/holodil-nik-waeco-20l-tc-21\\\/\"]}]},{\"@type\":\"ImageObject\",\"inLanguage\":\"ro-RO\",\"@id\":\"https:\\\/\\\/xstyle.md\\\/product\\\/holodil-nik-waeco-20l-tc-21\\\/#primaryimage\",\"url\":\"https:\\\/\\\/xstyle.md\\\/wp-content\\\/uploads\\\/2020\\\/07\\\/36_47_dometic_tcx21_9600013320_63647_11.png\",\"contentUrl\":\"https:\\\/\\\/xstyle.md\\\/wp-content\\\/uploads\\\/2020\\\/07\\\/36_47_dometic_tcx21_9600013320_63647_11.png\",\"width\":580,\"height\":580},{\"@type\":\"BreadcrumbList\",\"@id\":\"https:\\\/\\\/xstyle.md\\\/product\\\/holodil-nik-waeco-20l-tc-21\\\/#breadcrumb\",\"itemListElement\":[{\"@type\":\"ListItem\",\"position\":1,\"name\":\"\u0413\u043b\u0430\u0432\u043d\u0430\u044f \u0441\u0442\u0440\u0430\u043d\u0438\u0446\u0430\",\"item\":\"https:\\\/\\\/xstyle.md\\\/\"},{\"@type\":\"ListItem\",\"position\":2,\"name\":\"\u041c\u0430\u0433\u0430\u0437\u0438\u043d\",\"item\":\"https:\\\/\\\/xstyle.md\\\/shop\\\/\"},{\"@type\":\"ListItem\",\"position\":3,\"name\":\"\u0425\u043e\u043b\u043e\u0434\u0438\u043b\u044c\u043d\u0438\u043a Dometic TropiCool TCX21\"}]},{\"@type\":\"WebSite\",\"@id\":\"https:\\\/\\\/xstyle.md\\\/#website\",\"url\":\"https:\\\/\\\/xstyle.md\\\/\",\"name\":\"\u041c\u0430\u0433\u0430\u0437\u0438\u043d Xstyle\",\"description\":\"C\u043d\u0430\u0440\u044f\u0436\u0435\u043d\u0438\u0435 \u0434\u043b\u044f \u0442\u0443\u0440\u0438\u0437\u043c\u0430 \u0438 \u044d\u043a\u0441\u0442\u0440\u0435\u043c\u0430\u043b\u044c\u043d\u044b\u0445 \u0432\u0438\u0434\u043e\u0432 \u0441\u043f\u043e\u0440\u0442\u0430 \u0432 \u041c\u043e\u043b\u0434\u043e\u0432\u0435.. \u0426\u0435\u043d\u044b, \u0444\u043e\u0442\u043e, \u0445\u0430\u0440\u0430\u043a\u0442\u0435\u0440\u0438\u0441\u0442\u0438\u043a\u0438 \u0432 \u041c\u043e\u043b\u0434\u043e\u0432\u0435.\",\"publisher\":{\"@id\":\"https:\\\/\\\/xstyle.md\\\/#organization\"},\"alternateName\":\"X-Style\",\"potentialAction\":[{\"@type\":\"SearchAction\",\"target\":{\"@type\":\"EntryPoint\",\"urlTemplate\":\"https:\\\/\\\/xstyle.md\\\/?s={search_term_string}\"},\"query-input\":{\"@type\":\"PropertyValueSpecification\",\"valueRequired\":true,\"valueName\":\"search_term_string\"}}],\"inLanguage\":\"ro-RO\"},{\"@type\":\"Organization\",\"@id\":\"https:\\\/\\\/xstyle.md\\\/#organization\",\"name\":\"\u041c\u0430\u0433\u0430\u0437\u0438\u043d Xstyle\",\"alternateName\":\"x-style\",\"url\":\"https:\\\/\\\/xstyle.md\\\/\",\"logo\":{\"@type\":\"ImageObject\",\"inLanguage\":\"ro-RO\",\"@id\":\"https:\\\/\\\/xstyle.md\\\/#\\\/schema\\\/logo\\\/image\\\/\",\"url\":\"https:\\\/\\\/xstyle.md\\\/wp-content\\\/uploads\\\/2020\\\/06\\\/logoicon.svg\",\"contentUrl\":\"https:\\\/\\\/xstyle.md\\\/wp-content\\\/uploads\\\/2020\\\/06\\\/logoicon.svg\",\"caption\":\"\u041c\u0430\u0433\u0430\u0437\u0438\u043d Xstyle\"},\"image\":{\"@id\":\"https:\\\/\\\/xstyle.md\\\/#\\\/schema\\\/logo\\\/image\\\/\"},\"sameAs\":[\"https:\\\/\\\/www.facebook.com\\\/xstylemd\",\"https:\\\/\\\/www.instagram.com\\\/xstyle_md\\\/\",\"https:\\\/\\\/t.me\\\/xstyle_outdoor\"],\"hasMerchantReturnPolicy\":{\"@type\":\"MerchantReturnPolicy\",\"merchantReturnLink\":\"https:\\\/\\\/xstyle.md\\\/ro\\\/conditions\\\/\"}}]}<\/script>\n<meta property=\"product:price:amount\" content=\"6390.00\" \/>\n<meta property=\"product:price:currency\" content=\"MDL\" \/>\n<meta property=\"og:availability\" content=\"instock\" \/>\n<meta property=\"product:availability\" content=\"instock\" \/>\n<meta property=\"product:retailer_item_id\" content=\"4015704255614\" \/>\n<meta property=\"product:condition\" content=\"new\" \/>\n<!-- \/ Yoast SEO plugin. -->","yoast_head_json":{"title":"Frigider Dometic TropiCool TCX21 - Magazin Xstyle","description":"Frigiderul Dometic TropiCool TCX21 \u2013 o solu\u021bie portabil\u0103 pentru r\u0103cire \u0219i \u00eenc\u0103lzire. Design modern, control tactil \u0219i ecran digital.","robots":{"index":"index","follow":"follow","max-snippet":"max-snippet:-1","max-image-preview":"max-image-preview:large","max-video-preview":"max-video-preview:-1"},"canonical":"https:\/\/xstyle.md\/ro\/produs\/holodil-nik-waeco-20l-tc-21\/","og_locale":"ro_RO","og_type":"article","og_title":"\u0425\u043e\u043b\u043e\u0434\u0438\u043b\u044c\u043d\u0438\u043a Dometic TropiCool TCX21 - \u041c\u0430\u0433\u0430\u0437\u0438\u043d Xstyle","og_description":"\u0425\u043e\u043b\u043e\u0434\u0438\u043b\u044c\u043d\u0438\u043a Dometic TropiCool TCX21 \u2013 \u043f\u043e\u0440\u0442\u0430\u0442\u0438\u0432\u043d\u043e\u0435 \u0440\u0435\u0448\u0435\u043d\u0438\u0435 \u0434\u043b\u044f \u043e\u0445\u043b\u0430\u0436\u0434\u0435\u043d\u0438\u044f \u0438 \u043e\u0431\u043e\u0433\u0440\u0435\u0432\u0430. \u0421\u043e\u0432\u0440\u0435\u043c\u0435\u043d\u043d\u044b\u0439 \u0434\u0438\u0437\u0430\u0439\u043d, \u0441\u0435\u043d\u0441\u043e\u0440\u043d\u043e\u0435 \u0443\u043f\u0440\u0430\u0432\u043b\u0435\u043d\u0438\u0435 \u0438 \u0446\u0438\u0444\u0440\u043e\u0432\u043e\u0439 \u0434\u0438\u0441\u043f\u043b\u0435\u0439.","og_url":"https:\/\/xstyle.md\/ro\/produs\/holodil-nik-waeco-20l-tc-21\/","og_site_name":"\u041c\u0430\u0433\u0430\u0437\u0438\u043d Xstyle","article_publisher":"https:\/\/www.facebook.com\/xstylemd","article_modified_time":"2026-03-19T13:34:53+00:00","og_image":[{"width":580,"height":580,"url":"https:\/\/xstyle.md\/wp-content\/uploads\/2020\/07\/36_47_dometic_tcx21_9600013320_63647_11.png","type":"image\/png"}],"twitter_card":"summary_large_image","twitter_misc":{"Pre\u021b":"6.390&nbsp;MDL","Disponibilitate":"\u00cen stoc"},"schema":{"@context":"https:\/\/schema.org","@graph":[{"@type":"WebPage","@id":"https:\/\/xstyle.md\/product\/holodil-nik-waeco-20l-tc-21\/","url":"https:\/\/xstyle.md\/product\/holodil-nik-waeco-20l-tc-21\/","name":"Frigider Dometic TropiCool TCX21 - Magazin Xstyle","isPartOf":{"@id":"https:\/\/xstyle.md\/#website"},"primaryImageOfPage":{"@id":"https:\/\/xstyle.md\/product\/holodil-nik-waeco-20l-tc-21\/#primaryimage"},"image":{"@id":"https:\/\/xstyle.md\/product\/holodil-nik-waeco-20l-tc-21\/#primaryimage"},"thumbnailUrl":"https:\/\/xstyle.md\/wp-content\/uploads\/2020\/07\/36_47_dometic_tcx21_9600013320_63647_11.png","datePublished":"2020-07-17T07:13:11+00:00","dateModified":"2026-03-19T13:34:53+00:00","description":"Frigiderul Dometic TropiCool TCX21 \u2013 o solu\u021bie portabil\u0103 pentru r\u0103cire \u0219i \u00eenc\u0103lzire. Design modern, control tactil \u0219i ecran digital.","breadcrumb":{"@id":"https:\/\/xstyle.md\/product\/holodil-nik-waeco-20l-tc-21\/#breadcrumb"},"inLanguage":"ro-RO","potentialAction":[{"@type":"ReadAction","target":["https:\/\/xstyle.md\/product\/holodil-nik-waeco-20l-tc-21\/"]}]},{"@type":"ImageObject","inLanguage":"ro-RO","@id":"https:\/\/xstyle.md\/product\/holodil-nik-waeco-20l-tc-21\/#primaryimage","url":"https:\/\/xstyle.md\/wp-content\/uploads\/2020\/07\/36_47_dometic_tcx21_9600013320_63647_11.png","contentUrl":"https:\/\/xstyle.md\/wp-content\/uploads\/2020\/07\/36_47_dometic_tcx21_9600013320_63647_11.png","width":580,"height":580},{"@type":"BreadcrumbList","@id":"https:\/\/xstyle.md\/product\/holodil-nik-waeco-20l-tc-21\/#breadcrumb","itemListElement":[{"@type":"ListItem","position":1,"name":"\u0413\u043b\u0430\u0432\u043d\u0430\u044f \u0441\u0442\u0440\u0430\u043d\u0438\u0446\u0430","item":"https:\/\/xstyle.md\/"},{"@type":"ListItem","position":2,"name":"\u041c\u0430\u0433\u0430\u0437\u0438\u043d","item":"https:\/\/xstyle.md\/shop\/"},{"@type":"ListItem","position":3,"name":"\u0425\u043e\u043b\u043e\u0434\u0438\u043b\u044c\u043d\u0438\u043a Dometic TropiCool TCX21"}]},{"@type":"WebSite","@id":"https:\/\/xstyle.md\/#website","url":"https:\/\/xstyle.md\/","name":"Magazinul X-Style","description":"Echipamente pentru turism \u0219i sporturi extreme \u00een Moldova. Pre\u021buri, fotografii, caracteristici \u00een Moldova.","publisher":{"@id":"https:\/\/xstyle.md\/#organization"},"alternateName":"X-Style","potentialAction":[{"@type":"SearchAction","target":{"@type":"EntryPoint","urlTemplate":"https:\/\/xstyle.md\/?s={search_term_string}"},"query-input":{"@type":"PropertyValueSpecification","valueRequired":true,"valueName":"search_term_string"}}],"inLanguage":"ro-RO"},{"@type":"Organization","@id":"https:\/\/xstyle.md\/#organization","name":"Magazinul X-Style","alternateName":"x-style","url":"https:\/\/xstyle.md\/","logo":{"@type":"ImageObject","inLanguage":"ro-RO","@id":"https:\/\/xstyle.md\/#\/schema\/logo\/image\/","url":"https:\/\/xstyle.md\/wp-content\/uploads\/2020\/06\/logoicon.svg","contentUrl":"https:\/\/xstyle.md\/wp-content\/uploads\/2020\/06\/logoicon.svg","caption":"\u041c\u0430\u0433\u0430\u0437\u0438\u043d Xstyle"},"image":{"@id":"https:\/\/xstyle.md\/#\/schema\/logo\/image\/"},"sameAs":["https:\/\/www.facebook.com\/xstylemd","https:\/\/www.instagram.com\/xstyle_md\/","https:\/\/t.me\/xstyle_outdoor"],"hasMerchantReturnPolicy":{"@type":"MerchantReturnPolicy","merchantReturnLink":"https:\/\/xstyle.md\/ro\/conditions\/"}}]},"product_price_amount":"6390.00","product_price_currency":"MDL","og_availability":"instock","product_availability":"instock","product_retailer_item_id":"4015704255614","product_condition":"new"},"_links":{"self":[{"href":"https:\/\/xstyle.md\/ro\/wp-json\/wp\/v2\/product\/10343","targetHints":{"allow":["GET"]}}],"collection":[{"href":"https:\/\/xstyle.md\/ro\/wp-json\/wp\/v2\/product"}],"about":[{"href":"https:\/\/xstyle.md\/ro\/wp-json\/wp\/v2\/types\/product"}],"replies":[{"embeddable":true,"href":"https:\/\/xstyle.md\/ro\/wp-json\/wp\/v2\/comments?post=10343"}],"wp:featuredmedia":[{"embeddable":true,"href":"https:\/\/xstyle.md\/ro\/wp-json\/wp\/v2\/media\/10339"}],"wp:attachment":[{"href":"https:\/\/xstyle.md\/ro\/wp-json\/wp\/v2\/media?parent=10343"}],"wp:term":[{"taxonomy":"product_brand","embeddable":true,"href":"https:\/\/xstyle.md\/ro\/wp-json\/wp\/v2\/product_brand?post=10343"},{"taxonomy":"product_cat","embeddable":true,"href":"https:\/\/xstyle.md\/ro\/wp-json\/wp\/v2\/product_cat?post=10343"},{"taxonomy":"product_tag","embeddable":true,"href":"https:\/\/xstyle.md\/ro\/wp-json\/wp\/v2\/product_tag?post=10343"}],"curies":[{"name":"wp","href":"https:\/\/api.w.org\/{rel}","templated":true}]}}