{"id":10091,"date":"2020-07-17T09:55:31","date_gmt":"2020-07-17T06:55:31","guid":{"rendered":"https:\/\/xstyle.md\/product\/poverhnostnyj-buj-marker-omer-atol-float"},"modified":"2025-10-24T12:57:11","modified_gmt":"2025-10-24T09:57:11","slug":"poverhnostnyj-buj-marker-omer-atol-float","status":"publish","type":"product","link":"https:\/\/xstyle.md\/ro\/produs\/poverhnostnyj-buj-marker-omer-atol-float\/","title":{"rendered":"Geamandur\u0103 de suprafa\u021b\u0103 Omer Atol float"},"content":{"rendered":"<\/p>\n<p><strong>Geamandur\u0103 de suprafa\u021b\u0103 Omer Atol float &#8212;\u00a0<\/strong>pentru v\u00e2n\u0103toare \u00een apele de ad\u00e2ncime mic\u0103 \u0219i mijlocie.<\/p>\n<p><strong>Caracteristici:<\/strong><\/p>\n<ul>\n<li>Are un num\u0103r mare de carabine, balamale \u0219i curele pe Velcro pentru ata\u0219area diferitelor accesorii \u0219i arme de rezerv\u0103.<\/li>\n<li>Vizibil la o distan\u021b\u0103 mare, datorit\u0103 steagului ro\u0219u de 30 * 30 cm, fixat pe o st\u00e2lp de rigiditate de 95 cm \u00een\u0103l\u021bime.<\/li>\n<li>Culoare: Ro\u0219ie, alb &#8212; jos<\/li>\n<li>Const\u0103 din dou\u0103 camere de aer din material PVC durabil, g\u0103zduit \u00eentr-o hus\u0103 de nylon balistic 420D<\/li>\n<li>Scop: asigur\u0103 o \u0219edere \u00een condi\u021bii de siguran\u021b\u0103 \u00een ap\u0103 deschis\u0103, mai ales dac\u0103 sunt prezente b\u0103rci cu motor, ski-jet, etc.<\/li>\n<li>Prezen\u021ba de buzunare, bucle, carabine \u0219i curele cu Velcro v\u0103 permite s\u0103 lua\u021bi echipamente suplimentare, sarcini, arme.<\/li>\n<li>Dac\u0103 sunte\u021bi obosit, pute\u021bi s\u0103 v\u0103 odihni\u021bi pe ea.<\/li>\n<\/ul>\n<p><\/p>","protected":false},"excerpt":{"rendered":"<p>Geamandur\u0103 de suprafa\u021b\u0103 Omer Atol float<\/p>","protected":false},"featured_media":10090,"comment_status":"open","ping_status":"closed","template":"","meta":{"_acf_changed":false,"inline_featured_image":false},"product_brand":[1316],"product_cat":[188],"product_tag":[],"class_list":{"0":"post-10091","1":"product","2":"type-product","3":"status-publish","4":"has-post-thumbnail","6":"product_brand-omer","7":"product_cat-buoy","9":"first","10":"instock","11":"shipping-taxable","12":"purchasable","13":"product-type-simple"},"acf":[],"yoast_head":"<!-- This site is optimized with the Yoast SEO plugin v27.4 - https:\/\/yoast.com\/product\/yoast-seo-wordpress\/ -->\n<title>\u041f\u043e\u0432\u0435\u0440\u0445\u043d\u043e\u0441\u0442\u043d\u044b\u0439 \u0431\u0443\u0439 \u043c\u0430\u0440\u043a\u0435\u0440 Omer Atol float - \u041c\u0430\u0433\u0430\u0437\u0438\u043d Xstyle<\/title>\n<meta name=\"description\" content=\"\u041f\u043e\u0432\u044b\u0441\u044c\u0442\u0435 \u044d\u0444\u0444\u0435\u043a\u0442\u0438\u0432\u043d\u043e\u0441\u0442\u044c \u043e\u0445\u043e\u0442\u044b \u0441 \u0431\u0443\u0435\u043c Omer Atol! \u042f\u0440\u043a\u0438\u0439, \u043f\u0440\u043e\u0447\u043d\u044b\u0439 \u0438 \u0443\u0434\u043e\u0431\u043d\u044b\u0439, \u0438\u0434\u0435\u0430\u043b\u044c\u043d\u043e \u043f\u043e\u0434\u0445\u043e\u0434\u0438\u0442 \u0434\u043b\u044f \u043c\u0435\u043b\u043a\u043e\u0432\u043e\u0434\u044c\u044f. \u0417\u0430\u043a\u0430\u0437\u044b\u0432\u0430\u0439\u0442\u0435 \u0441\u0435\u0439\u0447\u0430\u0441 \u0434\u043b\u044f \u043b\u0443\u0447\u0448\u0435\u0433\u043e \u043e\u043f\u044b\u0442\u0430!\" \/>\n<meta name=\"robots\" content=\"index, follow, max-snippet:-1, max-image-preview:large, max-video-preview:-1\" \/>\n<link rel=\"canonical\" href=\"https:\/\/xstyle.md\/ro\/produs\/poverhnostnyj-buj-marker-omer-atol-float\/\" \/>\n<meta property=\"og:locale\" content=\"ro_RO\" \/>\n<meta property=\"og:type\" content=\"article\" \/>\n<meta property=\"og:title\" content=\"\u041f\u043e\u0432\u0435\u0440\u0445\u043d\u043e\u0441\u0442\u043d\u044b\u0439 \u0431\u0443\u0439 \u043c\u0430\u0440\u043a\u0435\u0440 Omer Atol float - \u041c\u0430\u0433\u0430\u0437\u0438\u043d Xstyle\" \/>\n<meta property=\"og:description\" content=\"\u041f\u043e\u0432\u044b\u0441\u044c\u0442\u0435 \u044d\u0444\u0444\u0435\u043a\u0442\u0438\u0432\u043d\u043e\u0441\u0442\u044c \u043e\u0445\u043e\u0442\u044b \u0441 \u0431\u0443\u0435\u043c Omer Atol! \u042f\u0440\u043a\u0438\u0439, \u043f\u0440\u043e\u0447\u043d\u044b\u0439 \u0438 \u0443\u0434\u043e\u0431\u043d\u044b\u0439, \u0438\u0434\u0435\u0430\u043b\u044c\u043d\u043e \u043f\u043e\u0434\u0445\u043e\u0434\u0438\u0442 \u0434\u043b\u044f \u043c\u0435\u043b\u043a\u043e\u0432\u043e\u0434\u044c\u044f. \u0417\u0430\u043a\u0430\u0437\u044b\u0432\u0430\u0439\u0442\u0435 \u0441\u0435\u0439\u0447\u0430\u0441 \u0434\u043b\u044f \u043b\u0443\u0447\u0448\u0435\u0433\u043e \u043e\u043f\u044b\u0442\u0430!\" \/>\n<meta property=\"og:url\" content=\"https:\/\/xstyle.md\/ro\/produs\/poverhnostnyj-buj-marker-omer-atol-float\/\" \/>\n<meta property=\"og:site_name\" content=\"\u041c\u0430\u0433\u0430\u0437\u0438\u043d Xstyle\" \/>\n<meta property=\"article:publisher\" content=\"https:\/\/www.facebook.com\/xstylemd\" \/>\n<meta property=\"article:modified_time\" content=\"2025-10-24T09:57:11+00:00\" \/>\n<meta property=\"og:image\" content=\"https:\/\/xstyle.md\/wp-content\/uploads\/2020\/07\/omer-atoll-technical-buoy.jpg\" \/>\n\t<meta property=\"og:image:width\" content=\"559\" \/>\n\t<meta property=\"og:image:height\" content=\"600\" \/>\n\t<meta property=\"og:image:type\" content=\"image\/jpeg\" \/>\n<meta name=\"twitter:card\" content=\"summary_large_image\" \/>\n<meta name=\"twitter:label1\" content=\"Pre\u021b\" \/>\n\t<meta name=\"twitter:data1\" content=\"1.450&nbsp;MDL\" \/>\n\t<meta name=\"twitter:label2\" content=\"Disponibilitate\" \/>\n\t<meta name=\"twitter:data2\" content=\"\u00cen stoc\" \/>\n<script type=\"application\/ld+json\" class=\"yoast-schema-graph\">{\"@context\":\"https:\\\/\\\/schema.org\",\"@graph\":[{\"@type\":\"WebPage\",\"@id\":\"https:\\\/\\\/xstyle.md\\\/product\\\/poverhnostnyj-buj-marker-omer-atol-float\\\/\",\"url\":\"https:\\\/\\\/xstyle.md\\\/product\\\/poverhnostnyj-buj-marker-omer-atol-float\\\/\",\"name\":\"\u041f\u043e\u0432\u0435\u0440\u0445\u043d\u043e\u0441\u0442\u043d\u044b\u0439 \u0431\u0443\u0439 \u043c\u0430\u0440\u043a\u0435\u0440 Omer Atol float - \u041c\u0430\u0433\u0430\u0437\u0438\u043d Xstyle\",\"isPartOf\":{\"@id\":\"https:\\\/\\\/xstyle.md\\\/#website\"},\"primaryImageOfPage\":{\"@id\":\"https:\\\/\\\/xstyle.md\\\/product\\\/poverhnostnyj-buj-marker-omer-atol-float\\\/#primaryimage\"},\"image\":{\"@id\":\"https:\\\/\\\/xstyle.md\\\/product\\\/poverhnostnyj-buj-marker-omer-atol-float\\\/#primaryimage\"},\"thumbnailUrl\":\"https:\\\/\\\/xstyle.md\\\/wp-content\\\/uploads\\\/2020\\\/07\\\/omer-atoll-technical-buoy.jpg\",\"datePublished\":\"2020-07-17T06:55:31+00:00\",\"dateModified\":\"2025-10-24T09:57:11+00:00\",\"description\":\"\u041f\u043e\u0432\u044b\u0441\u044c\u0442\u0435 \u044d\u0444\u0444\u0435\u043a\u0442\u0438\u0432\u043d\u043e\u0441\u0442\u044c \u043e\u0445\u043e\u0442\u044b \u0441 \u0431\u0443\u0435\u043c Omer Atol! \u042f\u0440\u043a\u0438\u0439, \u043f\u0440\u043e\u0447\u043d\u044b\u0439 \u0438 \u0443\u0434\u043e\u0431\u043d\u044b\u0439, \u0438\u0434\u0435\u0430\u043b\u044c\u043d\u043e \u043f\u043e\u0434\u0445\u043e\u0434\u0438\u0442 \u0434\u043b\u044f \u043c\u0435\u043b\u043a\u043e\u0432\u043e\u0434\u044c\u044f. \u0417\u0430\u043a\u0430\u0437\u044b\u0432\u0430\u0439\u0442\u0435 \u0441\u0435\u0439\u0447\u0430\u0441 \u0434\u043b\u044f \u043b\u0443\u0447\u0448\u0435\u0433\u043e \u043e\u043f\u044b\u0442\u0430!\",\"breadcrumb\":{\"@id\":\"https:\\\/\\\/xstyle.md\\\/product\\\/poverhnostnyj-buj-marker-omer-atol-float\\\/#breadcrumb\"},\"inLanguage\":\"ro-RO\",\"potentialAction\":[{\"@type\":\"ReadAction\",\"target\":[\"https:\\\/\\\/xstyle.md\\\/product\\\/poverhnostnyj-buj-marker-omer-atol-float\\\/\"]}]},{\"@type\":\"ImageObject\",\"inLanguage\":\"ro-RO\",\"@id\":\"https:\\\/\\\/xstyle.md\\\/product\\\/poverhnostnyj-buj-marker-omer-atol-float\\\/#primaryimage\",\"url\":\"https:\\\/\\\/xstyle.md\\\/wp-content\\\/uploads\\\/2020\\\/07\\\/omer-atoll-technical-buoy.jpg\",\"contentUrl\":\"https:\\\/\\\/xstyle.md\\\/wp-content\\\/uploads\\\/2020\\\/07\\\/omer-atoll-technical-buoy.jpg\",\"width\":559,\"height\":600},{\"@type\":\"BreadcrumbList\",\"@id\":\"https:\\\/\\\/xstyle.md\\\/product\\\/poverhnostnyj-buj-marker-omer-atol-float\\\/#breadcrumb\",\"itemListElement\":[{\"@type\":\"ListItem\",\"position\":1,\"name\":\"\u0413\u043b\u0430\u0432\u043d\u0430\u044f \u0441\u0442\u0440\u0430\u043d\u0438\u0446\u0430\",\"item\":\"https:\\\/\\\/xstyle.md\\\/\"},{\"@type\":\"ListItem\",\"position\":2,\"name\":\"\u041c\u0430\u0433\u0430\u0437\u0438\u043d\",\"item\":\"https:\\\/\\\/xstyle.md\\\/shop\\\/\"},{\"@type\":\"ListItem\",\"position\":3,\"name\":\"\u041f\u043e\u0432\u0435\u0440\u0445\u043d\u043e\u0441\u0442\u043d\u044b\u0439 \u0431\u0443\u0439 \u043c\u0430\u0440\u043a\u0435\u0440 Omer Atol float\"}]},{\"@type\":\"WebSite\",\"@id\":\"https:\\\/\\\/xstyle.md\\\/#website\",\"url\":\"https:\\\/\\\/xstyle.md\\\/\",\"name\":\"\u041c\u0430\u0433\u0430\u0437\u0438\u043d Xstyle\",\"description\":\"C\u043d\u0430\u0440\u044f\u0436\u0435\u043d\u0438\u0435 \u0434\u043b\u044f \u0442\u0443\u0440\u0438\u0437\u043c\u0430 \u0438 \u044d\u043a\u0441\u0442\u0440\u0435\u043c\u0430\u043b\u044c\u043d\u044b\u0445 \u0432\u0438\u0434\u043e\u0432 \u0441\u043f\u043e\u0440\u0442\u0430 \u0432 \u041c\u043e\u043b\u0434\u043e\u0432\u0435.. \u0426\u0435\u043d\u044b, \u0444\u043e\u0442\u043e, \u0445\u0430\u0440\u0430\u043a\u0442\u0435\u0440\u0438\u0441\u0442\u0438\u043a\u0438 \u0432 \u041c\u043e\u043b\u0434\u043e\u0432\u0435.\",\"publisher\":{\"@id\":\"https:\\\/\\\/xstyle.md\\\/#organization\"},\"alternateName\":\"X-Style\",\"potentialAction\":[{\"@type\":\"SearchAction\",\"target\":{\"@type\":\"EntryPoint\",\"urlTemplate\":\"https:\\\/\\\/xstyle.md\\\/?s={search_term_string}\"},\"query-input\":{\"@type\":\"PropertyValueSpecification\",\"valueRequired\":true,\"valueName\":\"search_term_string\"}}],\"inLanguage\":\"ro-RO\"},{\"@type\":\"Organization\",\"@id\":\"https:\\\/\\\/xstyle.md\\\/#organization\",\"name\":\"\u041c\u0430\u0433\u0430\u0437\u0438\u043d Xstyle\",\"alternateName\":\"x-style\",\"url\":\"https:\\\/\\\/xstyle.md\\\/\",\"logo\":{\"@type\":\"ImageObject\",\"inLanguage\":\"ro-RO\",\"@id\":\"https:\\\/\\\/xstyle.md\\\/#\\\/schema\\\/logo\\\/image\\\/\",\"url\":\"https:\\\/\\\/xstyle.md\\\/wp-content\\\/uploads\\\/2020\\\/06\\\/logoicon.svg\",\"contentUrl\":\"https:\\\/\\\/xstyle.md\\\/wp-content\\\/uploads\\\/2020\\\/06\\\/logoicon.svg\",\"caption\":\"\u041c\u0430\u0433\u0430\u0437\u0438\u043d Xstyle\"},\"image\":{\"@id\":\"https:\\\/\\\/xstyle.md\\\/#\\\/schema\\\/logo\\\/image\\\/\"},\"sameAs\":[\"https:\\\/\\\/www.facebook.com\\\/xstylemd\",\"https:\\\/\\\/www.instagram.com\\\/xstyle_md\\\/\",\"https:\\\/\\\/t.me\\\/xstyle_outdoor\"],\"hasMerchantReturnPolicy\":{\"@type\":\"MerchantReturnPolicy\",\"merchantReturnLink\":\"https:\\\/\\\/xstyle.md\\\/ro\\\/conditions\\\/\"}}]}<\/script>\n<meta property=\"product:price:amount\" content=\"1450.00\" \/>\n<meta property=\"product:price:currency\" content=\"MDL\" \/>\n<meta property=\"og:availability\" content=\"instock\" \/>\n<meta property=\"product:availability\" content=\"instock\" \/>\n<meta property=\"product:retailer_item_id\" content=\"8017736078519\" \/>\n<meta property=\"product:condition\" content=\"new\" \/>\n<!-- \/ Yoast SEO plugin. -->","yoast_head_json":{"title":"Geamandur\u0103 de suprafa\u021b\u0103 Omer Atol float - Magazin Xstyle","description":"Cre\u0219te\u021bi eficien\u021ba v\u00e2n\u0103torii cu boya Omer Atol! Str\u0103lucitor, durabil \u0219i confortabil, perfect pentru ape pu\u021bin ad\u00e2nci. Comanda\u021bi acum pentru o experien\u021b\u0103 mai bun\u0103!","robots":{"index":"index","follow":"follow","max-snippet":"max-snippet:-1","max-image-preview":"max-image-preview:large","max-video-preview":"max-video-preview:-1"},"canonical":"https:\/\/xstyle.md\/ro\/produs\/poverhnostnyj-buj-marker-omer-atol-float\/","og_locale":"ro_RO","og_type":"article","og_title":"\u041f\u043e\u0432\u0435\u0440\u0445\u043d\u043e\u0441\u0442\u043d\u044b\u0439 \u0431\u0443\u0439 \u043c\u0430\u0440\u043a\u0435\u0440 Omer Atol float - \u041c\u0430\u0433\u0430\u0437\u0438\u043d Xstyle","og_description":"\u041f\u043e\u0432\u044b\u0441\u044c\u0442\u0435 \u044d\u0444\u0444\u0435\u043a\u0442\u0438\u0432\u043d\u043e\u0441\u0442\u044c \u043e\u0445\u043e\u0442\u044b \u0441 \u0431\u0443\u0435\u043c Omer Atol! \u042f\u0440\u043a\u0438\u0439, \u043f\u0440\u043e\u0447\u043d\u044b\u0439 \u0438 \u0443\u0434\u043e\u0431\u043d\u044b\u0439, \u0438\u0434\u0435\u0430\u043b\u044c\u043d\u043e \u043f\u043e\u0434\u0445\u043e\u0434\u0438\u0442 \u0434\u043b\u044f \u043c\u0435\u043b\u043a\u043e\u0432\u043e\u0434\u044c\u044f. \u0417\u0430\u043a\u0430\u0437\u044b\u0432\u0430\u0439\u0442\u0435 \u0441\u0435\u0439\u0447\u0430\u0441 \u0434\u043b\u044f \u043b\u0443\u0447\u0448\u0435\u0433\u043e \u043e\u043f\u044b\u0442\u0430!","og_url":"https:\/\/xstyle.md\/ro\/produs\/poverhnostnyj-buj-marker-omer-atol-float\/","og_site_name":"\u041c\u0430\u0433\u0430\u0437\u0438\u043d Xstyle","article_publisher":"https:\/\/www.facebook.com\/xstylemd","article_modified_time":"2025-10-24T09:57:11+00:00","og_image":[{"width":559,"height":600,"url":"https:\/\/xstyle.md\/wp-content\/uploads\/2020\/07\/omer-atoll-technical-buoy.jpg","type":"image\/jpeg"}],"twitter_card":"summary_large_image","twitter_misc":{"Pre\u021b":"1.450&nbsp;MDL","Disponibilitate":"\u00cen stoc"},"schema":{"@context":"https:\/\/schema.org","@graph":[{"@type":"WebPage","@id":"https:\/\/xstyle.md\/product\/poverhnostnyj-buj-marker-omer-atol-float\/","url":"https:\/\/xstyle.md\/product\/poverhnostnyj-buj-marker-omer-atol-float\/","name":"Geamandur\u0103 de suprafa\u021b\u0103 Omer Atol float - Magazin Xstyle","isPartOf":{"@id":"https:\/\/xstyle.md\/#website"},"primaryImageOfPage":{"@id":"https:\/\/xstyle.md\/product\/poverhnostnyj-buj-marker-omer-atol-float\/#primaryimage"},"image":{"@id":"https:\/\/xstyle.md\/product\/poverhnostnyj-buj-marker-omer-atol-float\/#primaryimage"},"thumbnailUrl":"https:\/\/xstyle.md\/wp-content\/uploads\/2020\/07\/omer-atoll-technical-buoy.jpg","datePublished":"2020-07-17T06:55:31+00:00","dateModified":"2025-10-24T09:57:11+00:00","description":"Cre\u0219te\u021bi eficien\u021ba v\u00e2n\u0103torii cu boya Omer Atol! Str\u0103lucitor, durabil \u0219i confortabil, perfect pentru ape pu\u021bin ad\u00e2nci. Comanda\u021bi acum pentru o experien\u021b\u0103 mai bun\u0103!","breadcrumb":{"@id":"https:\/\/xstyle.md\/product\/poverhnostnyj-buj-marker-omer-atol-float\/#breadcrumb"},"inLanguage":"ro-RO","potentialAction":[{"@type":"ReadAction","target":["https:\/\/xstyle.md\/product\/poverhnostnyj-buj-marker-omer-atol-float\/"]}]},{"@type":"ImageObject","inLanguage":"ro-RO","@id":"https:\/\/xstyle.md\/product\/poverhnostnyj-buj-marker-omer-atol-float\/#primaryimage","url":"https:\/\/xstyle.md\/wp-content\/uploads\/2020\/07\/omer-atoll-technical-buoy.jpg","contentUrl":"https:\/\/xstyle.md\/wp-content\/uploads\/2020\/07\/omer-atoll-technical-buoy.jpg","width":559,"height":600},{"@type":"BreadcrumbList","@id":"https:\/\/xstyle.md\/product\/poverhnostnyj-buj-marker-omer-atol-float\/#breadcrumb","itemListElement":[{"@type":"ListItem","position":1,"name":"\u0413\u043b\u0430\u0432\u043d\u0430\u044f \u0441\u0442\u0440\u0430\u043d\u0438\u0446\u0430","item":"https:\/\/xstyle.md\/"},{"@type":"ListItem","position":2,"name":"\u041c\u0430\u0433\u0430\u0437\u0438\u043d","item":"https:\/\/xstyle.md\/shop\/"},{"@type":"ListItem","position":3,"name":"\u041f\u043e\u0432\u0435\u0440\u0445\u043d\u043e\u0441\u0442\u043d\u044b\u0439 \u0431\u0443\u0439 \u043c\u0430\u0440\u043a\u0435\u0440 Omer Atol float"}]},{"@type":"WebSite","@id":"https:\/\/xstyle.md\/#website","url":"https:\/\/xstyle.md\/","name":"Magazinul X-Style","description":"Echipamente pentru turism \u0219i sporturi extreme \u00een Moldova. Pre\u021buri, fotografii, caracteristici \u00een Moldova.","publisher":{"@id":"https:\/\/xstyle.md\/#organization"},"alternateName":"X-Style","potentialAction":[{"@type":"SearchAction","target":{"@type":"EntryPoint","urlTemplate":"https:\/\/xstyle.md\/?s={search_term_string}"},"query-input":{"@type":"PropertyValueSpecification","valueRequired":true,"valueName":"search_term_string"}}],"inLanguage":"ro-RO"},{"@type":"Organization","@id":"https:\/\/xstyle.md\/#organization","name":"Magazinul X-Style","alternateName":"x-style","url":"https:\/\/xstyle.md\/","logo":{"@type":"ImageObject","inLanguage":"ro-RO","@id":"https:\/\/xstyle.md\/#\/schema\/logo\/image\/","url":"https:\/\/xstyle.md\/wp-content\/uploads\/2020\/06\/logoicon.svg","contentUrl":"https:\/\/xstyle.md\/wp-content\/uploads\/2020\/06\/logoicon.svg","caption":"\u041c\u0430\u0433\u0430\u0437\u0438\u043d Xstyle"},"image":{"@id":"https:\/\/xstyle.md\/#\/schema\/logo\/image\/"},"sameAs":["https:\/\/www.facebook.com\/xstylemd","https:\/\/www.instagram.com\/xstyle_md\/","https:\/\/t.me\/xstyle_outdoor"],"hasMerchantReturnPolicy":{"@type":"MerchantReturnPolicy","merchantReturnLink":"https:\/\/xstyle.md\/ro\/conditions\/"}}]},"product_price_amount":"1450.00","product_price_currency":"MDL","og_availability":"instock","product_availability":"instock","product_retailer_item_id":"8017736078519","product_condition":"new"},"_links":{"self":[{"href":"https:\/\/xstyle.md\/ro\/wp-json\/wp\/v2\/product\/10091","targetHints":{"allow":["GET"]}}],"collection":[{"href":"https:\/\/xstyle.md\/ro\/wp-json\/wp\/v2\/product"}],"about":[{"href":"https:\/\/xstyle.md\/ro\/wp-json\/wp\/v2\/types\/product"}],"replies":[{"embeddable":true,"href":"https:\/\/xstyle.md\/ro\/wp-json\/wp\/v2\/comments?post=10091"}],"wp:featuredmedia":[{"embeddable":true,"href":"https:\/\/xstyle.md\/ro\/wp-json\/wp\/v2\/media\/10090"}],"wp:attachment":[{"href":"https:\/\/xstyle.md\/ro\/wp-json\/wp\/v2\/media?parent=10091"}],"wp:term":[{"taxonomy":"product_brand","embeddable":true,"href":"https:\/\/xstyle.md\/ro\/wp-json\/wp\/v2\/product_brand?post=10091"},{"taxonomy":"product_cat","embeddable":true,"href":"https:\/\/xstyle.md\/ro\/wp-json\/wp\/v2\/product_cat?post=10091"},{"taxonomy":"product_tag","embeddable":true,"href":"https:\/\/xstyle.md\/ro\/wp-json\/wp\/v2\/product_tag?post=10091"}],"curies":[{"name":"wp","href":"https:\/\/api.w.org\/{rel}","templated":true}]}}