{"id":10086,"date":"2020-07-17T09:55:16","date_gmt":"2020-07-17T06:55:16","guid":{"rendered":"https:\/\/xstyle.md\/product\/lasty-omer-stingray-brown-3d"},"modified":"2025-10-24T12:56:59","modified_gmt":"2025-10-24T09:56:59","slug":"lasty-omer-stingray-brown-3d","status":"publish","type":"product","link":"https:\/\/xstyle.md\/ro\/produs\/lasty-omer-stingray-brown-3d\/","title":{"rendered":"Labe Omer Stingray Brown 3D"},"content":{"rendered":"<\/p>\n<p><strong>Labe Omer Stingray Brown 3D<\/strong> alegere excelent\u0103 pentru pescuitul subacvatic \u00een aproape orice corp de ap\u0103, de la lacuri la r\u00e2uri cu curen\u021bi medii, de asemenea, bun pentru v\u00e2n\u0103toarea \u00een ape ad\u00e2nci. Sunt caracterizate de o lam\u0103 mai moale \u0219i au, de asemenea, o \u00eenclina\u021bie de 17 grade. Acest lucru v\u0103 va permite s\u0103 cheltui\u021bi mai pu\u021bin\u0103 for\u021b\u0103 atunci c\u00e2nd v\u00e2sli\u021bi \u0219i s\u0103 cre\u0219te\u021bi eficien\u021ba. Lamele din aripioare sunt fabricate din polipropilen\u0103 cu profil redus, sunt turnate cu caneluri hidrodinamice, care nu vor l\u0103sa apa s\u0103 se rostogoleasc\u0103 pe laterale. Talpa canoului este destul de rigid\u0103, ceea ce cre\u0219te energia transmis\u0103, \u00een timp ce partea superioar\u0103 este mai moale &#8212; pentru o purtare \u0219i \u00eenot confortabile.<\/p>\n<p>Culoarea de camuflaj este aplicat\u0103 cu ajutorul tehnologiei IML (modelare \u00een timpul procesului de turnare a lamei), ceea ce o face foarte rezistent\u0103 la abraziune.<\/p>\n<h3>Particularit\u0103\u021bi<\/h3>\n<ul>\n<li>Fabricat din polipropilen\u0103 cu profil redus<\/li>\n<li>Au o lam\u0103 lung\u0103, ceea ce este tradi\u021bional pentru aripioarele de v\u00e2n\u0103toare.<\/li>\n<li>Lama v\u0103 permite s\u0103 v\u0103 sim\u021bi\u021bi bine at\u00e2t la v\u00e2n\u0103toare \u00een curen\u021bi, c\u00e2t \u0219i la scufund\u0103ri<\/li>\n<li>Gusetul a fost special conceput pentru aceste lame.<\/li>\n<li>Unghiul de \u00eenclinare a paletei \u00een raport cu canoea &#8212; 17\u00b0.<\/li>\n<\/ul>\n<h3>Caracteristici<\/h3>\n<ul>\n<li>Material &#8212; polipropilen\u0103<\/li>\n<li>Destina\u021bie &#8212; pescuit subacvatic \/ scufundare \u00een apnee<\/li>\n<li>Rigiditate &#8212; medie<\/li>\n<li>Tip de lam\u0103 &#8212; neventila\u021bie<\/li>\n<li>Tipul tocului &#8212; \u00eenchis.<\/li>\n<\/ul>\n<h3>Marca<\/h3>\n<p>Omer \u2013 unul dintre cei mai mari produc\u0103tori de echipamente de pescuit subacvatic \u0219i de scufundare \u00een apnee din lume. Compania a fost \u00eenfiin\u021bat\u0103 \u00een anii 1970 la Sovino (Italia, regiunea Lombardia). De-a lungul anilor de munc\u0103 fructuoas\u0103 a reu\u0219it s\u0103 ajung\u0103 pe pozi\u021bii frunta\u0219e \u00een Europa \u0219i s\u0103 c\u00e2\u0219tige reputa\u021bia de produc\u0103tor de \u00eencredere \u00een \u00eentreaga lume. Gama Omer include sute de produse de calitate, inclusiv costume de neopren, pistoale subacvatice, harpoane \u0219i alte echipamente.<\/p>\n<p><\/p>","protected":false},"excerpt":{"rendered":"<p>Labe Omer Stingray Brown 3D<\/p>","protected":false},"featured_media":10083,"comment_status":"open","ping_status":"closed","template":"","meta":{"_acf_changed":false,"inline_featured_image":false},"product_brand":[1316],"product_cat":[179],"product_tag":[],"class_list":{"0":"post-10086","1":"product","2":"type-product","3":"status-publish","4":"has-post-thumbnail","6":"product_brand-omer","7":"product_cat-flippers","9":"first","10":"instock","11":"shipping-taxable","12":"purchasable","13":"product-type-simple"},"acf":[],"yoast_head":"<!-- This site is optimized with the Yoast SEO plugin v27.2 - https:\/\/yoast.com\/product\/yoast-seo-wordpress\/ -->\n<title>\u041b\u0430\u0441\u0442\u044b Omer Stingray Brown 3D - \u041c\u0430\u0433\u0430\u0437\u0438\u043d Xstyle<\/title>\n<meta name=\"description\" content=\"\u041b\u0430\u0441\u0442\u044b Omer Stingray Brown 3D \u0441 \u043d\u0430\u043a\u043b\u043e\u043d\u043e\u043c 17\u00b0 \u0438\u0434\u0435\u0430\u043b\u044c\u043d\u043e \u043f\u043e\u0434\u0445\u043e\u0434\u044f\u0442 \u0434\u043b\u044f \u043f\u043e\u0434\u0432\u043e\u0434\u043d\u043e\u0439 \u043e\u0445\u043e\u0442\u044b \u0438 \u0440\u044b\u0431\u0430\u043b\u043a\u0438 \u0432 \u043b\u044e\u0431\u044b\u0445 \u0432\u043e\u0434\u043e\u0435\u043c\u0430\u0445. \u0423\u0434\u043e\u0431\u0441\u0442\u0432\u043e \u0438 \u044d\u0444\u0444\u0435\u043a\u0442\u0438\u0432\u043d\u043e\u0441\u0442\u044c \u0432 \u043a\u0430\u0436\u0434\u043e\u043c \u0433\u0440\u0435\u0431\u043a\u0435!\" \/>\n<meta name=\"robots\" content=\"index, follow, max-snippet:-1, max-image-preview:large, max-video-preview:-1\" \/>\n<link rel=\"canonical\" href=\"https:\/\/xstyle.md\/ro\/produs\/lasty-omer-stingray-brown-3d\/\" \/>\n<meta property=\"og:locale\" content=\"ro_RO\" \/>\n<meta property=\"og:type\" content=\"article\" \/>\n<meta property=\"og:title\" content=\"\u041b\u0430\u0441\u0442\u044b Omer Stingray Brown 3D - \u041c\u0430\u0433\u0430\u0437\u0438\u043d Xstyle\" \/>\n<meta property=\"og:description\" content=\"\u041b\u0430\u0441\u0442\u044b Omer Stingray Brown 3D \u0441 \u043d\u0430\u043a\u043b\u043e\u043d\u043e\u043c 17\u00b0 \u0438\u0434\u0435\u0430\u043b\u044c\u043d\u043e \u043f\u043e\u0434\u0445\u043e\u0434\u044f\u0442 \u0434\u043b\u044f \u043f\u043e\u0434\u0432\u043e\u0434\u043d\u043e\u0439 \u043e\u0445\u043e\u0442\u044b \u0438 \u0440\u044b\u0431\u0430\u043b\u043a\u0438 \u0432 \u043b\u044e\u0431\u044b\u0445 \u0432\u043e\u0434\u043e\u0435\u043c\u0430\u0445. \u0423\u0434\u043e\u0431\u0441\u0442\u0432\u043e \u0438 \u044d\u0444\u0444\u0435\u043a\u0442\u0438\u0432\u043d\u043e\u0441\u0442\u044c \u0432 \u043a\u0430\u0436\u0434\u043e\u043c \u0433\u0440\u0435\u0431\u043a\u0435!\" \/>\n<meta property=\"og:url\" content=\"https:\/\/xstyle.md\/ro\/produs\/lasty-omer-stingray-brown-3d\/\" \/>\n<meta property=\"og:site_name\" content=\"\u041c\u0430\u0433\u0430\u0437\u0438\u043d Xstyle\" \/>\n<meta property=\"article:publisher\" content=\"https:\/\/www.facebook.com\/xstylemd\" \/>\n<meta property=\"article:modified_time\" content=\"2025-10-24T09:56:59+00:00\" \/>\n<meta property=\"og:image\" content=\"https:\/\/xstyle.md\/wp-content\/uploads\/2020\/07\/stingray_camu_3d_02-3.jpg\" \/>\n\t<meta property=\"og:image:width\" content=\"318\" \/>\n\t<meta property=\"og:image:height\" content=\"400\" \/>\n\t<meta property=\"og:image:type\" content=\"image\/jpeg\" \/>\n<meta name=\"twitter:card\" content=\"summary_large_image\" \/>\n<meta name=\"twitter:label1\" content=\"Pre\u021b\" \/>\n\t<meta name=\"twitter:data1\" content=\"2.690&nbsp;MDL\" \/>\n\t<meta name=\"twitter:label2\" content=\"Disponibilitate\" \/>\n\t<meta name=\"twitter:data2\" content=\"\u00cen stoc\" \/>\n<script type=\"application\/ld+json\" class=\"yoast-schema-graph\">{\"@context\":\"https:\/\/schema.org\",\"@graph\":[{\"@type\":\"WebPage\",\"@id\":\"https:\/\/xstyle.md\/product\/lasty-omer-stingray-brown-3d\/\",\"url\":\"https:\/\/xstyle.md\/product\/lasty-omer-stingray-brown-3d\/\",\"name\":\"\u041b\u0430\u0441\u0442\u044b Omer Stingray Brown 3D - \u041c\u0430\u0433\u0430\u0437\u0438\u043d Xstyle\",\"isPartOf\":{\"@id\":\"https:\/\/xstyle.md\/#website\"},\"primaryImageOfPage\":{\"@id\":\"https:\/\/xstyle.md\/product\/lasty-omer-stingray-brown-3d\/#primaryimage\"},\"image\":{\"@id\":\"https:\/\/xstyle.md\/product\/lasty-omer-stingray-brown-3d\/#primaryimage\"},\"thumbnailUrl\":\"https:\/\/xstyle.md\/wp-content\/uploads\/2020\/07\/stingray_camu_3d_02-3.jpg\",\"datePublished\":\"2020-07-17T06:55:16+00:00\",\"dateModified\":\"2025-10-24T09:56:59+00:00\",\"description\":\"\u041b\u0430\u0441\u0442\u044b Omer Stingray Brown 3D \u0441 \u043d\u0430\u043a\u043b\u043e\u043d\u043e\u043c 17\u00b0 \u0438\u0434\u0435\u0430\u043b\u044c\u043d\u043e \u043f\u043e\u0434\u0445\u043e\u0434\u044f\u0442 \u0434\u043b\u044f \u043f\u043e\u0434\u0432\u043e\u0434\u043d\u043e\u0439 \u043e\u0445\u043e\u0442\u044b \u0438 \u0440\u044b\u0431\u0430\u043b\u043a\u0438 \u0432 \u043b\u044e\u0431\u044b\u0445 \u0432\u043e\u0434\u043e\u0435\u043c\u0430\u0445. \u0423\u0434\u043e\u0431\u0441\u0442\u0432\u043e \u0438 \u044d\u0444\u0444\u0435\u043a\u0442\u0438\u0432\u043d\u043e\u0441\u0442\u044c \u0432 \u043a\u0430\u0436\u0434\u043e\u043c \u0433\u0440\u0435\u0431\u043a\u0435!\",\"breadcrumb\":{\"@id\":\"https:\/\/xstyle.md\/product\/lasty-omer-stingray-brown-3d\/#breadcrumb\"},\"inLanguage\":\"ro-RO\",\"potentialAction\":[{\"@type\":\"ReadAction\",\"target\":[\"https:\/\/xstyle.md\/product\/lasty-omer-stingray-brown-3d\/\"]}]},{\"@type\":\"ImageObject\",\"inLanguage\":\"ro-RO\",\"@id\":\"https:\/\/xstyle.md\/product\/lasty-omer-stingray-brown-3d\/#primaryimage\",\"url\":\"https:\/\/xstyle.md\/wp-content\/uploads\/2020\/07\/stingray_camu_3d_02-3.jpg\",\"contentUrl\":\"https:\/\/xstyle.md\/wp-content\/uploads\/2020\/07\/stingray_camu_3d_02-3.jpg\",\"width\":318,\"height\":400},{\"@type\":\"BreadcrumbList\",\"@id\":\"https:\/\/xstyle.md\/product\/lasty-omer-stingray-brown-3d\/#breadcrumb\",\"itemListElement\":[{\"@type\":\"ListItem\",\"position\":1,\"name\":\"\u0413\u043b\u0430\u0432\u043d\u0430\u044f \u0441\u0442\u0440\u0430\u043d\u0438\u0446\u0430\",\"item\":\"https:\/\/xstyle.md\/\"},{\"@type\":\"ListItem\",\"position\":2,\"name\":\"\u041c\u0430\u0433\u0430\u0437\u0438\u043d\",\"item\":\"https:\/\/xstyle.md\/shop\/\"},{\"@type\":\"ListItem\",\"position\":3,\"name\":\"\u041b\u0430\u0441\u0442\u044b Omer Stingray Brown 3D\"}]},{\"@type\":\"WebSite\",\"@id\":\"https:\/\/xstyle.md\/#website\",\"url\":\"https:\/\/xstyle.md\/\",\"name\":\"\u041c\u0430\u0433\u0430\u0437\u0438\u043d Xstyle\",\"description\":\"C\u043d\u0430\u0440\u044f\u0436\u0435\u043d\u0438\u0435 \u0434\u043b\u044f \u0442\u0443\u0440\u0438\u0437\u043c\u0430 \u0438 \u044d\u043a\u0441\u0442\u0440\u0435\u043c\u0430\u043b\u044c\u043d\u044b\u0445 \u0432\u0438\u0434\u043e\u0432 \u0441\u043f\u043e\u0440\u0442\u0430 \u0432 \u041c\u043e\u043b\u0434\u043e\u0432\u0435.. \u0426\u0435\u043d\u044b, \u0444\u043e\u0442\u043e, \u0445\u0430\u0440\u0430\u043a\u0442\u0435\u0440\u0438\u0441\u0442\u0438\u043a\u0438 \u0432 \u041c\u043e\u043b\u0434\u043e\u0432\u0435.\",\"publisher\":{\"@id\":\"https:\/\/xstyle.md\/#organization\"},\"alternateName\":\"X-Style\",\"potentialAction\":[{\"@type\":\"SearchAction\",\"target\":{\"@type\":\"EntryPoint\",\"urlTemplate\":\"https:\/\/xstyle.md\/?s={search_term_string}\"},\"query-input\":{\"@type\":\"PropertyValueSpecification\",\"valueRequired\":true,\"valueName\":\"search_term_string\"}}],\"inLanguage\":\"ro-RO\"},{\"@type\":\"Organization\",\"@id\":\"https:\/\/xstyle.md\/#organization\",\"name\":\"\u041c\u0430\u0433\u0430\u0437\u0438\u043d Xstyle\",\"alternateName\":\"x-style\",\"url\":\"https:\/\/xstyle.md\/\",\"logo\":{\"@type\":\"ImageObject\",\"inLanguage\":\"ro-RO\",\"@id\":\"https:\/\/xstyle.md\/#\/schema\/logo\/image\/\",\"url\":\"https:\/\/xstyle.md\/wp-content\/uploads\/2020\/06\/logoicon.svg\",\"contentUrl\":\"https:\/\/xstyle.md\/wp-content\/uploads\/2020\/06\/logoicon.svg\",\"caption\":\"\u041c\u0430\u0433\u0430\u0437\u0438\u043d Xstyle\"},\"image\":{\"@id\":\"https:\/\/xstyle.md\/#\/schema\/logo\/image\/\"},\"sameAs\":[\"https:\/\/www.facebook.com\/xstylemd\",\"https:\/\/www.instagram.com\/xstyle_md\/\",\"https:\/\/t.me\/xstyle_outdoor\"],\"hasMerchantReturnPolicy\":{\"@type\":\"MerchantReturnPolicy\",\"merchantReturnLink\":\"https:\/\/xstyle.md\/ro\/conditions\/\"}}]}<\/script>\n<meta property=\"product:price:amount\" content=\"2690.00\" \/>\n<meta property=\"product:price:currency\" content=\"MDL\" \/>\n<meta property=\"og:availability\" content=\"instock\" \/>\n<meta property=\"product:availability\" content=\"instock\" \/>\n<meta property=\"product:retailer_item_id\" content=\"8017736131016\" \/>\n<meta property=\"product:condition\" content=\"new\" \/>\n<!-- \/ Yoast SEO plugin. -->","yoast_head_json":{"title":"Labe Omer Stingray Brown 3D - Magazin Xstyle","description":"Pl\u0103cile Omer Stingray Brown 3D cu o \u00eenclina\u021bie de 17\u00b0 sunt perfecte pentru v\u00e2n\u0103toarea subacvatic\u0103 \u0219i pescuitul \u00een orice corp de ap\u0103. Confort \u0219i eficien\u021b\u0103 \u00een fiecare mi\u0219care!","robots":{"index":"index","follow":"follow","max-snippet":"max-snippet:-1","max-image-preview":"max-image-preview:large","max-video-preview":"max-video-preview:-1"},"canonical":"https:\/\/xstyle.md\/ro\/produs\/lasty-omer-stingray-brown-3d\/","og_locale":"ro_RO","og_type":"article","og_title":"\u041b\u0430\u0441\u0442\u044b Omer Stingray Brown 3D - \u041c\u0430\u0433\u0430\u0437\u0438\u043d Xstyle","og_description":"\u041b\u0430\u0441\u0442\u044b Omer Stingray Brown 3D \u0441 \u043d\u0430\u043a\u043b\u043e\u043d\u043e\u043c 17\u00b0 \u0438\u0434\u0435\u0430\u043b\u044c\u043d\u043e \u043f\u043e\u0434\u0445\u043e\u0434\u044f\u0442 \u0434\u043b\u044f \u043f\u043e\u0434\u0432\u043e\u0434\u043d\u043e\u0439 \u043e\u0445\u043e\u0442\u044b \u0438 \u0440\u044b\u0431\u0430\u043b\u043a\u0438 \u0432 \u043b\u044e\u0431\u044b\u0445 \u0432\u043e\u0434\u043e\u0435\u043c\u0430\u0445. \u0423\u0434\u043e\u0431\u0441\u0442\u0432\u043e \u0438 \u044d\u0444\u0444\u0435\u043a\u0442\u0438\u0432\u043d\u043e\u0441\u0442\u044c \u0432 \u043a\u0430\u0436\u0434\u043e\u043c \u0433\u0440\u0435\u0431\u043a\u0435!","og_url":"https:\/\/xstyle.md\/ro\/produs\/lasty-omer-stingray-brown-3d\/","og_site_name":"\u041c\u0430\u0433\u0430\u0437\u0438\u043d Xstyle","article_publisher":"https:\/\/www.facebook.com\/xstylemd","article_modified_time":"2025-10-24T09:56:59+00:00","og_image":[{"width":318,"height":400,"url":"https:\/\/xstyle.md\/wp-content\/uploads\/2020\/07\/stingray_camu_3d_02-3.jpg","type":"image\/jpeg"}],"twitter_card":"summary_large_image","twitter_misc":{"Pre\u021b":"2.690&nbsp;MDL","Disponibilitate":"\u00cen stoc"},"schema":{"@context":"https:\/\/schema.org","@graph":[{"@type":"WebPage","@id":"https:\/\/xstyle.md\/product\/lasty-omer-stingray-brown-3d\/","url":"https:\/\/xstyle.md\/product\/lasty-omer-stingray-brown-3d\/","name":"Labe Omer Stingray Brown 3D - Magazin Xstyle","isPartOf":{"@id":"https:\/\/xstyle.md\/#website"},"primaryImageOfPage":{"@id":"https:\/\/xstyle.md\/product\/lasty-omer-stingray-brown-3d\/#primaryimage"},"image":{"@id":"https:\/\/xstyle.md\/product\/lasty-omer-stingray-brown-3d\/#primaryimage"},"thumbnailUrl":"https:\/\/xstyle.md\/wp-content\/uploads\/2020\/07\/stingray_camu_3d_02-3.jpg","datePublished":"2020-07-17T06:55:16+00:00","dateModified":"2025-10-24T09:56:59+00:00","description":"Pl\u0103cile Omer Stingray Brown 3D cu o \u00eenclina\u021bie de 17\u00b0 sunt perfecte pentru v\u00e2n\u0103toarea subacvatic\u0103 \u0219i pescuitul \u00een orice corp de ap\u0103. Confort \u0219i eficien\u021b\u0103 \u00een fiecare mi\u0219care!","breadcrumb":{"@id":"https:\/\/xstyle.md\/product\/lasty-omer-stingray-brown-3d\/#breadcrumb"},"inLanguage":"ro-RO","potentialAction":[{"@type":"ReadAction","target":["https:\/\/xstyle.md\/product\/lasty-omer-stingray-brown-3d\/"]}]},{"@type":"ImageObject","inLanguage":"ro-RO","@id":"https:\/\/xstyle.md\/product\/lasty-omer-stingray-brown-3d\/#primaryimage","url":"https:\/\/xstyle.md\/wp-content\/uploads\/2020\/07\/stingray_camu_3d_02-3.jpg","contentUrl":"https:\/\/xstyle.md\/wp-content\/uploads\/2020\/07\/stingray_camu_3d_02-3.jpg","width":318,"height":400},{"@type":"BreadcrumbList","@id":"https:\/\/xstyle.md\/product\/lasty-omer-stingray-brown-3d\/#breadcrumb","itemListElement":[{"@type":"ListItem","position":1,"name":"\u0413\u043b\u0430\u0432\u043d\u0430\u044f \u0441\u0442\u0440\u0430\u043d\u0438\u0446\u0430","item":"https:\/\/xstyle.md\/"},{"@type":"ListItem","position":2,"name":"\u041c\u0430\u0433\u0430\u0437\u0438\u043d","item":"https:\/\/xstyle.md\/shop\/"},{"@type":"ListItem","position":3,"name":"\u041b\u0430\u0441\u0442\u044b Omer Stingray Brown 3D"}]},{"@type":"WebSite","@id":"https:\/\/xstyle.md\/#website","url":"https:\/\/xstyle.md\/","name":"Magazinul X-Style","description":"Echipamente pentru turism \u0219i sporturi extreme \u00een Moldova. Pre\u021buri, fotografii, caracteristici \u00een Moldova.","publisher":{"@id":"https:\/\/xstyle.md\/#organization"},"alternateName":"X-Style","potentialAction":[{"@type":"SearchAction","target":{"@type":"EntryPoint","urlTemplate":"https:\/\/xstyle.md\/?s={search_term_string}"},"query-input":{"@type":"PropertyValueSpecification","valueRequired":true,"valueName":"search_term_string"}}],"inLanguage":"ro-RO"},{"@type":"Organization","@id":"https:\/\/xstyle.md\/#organization","name":"Magazinul X-Style","alternateName":"x-style","url":"https:\/\/xstyle.md\/","logo":{"@type":"ImageObject","inLanguage":"ro-RO","@id":"https:\/\/xstyle.md\/#\/schema\/logo\/image\/","url":"https:\/\/xstyle.md\/wp-content\/uploads\/2020\/06\/logoicon.svg","contentUrl":"https:\/\/xstyle.md\/wp-content\/uploads\/2020\/06\/logoicon.svg","caption":"\u041c\u0430\u0433\u0430\u0437\u0438\u043d Xstyle"},"image":{"@id":"https:\/\/xstyle.md\/#\/schema\/logo\/image\/"},"sameAs":["https:\/\/www.facebook.com\/xstylemd","https:\/\/www.instagram.com\/xstyle_md\/","https:\/\/t.me\/xstyle_outdoor"],"hasMerchantReturnPolicy":{"@type":"MerchantReturnPolicy","merchantReturnLink":"https:\/\/xstyle.md\/ro\/conditions\/"}}]},"product_price_amount":"2690.00","product_price_currency":"MDL","og_availability":"instock","product_availability":"instock","product_retailer_item_id":"8017736131016","product_condition":"new"},"post_mailing_queue_ids":[],"_links":{"self":[{"href":"https:\/\/xstyle.md\/ro\/wp-json\/wp\/v2\/product\/10086","targetHints":{"allow":["GET"]}}],"collection":[{"href":"https:\/\/xstyle.md\/ro\/wp-json\/wp\/v2\/product"}],"about":[{"href":"https:\/\/xstyle.md\/ro\/wp-json\/wp\/v2\/types\/product"}],"replies":[{"embeddable":true,"href":"https:\/\/xstyle.md\/ro\/wp-json\/wp\/v2\/comments?post=10086"}],"wp:featuredmedia":[{"embeddable":true,"href":"https:\/\/xstyle.md\/ro\/wp-json\/wp\/v2\/media\/10083"}],"wp:attachment":[{"href":"https:\/\/xstyle.md\/ro\/wp-json\/wp\/v2\/media?parent=10086"}],"wp:term":[{"taxonomy":"product_brand","embeddable":true,"href":"https:\/\/xstyle.md\/ro\/wp-json\/wp\/v2\/product_brand?post=10086"},{"taxonomy":"product_cat","embeddable":true,"href":"https:\/\/xstyle.md\/ro\/wp-json\/wp\/v2\/product_cat?post=10086"},{"taxonomy":"product_tag","embeddable":true,"href":"https:\/\/xstyle.md\/ro\/wp-json\/wp\/v2\/product_tag?post=10086"}],"curies":[{"name":"wp","href":"https:\/\/api.w.org\/{rel}","templated":true}]}}