{"id":10082,"date":"2020-07-17T09:55:03","date_gmt":"2020-07-17T06:55:03","guid":{"rendered":"https:\/\/xstyle.md\/product\/lasty-omer-eagleray"},"modified":"2025-10-24T12:56:57","modified_gmt":"2025-10-24T09:56:57","slug":"lasty-omer-eagleray","status":"publish","type":"product","link":"https:\/\/xstyle.md\/ro\/produs\/lasty-omer-eagleray\/","title":{"rendered":"Labe Omer EagleRay"},"content":{"rendered":"<\/p>\n<p><strong>Labe Omer EagleRay\u00a0<\/strong>o alegere excelent\u0103 pentru v\u00e2n\u0103toarea subacvatic\u0103 \u00een aproape toate corpurile de ap\u0103, de la lacuri p\u00e2n\u0103 la r\u00e2uri, cu un curs de mijloc, de asemenea potrivit pentru v\u00e2n\u0103toare la ad\u00e2ncime. Acestea se caracterizeaz\u0103 printr-o lam\u0103 mai moale \u0219i au, de asemenea, o ruptur\u0103 de 17 grade. Acest lucru v\u0103 va permite s\u0103 folosi\u021bi mai pu\u021bin\u0103 for\u021b\u0103 atunci c\u00e2nd v\u00e2sli\u021bi \u0219i s\u0103 cre\u0219te\u021bi eficien\u021ba. Lamele din aripioare sunt fabricate din polipropilen\u0103 cu profil redus, sunt turnate cu caneluri hidrodinamice, care nu vor l\u0103sa apa s\u0103 se rostogoleasc\u0103 \u00een lateral. Talpa canoului este destul de rigid\u0103, ceea ce cre\u0219te energia transmis\u0103, \u00een timp ce partea superioar\u0103 este mai moale &#8212; pentru o purtare \u0219i o \u00eenot confortabil\u0103.<\/p>\n<h3>Particularit\u0103\u021bi<\/h3>\n<ul>\n<li>Fabricat din polipropilen\u0103 cu profil redus<\/li>\n<li>Au o lam\u0103 lung\u0103, ceea ce este tradi\u021bional pentru aripioarele de v\u00e2n\u0103toare.<\/li>\n<li>Lama v\u0103 permite s\u0103 v\u0103 sim\u021bi\u021bi bine at\u00e2t la v\u00e2n\u0103toare \u00een curen\u021bi, c\u00e2t \u0219i la scufund\u0103ri<\/li>\n<li>Gusetul a fost special conceput pentru aceste lame.<\/li>\n<li>Unghiul de \u00eenclinare a lamei \u00een raport cu canoea &#8212; 17\u00b0.<\/li>\n<\/ul>\n<h3>Caracteristici<\/h3>\n<ul>\n<li>Material &#8212; polipropilen\u0103<\/li>\n<li>Destina\u021bie &#8212; pescuit subacvatic \/ scufundare \u00een apnee<\/li>\n<li>Rigiditate &#8212; medie<\/li>\n<li>Tip de lam\u0103 &#8212; neventila\u021bie<\/li>\n<li>Tipul tocului &#8212; \u00eenchis.<\/li>\n<\/ul>\n<h3>Marca<\/h3>\n<p>Omer \u2013 unul dintre cei mai mari produc\u0103tori de echipamente de pescuit subacvatic \u0219i de scufundare \u00een apnee din lume. Compania a fost \u00eenfiin\u021bat\u0103 \u00een anii 1970 la Sovino (Italia, regiunea Lombardia). De-a lungul anilor de munc\u0103 fructuoas\u0103 a reu\u0219it s\u0103 ajung\u0103 pe pozi\u021bii frunta\u0219e \u00een Europa \u0219i s\u0103 c\u00e2\u0219tige reputa\u021bia de produc\u0103tor de \u00eencredere \u00een \u00eentreaga lume. Gama Omer include sute de produse de calitate, inclusiv costume de neopren, pistoale subacvatice, harpoane \u0219i alte echipamente.<\/p>\n<p><\/p>","protected":false},"excerpt":{"rendered":"<p>Labe Omer EagleRay<\/p>","protected":false},"featured_media":10079,"comment_status":"open","ping_status":"closed","template":"","meta":{"_acf_changed":false,"inline_featured_image":false},"product_brand":[1316],"product_cat":[179],"product_tag":[],"class_list":{"0":"post-10082","1":"product","2":"type-product","3":"status-publish","4":"has-post-thumbnail","6":"product_brand-omer","7":"product_cat-flippers","9":"first","10":"instock","11":"shipping-taxable","12":"purchasable","13":"product-type-simple"},"acf":[],"yoast_head":"<!-- This site is optimized with the Yoast SEO plugin v27.4 - https:\/\/yoast.com\/product\/yoast-seo-wordpress\/ -->\n<title>\u041b\u0430\u0441\u0442\u044b Omer EagleRay - \u041c\u0430\u0433\u0430\u0437\u0438\u043d Xstyle<\/title>\n<meta name=\"description\" content=\"\u041b\u0430\u0441\u0442\u044b Omer EagleRay \u0438\u0434\u0435\u0430\u043b\u044c\u043d\u043e \u043f\u043e\u0434\u0445\u043e\u0434\u044f\u0442 \u0434\u043b\u044f \u043f\u043e\u0434\u0432\u043e\u0434\u043d\u043e\u0439 \u043e\u0445\u043e\u0442\u044b \u0432 \u0440\u0430\u0437\u043b\u0438\u0447\u043d\u044b\u0445 \u0432\u043e\u0434\u043e\u0435\u043c\u0430\u0445. \u041e\u0431\u043b\u0430\u0434\u0430\u044e\u0442 \u043c\u044f\u0433\u043a\u043e\u0439 \u043b\u044f\u043c\u043a\u043e\u0439 \u0438 \u0443\u0433\u043b\u043e\u043c 17\u00b0, \u0443\u043c\u0435\u043d\u044c\u0448\u0430\u044e\u0442 \u0443\u0441\u0438\u043b\u0438\u044f \u043f\u0440\u0438 \u043f\u043b\u0430\u0432\u0430\u043d\u0438\u0438.\" \/>\n<meta name=\"robots\" content=\"index, follow, max-snippet:-1, max-image-preview:large, max-video-preview:-1\" \/>\n<link rel=\"canonical\" href=\"https:\/\/xstyle.md\/ro\/produs\/lasty-omer-eagleray\/\" \/>\n<meta property=\"og:locale\" content=\"ro_RO\" \/>\n<meta property=\"og:type\" content=\"article\" \/>\n<meta property=\"og:title\" content=\"\u041b\u0430\u0441\u0442\u044b Omer EagleRay - \u041c\u0430\u0433\u0430\u0437\u0438\u043d Xstyle\" \/>\n<meta property=\"og:description\" content=\"\u041b\u0430\u0441\u0442\u044b Omer EagleRay \u0438\u0434\u0435\u0430\u043b\u044c\u043d\u043e \u043f\u043e\u0434\u0445\u043e\u0434\u044f\u0442 \u0434\u043b\u044f \u043f\u043e\u0434\u0432\u043e\u0434\u043d\u043e\u0439 \u043e\u0445\u043e\u0442\u044b \u0432 \u0440\u0430\u0437\u043b\u0438\u0447\u043d\u044b\u0445 \u0432\u043e\u0434\u043e\u0435\u043c\u0430\u0445. \u041e\u0431\u043b\u0430\u0434\u0430\u044e\u0442 \u043c\u044f\u0433\u043a\u043e\u0439 \u043b\u044f\u043c\u043a\u043e\u0439 \u0438 \u0443\u0433\u043b\u043e\u043c 17\u00b0, \u0443\u043c\u0435\u043d\u044c\u0448\u0430\u044e\u0442 \u0443\u0441\u0438\u043b\u0438\u044f \u043f\u0440\u0438 \u043f\u043b\u0430\u0432\u0430\u043d\u0438\u0438.\" \/>\n<meta property=\"og:url\" content=\"https:\/\/xstyle.md\/ro\/produs\/lasty-omer-eagleray\/\" \/>\n<meta property=\"og:site_name\" content=\"\u041c\u0430\u0433\u0430\u0437\u0438\u043d Xstyle\" \/>\n<meta property=\"article:publisher\" content=\"https:\/\/www.facebook.com\/xstylemd\" \/>\n<meta property=\"article:modified_time\" content=\"2025-10-24T09:56:57+00:00\" \/>\n<meta property=\"og:image\" content=\"https:\/\/xstyle.md\/wp-content\/uploads\/2020\/07\/omer-eagleray-2.jpg\" \/>\n\t<meta property=\"og:image:width\" content=\"330\" \/>\n\t<meta property=\"og:image:height\" content=\"330\" \/>\n\t<meta property=\"og:image:type\" content=\"image\/jpeg\" \/>\n<meta name=\"twitter:card\" content=\"summary_large_image\" \/>\n<meta name=\"twitter:label1\" content=\"Pre\u021b\" \/>\n\t<meta name=\"twitter:data1\" content=\"2.100&nbsp;MDL\" \/>\n\t<meta name=\"twitter:label2\" content=\"Disponibilitate\" \/>\n\t<meta name=\"twitter:data2\" content=\"\u00cen stoc\" \/>\n<script type=\"application\/ld+json\" class=\"yoast-schema-graph\">{\"@context\":\"https:\\\/\\\/schema.org\",\"@graph\":[{\"@type\":\"WebPage\",\"@id\":\"https:\\\/\\\/xstyle.md\\\/product\\\/lasty-omer-eagleray\\\/\",\"url\":\"https:\\\/\\\/xstyle.md\\\/product\\\/lasty-omer-eagleray\\\/\",\"name\":\"\u041b\u0430\u0441\u0442\u044b Omer EagleRay - \u041c\u0430\u0433\u0430\u0437\u0438\u043d Xstyle\",\"isPartOf\":{\"@id\":\"https:\\\/\\\/xstyle.md\\\/#website\"},\"primaryImageOfPage\":{\"@id\":\"https:\\\/\\\/xstyle.md\\\/product\\\/lasty-omer-eagleray\\\/#primaryimage\"},\"image\":{\"@id\":\"https:\\\/\\\/xstyle.md\\\/product\\\/lasty-omer-eagleray\\\/#primaryimage\"},\"thumbnailUrl\":\"https:\\\/\\\/xstyle.md\\\/wp-content\\\/uploads\\\/2020\\\/07\\\/omer-eagleray-2.jpg\",\"datePublished\":\"2020-07-17T06:55:03+00:00\",\"dateModified\":\"2025-10-24T09:56:57+00:00\",\"description\":\"\u041b\u0430\u0441\u0442\u044b Omer EagleRay \u0438\u0434\u0435\u0430\u043b\u044c\u043d\u043e \u043f\u043e\u0434\u0445\u043e\u0434\u044f\u0442 \u0434\u043b\u044f \u043f\u043e\u0434\u0432\u043e\u0434\u043d\u043e\u0439 \u043e\u0445\u043e\u0442\u044b \u0432 \u0440\u0430\u0437\u043b\u0438\u0447\u043d\u044b\u0445 \u0432\u043e\u0434\u043e\u0435\u043c\u0430\u0445. \u041e\u0431\u043b\u0430\u0434\u0430\u044e\u0442 \u043c\u044f\u0433\u043a\u043e\u0439 \u043b\u044f\u043c\u043a\u043e\u0439 \u0438 \u0443\u0433\u043b\u043e\u043c 17\u00b0, \u0443\u043c\u0435\u043d\u044c\u0448\u0430\u044e\u0442 \u0443\u0441\u0438\u043b\u0438\u044f \u043f\u0440\u0438 \u043f\u043b\u0430\u0432\u0430\u043d\u0438\u0438.\",\"breadcrumb\":{\"@id\":\"https:\\\/\\\/xstyle.md\\\/product\\\/lasty-omer-eagleray\\\/#breadcrumb\"},\"inLanguage\":\"ro-RO\",\"potentialAction\":[{\"@type\":\"ReadAction\",\"target\":[\"https:\\\/\\\/xstyle.md\\\/product\\\/lasty-omer-eagleray\\\/\"]}]},{\"@type\":\"ImageObject\",\"inLanguage\":\"ro-RO\",\"@id\":\"https:\\\/\\\/xstyle.md\\\/product\\\/lasty-omer-eagleray\\\/#primaryimage\",\"url\":\"https:\\\/\\\/xstyle.md\\\/wp-content\\\/uploads\\\/2020\\\/07\\\/omer-eagleray-2.jpg\",\"contentUrl\":\"https:\\\/\\\/xstyle.md\\\/wp-content\\\/uploads\\\/2020\\\/07\\\/omer-eagleray-2.jpg\",\"width\":330,\"height\":330},{\"@type\":\"BreadcrumbList\",\"@id\":\"https:\\\/\\\/xstyle.md\\\/product\\\/lasty-omer-eagleray\\\/#breadcrumb\",\"itemListElement\":[{\"@type\":\"ListItem\",\"position\":1,\"name\":\"\u0413\u043b\u0430\u0432\u043d\u0430\u044f \u0441\u0442\u0440\u0430\u043d\u0438\u0446\u0430\",\"item\":\"https:\\\/\\\/xstyle.md\\\/\"},{\"@type\":\"ListItem\",\"position\":2,\"name\":\"\u041c\u0430\u0433\u0430\u0437\u0438\u043d\",\"item\":\"https:\\\/\\\/xstyle.md\\\/shop\\\/\"},{\"@type\":\"ListItem\",\"position\":3,\"name\":\"\u041b\u0430\u0441\u0442\u044b Omer EagleRay\"}]},{\"@type\":\"WebSite\",\"@id\":\"https:\\\/\\\/xstyle.md\\\/#website\",\"url\":\"https:\\\/\\\/xstyle.md\\\/\",\"name\":\"\u041c\u0430\u0433\u0430\u0437\u0438\u043d Xstyle\",\"description\":\"C\u043d\u0430\u0440\u044f\u0436\u0435\u043d\u0438\u0435 \u0434\u043b\u044f \u0442\u0443\u0440\u0438\u0437\u043c\u0430 \u0438 \u044d\u043a\u0441\u0442\u0440\u0435\u043c\u0430\u043b\u044c\u043d\u044b\u0445 \u0432\u0438\u0434\u043e\u0432 \u0441\u043f\u043e\u0440\u0442\u0430 \u0432 \u041c\u043e\u043b\u0434\u043e\u0432\u0435.. \u0426\u0435\u043d\u044b, \u0444\u043e\u0442\u043e, \u0445\u0430\u0440\u0430\u043a\u0442\u0435\u0440\u0438\u0441\u0442\u0438\u043a\u0438 \u0432 \u041c\u043e\u043b\u0434\u043e\u0432\u0435.\",\"publisher\":{\"@id\":\"https:\\\/\\\/xstyle.md\\\/#organization\"},\"alternateName\":\"X-Style\",\"potentialAction\":[{\"@type\":\"SearchAction\",\"target\":{\"@type\":\"EntryPoint\",\"urlTemplate\":\"https:\\\/\\\/xstyle.md\\\/?s={search_term_string}\"},\"query-input\":{\"@type\":\"PropertyValueSpecification\",\"valueRequired\":true,\"valueName\":\"search_term_string\"}}],\"inLanguage\":\"ro-RO\"},{\"@type\":\"Organization\",\"@id\":\"https:\\\/\\\/xstyle.md\\\/#organization\",\"name\":\"\u041c\u0430\u0433\u0430\u0437\u0438\u043d Xstyle\",\"alternateName\":\"x-style\",\"url\":\"https:\\\/\\\/xstyle.md\\\/\",\"logo\":{\"@type\":\"ImageObject\",\"inLanguage\":\"ro-RO\",\"@id\":\"https:\\\/\\\/xstyle.md\\\/#\\\/schema\\\/logo\\\/image\\\/\",\"url\":\"https:\\\/\\\/xstyle.md\\\/wp-content\\\/uploads\\\/2020\\\/06\\\/logoicon.svg\",\"contentUrl\":\"https:\\\/\\\/xstyle.md\\\/wp-content\\\/uploads\\\/2020\\\/06\\\/logoicon.svg\",\"caption\":\"\u041c\u0430\u0433\u0430\u0437\u0438\u043d Xstyle\"},\"image\":{\"@id\":\"https:\\\/\\\/xstyle.md\\\/#\\\/schema\\\/logo\\\/image\\\/\"},\"sameAs\":[\"https:\\\/\\\/www.facebook.com\\\/xstylemd\",\"https:\\\/\\\/www.instagram.com\\\/xstyle_md\\\/\",\"https:\\\/\\\/t.me\\\/xstyle_outdoor\"],\"hasMerchantReturnPolicy\":{\"@type\":\"MerchantReturnPolicy\",\"merchantReturnLink\":\"https:\\\/\\\/xstyle.md\\\/ro\\\/conditions\\\/\"}}]}<\/script>\n<meta property=\"product:price:amount\" content=\"2100.00\" \/>\n<meta property=\"product:price:currency\" content=\"MDL\" \/>\n<meta property=\"og:availability\" content=\"instock\" \/>\n<meta property=\"product:availability\" content=\"instock\" \/>\n<meta property=\"product:retailer_item_id\" content=\"8017736119007\" \/>\n<meta property=\"product:condition\" content=\"new\" \/>\n<!-- \/ Yoast SEO plugin. -->","yoast_head_json":{"title":"Labe Omer EagleRay - Magazin Xstyle","description":"Labele Omer EagleRay sunt perfect concepute pentru v\u00e2n\u0103toarea subacvatic\u0103 \u00een diverse corpuri de ap\u0103. Acestea au o curea moale \u0219i un unghi de 17\u00b0, reduc\u00e2nd efortul \u00een timpul \u00eenotului.","robots":{"index":"index","follow":"follow","max-snippet":"max-snippet:-1","max-image-preview":"max-image-preview:large","max-video-preview":"max-video-preview:-1"},"canonical":"https:\/\/xstyle.md\/ro\/produs\/lasty-omer-eagleray\/","og_locale":"ro_RO","og_type":"article","og_title":"\u041b\u0430\u0441\u0442\u044b Omer EagleRay - \u041c\u0430\u0433\u0430\u0437\u0438\u043d Xstyle","og_description":"\u041b\u0430\u0441\u0442\u044b Omer EagleRay \u0438\u0434\u0435\u0430\u043b\u044c\u043d\u043e \u043f\u043e\u0434\u0445\u043e\u0434\u044f\u0442 \u0434\u043b\u044f \u043f\u043e\u0434\u0432\u043e\u0434\u043d\u043e\u0439 \u043e\u0445\u043e\u0442\u044b \u0432 \u0440\u0430\u0437\u043b\u0438\u0447\u043d\u044b\u0445 \u0432\u043e\u0434\u043e\u0435\u043c\u0430\u0445. \u041e\u0431\u043b\u0430\u0434\u0430\u044e\u0442 \u043c\u044f\u0433\u043a\u043e\u0439 \u043b\u044f\u043c\u043a\u043e\u0439 \u0438 \u0443\u0433\u043b\u043e\u043c 17\u00b0, \u0443\u043c\u0435\u043d\u044c\u0448\u0430\u044e\u0442 \u0443\u0441\u0438\u043b\u0438\u044f \u043f\u0440\u0438 \u043f\u043b\u0430\u0432\u0430\u043d\u0438\u0438.","og_url":"https:\/\/xstyle.md\/ro\/produs\/lasty-omer-eagleray\/","og_site_name":"\u041c\u0430\u0433\u0430\u0437\u0438\u043d Xstyle","article_publisher":"https:\/\/www.facebook.com\/xstylemd","article_modified_time":"2025-10-24T09:56:57+00:00","og_image":[{"width":330,"height":330,"url":"https:\/\/xstyle.md\/wp-content\/uploads\/2020\/07\/omer-eagleray-2.jpg","type":"image\/jpeg"}],"twitter_card":"summary_large_image","twitter_misc":{"Pre\u021b":"2.100&nbsp;MDL","Disponibilitate":"\u00cen stoc"},"schema":{"@context":"https:\/\/schema.org","@graph":[{"@type":"WebPage","@id":"https:\/\/xstyle.md\/product\/lasty-omer-eagleray\/","url":"https:\/\/xstyle.md\/product\/lasty-omer-eagleray\/","name":"Labe Omer EagleRay - Magazin Xstyle","isPartOf":{"@id":"https:\/\/xstyle.md\/#website"},"primaryImageOfPage":{"@id":"https:\/\/xstyle.md\/product\/lasty-omer-eagleray\/#primaryimage"},"image":{"@id":"https:\/\/xstyle.md\/product\/lasty-omer-eagleray\/#primaryimage"},"thumbnailUrl":"https:\/\/xstyle.md\/wp-content\/uploads\/2020\/07\/omer-eagleray-2.jpg","datePublished":"2020-07-17T06:55:03+00:00","dateModified":"2025-10-24T09:56:57+00:00","description":"Labele Omer EagleRay sunt perfect concepute pentru v\u00e2n\u0103toarea subacvatic\u0103 \u00een diverse corpuri de ap\u0103. Acestea au o curea moale \u0219i un unghi de 17\u00b0, reduc\u00e2nd efortul \u00een timpul \u00eenotului.","breadcrumb":{"@id":"https:\/\/xstyle.md\/product\/lasty-omer-eagleray\/#breadcrumb"},"inLanguage":"ro-RO","potentialAction":[{"@type":"ReadAction","target":["https:\/\/xstyle.md\/product\/lasty-omer-eagleray\/"]}]},{"@type":"ImageObject","inLanguage":"ro-RO","@id":"https:\/\/xstyle.md\/product\/lasty-omer-eagleray\/#primaryimage","url":"https:\/\/xstyle.md\/wp-content\/uploads\/2020\/07\/omer-eagleray-2.jpg","contentUrl":"https:\/\/xstyle.md\/wp-content\/uploads\/2020\/07\/omer-eagleray-2.jpg","width":330,"height":330},{"@type":"BreadcrumbList","@id":"https:\/\/xstyle.md\/product\/lasty-omer-eagleray\/#breadcrumb","itemListElement":[{"@type":"ListItem","position":1,"name":"\u0413\u043b\u0430\u0432\u043d\u0430\u044f \u0441\u0442\u0440\u0430\u043d\u0438\u0446\u0430","item":"https:\/\/xstyle.md\/"},{"@type":"ListItem","position":2,"name":"\u041c\u0430\u0433\u0430\u0437\u0438\u043d","item":"https:\/\/xstyle.md\/shop\/"},{"@type":"ListItem","position":3,"name":"\u041b\u0430\u0441\u0442\u044b Omer EagleRay"}]},{"@type":"WebSite","@id":"https:\/\/xstyle.md\/#website","url":"https:\/\/xstyle.md\/","name":"Magazinul X-Style","description":"Echipamente pentru turism \u0219i sporturi extreme \u00een Moldova. Pre\u021buri, fotografii, caracteristici \u00een Moldova.","publisher":{"@id":"https:\/\/xstyle.md\/#organization"},"alternateName":"X-Style","potentialAction":[{"@type":"SearchAction","target":{"@type":"EntryPoint","urlTemplate":"https:\/\/xstyle.md\/?s={search_term_string}"},"query-input":{"@type":"PropertyValueSpecification","valueRequired":true,"valueName":"search_term_string"}}],"inLanguage":"ro-RO"},{"@type":"Organization","@id":"https:\/\/xstyle.md\/#organization","name":"Magazinul X-Style","alternateName":"x-style","url":"https:\/\/xstyle.md\/","logo":{"@type":"ImageObject","inLanguage":"ro-RO","@id":"https:\/\/xstyle.md\/#\/schema\/logo\/image\/","url":"https:\/\/xstyle.md\/wp-content\/uploads\/2020\/06\/logoicon.svg","contentUrl":"https:\/\/xstyle.md\/wp-content\/uploads\/2020\/06\/logoicon.svg","caption":"\u041c\u0430\u0433\u0430\u0437\u0438\u043d Xstyle"},"image":{"@id":"https:\/\/xstyle.md\/#\/schema\/logo\/image\/"},"sameAs":["https:\/\/www.facebook.com\/xstylemd","https:\/\/www.instagram.com\/xstyle_md\/","https:\/\/t.me\/xstyle_outdoor"],"hasMerchantReturnPolicy":{"@type":"MerchantReturnPolicy","merchantReturnLink":"https:\/\/xstyle.md\/ro\/conditions\/"}}]},"product_price_amount":"2100.00","product_price_currency":"MDL","og_availability":"instock","product_availability":"instock","product_retailer_item_id":"8017736119007","product_condition":"new"},"_links":{"self":[{"href":"https:\/\/xstyle.md\/ro\/wp-json\/wp\/v2\/product\/10082","targetHints":{"allow":["GET"]}}],"collection":[{"href":"https:\/\/xstyle.md\/ro\/wp-json\/wp\/v2\/product"}],"about":[{"href":"https:\/\/xstyle.md\/ro\/wp-json\/wp\/v2\/types\/product"}],"replies":[{"embeddable":true,"href":"https:\/\/xstyle.md\/ro\/wp-json\/wp\/v2\/comments?post=10082"}],"wp:featuredmedia":[{"embeddable":true,"href":"https:\/\/xstyle.md\/ro\/wp-json\/wp\/v2\/media\/10079"}],"wp:attachment":[{"href":"https:\/\/xstyle.md\/ro\/wp-json\/wp\/v2\/media?parent=10082"}],"wp:term":[{"taxonomy":"product_brand","embeddable":true,"href":"https:\/\/xstyle.md\/ro\/wp-json\/wp\/v2\/product_brand?post=10082"},{"taxonomy":"product_cat","embeddable":true,"href":"https:\/\/xstyle.md\/ro\/wp-json\/wp\/v2\/product_cat?post=10082"},{"taxonomy":"product_tag","embeddable":true,"href":"https:\/\/xstyle.md\/ro\/wp-json\/wp\/v2\/product_tag?post=10082"}],"curies":[{"name":"wp","href":"https:\/\/api.w.org\/{rel}","templated":true}]}}