{"id":10050,"date":"2020-07-17T09:52:42","date_gmt":"2020-07-17T06:52:42","guid":{"rendered":"https:\/\/xstyle.md\/product\/futbolka-montane-allez-micro-pull-on-french"},"modified":"2026-03-19T16:34:52","modified_gmt":"2026-03-19T13:34:52","slug":"montane-allez-micro-pull-on-french-wmn-berry","status":"publish","type":"product","link":"https:\/\/xstyle.md\/ro\/produs\/montane-allez-micro-pull-on-french-wmn-berry\/","title":{"rendered":"Pulover Montane Allez Micro Pull On Wmn French Berry"},"content":{"rendered":"<\/p>\n<p>Puloverul\u00a0<strong>Montane Allez Micro Pull On<\/strong> este realizat din fleece V-Marl Stretch. Cu un interior mat, moale, textura V \u0219i un raport excelent dintre c\u0103ldur\u0103 \u0219i greutate, V-Marl a fost ales special pentru acest pulover universal pentru femei. Purta\u021bi-l \u00een timpul \u0219i dup\u0103 orice activitate montan\u0103. \u00cen timpul iernii, este folosit ca al 2-lea strat sub o geac\u0103.<\/p>\n<h3>Particularit\u0103\u021bi<\/h3>\n<ul>\n<li>Raport excelent dintre c\u0103ldur\u0103 \u0219i greutate;<\/li>\n<li>Glug\u0103 elastic\u0103 care poate fi purtat\u0103 sub o casc\u0103;<\/li>\n<li>Buzunare c\u0103ptu\u0219ite cu plas\u0103;<\/li>\n<li>Man\u0219ete exterioare cu spa\u021biu pentru degetul mare;<\/li>\n<li>M\u00e2neci comode;<\/li>\n<li>Fermoare YKK;<\/li>\n<li>Se usuc\u0103 repede.<\/li>\n<\/ul>\n<h3>Caracteristici<\/h3>\n<ul>\n<li>Material &#8212; V-Marl Stretch;<\/li>\n<li>Sezon &#8212; prim\u0103var\u0103\/var\u0103\/toamn\u0103;<\/li>\n<li>Aplicare &#8212; sport\/utilizare zilnic\u0103\/trekking;<\/li>\n<li>Model - pentru femei.<\/li>\n<\/ul>\n<h3>Tehnologie<\/h3>\n<ul>\n<li><strong>V-Marl Stretch<\/strong>\u00a0&#8212; este un material din fleece moale care se \u00eentinde bine \u0219i se usuc\u0103 rapid, asigur\u0103 confort \u00een timpul purt\u0103rii \u0219i \u00een timpul activit\u0103\u021bilor fizice.<\/li>\n<li><strong>YKK\u00ae<\/strong>\u00a0&#8212; fermoare de \u00eenalt\u0103 calitate, fabricate de c\u0103tre compania japonez\u0103 YKK Group, certificate la standarde interna\u021bionale. Rezistent la greut\u0103\u021bi \u0219i la coroziune. Aceste fermoare sunt utilizate \u00een produse cu cel mai \u00eenalt grad de fiabilitate.<\/li>\n<\/ul>\n<h3>Marca<\/h3>\n<p>Compania Montane\u00ae produce \u00eembr\u0103c\u0103minte multifunc\u021bional\u0103 \u0219i confortabil\u0103, saci de dormit \u0219i alte articole de echipament pentru drume\u021bii, sporturi extreme \u0219i de munte.<\/p>\n<p>Brandul Montane\u00ae a devenit sinonim cu \u00eembr\u0103c\u0103mintea u\u0219oar\u0103 \u0219i respirabil\u0103. Ei au fost primii care au dep\u0103\u0219it cu adev\u0103rat limitele \u00eembr\u0103c\u0103mintei de munte cu un singur strat, iar apoi, realiz\u00e2nd adev\u0103rata valoare a \u00eembr\u0103c\u0103mintei anti-v\u00e2nt, au creat primele piese de echipament cu elemente din \u021bes\u0103tur\u0103 rezistent\u0103 la v\u00e2nt \u0219i respirabil\u0103.<\/p>\n<p>Func\u021bionalitatea \u00eembr\u0103c\u0103mintei nu se opre\u0219te la design. Tehnologia de fabricare a \u021bes\u0103turilor este critic\u0103. Cu mai bine de 10 ani \u00een urm\u0103, Montane\u00ae a fost una dintre primele m\u0103rci de \u00eembr\u0103c\u0103minte din lume care a recunoscut adev\u0103ratul scop al \u021bes\u0103turii pentru exterior de a ajuta la revolu\u021bionarea alpinismului pe orice vreme, atunci c\u00e2nd doar ploaia abundent\u0103 poate testa cu adev\u0103rat performan\u021ba cochiliei.<\/p>\n<p><\/p>","protected":false},"excerpt":{"rendered":"<p>\u0411\u0430\u0442\u043d\u0438\u043a Montane Allez Micro Pull On French Wmn berry<\/p>","protected":false},"featured_media":53827,"comment_status":"open","ping_status":"closed","template":"","meta":{"_acf_changed":false,"inline_featured_image":false},"product_brand":[1309],"product_cat":[243],"product_tag":[],"class_list":{"0":"post-10050","1":"product","2":"type-product","3":"status-publish","4":"has-post-thumbnail","6":"product_brand-montane","7":"product_cat-fleece-scurta-femei","9":"first","10":"instock","11":"shipping-taxable","12":"purchasable","13":"product-type-simple"},"acf":[],"yoast_head":"<!-- This site is optimized with the Yoast SEO plugin v27.4 - https:\/\/yoast.com\/product\/yoast-seo-wordpress\/ -->\n<title>\u0411\u0430\u0442\u043d\u0438\u043a Montane Allez Micro Pull On Wmn french berry - \u041c\u0430\u0433\u0430\u0437\u0438\u043d Xstyle<\/title>\n<meta name=\"description\" content=\"\u0411\u0430\u0442\u043d\u0438\u043a Montane Allez Micro Pull On \u0434\u043b\u044f \u0436\u0435\u043d\u0449\u0438\u043d - \u0438\u0434\u0435\u0430\u043b\u044c\u043d\u044b\u0439 \u0443\u044e\u0442\u043d\u044b\u0439 \u0444\u043b\u0438\u0441\u043e\u0432\u044b\u0439 \u043f\u0443\u043b\u043e\u0432\u0435\u0440 \u0434\u043b\u044f \u0433\u043e\u0440\u043d\u044b\u0445 \u043f\u0440\u043e\u0433\u0443\u043b\u043e\u043a. \u041b\u0435\u0433\u043a\u043e\u0441\u0442\u044c, \u0442\u0435\u043f\u043b\u043e \u0438 \u043a\u043e\u043c\u0444\u043e\u0440\u0442 \u0432 \u043e\u0434\u043d\u043e\u043c!\" \/>\n<meta name=\"robots\" content=\"index, follow, max-snippet:-1, max-image-preview:large, max-video-preview:-1\" \/>\n<link rel=\"canonical\" href=\"https:\/\/xstyle.md\/ro\/produs\/montane-allez-micro-pull-on-french-wmn-berry\/\" \/>\n<meta property=\"og:locale\" content=\"ro_RO\" \/>\n<meta property=\"og:type\" content=\"article\" \/>\n<meta property=\"og:title\" content=\"\u0411\u0430\u0442\u043d\u0438\u043a Montane Allez Micro Pull On Wmn french berry - \u041c\u0430\u0433\u0430\u0437\u0438\u043d Xstyle\" \/>\n<meta property=\"og:description\" content=\"\u0411\u0430\u0442\u043d\u0438\u043a Montane Allez Micro Pull On \u0434\u043b\u044f \u0436\u0435\u043d\u0449\u0438\u043d - \u0438\u0434\u0435\u0430\u043b\u044c\u043d\u044b\u0439 \u0443\u044e\u0442\u043d\u044b\u0439 \u0444\u043b\u0438\u0441\u043e\u0432\u044b\u0439 \u043f\u0443\u043b\u043e\u0432\u0435\u0440 \u0434\u043b\u044f \u0433\u043e\u0440\u043d\u044b\u0445 \u043f\u0440\u043e\u0433\u0443\u043b\u043e\u043a. \u041b\u0435\u0433\u043a\u043e\u0441\u0442\u044c, \u0442\u0435\u043f\u043b\u043e \u0438 \u043a\u043e\u043c\u0444\u043e\u0440\u0442 \u0432 \u043e\u0434\u043d\u043e\u043c!\" \/>\n<meta property=\"og:url\" content=\"https:\/\/xstyle.md\/ro\/produs\/montane-allez-micro-pull-on-french-wmn-berry\/\" \/>\n<meta property=\"og:site_name\" content=\"\u041c\u0430\u0433\u0430\u0437\u0438\u043d Xstyle\" \/>\n<meta property=\"article:publisher\" content=\"https:\/\/www.facebook.com\/xstylemd\" \/>\n<meta property=\"article:modified_time\" content=\"2026-03-19T13:34:52+00:00\" \/>\n<meta property=\"og:image\" content=\"https:\/\/xstyle.md\/wp-content\/uploads\/2020\/07\/montane-allez-micro-pull-on-wmn-french-berry.png\" \/>\n\t<meta property=\"og:image:width\" content=\"729\" \/>\n\t<meta property=\"og:image:height\" content=\"717\" \/>\n\t<meta property=\"og:image:type\" content=\"image\/png\" \/>\n<meta name=\"twitter:card\" content=\"summary_large_image\" \/>\n<meta name=\"twitter:label1\" content=\"Pre\u021b\" \/>\n\t<meta name=\"twitter:data1\" content=\"1.390&nbsp;MDL\" \/>\n\t<meta name=\"twitter:label2\" content=\"Disponibilitate\" \/>\n\t<meta name=\"twitter:data2\" content=\"\u00cen stoc\" \/>\n<script type=\"application\/ld+json\" class=\"yoast-schema-graph\">{\"@context\":\"https:\\\/\\\/schema.org\",\"@graph\":[{\"@type\":\"WebPage\",\"@id\":\"https:\\\/\\\/xstyle.md\\\/product\\\/montane-allez-micro-pull-on-french-wmn-berry\\\/\",\"url\":\"https:\\\/\\\/xstyle.md\\\/product\\\/montane-allez-micro-pull-on-french-wmn-berry\\\/\",\"name\":\"\u0411\u0430\u0442\u043d\u0438\u043a Montane Allez Micro Pull On Wmn french berry - \u041c\u0430\u0433\u0430\u0437\u0438\u043d Xstyle\",\"isPartOf\":{\"@id\":\"https:\\\/\\\/xstyle.md\\\/#website\"},\"primaryImageOfPage\":{\"@id\":\"https:\\\/\\\/xstyle.md\\\/product\\\/montane-allez-micro-pull-on-french-wmn-berry\\\/#primaryimage\"},\"image\":{\"@id\":\"https:\\\/\\\/xstyle.md\\\/product\\\/montane-allez-micro-pull-on-french-wmn-berry\\\/#primaryimage\"},\"thumbnailUrl\":\"https:\\\/\\\/xstyle.md\\\/wp-content\\\/uploads\\\/2020\\\/07\\\/montane-allez-micro-pull-on-wmn-french-berry.png\",\"datePublished\":\"2020-07-17T06:52:42+00:00\",\"dateModified\":\"2026-03-19T13:34:52+00:00\",\"description\":\"\u0411\u0430\u0442\u043d\u0438\u043a Montane Allez Micro Pull On \u0434\u043b\u044f \u0436\u0435\u043d\u0449\u0438\u043d - \u0438\u0434\u0435\u0430\u043b\u044c\u043d\u044b\u0439 \u0443\u044e\u0442\u043d\u044b\u0439 \u0444\u043b\u0438\u0441\u043e\u0432\u044b\u0439 \u043f\u0443\u043b\u043e\u0432\u0435\u0440 \u0434\u043b\u044f \u0433\u043e\u0440\u043d\u044b\u0445 \u043f\u0440\u043e\u0433\u0443\u043b\u043e\u043a. \u041b\u0435\u0433\u043a\u043e\u0441\u0442\u044c, \u0442\u0435\u043f\u043b\u043e \u0438 \u043a\u043e\u043c\u0444\u043e\u0440\u0442 \u0432 \u043e\u0434\u043d\u043e\u043c!\",\"breadcrumb\":{\"@id\":\"https:\\\/\\\/xstyle.md\\\/product\\\/montane-allez-micro-pull-on-french-wmn-berry\\\/#breadcrumb\"},\"inLanguage\":\"ro-RO\",\"potentialAction\":[{\"@type\":\"ReadAction\",\"target\":[\"https:\\\/\\\/xstyle.md\\\/product\\\/montane-allez-micro-pull-on-french-wmn-berry\\\/\"]}]},{\"@type\":\"ImageObject\",\"inLanguage\":\"ro-RO\",\"@id\":\"https:\\\/\\\/xstyle.md\\\/product\\\/montane-allez-micro-pull-on-french-wmn-berry\\\/#primaryimage\",\"url\":\"https:\\\/\\\/xstyle.md\\\/wp-content\\\/uploads\\\/2020\\\/07\\\/montane-allez-micro-pull-on-wmn-french-berry.png\",\"contentUrl\":\"https:\\\/\\\/xstyle.md\\\/wp-content\\\/uploads\\\/2020\\\/07\\\/montane-allez-micro-pull-on-wmn-french-berry.png\",\"width\":729,\"height\":717,\"caption\":\"\u0416\u0435\u043d\u0441\u043a\u0438\u0439 \u0431\u0430\u0442\u043d\u0438\u043a Montane Allez Micro Pull On \u0434\u043b\u044f \u0430\u043a\u0442\u0438\u0432\u043d\u043e\u0433\u043e \u043e\u0442\u0434\u044b\u0445\u0430, \u043f\u043e\u0445\u043e\u0434\u043e\u0432, \u0442\u0443\u0440\u0438\u0437\u043c\u0430 \u0438 \u043f\u0443\u0442\u0435\u0448\u0435\u0441\u0442\u0432\u0438\u0439, \u043e\u043f\u0438\u0441\u0430\u043d\u0438\u0435 \u0442\u043e\u0432\u0430\u0440\u0430 \u0434\u043b\u044f \u043e\u043d\u043b\u0430\u0439\u043d-\u043c\u0430\u0433\u0430\u0437\u0438\u043d\u0430 \u044d\u043a\u0438\u043f\u0438\u0440\u043e\u0432\u043a\u0438 \u0434\u043b\u044f \u0430\u043a\u0442\u0438\u0432\u043d\u043e\u0439 \u0436\u0438\u0437\u043d\u0438\"},{\"@type\":\"BreadcrumbList\",\"@id\":\"https:\\\/\\\/xstyle.md\\\/product\\\/montane-allez-micro-pull-on-french-wmn-berry\\\/#breadcrumb\",\"itemListElement\":[{\"@type\":\"ListItem\",\"position\":1,\"name\":\"\u0413\u043b\u0430\u0432\u043d\u0430\u044f \u0441\u0442\u0440\u0430\u043d\u0438\u0446\u0430\",\"item\":\"https:\\\/\\\/xstyle.md\\\/\"},{\"@type\":\"ListItem\",\"position\":2,\"name\":\"\u041c\u0430\u0433\u0430\u0437\u0438\u043d\",\"item\":\"https:\\\/\\\/xstyle.md\\\/shop\\\/\"},{\"@type\":\"ListItem\",\"position\":3,\"name\":\"\u0411\u0430\u0442\u043d\u0438\u043a Montane Allez Micro Pull On Wmn french berry\"}]},{\"@type\":\"WebSite\",\"@id\":\"https:\\\/\\\/xstyle.md\\\/#website\",\"url\":\"https:\\\/\\\/xstyle.md\\\/\",\"name\":\"\u041c\u0430\u0433\u0430\u0437\u0438\u043d Xstyle\",\"description\":\"C\u043d\u0430\u0440\u044f\u0436\u0435\u043d\u0438\u0435 \u0434\u043b\u044f \u0442\u0443\u0440\u0438\u0437\u043c\u0430 \u0438 \u044d\u043a\u0441\u0442\u0440\u0435\u043c\u0430\u043b\u044c\u043d\u044b\u0445 \u0432\u0438\u0434\u043e\u0432 \u0441\u043f\u043e\u0440\u0442\u0430 \u0432 \u041c\u043e\u043b\u0434\u043e\u0432\u0435.. \u0426\u0435\u043d\u044b, \u0444\u043e\u0442\u043e, \u0445\u0430\u0440\u0430\u043a\u0442\u0435\u0440\u0438\u0441\u0442\u0438\u043a\u0438 \u0432 \u041c\u043e\u043b\u0434\u043e\u0432\u0435.\",\"publisher\":{\"@id\":\"https:\\\/\\\/xstyle.md\\\/#organization\"},\"alternateName\":\"X-Style\",\"potentialAction\":[{\"@type\":\"SearchAction\",\"target\":{\"@type\":\"EntryPoint\",\"urlTemplate\":\"https:\\\/\\\/xstyle.md\\\/?s={search_term_string}\"},\"query-input\":{\"@type\":\"PropertyValueSpecification\",\"valueRequired\":true,\"valueName\":\"search_term_string\"}}],\"inLanguage\":\"ro-RO\"},{\"@type\":\"Organization\",\"@id\":\"https:\\\/\\\/xstyle.md\\\/#organization\",\"name\":\"\u041c\u0430\u0433\u0430\u0437\u0438\u043d Xstyle\",\"alternateName\":\"x-style\",\"url\":\"https:\\\/\\\/xstyle.md\\\/\",\"logo\":{\"@type\":\"ImageObject\",\"inLanguage\":\"ro-RO\",\"@id\":\"https:\\\/\\\/xstyle.md\\\/#\\\/schema\\\/logo\\\/image\\\/\",\"url\":\"https:\\\/\\\/xstyle.md\\\/wp-content\\\/uploads\\\/2020\\\/06\\\/logoicon.svg\",\"contentUrl\":\"https:\\\/\\\/xstyle.md\\\/wp-content\\\/uploads\\\/2020\\\/06\\\/logoicon.svg\",\"caption\":\"\u041c\u0430\u0433\u0430\u0437\u0438\u043d Xstyle\"},\"image\":{\"@id\":\"https:\\\/\\\/xstyle.md\\\/#\\\/schema\\\/logo\\\/image\\\/\"},\"sameAs\":[\"https:\\\/\\\/www.facebook.com\\\/xstylemd\",\"https:\\\/\\\/www.instagram.com\\\/xstyle_md\\\/\",\"https:\\\/\\\/t.me\\\/xstyle_outdoor\"],\"hasMerchantReturnPolicy\":{\"@type\":\"MerchantReturnPolicy\",\"merchantReturnLink\":\"https:\\\/\\\/xstyle.md\\\/ro\\\/conditions\\\/\"}}]}<\/script>\n<meta property=\"product:price:amount\" content=\"1390.00\" \/>\n<meta property=\"product:price:currency\" content=\"MDL\" \/>\n<meta property=\"og:availability\" content=\"instock\" \/>\n<meta property=\"product:availability\" content=\"instock\" \/>\n<meta property=\"product:retailer_item_id\" content=\"5055571760919\" \/>\n<meta property=\"product:condition\" content=\"new\" \/>\n<!-- \/ Yoast SEO plugin. -->","yoast_head_json":{"title":"Pulover Montane Allez Micro Pull On Wmn French Berry - Magazin Xstyle","description":"Puloverul Montane Allez Micro Pull On pentru femei - un pulover fleece confortabil, ideal pentru drume\u021bii montane. U\u0219or, c\u0103lduros \u0219i confortabil \u00eentr-un singur produs!","robots":{"index":"index","follow":"follow","max-snippet":"max-snippet:-1","max-image-preview":"max-image-preview:large","max-video-preview":"max-video-preview:-1"},"canonical":"https:\/\/xstyle.md\/ro\/produs\/montane-allez-micro-pull-on-french-wmn-berry\/","og_locale":"ro_RO","og_type":"article","og_title":"\u0411\u0430\u0442\u043d\u0438\u043a Montane Allez Micro Pull On Wmn french berry - \u041c\u0430\u0433\u0430\u0437\u0438\u043d Xstyle","og_description":"\u0411\u0430\u0442\u043d\u0438\u043a Montane Allez Micro Pull On \u0434\u043b\u044f \u0436\u0435\u043d\u0449\u0438\u043d - \u0438\u0434\u0435\u0430\u043b\u044c\u043d\u044b\u0439 \u0443\u044e\u0442\u043d\u044b\u0439 \u0444\u043b\u0438\u0441\u043e\u0432\u044b\u0439 \u043f\u0443\u043b\u043e\u0432\u0435\u0440 \u0434\u043b\u044f \u0433\u043e\u0440\u043d\u044b\u0445 \u043f\u0440\u043e\u0433\u0443\u043b\u043e\u043a. \u041b\u0435\u0433\u043a\u043e\u0441\u0442\u044c, \u0442\u0435\u043f\u043b\u043e \u0438 \u043a\u043e\u043c\u0444\u043e\u0440\u0442 \u0432 \u043e\u0434\u043d\u043e\u043c!","og_url":"https:\/\/xstyle.md\/ro\/produs\/montane-allez-micro-pull-on-french-wmn-berry\/","og_site_name":"\u041c\u0430\u0433\u0430\u0437\u0438\u043d Xstyle","article_publisher":"https:\/\/www.facebook.com\/xstylemd","article_modified_time":"2026-03-19T13:34:52+00:00","og_image":[{"width":729,"height":717,"url":"https:\/\/xstyle.md\/wp-content\/uploads\/2020\/07\/montane-allez-micro-pull-on-wmn-french-berry.png","type":"image\/png"}],"twitter_card":"summary_large_image","twitter_misc":{"Pre\u021b":"1.390&nbsp;MDL","Disponibilitate":"\u00cen stoc"},"schema":{"@context":"https:\/\/schema.org","@graph":[{"@type":"WebPage","@id":"https:\/\/xstyle.md\/product\/montane-allez-micro-pull-on-french-wmn-berry\/","url":"https:\/\/xstyle.md\/product\/montane-allez-micro-pull-on-french-wmn-berry\/","name":"Pulover Montane Allez Micro Pull On Wmn French Berry - Magazin Xstyle","isPartOf":{"@id":"https:\/\/xstyle.md\/#website"},"primaryImageOfPage":{"@id":"https:\/\/xstyle.md\/product\/montane-allez-micro-pull-on-french-wmn-berry\/#primaryimage"},"image":{"@id":"https:\/\/xstyle.md\/product\/montane-allez-micro-pull-on-french-wmn-berry\/#primaryimage"},"thumbnailUrl":"https:\/\/xstyle.md\/wp-content\/uploads\/2020\/07\/montane-allez-micro-pull-on-wmn-french-berry.png","datePublished":"2020-07-17T06:52:42+00:00","dateModified":"2026-03-19T13:34:52+00:00","description":"Puloverul Montane Allez Micro Pull On pentru femei - un pulover fleece confortabil, ideal pentru drume\u021bii montane. U\u0219or, c\u0103lduros \u0219i confortabil \u00eentr-un singur produs!","breadcrumb":{"@id":"https:\/\/xstyle.md\/product\/montane-allez-micro-pull-on-french-wmn-berry\/#breadcrumb"},"inLanguage":"ro-RO","potentialAction":[{"@type":"ReadAction","target":["https:\/\/xstyle.md\/product\/montane-allez-micro-pull-on-french-wmn-berry\/"]}]},{"@type":"ImageObject","inLanguage":"ro-RO","@id":"https:\/\/xstyle.md\/product\/montane-allez-micro-pull-on-french-wmn-berry\/#primaryimage","url":"https:\/\/xstyle.md\/wp-content\/uploads\/2020\/07\/montane-allez-micro-pull-on-wmn-french-berry.png","contentUrl":"https:\/\/xstyle.md\/wp-content\/uploads\/2020\/07\/montane-allez-micro-pull-on-wmn-french-berry.png","width":729,"height":717,"caption":"\u0416\u0435\u043d\u0441\u043a\u0438\u0439 \u0431\u0430\u0442\u043d\u0438\u043a Montane Allez Micro Pull On \u0434\u043b\u044f \u0430\u043a\u0442\u0438\u0432\u043d\u043e\u0433\u043e \u043e\u0442\u0434\u044b\u0445\u0430, \u043f\u043e\u0445\u043e\u0434\u043e\u0432, \u0442\u0443\u0440\u0438\u0437\u043c\u0430 \u0438 \u043f\u0443\u0442\u0435\u0448\u0435\u0441\u0442\u0432\u0438\u0439, \u043e\u043f\u0438\u0441\u0430\u043d\u0438\u0435 \u0442\u043e\u0432\u0430\u0440\u0430 \u0434\u043b\u044f \u043e\u043d\u043b\u0430\u0439\u043d-\u043c\u0430\u0433\u0430\u0437\u0438\u043d\u0430 \u044d\u043a\u0438\u043f\u0438\u0440\u043e\u0432\u043a\u0438 \u0434\u043b\u044f \u0430\u043a\u0442\u0438\u0432\u043d\u043e\u0439 \u0436\u0438\u0437\u043d\u0438"},{"@type":"BreadcrumbList","@id":"https:\/\/xstyle.md\/product\/montane-allez-micro-pull-on-french-wmn-berry\/#breadcrumb","itemListElement":[{"@type":"ListItem","position":1,"name":"\u0413\u043b\u0430\u0432\u043d\u0430\u044f \u0441\u0442\u0440\u0430\u043d\u0438\u0446\u0430","item":"https:\/\/xstyle.md\/"},{"@type":"ListItem","position":2,"name":"\u041c\u0430\u0433\u0430\u0437\u0438\u043d","item":"https:\/\/xstyle.md\/shop\/"},{"@type":"ListItem","position":3,"name":"\u0411\u0430\u0442\u043d\u0438\u043a Montane Allez Micro Pull On Wmn french berry"}]},{"@type":"WebSite","@id":"https:\/\/xstyle.md\/#website","url":"https:\/\/xstyle.md\/","name":"Magazinul X-Style","description":"Echipamente pentru turism \u0219i sporturi extreme \u00een Moldova. Pre\u021buri, fotografii, caracteristici \u00een Moldova.","publisher":{"@id":"https:\/\/xstyle.md\/#organization"},"alternateName":"X-Style","potentialAction":[{"@type":"SearchAction","target":{"@type":"EntryPoint","urlTemplate":"https:\/\/xstyle.md\/?s={search_term_string}"},"query-input":{"@type":"PropertyValueSpecification","valueRequired":true,"valueName":"search_term_string"}}],"inLanguage":"ro-RO"},{"@type":"Organization","@id":"https:\/\/xstyle.md\/#organization","name":"Magazinul X-Style","alternateName":"x-style","url":"https:\/\/xstyle.md\/","logo":{"@type":"ImageObject","inLanguage":"ro-RO","@id":"https:\/\/xstyle.md\/#\/schema\/logo\/image\/","url":"https:\/\/xstyle.md\/wp-content\/uploads\/2020\/06\/logoicon.svg","contentUrl":"https:\/\/xstyle.md\/wp-content\/uploads\/2020\/06\/logoicon.svg","caption":"\u041c\u0430\u0433\u0430\u0437\u0438\u043d Xstyle"},"image":{"@id":"https:\/\/xstyle.md\/#\/schema\/logo\/image\/"},"sameAs":["https:\/\/www.facebook.com\/xstylemd","https:\/\/www.instagram.com\/xstyle_md\/","https:\/\/t.me\/xstyle_outdoor"],"hasMerchantReturnPolicy":{"@type":"MerchantReturnPolicy","merchantReturnLink":"https:\/\/xstyle.md\/ro\/conditions\/"}}]},"product_price_amount":"1390.00","product_price_currency":"MDL","og_availability":"instock","product_availability":"instock","product_retailer_item_id":"5055571760919","product_condition":"new"},"_links":{"self":[{"href":"https:\/\/xstyle.md\/ro\/wp-json\/wp\/v2\/product\/10050","targetHints":{"allow":["GET"]}}],"collection":[{"href":"https:\/\/xstyle.md\/ro\/wp-json\/wp\/v2\/product"}],"about":[{"href":"https:\/\/xstyle.md\/ro\/wp-json\/wp\/v2\/types\/product"}],"replies":[{"embeddable":true,"href":"https:\/\/xstyle.md\/ro\/wp-json\/wp\/v2\/comments?post=10050"}],"wp:featuredmedia":[{"embeddable":true,"href":"https:\/\/xstyle.md\/ro\/wp-json\/wp\/v2\/media\/53827"}],"wp:attachment":[{"href":"https:\/\/xstyle.md\/ro\/wp-json\/wp\/v2\/media?parent=10050"}],"wp:term":[{"taxonomy":"product_brand","embeddable":true,"href":"https:\/\/xstyle.md\/ro\/wp-json\/wp\/v2\/product_brand?post=10050"},{"taxonomy":"product_cat","embeddable":true,"href":"https:\/\/xstyle.md\/ro\/wp-json\/wp\/v2\/product_cat?post=10050"},{"taxonomy":"product_tag","embeddable":true,"href":"https:\/\/xstyle.md\/ro\/wp-json\/wp\/v2\/product_tag?post=10050"}],"curies":[{"name":"wp","href":"https:\/\/api.w.org\/{rel}","templated":true}]}}