{"id":10032,"date":"2020-07-17T09:51:09","date_gmt":"2020-07-17T06:51:09","guid":{"rendered":"https:\/\/xstyle.md\/product\/kurtka-maier-lupus-big"},"modified":"2026-04-08T11:15:51","modified_gmt":"2026-04-08T08:15:51","slug":"kurtka-maier-lupus-big","status":"publish","type":"product","link":"https:\/\/xstyle.md\/ro\/produs\/kurtka-maier-lupus-big\/","title":{"rendered":"Geac\u0103 de schi Maier Lupus medieval blue Big"},"content":{"rendered":"<\/p>\n<p><strong>Maier Lupus Medieval Blue Big<\/strong> &#8212; geac\u0103\u00a0m\u0103rime mare, pentru oameni mari. Sporturile de iarn\u0103 sunt un adev\u0103rat r\u0103sf\u0103\u021b \u00een aceast\u0103 geac\u0103 elastic\u0103. O croial\u0103 exact\u0103 pentru b\u0103rba\u021bi \u0219i culorile atr\u0103g\u0103toare fac ca fiecare schior s\u0103 arate cel mai bine \u00een aceast\u0103 geac\u0103 de schi clasic\u0103, bine croit\u0103. Func\u021bionalitatea este accentuat\u0103 cu o fust\u0103 de z\u0103pad\u0103 fix\u0103, glug\u0103 deta\u0219abil\u0103, buzunare pe piept \u0219i fa\u021b\u0103, man\u0219ete interioare elastice cu spa\u021bii pentru degetul mare. Datorit\u0103 membranei mTEX rezistente la v\u00e2nt \u0219i la ap\u0103 \u0219i datorit\u0103 izola\u021biei de \u00eenalt\u0103 calitate, sporturile de iarn\u0103 vor fi o adev\u0103rat\u0103 pl\u0103cere cu aceast\u0103 geac\u0103.<\/p>\n<h3>Particularit\u0103\u021bi<\/h3>\n<ul>\n<li>Material elastic care se \u00eentinde \u00een 2 direc\u021bii<\/li>\n<li>Fusta de z\u0103pad\u0103<\/li>\n<li>Man\u0219ete elastice cu gaur\u0103 pentru degetul mare<\/li>\n<li>Glug\u0103 deta\u0219abil\u0103<\/li>\n<li>Izola\u021bie eficient\u0103 \u0219i u\u0219oar\u0103<\/li>\n<li>Guler \u00eenalt<\/li>\n<li>Multe buzunare<\/li>\n<li>Man\u0219ete bine \u00eenchise<\/li>\n<\/ul>\n<h3>Caracteristici<\/h3>\n<ul>\n<li>Material &#8212; 100% poliester<\/li>\n<li>Izola\u021bie \u2013 mTHERM<\/li>\n<li>Membran\u0103 &#8212; mTEX 10.000<\/li>\n<li>Rezisten\u021b\u0103 la ap\u0103 &#8212; 10.000 mm<\/li>\n<li>Permeabilitatea la vapori &#8212; 10000 g\/(m\u00b2\u22c5zi)<\/li>\n<li>Model &#8212; pentru b\u0103rba\u021bi<\/li>\n<\/ul>\n<h3>Tehnologie<\/h3>\n<ul>\n<li><strong>mTEX<\/strong> este o membran\u0103 rezistent\u0103 la ap\u0103, respirabil\u0103, fabricat\u0103 dintr-un material rezistent, care permite umezelii s\u0103 se absoarbe \u0219i este u\u0219or de cur\u0103\u021bat de murd\u0103rie.<\/li>\n<li><strong>mTHERM<\/strong> este o c\u0103ptu\u0219eal\u0103 din l\u00e2n\u0103 care impresioneaz\u0103 prin capacitatea sa de a re\u021bine c\u0103ldura \u0219i de a men\u021bine hainele respirabile.<\/li>\n<\/ul>\n<h3>Marca<\/h3>\n<p>Compania MAIER a fost fondat\u0103 \u00een 1938, \u00een Germania, de un grup de oameni cu idei similare. Scopul m\u0103rcii a fost s\u0103 creeze cele mai confortabile haine care s\u0103 se potriveasc\u0103 unei persoane de orice \u00een\u0103l\u021bime. Brandul este specializat \u00een fabricarea \u00eembr\u0103c\u0103mintei \u0219i accesoriilor pentru schi \u0219i alte activit\u0103\u021bi. Brandul se adreseaz\u0103 persoanelor care aleg un stil de via\u021b\u0103 activ. Produc\u021bia difer\u0103 prin comoditate \u0219i calitatea european\u0103. La fabrica\u021bie se iau \u00een considerare caracteristicile figurii umane, datorit\u0103 c\u0103rora hainele se potrivesc perfect, nu exist\u0103 disconfort \u00een timpul utiliz\u0103rii sale.<\/p>\n<p>Brandul folose\u0219te propriile dezvolt\u0103ri \u0219i materiale moderne. Hainele nu las\u0103 umezeala s\u0103 treac\u0103 \u0219i \u00een acela\u0219i timp permit corpului s\u0103 respire. Chiar \u0219i \u00een timpul sportului activ, o persoan\u0103 din astfel de produse nu transpir\u0103 \u0219i nu exist\u0103 riscul de \u00eenghe\u021b. Majoritatea modelelor au o membran\u0103 de diferite grosimi \u0219i densit\u0103\u021bi. Acest lucru v\u0103 permite s\u0103 folosi\u021bi haine \u00een aproape orice perioad\u0103 a anului \u0219i \u00een orice condi\u021bii meteorologice. De asemenea, controlul mediului este \u00een vigoare la toate fabricile acestei m\u0103rcii. \u00cen produc\u021bie sunt utilizate numai materiale inofensive. Compania acord\u0103 aten\u021bie fiec\u0103rui detaliu. Drept urmare, produsele MAIER au fost rapid recunoscute \u00een \u00eentreaga lume.<\/p>\n<p><\/p>","protected":false},"excerpt":{"rendered":"<p>Geac\u0103 de schi Maier Lupus medieval blue Big<\/p>","protected":false},"featured_media":51966,"comment_status":"open","ping_status":"closed","template":"","meta":{"_acf_changed":false,"inline_featured_image":false},"product_brand":[1319],"product_cat":[450],"product_tag":[],"class_list":{"0":"post-10032","1":"product","2":"type-product","3":"status-publish","4":"has-post-thumbnail","6":"product_brand-maier","7":"product_cat-jachete-de-schi-barbati","9":"first","10":"instock","11":"sale","12":"shipping-taxable","13":"purchasable","14":"product-type-simple"},"acf":[],"yoast_head":"<!-- This site is optimized with the Yoast SEO plugin v27.2 - https:\/\/yoast.com\/product\/yoast-seo-wordpress\/ -->\n<title>\u041a\u0443\u0440\u0442\u043a\u0430 Maier Lupus medieval blue Big - \u041c\u0430\u0433\u0430\u0437\u0438\u043d Xstyle<\/title>\n<meta name=\"description\" content=\"\u041a\u0443\u0440\u0442\u043a\u0430 Maier Lupus medieval blue Big \u2013 \u0438\u0434\u0435\u0430\u043b\u044c\u043d\u044b\u0439 \u0432\u044b\u0431\u043e\u0440 \u0434\u043b\u044f \u0437\u0438\u043c\u043d\u0438\u0445 \u0432\u0438\u0434\u043e\u0432 \u0441\u043f\u043e\u0440\u0442\u0430. \u042d\u043b\u0430\u0441\u0442\u0438\u0447\u043d\u044b\u0439 \u043c\u0430\u0442\u0435\u0440\u0438\u0430\u043b, \u043e\u0442\u043b\u0438\u0447\u043d\u0430\u044f \u043f\u043e\u0441\u0430\u0434\u043a\u0430 \u0438 \u043f\u0440\u0438\u0432\u043b\u0435\u043a\u0430\u044e\u0449\u0438\u0435 \u0446\u0432\u0435\u0442\u0430 \u0434\u043b\u044f \u0432\u0430\u0448\u0435\u0433\u043e \u0441\u0442\u0438\u043b\u044f.\" \/>\n<meta name=\"robots\" content=\"index, follow, max-snippet:-1, max-image-preview:large, max-video-preview:-1\" \/>\n<link rel=\"canonical\" href=\"https:\/\/xstyle.md\/ro\/produs\/kurtka-maier-lupus-big\/\" \/>\n<meta property=\"og:locale\" content=\"ro_RO\" \/>\n<meta property=\"og:type\" content=\"article\" \/>\n<meta property=\"og:title\" content=\"\u041a\u0443\u0440\u0442\u043a\u0430 Maier Lupus medieval blue Big - \u041c\u0430\u0433\u0430\u0437\u0438\u043d Xstyle\" \/>\n<meta property=\"og:description\" content=\"\u041a\u0443\u0440\u0442\u043a\u0430 Maier Lupus medieval blue Big \u2013 \u0438\u0434\u0435\u0430\u043b\u044c\u043d\u044b\u0439 \u0432\u044b\u0431\u043e\u0440 \u0434\u043b\u044f \u0437\u0438\u043c\u043d\u0438\u0445 \u0432\u0438\u0434\u043e\u0432 \u0441\u043f\u043e\u0440\u0442\u0430. \u042d\u043b\u0430\u0441\u0442\u0438\u0447\u043d\u044b\u0439 \u043c\u0430\u0442\u0435\u0440\u0438\u0430\u043b, \u043e\u0442\u043b\u0438\u0447\u043d\u0430\u044f \u043f\u043e\u0441\u0430\u0434\u043a\u0430 \u0438 \u043f\u0440\u0438\u0432\u043b\u0435\u043a\u0430\u044e\u0449\u0438\u0435 \u0446\u0432\u0435\u0442\u0430 \u0434\u043b\u044f \u0432\u0430\u0448\u0435\u0433\u043e \u0441\u0442\u0438\u043b\u044f.\" \/>\n<meta property=\"og:url\" content=\"https:\/\/xstyle.md\/ro\/produs\/kurtka-maier-lupus-big\/\" \/>\n<meta property=\"og:site_name\" content=\"\u041c\u0430\u0433\u0430\u0437\u0438\u043d Xstyle\" \/>\n<meta property=\"article:publisher\" content=\"https:\/\/www.facebook.com\/xstylemd\" \/>\n<meta property=\"article:modified_time\" content=\"2026-04-08T08:15:51+00:00\" \/>\n<meta property=\"og:image\" content=\"https:\/\/xstyle.md\/wp-content\/uploads\/2020\/07\/maier-lupus-medieval-blue-big.jpg\" \/>\n\t<meta property=\"og:image:width\" content=\"570\" \/>\n\t<meta property=\"og:image:height\" content=\"648\" \/>\n\t<meta property=\"og:image:type\" content=\"image\/jpeg\" \/>\n<meta name=\"twitter:card\" content=\"summary_large_image\" \/>\n<meta name=\"twitter:label1\" content=\"Pre\u021b\" \/>\n\t<meta name=\"twitter:data1\" content=\"2.745&nbsp;MDL\" \/>\n\t<meta name=\"twitter:label2\" content=\"Disponibilitate\" \/>\n\t<meta name=\"twitter:data2\" content=\"\u00cen stoc\" \/>\n<script type=\"application\/ld+json\" class=\"yoast-schema-graph\">{\"@context\":\"https:\/\/schema.org\",\"@graph\":[{\"@type\":\"WebPage\",\"@id\":\"https:\/\/xstyle.md\/product\/kurtka-maier-lupus-big\/\",\"url\":\"https:\/\/xstyle.md\/product\/kurtka-maier-lupus-big\/\",\"name\":\"\u041a\u0443\u0440\u0442\u043a\u0430 Maier Lupus medieval blue Big - \u041c\u0430\u0433\u0430\u0437\u0438\u043d Xstyle\",\"isPartOf\":{\"@id\":\"https:\/\/xstyle.md\/#website\"},\"primaryImageOfPage\":{\"@id\":\"https:\/\/xstyle.md\/product\/kurtka-maier-lupus-big\/#primaryimage\"},\"image\":{\"@id\":\"https:\/\/xstyle.md\/product\/kurtka-maier-lupus-big\/#primaryimage\"},\"thumbnailUrl\":\"https:\/\/xstyle.md\/wp-content\/uploads\/2020\/07\/maier-lupus-medieval-blue-big.jpg\",\"datePublished\":\"2020-07-17T06:51:09+00:00\",\"dateModified\":\"2026-04-08T08:15:51+00:00\",\"description\":\"\u041a\u0443\u0440\u0442\u043a\u0430 Maier Lupus medieval blue Big \u2013 \u0438\u0434\u0435\u0430\u043b\u044c\u043d\u044b\u0439 \u0432\u044b\u0431\u043e\u0440 \u0434\u043b\u044f \u0437\u0438\u043c\u043d\u0438\u0445 \u0432\u0438\u0434\u043e\u0432 \u0441\u043f\u043e\u0440\u0442\u0430. \u042d\u043b\u0430\u0441\u0442\u0438\u0447\u043d\u044b\u0439 \u043c\u0430\u0442\u0435\u0440\u0438\u0430\u043b, \u043e\u0442\u043b\u0438\u0447\u043d\u0430\u044f \u043f\u043e\u0441\u0430\u0434\u043a\u0430 \u0438 \u043f\u0440\u0438\u0432\u043b\u0435\u043a\u0430\u044e\u0449\u0438\u0435 \u0446\u0432\u0435\u0442\u0430 \u0434\u043b\u044f \u0432\u0430\u0448\u0435\u0433\u043e \u0441\u0442\u0438\u043b\u044f.\",\"breadcrumb\":{\"@id\":\"https:\/\/xstyle.md\/product\/kurtka-maier-lupus-big\/#breadcrumb\"},\"inLanguage\":\"ro-RO\",\"potentialAction\":[{\"@type\":\"ReadAction\",\"target\":[\"https:\/\/xstyle.md\/product\/kurtka-maier-lupus-big\/\"]}]},{\"@type\":\"ImageObject\",\"inLanguage\":\"ro-RO\",\"@id\":\"https:\/\/xstyle.md\/product\/kurtka-maier-lupus-big\/#primaryimage\",\"url\":\"https:\/\/xstyle.md\/wp-content\/uploads\/2020\/07\/maier-lupus-medieval-blue-big.jpg\",\"contentUrl\":\"https:\/\/xstyle.md\/wp-content\/uploads\/2020\/07\/maier-lupus-medieval-blue-big.jpg\",\"width\":570,\"height\":648,\"caption\":\"\u0420\u043e\u0437\u043e\u0432\u0430\u044f \u043a\u0443\u0440\u0442\u043a\u0430 Maier Lupus medieval blue \u0434\u043b\u044f \u0430\u043a\u0442\u0438\u0432\u043d\u043e\u0433\u043e \u043e\u0442\u0434\u044b\u0445\u0430, \u043f\u043e\u0445\u043e\u0434\u043e\u0432 \u0438 \u043f\u0443\u0442\u0435\u0448\u0435\u0441\u0442\u0432\u0438\u0439, \u043e\u0434\u0435\u0436\u0434\u0430 \u0438 \u043e\u0431\u0443\u0432\u044c \u0434\u043b\u044f \u0442\u0443\u0440\u0438\u0437\u043c\u0430 \u0438 \u0432\u043e\u0441\u0445\u043e\u0436\u0434\u0435\u043d\u0438\u044f\"},{\"@type\":\"BreadcrumbList\",\"@id\":\"https:\/\/xstyle.md\/product\/kurtka-maier-lupus-big\/#breadcrumb\",\"itemListElement\":[{\"@type\":\"ListItem\",\"position\":1,\"name\":\"\u0413\u043b\u0430\u0432\u043d\u0430\u044f \u0441\u0442\u0440\u0430\u043d\u0438\u0446\u0430\",\"item\":\"https:\/\/xstyle.md\/\"},{\"@type\":\"ListItem\",\"position\":2,\"name\":\"\u041c\u0430\u0433\u0430\u0437\u0438\u043d\",\"item\":\"https:\/\/xstyle.md\/shop\/\"},{\"@type\":\"ListItem\",\"position\":3,\"name\":\"\u041a\u0443\u0440\u0442\u043a\u0430 Maier Lupus medieval blue Big\"}]},{\"@type\":\"WebSite\",\"@id\":\"https:\/\/xstyle.md\/#website\",\"url\":\"https:\/\/xstyle.md\/\",\"name\":\"\u041c\u0430\u0433\u0430\u0437\u0438\u043d Xstyle\",\"description\":\"C\u043d\u0430\u0440\u044f\u0436\u0435\u043d\u0438\u0435 \u0434\u043b\u044f \u0442\u0443\u0440\u0438\u0437\u043c\u0430 \u0438 \u044d\u043a\u0441\u0442\u0440\u0435\u043c\u0430\u043b\u044c\u043d\u044b\u0445 \u0432\u0438\u0434\u043e\u0432 \u0441\u043f\u043e\u0440\u0442\u0430 \u0432 \u041c\u043e\u043b\u0434\u043e\u0432\u0435.. \u0426\u0435\u043d\u044b, \u0444\u043e\u0442\u043e, \u0445\u0430\u0440\u0430\u043a\u0442\u0435\u0440\u0438\u0441\u0442\u0438\u043a\u0438 \u0432 \u041c\u043e\u043b\u0434\u043e\u0432\u0435.\",\"publisher\":{\"@id\":\"https:\/\/xstyle.md\/#organization\"},\"alternateName\":\"X-Style\",\"potentialAction\":[{\"@type\":\"SearchAction\",\"target\":{\"@type\":\"EntryPoint\",\"urlTemplate\":\"https:\/\/xstyle.md\/?s={search_term_string}\"},\"query-input\":{\"@type\":\"PropertyValueSpecification\",\"valueRequired\":true,\"valueName\":\"search_term_string\"}}],\"inLanguage\":\"ro-RO\"},{\"@type\":\"Organization\",\"@id\":\"https:\/\/xstyle.md\/#organization\",\"name\":\"\u041c\u0430\u0433\u0430\u0437\u0438\u043d Xstyle\",\"alternateName\":\"x-style\",\"url\":\"https:\/\/xstyle.md\/\",\"logo\":{\"@type\":\"ImageObject\",\"inLanguage\":\"ro-RO\",\"@id\":\"https:\/\/xstyle.md\/#\/schema\/logo\/image\/\",\"url\":\"https:\/\/xstyle.md\/wp-content\/uploads\/2020\/06\/logoicon.svg\",\"contentUrl\":\"https:\/\/xstyle.md\/wp-content\/uploads\/2020\/06\/logoicon.svg\",\"caption\":\"\u041c\u0430\u0433\u0430\u0437\u0438\u043d Xstyle\"},\"image\":{\"@id\":\"https:\/\/xstyle.md\/#\/schema\/logo\/image\/\"},\"sameAs\":[\"https:\/\/www.facebook.com\/xstylemd\",\"https:\/\/www.instagram.com\/xstyle_md\/\",\"https:\/\/t.me\/xstyle_outdoor\"],\"hasMerchantReturnPolicy\":{\"@type\":\"MerchantReturnPolicy\",\"merchantReturnLink\":\"https:\/\/xstyle.md\/ro\/conditions\/\"}}]}<\/script>\n<meta property=\"product:price:amount\" content=\"2745.00\" \/>\n<meta property=\"product:price:currency\" content=\"MDL\" \/>\n<meta property=\"og:availability\" content=\"instock\" \/>\n<meta property=\"product:availability\" content=\"instock\" \/>\n<meta property=\"product:retailer_item_id\" content=\"4056286144811\" \/>\n<meta property=\"product:condition\" content=\"new\" \/>\n<!-- \/ Yoast SEO plugin. -->","yoast_head_json":{"title":"Geac\u0103 Maier Lupus Medieval Blue Big - Magazin Xstyle","description":"Jacheta Maier Lupus medieval blue Big \u2013 alegerea ideal\u0103 pentru sporturile de iarn\u0103. Material elastic, potrivire excelent\u0103 \u0219i culori atr\u0103g\u0103toare pentru stilul t\u0103u.","robots":{"index":"index","follow":"follow","max-snippet":"max-snippet:-1","max-image-preview":"max-image-preview:large","max-video-preview":"max-video-preview:-1"},"canonical":"https:\/\/xstyle.md\/ro\/produs\/kurtka-maier-lupus-big\/","og_locale":"ro_RO","og_type":"article","og_title":"\u041a\u0443\u0440\u0442\u043a\u0430 Maier Lupus medieval blue Big - \u041c\u0430\u0433\u0430\u0437\u0438\u043d Xstyle","og_description":"\u041a\u0443\u0440\u0442\u043a\u0430 Maier Lupus medieval blue Big \u2013 \u0438\u0434\u0435\u0430\u043b\u044c\u043d\u044b\u0439 \u0432\u044b\u0431\u043e\u0440 \u0434\u043b\u044f \u0437\u0438\u043c\u043d\u0438\u0445 \u0432\u0438\u0434\u043e\u0432 \u0441\u043f\u043e\u0440\u0442\u0430. \u042d\u043b\u0430\u0441\u0442\u0438\u0447\u043d\u044b\u0439 \u043c\u0430\u0442\u0435\u0440\u0438\u0430\u043b, \u043e\u0442\u043b\u0438\u0447\u043d\u0430\u044f \u043f\u043e\u0441\u0430\u0434\u043a\u0430 \u0438 \u043f\u0440\u0438\u0432\u043b\u0435\u043a\u0430\u044e\u0449\u0438\u0435 \u0446\u0432\u0435\u0442\u0430 \u0434\u043b\u044f \u0432\u0430\u0448\u0435\u0433\u043e \u0441\u0442\u0438\u043b\u044f.","og_url":"https:\/\/xstyle.md\/ro\/produs\/kurtka-maier-lupus-big\/","og_site_name":"\u041c\u0430\u0433\u0430\u0437\u0438\u043d Xstyle","article_publisher":"https:\/\/www.facebook.com\/xstylemd","article_modified_time":"2026-04-08T08:15:51+00:00","og_image":[{"width":570,"height":648,"url":"https:\/\/xstyle.md\/wp-content\/uploads\/2020\/07\/maier-lupus-medieval-blue-big.jpg","type":"image\/jpeg"}],"twitter_card":"summary_large_image","twitter_misc":{"Pre\u021b":"2.745&nbsp;MDL","Disponibilitate":"\u00cen stoc"},"schema":{"@context":"https:\/\/schema.org","@graph":[{"@type":"WebPage","@id":"https:\/\/xstyle.md\/product\/kurtka-maier-lupus-big\/","url":"https:\/\/xstyle.md\/product\/kurtka-maier-lupus-big\/","name":"Geac\u0103 Maier Lupus Medieval Blue Big - Magazin Xstyle","isPartOf":{"@id":"https:\/\/xstyle.md\/#website"},"primaryImageOfPage":{"@id":"https:\/\/xstyle.md\/product\/kurtka-maier-lupus-big\/#primaryimage"},"image":{"@id":"https:\/\/xstyle.md\/product\/kurtka-maier-lupus-big\/#primaryimage"},"thumbnailUrl":"https:\/\/xstyle.md\/wp-content\/uploads\/2020\/07\/maier-lupus-medieval-blue-big.jpg","datePublished":"2020-07-17T06:51:09+00:00","dateModified":"2026-04-08T08:15:51+00:00","description":"Jacheta Maier Lupus medieval blue Big \u2013 alegerea ideal\u0103 pentru sporturile de iarn\u0103. Material elastic, potrivire excelent\u0103 \u0219i culori atr\u0103g\u0103toare pentru stilul t\u0103u.","breadcrumb":{"@id":"https:\/\/xstyle.md\/product\/kurtka-maier-lupus-big\/#breadcrumb"},"inLanguage":"ro-RO","potentialAction":[{"@type":"ReadAction","target":["https:\/\/xstyle.md\/product\/kurtka-maier-lupus-big\/"]}]},{"@type":"ImageObject","inLanguage":"ro-RO","@id":"https:\/\/xstyle.md\/product\/kurtka-maier-lupus-big\/#primaryimage","url":"https:\/\/xstyle.md\/wp-content\/uploads\/2020\/07\/maier-lupus-medieval-blue-big.jpg","contentUrl":"https:\/\/xstyle.md\/wp-content\/uploads\/2020\/07\/maier-lupus-medieval-blue-big.jpg","width":570,"height":648,"caption":"\u0420\u043e\u0437\u043e\u0432\u0430\u044f \u043a\u0443\u0440\u0442\u043a\u0430 Maier Lupus medieval blue \u0434\u043b\u044f \u0430\u043a\u0442\u0438\u0432\u043d\u043e\u0433\u043e \u043e\u0442\u0434\u044b\u0445\u0430, \u043f\u043e\u0445\u043e\u0434\u043e\u0432 \u0438 \u043f\u0443\u0442\u0435\u0448\u0435\u0441\u0442\u0432\u0438\u0439, \u043e\u0434\u0435\u0436\u0434\u0430 \u0438 \u043e\u0431\u0443\u0432\u044c \u0434\u043b\u044f \u0442\u0443\u0440\u0438\u0437\u043c\u0430 \u0438 \u0432\u043e\u0441\u0445\u043e\u0436\u0434\u0435\u043d\u0438\u044f"},{"@type":"BreadcrumbList","@id":"https:\/\/xstyle.md\/product\/kurtka-maier-lupus-big\/#breadcrumb","itemListElement":[{"@type":"ListItem","position":1,"name":"\u0413\u043b\u0430\u0432\u043d\u0430\u044f \u0441\u0442\u0440\u0430\u043d\u0438\u0446\u0430","item":"https:\/\/xstyle.md\/"},{"@type":"ListItem","position":2,"name":"\u041c\u0430\u0433\u0430\u0437\u0438\u043d","item":"https:\/\/xstyle.md\/shop\/"},{"@type":"ListItem","position":3,"name":"\u041a\u0443\u0440\u0442\u043a\u0430 Maier Lupus medieval blue Big"}]},{"@type":"WebSite","@id":"https:\/\/xstyle.md\/#website","url":"https:\/\/xstyle.md\/","name":"Magazinul X-Style","description":"Echipamente pentru turism \u0219i sporturi extreme \u00een Moldova. Pre\u021buri, fotografii, caracteristici \u00een Moldova.","publisher":{"@id":"https:\/\/xstyle.md\/#organization"},"alternateName":"X-Style","potentialAction":[{"@type":"SearchAction","target":{"@type":"EntryPoint","urlTemplate":"https:\/\/xstyle.md\/?s={search_term_string}"},"query-input":{"@type":"PropertyValueSpecification","valueRequired":true,"valueName":"search_term_string"}}],"inLanguage":"ro-RO"},{"@type":"Organization","@id":"https:\/\/xstyle.md\/#organization","name":"Magazinul X-Style","alternateName":"x-style","url":"https:\/\/xstyle.md\/","logo":{"@type":"ImageObject","inLanguage":"ro-RO","@id":"https:\/\/xstyle.md\/#\/schema\/logo\/image\/","url":"https:\/\/xstyle.md\/wp-content\/uploads\/2020\/06\/logoicon.svg","contentUrl":"https:\/\/xstyle.md\/wp-content\/uploads\/2020\/06\/logoicon.svg","caption":"\u041c\u0430\u0433\u0430\u0437\u0438\u043d Xstyle"},"image":{"@id":"https:\/\/xstyle.md\/#\/schema\/logo\/image\/"},"sameAs":["https:\/\/www.facebook.com\/xstylemd","https:\/\/www.instagram.com\/xstyle_md\/","https:\/\/t.me\/xstyle_outdoor"],"hasMerchantReturnPolicy":{"@type":"MerchantReturnPolicy","merchantReturnLink":"https:\/\/xstyle.md\/ro\/conditions\/"}}]},"product_price_amount":"2745.00","product_price_currency":"MDL","og_availability":"instock","product_availability":"instock","product_retailer_item_id":"4056286144811","product_condition":"new"},"post_mailing_queue_ids":[],"_links":{"self":[{"href":"https:\/\/xstyle.md\/ro\/wp-json\/wp\/v2\/product\/10032","targetHints":{"allow":["GET"]}}],"collection":[{"href":"https:\/\/xstyle.md\/ro\/wp-json\/wp\/v2\/product"}],"about":[{"href":"https:\/\/xstyle.md\/ro\/wp-json\/wp\/v2\/types\/product"}],"replies":[{"embeddable":true,"href":"https:\/\/xstyle.md\/ro\/wp-json\/wp\/v2\/comments?post=10032"}],"wp:featuredmedia":[{"embeddable":true,"href":"https:\/\/xstyle.md\/ro\/wp-json\/wp\/v2\/media\/51966"}],"wp:attachment":[{"href":"https:\/\/xstyle.md\/ro\/wp-json\/wp\/v2\/media?parent=10032"}],"wp:term":[{"taxonomy":"product_brand","embeddable":true,"href":"https:\/\/xstyle.md\/ro\/wp-json\/wp\/v2\/product_brand?post=10032"},{"taxonomy":"product_cat","embeddable":true,"href":"https:\/\/xstyle.md\/ro\/wp-json\/wp\/v2\/product_cat?post=10032"},{"taxonomy":"product_tag","embeddable":true,"href":"https:\/\/xstyle.md\/ro\/wp-json\/wp\/v2\/product_tag?post=10032"}],"curies":[{"name":"wp","href":"https:\/\/api.w.org\/{rel}","templated":true}]}}