{"id":3,"date":"2020-02-19T15:09:21","date_gmt":"2020-02-19T12:09:21","guid":{"rendered":"https:\/\/xstyle.md\/?page_id=3"},"modified":"2023-09-21T10:59:37","modified_gmt":"2023-09-21T07:59:37","slug":"privacy-policy","status":"publish","type":"page","link":"https:\/\/xstyle.md\/ro\/privacy-policy\/","title":{"rendered":"Politica de Confiden\u021bialitate"},"content":{"rendered":"<p><strong>Politica de confiden\u021bialitate<\/strong><\/p>\n\n\n\n<p>\u00cen timp ce naviga\u021bi web-site-ul xstyle.md ne furniza\u021bi 2 tipuri de informa\u021bie: informa\u021bia personal\u0103 pe care o furniza\u021bi la momentul efectu\u0103rii cump\u0103r\u0103turilor (atunci, c\u00e2nd indica\u021bi datele personale despre numele, prenumele, adresa, num\u0103rul de telefon etc.) \u0219i informa\u021bia despre utilizarea site-ului nostru \u00een timp ce naviga\u021bi pe el (informa\u021bia se culege \u00een regimul independent cu ajutorul instrumentelor noastre de analizare.)<\/p>\n\n\n\n<p><strong>Informa\u021bia personal\u0103<\/strong><\/p>\n\n\n\n<p>Xstyle.md nu va transmite informa\u021bia furnizat\u0103 de dvs. c\u0103tre ter\u021bi. Datele dvs. se vor p\u0103stra confiden\u021bial \u0219i nu sunt supuse v\u00e2nz\u0103rii sau schimbului.&nbsp;<\/p>\n\n\n\n<p><strong>Informa\u021bia despre utilizarea web-site-ului<\/strong><\/p>\n\n\n\n<p>La fel ca \u0219i alte site-uri comerciale, site-ul xstyle.md utilizeaz\u0103 jurnale web pentru a colecta informa\u021bii despre modul \u00een care site-ul nostru este utilizat. Informa\u021biile colectate prin cookie-uri \u0219i jurnalele serverului web pot include data \u0219i ora vizitelor, paginile vizualizate, timpul petrecut pe site-ul nostru \u0219i site-urile vizitate chiar \u00eenainte \u0219i dup\u0103 site-ul nostru. Aceste informa\u021bii sunt colectate \u00een mod cumulativ. Niciuna dintre aceste informa\u021bii nu este asociat\u0103 cu dvs. fie ca persoan\u0103 fizic\u0103, fie ca utilizator individual.<\/p>\n\n\n\n<p><strong>Ce prezint\u0103 fi\u0219iere Cookies?<\/strong><\/p>\n\n\n\n<p>Fi\u0219iere cookies sunt fi\u0219ierele mici, ce se p\u0103streaz\u0103 \u00een memoria calculatorului dvs. \u00een timp ce naviga\u021bi pe web-site-ul nostru. Cu ajutorul informa\u021biei care se depoziteaz\u0103 \u00een aceste fi\u0219iere cookies site-ul nostru memorizeaz\u0103 preferin\u021bele dvs. c\u00e2nd v\u0103 \u00eentoarce\u021bi pe web-site. Astfel site-ul se adapteaz\u0103 mai bine nevoilor dvs.<\/p>\n\n\n\n<p>Dac\u0103 dori\u021bi sa deconecta\u021bi fi\u0219ierele cookies pute\u021bi s\u0103 modifica\u021bi set\u0103rile browser-ului dvs. Dar v\u0103 aducem la cuno\u0219tin\u021b\u0103, c\u0103 aceasta poate d\u0103una func\u021bion\u0103rii corecte a unor p\u0103r\u021bi importante a web-site-ului nostru. Aceasta poate d\u0103una la fel \u0219i furniz\u0103rii serviciilor noastre.<\/p>\n\n\n\n<p><strong>Utilizarea informa\u021biei de pe web-site<\/strong><\/p>\n\n\n\n<p>Con\u021binutul acestui site poate fi utilizat de dvs. doar \u00een scopuri personale, informative \u0219i\/sau necomerciale \u0219i nu poate fi modificat de dvs. \u00een nici un fel. Cu excep\u021bia cazurilor men\u021bionate direct \u00een acest document, nu ave\u021bi dreptul s\u0103 utiliza\u021bi, s\u0103 \u00eenc\u0103rca\u021bi, s\u0103 publica\u021bi, s\u0103 copia\u021bi, s\u0103 tip\u0103ri\u021bi, s\u0103 afi\u0219a\u021bi, s\u0103 efectua\u021bi, s\u0103 reproduce\u021bi, s\u0103 licen\u021bia\u021bi, s\u0103 transmite\u021bi sau s\u0103 distribui\u021bi toate informa\u021biile din acest site integral sau par\u021bial f\u0103r\u0103 consim\u021b\u0103m\u00e2ntul prealabil scris al site-ului xstyle.md.<\/p>\n\n\n\n<p><strong>Acord<\/strong><\/p>\n\n\n\n<p>Prin utilizarea site-ului xstyle.md sunte\u021bi de acord \u00een mod automat cu colectarea \u0219i utilizarea informa\u021biilor personale, a\u0219a cum este descris \u00een aceast\u0103 politic\u0103 de confiden\u021bialitate. Dac\u0103 ne schimb\u0103m politicile \u0219i procedurile de confiden\u021bialitate, vom posta aceste modific\u0103ri pe site-ul nostru, astfel \u00eenc\u00e2t s\u0103 \u0219ti\u021bi ce informa\u021bii colect\u0103m, cum le folosim \u0219i \u00een ce circumstan\u021be le putem dezv\u0103lui. Dac\u0103 nu sunte\u021bi de acord cu aceste modific\u0103ri, singurul remediu este s\u0103 opri\u021bi utilizarea site-ului xstyle.md.<\/p>","protected":false},"excerpt":{"rendered":"<p>Politica de confiden\u021bialitate \u00cen timp ce naviga\u021bi web-site-ul xstyle.md ne furniza\u021bi 2 tipuri de informa\u021bie: informa\u021bia personal\u0103 pe care o furniza\u021bi la momentul efectu\u0103rii cump\u0103r\u0103turilor (atunci, c\u00e2nd indica\u021bi datele personale despre numele, prenumele, adresa, num\u0103rul de telefon etc.) \u0219i informa\u021bia despre utilizarea site-ului nostru \u00een timp ce naviga\u021bi pe el (informa\u021bia se culege \u00een regimul [&hellip;]<\/p>\n","protected":false},"author":1,"featured_media":0,"parent":0,"menu_order":0,"comment_status":"closed","ping_status":"open","template":"","meta":{"_acf_changed":false,"inline_featured_image":false,"footnotes":""},"class_list":["post-3","page","type-page","status-publish","hentry"],"acf":[],"yoast_head":"<!-- This site is optimized with the Yoast SEO plugin v27.2 - https:\/\/yoast.com\/product\/yoast-seo-wordpress\/ -->\n<title>Politica de Confiden\u021bialitate - \u041c\u0430\u0433\u0430\u0437\u0438\u043d Xstyle<\/title>\n<meta name=\"robots\" content=\"index, follow, max-snippet:-1, max-image-preview:large, max-video-preview:-1\" \/>\n<link rel=\"canonical\" href=\"https:\/\/xstyle.md\/ro\/privacy-policy\/\" \/>\n<meta property=\"og:locale\" content=\"ro_RO\" \/>\n<meta property=\"og:type\" content=\"article\" \/>\n<meta property=\"og:title\" content=\"Politica de Confiden\u021bialitate - \u041c\u0430\u0433\u0430\u0437\u0438\u043d Xstyle\" \/>\n<meta property=\"og:description\" content=\"Politica de confiden\u021bialitate \u00cen timp ce naviga\u021bi web-site-ul xstyle.md ne furniza\u021bi 2 tipuri de informa\u021bie: informa\u021bia personal\u0103 pe care o furniza\u021bi la momentul efectu\u0103rii cump\u0103r\u0103turilor (atunci, c\u00e2nd indica\u021bi datele personale despre numele, prenumele, adresa, num\u0103rul de telefon etc.) \u0219i informa\u021bia despre utilizarea site-ului nostru \u00een timp ce naviga\u021bi pe el (informa\u021bia se culege \u00een regimul [&hellip;]\" \/>\n<meta property=\"og:url\" content=\"https:\/\/xstyle.md\/ro\/privacy-policy\/\" \/>\n<meta property=\"og:site_name\" content=\"\u041c\u0430\u0433\u0430\u0437\u0438\u043d Xstyle\" \/>\n<meta property=\"article:publisher\" content=\"https:\/\/www.facebook.com\/xstylemd\" \/>\n<meta property=\"article:modified_time\" content=\"2023-09-21T07:59:37+00:00\" \/>\n<meta name=\"twitter:card\" content=\"summary_large_image\" \/>\n<meta name=\"twitter:label1\" content=\"Timp estimat pentru citire\" \/>\n\t<meta name=\"twitter:data1\" content=\"3 minute\" \/>\n<script type=\"application\/ld+json\" class=\"yoast-schema-graph\">{\"@context\":\"https:\/\/schema.org\",\"@graph\":[{\"@type\":\"WebPage\",\"@id\":\"https:\/\/xstyle.md\/privacy-policy\/\",\"url\":\"https:\/\/xstyle.md\/privacy-policy\/\",\"name\":\"Politica de Confiden\u021bialitate - \u041c\u0430\u0433\u0430\u0437\u0438\u043d Xstyle\",\"isPartOf\":{\"@id\":\"https:\/\/xstyle.md\/#website\"},\"datePublished\":\"2020-02-19T12:09:21+00:00\",\"dateModified\":\"2023-09-21T07:59:37+00:00\",\"breadcrumb\":{\"@id\":\"https:\/\/xstyle.md\/privacy-policy\/#breadcrumb\"},\"inLanguage\":\"ro-RO\",\"potentialAction\":[{\"@type\":\"ReadAction\",\"target\":[\"https:\/\/xstyle.md\/privacy-policy\/\"]}]},{\"@type\":\"BreadcrumbList\",\"@id\":\"https:\/\/xstyle.md\/privacy-policy\/#breadcrumb\",\"itemListElement\":[{\"@type\":\"ListItem\",\"position\":1,\"name\":\"\u0413\u043b\u0430\u0432\u043d\u0430\u044f \u0441\u0442\u0440\u0430\u043d\u0438\u0446\u0430\",\"item\":\"https:\/\/xstyle.md\/\"},{\"@type\":\"ListItem\",\"position\":2,\"name\":\"Politica de Confiden\u021bialitate\"}]},{\"@type\":\"WebSite\",\"@id\":\"https:\/\/xstyle.md\/#website\",\"url\":\"https:\/\/xstyle.md\/\",\"name\":\"\u041c\u0430\u0433\u0430\u0437\u0438\u043d Xstyle\",\"description\":\"C\u043d\u0430\u0440\u044f\u0436\u0435\u043d\u0438\u0435 \u0434\u043b\u044f \u0442\u0443\u0440\u0438\u0437\u043c\u0430 \u0438 \u044d\u043a\u0441\u0442\u0440\u0435\u043c\u0430\u043b\u044c\u043d\u044b\u0445 \u0432\u0438\u0434\u043e\u0432 \u0441\u043f\u043e\u0440\u0442\u0430 \u0432 \u041c\u043e\u043b\u0434\u043e\u0432\u0435.. \u0426\u0435\u043d\u044b, \u0444\u043e\u0442\u043e, \u0445\u0430\u0440\u0430\u043a\u0442\u0435\u0440\u0438\u0441\u0442\u0438\u043a\u0438 \u0432 \u041c\u043e\u043b\u0434\u043e\u0432\u0435.\",\"publisher\":{\"@id\":\"https:\/\/xstyle.md\/#organization\"},\"alternateName\":\"X-Style\",\"potentialAction\":[{\"@type\":\"SearchAction\",\"target\":{\"@type\":\"EntryPoint\",\"urlTemplate\":\"https:\/\/xstyle.md\/?s={search_term_string}\"},\"query-input\":{\"@type\":\"PropertyValueSpecification\",\"valueRequired\":true,\"valueName\":\"search_term_string\"}}],\"inLanguage\":\"ro-RO\"},{\"@type\":\"Organization\",\"@id\":\"https:\/\/xstyle.md\/#organization\",\"name\":\"\u041c\u0430\u0433\u0430\u0437\u0438\u043d Xstyle\",\"alternateName\":\"x-style\",\"url\":\"https:\/\/xstyle.md\/\",\"logo\":{\"@type\":\"ImageObject\",\"inLanguage\":\"ro-RO\",\"@id\":\"https:\/\/xstyle.md\/#\/schema\/logo\/image\/\",\"url\":\"https:\/\/xstyle.md\/wp-content\/uploads\/2020\/06\/logoicon.svg\",\"contentUrl\":\"https:\/\/xstyle.md\/wp-content\/uploads\/2020\/06\/logoicon.svg\",\"caption\":\"\u041c\u0430\u0433\u0430\u0437\u0438\u043d Xstyle\"},\"image\":{\"@id\":\"https:\/\/xstyle.md\/#\/schema\/logo\/image\/\"},\"sameAs\":[\"https:\/\/www.facebook.com\/xstylemd\",\"https:\/\/www.instagram.com\/xstyle_md\/\",\"https:\/\/t.me\/xstyle_outdoor\"],\"hasMerchantReturnPolicy\":{\"@type\":\"MerchantReturnPolicy\",\"merchantReturnLink\":\"https:\/\/xstyle.md\/ro\/conditions\/\"}}]}<\/script>\n<!-- \/ Yoast SEO plugin. -->","yoast_head_json":{"title":"Politica de Confiden\u021bialitate - \u041c\u0430\u0433\u0430\u0437\u0438\u043d Xstyle","robots":{"index":"index","follow":"follow","max-snippet":"max-snippet:-1","max-image-preview":"max-image-preview:large","max-video-preview":"max-video-preview:-1"},"canonical":"https:\/\/xstyle.md\/ro\/privacy-policy\/","og_locale":"ro_RO","og_type":"article","og_title":"Politica de Confiden\u021bialitate - \u041c\u0430\u0433\u0430\u0437\u0438\u043d Xstyle","og_description":"Politica de confiden\u021bialitate \u00cen timp ce naviga\u021bi web-site-ul xstyle.md ne furniza\u021bi 2 tipuri de informa\u021bie: informa\u021bia personal\u0103 pe care o furniza\u021bi la momentul efectu\u0103rii cump\u0103r\u0103turilor (atunci, c\u00e2nd indica\u021bi datele personale despre numele, prenumele, adresa, num\u0103rul de telefon etc.) \u0219i informa\u021bia despre utilizarea site-ului nostru \u00een timp ce naviga\u021bi pe el (informa\u021bia se culege \u00een regimul [&hellip;]","og_url":"https:\/\/xstyle.md\/ro\/privacy-policy\/","og_site_name":"\u041c\u0430\u0433\u0430\u0437\u0438\u043d Xstyle","article_publisher":"https:\/\/www.facebook.com\/xstylemd","article_modified_time":"2023-09-21T07:59:37+00:00","twitter_card":"summary_large_image","twitter_misc":{"Timp estimat pentru citire":"3 minute"},"schema":{"@context":"https:\/\/schema.org","@graph":[{"@type":"WebPage","@id":"https:\/\/xstyle.md\/privacy-policy\/","url":"https:\/\/xstyle.md\/privacy-policy\/","name":"Politica de Confiden\u021bialitate - \u041c\u0430\u0433\u0430\u0437\u0438\u043d Xstyle","isPartOf":{"@id":"https:\/\/xstyle.md\/#website"},"datePublished":"2020-02-19T12:09:21+00:00","dateModified":"2023-09-21T07:59:37+00:00","breadcrumb":{"@id":"https:\/\/xstyle.md\/privacy-policy\/#breadcrumb"},"inLanguage":"ro-RO","potentialAction":[{"@type":"ReadAction","target":["https:\/\/xstyle.md\/privacy-policy\/"]}]},{"@type":"BreadcrumbList","@id":"https:\/\/xstyle.md\/privacy-policy\/#breadcrumb","itemListElement":[{"@type":"ListItem","position":1,"name":"\u0413\u043b\u0430\u0432\u043d\u0430\u044f \u0441\u0442\u0440\u0430\u043d\u0438\u0446\u0430","item":"https:\/\/xstyle.md\/"},{"@type":"ListItem","position":2,"name":"Politica de Confiden\u021bialitate"}]},{"@type":"WebSite","@id":"https:\/\/xstyle.md\/#website","url":"https:\/\/xstyle.md\/","name":"Magazinul X-Style","description":"Echipamente pentru turism \u0219i sporturi extreme \u00een Moldova. Pre\u021buri, fotografii, caracteristici \u00een Moldova.","publisher":{"@id":"https:\/\/xstyle.md\/#organization"},"alternateName":"X-Style","potentialAction":[{"@type":"SearchAction","target":{"@type":"EntryPoint","urlTemplate":"https:\/\/xstyle.md\/?s={search_term_string}"},"query-input":{"@type":"PropertyValueSpecification","valueRequired":true,"valueName":"search_term_string"}}],"inLanguage":"ro-RO"},{"@type":"Organization","@id":"https:\/\/xstyle.md\/#organization","name":"Magazinul X-Style","alternateName":"x-style","url":"https:\/\/xstyle.md\/","logo":{"@type":"ImageObject","inLanguage":"ro-RO","@id":"https:\/\/xstyle.md\/#\/schema\/logo\/image\/","url":"https:\/\/xstyle.md\/wp-content\/uploads\/2020\/06\/logoicon.svg","contentUrl":"https:\/\/xstyle.md\/wp-content\/uploads\/2020\/06\/logoicon.svg","caption":"\u041c\u0430\u0433\u0430\u0437\u0438\u043d Xstyle"},"image":{"@id":"https:\/\/xstyle.md\/#\/schema\/logo\/image\/"},"sameAs":["https:\/\/www.facebook.com\/xstylemd","https:\/\/www.instagram.com\/xstyle_md\/","https:\/\/t.me\/xstyle_outdoor"],"hasMerchantReturnPolicy":{"@type":"MerchantReturnPolicy","merchantReturnLink":"https:\/\/xstyle.md\/ro\/conditions\/"}}]}},"post_mailing_queue_ids":[],"_links":{"self":[{"href":"https:\/\/xstyle.md\/ro\/wp-json\/wp\/v2\/pages\/3","targetHints":{"allow":["GET"]}}],"collection":[{"href":"https:\/\/xstyle.md\/ro\/wp-json\/wp\/v2\/pages"}],"about":[{"href":"https:\/\/xstyle.md\/ro\/wp-json\/wp\/v2\/types\/page"}],"author":[{"embeddable":true,"href":"https:\/\/xstyle.md\/ro\/wp-json\/wp\/v2\/users\/1"}],"replies":[{"embeddable":true,"href":"https:\/\/xstyle.md\/ro\/wp-json\/wp\/v2\/comments?post=3"}],"version-history":[{"count":0,"href":"https:\/\/xstyle.md\/ro\/wp-json\/wp\/v2\/pages\/3\/revisions"}],"wp:attachment":[{"href":"https:\/\/xstyle.md\/ro\/wp-json\/wp\/v2\/media?parent=3"}],"curies":[{"name":"wp","href":"https:\/\/api.w.org\/{rel}","templated":true}]}}