{"id":23867,"date":"2020-08-04T12:34:10","date_gmt":"2020-08-04T09:34:10","guid":{"rendered":"https:\/\/xstyle.md\/?page_id=23867"},"modified":"2023-06-26T15:06:42","modified_gmt":"2023-06-26T12:06:42","slug":"gift-certificates","status":"publish","type":"page","link":"https:\/\/xstyle.md\/ro\/gift-certificates\/","title":{"rendered":"Certificate cadou"},"content":{"rendered":"<br \/>\n<\/p>\n\n\n\n<p>Ave\u021bi nevoie de un cadou bun?<\/p>\n\n\n\n<p>Nu este u\u0219or s\u0103 alegi exact ceea ce ai nevoie \u0219i ceea ce \u00ee\u021bi place, mai ales pentru persoanele active, sportive \u0219i entuziaste. Nu cunoa\u0219te\u021bi m\u0103rimea, nu sunte\u021bi sigur dac\u0103 pute\u021bi ghici preferin\u021bele? Un voucher cadou v\u0103 poate ajuta!<\/p>\n\n\n\n<div class=\"wp-block-columns is-layout-flex wp-container-core-columns-is-layout-9d6595d7 wp-block-columns-is-layout-flex\">\n<div class=\"wp-block-column is-layout-flow wp-block-column-is-layout-flow\">\n<p>Un cadou minunat pentru zile de na\u0219tere, pentru orice alt\u0103 s\u0103rb\u0103toare, pentru a spune \u201cmul\u021bumesc\u201d sau ca bonus pentru colegii de munc\u0103.<\/p>\n\n\n\n<p>La noi pute\u021bi cump\u0103ra un voucher cadou pentru orice sum\u0103 \u0219i pentru orice produs: trebuie doar s\u0103 ne suna\u021bi \u00een prealabil (telefon 022 210 053, 060 798 098) \u0219i s\u0103 comanda\u021bi un certificat.<\/p>\n\n\n\n<p>Aduce\u021bi bucuria cump\u0103r\u0103turilor persoanei, c\u0103reia dori\u021bi s\u0103 \u00eei oferi\u021bi un cadou<\/p>\n\n\n\n<p><\/p>\n<\/div>\n\n\n\n<div class=\"wp-block-column is-vertically-aligned-top is-layout-flow wp-block-column-is-layout-flow\"><div class=\"wp-block-image\">\n<figure class=\"aligncenter size-medium\"><img decoding=\"async\" width=\"480\" height=\"252\" src=\"https:\/\/xstyle.md\/wp-content\/uploads\/2020\/08\/gift_new-1-480x252.jpg\" alt=\"\" class=\"wp-image-23869\" srcset=\"https:\/\/xstyle.md\/wp-content\/uploads\/2020\/08\/gift_new-1-480x252.jpg 480w, https:\/\/xstyle.md\/wp-content\/uploads\/2020\/08\/gift_new-1-220x116.jpg 220w, https:\/\/xstyle.md\/wp-content\/uploads\/2020\/08\/gift_new-1-75x39.jpg 75w, https:\/\/xstyle.md\/wp-content\/uploads\/2020\/08\/gift_new-1-500x263.jpg 500w, https:\/\/xstyle.md\/wp-content\/uploads\/2020\/08\/gift_new-1-64x34.jpg 64w, https:\/\/xstyle.md\/wp-content\/uploads\/2020\/08\/gift_new-1-36x19.jpg 36w, https:\/\/xstyle.md\/wp-content\/uploads\/2020\/08\/gift_new-1.jpg 565w\" sizes=\"(max-width: 480px) 100vw, 480px\" \/><\/figure>\n<\/div><\/div>\n<\/div>\n\n\n<p><\/p>","protected":false},"excerpt":{"rendered":"","protected":false},"author":1,"featured_media":0,"parent":0,"menu_order":0,"comment_status":"closed","ping_status":"closed","template":"","meta":{"_acf_changed":false,"inline_featured_image":false,"footnotes":""},"class_list":["post-23867","page","type-page","status-publish","hentry"],"acf":[],"yoast_head":"<!-- This site is optimized with the Yoast SEO plugin v27.2 - https:\/\/yoast.com\/product\/yoast-seo-wordpress\/ -->\n<title>\u041f\u043e\u0434\u0430\u0440\u043e\u0447\u043d\u044b\u0435 \u0441\u0435\u0440\u0442\u0438\u0444\u0438\u043a\u0430\u0442\u044b - \u041c\u0430\u0433\u0430\u0437\u0438\u043d Xstyle<\/title>\n<meta name=\"robots\" content=\"index, follow, max-snippet:-1, max-image-preview:large, max-video-preview:-1\" \/>\n<link rel=\"canonical\" href=\"https:\/\/xstyle.md\/ro\/gift-certificates\/\" \/>\n<meta property=\"og:locale\" content=\"ro_RO\" \/>\n<meta property=\"og:type\" content=\"article\" \/>\n<meta property=\"og:title\" content=\"\u041f\u043e\u0434\u0430\u0440\u043e\u0447\u043d\u044b\u0435 \u0441\u0435\u0440\u0442\u0438\u0444\u0438\u043a\u0430\u0442\u044b - \u041c\u0430\u0433\u0430\u0437\u0438\u043d Xstyle\" \/>\n<meta property=\"og:url\" content=\"https:\/\/xstyle.md\/ro\/gift-certificates\/\" \/>\n<meta property=\"og:site_name\" content=\"\u041c\u0430\u0433\u0430\u0437\u0438\u043d Xstyle\" \/>\n<meta property=\"article:publisher\" content=\"https:\/\/www.facebook.com\/xstylemd\" \/>\n<meta property=\"article:modified_time\" content=\"2023-06-26T12:06:42+00:00\" \/>\n<meta property=\"og:image\" content=\"https:\/\/xstyle.md\/wp-content\/uploads\/2020\/08\/gift_new-1-480x252.jpg\" \/>\n<meta name=\"twitter:card\" content=\"summary_large_image\" \/>\n<meta name=\"twitter:label1\" content=\"Timp estimat pentru citire\" \/>\n\t<meta name=\"twitter:data1\" content=\"1 minut\" \/>\n<script type=\"application\/ld+json\" class=\"yoast-schema-graph\">{\"@context\":\"https:\/\/schema.org\",\"@graph\":[{\"@type\":\"WebPage\",\"@id\":\"https:\/\/xstyle.md\/gift-certificates\/\",\"url\":\"https:\/\/xstyle.md\/gift-certificates\/\",\"name\":\"\u041f\u043e\u0434\u0430\u0440\u043e\u0447\u043d\u044b\u0435 \u0441\u0435\u0440\u0442\u0438\u0444\u0438\u043a\u0430\u0442\u044b - \u041c\u0430\u0433\u0430\u0437\u0438\u043d Xstyle\",\"isPartOf\":{\"@id\":\"https:\/\/xstyle.md\/#website\"},\"primaryImageOfPage\":{\"@id\":\"https:\/\/xstyle.md\/gift-certificates\/#primaryimage\"},\"image\":{\"@id\":\"https:\/\/xstyle.md\/gift-certificates\/#primaryimage\"},\"thumbnailUrl\":\"https:\/\/xstyle.md\/wp-content\/uploads\/2020\/08\/gift_new-1-480x252.jpg\",\"datePublished\":\"2020-08-04T09:34:10+00:00\",\"dateModified\":\"2023-06-26T12:06:42+00:00\",\"breadcrumb\":{\"@id\":\"https:\/\/xstyle.md\/gift-certificates\/#breadcrumb\"},\"inLanguage\":\"ro-RO\",\"potentialAction\":[{\"@type\":\"ReadAction\",\"target\":[\"https:\/\/xstyle.md\/gift-certificates\/\"]}]},{\"@type\":\"ImageObject\",\"inLanguage\":\"ro-RO\",\"@id\":\"https:\/\/xstyle.md\/gift-certificates\/#primaryimage\",\"url\":\"https:\/\/xstyle.md\/wp-content\/uploads\/2020\/08\/gift_new-1-480x252.jpg\",\"contentUrl\":\"https:\/\/xstyle.md\/wp-content\/uploads\/2020\/08\/gift_new-1-480x252.jpg\"},{\"@type\":\"BreadcrumbList\",\"@id\":\"https:\/\/xstyle.md\/gift-certificates\/#breadcrumb\",\"itemListElement\":[{\"@type\":\"ListItem\",\"position\":1,\"name\":\"\u0413\u043b\u0430\u0432\u043d\u0430\u044f \u0441\u0442\u0440\u0430\u043d\u0438\u0446\u0430\",\"item\":\"https:\/\/xstyle.md\/\"},{\"@type\":\"ListItem\",\"position\":2,\"name\":\"\u041f\u043e\u0434\u0430\u0440\u043e\u0447\u043d\u044b\u0435 \u0441\u0435\u0440\u0442\u0438\u0444\u0438\u043a\u0430\u0442\u044b\"}]},{\"@type\":\"WebSite\",\"@id\":\"https:\/\/xstyle.md\/#website\",\"url\":\"https:\/\/xstyle.md\/\",\"name\":\"\u041c\u0430\u0433\u0430\u0437\u0438\u043d Xstyle\",\"description\":\"C\u043d\u0430\u0440\u044f\u0436\u0435\u043d\u0438\u0435 \u0434\u043b\u044f \u0442\u0443\u0440\u0438\u0437\u043c\u0430 \u0438 \u044d\u043a\u0441\u0442\u0440\u0435\u043c\u0430\u043b\u044c\u043d\u044b\u0445 \u0432\u0438\u0434\u043e\u0432 \u0441\u043f\u043e\u0440\u0442\u0430 \u0432 \u041c\u043e\u043b\u0434\u043e\u0432\u0435.. \u0426\u0435\u043d\u044b, \u0444\u043e\u0442\u043e, \u0445\u0430\u0440\u0430\u043a\u0442\u0435\u0440\u0438\u0441\u0442\u0438\u043a\u0438 \u0432 \u041c\u043e\u043b\u0434\u043e\u0432\u0435.\",\"publisher\":{\"@id\":\"https:\/\/xstyle.md\/#organization\"},\"alternateName\":\"X-Style\",\"potentialAction\":[{\"@type\":\"SearchAction\",\"target\":{\"@type\":\"EntryPoint\",\"urlTemplate\":\"https:\/\/xstyle.md\/?s={search_term_string}\"},\"query-input\":{\"@type\":\"PropertyValueSpecification\",\"valueRequired\":true,\"valueName\":\"search_term_string\"}}],\"inLanguage\":\"ro-RO\"},{\"@type\":\"Organization\",\"@id\":\"https:\/\/xstyle.md\/#organization\",\"name\":\"\u041c\u0430\u0433\u0430\u0437\u0438\u043d Xstyle\",\"alternateName\":\"x-style\",\"url\":\"https:\/\/xstyle.md\/\",\"logo\":{\"@type\":\"ImageObject\",\"inLanguage\":\"ro-RO\",\"@id\":\"https:\/\/xstyle.md\/#\/schema\/logo\/image\/\",\"url\":\"https:\/\/xstyle.md\/wp-content\/uploads\/2020\/06\/logoicon.svg\",\"contentUrl\":\"https:\/\/xstyle.md\/wp-content\/uploads\/2020\/06\/logoicon.svg\",\"caption\":\"\u041c\u0430\u0433\u0430\u0437\u0438\u043d Xstyle\"},\"image\":{\"@id\":\"https:\/\/xstyle.md\/#\/schema\/logo\/image\/\"},\"sameAs\":[\"https:\/\/www.facebook.com\/xstylemd\",\"https:\/\/www.instagram.com\/xstyle_md\/\",\"https:\/\/t.me\/xstyle_outdoor\"],\"hasMerchantReturnPolicy\":{\"@type\":\"MerchantReturnPolicy\",\"merchantReturnLink\":\"https:\/\/xstyle.md\/ro\/conditions\/\"}}]}<\/script>\n<!-- \/ Yoast SEO plugin. -->","yoast_head_json":{"title":"\u041f\u043e\u0434\u0430\u0440\u043e\u0447\u043d\u044b\u0435 \u0441\u0435\u0440\u0442\u0438\u0444\u0438\u043a\u0430\u0442\u044b - \u041c\u0430\u0433\u0430\u0437\u0438\u043d Xstyle","robots":{"index":"index","follow":"follow","max-snippet":"max-snippet:-1","max-image-preview":"max-image-preview:large","max-video-preview":"max-video-preview:-1"},"canonical":"https:\/\/xstyle.md\/ro\/gift-certificates\/","og_locale":"ro_RO","og_type":"article","og_title":"\u041f\u043e\u0434\u0430\u0440\u043e\u0447\u043d\u044b\u0435 \u0441\u0435\u0440\u0442\u0438\u0444\u0438\u043a\u0430\u0442\u044b - \u041c\u0430\u0433\u0430\u0437\u0438\u043d Xstyle","og_url":"https:\/\/xstyle.md\/ro\/gift-certificates\/","og_site_name":"\u041c\u0430\u0433\u0430\u0437\u0438\u043d Xstyle","article_publisher":"https:\/\/www.facebook.com\/xstylemd","article_modified_time":"2023-06-26T12:06:42+00:00","og_image":[{"url":"https:\/\/xstyle.md\/wp-content\/uploads\/2020\/08\/gift_new-1-480x252.jpg","type":"","width":"","height":""}],"twitter_card":"summary_large_image","twitter_misc":{"Timp estimat pentru citire":"1 minut"},"schema":{"@context":"https:\/\/schema.org","@graph":[{"@type":"WebPage","@id":"https:\/\/xstyle.md\/gift-certificates\/","url":"https:\/\/xstyle.md\/gift-certificates\/","name":"\u041f\u043e\u0434\u0430\u0440\u043e\u0447\u043d\u044b\u0435 \u0441\u0435\u0440\u0442\u0438\u0444\u0438\u043a\u0430\u0442\u044b - \u041c\u0430\u0433\u0430\u0437\u0438\u043d Xstyle","isPartOf":{"@id":"https:\/\/xstyle.md\/#website"},"primaryImageOfPage":{"@id":"https:\/\/xstyle.md\/gift-certificates\/#primaryimage"},"image":{"@id":"https:\/\/xstyle.md\/gift-certificates\/#primaryimage"},"thumbnailUrl":"https:\/\/xstyle.md\/wp-content\/uploads\/2020\/08\/gift_new-1-480x252.jpg","datePublished":"2020-08-04T09:34:10+00:00","dateModified":"2023-06-26T12:06:42+00:00","breadcrumb":{"@id":"https:\/\/xstyle.md\/gift-certificates\/#breadcrumb"},"inLanguage":"ro-RO","potentialAction":[{"@type":"ReadAction","target":["https:\/\/xstyle.md\/gift-certificates\/"]}]},{"@type":"ImageObject","inLanguage":"ro-RO","@id":"https:\/\/xstyle.md\/gift-certificates\/#primaryimage","url":"https:\/\/xstyle.md\/wp-content\/uploads\/2020\/08\/gift_new-1-480x252.jpg","contentUrl":"https:\/\/xstyle.md\/wp-content\/uploads\/2020\/08\/gift_new-1-480x252.jpg"},{"@type":"BreadcrumbList","@id":"https:\/\/xstyle.md\/gift-certificates\/#breadcrumb","itemListElement":[{"@type":"ListItem","position":1,"name":"\u0413\u043b\u0430\u0432\u043d\u0430\u044f \u0441\u0442\u0440\u0430\u043d\u0438\u0446\u0430","item":"https:\/\/xstyle.md\/"},{"@type":"ListItem","position":2,"name":"\u041f\u043e\u0434\u0430\u0440\u043e\u0447\u043d\u044b\u0435 \u0441\u0435\u0440\u0442\u0438\u0444\u0438\u043a\u0430\u0442\u044b"}]},{"@type":"WebSite","@id":"https:\/\/xstyle.md\/#website","url":"https:\/\/xstyle.md\/","name":"Magazinul X-Style","description":"Echipamente pentru turism \u0219i sporturi extreme \u00een Moldova. Pre\u021buri, fotografii, caracteristici \u00een Moldova.","publisher":{"@id":"https:\/\/xstyle.md\/#organization"},"alternateName":"X-Style","potentialAction":[{"@type":"SearchAction","target":{"@type":"EntryPoint","urlTemplate":"https:\/\/xstyle.md\/?s={search_term_string}"},"query-input":{"@type":"PropertyValueSpecification","valueRequired":true,"valueName":"search_term_string"}}],"inLanguage":"ro-RO"},{"@type":"Organization","@id":"https:\/\/xstyle.md\/#organization","name":"Magazinul X-Style","alternateName":"x-style","url":"https:\/\/xstyle.md\/","logo":{"@type":"ImageObject","inLanguage":"ro-RO","@id":"https:\/\/xstyle.md\/#\/schema\/logo\/image\/","url":"https:\/\/xstyle.md\/wp-content\/uploads\/2020\/06\/logoicon.svg","contentUrl":"https:\/\/xstyle.md\/wp-content\/uploads\/2020\/06\/logoicon.svg","caption":"\u041c\u0430\u0433\u0430\u0437\u0438\u043d Xstyle"},"image":{"@id":"https:\/\/xstyle.md\/#\/schema\/logo\/image\/"},"sameAs":["https:\/\/www.facebook.com\/xstylemd","https:\/\/www.instagram.com\/xstyle_md\/","https:\/\/t.me\/xstyle_outdoor"],"hasMerchantReturnPolicy":{"@type":"MerchantReturnPolicy","merchantReturnLink":"https:\/\/xstyle.md\/ro\/conditions\/"}}]}},"post_mailing_queue_ids":[],"_links":{"self":[{"href":"https:\/\/xstyle.md\/ro\/wp-json\/wp\/v2\/pages\/23867","targetHints":{"allow":["GET"]}}],"collection":[{"href":"https:\/\/xstyle.md\/ro\/wp-json\/wp\/v2\/pages"}],"about":[{"href":"https:\/\/xstyle.md\/ro\/wp-json\/wp\/v2\/types\/page"}],"author":[{"embeddable":true,"href":"https:\/\/xstyle.md\/ro\/wp-json\/wp\/v2\/users\/1"}],"replies":[{"embeddable":true,"href":"https:\/\/xstyle.md\/ro\/wp-json\/wp\/v2\/comments?post=23867"}],"version-history":[{"count":0,"href":"https:\/\/xstyle.md\/ro\/wp-json\/wp\/v2\/pages\/23867\/revisions"}],"wp:attachment":[{"href":"https:\/\/xstyle.md\/ro\/wp-json\/wp\/v2\/media?parent=23867"}],"curies":[{"name":"wp","href":"https:\/\/api.w.org\/{rel}","templated":true}]}}