{"id":23830,"date":"2020-08-04T11:21:34","date_gmt":"2020-08-04T08:21:34","guid":{"rendered":"https:\/\/xstyle.md\/?page_id=23830"},"modified":"2024-12-17T15:48:06","modified_gmt":"2024-12-17T12:48:06","slug":"ski-service","status":"publish","type":"page","link":"https:\/\/xstyle.md\/ro\/ski-service\/","title":{"rendered":"Service schi \u0219i snowboard \u00een Moldova"},"content":{"rendered":"<\/p>\n\n\n\n<h2 class=\"wp-block-heading\"><strong>Preg\u0103tirea \u0219i \u00eentre\u021binerea schiurilor \u0219i snowboardurilor la X-Style<\/strong><\/h2>\n\n\n\n<p>Centrul nostru de service ofer\u0103 servicii profesionale ce includ preg\u0103tirea echipamentului pentru sezon \u0219i conservarea acestuia.<\/p>\n\n\n\n<h4 class=\"wp-block-heading\"><strong>De ce s\u0103 alege\u021bi X-Style?<\/strong><\/h4>\n\n\n\n<ul class=\"wp-block-list\">\n<li>Utiliz\u0103m materiale de marc\u0103 Maplus (Italia).<\/li>\n\n\n\n<li>Speciali\u0219ti cu experien\u021b\u0103 garanteaz\u0103 calitate \u00eenalt\u0103.<\/li>\n\n\n\n<li>Sfaturile exper\u021bilor v\u0103 vor ajut\u0103 s\u0103 prelungi\u021bi durata de via\u021b\u0103 a schiurilor \u0219i snowboardurilor.<\/li>\n<\/ul>\n\n\n\n<h3 class=\"wp-block-heading\"><strong>Servicii:<\/strong><\/h3>\n\n\n\n<ul class=\"wp-block-list\">\n<li>Ascu\u021birea canturilor schiurilor \u0219i snowboardurilor pentru \u00eembun\u0103t\u0103\u021birea aderen\u021bei pe p\u00e2rtie.<\/li>\n\n\n\n<li>Aplicarea de parafin\u0103 pentru protec\u021bia suprafe\u021bei de alunecare \u0219i \u00eembun\u0103t\u0103\u021birea glis\u0103rii.<\/li>\n\n\n\n<li>\u0218lefuirea \u0219i repararea zg\u00e2rieturilor pentru restabilirea propriet\u0103\u021bilor func\u021bionale ale suprafe\u021bei de alunecare.<\/li>\n\n\n\n<li>Reglarea leg\u0103turilor conform parametrilor individuali.<\/li>\n\n\n\n<li>Conservarea schiurilor dup\u0103 sezon pentru p\u0103strarea \u00een stare ideal\u0103.<\/li>\n<\/ul>\n\n\n\n<p><strong><mark style=\"background-color:rgba(0, 0, 0, 0)\" class=\"has-inline-color has-vivid-red-color\">!<\/mark>&nbsp; <\/strong>Exper\u021bii vor stabili, dup\u0103 caz, posibilitatea repara\u021biei \u00een dependen\u021b\u0103 de starea echipamentului.<\/p>\n\n\n\n<h3 class=\"wp-block-heading\"><strong>Costuri \u0219i termene:<\/strong><\/h3>\n\n\n\n<p>\u2714 Interval de pre\u021b: de la 200 p\u00e2n\u0103 la 1000 MDL (\u00een func\u021bie de starea echipamentului).&nbsp;<\/p>\n\n\n\n<p>\u2714 Termen de execu\u021bie<strong>: 2-5&nbsp; zile lucr\u0103toare \u00een dependen\u021b\u0103 de volum, termenul de executare poate fi prelungit.<\/strong> Comenzi urgente (+50% la cost) \u2014 1 zi lucr\u0103toare.<\/p>\n\n\n\n<p><strong><a href=\"https:\/\/xstyle.md\/ro\/contact\/\"><mark style=\"background-color:rgba(0, 0, 0, 0)\" class=\"has-inline-color has-luminous-vivid-orange-color\">Programa\u021bi<\/mark><\/a> acum la schi service!<\/strong><\/p>\n\n\n\n<figure class=\"wp-block-image size-full\"><img decoding=\"async\" src=\"https:\/\/xstyle.md\/wp-content\/uploads\/2024\/11\/schi_servise_chisinau_lyzhnyj_servis_kishinyov_2.webp\" alt=\"\" class=\"wp-image-89803\"\/><\/figure>\n\n\n\n<h3 class=\"wp-block-heading\"><strong>Sfaturi ale exper\u021bilor pentru \u00eentre\u021binerea schiurilor \u0219i snowboardurilor<\/strong><\/h3>\n\n\n\n<ol class=\"wp-block-list\">\n<li><strong>Cur\u0103\u021bare dup\u0103 utilizare:<\/strong><\/li>\n<\/ol>\n\n\n\n<ul class=\"wp-block-list\">\n<li>Dup\u0103 schiat, \u00eendep\u0103rta\u021bi z\u0103pada \u0219i umezeala de pe schiuri \u0219i leg\u0103turi cu o c\u00e2rp\u0103 uscat\u0103 pentru a preveni coroziunea canturilor.<\/li>\n\n\n\n<li>Dac\u0103 schia\u021bi pe z\u0103pad\u0103 artificial\u0103, sp\u0103la\u021bi schiurile cu ap\u0103 cald\u0103, deoarece pe p\u00e2rtii pot fi folosite substan\u021be chimice care deterioreaz\u0103 suprafa\u021ba.<\/li>\n<\/ul>\n\n\n\n<p>2. <strong>Uscarea cl\u0103parilor:<\/strong><\/p>\n\n\n\n<ul class=\"wp-block-list\">\n<li>Scoate\u021bi linerul interior din cl\u0103pari \u0219i usca\u021bi-l \u00een condi\u021bii naturale (nu folosi\u021bi calorifere sau alte surse de c\u0103ldur\u0103 direct\u0103, deoarece pot deteriora materialul).<\/li>\n\n\n\n<li>Utiliza\u021bi <a href=\"https:\/\/xstyle.md\/ro\/category\/odezhda-i-obuv\/shoes\/shoe-accessories\/\"><mark style=\"background-color:rgba(0, 0, 0, 0)\" class=\"has-inline-color has-luminous-vivid-orange-color\">usc\u0103toare speciale cu ultraviolete<\/mark><\/a> \u2014 acestea nu doar usuc\u0103, ci \u0219i elimin\u0103 bacteriile.&nbsp; Vezi aici<\/li>\n<\/ul>\n\n\n\n<p>3. <strong>\u00centre\u021binerea suprafe\u021bei de alunecare:<\/strong><\/p>\n\n\n\n<ul class=\"wp-block-list\">\n<li>Aplica\u021bi acas\u0103, regulat, parafin\u0103 lichid\u0103 pentru \u00eentre\u021binerea de baz\u0103. Folosi\u021bi un burete sau o c\u00e2rp\u0103 moale pentru aplicare. Acest lucru previne uscarea suprafe\u021bei.<\/li>\n\n\n\n<li>Depozita\u021bi schiurile dup\u0103 ce aplica\u021bi stratul adi\u021bional de parafin\u0103 (proces de conservare).<\/li>\n<\/ul>\n\n\n\n<p>4. <strong>Depozitare corect\u0103:<\/strong><\/p>\n\n\n\n<ul class=\"wp-block-list\">\n<li>P\u0103stra\u021bi schiurile \u00een pozi\u021bie vertical\u0103 sau orizontal\u0103 pe o suprafa\u021b\u0103 plan\u0103. \u00centre schiuri pute\u021bi plasa un separator pentru a evita frecarea.<\/li>\n\n\n\n<li>Nu str\u00e2nge\u021bi schiurile prea tare cu curele, pentru a nu afecta geometria.<\/li>\n\n\n\n<li>Evita\u021bi spa\u021biile umede: depozita\u021bi echipamentul \u00eentr-un loc uscat, r\u0103coros, ferit de lumina direct\u0103 a soarelui \u0219i de surse de c\u0103ldur\u0103.<\/li>\n<\/ul>\n\n\n\n<p>5. <strong>Recomand\u0103ri pentru cl\u0103pari:<\/strong><\/p>\n\n\n\n<ul class=\"wp-block-list\">\n<li>Cur\u0103\u021ba\u021bi suprafa\u021ba cl\u0103parilor cu o perie moale \u0219i solu\u021bie de ap\u0103 cu s\u0103pun. Evita\u021bi detergen\u021bii abrazivi pentru a men\u021bine integritatea materialului.<\/li>\n\n\n\n<li>Folosirea odorizan\u021bilor \u0219i dezinfectan\u021bilor speciali pentru \u00eenc\u0103l\u021b\u0103minte.<\/li>\n<\/ul>\n\n\n\n<p>6. <strong>Transport:<\/strong><\/p>\n\n\n\n<ul class=\"wp-block-list\">\n<li>Folosi\u021bi <a href=\"https:\/\/xstyle.md\/ro\/category\/turizm\/backpacks\/travel-organizers\/shoe-covers-bags\/\"><mark style=\"background-color:rgba(0, 0, 0, 0)\" class=\"has-inline-color has-luminous-vivid-orange-color\">huse de protec\u021bie<\/mark><\/a> pentru transport, pentru a evita apari\u021bia de noi zg\u00e2rieturi pe suprafa\u021ba de alunecare. Vezi aici<\/li>\n<\/ul>\n\n\n\n<p>Aceste sfaturi v\u0103 vor ajuta s\u0103 men\u021bine\u021bi echipamentul \u00een stare bun\u0103 \u00eentre sesiunile de service \u0219i s\u0103-i prelungi\u021bi durata de via\u021b\u0103. Pentru restabilirea complet\u0103 a caracteristicilor, apela\u021bi \u00eentotdeauna la X-Style!<\/p>\n\n\n\n<p><\/p>","protected":false},"excerpt":{"rendered":"","protected":false},"author":1,"featured_media":89796,"parent":0,"menu_order":0,"comment_status":"closed","ping_status":"closed","template":"","meta":{"_acf_changed":false,"inline_featured_image":false,"footnotes":""},"class_list":["post-23830","page","type-page","status-publish","has-post-thumbnail","hentry"],"acf":[],"yoast_head":"<!-- This site is optimized with the Yoast SEO plugin v27.4 - https:\/\/yoast.com\/product\/yoast-seo-wordpress\/ -->\n<title>\u0421\u0435\u0440\u0432\u0438\u0441 \u043b\u044b\u0436 \u0438 \u0441\u043d\u043e\u0443\u0431\u043e\u0440\u0434\u043e\u0432 \u0432 \u041c\u043e\u043b\u0434\u043e\u0432\u0435 - \u041c\u0430\u0433\u0430\u0437\u0438\u043d Xstyle<\/title>\n<meta name=\"robots\" content=\"index, follow, max-snippet:-1, max-image-preview:large, max-video-preview:-1\" \/>\n<link rel=\"canonical\" href=\"https:\/\/xstyle.md\/ro\/ski-service\/\" \/>\n<meta property=\"og:locale\" content=\"ro_RO\" \/>\n<meta property=\"og:type\" content=\"article\" \/>\n<meta property=\"og:title\" content=\"\u0421\u0435\u0440\u0432\u0438\u0441 \u043b\u044b\u0436 \u0438 \u0441\u043d\u043e\u0443\u0431\u043e\u0440\u0434\u043e\u0432 \u0432 \u041c\u043e\u043b\u0434\u043e\u0432\u0435 - \u041c\u0430\u0433\u0430\u0437\u0438\u043d Xstyle\" \/>\n<meta property=\"og:url\" content=\"https:\/\/xstyle.md\/ro\/ski-service\/\" \/>\n<meta property=\"og:site_name\" content=\"\u041c\u0430\u0433\u0430\u0437\u0438\u043d Xstyle\" \/>\n<meta property=\"article:publisher\" content=\"https:\/\/www.facebook.com\/xstylemd\" \/>\n<meta property=\"article:modified_time\" content=\"2024-12-17T12:48:06+00:00\" \/>\n<meta property=\"og:image\" content=\"https:\/\/xstyle.md\/wp-content\/uploads\/2024\/11\/schi_service_chisinau_servis_remont_lyzh_kishinyov_slajder1920x600.webp\" \/>\n\t<meta property=\"og:image:width\" content=\"1920\" \/>\n\t<meta property=\"og:image:height\" content=\"600\" \/>\n\t<meta property=\"og:image:type\" content=\"image\/webp\" \/>\n<meta name=\"twitter:card\" content=\"summary_large_image\" \/>\n<meta name=\"twitter:label1\" content=\"Timp estimat pentru citire\" \/>\n\t<meta name=\"twitter:data1\" content=\"5 minute\" \/>\n<script type=\"application\/ld+json\" class=\"yoast-schema-graph\">{\"@context\":\"https:\\\/\\\/schema.org\",\"@graph\":[{\"@type\":\"WebPage\",\"@id\":\"https:\\\/\\\/xstyle.md\\\/ski-service\\\/\",\"url\":\"https:\\\/\\\/xstyle.md\\\/ski-service\\\/\",\"name\":\"\u0421\u0435\u0440\u0432\u0438\u0441 \u043b\u044b\u0436 \u0438 \u0441\u043d\u043e\u0443\u0431\u043e\u0440\u0434\u043e\u0432 \u0432 \u041c\u043e\u043b\u0434\u043e\u0432\u0435 - \u041c\u0430\u0433\u0430\u0437\u0438\u043d Xstyle\",\"isPartOf\":{\"@id\":\"https:\\\/\\\/xstyle.md\\\/#website\"},\"primaryImageOfPage\":{\"@id\":\"https:\\\/\\\/xstyle.md\\\/ski-service\\\/#primaryimage\"},\"image\":{\"@id\":\"https:\\\/\\\/xstyle.md\\\/ski-service\\\/#primaryimage\"},\"thumbnailUrl\":\"https:\\\/\\\/xstyle.md\\\/wp-content\\\/uploads\\\/2024\\\/11\\\/schi_service_chisinau_servis_remont_lyzh_kishinyov_slajder1920x600.webp\",\"datePublished\":\"2020-08-04T08:21:34+00:00\",\"dateModified\":\"2024-12-17T12:48:06+00:00\",\"breadcrumb\":{\"@id\":\"https:\\\/\\\/xstyle.md\\\/ski-service\\\/#breadcrumb\"},\"inLanguage\":\"ro-RO\",\"potentialAction\":[{\"@type\":\"ReadAction\",\"target\":[\"https:\\\/\\\/xstyle.md\\\/ski-service\\\/\"]}]},{\"@type\":\"ImageObject\",\"inLanguage\":\"ro-RO\",\"@id\":\"https:\\\/\\\/xstyle.md\\\/ski-service\\\/#primaryimage\",\"url\":\"https:\\\/\\\/xstyle.md\\\/wp-content\\\/uploads\\\/2024\\\/11\\\/schi_service_chisinau_servis_remont_lyzh_kishinyov_slajder1920x600.webp\",\"contentUrl\":\"https:\\\/\\\/xstyle.md\\\/wp-content\\\/uploads\\\/2024\\\/11\\\/schi_service_chisinau_servis_remont_lyzh_kishinyov_slajder1920x600.webp\",\"width\":1920,\"height\":600,\"caption\":\"\u0420\u0435\u043c\u043e\u043d\u0442 \u043b\u044b\u0436\u043d\u043e\u0433\u043e \u043e\u0431\u043e\u0440\u0443\u0434\u043e\u0432\u0430\u043d\u0438\u044f \u0432 \u0427\u0438\u0448\u0438\u043d\u0430\u0443, \u0430\u043a\u0442\u0438\u0432\u043d\u044b\u0439 \u043e\u0442\u0434\u044b\u0445, \u0433\u043e\u0440\u043d\u044b\u0435 \u043b\u044b\u0436\u0438, \u043f\u0443\u0442\u0435\u0448\u0435\u0441\u0442\u0432\u0438\u044f, \u0441\u043f\u043e\u0440\u0442\u0438\u0432\u043d\u0430\u044f \u043e\u0431\u0443\u0432\u044c, \u043e\u0434\u0435\u0436\u0434\u0430 \u0434\u043b\u044f \u0430\u043a\u0442\u0438\u0432\u043d\u043e\u0439 \u0436\u0438\u0437\u043d\u0438.\"},{\"@type\":\"BreadcrumbList\",\"@id\":\"https:\\\/\\\/xstyle.md\\\/ski-service\\\/#breadcrumb\",\"itemListElement\":[{\"@type\":\"ListItem\",\"position\":1,\"name\":\"\u0413\u043b\u0430\u0432\u043d\u0430\u044f \u0441\u0442\u0440\u0430\u043d\u0438\u0446\u0430\",\"item\":\"https:\\\/\\\/xstyle.md\\\/\"},{\"@type\":\"ListItem\",\"position\":2,\"name\":\"\u0421\u0435\u0440\u0432\u0438\u0441 \u043b\u044b\u0436 \u0438 \u0441\u043d\u043e\u0443\u0431\u043e\u0440\u0434\u043e\u0432 \u0432 \u041c\u043e\u043b\u0434\u043e\u0432\u0435\"}]},{\"@type\":\"WebSite\",\"@id\":\"https:\\\/\\\/xstyle.md\\\/#website\",\"url\":\"https:\\\/\\\/xstyle.md\\\/\",\"name\":\"\u041c\u0430\u0433\u0430\u0437\u0438\u043d Xstyle\",\"description\":\"C\u043d\u0430\u0440\u044f\u0436\u0435\u043d\u0438\u0435 \u0434\u043b\u044f \u0442\u0443\u0440\u0438\u0437\u043c\u0430 \u0438 \u044d\u043a\u0441\u0442\u0440\u0435\u043c\u0430\u043b\u044c\u043d\u044b\u0445 \u0432\u0438\u0434\u043e\u0432 \u0441\u043f\u043e\u0440\u0442\u0430 \u0432 \u041c\u043e\u043b\u0434\u043e\u0432\u0435.. \u0426\u0435\u043d\u044b, \u0444\u043e\u0442\u043e, \u0445\u0430\u0440\u0430\u043a\u0442\u0435\u0440\u0438\u0441\u0442\u0438\u043a\u0438 \u0432 \u041c\u043e\u043b\u0434\u043e\u0432\u0435.\",\"publisher\":{\"@id\":\"https:\\\/\\\/xstyle.md\\\/#organization\"},\"alternateName\":\"X-Style\",\"potentialAction\":[{\"@type\":\"SearchAction\",\"target\":{\"@type\":\"EntryPoint\",\"urlTemplate\":\"https:\\\/\\\/xstyle.md\\\/?s={search_term_string}\"},\"query-input\":{\"@type\":\"PropertyValueSpecification\",\"valueRequired\":true,\"valueName\":\"search_term_string\"}}],\"inLanguage\":\"ro-RO\"},{\"@type\":\"Organization\",\"@id\":\"https:\\\/\\\/xstyle.md\\\/#organization\",\"name\":\"\u041c\u0430\u0433\u0430\u0437\u0438\u043d Xstyle\",\"alternateName\":\"x-style\",\"url\":\"https:\\\/\\\/xstyle.md\\\/\",\"logo\":{\"@type\":\"ImageObject\",\"inLanguage\":\"ro-RO\",\"@id\":\"https:\\\/\\\/xstyle.md\\\/#\\\/schema\\\/logo\\\/image\\\/\",\"url\":\"https:\\\/\\\/xstyle.md\\\/wp-content\\\/uploads\\\/2020\\\/06\\\/logoicon.svg\",\"contentUrl\":\"https:\\\/\\\/xstyle.md\\\/wp-content\\\/uploads\\\/2020\\\/06\\\/logoicon.svg\",\"caption\":\"\u041c\u0430\u0433\u0430\u0437\u0438\u043d Xstyle\"},\"image\":{\"@id\":\"https:\\\/\\\/xstyle.md\\\/#\\\/schema\\\/logo\\\/image\\\/\"},\"sameAs\":[\"https:\\\/\\\/www.facebook.com\\\/xstylemd\",\"https:\\\/\\\/www.instagram.com\\\/xstyle_md\\\/\",\"https:\\\/\\\/t.me\\\/xstyle_outdoor\"],\"hasMerchantReturnPolicy\":{\"@type\":\"MerchantReturnPolicy\",\"merchantReturnLink\":\"https:\\\/\\\/xstyle.md\\\/ro\\\/conditions\\\/\"}}]}<\/script>\n<!-- \/ Yoast SEO plugin. -->","yoast_head_json":{"title":"\u0421\u0435\u0440\u0432\u0438\u0441 \u043b\u044b\u0436 \u0438 \u0441\u043d\u043e\u0443\u0431\u043e\u0440\u0434\u043e\u0432 \u0432 \u041c\u043e\u043b\u0434\u043e\u0432\u0435 - \u041c\u0430\u0433\u0430\u0437\u0438\u043d Xstyle","robots":{"index":"index","follow":"follow","max-snippet":"max-snippet:-1","max-image-preview":"max-image-preview:large","max-video-preview":"max-video-preview:-1"},"canonical":"https:\/\/xstyle.md\/ro\/ski-service\/","og_locale":"ro_RO","og_type":"article","og_title":"\u0421\u0435\u0440\u0432\u0438\u0441 \u043b\u044b\u0436 \u0438 \u0441\u043d\u043e\u0443\u0431\u043e\u0440\u0434\u043e\u0432 \u0432 \u041c\u043e\u043b\u0434\u043e\u0432\u0435 - \u041c\u0430\u0433\u0430\u0437\u0438\u043d Xstyle","og_url":"https:\/\/xstyle.md\/ro\/ski-service\/","og_site_name":"\u041c\u0430\u0433\u0430\u0437\u0438\u043d Xstyle","article_publisher":"https:\/\/www.facebook.com\/xstylemd","article_modified_time":"2024-12-17T12:48:06+00:00","og_image":[{"width":1920,"height":600,"url":"https:\/\/xstyle.md\/wp-content\/uploads\/2024\/11\/schi_service_chisinau_servis_remont_lyzh_kishinyov_slajder1920x600.webp","type":"image\/webp"}],"twitter_card":"summary_large_image","twitter_misc":{"Timp estimat pentru citire":"5 minute"},"schema":{"@context":"https:\/\/schema.org","@graph":[{"@type":"WebPage","@id":"https:\/\/xstyle.md\/ski-service\/","url":"https:\/\/xstyle.md\/ski-service\/","name":"\u0421\u0435\u0440\u0432\u0438\u0441 \u043b\u044b\u0436 \u0438 \u0441\u043d\u043e\u0443\u0431\u043e\u0440\u0434\u043e\u0432 \u0432 \u041c\u043e\u043b\u0434\u043e\u0432\u0435 - \u041c\u0430\u0433\u0430\u0437\u0438\u043d Xstyle","isPartOf":{"@id":"https:\/\/xstyle.md\/#website"},"primaryImageOfPage":{"@id":"https:\/\/xstyle.md\/ski-service\/#primaryimage"},"image":{"@id":"https:\/\/xstyle.md\/ski-service\/#primaryimage"},"thumbnailUrl":"https:\/\/xstyle.md\/wp-content\/uploads\/2024\/11\/schi_service_chisinau_servis_remont_lyzh_kishinyov_slajder1920x600.webp","datePublished":"2020-08-04T08:21:34+00:00","dateModified":"2024-12-17T12:48:06+00:00","breadcrumb":{"@id":"https:\/\/xstyle.md\/ski-service\/#breadcrumb"},"inLanguage":"ro-RO","potentialAction":[{"@type":"ReadAction","target":["https:\/\/xstyle.md\/ski-service\/"]}]},{"@type":"ImageObject","inLanguage":"ro-RO","@id":"https:\/\/xstyle.md\/ski-service\/#primaryimage","url":"https:\/\/xstyle.md\/wp-content\/uploads\/2024\/11\/schi_service_chisinau_servis_remont_lyzh_kishinyov_slajder1920x600.webp","contentUrl":"https:\/\/xstyle.md\/wp-content\/uploads\/2024\/11\/schi_service_chisinau_servis_remont_lyzh_kishinyov_slajder1920x600.webp","width":1920,"height":600,"caption":"\u0420\u0435\u043c\u043e\u043d\u0442 \u043b\u044b\u0436\u043d\u043e\u0433\u043e \u043e\u0431\u043e\u0440\u0443\u0434\u043e\u0432\u0430\u043d\u0438\u044f \u0432 \u0427\u0438\u0448\u0438\u043d\u0430\u0443, \u0430\u043a\u0442\u0438\u0432\u043d\u044b\u0439 \u043e\u0442\u0434\u044b\u0445, \u0433\u043e\u0440\u043d\u044b\u0435 \u043b\u044b\u0436\u0438, \u043f\u0443\u0442\u0435\u0448\u0435\u0441\u0442\u0432\u0438\u044f, \u0441\u043f\u043e\u0440\u0442\u0438\u0432\u043d\u0430\u044f \u043e\u0431\u0443\u0432\u044c, \u043e\u0434\u0435\u0436\u0434\u0430 \u0434\u043b\u044f \u0430\u043a\u0442\u0438\u0432\u043d\u043e\u0439 \u0436\u0438\u0437\u043d\u0438."},{"@type":"BreadcrumbList","@id":"https:\/\/xstyle.md\/ski-service\/#breadcrumb","itemListElement":[{"@type":"ListItem","position":1,"name":"\u0413\u043b\u0430\u0432\u043d\u0430\u044f \u0441\u0442\u0440\u0430\u043d\u0438\u0446\u0430","item":"https:\/\/xstyle.md\/"},{"@type":"ListItem","position":2,"name":"\u0421\u0435\u0440\u0432\u0438\u0441 \u043b\u044b\u0436 \u0438 \u0441\u043d\u043e\u0443\u0431\u043e\u0440\u0434\u043e\u0432 \u0432 \u041c\u043e\u043b\u0434\u043e\u0432\u0435"}]},{"@type":"WebSite","@id":"https:\/\/xstyle.md\/#website","url":"https:\/\/xstyle.md\/","name":"Magazinul X-Style","description":"Echipamente pentru turism \u0219i sporturi extreme \u00een Moldova. Pre\u021buri, fotografii, caracteristici \u00een Moldova.","publisher":{"@id":"https:\/\/xstyle.md\/#organization"},"alternateName":"X-Style","potentialAction":[{"@type":"SearchAction","target":{"@type":"EntryPoint","urlTemplate":"https:\/\/xstyle.md\/?s={search_term_string}"},"query-input":{"@type":"PropertyValueSpecification","valueRequired":true,"valueName":"search_term_string"}}],"inLanguage":"ro-RO"},{"@type":"Organization","@id":"https:\/\/xstyle.md\/#organization","name":"Magazinul X-Style","alternateName":"x-style","url":"https:\/\/xstyle.md\/","logo":{"@type":"ImageObject","inLanguage":"ro-RO","@id":"https:\/\/xstyle.md\/#\/schema\/logo\/image\/","url":"https:\/\/xstyle.md\/wp-content\/uploads\/2020\/06\/logoicon.svg","contentUrl":"https:\/\/xstyle.md\/wp-content\/uploads\/2020\/06\/logoicon.svg","caption":"\u041c\u0430\u0433\u0430\u0437\u0438\u043d Xstyle"},"image":{"@id":"https:\/\/xstyle.md\/#\/schema\/logo\/image\/"},"sameAs":["https:\/\/www.facebook.com\/xstylemd","https:\/\/www.instagram.com\/xstyle_md\/","https:\/\/t.me\/xstyle_outdoor"],"hasMerchantReturnPolicy":{"@type":"MerchantReturnPolicy","merchantReturnLink":"https:\/\/xstyle.md\/ro\/conditions\/"}}]}},"_links":{"self":[{"href":"https:\/\/xstyle.md\/ro\/wp-json\/wp\/v2\/pages\/23830","targetHints":{"allow":["GET"]}}],"collection":[{"href":"https:\/\/xstyle.md\/ro\/wp-json\/wp\/v2\/pages"}],"about":[{"href":"https:\/\/xstyle.md\/ro\/wp-json\/wp\/v2\/types\/page"}],"author":[{"embeddable":true,"href":"https:\/\/xstyle.md\/ro\/wp-json\/wp\/v2\/users\/1"}],"replies":[{"embeddable":true,"href":"https:\/\/xstyle.md\/ro\/wp-json\/wp\/v2\/comments?post=23830"}],"version-history":[{"count":1,"href":"https:\/\/xstyle.md\/ro\/wp-json\/wp\/v2\/pages\/23830\/revisions"}],"predecessor-version":[{"id":90729,"href":"https:\/\/xstyle.md\/ro\/wp-json\/wp\/v2\/pages\/23830\/revisions\/90729"}],"wp:featuredmedia":[{"embeddable":true,"href":"https:\/\/xstyle.md\/ro\/wp-json\/wp\/v2\/media\/89796"}],"wp:attachment":[{"href":"https:\/\/xstyle.md\/ro\/wp-json\/wp\/v2\/media?parent=23830"}],"curies":[{"name":"wp","href":"https:\/\/api.w.org\/{rel}","templated":true}]}}