{"id":23779,"date":"2020-08-03T13:10:07","date_gmt":"2020-08-03T10:10:07","guid":{"rendered":"https:\/\/xstyle.md\/?page_id=23779"},"modified":"2024-10-11T11:10:17","modified_gmt":"2024-10-11T08:10:17","slug":"conditions","status":"publish","type":"page","link":"https:\/\/xstyle.md\/ro\/conditions\/","title":{"rendered":"Condi\u021bii de livrare \u0219i plat\u0103"},"content":{"rendered":"<div class=\"wp-block-image\">\n<figure class=\"aligncenter size-large\"><img decoding=\"async\" width=\"1440\" height=\"320\" src=\"https:\/\/xstyle.md\/wp-content\/uploads\/2020\/08\/livrare-centr-1-1440x320.jpg\" alt=\"\" class=\"wp-image-23781\" srcset=\"https:\/\/xstyle.md\/wp-content\/uploads\/2020\/08\/livrare-centr-1-1440x320.jpg 1440w, https:\/\/xstyle.md\/wp-content\/uploads\/2020\/08\/livrare-centr-1-220x49.jpg 220w, https:\/\/xstyle.md\/wp-content\/uploads\/2020\/08\/livrare-centr-1-75x17.jpg 75w, https:\/\/xstyle.md\/wp-content\/uploads\/2020\/08\/livrare-centr-1-500x111.jpg 500w, https:\/\/xstyle.md\/wp-content\/uploads\/2020\/08\/livrare-centr-1-64x14.jpg 64w, https:\/\/xstyle.md\/wp-content\/uploads\/2020\/08\/livrare-centr-1-480x107.jpg 480w, https:\/\/xstyle.md\/wp-content\/uploads\/2020\/08\/livrare-centr-1-768x171.jpg 768w, https:\/\/xstyle.md\/wp-content\/uploads\/2020\/08\/livrare-centr-1-36x8.jpg 36w, https:\/\/xstyle.md\/wp-content\/uploads\/2020\/08\/livrare-centr-1.jpg 1600w\" sizes=\"(max-width: 1440px) 100vw, 1440px\" \/><\/figure>\n<\/div>\n\n<br \/>\n<\/p>\n\n\n\n<h2 class=\"wp-block-heading has-text-color\" style=\"color:#769e2d\">Modalit\u0103\u021bi de comand\u0103<\/h2>\n\n\n\n<p>Pute\u021bi plasa comanda online pe <a href=\"https:\/\/xstyle.md\/ro\/\"><mark style=\"background-color:rgba(0, 0, 0, 0)\" class=\"has-inline-color has-luminous-vivid-orange-color\">www.xstyle.md,<\/mark><\/a> prin scrisoare la <a href=\"mailto:info@xstyle.md\"><mark style=\"background-color:rgba(0, 0, 0, 0)\" class=\"has-inline-color has-luminous-vivid-orange-color\">info@xstyle.md<\/mark><\/a> sau prin intermediul expertului nostru la num\u0103rul de telefon <a href=\"tel:+37360798098\" data-type=\"tel\" data-id=\"tel:+37360798098\"><mark style=\"background-color:rgba(0, 0, 0, 0)\" class=\"has-inline-color has-luminous-vivid-orange-color\">0 60 798 098<\/mark><\/a> sau <a href=\"tel:+37322210053\" data-type=\"tel\" data-id=\"tel:+37322210053\"><mark style=\"background-color:rgba(0, 0, 0, 0)\" class=\"has-inline-color has-luminous-vivid-orange-color\">022 210053<\/mark><\/a> (in orele de lucru a magazinului).<\/p>\n\n\n\n<p>Dup\u0103 plasarea comenzii online, managerul v\u0103 va contacta pentru a v\u0103 confirma comanda, pentru a specifica metoda convenabil\u0103 de plat\u0103, adresa \u0219i ora de livrare \u0219i pentru a v\u0103 r\u0103spunde la toate \u00eentreb\u0103rile. Pute\u021bi, de asemenea, s\u0103 suna\u021bi la numerele de telefon indicate \u0219i s\u0103 verifica\u021bi starea comenzii dumneavoastr\u0103.<\/p>\n\n\n\n<h2 class=\"wp-block-heading has-text-color\" style=\"color:#769e2d\">Modalit\u0103\u021bi de plat\u0103<\/h2>\n\n\n\n<p>Pute\u021bi alege o metod\u0103 convenabil\u0103 de plat\u0103.<\/p>\n\n\n\n<h4 class=\"wp-block-heading has-luminous-vivid-orange-color has-text-color\">\u00cen numerar la livrare<\/h4>\n\n\n\n<p>Plata se face \u00een numerar la curier. La efectuarea pl\u0103\u021bii se va emite un bon de cas\u0103 \u0219i un certificat de garan\u021bie.<\/p>\n\n\n\n<h4 class=\"wp-block-heading has-luminous-vivid-orange-color has-text-color\">Prin card bancar la primire<\/h4>\n\n\n\n<p>Curierul nostru va veni cu un POS-terminal mobil \u0219i ve\u021bi putea pl\u0103ti cu cardul bancar. Ve\u021bi primi un cec de casierie \u0219i un card de garan\u021bie. La efectuarea pl\u0103\u021bii se va emite un bon de cas\u0103 \u0219i un certificat de garan\u021bie.<\/p>\n\n\n\n<h4 class=\"wp-block-heading has-luminous-vivid-orange-color has-text-color\">Plata prin Transfer pentru persoanele juridice<\/h4>\n\n\n\n<p>Oferi\u021bi managerului datele companiei dvs. pentru facturare \u0219i\/sau tip\u0103rirea facturii fiscale. Pute\u021bi pl\u0103ti \u00een numerar sau cu cardul bancar la primirea bunurilor \u0219i prin transfer bancar \u00een contul companiei. \u00cen cazul \u00een care alege\u021bi s\u0103 pl\u0103ti\u021bi prin transfer bancar, livrarea are loc numai dup\u0103 ce factura a fost pl\u0103tit\u0103 \u00een avans. Expeditorul va livra factura \u00eempreun\u0103 cu comanda dumneavoastr\u0103. Bunurile sunt predate cump\u0103r\u0103torului dup\u0103 semnarea facturii fiscale \u0219i atestarea cu \u0219tampila firmei \/ \u00eemputernicirea de primire a bunurilor. V\u0103 rug\u0103m s\u0103 preg\u0103ti\u021bi \u0219tampila companiei la sosirea curierului.<\/p>\n\n\n\n<h4 class=\"wp-block-heading has-luminous-vivid-orange-color has-text-color\">Cump\u0103rarea \u00een credit<\/h4>\n\n\n\n<p>V\u0103 putem ajuta s\u0103 solicita\u021bi un \u00eemprumut personal prin intermediul IuteCredit:<\/p>\n\n\n\n<p>4 luni \u2013 0%<br>Pentru a primi un \u00eemprumut, trebuie s\u0103 \u00eendeplini\u021bi anumite criterii:<\/p>\n\n\n\n<ul class=\"wp-block-list\">\n<li>V\u00e2rsta 18-68 ani<\/li>\n\n\n\n<li>Un cet\u0103\u021bean al Republicii Moldova sau o persoan\u0103 cu permis de \u0219edere permanent\u0103<\/li>\n\n\n\n<li>Venit lunar stabil (angajare oficial\u0103\/neoficial\u0103)<\/li>\n\n\n\n<li>S\u0103 aib\u0103 o carte de identitate cu fi\u0219a de insotire<\/li>\n\n\n\n<li>Durata de procesare a cererii: p\u00e2n\u0103 la 1 or\u0103.<\/li>\n<\/ul>\n\n\n\n<h4 class=\"wp-block-heading has-luminous-vivid-orange-color has-text-color\">Plata prin terminale Runpay<\/h4>\n\n\n\n<p>Dup\u0103 confirmarea comenzii de c\u0103tre managerul nostru, pute\u021bi pl\u0103ti pentru achizi\u021bia dvs. prin intermediul <a rel=\"noreferrer noopener\" href=\"https:\/\/my.runpay.com\/maps\" target=\"_blank\"><mark style=\"background-color:rgba(0, 0, 0, 0)\" class=\"has-inline-color has-luminous-vivid-orange-color\">terminalelor RUNPAY<\/mark><\/a>, care sunt disponibile \u00een multe loca\u021bii din Moldova. Sec\u021biunea X-Style pute\u021bi g\u0103si la &#171;Turism&#187; <a rel=\"noreferrer noopener\" href=\"https:\/\/my.runpay.com\/operator?id=1042\" target=\"_blank\"><mark style=\"background-color:rgba(0, 0, 0, 0)\" class=\"has-inline-color has-luminous-vivid-orange-color\">https:\/\/my.runpay.com\/operator?id=1042<\/mark><\/a><\/p>\n\n\n\n<p>O singur\u0103 plat\u0103 nu poate dep\u0103\u0219i 2000 de lei. Dac\u0103 valoarea achizi\u021biei dep\u0103\u0219e\u0219te 2000 de lei, face\u021bi mai multe pl\u0103\u021bi. Indica\u021bi detaliile corecte atunci c\u00e2nd pl\u0103ti\u021bi \u0219i p\u0103stra\u021bi bonul.<\/p>\n\n\n\n<h4 class=\"wp-block-heading has-luminous-vivid-orange-color has-text-color\">Plata prin WebMoney<\/h4>\n\n\n\n<p>Pute\u021bi pl\u0103ti pentru achizi\u021bia dvs. din portofelul WebMoney prin intermediul <a rel=\"noreferrer noopener\" href=\"https:\/\/my.runpay.com\/maps\" target=\"_blank\"><mark style=\"background-color:rgba(0, 0, 0, 0)\" class=\"has-inline-color has-luminous-vivid-orange-color\">terminalelor RUNPAY<\/mark><\/a> sau \u00een contul dvs. personal de pe site <a rel=\"noreferrer noopener\" href=\"https:\/\/my.runpay.com\/operator?id=1042\" target=\"_blank\"><mark style=\"background-color:rgba(0, 0, 0, 0)\" class=\"has-inline-color has-luminous-vivid-orange-color\">https:\/\/my.runpay.com\/operator?id=1042<\/mark><\/a><\/p>\n\n\n\n<h2 class=\"wp-block-heading has-text-color\" style=\"color:#769e2d\">Condi\u021biile de livrare<\/h2>\n\n\n\n<p><strong>\u00een Chi\u0219in\u0103u:<\/strong> Livrare gratuit\u0103 la comenzi de la 1000 lei \u00een Chi\u0219in\u0103u. Pentru comenzi mai mici &#8212; livrarea \u00een Chi\u0219in\u0103u va costa 50 de lei.<\/p>\n\n\n\n<p>Livr\u0103rile se fac \u00een zilele lucr\u0103toare, \u00eentre orele 9:00 \u0219i 20:00. Managerul nostru va stabili o or\u0103 convenabil\u0103 pentru dumneavoastr\u0103. Livr\u0103rile \u00een afara orelor de program \u0219i \u00een weekend sunt disponibile \u00een urma unui acord cu managerul. Cel mai multe ori livrarea este a doua zi.<\/p>\n\n\n\n<p>Cu aproximativ 1 or\u0103 \u00eenainte ca livrarea s\u0103 aib\u0103 loc, curierul v\u0103 va contacta pentru a se asigura c\u0103 sunte\u021bi pe adresa indicata \u0219i c\u0103 sunte\u021bi gata s\u0103 prelua\u021bi comanda. Comanda este livrat\u0103 la adresa convenit\u0103 cu dumneavoastr\u0103. Dup\u0103 primirea pl\u0103\u021bii pentru comand\u0103, curierul v\u0103 va da un bon de casa, un certificat de garan\u021bie \u0219i alte documente justificative.<\/p>\n\n\n\n<p><strong>\u00een Moldova:<\/strong> livrarea la autobuzul de transfer \u00een direc\u021bia dumneavoastr\u0103 cost\u0103 100 de lei. Pl\u0103ti\u021bi pentru autobuzul navet\u0103 \u00een sine. M\u0103rfurile sunt trimise numai atunci c\u00e2nd comanda este pl\u0103tit\u0103 integral.<\/p>\n\n\n\n<p><strong>\u00een Alte \u021b\u0103ri<\/strong>: fiecare comand\u0103 este decis\u0103 individual \u00een func\u021bie de \u021bara de plecare. \u0218i se pl\u0103te\u0219te separat &#8212; prin acord prealabil.<\/p>\n\n\n\n<p>Curierii no\u0219tri sunt, de asemenea, exper\u021bi \u00een magazinul nostru \u0219i v\u0103 pot consilia la fa\u021ba locului cu privire la utilizarea \u0219i caracteristicile tehnice ale produsului, v\u0103 va ajuta, de asemenea, s\u0103 configura\u021bi gratuit c\u00e2teva categorii de produse, de exemplu, un portbagaj sau un suport pentru biciclete \u0219i\/sau o demonstra\u021bie a modului de utilizare a acestora.<\/p>\n\n\n\n<h2 class=\"wp-block-heading has-text-color\" style=\"color:#769e2d\">Anularea comenzii<\/h2>\n\n\n\n<p>Dac\u0103 dori\u021bi s\u0103 anula\u021bi o comand\u0103 care nu a fost \u00eenc\u0103 livrat\u0103, suna\u021bi la num\u0103rul de telefon 0 60 798 098 sau 022 210 053 (in orele de lucru a magazinului).<\/p>\n\n\n\n<h4 class=\"wp-block-heading has-luminous-vivid-orange-color has-text-color\">Condi\u021biile de returnare:<\/h4>\n\n\n\n<p>V\u0103 pute\u021bi anula achizi\u021bia \u00een momentul livr\u0103rii \u0219i a demonstra\u021biei din orice motiv. Dac\u0103 un articol nu se potrive\u0219te, v\u0103 putem livra un alt produs \u00een schimb. <\/p>\n\n\n\n<p>Dac\u0103 a\u021bi acceptat un articol, ave\u021bi dreptul de a returna \u00eentreaga comand\u0103 sau un articol individual care, din orice motiv (nu se potrive\u0219te ca m\u0103rime, culoare, stil etc.), \u00een termen de 14 zile de la cump\u0103rare, cu condi\u021bia ca:<\/p>\n\n\n\n<ol class=\"wp-block-list\">\n<li>Produsul trebuie s\u0103 fie nou, f\u0103r\u0103 semne de utilizare, deterior\u0103ri sau zg\u00e2rieturi. Bunurile folosite \u0219i purtate nu pot fi returnate sau schimbate.<\/li>\n\n\n\n<li>Toate etichetele, ambalajele \u0219i instruc\u021biunile furnizate \u00eempreun\u0103 cu produsul au fost p\u0103strate.<\/li>\n\n\n\n<li>Prezen\u021ba bonului fiscal original<\/li>\n\n\n\n<li>Formular de cerere de rambursare\/\u00eenlocuire (de completat \u00een magazinul nostru)<\/li>\n<\/ol>\n\n\n\n<ul class=\"wp-block-list\">\n<li>Clientul de sine st\u0103t\u0103tor returneaz\u0103 marfa la magazinul X-STYLE din Bulevardul Grigore Vieru nr. 27. Chi\u0219in\u0103u. Ne rezerv\u0103m dreptul de a lua \u00een considerare o cerere de returnare\/\u00eenlocuire \u00een termen de 14 zile, dac\u0103 exist\u0103 semne vizibile c\u0103 produsul a fost utilizat sau dac\u0103 produsul este returnat incomplet sau din alte motive.<\/li>\n\n\n\n<li>Venim \u00een \u00eent\u00e2mpinarea nevoilor clien\u021bilor no\u0219tri \u0219i accept\u0103m retururi \u0219i schimburi (\u00een stare bun\u0103 \u0219i sub rezerva condi\u021biilor de returnare).<\/li>\n<\/ul>\n\n\n\n<p>Dar, conform listei de produse nealimentare de calitate corespunz\u0103toare, nu pot fi schimbate cu un produs similar (Hot\u0103r\u00e2re de guvern nr. 1465 din 8 decembrie 2003), magazinul are dreptul de a nu schimba\/returna: articole de \u00eembr\u0103c\u0103minte (\u0219osete, lenjerie de corp termic\u0103), articole de igien\u0103 personal\u0103; materiale de construc\u021bii \u0219i alte bunuri, distribuit pe metru (fr\u00e2nghie); produse \u0219i materiale \u00een contact cu alimentele, din materiale plastice (ustensile de camping), ambarca\u021biuni de uz casnic, echipamente cu gaz. Analiz\u0103m fiecare caz \u00een parte \u0219i \u00eencerc\u0103m s\u0103 ajungem la un acord cu clientul, chiar \u0219i pentru astfel de bunuri.<\/p>\n\n\n\n<h4 class=\"wp-block-heading has-luminous-vivid-orange-color has-text-color\">Reguli de rambursare a banilor<\/h4>\n\n\n\n<p>Banii pot fi restitui\u021bi prin modul \u00een care a fost pl\u0103tit\u0103 comanda.<\/p>\n\n\n\n<p>\u00cen cazul ramburs\u0103rilor prin card bancar, rambursarea se face pe cardul de pe care a fost efectuat\u0103 plata. <\/p>\n\n\n\n<p>B\u0103ncile pot percepe un comision pentru serviciul de creditare a banilor \u00een contul titularului de card. Compania noastr\u0103 va rambursa doar costul bunurilor pl\u0103tite<\/p>\n\n\n\n<h2 class=\"wp-block-heading has-text-color\" style=\"color:#769e2d\">Politica de confiden\u021bialitate<\/h2>\n\n\n\n<p>\u00cen conformitate cu Legea nr. 133\/2011 privind protec\u021bia datelor cu caracter personal, utiliz\u0103m datele cu caracter personal pe care ni le furniza\u021bi cu nivelul de securitate necesar \u0219i numai \u00een scopurile specificate.<\/p>\n\n\n\n<p>X-Style nu are acces sau capacitatea de a p\u0103stra informa\u021bii confiden\u021biale despre cardurile bancare utilizate pentru plat\u0103.<\/p>\n\n\n<p><\/p>","protected":false},"excerpt":{"rendered":"","protected":false},"author":1,"featured_media":0,"parent":0,"menu_order":0,"comment_status":"closed","ping_status":"closed","template":"","meta":{"_acf_changed":false,"inline_featured_image":false,"footnotes":""},"class_list":["post-23779","page","type-page","status-publish","hentry"],"acf":[],"yoast_head":"<!-- This site is optimized with the Yoast SEO plugin v27.2 - https:\/\/yoast.com\/product\/yoast-seo-wordpress\/ -->\n<title>\u0423\u0441\u043b\u043e\u0432\u0438\u044f \u0434\u043e\u0441\u0442\u0430\u0432\u043a\u0438 \u0438 \u043e\u043f\u043b\u0430\u0442\u044b - \u041c\u0430\u0433\u0430\u0437\u0438\u043d Xstyle<\/title>\n<meta name=\"robots\" content=\"index, follow, max-snippet:-1, max-image-preview:large, max-video-preview:-1\" \/>\n<link rel=\"canonical\" href=\"https:\/\/xstyle.md\/ro\/conditions\/\" \/>\n<meta property=\"og:locale\" content=\"ro_RO\" \/>\n<meta property=\"og:type\" content=\"article\" \/>\n<meta property=\"og:title\" content=\"\u0423\u0441\u043b\u043e\u0432\u0438\u044f \u0434\u043e\u0441\u0442\u0430\u0432\u043a\u0438 \u0438 \u043e\u043f\u043b\u0430\u0442\u044b - \u041c\u0430\u0433\u0430\u0437\u0438\u043d Xstyle\" \/>\n<meta property=\"og:url\" content=\"https:\/\/xstyle.md\/ro\/conditions\/\" \/>\n<meta property=\"og:site_name\" content=\"\u041c\u0430\u0433\u0430\u0437\u0438\u043d Xstyle\" \/>\n<meta property=\"article:publisher\" content=\"https:\/\/www.facebook.com\/xstylemd\" \/>\n<meta property=\"article:modified_time\" content=\"2024-10-11T08:10:17+00:00\" \/>\n<meta property=\"og:image\" content=\"https:\/\/xstyle.md\/wp-content\/uploads\/2020\/08\/livrare-centr-1.jpg\" \/>\n\t<meta property=\"og:image:width\" content=\"1600\" \/>\n\t<meta property=\"og:image:height\" content=\"356\" \/>\n\t<meta property=\"og:image:type\" content=\"image\/jpeg\" \/>\n<meta name=\"twitter:card\" content=\"summary_large_image\" \/>\n<meta name=\"twitter:label1\" content=\"Timp estimat pentru citire\" \/>\n\t<meta name=\"twitter:data1\" content=\"9 minute\" \/>\n<script type=\"application\/ld+json\" class=\"yoast-schema-graph\">{\"@context\":\"https:\/\/schema.org\",\"@graph\":[{\"@type\":\"WebPage\",\"@id\":\"https:\/\/xstyle.md\/conditions\/\",\"url\":\"https:\/\/xstyle.md\/conditions\/\",\"name\":\"\u0423\u0441\u043b\u043e\u0432\u0438\u044f \u0434\u043e\u0441\u0442\u0430\u0432\u043a\u0438 \u0438 \u043e\u043f\u043b\u0430\u0442\u044b - \u041c\u0430\u0433\u0430\u0437\u0438\u043d Xstyle\",\"isPartOf\":{\"@id\":\"https:\/\/xstyle.md\/#website\"},\"primaryImageOfPage\":{\"@id\":\"https:\/\/xstyle.md\/conditions\/#primaryimage\"},\"image\":{\"@id\":\"https:\/\/xstyle.md\/conditions\/#primaryimage\"},\"thumbnailUrl\":\"https:\/\/xstyle.md\/wp-content\/uploads\/2020\/08\/livrare-centr-1-1440x320.jpg\",\"datePublished\":\"2020-08-03T10:10:07+00:00\",\"dateModified\":\"2024-10-11T08:10:17+00:00\",\"breadcrumb\":{\"@id\":\"https:\/\/xstyle.md\/conditions\/#breadcrumb\"},\"inLanguage\":\"ro-RO\",\"potentialAction\":[{\"@type\":\"ReadAction\",\"target\":[\"https:\/\/xstyle.md\/conditions\/\"]}]},{\"@type\":\"ImageObject\",\"inLanguage\":\"ro-RO\",\"@id\":\"https:\/\/xstyle.md\/conditions\/#primaryimage\",\"url\":\"https:\/\/xstyle.md\/wp-content\/uploads\/2020\/08\/livrare-centr-1-1440x320.jpg\",\"contentUrl\":\"https:\/\/xstyle.md\/wp-content\/uploads\/2020\/08\/livrare-centr-1-1440x320.jpg\"},{\"@type\":\"BreadcrumbList\",\"@id\":\"https:\/\/xstyle.md\/conditions\/#breadcrumb\",\"itemListElement\":[{\"@type\":\"ListItem\",\"position\":1,\"name\":\"\u0413\u043b\u0430\u0432\u043d\u0430\u044f \u0441\u0442\u0440\u0430\u043d\u0438\u0446\u0430\",\"item\":\"https:\/\/xstyle.md\/\"},{\"@type\":\"ListItem\",\"position\":2,\"name\":\"\u0423\u0441\u043b\u043e\u0432\u0438\u044f \u0434\u043e\u0441\u0442\u0430\u0432\u043a\u0438 \u0438 \u043e\u043f\u043b\u0430\u0442\u044b\"}]},{\"@type\":\"WebSite\",\"@id\":\"https:\/\/xstyle.md\/#website\",\"url\":\"https:\/\/xstyle.md\/\",\"name\":\"\u041c\u0430\u0433\u0430\u0437\u0438\u043d Xstyle\",\"description\":\"C\u043d\u0430\u0440\u044f\u0436\u0435\u043d\u0438\u0435 \u0434\u043b\u044f \u0442\u0443\u0440\u0438\u0437\u043c\u0430 \u0438 \u044d\u043a\u0441\u0442\u0440\u0435\u043c\u0430\u043b\u044c\u043d\u044b\u0445 \u0432\u0438\u0434\u043e\u0432 \u0441\u043f\u043e\u0440\u0442\u0430 \u0432 \u041c\u043e\u043b\u0434\u043e\u0432\u0435.. \u0426\u0435\u043d\u044b, \u0444\u043e\u0442\u043e, \u0445\u0430\u0440\u0430\u043a\u0442\u0435\u0440\u0438\u0441\u0442\u0438\u043a\u0438 \u0432 \u041c\u043e\u043b\u0434\u043e\u0432\u0435.\",\"publisher\":{\"@id\":\"https:\/\/xstyle.md\/#organization\"},\"alternateName\":\"X-Style\",\"potentialAction\":[{\"@type\":\"SearchAction\",\"target\":{\"@type\":\"EntryPoint\",\"urlTemplate\":\"https:\/\/xstyle.md\/?s={search_term_string}\"},\"query-input\":{\"@type\":\"PropertyValueSpecification\",\"valueRequired\":true,\"valueName\":\"search_term_string\"}}],\"inLanguage\":\"ro-RO\"},{\"@type\":\"Organization\",\"@id\":\"https:\/\/xstyle.md\/#organization\",\"name\":\"\u041c\u0430\u0433\u0430\u0437\u0438\u043d Xstyle\",\"alternateName\":\"x-style\",\"url\":\"https:\/\/xstyle.md\/\",\"logo\":{\"@type\":\"ImageObject\",\"inLanguage\":\"ro-RO\",\"@id\":\"https:\/\/xstyle.md\/#\/schema\/logo\/image\/\",\"url\":\"https:\/\/xstyle.md\/wp-content\/uploads\/2020\/06\/logoicon.svg\",\"contentUrl\":\"https:\/\/xstyle.md\/wp-content\/uploads\/2020\/06\/logoicon.svg\",\"caption\":\"\u041c\u0430\u0433\u0430\u0437\u0438\u043d Xstyle\"},\"image\":{\"@id\":\"https:\/\/xstyle.md\/#\/schema\/logo\/image\/\"},\"sameAs\":[\"https:\/\/www.facebook.com\/xstylemd\",\"https:\/\/www.instagram.com\/xstyle_md\/\",\"https:\/\/t.me\/xstyle_outdoor\"],\"hasMerchantReturnPolicy\":{\"@type\":\"MerchantReturnPolicy\",\"merchantReturnLink\":\"https:\/\/xstyle.md\/ro\/conditions\/\"}}]}<\/script>\n<!-- \/ Yoast SEO plugin. -->","yoast_head_json":{"title":"\u0423\u0441\u043b\u043e\u0432\u0438\u044f \u0434\u043e\u0441\u0442\u0430\u0432\u043a\u0438 \u0438 \u043e\u043f\u043b\u0430\u0442\u044b - \u041c\u0430\u0433\u0430\u0437\u0438\u043d Xstyle","robots":{"index":"index","follow":"follow","max-snippet":"max-snippet:-1","max-image-preview":"max-image-preview:large","max-video-preview":"max-video-preview:-1"},"canonical":"https:\/\/xstyle.md\/ro\/conditions\/","og_locale":"ro_RO","og_type":"article","og_title":"\u0423\u0441\u043b\u043e\u0432\u0438\u044f \u0434\u043e\u0441\u0442\u0430\u0432\u043a\u0438 \u0438 \u043e\u043f\u043b\u0430\u0442\u044b - \u041c\u0430\u0433\u0430\u0437\u0438\u043d Xstyle","og_url":"https:\/\/xstyle.md\/ro\/conditions\/","og_site_name":"\u041c\u0430\u0433\u0430\u0437\u0438\u043d Xstyle","article_publisher":"https:\/\/www.facebook.com\/xstylemd","article_modified_time":"2024-10-11T08:10:17+00:00","og_image":[{"width":1600,"height":356,"url":"https:\/\/xstyle.md\/wp-content\/uploads\/2020\/08\/livrare-centr-1.jpg","type":"image\/jpeg"}],"twitter_card":"summary_large_image","twitter_misc":{"Timp estimat pentru citire":"9 minute"},"schema":{"@context":"https:\/\/schema.org","@graph":[{"@type":"WebPage","@id":"https:\/\/xstyle.md\/conditions\/","url":"https:\/\/xstyle.md\/conditions\/","name":"\u0423\u0441\u043b\u043e\u0432\u0438\u044f \u0434\u043e\u0441\u0442\u0430\u0432\u043a\u0438 \u0438 \u043e\u043f\u043b\u0430\u0442\u044b - \u041c\u0430\u0433\u0430\u0437\u0438\u043d Xstyle","isPartOf":{"@id":"https:\/\/xstyle.md\/#website"},"primaryImageOfPage":{"@id":"https:\/\/xstyle.md\/conditions\/#primaryimage"},"image":{"@id":"https:\/\/xstyle.md\/conditions\/#primaryimage"},"thumbnailUrl":"https:\/\/xstyle.md\/wp-content\/uploads\/2020\/08\/livrare-centr-1-1440x320.jpg","datePublished":"2020-08-03T10:10:07+00:00","dateModified":"2024-10-11T08:10:17+00:00","breadcrumb":{"@id":"https:\/\/xstyle.md\/conditions\/#breadcrumb"},"inLanguage":"ro-RO","potentialAction":[{"@type":"ReadAction","target":["https:\/\/xstyle.md\/conditions\/"]}]},{"@type":"ImageObject","inLanguage":"ro-RO","@id":"https:\/\/xstyle.md\/conditions\/#primaryimage","url":"https:\/\/xstyle.md\/wp-content\/uploads\/2020\/08\/livrare-centr-1-1440x320.jpg","contentUrl":"https:\/\/xstyle.md\/wp-content\/uploads\/2020\/08\/livrare-centr-1-1440x320.jpg"},{"@type":"BreadcrumbList","@id":"https:\/\/xstyle.md\/conditions\/#breadcrumb","itemListElement":[{"@type":"ListItem","position":1,"name":"\u0413\u043b\u0430\u0432\u043d\u0430\u044f \u0441\u0442\u0440\u0430\u043d\u0438\u0446\u0430","item":"https:\/\/xstyle.md\/"},{"@type":"ListItem","position":2,"name":"\u0423\u0441\u043b\u043e\u0432\u0438\u044f \u0434\u043e\u0441\u0442\u0430\u0432\u043a\u0438 \u0438 \u043e\u043f\u043b\u0430\u0442\u044b"}]},{"@type":"WebSite","@id":"https:\/\/xstyle.md\/#website","url":"https:\/\/xstyle.md\/","name":"Magazinul X-Style","description":"Echipamente pentru turism \u0219i sporturi extreme \u00een Moldova. Pre\u021buri, fotografii, caracteristici \u00een Moldova.","publisher":{"@id":"https:\/\/xstyle.md\/#organization"},"alternateName":"X-Style","potentialAction":[{"@type":"SearchAction","target":{"@type":"EntryPoint","urlTemplate":"https:\/\/xstyle.md\/?s={search_term_string}"},"query-input":{"@type":"PropertyValueSpecification","valueRequired":true,"valueName":"search_term_string"}}],"inLanguage":"ro-RO"},{"@type":"Organization","@id":"https:\/\/xstyle.md\/#organization","name":"Magazinul X-Style","alternateName":"x-style","url":"https:\/\/xstyle.md\/","logo":{"@type":"ImageObject","inLanguage":"ro-RO","@id":"https:\/\/xstyle.md\/#\/schema\/logo\/image\/","url":"https:\/\/xstyle.md\/wp-content\/uploads\/2020\/06\/logoicon.svg","contentUrl":"https:\/\/xstyle.md\/wp-content\/uploads\/2020\/06\/logoicon.svg","caption":"\u041c\u0430\u0433\u0430\u0437\u0438\u043d Xstyle"},"image":{"@id":"https:\/\/xstyle.md\/#\/schema\/logo\/image\/"},"sameAs":["https:\/\/www.facebook.com\/xstylemd","https:\/\/www.instagram.com\/xstyle_md\/","https:\/\/t.me\/xstyle_outdoor"],"hasMerchantReturnPolicy":{"@type":"MerchantReturnPolicy","merchantReturnLink":"https:\/\/xstyle.md\/ro\/conditions\/"}}]}},"post_mailing_queue_ids":[],"_links":{"self":[{"href":"https:\/\/xstyle.md\/ro\/wp-json\/wp\/v2\/pages\/23779","targetHints":{"allow":["GET"]}}],"collection":[{"href":"https:\/\/xstyle.md\/ro\/wp-json\/wp\/v2\/pages"}],"about":[{"href":"https:\/\/xstyle.md\/ro\/wp-json\/wp\/v2\/types\/page"}],"author":[{"embeddable":true,"href":"https:\/\/xstyle.md\/ro\/wp-json\/wp\/v2\/users\/1"}],"replies":[{"embeddable":true,"href":"https:\/\/xstyle.md\/ro\/wp-json\/wp\/v2\/comments?post=23779"}],"version-history":[{"count":0,"href":"https:\/\/xstyle.md\/ro\/wp-json\/wp\/v2\/pages\/23779\/revisions"}],"wp:attachment":[{"href":"https:\/\/xstyle.md\/ro\/wp-json\/wp\/v2\/media?parent=23779"}],"curies":[{"name":"wp","href":"https:\/\/api.w.org\/{rel}","templated":true}]}}